{"id":2100,"date":"2024-03-15T15:26:30","date_gmt":"2024-03-15T14:26:30","guid":{"rendered":"https:\/\/www.echoppe-francaise.fr\/blog\/?page_id=2100"},"modified":"2026-03-10T11:33:21","modified_gmt":"2026-03-10T10:33:21","slug":"quel-cadeau-offrir-a-mon-homme","status":"publish","type":"page","link":"https:\/\/www.echoppe-francaise.fr\/blog\/quel-cadeau-offrir-a-mon-homme\/","title":{"rendered":"Quel cadeau offrir \u00e0 mon homme ?"},"content":{"rendered":"\n<figure class=\"wp-block-image\"><img decoding=\"async\" src=\"https:\/\/lh7-us.googleusercontent.com\/rMSs6kohSMhLK99UNVjI1nbmqcVw-y-Zx4FnyCqH28_i5r18uq6OEB7FtWe-etacDTvv04yuCmVnFGQLsxrXXDCRCy7jqefHkmXSjip2yJOuFKAfW9oplKIYVLRMuYZD_I4SXf8M5fUu\" alt=\"Un homme qui tient un livre dans ses mains et des cadeaux au ruban bleu devant lui.\"\/><\/figure>\n\n\n\n<p class=\"wp-block-paragraph\">Peu importe les occasions, un <a href=\"https:\/\/www.echoppe-francaise.fr\/cadeaux\">cadeau<\/a> est important. C\u2019est une marque d\u2019affection qui ravira la personne. Renforcera vos liens. Et, cr\u00e9era des souvenirs imp\u00e9rissables. Encore faut-il bien le choisir. Voici de quoi vous aider !&nbsp;<\/p>\n\n\n\n<h2 class=\"wp-block-heading\">Un cadeau \u00e9thique&nbsp;: la nouvelle tendance \u00e0 suivre<\/h2>\n\n\n\n<figure class=\"wp-block-image\"><img decoding=\"async\" src=\"https:\/\/lh7-us.googleusercontent.com\/P-hNW_G9EECMRtAXc1WkaD2CBc8bvFmtntbnNC-69ngbdkXJmknud5cQL-lItfZhKlx4wpL1ZR5C5jazm0d4ACCm0PPRJEAIafGrzZ56YTY4v6M-B2G9g1zodUpxyoNjS2s5RUYSAEfT\" alt=\"Un paquet cadeau pos\u00e9 sur une table avec un ruban marron et une fleur sur le haut.\"\/><\/figure>\n\n\n\n<p class=\"wp-block-paragraph\">Suivez la tendance. Et, choisissez un <strong>cadeau \u00e9thique<\/strong>. Pour ce faire, les caract\u00e9ristiques \u00e0 respecter&nbsp;:&nbsp;<\/p>\n\n\n\n<ul class=\"wp-block-list\">\n<li>Du <strong>made in France<\/strong>&nbsp;: pour soutenir le march\u00e9 local et les artisans pr\u00e8s de chez vous.&nbsp;<\/li>\n\n\n\n<li>Du <strong>made in Europe<\/strong> \u00e0 la rigueur&nbsp;: pour limiter vos empreintes \u00e9cologiques et ne pas importer vos cadeaux de l\u2019autre bout du monde.&nbsp;<\/li>\n\n\n\n<li>Des <strong>mat\u00e9riaux \u00e9thiques<\/strong> et de qualit\u00e9&nbsp;: gage de la durabilit\u00e9 de vos cadeaux.&nbsp;<\/li>\n<\/ul>\n\n\n\n<p class=\"wp-block-paragraph\">Sur notre boutique en ligne, discutez directement avec les <strong>artisans Fran\u00e7ais<\/strong>. Commandez des <strong>cadeaux en cuir, coton ou bois FECP<\/strong>. Le made in France est connu, dans le monde entier, pour sa qualit\u00e9 et son authenticit\u00e9.&nbsp;<\/p>\n\n\n\n<h2 class=\"wp-block-heading\">Les r\u00e8gles \u00e0 respecter pour un bon cadeau homme&nbsp;<\/h2>\n\n\n\n<figure class=\"wp-block-image\"><img decoding=\"async\" src=\"https:\/\/lh7-us.googleusercontent.com\/qVcO6tAmP8GfsDKm6PlEjqAFImyS9V5zDsMSHNzkdPpHvBZdU8i6BdpR8Vf7Vlnek61gjm6UgqQLd5vBJ_SPs1f6SCZqK_Q8h2rki5V5JCznJfxQhS07r9T4iLQ7gR_2tlm2tUW2WkHS\" alt=\"Un homme surpris de recevoir un bouquet de fleurs et une carte comme cadeau.\"\/><\/figure>\n\n\n\n<p class=\"wp-block-paragraph\">Le choix d\u2019un <strong>cadeau pour homme <\/strong>ne se fait pas au hasard. Il y a aussi des r\u00e8gles \u00e0 respecter pour \u00eatre s\u00fbr de faire plaisir&nbsp;:&nbsp;<\/p>\n\n\n\n<ul class=\"wp-block-list\">\n<li>Un accessoire qui dure <strong>plusieurs ann\u00e9es<\/strong><\/li>\n\n\n\n<li>Un <strong>cadeau utile<\/strong> qu\u2019il ou elle pourra utiliser pour ses passions ou dans sa vie de tous les jours<\/li>\n\n\n\n<li>De pr\u00e9f\u00e9rence, un cadeau <strong>personnalis\u00e9<\/strong> afin de lui donner le sentiment d\u2019\u00eatre unique et important.&nbsp;<\/li>\n\n\n\n<li>Un cadeau qui <strong>touchera au c\u0153ur<\/strong>&nbsp;: il doit provoquer de la joie, de l\u2019\u00e9tonnement, du bonheur, de l\u2019amour, etc.&nbsp;<\/li>\n\n\n\n<li>Un <strong>cadeau pour homme ou unisexe<\/strong> qu\u2019il n\u2019aura pas de mal \u00e0 utiliser.<\/li>\n<\/ul>\n\n\n\n<p class=\"wp-block-paragraph\">Exit donc les chocolats ou les boissons. Ils fonctionnent pour les petites f\u00eates. Mais, ils ne durent pas assez longtemps pour faire un <strong>bon cadeau<\/strong>. Pr\u00e9f\u00e9rez les&nbsp;:&nbsp;<\/p>\n\n\n\n<ul class=\"wp-block-list\">\n<li>Accessoires de mode<\/li>\n\n\n\n<li>Articles de d\u00e9co<\/li>\n\n\n\n<li>Bijoux<\/li>\n\n\n\n<li>Carte de v\u0153ux<\/li>\n\n\n\n<li>Jeux<\/li>\n\n\n\n<li>Articles de maroquinerie, etc.&nbsp;<\/li>\n<\/ul>\n\n\n\n<h2 class=\"wp-block-heading\">Les diff\u00e9rentes propositions de l\u2019Echoppe Fran\u00e7aise pour vos cadeaux hommes&nbsp;<\/h2>\n\n\n\n<p class=\"wp-block-paragraph\">Faites un tour sur notre boutique en ligne. Et, vous trouverez votre bonheur en quelques clics. Voici nos suggestions de <strong>cadeaux homme.&nbsp;<\/strong><\/p>\n\n\n\n<h3 class=\"wp-block-heading\">Des accessoires de mode pour homme<\/h3>\n\n\n\n<figure class=\"wp-block-image\"><img decoding=\"async\" src=\"https:\/\/lh7-us.googleusercontent.com\/gxdD0bLd_7Nuiuy5lTu2gIrBRg2zr6JJ_Qipc7A_vWDqkx8JGRNrLNfEklrlBnUciXkB-Oygwfqlo0d7de93GO84EHSBTTCXXjlgOj9_uRRPuHu3ciNdO8XbFSSIOjAwtN4rBA0jGhjy\" alt=\"Un noeud papillon en tissu avec des motifs de fleurs color\u00e9s.\"\/><\/figure>\n\n\n\n<p class=\"wp-block-paragraph\">Achetez un n\u0153ud papillon styl\u00e9. Vous avez le choix entre le mod\u00e8le&nbsp;:&nbsp;<\/p>\n\n\n\n<ul class=\"wp-block-list\">\n<li>en <strong>bois,<\/strong><\/li>\n\n\n\n<li><strong>en coton,&nbsp;<\/strong><\/li>\n\n\n\n<li><strong>ou en Plexiglass<\/strong>,&nbsp;<\/li>\n<\/ul>\n\n\n\n<p class=\"wp-block-paragraph\">Chacun est disponible en <strong>diff\u00e9rentes tailles et formes<\/strong> pour un look personnalis\u00e9. Sortez des n\u0153uds papillons classiques en tissu. Pr\u00e9f\u00e9rez les mod\u00e8les en forme de fleurs styl\u00e9s et modernes. Vous \u00e9tonnerez la star de la journ\u00e9e.&nbsp;<\/p>\n\n\n\n<h3 class=\"wp-block-heading\">Des cadeaux de d\u00e9coration unisexe pour faire plaisir \u00e0 votre homme le jour de sa f\u00eate<\/h3>\n\n\n\n<figure class=\"wp-block-image\"><img decoding=\"async\" src=\"https:\/\/lh7-us.googleusercontent.com\/SvkaDJvlNuOgIk0sv6crJUSHwdgDf6xn5WM5fWU84pnj2S_kZ_mWWai38GN6FrMVV18L6wv42Xx28DFQOWsSsCOd0aXF8gqeSc18Aj0XVYOqFbDwtOAqO6sftYMGcJTiS4xON0m_VURG\" alt=\"Une lampe de table en bois de couleur dor\u00e9 et de forme design.\"\/><\/figure>\n\n\n\n<p class=\"wp-block-paragraph\">Sinon, optez pour des accessoires de d\u00e9coration. Et, aidez-le \u00e0 parfaire l\u2019am\u00e9nagement d\u2019un appartement ou maison. Sur notre site, choisissez&nbsp;:&nbsp;<\/p>\n\n\n\n<ul class=\"wp-block-list\">\n<li>Des <strong>lampes ou des appliques<\/strong> de formes esth\u00e9tiques&nbsp;<\/li>\n<\/ul>\n\n\n\n<ul class=\"wp-block-list\">\n<li>Des <strong>plateaux sous-verres color\u00e9<\/strong> pour celui qui aiment recevoir<\/li>\n\n\n\n<li>Un <strong>organisateur de courrier<\/strong> pour un cadeau pratique<\/li>\n\n\n\n<li>Un <strong>cache-pot en bois<\/strong> pour les amateurs de jardinage et de plante d\u2019int\u00e9rieur<\/li>\n\n\n\n<li>Des <strong>vide-poches<\/strong> g\u00e9om\u00e9triques en bois pour faire office de rangement dans le hall d\u2019entr\u00e9e<\/li>\n<\/ul>\n\n\n\n<h3 class=\"wp-block-heading\">Une lani\u00e8re pour son casque de moto ou son appareil photo<\/h3>\n\n\n\n<figure class=\"wp-block-image\"><img decoding=\"async\" src=\"https:\/\/lh7-us.googleusercontent.com\/Nq5P-XZag5UxIfLyaQEXFt_mPJHVgQACwSfmHQL2FFbHh4jOj8TFBzYYyb9FVMfEPhK5f_7a76d6xh5JjxtCXKYHvaOklL9eNkdbM8_rVpZcp476VyvP_0bUa1_-8UWgc8B0joTEdosu\" alt=\"Un homme qui porte un casque de moto en bandouli\u00e8re avec une sangle de couleur gris.\"\/><\/figure>\n\n\n\n<p class=\"wp-block-paragraph\">A la recherche d\u2019un <strong>cadeau utile&nbsp;<\/strong>? On vous conseille la <strong>sangle<\/strong>. C\u2019est le nouvel accessoire \u00e0 la mode pour le transport d\u2019un casque de moto ou d\u2019appareil photo. Nous vous proposons deux grandes sortes&nbsp;:&nbsp;<\/p>\n\n\n\n<ul class=\"wp-block-list\">\n<li>Longue lani\u00e8re \u00e0 porter autour du cou ou <strong>en bandouli\u00e8re<\/strong><\/li>\n\n\n\n<li><strong>Sangle compact<\/strong> \u00e0 mettre de la poign\u00e9e pour les appareils photos uniquement.&nbsp;<\/li>\n<\/ul>\n\n\n\n<p class=\"wp-block-paragraph\">Ces accessoires sont disponibles en diff\u00e9rentes <strong>couleurs, avec ou sans motifs<\/strong>. Choisissez selon ses go\u00fbts et les v\u00f4tres. Autant payer pour un article qui vous plaise aussi.&nbsp;<\/p>\n\n\n\n<h3 class=\"wp-block-heading\">Une trousse aux motifs scandinaves ou tropicaux<\/h3>\n\n\n\n<figure class=\"wp-block-image\"><img decoding=\"async\" src=\"https:\/\/lh7-us.googleusercontent.com\/aNt0RmiE5IqUPKFy-1krXGuecbYZQ-EZI0yOyljLuqmkpEBRmFaUbL7uvejJRCghPpdlPVyBpC2WKN87ac5TbXPOzChy4Ic7xUxc31SSgpH-SFhvdfUtB1UH_Oxx-AC-MyMhdmBuZwTv\" alt=\"Une pochette en noir et blanc avec des motifs en damier.\"\/><\/figure>\n\n\n\n<p class=\"wp-block-paragraph\">La <strong>trousse en coton<\/strong> est aussi une excellente proposition. Pour un cadeau homme, vous avez les motifs scandinaves ou tropicaux. Les couleurs vont du <strong>noir et blanc <\/strong>au blanc et bleu ou vert et blanc.<\/p>\n\n\n\n<p class=\"wp-block-paragraph\">Dans tous les cas, vous aurez un accessoire pratique&nbsp;:&nbsp;<\/p>\n\n\n\n<ul class=\"wp-block-list\">\n<li>Pour transporter des affaires pendant les voyages ou les journ\u00e9es de travail<\/li>\n\n\n\n<li>Pour le rangement de certains accessoires<\/li>\n<\/ul>\n\n\n\n<h3 class=\"wp-block-heading\">Un bracelet fin comme marque d\u2019attention<\/h3>\n\n\n\n<figure class=\"wp-block-image\"><img decoding=\"async\" src=\"https:\/\/lh7-us.googleusercontent.com\/XsJNdkpOK2xebfkPnuQQCHwvFdZqmEXCNfJYw81HGcpBRSsYeW_CdHA-CEAnR5vVJckere3VFw6C2Hrit8EPZWYUf-p-ZiyCu7eerSqhrEBCeqcjZB0aRBNZOPKZ1sy7fuxZD1Yxos9j\" alt=\"Un bracelet en cuir pour homme.\"\/><\/figure>\n\n\n\n<p class=\"wp-block-paragraph\">Prouver votre affection le jour de la f\u00eate de votre homme avec un <strong>bijou<\/strong>. Tel est le cas du bracelet fin d\u2019artisan fran\u00e7ais. Sur notre site, les choix se d\u00e9clinent entre&nbsp;:&nbsp;<\/p>\n\n\n\n<ul class=\"wp-block-list\">\n<li>Bracelet en <strong>jonc<\/strong> chic et passe-partout<\/li>\n\n\n\n<li>Accessoire en <strong>perle de verre japonais<\/strong> plus original<\/li>\n\n\n\n<li>Bracelet en <strong>cuir<\/strong> classique&nbsp;<\/li>\n<\/ul>\n\n\n\n<p class=\"wp-block-paragraph\">Adaptez votre cadeau homme en fonction de ses go\u00fbts et de ses besoins. Faites un tour dans sa garde-robe. Et, vous serez s\u00fbr du <strong>style, de la taille et m\u00eame des couleurs<\/strong> \u00e0 acheter.&nbsp; Vous passerez facilement commande sur notre boutique en ligne.&nbsp;<\/p>\n\n\n\n<h3 class=\"wp-block-heading\">A la recherche du meilleur cadeau pour un \u00eatre cher&nbsp;? Trouvez tous nos conseils et suggestions sur nos autres contenus&nbsp;:&nbsp;<\/h3>\n\n\n\n<ul class=\"wp-block-list\">\n<li><a href=\"https:\/\/www.echoppe-francaise.fr\/blog\/quel-cadeau-pour-ma-femme\/\">Quel cadeau offrir ma femme ?&nbsp;<\/a><\/li>\n\n\n\n<li><a href=\"https:\/\/www.echoppe-francaise.fr\/blog\/quel-cadeau-enfant-selon-age\/\">Quel cadeau offrir \u00e0 un enfant selon son \u00e2ge ?&nbsp;<\/a><\/li>\n\n\n\n<li><a href=\"https:\/\/www.echoppe-francaise.fr\/blog\/quel-cadeau-enfant\/\">Des id\u00e9es de cadeau \u00e0 offrir \u00e0 mon enfant<\/a><\/li>\n\n\n\n<li><a href=\"https:\/\/www.echoppe-francaise.fr\/blog\/cadeau-de-naissance-trouver-le-cadeau-ideal-a-offrir-a-un-bebe-et-ses-parents\/\">Quel cadeau de naissance faire ?<\/a><\/li>\n\n\n\n<li><a href=\"https:\/\/www.echoppe-francaise.fr\/blog\/quel-cadeau-fille\/\">Quel cadeau pour faire plaisir \u00e0 ma fille ?<\/a><\/li>\n\n\n\n<li><a href=\"https:\/\/www.echoppe-francaise.fr\/blog\/quel-cadeau-neveu\/\">Quel cadeau pour faire plaisir \u00e0 mon neveu ?<\/a><\/li>\n\n\n\n<li><a href=\"https:\/\/www.echoppe-francaise.fr\/blog\/quel-cadeau-niece\/\">Quel cadeau faire \u00e0 votre ni\u00e8ce ?<\/a><\/li>\n<\/ul>\n","protected":false},"excerpt":{"rendered":"<p>Peu importe les occasions, un cadeau est important. C\u2019est une marque d\u2019affection qui ravira la personne. Renforcera vos liens. Et, cr\u00e9era des souvenirs imp\u00e9rissables. Encore faut-il bien le choisir. Voici de quoi vous aider !&nbsp; Un cadeau \u00e9thique&nbsp;: la nouvelle tendance \u00e0 suivre Suivez la tendance. Et, choisissez un cadeau \u00e9thique. Pour ce faire, les&hellip;&nbsp;<\/p>\n","protected":false},"author":6,"featured_media":0,"parent":0,"menu_order":0,"comment_status":"closed","ping_status":"closed","template":"","meta":{"_crdt_document":"","neve_meta_sidebar":"","neve_meta_container":"","neve_meta_enable_content_width":"","neve_meta_content_width":0,"neve_meta_title_alignment":"","neve_meta_author_avatar":"","neve_post_elements_order":"","neve_meta_disable_header":"","neve_meta_disable_footer":"","neve_meta_disable_title":"","footnotes":""},"class_list":["post-2100","page","type-page","status-publish","hentry"],"yoast_head":"<!-- This site is optimized with the Yoast SEO plugin v27.5 - https:\/\/yoast.com\/product\/yoast-seo-wordpress\/ -->\n<title>Comment trouver le meilleur cadeau \u00e0 offrir \u00e0 mon homme ?<\/title>\n<meta name=\"description\" content=\"LIsez notre article pour des conseils et des id\u00e9es de cadeau \u00e0 offrir \u00e0 votre homme pour lui faire plaisir.\" \/>\n<meta name=\"robots\" content=\"index, follow, max-snippet:-1, max-image-preview:large, max-video-preview:-1\" \/>\n<link rel=\"canonical\" href=\"https:\/\/www.echoppe-francaise.fr\/blog\/quel-cadeau-offrir-a-mon-homme\/\" \/>\n<meta property=\"og:locale\" content=\"fr_FR\" \/>\n<meta property=\"og:type\" content=\"article\" \/>\n<meta property=\"og:title\" content=\"Comment trouver le meilleur cadeau \u00e0 offrir \u00e0 mon homme ?\" \/>\n<meta property=\"og:description\" content=\"LIsez notre article pour des conseils et des id\u00e9es de cadeau \u00e0 offrir \u00e0 votre homme pour lui faire plaisir.\" \/>\n<meta property=\"og:url\" content=\"https:\/\/www.echoppe-francaise.fr\/blog\/quel-cadeau-offrir-a-mon-homme\/\" \/>\n<meta property=\"og:site_name\" content=\"\u00c9choppe Fran\u00e7aise, le Blog\" \/>\n<meta property=\"article:modified_time\" content=\"2026-03-10T10:33:21+00:00\" \/>\n<meta property=\"og:image\" content=\"https:\/\/lh7-us.googleusercontent.com\/rMSs6kohSMhLK99UNVjI1nbmqcVw-y-Zx4FnyCqH28_i5r18uq6OEB7FtWe-etacDTvv04yuCmVnFGQLsxrXXDCRCy7jqefHkmXSjip2yJOuFKAfW9oplKIYVLRMuYZD_I4SXf8M5fUu\" \/>\n<meta name=\"twitter:card\" content=\"summary_large_image\" \/>\n<meta name=\"twitter:label1\" content=\"Dur\u00e9e de lecture estim\u00e9e\" \/>\n\t<meta name=\"twitter:data1\" content=\"6 minutes\" \/>\n<script type=\"application\/ld+json\" class=\"yoast-schema-graph\">{\"@context\":\"https:\\\/\\\/schema.org\",\"@graph\":[{\"@type\":\"WebPage\",\"@id\":\"https:\\\/\\\/www.echoppe-francaise.fr\\\/blog\\\/quel-cadeau-offrir-a-mon-homme\\\/\",\"url\":\"https:\\\/\\\/www.echoppe-francaise.fr\\\/blog\\\/quel-cadeau-offrir-a-mon-homme\\\/\",\"name\":\"Comment trouver le meilleur cadeau \u00e0 offrir \u00e0 mon homme ?\",\"isPartOf\":{\"@id\":\"https:\\\/\\\/www.echoppe-francaise.fr\\\/blog\\\/#website\"},\"primaryImageOfPage\":{\"@id\":\"https:\\\/\\\/www.echoppe-francaise.fr\\\/blog\\\/quel-cadeau-offrir-a-mon-homme\\\/#primaryimage\"},\"image\":{\"@id\":\"https:\\\/\\\/www.echoppe-francaise.fr\\\/blog\\\/quel-cadeau-offrir-a-mon-homme\\\/#primaryimage\"},\"thumbnailUrl\":\"https:\\\/\\\/lh7-us.googleusercontent.com\\\/rMSs6kohSMhLK99UNVjI1nbmqcVw-y-Zx4FnyCqH28_i5r18uq6OEB7FtWe-etacDTvv04yuCmVnFGQLsxrXXDCRCy7jqefHkmXSjip2yJOuFKAfW9oplKIYVLRMuYZD_I4SXf8M5fUu\",\"datePublished\":\"2024-03-15T14:26:30+00:00\",\"dateModified\":\"2026-03-10T10:33:21+00:00\",\"description\":\"LIsez notre article pour des conseils et des id\u00e9es de cadeau \u00e0 offrir \u00e0 votre homme pour lui faire plaisir.\",\"breadcrumb\":{\"@id\":\"https:\\\/\\\/www.echoppe-francaise.fr\\\/blog\\\/quel-cadeau-offrir-a-mon-homme\\\/#breadcrumb\"},\"inLanguage\":\"fr-FR\",\"potentialAction\":[{\"@type\":\"ReadAction\",\"target\":[\"https:\\\/\\\/www.echoppe-francaise.fr\\\/blog\\\/quel-cadeau-offrir-a-mon-homme\\\/\"]}]},{\"@type\":\"ImageObject\",\"inLanguage\":\"fr-FR\",\"@id\":\"https:\\\/\\\/www.echoppe-francaise.fr\\\/blog\\\/quel-cadeau-offrir-a-mon-homme\\\/#primaryimage\",\"url\":\"https:\\\/\\\/lh7-us.googleusercontent.com\\\/rMSs6kohSMhLK99UNVjI1nbmqcVw-y-Zx4FnyCqH28_i5r18uq6OEB7FtWe-etacDTvv04yuCmVnFGQLsxrXXDCRCy7jqefHkmXSjip2yJOuFKAfW9oplKIYVLRMuYZD_I4SXf8M5fUu\",\"contentUrl\":\"https:\\\/\\\/lh7-us.googleusercontent.com\\\/rMSs6kohSMhLK99UNVjI1nbmqcVw-y-Zx4FnyCqH28_i5r18uq6OEB7FtWe-etacDTvv04yuCmVnFGQLsxrXXDCRCy7jqefHkmXSjip2yJOuFKAfW9oplKIYVLRMuYZD_I4SXf8M5fUu\"},{\"@type\":\"BreadcrumbList\",\"@id\":\"https:\\\/\\\/www.echoppe-francaise.fr\\\/blog\\\/quel-cadeau-offrir-a-mon-homme\\\/#breadcrumb\",\"itemListElement\":[{\"@type\":\"ListItem\",\"position\":1,\"name\":\"Accueil\",\"item\":\"https:\\\/\\\/www.echoppe-francaise.fr\\\/blog\\\/\"},{\"@type\":\"ListItem\",\"position\":2,\"name\":\"Quel cadeau offrir \u00e0 mon homme ?\"}]},{\"@type\":\"WebSite\",\"@id\":\"https:\\\/\\\/www.echoppe-francaise.fr\\\/blog\\\/#website\",\"url\":\"https:\\\/\\\/www.echoppe-francaise.fr\\\/blog\\\/\",\"name\":\"\u00c9choppe Fran\u00e7aise, le Blog\",\"description\":\"Le blog des Cr\u00e9atrices et Cr\u00e9ateurs fran\u00e7ais\",\"publisher\":{\"@id\":\"https:\\\/\\\/www.echoppe-francaise.fr\\\/blog\\\/#organization\"},\"potentialAction\":[{\"@type\":\"SearchAction\",\"target\":{\"@type\":\"EntryPoint\",\"urlTemplate\":\"https:\\\/\\\/www.echoppe-francaise.fr\\\/blog\\\/?s={search_term_string}\"},\"query-input\":{\"@type\":\"PropertyValueSpecification\",\"valueRequired\":true,\"valueName\":\"search_term_string\"}}],\"inLanguage\":\"fr-FR\"},{\"@type\":\"Organization\",\"@id\":\"https:\\\/\\\/www.echoppe-francaise.fr\\\/blog\\\/#organization\",\"name\":\"L'\u00e9choppe Fran\u00e7aise\",\"url\":\"https:\\\/\\\/www.echoppe-francaise.fr\\\/blog\\\/\",\"logo\":{\"@type\":\"ImageObject\",\"inLanguage\":\"fr-FR\",\"@id\":\"https:\\\/\\\/www.echoppe-francaise.fr\\\/blog\\\/#\\\/schema\\\/logo\\\/image\\\/\",\"url\":\"https:\\\/\\\/www.echoppe-francaise.fr\\\/blog\\\/wp-content\\\/uploads\\\/2017\\\/04\\\/echoppe-francaise-logo-1489412704.png\",\"contentUrl\":\"https:\\\/\\\/www.echoppe-francaise.fr\\\/blog\\\/wp-content\\\/uploads\\\/2017\\\/04\\\/echoppe-francaise-logo-1489412704.png\",\"width\":492,\"height\":270,\"caption\":\"L'\u00e9choppe Fran\u00e7aise\"},\"image\":{\"@id\":\"https:\\\/\\\/www.echoppe-francaise.fr\\\/blog\\\/#\\\/schema\\\/logo\\\/image\\\/\"}}]}<\/script>\n<!-- \/ Yoast SEO plugin. -->","yoast_head_json":{"title":"Comment trouver le meilleur cadeau \u00e0 offrir \u00e0 mon homme ?","description":"LIsez notre article pour des conseils et des id\u00e9es de cadeau \u00e0 offrir \u00e0 votre homme pour lui faire plaisir.","robots":{"index":"index","follow":"follow","max-snippet":"max-snippet:-1","max-image-preview":"max-image-preview:large","max-video-preview":"max-video-preview:-1"},"canonical":"https:\/\/www.echoppe-francaise.fr\/blog\/quel-cadeau-offrir-a-mon-homme\/","og_locale":"fr_FR","og_type":"article","og_title":"Comment trouver le meilleur cadeau \u00e0 offrir \u00e0 mon homme ?","og_description":"LIsez notre article pour des conseils et des id\u00e9es de cadeau \u00e0 offrir \u00e0 votre homme pour lui faire plaisir.","og_url":"https:\/\/www.echoppe-francaise.fr\/blog\/quel-cadeau-offrir-a-mon-homme\/","og_site_name":"\u00c9choppe Fran\u00e7aise, le Blog","article_modified_time":"2026-03-10T10:33:21+00:00","og_image":[{"url":"https:\/\/lh7-us.googleusercontent.com\/rMSs6kohSMhLK99UNVjI1nbmqcVw-y-Zx4FnyCqH28_i5r18uq6OEB7FtWe-etacDTvv04yuCmVnFGQLsxrXXDCRCy7jqefHkmXSjip2yJOuFKAfW9oplKIYVLRMuYZD_I4SXf8M5fUu","type":"","width":"","height":""}],"twitter_card":"summary_large_image","twitter_misc":{"Dur\u00e9e de lecture estim\u00e9e":"6 minutes"},"schema":{"@context":"https:\/\/schema.org","@graph":[{"@type":"WebPage","@id":"https:\/\/www.echoppe-francaise.fr\/blog\/quel-cadeau-offrir-a-mon-homme\/","url":"https:\/\/www.echoppe-francaise.fr\/blog\/quel-cadeau-offrir-a-mon-homme\/","name":"Comment trouver le meilleur cadeau \u00e0 offrir \u00e0 mon homme ?","isPartOf":{"@id":"https:\/\/www.echoppe-francaise.fr\/blog\/#website"},"primaryImageOfPage":{"@id":"https:\/\/www.echoppe-francaise.fr\/blog\/quel-cadeau-offrir-a-mon-homme\/#primaryimage"},"image":{"@id":"https:\/\/www.echoppe-francaise.fr\/blog\/quel-cadeau-offrir-a-mon-homme\/#primaryimage"},"thumbnailUrl":"https:\/\/lh7-us.googleusercontent.com\/rMSs6kohSMhLK99UNVjI1nbmqcVw-y-Zx4FnyCqH28_i5r18uq6OEB7FtWe-etacDTvv04yuCmVnFGQLsxrXXDCRCy7jqefHkmXSjip2yJOuFKAfW9oplKIYVLRMuYZD_I4SXf8M5fUu","datePublished":"2024-03-15T14:26:30+00:00","dateModified":"2026-03-10T10:33:21+00:00","description":"LIsez notre article pour des conseils et des id\u00e9es de cadeau \u00e0 offrir \u00e0 votre homme pour lui faire plaisir.","breadcrumb":{"@id":"https:\/\/www.echoppe-francaise.fr\/blog\/quel-cadeau-offrir-a-mon-homme\/#breadcrumb"},"inLanguage":"fr-FR","potentialAction":[{"@type":"ReadAction","target":["https:\/\/www.echoppe-francaise.fr\/blog\/quel-cadeau-offrir-a-mon-homme\/"]}]},{"@type":"ImageObject","inLanguage":"fr-FR","@id":"https:\/\/www.echoppe-francaise.fr\/blog\/quel-cadeau-offrir-a-mon-homme\/#primaryimage","url":"https:\/\/lh7-us.googleusercontent.com\/rMSs6kohSMhLK99UNVjI1nbmqcVw-y-Zx4FnyCqH28_i5r18uq6OEB7FtWe-etacDTvv04yuCmVnFGQLsxrXXDCRCy7jqefHkmXSjip2yJOuFKAfW9oplKIYVLRMuYZD_I4SXf8M5fUu","contentUrl":"https:\/\/lh7-us.googleusercontent.com\/rMSs6kohSMhLK99UNVjI1nbmqcVw-y-Zx4FnyCqH28_i5r18uq6OEB7FtWe-etacDTvv04yuCmVnFGQLsxrXXDCRCy7jqefHkmXSjip2yJOuFKAfW9oplKIYVLRMuYZD_I4SXf8M5fUu"},{"@type":"BreadcrumbList","@id":"https:\/\/www.echoppe-francaise.fr\/blog\/quel-cadeau-offrir-a-mon-homme\/#breadcrumb","itemListElement":[{"@type":"ListItem","position":1,"name":"Accueil","item":"https:\/\/www.echoppe-francaise.fr\/blog\/"},{"@type":"ListItem","position":2,"name":"Quel cadeau offrir \u00e0 mon homme ?"}]},{"@type":"WebSite","@id":"https:\/\/www.echoppe-francaise.fr\/blog\/#website","url":"https:\/\/www.echoppe-francaise.fr\/blog\/","name":"\u00c9choppe Fran\u00e7aise, le Blog","description":"Le blog des Cr\u00e9atrices et Cr\u00e9ateurs fran\u00e7ais","publisher":{"@id":"https:\/\/www.echoppe-francaise.fr\/blog\/#organization"},"potentialAction":[{"@type":"SearchAction","target":{"@type":"EntryPoint","urlTemplate":"https:\/\/www.echoppe-francaise.fr\/blog\/?s={search_term_string}"},"query-input":{"@type":"PropertyValueSpecification","valueRequired":true,"valueName":"search_term_string"}}],"inLanguage":"fr-FR"},{"@type":"Organization","@id":"https:\/\/www.echoppe-francaise.fr\/blog\/#organization","name":"L'\u00e9choppe Fran\u00e7aise","url":"https:\/\/www.echoppe-francaise.fr\/blog\/","logo":{"@type":"ImageObject","inLanguage":"fr-FR","@id":"https:\/\/www.echoppe-francaise.fr\/blog\/#\/schema\/logo\/image\/","url":"https:\/\/www.echoppe-francaise.fr\/blog\/wp-content\/uploads\/2017\/04\/echoppe-francaise-logo-1489412704.png","contentUrl":"https:\/\/www.echoppe-francaise.fr\/blog\/wp-content\/uploads\/2017\/04\/echoppe-francaise-logo-1489412704.png","width":492,"height":270,"caption":"L'\u00e9choppe Fran\u00e7aise"},"image":{"@id":"https:\/\/www.echoppe-francaise.fr\/blog\/#\/schema\/logo\/image\/"}}]}},"_links":{"self":[{"href":"https:\/\/www.echoppe-francaise.fr\/blog\/wp-json\/wp\/v2\/pages\/2100","targetHints":{"allow":["GET"]}}],"collection":[{"href":"https:\/\/www.echoppe-francaise.fr\/blog\/wp-json\/wp\/v2\/pages"}],"about":[{"href":"https:\/\/www.echoppe-francaise.fr\/blog\/wp-json\/wp\/v2\/types\/page"}],"author":[{"embeddable":true,"href":"https:\/\/www.echoppe-francaise.fr\/blog\/wp-json\/wp\/v2\/users\/6"}],"replies":[{"embeddable":true,"href":"https:\/\/www.echoppe-francaise.fr\/blog\/wp-json\/wp\/v2\/comments?post=2100"}],"version-history":[{"count":7,"href":"https:\/\/www.echoppe-francaise.fr\/blog\/wp-json\/wp\/v2\/pages\/2100\/revisions"}],"predecessor-version":[{"id":2386,"href":"https:\/\/www.echoppe-francaise.fr\/blog\/wp-json\/wp\/v2\/pages\/2100\/revisions\/2386"}],"wp:attachment":[{"href":"https:\/\/www.echoppe-francaise.fr\/blog\/wp-json\/wp\/v2\/media?parent=2100"}],"curies":[{"name":"wp","href":"https:\/\/api.w.org\/{rel}","templated":true}]}}