{"id":2094,"date":"2024-03-15T15:37:58","date_gmt":"2024-03-15T14:37:58","guid":{"rendered":"https:\/\/www.echoppe-francaise.fr\/blog\/?page_id=2094"},"modified":"2026-01-20T12:16:15","modified_gmt":"2026-01-20T11:16:15","slug":"des-idees-de-cadeaux-a-offrir-a-mon-enfant","status":"publish","type":"page","link":"https:\/\/www.echoppe-francaise.fr\/blog\/quel-cadeau-enfant\/","title":{"rendered":"Des id\u00e9es de cadeaux \u00e0 offrir \u00e0 mon enfant"},"content":{"rendered":"\n<figure class=\"wp-block-image\"><img decoding=\"async\" src=\"https:\/\/lh7-us.googleusercontent.com\/2r4fk4V8WX-C_9mvzF2vbPfGMCQMIqlEZQ1sggVFoiC8dcqITFWqX7GW9U7lO6o5K5fEAP8Bi6t9hmlVKxeDbAM3xWvQQwTsP_AutJXFP67khWY4g3LpxRWHwZ4BfjrHC9Op4QHR_h9r\" alt=\"Une petite fille souriante en ouvrant son cadeau entour\u00e9 de ballon et de confetis.\"\/><\/figure>\n\n\n\n<p class=\"wp-block-paragraph\">Anniversaire ou No\u00ebl, bapt\u00eame, etc.\u00a0: Il y a plusieurs occasions pour f\u00eater les enfants. Chacune m\u00e9rite un cadeau sp\u00e9cial. Ce sera un souvenir. Mais, c\u2019est surtout pour renforcer vos liens. Reste \u00e0 trouver le bon <strong><a href=\"https:\/\/www.echoppe-francaise.fr\/accessoires-bebe\">cadeau \u00e0 offrir \u00e0 votre enfant<\/a><\/strong>. Quelques id\u00e9es pour vous inspirer.\u00a0<\/p>\n\n\n\n<h2 class=\"wp-block-heading\">Les jouets&nbsp;: un c\u00f4t\u00e9 ludique qui s\u00e9duira les petits<\/h2>\n\n\n\n<figure class=\"wp-block-image\"><img decoding=\"async\" src=\"https:\/\/lh7-us.googleusercontent.com\/BkGV9f7SOVYzRaHGkflpPm4u86oHBgTyHwzWQg03lsK95imkIeNcIkYrKqpT3pS00InR9OFw8SwCYMBTEaC3Ym8eRASnO3ClKZBprjUkZtCj1UwytnaAAMGmgbpXna9o-KqNACTCcTcz\" alt=\"Un pett gar\u00e7on heureux d'avoir re\u00e7u des jouets pour No\u00ebl.\"\/><\/figure>\n\n\n\n<p class=\"wp-block-paragraph\">En premier&nbsp;: les <strong>jouets<\/strong>. Il n\u2019y a rien de tel que ce c\u00f4t\u00e9 ludique pour leur faire plaisir. Les jouets sont parfaits pour les amuser et occuper leur temps. Adaptez le jeu \u00e0 l\u2019\u00e2ge de l\u2019enfant. Il captera mieux son attention.&nbsp;<\/p>\n\n\n\n<p class=\"wp-block-paragraph\">Pr\u00e9f\u00e9rez les jouets \u00e0 partager. Vous l\u2019aiderez \u00e0 se <strong>sociabiliser<\/strong>. Et, cela cr\u00e9era une animation pendant la f\u00eate.&nbsp;<\/p>\n\n\n\n<h2 class=\"wp-block-heading\">Des accessoires \u00e9ducatifs&nbsp;: pour faire plaisir aux enfants et vous aider dans leur \u00e9ducation<\/h2>\n\n\n\n<figure class=\"wp-block-image\"><img decoding=\"async\" src=\"https:\/\/lh7-us.googleusercontent.com\/V-IsIDpD-4CfiBqJNc1BIh-sZ71_CLu9LAmmahWlhl3nzW7xo6RfuP37JP7WJCMjlqrezWP1bHb5ZT1YNAU5COeBc-_gE4tGfKF0P3xP006IZglm6mbNlJi0jfX7LlyGzF_KhW8r4ze1\" alt=\"Une jeune fille qui s'amuse avec un jeu de construction en plastique.\"\/><\/figure>\n\n\n\n<p class=\"wp-block-paragraph\">Faites-vous plaisir par la m\u00eame occasion. Pour le <strong>cadeau d\u2019anniversaire de votre enfant<\/strong>&nbsp;? Choisissez les accessoires \u00e9ducatifs. Ils ont toujours un c\u00f4t\u00e9 ludique. Mais, ils aident dans le d\u00e9veloppement du petit&nbsp;: intellectuel ou physique.&nbsp;<\/p>\n\n\n\n<p class=\"wp-block-paragraph\">Choisissez un cadeau adapt\u00e9 \u00e0 son <strong>\u00e2ge<\/strong>. Les difficult\u00e9s doivent \u00eatre \u00e0 la port\u00e9e de ses capacit\u00e9s pour les s\u00e9duire&nbsp;:&nbsp;<\/p>\n\n\n\n<ul class=\"wp-block-list\">\n<li>Les <strong>formes et les couleurs<\/strong> pour les tous petits<\/li>\n\n\n\n<li>Les <strong>jeux de construction<\/strong>&nbsp;<\/li>\n\n\n\n<li>Les <strong>\u00e9nigmes et les puzzles<\/strong><\/li>\n\n\n\n<li>Les <strong>jeux d\u2019imitation<\/strong> pour les plus grands<\/li>\n<\/ul>\n\n\n\n<h2 class=\"wp-block-heading\">Les jouets en bois&nbsp;: une nouvelle tendance \u00e0 suivre pour provoquer la joie chez les petits<\/h2>\n\n\n\n<figure class=\"wp-block-image\"><img decoding=\"async\" src=\"https:\/\/lh7-us.googleusercontent.com\/e2LIYKmwtcFE38TRjGh4HoqOb-kzTsOUK7e1RB_Jg7f4bKQdWDMBoZYEjAOoiQvMevEM9jGBz-ZsGB7lY8uadv7CWiQU2E6J-GFsZUbJTKD81OYa6K1Io_XFnU3-aTOp4Wly3cEnSqr7\" alt=\"deux enfants qui jouent sur le sol avec des jouets en bois. \"\/><\/figure>\n\n\n\n<p class=\"wp-block-paragraph\">Suivez aussi la tendance des <strong>jouets en bois<\/strong>. C\u2019est \u00e9thique. Mais, cela restera ludique. Et, ces accessoires durent plus longtemps. De quoi minimiser le gaspillage et les d\u00e9chets. Et, ce sera une activit\u00e9 \u00e0 partager avec lui. C\u2019est parfait pour cr\u00e9er des liens.&nbsp;<\/p>\n\n\n\n<p class=\"wp-block-paragraph\">Faites appel \u00e0 des cr\u00e9ateurs fran\u00e7ais pour trouver le cadeau id\u00e9al. Par exemple sur l\u2019\u00c9choppe Fran\u00e7aise. Vous avez la cr\u00e9atrice du <strong>jeu Pilto<\/strong>. C\u2019est la nouvelle tendance des jeux en bois made in France. Le principe est le m\u00eame que pour la p\u00e9tanque. Mais, il s\u2019agit de jeter des briques en bois pour cumuler des points. C\u2019est le genre de passe-temps adapt\u00e9s aux petits et aux grands. Un cadeau id\u00e9al pour No\u00ebl ou pour un anniversaire.<\/p>\n\n\n\n<h2 class=\"wp-block-heading\">Osez les accessoires de mode pour faire plaisir aux enfants<\/h2>\n\n\n\n<figure class=\"wp-block-image\"><img decoding=\"async\" src=\"https:\/\/lh7-us.googleusercontent.com\/bnTEmBADdYK80Qqdu3tnouWQOaUZ_5sno6ISvZz9Ct24aSylDgs3xKoZUxyFR3QaUuCyWvmhEgrJwMUOalONFoHtSfwyle0TYtTyMKvcu_04P3J_py-0e2ZcKQxsbRnC2PmpwRXadAsO\" alt=\"Une petite fille avec plusieurs accessoires de mode tendance : bracelet, collier, chapeau, v\u00eatement.\"\/><\/figure>\n\n\n\n<p class=\"wp-block-paragraph\">Outre les jouets, il y a aussi les <strong>accessoires de mode<\/strong>. Choisissez les produits des cr\u00e9ateurs. Vous aurez la garantie de <strong>coton \u00e9thique et de qualit\u00e9<\/strong>. Vous \u00e9viterez les irritations sur la peau sensible de votre boutchou. Et, le chic \u00e0 la fran\u00e7aise est id\u00e9al pour le ou la mettre en valeur.&nbsp;<\/p>\n\n\n\n<ul class=\"wp-block-list\">\n<li>Les <strong>v\u00eatements<\/strong>&nbsp;: robes, jupes, pantalons, t-shirt, gilet, etc.&nbsp;<\/li>\n\n\n\n<li>Les accessoires&nbsp;: les <strong>headbands<\/strong>, les pins, les pochettes, les sacs, et bien d\u2019autres<\/li>\n\n\n\n<li>Les <strong>bijoux<\/strong>&nbsp;: bracelets, boucles d\u2019oreilles, colliers, etc.&nbsp;<\/li>\n\n\n\n<li>Les <strong>chaussures<\/strong> avec des semelles pliables pour un meilleur maintien.&nbsp;<\/li>\n<\/ul>\n\n\n\n<p class=\"wp-block-paragraph\">Trouvez <strong>son style, sa taille et ses couleurs pr\u00e9f\u00e9r\u00e9es<\/strong>. Vous lui ferez aussi plaisir pour sa f\u00eate.&nbsp;<\/p>\n\n\n\n<h2 class=\"wp-block-heading\">Nos conseils pour choisir le bon cadeau pour un enfant&nbsp;<\/h2>\n\n\n\n<figure class=\"wp-block-image\"><img decoding=\"async\" src=\"https:\/\/lh7-us.googleusercontent.com\/_XS1tau33fRU_spPfQG5YACG22ADTLzlNxhJ13c-jaWgXwrKeh9jVvWghLRhlFk2lLlgmGabTmIYOwp5e5THCkqqFWG_MHF9BV_jxf2M4JHLpSpj8_j_uuPyzjzzb9jiOGve4Z4u1dzx\" alt=\"Un petit gar\u00e7on souriant entour\u00e9 de ballon qui ouvre son cadeau.\"\/><\/figure>\n\n\n\n<p class=\"wp-block-paragraph\">Trouvez diff\u00e9rentes id\u00e9es de <strong>cadeau pour votre enfant<\/strong> en rayon des boutiques en ligne. Nos conseils pour faire le tri&nbsp;:&nbsp;<\/p>\n\n\n\n<ul class=\"wp-block-list\">\n<li>Fiez-vous \u00e0 <strong>son \u00e2ge<\/strong><\/li>\n\n\n\n<li>Faites attention \u00e0 la taille&nbsp;: choisissez des cadeaux qui <strong>tiennent dans sa main<\/strong>.&nbsp;<\/li>\n\n\n\n<li>Son sexe compte&nbsp;: pour fille ou gar\u00e7on, voire <strong>cadeau unisexe<\/strong><\/li>\n\n\n\n<li>Ses <strong>passe-temps et ses passions<\/strong>&nbsp;: offrez-lui quelque chose qui lui plaise.&nbsp;<\/li>\n\n\n\n<li>Pr\u00e9f\u00e9rez les <strong>accessoires qui durent<\/strong> pour faire de bons souvenirs<\/li>\n\n\n\n<li>Ne minimisez pas le c\u00f4t\u00e9 \u00e9thique&nbsp;: <strong>made in France<\/strong>, fait avec du <strong>bois PEFC <\/strong>ou du <strong>coton haut de gamme<\/strong><\/li>\n\n\n\n<li>Et, comparez les prix.&nbsp;<\/li>\n<\/ul>\n\n\n\n<p class=\"wp-block-paragraph\">On vous conseille aussi les articles de <strong>cr\u00e9ateurs fran\u00e7ais<\/strong>. Sur notre site, vous d\u00e9penserez quelques dizaines d\u2019euros pour faire plaisir \u00e0 un enfant.&nbsp;<\/p>\n\n\n\n<h3 class=\"wp-block-heading\">Vous allez f\u00eater une personne ch\u00e8re&nbsp;? Nos conseils pour choisir le bon cadeau sur notre blog&nbsp;<\/h3>\n\n\n\n<ul class=\"wp-block-list\">\n<li><a href=\"https:\/\/www.echoppe-francaise.fr\/blog\/quel-cadeau-offrir-a-mon-homme\/\">Comment choisir le bon cadeau homme&nbsp;?<\/a><\/li>\n\n\n\n<li><a href=\"https:\/\/www.echoppe-francaise.fr\/blog\/quel-cadeau-pour-ma-femme\/\">Comment trouver le meilleur cadeau pour ma femme ?<\/a><\/li>\n\n\n\n<li><a href=\"https:\/\/www.echoppe-francaise.fr\/blog\/quel-cadeau-enfant-selon-age\/\">Quel cadeau offrir \u00e0 un enfant selon son \u00e2ge ?<\/a><\/li>\n\n\n\n<li><a href=\"https:\/\/www.echoppe-francaise.fr\/blog\/cadeau-de-naissance-trouver-le-cadeau-ideal-a-offrir-a-un-bebe-et-ses-parents\/\">Quel cadeau b\u00e9b\u00e9 offrir\u00a0?<\/a><\/li>\n\n\n\n<li><a href=\"https:\/\/www.echoppe-francaise.fr\/blog\/quel-cadeau-fille\/\">Comment choisir un cadeau pour ma fille\u00a0?<\/a><\/li>\n\n\n\n<li><a href=\"https:\/\/www.echoppe-francaise.fr\/blog\/quel-cadeau-neveu\/\">Quel cadeau pour mon neveu ?<\/a><\/li>\n\n\n\n<li><a href=\"https:\/\/www.echoppe-francaise.fr\/blog\/quel-cadeau-niece\/\">Quel cadeau faire \u00e0 ma ni\u00e8ce ?<\/a><\/li>\n<\/ul>\n","protected":false},"excerpt":{"rendered":"<p>Anniversaire ou No\u00ebl, bapt\u00eame, etc.\u00a0: Il y a plusieurs occasions pour f\u00eater les enfants. Chacune m\u00e9rite un cadeau sp\u00e9cial. Ce sera un souvenir. Mais, c\u2019est surtout pour renforcer vos liens. Reste \u00e0 trouver le bon cadeau \u00e0 offrir \u00e0 votre enfant. Quelques id\u00e9es pour vous inspirer.\u00a0 Les jouets&nbsp;: un c\u00f4t\u00e9 ludique qui s\u00e9duira les petits&hellip;&nbsp;<\/p>\n","protected":false},"author":6,"featured_media":0,"parent":0,"menu_order":0,"comment_status":"closed","ping_status":"closed","template":"","meta":{"_crdt_document":"","neve_meta_sidebar":"","neve_meta_container":"","neve_meta_enable_content_width":"","neve_meta_content_width":0,"neve_meta_title_alignment":"","neve_meta_author_avatar":"","neve_post_elements_order":"","neve_meta_disable_header":"","neve_meta_disable_footer":"","neve_meta_disable_title":"","footnotes":""},"class_list":["post-2094","page","type-page","status-publish","hentry"],"yoast_head":"<!-- This site is optimized with the Yoast SEO plugin v27.5 - https:\/\/yoast.com\/product\/yoast-seo-wordpress\/ -->\n<title>Quel est le meilleur cadeau \u00e0 offrir \u00e0 mon enfant ?<\/title>\n<meta name=\"description\" content=\"Voici un guide pour trouver le meilleur cadeau \u00e0 offrir \u00e0 son enfant, pour son anniversaire ou n&#039;importe quelle autre occasion.\" \/>\n<meta name=\"robots\" content=\"index, follow, max-snippet:-1, max-image-preview:large, max-video-preview:-1\" \/>\n<link rel=\"canonical\" href=\"https:\/\/www.echoppe-francaise.fr\/blog\/quel-cadeau-enfant\/\" \/>\n<meta property=\"og:locale\" content=\"fr_FR\" \/>\n<meta property=\"og:type\" content=\"article\" \/>\n<meta property=\"og:title\" content=\"Quel est le meilleur cadeau \u00e0 offrir \u00e0 mon enfant ?\" \/>\n<meta property=\"og:description\" content=\"Voici un guide pour trouver le meilleur cadeau \u00e0 offrir \u00e0 son enfant, pour son anniversaire ou n&#039;importe quelle autre occasion.\" \/>\n<meta property=\"og:url\" content=\"https:\/\/www.echoppe-francaise.fr\/blog\/quel-cadeau-enfant\/\" \/>\n<meta property=\"og:site_name\" content=\"\u00c9choppe Fran\u00e7aise, le Blog\" \/>\n<meta property=\"article:modified_time\" content=\"2026-01-20T11:16:15+00:00\" \/>\n<meta property=\"og:image\" content=\"https:\/\/lh7-us.googleusercontent.com\/2r4fk4V8WX-C_9mvzF2vbPfGMCQMIqlEZQ1sggVFoiC8dcqITFWqX7GW9U7lO6o5K5fEAP8Bi6t9hmlVKxeDbAM3xWvQQwTsP_AutJXFP67khWY4g3LpxRWHwZ4BfjrHC9Op4QHR_h9r\" \/>\n<meta name=\"twitter:card\" content=\"summary_large_image\" \/>\n<meta name=\"twitter:label1\" content=\"Dur\u00e9e de lecture estim\u00e9e\" \/>\n\t<meta name=\"twitter:data1\" content=\"5 minutes\" \/>\n<script type=\"application\/ld+json\" class=\"yoast-schema-graph\">{\"@context\":\"https:\\\/\\\/schema.org\",\"@graph\":[{\"@type\":\"WebPage\",\"@id\":\"https:\\\/\\\/www.echoppe-francaise.fr\\\/blog\\\/quel-cadeau-enfant\\\/\",\"url\":\"https:\\\/\\\/www.echoppe-francaise.fr\\\/blog\\\/quel-cadeau-enfant\\\/\",\"name\":\"Quel est le meilleur cadeau \u00e0 offrir \u00e0 mon enfant ?\",\"isPartOf\":{\"@id\":\"https:\\\/\\\/www.echoppe-francaise.fr\\\/blog\\\/#website\"},\"primaryImageOfPage\":{\"@id\":\"https:\\\/\\\/www.echoppe-francaise.fr\\\/blog\\\/quel-cadeau-enfant\\\/#primaryimage\"},\"image\":{\"@id\":\"https:\\\/\\\/www.echoppe-francaise.fr\\\/blog\\\/quel-cadeau-enfant\\\/#primaryimage\"},\"thumbnailUrl\":\"https:\\\/\\\/lh7-us.googleusercontent.com\\\/2r4fk4V8WX-C_9mvzF2vbPfGMCQMIqlEZQ1sggVFoiC8dcqITFWqX7GW9U7lO6o5K5fEAP8Bi6t9hmlVKxeDbAM3xWvQQwTsP_AutJXFP67khWY4g3LpxRWHwZ4BfjrHC9Op4QHR_h9r\",\"datePublished\":\"2024-03-15T14:37:58+00:00\",\"dateModified\":\"2026-01-20T11:16:15+00:00\",\"description\":\"Voici un guide pour trouver le meilleur cadeau \u00e0 offrir \u00e0 son enfant, pour son anniversaire ou n'importe quelle autre occasion.\",\"breadcrumb\":{\"@id\":\"https:\\\/\\\/www.echoppe-francaise.fr\\\/blog\\\/quel-cadeau-enfant\\\/#breadcrumb\"},\"inLanguage\":\"fr-FR\",\"potentialAction\":[{\"@type\":\"ReadAction\",\"target\":[\"https:\\\/\\\/www.echoppe-francaise.fr\\\/blog\\\/quel-cadeau-enfant\\\/\"]}]},{\"@type\":\"ImageObject\",\"inLanguage\":\"fr-FR\",\"@id\":\"https:\\\/\\\/www.echoppe-francaise.fr\\\/blog\\\/quel-cadeau-enfant\\\/#primaryimage\",\"url\":\"https:\\\/\\\/lh7-us.googleusercontent.com\\\/2r4fk4V8WX-C_9mvzF2vbPfGMCQMIqlEZQ1sggVFoiC8dcqITFWqX7GW9U7lO6o5K5fEAP8Bi6t9hmlVKxeDbAM3xWvQQwTsP_AutJXFP67khWY4g3LpxRWHwZ4BfjrHC9Op4QHR_h9r\",\"contentUrl\":\"https:\\\/\\\/lh7-us.googleusercontent.com\\\/2r4fk4V8WX-C_9mvzF2vbPfGMCQMIqlEZQ1sggVFoiC8dcqITFWqX7GW9U7lO6o5K5fEAP8Bi6t9hmlVKxeDbAM3xWvQQwTsP_AutJXFP67khWY4g3LpxRWHwZ4BfjrHC9Op4QHR_h9r\"},{\"@type\":\"BreadcrumbList\",\"@id\":\"https:\\\/\\\/www.echoppe-francaise.fr\\\/blog\\\/quel-cadeau-enfant\\\/#breadcrumb\",\"itemListElement\":[{\"@type\":\"ListItem\",\"position\":1,\"name\":\"Accueil\",\"item\":\"https:\\\/\\\/www.echoppe-francaise.fr\\\/blog\\\/\"},{\"@type\":\"ListItem\",\"position\":2,\"name\":\"Des id\u00e9es de cadeaux \u00e0 offrir \u00e0 mon enfant\"}]},{\"@type\":\"WebSite\",\"@id\":\"https:\\\/\\\/www.echoppe-francaise.fr\\\/blog\\\/#website\",\"url\":\"https:\\\/\\\/www.echoppe-francaise.fr\\\/blog\\\/\",\"name\":\"\u00c9choppe Fran\u00e7aise, le Blog\",\"description\":\"Le blog des Cr\u00e9atrices et Cr\u00e9ateurs fran\u00e7ais\",\"publisher\":{\"@id\":\"https:\\\/\\\/www.echoppe-francaise.fr\\\/blog\\\/#organization\"},\"potentialAction\":[{\"@type\":\"SearchAction\",\"target\":{\"@type\":\"EntryPoint\",\"urlTemplate\":\"https:\\\/\\\/www.echoppe-francaise.fr\\\/blog\\\/?s={search_term_string}\"},\"query-input\":{\"@type\":\"PropertyValueSpecification\",\"valueRequired\":true,\"valueName\":\"search_term_string\"}}],\"inLanguage\":\"fr-FR\"},{\"@type\":\"Organization\",\"@id\":\"https:\\\/\\\/www.echoppe-francaise.fr\\\/blog\\\/#organization\",\"name\":\"L'\u00e9choppe Fran\u00e7aise\",\"url\":\"https:\\\/\\\/www.echoppe-francaise.fr\\\/blog\\\/\",\"logo\":{\"@type\":\"ImageObject\",\"inLanguage\":\"fr-FR\",\"@id\":\"https:\\\/\\\/www.echoppe-francaise.fr\\\/blog\\\/#\\\/schema\\\/logo\\\/image\\\/\",\"url\":\"https:\\\/\\\/www.echoppe-francaise.fr\\\/blog\\\/wp-content\\\/uploads\\\/2017\\\/04\\\/echoppe-francaise-logo-1489412704.png\",\"contentUrl\":\"https:\\\/\\\/www.echoppe-francaise.fr\\\/blog\\\/wp-content\\\/uploads\\\/2017\\\/04\\\/echoppe-francaise-logo-1489412704.png\",\"width\":492,\"height\":270,\"caption\":\"L'\u00e9choppe Fran\u00e7aise\"},\"image\":{\"@id\":\"https:\\\/\\\/www.echoppe-francaise.fr\\\/blog\\\/#\\\/schema\\\/logo\\\/image\\\/\"}}]}<\/script>\n<!-- \/ Yoast SEO plugin. -->","yoast_head_json":{"title":"Quel est le meilleur cadeau \u00e0 offrir \u00e0 mon enfant ?","description":"Voici un guide pour trouver le meilleur cadeau \u00e0 offrir \u00e0 son enfant, pour son anniversaire ou n'importe quelle autre occasion.","robots":{"index":"index","follow":"follow","max-snippet":"max-snippet:-1","max-image-preview":"max-image-preview:large","max-video-preview":"max-video-preview:-1"},"canonical":"https:\/\/www.echoppe-francaise.fr\/blog\/quel-cadeau-enfant\/","og_locale":"fr_FR","og_type":"article","og_title":"Quel est le meilleur cadeau \u00e0 offrir \u00e0 mon enfant ?","og_description":"Voici un guide pour trouver le meilleur cadeau \u00e0 offrir \u00e0 son enfant, pour son anniversaire ou n'importe quelle autre occasion.","og_url":"https:\/\/www.echoppe-francaise.fr\/blog\/quel-cadeau-enfant\/","og_site_name":"\u00c9choppe Fran\u00e7aise, le Blog","article_modified_time":"2026-01-20T11:16:15+00:00","og_image":[{"url":"https:\/\/lh7-us.googleusercontent.com\/2r4fk4V8WX-C_9mvzF2vbPfGMCQMIqlEZQ1sggVFoiC8dcqITFWqX7GW9U7lO6o5K5fEAP8Bi6t9hmlVKxeDbAM3xWvQQwTsP_AutJXFP67khWY4g3LpxRWHwZ4BfjrHC9Op4QHR_h9r","type":"","width":"","height":""}],"twitter_card":"summary_large_image","twitter_misc":{"Dur\u00e9e de lecture estim\u00e9e":"5 minutes"},"schema":{"@context":"https:\/\/schema.org","@graph":[{"@type":"WebPage","@id":"https:\/\/www.echoppe-francaise.fr\/blog\/quel-cadeau-enfant\/","url":"https:\/\/www.echoppe-francaise.fr\/blog\/quel-cadeau-enfant\/","name":"Quel est le meilleur cadeau \u00e0 offrir \u00e0 mon enfant ?","isPartOf":{"@id":"https:\/\/www.echoppe-francaise.fr\/blog\/#website"},"primaryImageOfPage":{"@id":"https:\/\/www.echoppe-francaise.fr\/blog\/quel-cadeau-enfant\/#primaryimage"},"image":{"@id":"https:\/\/www.echoppe-francaise.fr\/blog\/quel-cadeau-enfant\/#primaryimage"},"thumbnailUrl":"https:\/\/lh7-us.googleusercontent.com\/2r4fk4V8WX-C_9mvzF2vbPfGMCQMIqlEZQ1sggVFoiC8dcqITFWqX7GW9U7lO6o5K5fEAP8Bi6t9hmlVKxeDbAM3xWvQQwTsP_AutJXFP67khWY4g3LpxRWHwZ4BfjrHC9Op4QHR_h9r","datePublished":"2024-03-15T14:37:58+00:00","dateModified":"2026-01-20T11:16:15+00:00","description":"Voici un guide pour trouver le meilleur cadeau \u00e0 offrir \u00e0 son enfant, pour son anniversaire ou n'importe quelle autre occasion.","breadcrumb":{"@id":"https:\/\/www.echoppe-francaise.fr\/blog\/quel-cadeau-enfant\/#breadcrumb"},"inLanguage":"fr-FR","potentialAction":[{"@type":"ReadAction","target":["https:\/\/www.echoppe-francaise.fr\/blog\/quel-cadeau-enfant\/"]}]},{"@type":"ImageObject","inLanguage":"fr-FR","@id":"https:\/\/www.echoppe-francaise.fr\/blog\/quel-cadeau-enfant\/#primaryimage","url":"https:\/\/lh7-us.googleusercontent.com\/2r4fk4V8WX-C_9mvzF2vbPfGMCQMIqlEZQ1sggVFoiC8dcqITFWqX7GW9U7lO6o5K5fEAP8Bi6t9hmlVKxeDbAM3xWvQQwTsP_AutJXFP67khWY4g3LpxRWHwZ4BfjrHC9Op4QHR_h9r","contentUrl":"https:\/\/lh7-us.googleusercontent.com\/2r4fk4V8WX-C_9mvzF2vbPfGMCQMIqlEZQ1sggVFoiC8dcqITFWqX7GW9U7lO6o5K5fEAP8Bi6t9hmlVKxeDbAM3xWvQQwTsP_AutJXFP67khWY4g3LpxRWHwZ4BfjrHC9Op4QHR_h9r"},{"@type":"BreadcrumbList","@id":"https:\/\/www.echoppe-francaise.fr\/blog\/quel-cadeau-enfant\/#breadcrumb","itemListElement":[{"@type":"ListItem","position":1,"name":"Accueil","item":"https:\/\/www.echoppe-francaise.fr\/blog\/"},{"@type":"ListItem","position":2,"name":"Des id\u00e9es de cadeaux \u00e0 offrir \u00e0 mon enfant"}]},{"@type":"WebSite","@id":"https:\/\/www.echoppe-francaise.fr\/blog\/#website","url":"https:\/\/www.echoppe-francaise.fr\/blog\/","name":"\u00c9choppe Fran\u00e7aise, le Blog","description":"Le blog des Cr\u00e9atrices et Cr\u00e9ateurs fran\u00e7ais","publisher":{"@id":"https:\/\/www.echoppe-francaise.fr\/blog\/#organization"},"potentialAction":[{"@type":"SearchAction","target":{"@type":"EntryPoint","urlTemplate":"https:\/\/www.echoppe-francaise.fr\/blog\/?s={search_term_string}"},"query-input":{"@type":"PropertyValueSpecification","valueRequired":true,"valueName":"search_term_string"}}],"inLanguage":"fr-FR"},{"@type":"Organization","@id":"https:\/\/www.echoppe-francaise.fr\/blog\/#organization","name":"L'\u00e9choppe Fran\u00e7aise","url":"https:\/\/www.echoppe-francaise.fr\/blog\/","logo":{"@type":"ImageObject","inLanguage":"fr-FR","@id":"https:\/\/www.echoppe-francaise.fr\/blog\/#\/schema\/logo\/image\/","url":"https:\/\/www.echoppe-francaise.fr\/blog\/wp-content\/uploads\/2017\/04\/echoppe-francaise-logo-1489412704.png","contentUrl":"https:\/\/www.echoppe-francaise.fr\/blog\/wp-content\/uploads\/2017\/04\/echoppe-francaise-logo-1489412704.png","width":492,"height":270,"caption":"L'\u00e9choppe Fran\u00e7aise"},"image":{"@id":"https:\/\/www.echoppe-francaise.fr\/blog\/#\/schema\/logo\/image\/"}}]}},"_links":{"self":[{"href":"https:\/\/www.echoppe-francaise.fr\/blog\/wp-json\/wp\/v2\/pages\/2094","targetHints":{"allow":["GET"]}}],"collection":[{"href":"https:\/\/www.echoppe-francaise.fr\/blog\/wp-json\/wp\/v2\/pages"}],"about":[{"href":"https:\/\/www.echoppe-francaise.fr\/blog\/wp-json\/wp\/v2\/types\/page"}],"author":[{"embeddable":true,"href":"https:\/\/www.echoppe-francaise.fr\/blog\/wp-json\/wp\/v2\/users\/6"}],"replies":[{"embeddable":true,"href":"https:\/\/www.echoppe-francaise.fr\/blog\/wp-json\/wp\/v2\/comments?post=2094"}],"version-history":[{"count":5,"href":"https:\/\/www.echoppe-francaise.fr\/blog\/wp-json\/wp\/v2\/pages\/2094\/revisions"}],"predecessor-version":[{"id":2342,"href":"https:\/\/www.echoppe-francaise.fr\/blog\/wp-json\/wp\/v2\/pages\/2094\/revisions\/2342"}],"wp:attachment":[{"href":"https:\/\/www.echoppe-francaise.fr\/blog\/wp-json\/wp\/v2\/media?parent=2094"}],"curies":[{"name":"wp","href":"https:\/\/api.w.org\/{rel}","templated":true}]}}