{"id":1990,"date":"2023-12-20T14:29:05","date_gmt":"2023-12-20T13:29:05","guid":{"rendered":"https:\/\/www.echoppe-francaise.fr\/blog\/?page_id=1990"},"modified":"2026-01-20T11:49:10","modified_gmt":"2026-01-20T10:49:10","slug":"quel-cadeau-de-createurs-faire-a-un-homme-pour-noel","status":"publish","type":"page","link":"https:\/\/www.echoppe-francaise.fr\/blog\/quel-cadeau-de-createurs-faire-a-un-homme-pour-noel\/","title":{"rendered":"Quel cadeau de cr\u00e9ateurs faire \u00e0 un homme pour No\u00ebl\u00a0?"},"content":{"rendered":"\n<p class=\"wp-block-paragraph\">Cette ann\u00e9e, pour No\u00ebl, faites plaisir \u00e0 votre homme avec un <strong>cadeau de cr\u00e9ateur<\/strong>. Imaginez sa r\u00e9action en ouvrant le paquet le matin du 25. Surtout si vous choisissez un accessoire qui lui pla\u00eet et qui lui fera plaisir.&nbsp;<\/p>\n\n\n\n<h2 class=\"wp-block-heading\">Des id\u00e9es de cadeaux No\u00ebl made in France pour un Homme&nbsp;<\/h2>\n\n\n\n<figure class=\"wp-block-image\"><img decoding=\"async\" src=\"https:\/\/lh7-us.googleusercontent.com\/dZOUAoXBVViNzG_VMjaDXbrPuaQWNFCCAu9Zl1Ov-cbZ8MCDkbSgzKzen6mDgPe-LiPVGwdXMDWxNV71LdrxChNqIY4Mx71Z3T9pqmgBQKH-lQjeqSQVZSq-MeEMz-g4KoUn7q2tOsy9\" alt=\"Un p\u00e8re No\u00ebl qui tient entre ses mains un cadeaux avec un ruban rouge\"\/><\/figure>\n\n\n\n<p class=\"wp-block-paragraph\">Sur l\u2019\u00c9choppe Fran\u00e7aise, vous avez plusieurs id\u00e9es de <a href=\"https:\/\/www.echoppe-francaise.fr\/cadeaux-de-noel-fabrique-en-france\" target=\"_blank\" rel=\"noreferrer noopener\">cadeaux de No\u00ebl<\/a> id\u00e9al pour un homme. Voici quelques suggestions.&nbsp;&nbsp;<\/p>\n\n\n\n<h3 class=\"wp-block-heading\">Un n\u0153ud papillon tendance<\/h3>\n\n\n\n<figure class=\"wp-block-image\"><img decoding=\"async\" src=\"https:\/\/lh7-us.googleusercontent.com\/0QqTxnM9qhuIhPiEtqAxYxmztLRe1mpdK_9Jh7P8Lvcmi_jURxOk9Pv_2oXaIOsRHwJUwl0DjwbDSwV6Syci94zCid4_xPbHQRa5HrdYhPJGNEZdPrBexJuobXhRHoOWjw_huhVn0o7o\" alt=\"Un noeud papillon styl\u00e9 avec des motifs fleurs color\u00e9s.\"\/><\/figure>\n\n\n\n<p class=\"wp-block-paragraph\">Votre homme aime bien s\u2019habiller&nbsp;? Proposez-lui un accessoire pour parfaire son look. Un <strong><a href=\"https:\/\/www.echoppe-francaise.fr\/noeud-papillon_49\">n\u0153ud papillon fabriqu\u00e9 en France<\/a><\/strong> par exemple. Nos cr\u00e9ateurs utilisent du coton haut de gamme pour ses produits. Vous en trouverez de diff\u00e9rentes couleurs, avec ou sans motifs, dans nos rayons.&nbsp;<\/p>\n\n\n\n<p class=\"wp-block-paragraph\">\u00c0 cela s\u2019ajoutent les n\u0153uds papillons originaux&nbsp;: <strong>en bois <\/strong>ou en <strong>plexiglass<\/strong>. Ils sont taill\u00e9s en forme de fleurs ou avec des bords stricts. De quoi ajouter de la modernit\u00e9 aux tenues chics des grandes occasions.&nbsp;<\/p>\n\n\n\n<h3 class=\"wp-block-heading\">Un bracelet pour homme de cr\u00e9ateur fran\u00e7ais<\/h3>\n\n\n\n<figure class=\"wp-block-image\"><img decoding=\"async\" src=\"https:\/\/lh7-us.googleusercontent.com\/vloL4rpUjF6C-A4gTi7PhZMPjN8EwUIMKnl72EZ1tLYr_6cCej9ZHx026DRi-E-h4e3yC8IIR2jxUNNWr9Y4YqbRHnUwDMU45tliFoQHsGKHgQ6nZwvQaHqW5CfwKEq9yzBlU4WxKe8-\" alt=\"Un bracelet en cuir marron fin pour un homme.\"\/><\/figure>\n\n\n\n<p class=\"wp-block-paragraph\">Sinon&nbsp;: un accessoire qui accompagnera votre homme tous les jours. Mettez un <strong>bracelet fin<\/strong> dans le paquet. Sur notre boutique, les choix se feront entre&nbsp;: le mod\u00e8le en acier inoxydable fin ou en perle de verre japonais, voire en cuir.&nbsp;<\/p>\n\n\n\n<ul class=\"wp-block-list\">\n<li><strong>Acier inoxydable<\/strong>&nbsp;: un passe-partout de la mode s\u2019adaptant \u00e0 tous les styles<\/li>\n\n\n\n<li>Le <strong>cuir<\/strong>&nbsp;: pour un homme avec une personnalit\u00e9 affirm\u00e9e<\/li>\n\n\n\n<li>Le <strong>verre japonais<\/strong>&nbsp;: pour ceux qui osent le style et l\u2019originalit\u00e9.&nbsp;<\/li>\n<\/ul>\n\n\n\n<h3 class=\"wp-block-heading\">Des articles de d\u00e9coration \u00e9colo et styl\u00e9&nbsp;<\/h3>\n\n\n\n<figure class=\"wp-block-image\"><img decoding=\"async\" src=\"https:\/\/lh7-us.googleusercontent.com\/v8LAHJjAdhKQL-GUFuuR-J2WfvE4fj_ttFOnWOBuZZUlycwEuxTnM4Fo7_GgQ-extiRpK9kBME3HDYF0PwYuP0s7j5xBCnqE96O1yCDJEN0zqywYKtzgpXb52a3eUeCHridks8BRxUvK\" alt=\"Une lampe styl\u00e9 en bois pos\u00e9 \u00e0 c\u00f4t\u00e9 d'une globe et des accessoires de d\u00e9co.\"\/><\/figure>\n\n\n\n<p class=\"wp-block-paragraph\">Optez aussi pour les <strong>articles de <a href=\"https:\/\/www.echoppe-francaise.fr\/deco_27\">d\u00e9coration made in France<\/a><\/strong>. Ils sont faits en bois FECP. Donc, ils sont \u00e9cologiques. Et, ils n\u2019en sont pas moins styl\u00e9s. Faites votre choix&nbsp;:&nbsp;<\/p>\n\n\n\n<ul class=\"wp-block-list\">\n<li>Lampes en bois color\u00e9 pour la <strong>d\u00e9co du bureau<\/strong> ou des espaces de lectures<\/li>\n\n\n\n<li>Un vide-poche de forme g\u00e9om\u00e9trique pour l\u2019organisation de son espace<\/li>\n\n\n\n<li>Un <strong>organisateur de courrier<\/strong> color\u00e9 pour le style et le confort<\/li>\n<\/ul>\n\n\n\n<h3 class=\"wp-block-heading\">Une sangle pour casque ou pour appareil photo fabriqu\u00e9 en France<\/h3>\n\n\n\n<figure class=\"wp-block-image\"><img decoding=\"async\" src=\"https:\/\/lh7-us.googleusercontent.com\/-nFV4AEIx9rloj2t4eE9xQPWVSpfU7iuc8B0tcOS5vzN2rlEWhQ3GwDfsVePN9pgfp5bTwsfBcx1ecqjbQZXLrMRd8aO-1TlDrO1yhOVhg_t2sMJmrwxQlFDhVWev9qVM964ZwL044dx\" alt=\"Ruban avec des motifs ethniques pour appareil photo.\"\/><\/figure>\n\n\n\n<p class=\"wp-block-paragraph\">Votre homme circule \u00e0 moto&nbsp;? Offrez-lui une <a href=\"https:\/\/www.echoppe-francaise.fr\/sangle-pour-casque-de-moto-scooter\"><strong>sangle<\/strong> pour son casque<\/a>. Il sera plus \u00e0 l\u2019aise au quotidien. Inutile de s\u2019encombrer les mains avec ce dernier. Il pourra le porter avec style en forme de bandouli\u00e8re.&nbsp;<\/p>\n\n\n\n<p class=\"wp-block-paragraph\">Ce pr\u00e9sent fonctionne aussi avec un<strong> <\/strong>appareil photo. Cet accessoire <strong>en cuir et coton<\/strong> se porte au poignet ou au cou. De quoi assurer le confort des photographes en herbe.&nbsp;<\/p>\n\n\n\n<h2 class=\"wp-block-heading\">Comment choisir le bon cadeau de No\u00ebl pour votre homme&nbsp;?&nbsp;<\/h2>\n\n\n\n<p class=\"wp-block-paragraph\">Envie d\u2019un <strong>No\u00ebl r\u00e9ussi<\/strong>&nbsp;? Trouvez le bon cadeau pour la bonne personne. Nos conseils.&nbsp;<\/p>\n\n\n\n<h3 class=\"wp-block-heading\">Un cadeau pratique et unique pour \u00eatre s\u00fbr de faire plaisir pour les f\u00eates<\/h3>\n\n\n\n<figure class=\"wp-block-image\"><img decoding=\"async\" src=\"https:\/\/lh7-us.googleusercontent.com\/dG0uERuCw81kXuJ9kGsDuL1vxfM9OhDSBCjNpoWkXRT1xIircAtxrViGqn4rdU93Ke5JpHHaTL-h4JY45Of7CH_sPqAP5Gj_5annBXU8oOYyICOomdq-I_VgdBn4Ug7VCzghmTcaYSsT\" alt=\"Un paquet cadeau avec un ruban et une \u00e9tiquette &quot;merry christmas&quot;.\"\/><\/figure>\n\n\n\n<p class=\"wp-block-paragraph\">Choisissez un <strong>cadeau utile<\/strong>. L\u2019accessoire doit \u00eatre pratique et simple \u00e0 utiliser. Exit les simples souvenirs. Idem les pr\u00e9sents dr\u00f4les. Pr\u00e9f\u00e9rez un objet qui sera utile \u00e0 votre homme. Plus de garanties de provoquer de l\u2019\u00e9motion.&nbsp;<\/p>\n\n\n\n<h3 class=\"wp-block-heading\">Restez au fait des nouvelles tendances&nbsp;<\/h3>\n\n\n\n<figure class=\"wp-block-image\"><img decoding=\"async\" src=\"https:\/\/lh7-us.googleusercontent.com\/rAWq3Cu7bURx8FSmT4UY2pPz9G0TCvDSFN5EbIQ0o7O5hNIUhh2Iy8Z2EcD1EquYErD9V4gEx1KlX-HAiUkdeLDtRFZj79gG070ovh8CQf1iumOlh60jSNVg5WDiSJc7eV1JWKhcICw_\" alt=\"Une boite avec diff\u00e9rents accessoires pos\u00e9 sur une table o\u00f9 se trouve des d\u00e9corations de No\u00ebl et d'autres id\u00e9es de cadeaux. \"\/><\/figure>\n\n\n\n<p class=\"wp-block-paragraph\">Mais, suivez toujours les <strong>tendances<\/strong>. C\u2019est parfait pour \u00e9tonner votre homme. Par exemple, un n\u0153ud papillon, oui, mais en bois et en tissu \u00e0 la rigueur. Il sera fier de le porter quand l\u2019occasion se pr\u00e9sentera.&nbsp;<\/p>\n\n\n\n<h3 class=\"wp-block-heading\">Un pr\u00e9sent durable pour l\u2019aider \u00e0 se souvenir de ce No\u00ebl<\/h3>\n\n\n\n<figure class=\"wp-block-image\"><img decoding=\"async\" src=\"https:\/\/lh7-us.googleusercontent.com\/SrklI7T0hThDwCtT1b7Emvy39YWvzn93rPAyeaJcvDsnsYnWOTd2iU7OpLzMG_9mWIf_MXC98SgHdhYDL2xGBa5r8XN7KW5zeUeLpxL-wFb-BOiqdG3YjKgdWqTusBqyPaVmp2OwhyLI\" alt=\"Une boite noir avec diff\u00e9rents accessoires pour homme entour\u00e9 d'un ruban rouge.\"\/><\/figure>\n\n\n\n<p class=\"wp-block-paragraph\">Un cadeau de No\u00ebl est aussi un souvenir. Donc, il doit durer longtemps. C\u2019est pourquoi, faites attention \u00e0 la mati\u00e8re de fabrication. Nos cr\u00e9ateurs travaillent avec des <strong>cotons et cuirs haut de gamme, <\/strong>du bois certifi\u00e9, etc.&nbsp;<\/p>\n\n\n\n<h3 class=\"wp-block-heading\">Un cadeau dans vos budgets pour ne pas vous ruiner pendant les f\u00eates&nbsp;<\/h3>\n\n\n\n<figure class=\"wp-block-image\"><img decoding=\"async\" src=\"https:\/\/lh7-us.googleusercontent.com\/5fDHDoj-8lxhMvqRLO16xHz_cfYScXxq6K-AUtTEtWPRjR_13BkrJvm8FF1zO54va-83MC63HK29QsY_BsbzyAoeuNYB-C6ikxtyFqI1t_-Cge6xwo1OIVndyxEDpoLSSwompHVo3jae\" alt=\"Un cadeau avec un ruban de la m\u00eame couleur que le drapeau de la France, une \u00e9tiquette made in France et des produits fran\u00e7ais. \"\/><\/figure>\n\n\n\n<p class=\"wp-block-paragraph\">Et, sur notre boutique en ligne, vous n\u2019avez pas \u00e0 vous ruiner pour les f\u00eates. Comptez quelques dizaines d\u2019euros pour des <strong>cadeaux fabriqu\u00e9s \u00e0 100 % en France<\/strong>.&nbsp;<\/p>\n\n\n\n<h3 class=\"wp-block-heading\">Plus de d\u00e9tails et de conseils dans le choix de vos cadeaux de No\u00ebl&nbsp;? D\u2019autres articles sur notre blog&nbsp;:&nbsp;<\/h3>\n\n\n\n<ul class=\"wp-block-list\">\n<li><a href=\"https:\/\/www.echoppe-francaise.fr\/blog\/quel-est-le-meilleur-cadeau-de-noel-pour-une-femme\/\" target=\"_blank\" rel=\"noreferrer noopener\">Quel est le meilleur cadeau de No\u00ebl pour une femme\u00a0?<\/a><\/li>\n\n\n\n<li><a href=\"https:\/\/www.echoppe-francaise.fr\/blog\/guide-pour-trouver-des-cadeaux-de-noel-reellement-fabriques-en-france\/\">Guide pour trouver de super cadeaux de No\u00ebl fabriqu\u00e9s en France<\/a><\/li>\n\n\n\n<li><a href=\"https:\/\/www.echoppe-francaise.fr\/blog\/comment-faire-plaisir-de-facon-ethique-a-noel\/\">Comment offrir un cadeau \u00e9thique \u00e0 No\u00ebl ?<\/a><\/li>\n\n\n\n<li><a href=\"https:\/\/www.echoppe-francaise.fr\/blog\/pourquoi-offrir-un-cadeau-fabrique-en-france-a-noel\/\">Pourquoi offrir un cadeau de No\u00ebl fabriqu\u00e9 en France ?<\/a><\/li>\n<\/ul>\n","protected":false},"excerpt":{"rendered":"<p>Cette ann\u00e9e, pour No\u00ebl, faites plaisir \u00e0 votre homme avec un cadeau de cr\u00e9ateur. Imaginez sa r\u00e9action en ouvrant le paquet le matin du 25. Surtout si vous choisissez un accessoire qui lui pla\u00eet et qui lui fera plaisir.&nbsp; Des id\u00e9es de cadeaux No\u00ebl made in France pour un Homme&nbsp; Sur l\u2019\u00c9choppe Fran\u00e7aise, vous avez&hellip;&nbsp;<\/p>\n","protected":false},"author":6,"featured_media":0,"parent":0,"menu_order":0,"comment_status":"closed","ping_status":"closed","template":"","meta":{"_crdt_document":"","neve_meta_sidebar":"","neve_meta_container":"","neve_meta_enable_content_width":"","neve_meta_content_width":0,"neve_meta_title_alignment":"","neve_meta_author_avatar":"","neve_post_elements_order":"","neve_meta_disable_header":"","neve_meta_disable_footer":"","neve_meta_disable_title":"","footnotes":""},"class_list":["post-1990","page","type-page","status-publish","hentry"],"yoast_head":"<!-- This site is optimized with the Yoast SEO plugin v27.5 - https:\/\/yoast.com\/product\/yoast-seo-wordpress\/ -->\n<title>Comment offrir un cadeau de cr\u00e9ateurs \u00e0 un homme pour No\u00ebl ?<\/title>\n<meta name=\"description\" content=\"A la recherche du bon cadeau de cr\u00e9ateurs pour un homme pour ce No\u00ebl ? Lisez notre article pour tout savoir.\" \/>\n<meta name=\"robots\" content=\"index, follow, max-snippet:-1, max-image-preview:large, max-video-preview:-1\" \/>\n<link rel=\"canonical\" href=\"https:\/\/www.echoppe-francaise.fr\/blog\/quel-cadeau-de-createurs-faire-a-un-homme-pour-noel\/\" \/>\n<meta property=\"og:locale\" content=\"fr_FR\" \/>\n<meta property=\"og:type\" content=\"article\" \/>\n<meta property=\"og:title\" content=\"Comment offrir un cadeau de cr\u00e9ateurs \u00e0 un homme pour No\u00ebl ?\" \/>\n<meta property=\"og:description\" content=\"A la recherche du bon cadeau de cr\u00e9ateurs pour un homme pour ce No\u00ebl ? Lisez notre article pour tout savoir.\" \/>\n<meta property=\"og:url\" content=\"https:\/\/www.echoppe-francaise.fr\/blog\/quel-cadeau-de-createurs-faire-a-un-homme-pour-noel\/\" \/>\n<meta property=\"og:site_name\" content=\"\u00c9choppe Fran\u00e7aise, le Blog\" \/>\n<meta property=\"article:modified_time\" content=\"2026-01-20T10:49:10+00:00\" \/>\n<meta property=\"og:image\" content=\"https:\/\/lh7-us.googleusercontent.com\/dZOUAoXBVViNzG_VMjaDXbrPuaQWNFCCAu9Zl1Ov-cbZ8MCDkbSgzKzen6mDgPe-LiPVGwdXMDWxNV71LdrxChNqIY4Mx71Z3T9pqmgBQKH-lQjeqSQVZSq-MeEMz-g4KoUn7q2tOsy9\" \/>\n<meta name=\"twitter:card\" content=\"summary_large_image\" \/>\n<meta name=\"twitter:label1\" content=\"Dur\u00e9e de lecture estim\u00e9e\" \/>\n\t<meta name=\"twitter:data1\" content=\"6 minutes\" \/>\n<script type=\"application\/ld+json\" class=\"yoast-schema-graph\">{\"@context\":\"https:\\\/\\\/schema.org\",\"@graph\":[{\"@type\":\"WebPage\",\"@id\":\"https:\\\/\\\/www.echoppe-francaise.fr\\\/blog\\\/quel-cadeau-de-createurs-faire-a-un-homme-pour-noel\\\/\",\"url\":\"https:\\\/\\\/www.echoppe-francaise.fr\\\/blog\\\/quel-cadeau-de-createurs-faire-a-un-homme-pour-noel\\\/\",\"name\":\"Comment offrir un cadeau de cr\u00e9ateurs \u00e0 un homme pour No\u00ebl ?\",\"isPartOf\":{\"@id\":\"https:\\\/\\\/www.echoppe-francaise.fr\\\/blog\\\/#website\"},\"primaryImageOfPage\":{\"@id\":\"https:\\\/\\\/www.echoppe-francaise.fr\\\/blog\\\/quel-cadeau-de-createurs-faire-a-un-homme-pour-noel\\\/#primaryimage\"},\"image\":{\"@id\":\"https:\\\/\\\/www.echoppe-francaise.fr\\\/blog\\\/quel-cadeau-de-createurs-faire-a-un-homme-pour-noel\\\/#primaryimage\"},\"thumbnailUrl\":\"https:\\\/\\\/lh7-us.googleusercontent.com\\\/dZOUAoXBVViNzG_VMjaDXbrPuaQWNFCCAu9Zl1Ov-cbZ8MCDkbSgzKzen6mDgPe-LiPVGwdXMDWxNV71LdrxChNqIY4Mx71Z3T9pqmgBQKH-lQjeqSQVZSq-MeEMz-g4KoUn7q2tOsy9\",\"datePublished\":\"2023-12-20T13:29:05+00:00\",\"dateModified\":\"2026-01-20T10:49:10+00:00\",\"description\":\"A la recherche du bon cadeau de cr\u00e9ateurs pour un homme pour ce No\u00ebl ? Lisez notre article pour tout savoir.\",\"breadcrumb\":{\"@id\":\"https:\\\/\\\/www.echoppe-francaise.fr\\\/blog\\\/quel-cadeau-de-createurs-faire-a-un-homme-pour-noel\\\/#breadcrumb\"},\"inLanguage\":\"fr-FR\",\"potentialAction\":[{\"@type\":\"ReadAction\",\"target\":[\"https:\\\/\\\/www.echoppe-francaise.fr\\\/blog\\\/quel-cadeau-de-createurs-faire-a-un-homme-pour-noel\\\/\"]}]},{\"@type\":\"ImageObject\",\"inLanguage\":\"fr-FR\",\"@id\":\"https:\\\/\\\/www.echoppe-francaise.fr\\\/blog\\\/quel-cadeau-de-createurs-faire-a-un-homme-pour-noel\\\/#primaryimage\",\"url\":\"https:\\\/\\\/lh7-us.googleusercontent.com\\\/dZOUAoXBVViNzG_VMjaDXbrPuaQWNFCCAu9Zl1Ov-cbZ8MCDkbSgzKzen6mDgPe-LiPVGwdXMDWxNV71LdrxChNqIY4Mx71Z3T9pqmgBQKH-lQjeqSQVZSq-MeEMz-g4KoUn7q2tOsy9\",\"contentUrl\":\"https:\\\/\\\/lh7-us.googleusercontent.com\\\/dZOUAoXBVViNzG_VMjaDXbrPuaQWNFCCAu9Zl1Ov-cbZ8MCDkbSgzKzen6mDgPe-LiPVGwdXMDWxNV71LdrxChNqIY4Mx71Z3T9pqmgBQKH-lQjeqSQVZSq-MeEMz-g4KoUn7q2tOsy9\"},{\"@type\":\"BreadcrumbList\",\"@id\":\"https:\\\/\\\/www.echoppe-francaise.fr\\\/blog\\\/quel-cadeau-de-createurs-faire-a-un-homme-pour-noel\\\/#breadcrumb\",\"itemListElement\":[{\"@type\":\"ListItem\",\"position\":1,\"name\":\"Accueil\",\"item\":\"https:\\\/\\\/www.echoppe-francaise.fr\\\/blog\\\/\"},{\"@type\":\"ListItem\",\"position\":2,\"name\":\"Quel cadeau de cr\u00e9ateurs faire \u00e0 un homme pour No\u00ebl\u00a0?\"}]},{\"@type\":\"WebSite\",\"@id\":\"https:\\\/\\\/www.echoppe-francaise.fr\\\/blog\\\/#website\",\"url\":\"https:\\\/\\\/www.echoppe-francaise.fr\\\/blog\\\/\",\"name\":\"\u00c9choppe Fran\u00e7aise, le Blog\",\"description\":\"Le blog des Cr\u00e9atrices et Cr\u00e9ateurs fran\u00e7ais\",\"publisher\":{\"@id\":\"https:\\\/\\\/www.echoppe-francaise.fr\\\/blog\\\/#organization\"},\"potentialAction\":[{\"@type\":\"SearchAction\",\"target\":{\"@type\":\"EntryPoint\",\"urlTemplate\":\"https:\\\/\\\/www.echoppe-francaise.fr\\\/blog\\\/?s={search_term_string}\"},\"query-input\":{\"@type\":\"PropertyValueSpecification\",\"valueRequired\":true,\"valueName\":\"search_term_string\"}}],\"inLanguage\":\"fr-FR\"},{\"@type\":\"Organization\",\"@id\":\"https:\\\/\\\/www.echoppe-francaise.fr\\\/blog\\\/#organization\",\"name\":\"L'\u00e9choppe Fran\u00e7aise\",\"url\":\"https:\\\/\\\/www.echoppe-francaise.fr\\\/blog\\\/\",\"logo\":{\"@type\":\"ImageObject\",\"inLanguage\":\"fr-FR\",\"@id\":\"https:\\\/\\\/www.echoppe-francaise.fr\\\/blog\\\/#\\\/schema\\\/logo\\\/image\\\/\",\"url\":\"https:\\\/\\\/www.echoppe-francaise.fr\\\/blog\\\/wp-content\\\/uploads\\\/2017\\\/04\\\/echoppe-francaise-logo-1489412704.png\",\"contentUrl\":\"https:\\\/\\\/www.echoppe-francaise.fr\\\/blog\\\/wp-content\\\/uploads\\\/2017\\\/04\\\/echoppe-francaise-logo-1489412704.png\",\"width\":492,\"height\":270,\"caption\":\"L'\u00e9choppe Fran\u00e7aise\"},\"image\":{\"@id\":\"https:\\\/\\\/www.echoppe-francaise.fr\\\/blog\\\/#\\\/schema\\\/logo\\\/image\\\/\"}}]}<\/script>\n<!-- \/ Yoast SEO plugin. -->","yoast_head_json":{"title":"Comment offrir un cadeau de cr\u00e9ateurs \u00e0 un homme pour No\u00ebl ?","description":"A la recherche du bon cadeau de cr\u00e9ateurs pour un homme pour ce No\u00ebl ? Lisez notre article pour tout savoir.","robots":{"index":"index","follow":"follow","max-snippet":"max-snippet:-1","max-image-preview":"max-image-preview:large","max-video-preview":"max-video-preview:-1"},"canonical":"https:\/\/www.echoppe-francaise.fr\/blog\/quel-cadeau-de-createurs-faire-a-un-homme-pour-noel\/","og_locale":"fr_FR","og_type":"article","og_title":"Comment offrir un cadeau de cr\u00e9ateurs \u00e0 un homme pour No\u00ebl ?","og_description":"A la recherche du bon cadeau de cr\u00e9ateurs pour un homme pour ce No\u00ebl ? Lisez notre article pour tout savoir.","og_url":"https:\/\/www.echoppe-francaise.fr\/blog\/quel-cadeau-de-createurs-faire-a-un-homme-pour-noel\/","og_site_name":"\u00c9choppe Fran\u00e7aise, le Blog","article_modified_time":"2026-01-20T10:49:10+00:00","og_image":[{"url":"https:\/\/lh7-us.googleusercontent.com\/dZOUAoXBVViNzG_VMjaDXbrPuaQWNFCCAu9Zl1Ov-cbZ8MCDkbSgzKzen6mDgPe-LiPVGwdXMDWxNV71LdrxChNqIY4Mx71Z3T9pqmgBQKH-lQjeqSQVZSq-MeEMz-g4KoUn7q2tOsy9","type":"","width":"","height":""}],"twitter_card":"summary_large_image","twitter_misc":{"Dur\u00e9e de lecture estim\u00e9e":"6 minutes"},"schema":{"@context":"https:\/\/schema.org","@graph":[{"@type":"WebPage","@id":"https:\/\/www.echoppe-francaise.fr\/blog\/quel-cadeau-de-createurs-faire-a-un-homme-pour-noel\/","url":"https:\/\/www.echoppe-francaise.fr\/blog\/quel-cadeau-de-createurs-faire-a-un-homme-pour-noel\/","name":"Comment offrir un cadeau de cr\u00e9ateurs \u00e0 un homme pour No\u00ebl ?","isPartOf":{"@id":"https:\/\/www.echoppe-francaise.fr\/blog\/#website"},"primaryImageOfPage":{"@id":"https:\/\/www.echoppe-francaise.fr\/blog\/quel-cadeau-de-createurs-faire-a-un-homme-pour-noel\/#primaryimage"},"image":{"@id":"https:\/\/www.echoppe-francaise.fr\/blog\/quel-cadeau-de-createurs-faire-a-un-homme-pour-noel\/#primaryimage"},"thumbnailUrl":"https:\/\/lh7-us.googleusercontent.com\/dZOUAoXBVViNzG_VMjaDXbrPuaQWNFCCAu9Zl1Ov-cbZ8MCDkbSgzKzen6mDgPe-LiPVGwdXMDWxNV71LdrxChNqIY4Mx71Z3T9pqmgBQKH-lQjeqSQVZSq-MeEMz-g4KoUn7q2tOsy9","datePublished":"2023-12-20T13:29:05+00:00","dateModified":"2026-01-20T10:49:10+00:00","description":"A la recherche du bon cadeau de cr\u00e9ateurs pour un homme pour ce No\u00ebl ? Lisez notre article pour tout savoir.","breadcrumb":{"@id":"https:\/\/www.echoppe-francaise.fr\/blog\/quel-cadeau-de-createurs-faire-a-un-homme-pour-noel\/#breadcrumb"},"inLanguage":"fr-FR","potentialAction":[{"@type":"ReadAction","target":["https:\/\/www.echoppe-francaise.fr\/blog\/quel-cadeau-de-createurs-faire-a-un-homme-pour-noel\/"]}]},{"@type":"ImageObject","inLanguage":"fr-FR","@id":"https:\/\/www.echoppe-francaise.fr\/blog\/quel-cadeau-de-createurs-faire-a-un-homme-pour-noel\/#primaryimage","url":"https:\/\/lh7-us.googleusercontent.com\/dZOUAoXBVViNzG_VMjaDXbrPuaQWNFCCAu9Zl1Ov-cbZ8MCDkbSgzKzen6mDgPe-LiPVGwdXMDWxNV71LdrxChNqIY4Mx71Z3T9pqmgBQKH-lQjeqSQVZSq-MeEMz-g4KoUn7q2tOsy9","contentUrl":"https:\/\/lh7-us.googleusercontent.com\/dZOUAoXBVViNzG_VMjaDXbrPuaQWNFCCAu9Zl1Ov-cbZ8MCDkbSgzKzen6mDgPe-LiPVGwdXMDWxNV71LdrxChNqIY4Mx71Z3T9pqmgBQKH-lQjeqSQVZSq-MeEMz-g4KoUn7q2tOsy9"},{"@type":"BreadcrumbList","@id":"https:\/\/www.echoppe-francaise.fr\/blog\/quel-cadeau-de-createurs-faire-a-un-homme-pour-noel\/#breadcrumb","itemListElement":[{"@type":"ListItem","position":1,"name":"Accueil","item":"https:\/\/www.echoppe-francaise.fr\/blog\/"},{"@type":"ListItem","position":2,"name":"Quel cadeau de cr\u00e9ateurs faire \u00e0 un homme pour No\u00ebl\u00a0?"}]},{"@type":"WebSite","@id":"https:\/\/www.echoppe-francaise.fr\/blog\/#website","url":"https:\/\/www.echoppe-francaise.fr\/blog\/","name":"\u00c9choppe Fran\u00e7aise, le Blog","description":"Le blog des Cr\u00e9atrices et Cr\u00e9ateurs fran\u00e7ais","publisher":{"@id":"https:\/\/www.echoppe-francaise.fr\/blog\/#organization"},"potentialAction":[{"@type":"SearchAction","target":{"@type":"EntryPoint","urlTemplate":"https:\/\/www.echoppe-francaise.fr\/blog\/?s={search_term_string}"},"query-input":{"@type":"PropertyValueSpecification","valueRequired":true,"valueName":"search_term_string"}}],"inLanguage":"fr-FR"},{"@type":"Organization","@id":"https:\/\/www.echoppe-francaise.fr\/blog\/#organization","name":"L'\u00e9choppe Fran\u00e7aise","url":"https:\/\/www.echoppe-francaise.fr\/blog\/","logo":{"@type":"ImageObject","inLanguage":"fr-FR","@id":"https:\/\/www.echoppe-francaise.fr\/blog\/#\/schema\/logo\/image\/","url":"https:\/\/www.echoppe-francaise.fr\/blog\/wp-content\/uploads\/2017\/04\/echoppe-francaise-logo-1489412704.png","contentUrl":"https:\/\/www.echoppe-francaise.fr\/blog\/wp-content\/uploads\/2017\/04\/echoppe-francaise-logo-1489412704.png","width":492,"height":270,"caption":"L'\u00e9choppe Fran\u00e7aise"},"image":{"@id":"https:\/\/www.echoppe-francaise.fr\/blog\/#\/schema\/logo\/image\/"}}]}},"_links":{"self":[{"href":"https:\/\/www.echoppe-francaise.fr\/blog\/wp-json\/wp\/v2\/pages\/1990","targetHints":{"allow":["GET"]}}],"collection":[{"href":"https:\/\/www.echoppe-francaise.fr\/blog\/wp-json\/wp\/v2\/pages"}],"about":[{"href":"https:\/\/www.echoppe-francaise.fr\/blog\/wp-json\/wp\/v2\/types\/page"}],"author":[{"embeddable":true,"href":"https:\/\/www.echoppe-francaise.fr\/blog\/wp-json\/wp\/v2\/users\/6"}],"replies":[{"embeddable":true,"href":"https:\/\/www.echoppe-francaise.fr\/blog\/wp-json\/wp\/v2\/comments?post=1990"}],"version-history":[{"count":7,"href":"https:\/\/www.echoppe-francaise.fr\/blog\/wp-json\/wp\/v2\/pages\/1990\/revisions"}],"predecessor-version":[{"id":2320,"href":"https:\/\/www.echoppe-francaise.fr\/blog\/wp-json\/wp\/v2\/pages\/1990\/revisions\/2320"}],"wp:attachment":[{"href":"https:\/\/www.echoppe-francaise.fr\/blog\/wp-json\/wp\/v2\/media?parent=1990"}],"curies":[{"name":"wp","href":"https:\/\/api.w.org\/{rel}","templated":true}]}}