{"id":1988,"date":"2023-12-20T14:29:09","date_gmt":"2023-12-20T13:29:09","guid":{"rendered":"https:\/\/www.echoppe-francaise.fr\/blog\/?page_id=1988"},"modified":"2026-01-20T11:40:09","modified_gmt":"2026-01-20T10:40:09","slug":"quel-est-le-meilleur-cadeau-de-noel-pour-une-femme","status":"publish","type":"page","link":"https:\/\/www.echoppe-francaise.fr\/blog\/quel-est-le-meilleur-cadeau-de-noel-pour-une-femme\/","title":{"rendered":"Quel est le meilleur cadeau de No\u00ebl pour une femme\u00a0?"},"content":{"rendered":"\n<figure class=\"wp-block-image\"><img decoding=\"async\" src=\"https:\/\/lh7-us.googleusercontent.com\/nU-xuCeB0QgCRkT3wY2jCN6_J_0q8n-_IaaQ_gYBl6zYaqayDgaqTVRmuNNEpV5KuaHZlaDGCdmIVweBpdWmz-jDxvUgpq7O_54qFKLrIoEPGmZl5SkrvVKADQ3ETW_heZlqosxenCM-\" alt=\"\"\/><\/figure>\n\n\n\n<p class=\"wp-block-paragraph\">Comment faire plaisir \u00e0 votre femme pour les f\u00eates&nbsp;? Voici nos suggestions pour trouver le meilleur <strong><a href=\"https:\/\/www.echoppe-francaise.fr\/cadeaux-de-noel-fabrique-en-france\" target=\"_blank\" rel=\"noreferrer noopener\">cadeau de No\u00ebl<\/a><\/strong> \u00e0 mettre sous le sapin. Et, on vous donne aussi quelques astuces pour faire le tri entre toutes les propositions disponibles sur les boutiques en ligne.&nbsp;<\/p>\n\n\n\n<h2 class=\"wp-block-heading\">Un cadeau de No\u00ebl venant de cr\u00e9ateur fran\u00e7ais de pr\u00e9f\u00e9rence&nbsp;<\/h2>\n\n\n\n<p class=\"wp-block-paragraph\">Rien de tel que le chic \u00e0 la fran\u00e7aise pour faire chavirer le c\u0153ur de ces dames. C\u2019est un choix parfait pour le <strong>cadeau de No\u00ebl pour une femme<\/strong>.<\/p>\n\n\n\n<h3 class=\"wp-block-heading\">Les avantages des cadeaux de No\u00ebl made in France&nbsp;<\/h3>\n\n\n\n<figure class=\"wp-block-image\"><img decoding=\"async\" src=\"https:\/\/lh7-us.googleusercontent.com\/2mxuCVJGqq1ohTo4K9wCdRs13xTmfrV6ljkvj6biwPvLMeupYklamU-8jlMlQD-qB4Pna3OprzZrL05fjuCvUcAxeDRs-oOPuzOZgCYi00SMdEM_gdieBcz2-HlfZNlnVT5lwLpi67xQ\" alt=\"Un p\u00e8re No\u00ebl qui tient un paquet cadeau avec un ruban rouge et un autocollant made in France. \"\/><\/figure>\n\n\n\n<p class=\"wp-block-paragraph\">Vous cherchez \u00e0 vivre un <strong>No\u00ebl \u00e9cologique<\/strong>&nbsp;? Le Made in France est votre meilleur alli\u00e9. \u00c9vitez d\u2019importer vos pr\u00e9sents de l\u2019autre bout du monde. Et, vous n\u2019\u00eates pas sans savoir la qualit\u00e9 de production des artisans fran\u00e7ais. Ils soignent les finitions. Vous aurez droit \u00e0 des cadeaux \u00e9l\u00e9gants, uniques et responsables.&nbsp;<\/p>\n\n\n\n<p class=\"wp-block-paragraph\">Ne doutez pas du choix des mat\u00e9riaux de fabrication. Vous aurez des articles en bois certifi\u00e9. Certains utilisent du cuir ou du coton haut de gamme. De quoi garantir la <strong>durabilit\u00e9 <\/strong>de vos accessoires. C\u2019est parfait pour des cadeaux souvenirs.&nbsp;<\/p>\n\n\n\n<p class=\"wp-block-paragraph\">Sur l\u2019Echoppe Fran\u00e7aise, pas besoin de d\u00e9penser des milliers d\u2019euros pour garnir votre sapin. Comptez-en quelques dizaines pour un <strong>accessoire unique et esth\u00e9tique<\/strong>. Vous serez s\u00fbr de la provenance de vos cadeaux. Et, vous discuterez directement avec les cr\u00e9ateurs.&nbsp;<\/p>\n\n\n\n<h3 class=\"wp-block-heading\">Des id\u00e9es de cadeaux de No\u00ebl fabriqu\u00e9 en France id\u00e9ale pour les femmes&nbsp;<\/h3>\n\n\n\n<figure class=\"wp-block-image\"><img decoding=\"async\" src=\"https:\/\/lh7-us.googleusercontent.com\/gIYDUgCSORliT88ULdsJd1pol6m8rajZU8fgU_rm1wV-sEZ3oqJQHqDJNn0AL4OEbfmnclghmdvkSZZw6y4GnwZba28YdTm6GVFJi5ZbmIorDhn-2NNGBTPVrb6H6wsxvTzckr2dBnQ8\" alt=\"Un paquet cadeau avec une carte cadeaau France et des produits locaux fran\u00e7ais autour. \"\/><\/figure>\n\n\n\n<p class=\"wp-block-paragraph\">Notre site propose un large choix de cadeaux de No\u00ebl pour femme fabriqu\u00e9 en France. Tel est le cas&nbsp;:&nbsp;<\/p>\n\n\n\n<ul class=\"wp-block-list\">\n<li>Des <strong>boucles d\u2019oreilles<\/strong>&nbsp;adapt\u00e9 \u00e0 la morphologie du visage de votre femme<\/li>\n\n\n\n<li>Une <strong>trousse<\/strong> en coton avec des motifs scandinaves ou tropicaux&nbsp;<\/li>\n\n\n\n<li>Des <strong>pins ou des cam\u00e9s<\/strong> personnalis\u00e9s<\/li>\n\n\n\n<li>Une <strong>sangle<\/strong> en cuir et coton pour transporter un casque de moto ou un appareil photo avec style<\/li>\n\n\n\n<li>Un <strong>headband en coton<\/strong> tendance et color\u00e9&nbsp;<\/li>\n\n\n\n<li>Les <strong>accessoires de d\u00e9coration en bois color\u00e9s&nbsp;<\/strong>: de quoi donner de l\u2019esth\u00e9tisme et organiser son bureau ou la maison<\/li>\n<\/ul>\n\n\n\n<h2 class=\"wp-block-heading\">Les astuces pour choisir le bon pr\u00e9sent pour faire plaisir \u00e0 votre femme pendant les f\u00eates<\/h2>\n\n\n\n<p class=\"wp-block-paragraph\">Vous voulez \u00eatre s\u00fbr de <strong>faire plaisir \u00e0 votre femme<\/strong>&nbsp;? Ne choisissez pas la premi\u00e8re proposition de No\u00ebl venue. Voici des astuces pour acheter le bon pr\u00e9sent.&nbsp;<\/p>\n\n\n\n<h3 class=\"wp-block-heading\">Trouvez ce dont elle a besoin<\/h3>\n\n\n\n<figure class=\"wp-block-image\"><img decoding=\"async\" src=\"https:\/\/lh7-us.googleusercontent.com\/sC7T7EBfj2VKsO42DlEHc6wx-06fGvsHRwFpMIOvJO5TUAn7w6uia9_EVJtm6QA2MgxcONowVlNLhUBiFjAuq41JPPvDcSr4NcwWFNZLQ2H-b6ElpPniwQE3vNqGmgQPHRzvEuU8fS1M\" alt=\"Un paquet cadeau avec des dessins d'accessoires de mode et un ruban bleu et une \u00e9tiquette joyeux No\u00ebl.\"\/><\/figure>\n\n\n\n<p class=\"wp-block-paragraph\">Menez votre enqu\u00eate. Mais, soyez subtile pour ne pas g\u00e2cher la surprise. D\u00e9couvrez ce <strong>dont elle a besoin<\/strong>. Un nouveau vide-poche pour ses pinceaux de maquillage&nbsp;? Un organisateur de courrier pour sa correspondance au bureau&nbsp;? Une nouvelle paire de boucle d\u2019oreilles qui la mette en valeur&nbsp;?&nbsp;<\/p>\n\n\n\n<p class=\"wp-block-paragraph\">Menez la conversation sans poser la question Mais, faites en sorte d\u2019avoir des r\u00e9ponses claires sur ce qu\u2019elle attend pour No\u00ebl. Ou, demandez \u00e0 ses parents, ses amis ou son entourage.&nbsp;<\/p>\n\n\n\n<p class=\"wp-block-paragraph\">Bref, essayez de lui trouver un <strong>cadeau utile<\/strong>.&nbsp;&nbsp;<\/p>\n\n\n\n<h3 class=\"wp-block-heading\">Quel est son style et sa taille&nbsp;?&nbsp;<\/h3>\n\n\n\n<figure class=\"wp-block-image\"><img decoding=\"async\" src=\"https:\/\/lh7-us.googleusercontent.com\/I441p-yNod1zqLOFvfD4PVonjPzynuy8n2roiJeK1kkg8Wm2jAdMNVfzH8okAGzS7Sx0MmjO3mNMQld_fId3QFSgs0Y0Y0zlshwpTqGDJ4CMjD2SWr6gT2_NMv1qw6TeuEm9Uwfm3lN-\" alt=\"Un cadeau de No\u00ebl pos\u00e9 sur la table avec un ruban dor\u00e9 et des accessoires pour femme autour.\"\/><\/figure>\n\n\n\n<p class=\"wp-block-paragraph\">Une paire de boucles d\u2019oreille ne sert \u00e0 rien si ce n\u2019est pas son style. Faites attention quand vous choisissez des <strong>accessoires de mode<\/strong>. D\u00e9couvrez-en un peu sur sa personnalit\u00e9 avant. Visitez sa garde-robe. Cela vous donnera aussi des id\u00e9es sur les couleurs et les formes qu\u2019elle appr\u00e9cie. Et, surtout, trouvez la bonne taille. Elle sera \u00e0 l\u2019aise en les portant. Vous aurez gagn\u00e9 votre pari.&nbsp;<\/p>\n\n\n\n<h3 class=\"wp-block-heading\">Un pr\u00e9sent qui provoquera de l\u2019\u00e9motion<\/h3>\n\n\n\n<figure class=\"wp-block-image\"><img decoding=\"async\" src=\"https:\/\/lh7-us.googleusercontent.com\/hgs__NX5zdM33uXL2MwIlWaPdYMlD9b0C3bl94kPOn15IInTvvjrt__2WV4CQkVRzCy85NgkZGs_xyDb-sVKZrb8ZKmmPLqitc-67c0Z4cWqN76NTPLww6CGPVx8zhtObcKP5sUykR-N\" alt=\"Une femme qui pleure en tenant un cadeau de No\u00ebl dans sa main.\"\/><\/figure>\n\n\n\n<p class=\"wp-block-paragraph\">Gardez l\u2019effet de surprise, m\u00eame si c\u2019est dur. Mais, surtout, optez pour quelque chose de <strong>tendance<\/strong>. Vous cr\u00e9erez l\u2019\u00e9motion. Ce peut \u00eatre la larme aux yeux, l\u2019\u00e9tonnement, ou la joie.&nbsp;<\/p>\n\n\n\n<h3 class=\"wp-block-heading\">Un souvenir qui durera toute une vie<\/h3>\n\n\n\n<figure class=\"wp-block-image\"><img decoding=\"async\" src=\"https:\/\/lh7-us.googleusercontent.com\/91lrAc8lAm4Yp-00BPz7O--JX2ejUwv04I7Fooyh5BTJfuaT-gqERZEFM0RvdJLtyHJkfIVpeupV3vVEmqonFh3Yl7gyJ51AkuVSAr4bhC6NFq6m4f8_SdmB8D-5VAtKVHp3jFucD-1D\" alt=\"Un paquet cadeau de No\u00ebl avec un ruban gris et des d\u00e9corations de No\u00ebl.\"\/><\/figure>\n\n\n\n<p class=\"wp-block-paragraph\">Faites en sorte qu\u2019elle se rappelle de ce No\u00ebl toute sa vie. Choisissez aussi un <strong>cadeau durable<\/strong>. Le Made in France reste un choix valable. Vous aurez des accessoires faits avec des mat\u00e9riaux haut de gamme.&nbsp;<\/p>\n\n\n\n<h3 class=\"wp-block-heading\">Pas besoin de vous ruiner pour ce faire&nbsp;<\/h3>\n\n\n\n<figure class=\"wp-block-image\"><img decoding=\"async\" src=\"https:\/\/lh7-us.googleusercontent.com\/-sTO-X_b0E5oPT-vNETDKVSwqo8KW3xgCiPrbk9bg4n2zmzJnz6wD3fENOZ1JZ2Pk5pNYJhntks9HD-trJ7xYVwpQeOcQGorMRyBQPJesIr397f2Od-tvL_H2gIrAqBBCa5H54eUWK5l\" alt=\"Une boucle d'oreille en bois en forme de feuillage par des cr\u00e9ateurs fran\u00e7ais.\"\/><\/figure>\n\n\n\n<p class=\"wp-block-paragraph\">Et, choisissez des cadeaux dans votre <strong>budget. <\/strong>Sur l\u2019Echoppe Fran\u00e7ais, vous avez&nbsp;:&nbsp;<\/p>\n\n\n\n<ul class=\"wp-block-list\">\n<li>Des boucles d\u2019oreilles pour vingtaine d\u2019euros<\/li>\n\n\n\n<li>Des trousses pour 22.50 euros<\/li>\n\n\n\n<li>Une sangle pour une vingtaine d\u2019euros environ&nbsp;<\/li>\n\n\n\n<li>35 euros pour un Headband&nbsp;<\/li>\n<\/ul>\n\n\n\n<p class=\"wp-block-paragraph\">Visitez notre site pour trouver votre bonheur.&nbsp;<\/p>\n\n\n\n<h3 class=\"wp-block-heading\">Et, si vous avez besoin de plus amples conseils pour choisir vos cadeaux de no\u00ebl, lisez&nbsp;:&nbsp;<\/h3>\n\n\n\n<ul class=\"wp-block-list\">\n<li><a href=\"https:\/\/www.echoppe-francaise.fr\/blog\/quel-cadeau-de-createurs-faire-a-un-homme-pour-noel\/\" target=\"_blank\" rel=\"noreferrer noopener\">Quel cadeau de cr\u00e9ateurs faire \u00e0 un homme pour No\u00ebl\u00a0?<\/a><\/li>\n\n\n\n<li><a href=\"https:\/\/www.echoppe-francaise.fr\/blog\/7-idees-de-cadeau-de-noel-vraiment-fabrique-en-france\/\" target=\"_blank\" rel=\"noreferrer noopener\">7 id\u00e9es de cadeaux de No\u00ebl vraiment fabriqu\u00e9s en France<\/a><\/li>\n\n\n\n<li><a href=\"https:\/\/www.echoppe-francaise.fr\/blog\/guide-pour-trouver-des-cadeaux-de-noel-reellement-fabriques-en-france\/\">Guide pour trouver de super cadeaux de No\u00ebl fabriqu\u00e9s en France<\/a><\/li>\n\n\n\n<li><a href=\"https:\/\/www.echoppe-francaise.fr\/blog\/pourquoi-offrir-un-cadeau-fabrique-en-france-a-noel\/\">Pourquoi offrir un cadeau de No\u00ebl fabriqu\u00e9 en France ?<\/a><\/li>\n<\/ul>\n","protected":false},"excerpt":{"rendered":"<p>Comment faire plaisir \u00e0 votre femme pour les f\u00eates&nbsp;? Voici nos suggestions pour trouver le meilleur cadeau de No\u00ebl \u00e0 mettre sous le sapin. Et, on vous donne aussi quelques astuces pour faire le tri entre toutes les propositions disponibles sur les boutiques en ligne.&nbsp; Un cadeau de No\u00ebl venant de cr\u00e9ateur fran\u00e7ais de pr\u00e9f\u00e9rence&nbsp;&hellip;&nbsp;<\/p>\n","protected":false},"author":6,"featured_media":0,"parent":0,"menu_order":0,"comment_status":"closed","ping_status":"closed","template":"","meta":{"_crdt_document":"","neve_meta_sidebar":"","neve_meta_container":"","neve_meta_enable_content_width":"","neve_meta_content_width":0,"neve_meta_title_alignment":"","neve_meta_author_avatar":"","neve_post_elements_order":"","neve_meta_disable_header":"","neve_meta_disable_footer":"","neve_meta_disable_title":"","footnotes":""},"class_list":["post-1988","page","type-page","status-publish","hentry"],"yoast_head":"<!-- This site is optimized with the Yoast SEO plugin v27.5 - https:\/\/yoast.com\/product\/yoast-seo-wordpress\/ -->\n<title>Comment trouver un cadeau de No\u00ebl pour une femme ?<\/title>\n<meta name=\"description\" content=\"Retrouvez dans cet articles nos conseils et nos suggestions pour un cadeau de No\u00ebl pour une femme.\" \/>\n<meta name=\"robots\" content=\"index, follow, max-snippet:-1, max-image-preview:large, max-video-preview:-1\" \/>\n<link rel=\"canonical\" href=\"https:\/\/www.echoppe-francaise.fr\/blog\/quel-est-le-meilleur-cadeau-de-noel-pour-une-femme\/\" \/>\n<meta property=\"og:locale\" content=\"fr_FR\" \/>\n<meta property=\"og:type\" content=\"article\" \/>\n<meta property=\"og:title\" content=\"Comment trouver un cadeau de No\u00ebl pour une femme ?\" \/>\n<meta property=\"og:description\" content=\"Retrouvez dans cet articles nos conseils et nos suggestions pour un cadeau de No\u00ebl pour une femme.\" \/>\n<meta property=\"og:url\" content=\"https:\/\/www.echoppe-francaise.fr\/blog\/quel-est-le-meilleur-cadeau-de-noel-pour-une-femme\/\" \/>\n<meta property=\"og:site_name\" content=\"\u00c9choppe Fran\u00e7aise, le Blog\" \/>\n<meta property=\"article:modified_time\" content=\"2026-01-20T10:40:09+00:00\" \/>\n<meta property=\"og:image\" content=\"https:\/\/lh7-us.googleusercontent.com\/nU-xuCeB0QgCRkT3wY2jCN6_J_0q8n-_IaaQ_gYBl6zYaqayDgaqTVRmuNNEpV5KuaHZlaDGCdmIVweBpdWmz-jDxvUgpq7O_54qFKLrIoEPGmZl5SkrvVKADQ3ETW_heZlqosxenCM-\" \/>\n<meta name=\"twitter:card\" content=\"summary_large_image\" \/>\n<meta name=\"twitter:label1\" content=\"Dur\u00e9e de lecture estim\u00e9e\" \/>\n\t<meta name=\"twitter:data1\" content=\"6 minutes\" \/>\n<script type=\"application\/ld+json\" class=\"yoast-schema-graph\">{\"@context\":\"https:\\\/\\\/schema.org\",\"@graph\":[{\"@type\":\"WebPage\",\"@id\":\"https:\\\/\\\/www.echoppe-francaise.fr\\\/blog\\\/quel-est-le-meilleur-cadeau-de-noel-pour-une-femme\\\/\",\"url\":\"https:\\\/\\\/www.echoppe-francaise.fr\\\/blog\\\/quel-est-le-meilleur-cadeau-de-noel-pour-une-femme\\\/\",\"name\":\"Comment trouver un cadeau de No\u00ebl pour une femme ?\",\"isPartOf\":{\"@id\":\"https:\\\/\\\/www.echoppe-francaise.fr\\\/blog\\\/#website\"},\"primaryImageOfPage\":{\"@id\":\"https:\\\/\\\/www.echoppe-francaise.fr\\\/blog\\\/quel-est-le-meilleur-cadeau-de-noel-pour-une-femme\\\/#primaryimage\"},\"image\":{\"@id\":\"https:\\\/\\\/www.echoppe-francaise.fr\\\/blog\\\/quel-est-le-meilleur-cadeau-de-noel-pour-une-femme\\\/#primaryimage\"},\"thumbnailUrl\":\"https:\\\/\\\/lh7-us.googleusercontent.com\\\/nU-xuCeB0QgCRkT3wY2jCN6_J_0q8n-_IaaQ_gYBl6zYaqayDgaqTVRmuNNEpV5KuaHZlaDGCdmIVweBpdWmz-jDxvUgpq7O_54qFKLrIoEPGmZl5SkrvVKADQ3ETW_heZlqosxenCM-\",\"datePublished\":\"2023-12-20T13:29:09+00:00\",\"dateModified\":\"2026-01-20T10:40:09+00:00\",\"description\":\"Retrouvez dans cet articles nos conseils et nos suggestions pour un cadeau de No\u00ebl pour une femme.\",\"breadcrumb\":{\"@id\":\"https:\\\/\\\/www.echoppe-francaise.fr\\\/blog\\\/quel-est-le-meilleur-cadeau-de-noel-pour-une-femme\\\/#breadcrumb\"},\"inLanguage\":\"fr-FR\",\"potentialAction\":[{\"@type\":\"ReadAction\",\"target\":[\"https:\\\/\\\/www.echoppe-francaise.fr\\\/blog\\\/quel-est-le-meilleur-cadeau-de-noel-pour-une-femme\\\/\"]}]},{\"@type\":\"ImageObject\",\"inLanguage\":\"fr-FR\",\"@id\":\"https:\\\/\\\/www.echoppe-francaise.fr\\\/blog\\\/quel-est-le-meilleur-cadeau-de-noel-pour-une-femme\\\/#primaryimage\",\"url\":\"https:\\\/\\\/lh7-us.googleusercontent.com\\\/nU-xuCeB0QgCRkT3wY2jCN6_J_0q8n-_IaaQ_gYBl6zYaqayDgaqTVRmuNNEpV5KuaHZlaDGCdmIVweBpdWmz-jDxvUgpq7O_54qFKLrIoEPGmZl5SkrvVKADQ3ETW_heZlqosxenCM-\",\"contentUrl\":\"https:\\\/\\\/lh7-us.googleusercontent.com\\\/nU-xuCeB0QgCRkT3wY2jCN6_J_0q8n-_IaaQ_gYBl6zYaqayDgaqTVRmuNNEpV5KuaHZlaDGCdmIVweBpdWmz-jDxvUgpq7O_54qFKLrIoEPGmZl5SkrvVKADQ3ETW_heZlqosxenCM-\"},{\"@type\":\"BreadcrumbList\",\"@id\":\"https:\\\/\\\/www.echoppe-francaise.fr\\\/blog\\\/quel-est-le-meilleur-cadeau-de-noel-pour-une-femme\\\/#breadcrumb\",\"itemListElement\":[{\"@type\":\"ListItem\",\"position\":1,\"name\":\"Accueil\",\"item\":\"https:\\\/\\\/www.echoppe-francaise.fr\\\/blog\\\/\"},{\"@type\":\"ListItem\",\"position\":2,\"name\":\"Quel est le meilleur cadeau de No\u00ebl pour une femme\u00a0?\"}]},{\"@type\":\"WebSite\",\"@id\":\"https:\\\/\\\/www.echoppe-francaise.fr\\\/blog\\\/#website\",\"url\":\"https:\\\/\\\/www.echoppe-francaise.fr\\\/blog\\\/\",\"name\":\"\u00c9choppe Fran\u00e7aise, le Blog\",\"description\":\"Le blog des Cr\u00e9atrices et Cr\u00e9ateurs fran\u00e7ais\",\"publisher\":{\"@id\":\"https:\\\/\\\/www.echoppe-francaise.fr\\\/blog\\\/#organization\"},\"potentialAction\":[{\"@type\":\"SearchAction\",\"target\":{\"@type\":\"EntryPoint\",\"urlTemplate\":\"https:\\\/\\\/www.echoppe-francaise.fr\\\/blog\\\/?s={search_term_string}\"},\"query-input\":{\"@type\":\"PropertyValueSpecification\",\"valueRequired\":true,\"valueName\":\"search_term_string\"}}],\"inLanguage\":\"fr-FR\"},{\"@type\":\"Organization\",\"@id\":\"https:\\\/\\\/www.echoppe-francaise.fr\\\/blog\\\/#organization\",\"name\":\"L'\u00e9choppe Fran\u00e7aise\",\"url\":\"https:\\\/\\\/www.echoppe-francaise.fr\\\/blog\\\/\",\"logo\":{\"@type\":\"ImageObject\",\"inLanguage\":\"fr-FR\",\"@id\":\"https:\\\/\\\/www.echoppe-francaise.fr\\\/blog\\\/#\\\/schema\\\/logo\\\/image\\\/\",\"url\":\"https:\\\/\\\/www.echoppe-francaise.fr\\\/blog\\\/wp-content\\\/uploads\\\/2017\\\/04\\\/echoppe-francaise-logo-1489412704.png\",\"contentUrl\":\"https:\\\/\\\/www.echoppe-francaise.fr\\\/blog\\\/wp-content\\\/uploads\\\/2017\\\/04\\\/echoppe-francaise-logo-1489412704.png\",\"width\":492,\"height\":270,\"caption\":\"L'\u00e9choppe Fran\u00e7aise\"},\"image\":{\"@id\":\"https:\\\/\\\/www.echoppe-francaise.fr\\\/blog\\\/#\\\/schema\\\/logo\\\/image\\\/\"}}]}<\/script>\n<!-- \/ Yoast SEO plugin. -->","yoast_head_json":{"title":"Comment trouver un cadeau de No\u00ebl pour une femme ?","description":"Retrouvez dans cet articles nos conseils et nos suggestions pour un cadeau de No\u00ebl pour une femme.","robots":{"index":"index","follow":"follow","max-snippet":"max-snippet:-1","max-image-preview":"max-image-preview:large","max-video-preview":"max-video-preview:-1"},"canonical":"https:\/\/www.echoppe-francaise.fr\/blog\/quel-est-le-meilleur-cadeau-de-noel-pour-une-femme\/","og_locale":"fr_FR","og_type":"article","og_title":"Comment trouver un cadeau de No\u00ebl pour une femme ?","og_description":"Retrouvez dans cet articles nos conseils et nos suggestions pour un cadeau de No\u00ebl pour une femme.","og_url":"https:\/\/www.echoppe-francaise.fr\/blog\/quel-est-le-meilleur-cadeau-de-noel-pour-une-femme\/","og_site_name":"\u00c9choppe Fran\u00e7aise, le Blog","article_modified_time":"2026-01-20T10:40:09+00:00","og_image":[{"url":"https:\/\/lh7-us.googleusercontent.com\/nU-xuCeB0QgCRkT3wY2jCN6_J_0q8n-_IaaQ_gYBl6zYaqayDgaqTVRmuNNEpV5KuaHZlaDGCdmIVweBpdWmz-jDxvUgpq7O_54qFKLrIoEPGmZl5SkrvVKADQ3ETW_heZlqosxenCM-","type":"","width":"","height":""}],"twitter_card":"summary_large_image","twitter_misc":{"Dur\u00e9e de lecture estim\u00e9e":"6 minutes"},"schema":{"@context":"https:\/\/schema.org","@graph":[{"@type":"WebPage","@id":"https:\/\/www.echoppe-francaise.fr\/blog\/quel-est-le-meilleur-cadeau-de-noel-pour-une-femme\/","url":"https:\/\/www.echoppe-francaise.fr\/blog\/quel-est-le-meilleur-cadeau-de-noel-pour-une-femme\/","name":"Comment trouver un cadeau de No\u00ebl pour une femme ?","isPartOf":{"@id":"https:\/\/www.echoppe-francaise.fr\/blog\/#website"},"primaryImageOfPage":{"@id":"https:\/\/www.echoppe-francaise.fr\/blog\/quel-est-le-meilleur-cadeau-de-noel-pour-une-femme\/#primaryimage"},"image":{"@id":"https:\/\/www.echoppe-francaise.fr\/blog\/quel-est-le-meilleur-cadeau-de-noel-pour-une-femme\/#primaryimage"},"thumbnailUrl":"https:\/\/lh7-us.googleusercontent.com\/nU-xuCeB0QgCRkT3wY2jCN6_J_0q8n-_IaaQ_gYBl6zYaqayDgaqTVRmuNNEpV5KuaHZlaDGCdmIVweBpdWmz-jDxvUgpq7O_54qFKLrIoEPGmZl5SkrvVKADQ3ETW_heZlqosxenCM-","datePublished":"2023-12-20T13:29:09+00:00","dateModified":"2026-01-20T10:40:09+00:00","description":"Retrouvez dans cet articles nos conseils et nos suggestions pour un cadeau de No\u00ebl pour une femme.","breadcrumb":{"@id":"https:\/\/www.echoppe-francaise.fr\/blog\/quel-est-le-meilleur-cadeau-de-noel-pour-une-femme\/#breadcrumb"},"inLanguage":"fr-FR","potentialAction":[{"@type":"ReadAction","target":["https:\/\/www.echoppe-francaise.fr\/blog\/quel-est-le-meilleur-cadeau-de-noel-pour-une-femme\/"]}]},{"@type":"ImageObject","inLanguage":"fr-FR","@id":"https:\/\/www.echoppe-francaise.fr\/blog\/quel-est-le-meilleur-cadeau-de-noel-pour-une-femme\/#primaryimage","url":"https:\/\/lh7-us.googleusercontent.com\/nU-xuCeB0QgCRkT3wY2jCN6_J_0q8n-_IaaQ_gYBl6zYaqayDgaqTVRmuNNEpV5KuaHZlaDGCdmIVweBpdWmz-jDxvUgpq7O_54qFKLrIoEPGmZl5SkrvVKADQ3ETW_heZlqosxenCM-","contentUrl":"https:\/\/lh7-us.googleusercontent.com\/nU-xuCeB0QgCRkT3wY2jCN6_J_0q8n-_IaaQ_gYBl6zYaqayDgaqTVRmuNNEpV5KuaHZlaDGCdmIVweBpdWmz-jDxvUgpq7O_54qFKLrIoEPGmZl5SkrvVKADQ3ETW_heZlqosxenCM-"},{"@type":"BreadcrumbList","@id":"https:\/\/www.echoppe-francaise.fr\/blog\/quel-est-le-meilleur-cadeau-de-noel-pour-une-femme\/#breadcrumb","itemListElement":[{"@type":"ListItem","position":1,"name":"Accueil","item":"https:\/\/www.echoppe-francaise.fr\/blog\/"},{"@type":"ListItem","position":2,"name":"Quel est le meilleur cadeau de No\u00ebl pour une femme\u00a0?"}]},{"@type":"WebSite","@id":"https:\/\/www.echoppe-francaise.fr\/blog\/#website","url":"https:\/\/www.echoppe-francaise.fr\/blog\/","name":"\u00c9choppe Fran\u00e7aise, le Blog","description":"Le blog des Cr\u00e9atrices et Cr\u00e9ateurs fran\u00e7ais","publisher":{"@id":"https:\/\/www.echoppe-francaise.fr\/blog\/#organization"},"potentialAction":[{"@type":"SearchAction","target":{"@type":"EntryPoint","urlTemplate":"https:\/\/www.echoppe-francaise.fr\/blog\/?s={search_term_string}"},"query-input":{"@type":"PropertyValueSpecification","valueRequired":true,"valueName":"search_term_string"}}],"inLanguage":"fr-FR"},{"@type":"Organization","@id":"https:\/\/www.echoppe-francaise.fr\/blog\/#organization","name":"L'\u00e9choppe Fran\u00e7aise","url":"https:\/\/www.echoppe-francaise.fr\/blog\/","logo":{"@type":"ImageObject","inLanguage":"fr-FR","@id":"https:\/\/www.echoppe-francaise.fr\/blog\/#\/schema\/logo\/image\/","url":"https:\/\/www.echoppe-francaise.fr\/blog\/wp-content\/uploads\/2017\/04\/echoppe-francaise-logo-1489412704.png","contentUrl":"https:\/\/www.echoppe-francaise.fr\/blog\/wp-content\/uploads\/2017\/04\/echoppe-francaise-logo-1489412704.png","width":492,"height":270,"caption":"L'\u00e9choppe Fran\u00e7aise"},"image":{"@id":"https:\/\/www.echoppe-francaise.fr\/blog\/#\/schema\/logo\/image\/"}}]}},"_links":{"self":[{"href":"https:\/\/www.echoppe-francaise.fr\/blog\/wp-json\/wp\/v2\/pages\/1988","targetHints":{"allow":["GET"]}}],"collection":[{"href":"https:\/\/www.echoppe-francaise.fr\/blog\/wp-json\/wp\/v2\/pages"}],"about":[{"href":"https:\/\/www.echoppe-francaise.fr\/blog\/wp-json\/wp\/v2\/types\/page"}],"author":[{"embeddable":true,"href":"https:\/\/www.echoppe-francaise.fr\/blog\/wp-json\/wp\/v2\/users\/6"}],"replies":[{"embeddable":true,"href":"https:\/\/www.echoppe-francaise.fr\/blog\/wp-json\/wp\/v2\/comments?post=1988"}],"version-history":[{"count":6,"href":"https:\/\/www.echoppe-francaise.fr\/blog\/wp-json\/wp\/v2\/pages\/1988\/revisions"}],"predecessor-version":[{"id":2322,"href":"https:\/\/www.echoppe-francaise.fr\/blog\/wp-json\/wp\/v2\/pages\/1988\/revisions\/2322"}],"wp:attachment":[{"href":"https:\/\/www.echoppe-francaise.fr\/blog\/wp-json\/wp\/v2\/media?parent=1988"}],"curies":[{"name":"wp","href":"https:\/\/api.w.org\/{rel}","templated":true}]}}