{"id":1977,"date":"2023-12-18T13:54:29","date_gmt":"2023-12-18T12:54:29","guid":{"rendered":"https:\/\/www.echoppe-francaise.fr\/blog\/?page_id=1977"},"modified":"2023-12-18T13:57:03","modified_gmt":"2023-12-18T12:57:03","slug":"quelle-boucle-doreille-pour-visage-ovale","status":"publish","type":"page","link":"https:\/\/www.echoppe-francaise.fr\/blog\/quelle-boucle-doreille-pour-visage-ovale\/","title":{"rendered":"Quelle boucle d&rsquo;oreille pour visage ovale\u00a0?"},"content":{"rendered":"\n<figure class=\"wp-block-image\"><img decoding=\"async\" src=\"https:\/\/lh7-us.googleusercontent.com\/_31UjD9kHo6ZYOoH1qHF_xmxCYbN6IDGuhzSuGWcyUM2H5HTQBgJC6Qm3U_jto1NwtxCqQLosvlPNpAHOdLPEtchF1vbF7oNuZfvbMTHRgtm8LMp6XIeFHH-EHPdgINWK1YEIVF26Sgk\" alt=\"Une femme au visage ovale avec une paire de boucle d'oreille chic et imposante en argent en avec des perles.\"\/><\/figure>\n\n\n\n<p class=\"wp-block-paragraph\">Un visage ovale peut \u00eatre flatteur. Il suffit de le mettre en valeur. Choisissez la bonne forme de <strong>boucles d\u2019oreilles<\/strong> pour ce faire. Le point sur nos recommandations.&nbsp;<\/p>\n\n\n\n<h2 class=\"wp-block-heading\">Osez les boucles d\u2019oreilles pendantes pour un visage oval<\/h2>\n\n\n\n<figure class=\"wp-block-image\"><img decoding=\"async\" src=\"https:\/\/lh7-us.googleusercontent.com\/v2A2vM_XCSr59pMc0Xfa7AaHbY1n1BubpIp-dJMwS3b-vWu6nmYPc-tJSqARAArViprFytBwL_5M6oWBP4PWHDw39Pg4xJAAdJ-buhy5-MCBQlvqL8Z820xabyMIaR3h9Rmi8Z5Mz2y1\" alt=\"Une boucle d'oreille pendante en argent et avec des pompons nudes port\u00e9e par une brune au visage ovale.\"\/><\/figure>\n\n\n\n<p class=\"wp-block-paragraph\">Non, des bijoux pendants ne vous d\u00e9valoriseront pas. Il suffit de choisir la <strong>bonne longueur<\/strong>. \u00c9vitez les mod\u00e8les trop longs. Pr\u00e9f\u00e9rez les boucles d\u2019oreilles qui s\u2019arr\u00eatent au niveau de la joue. C\u2019est id\u00e9al pour compl\u00e9ter la forme de votre visage.&nbsp;<\/p>\n\n\n\n<p class=\"wp-block-paragraph\">Ce sont les passe-partout de la mode. Les <strong>boucles d\u2019oreilles pendantes<\/strong> ajoutent du chic et de la modernit\u00e9. Trouvez le mod\u00e8le id\u00e9al sur notre boutique en ligne. L\u2019\u00c9choppe Fran\u00e7aise propose des accessoires made in France. Ils sont faits avec du bois ou du cuir. Ce sont les alli\u00e9s parfaits pour une touche d\u2019originalit\u00e9.&nbsp;<\/p>\n\n\n\n<h2 class=\"wp-block-heading\">Les puces d\u2019oreilles&nbsp;: des incontournables dans votre look<\/h2>\n\n\n\n<figure class=\"wp-block-image\"><img decoding=\"async\" src=\"https:\/\/lh7-us.googleusercontent.com\/IPysJzsRvJlEooix4IeOtfDZCd9PhLqif-_HHfpPpD0dMD1xnINZnpXYNp67PiCqiwQ7hRMu8h9VJhvJeMSmEXKlC38OcBBUW3vBNxCIt2F_7vs9xZIDZ_80ebJsBafPLnbVfXXyl2Om\" alt=\"Une puce d'oreille avec une pierre transparente \u00e9clatante port\u00e9e par une femme aux cheveux courts. \"\/><\/figure>\n\n\n\n<p class=\"wp-block-paragraph\">Ne boudez pas les <strong>puces d\u2019oreilles ou studs<\/strong>. Des versions chics et travaill\u00e9es sont disponibles. Elles ressortent mieux avec les cheveux courts. Et, elles sont parfaites pour une touche d\u2019\u00e9l\u00e9gance dans votre tenue. Choisissez des accessoires color\u00e9s pour de l\u2019originalit\u00e9. Mais, adaptez les couleurs \u00e0 votre carnation ou \u00e0 vos cheveux. Vous vous mettrez plus en valeur.&nbsp;<\/p>\n\n\n\n<p class=\"wp-block-paragraph\">Et, pourquoi pas les puces avec des pierres pr\u00e9cieuses&nbsp;? C\u2019est parfait pour les <strong>femmes glamour<\/strong>. De quoi mettre en avant la sym\u00e9trie naturelle de votre visage. Un look classique&nbsp;? Les perles sont de retour sur le devant de la sc\u00e8ne. Les choix parfaits pour une touche glamour.&nbsp;<\/p>\n\n\n\n<h2 class=\"wp-block-heading\">Les ind\u00e9modables cr\u00e9oles pour encadrer votre visage ovale<\/h2>\n\n\n\n<figure class=\"wp-block-image\"><img decoding=\"async\" src=\"https:\/\/lh7-us.googleusercontent.com\/kJ1pAjzAXaEwAM257WEm3L257ztnzsxjonFty2-6k8yOad0pSZ_FbYGfxE_T2xWLMuf6ZjrGzFbF80-vhpTzd2bIy95qrk7mdHKS8oazV7ZOtH9OtnLLG14AMtBghhcP7Z5qKPSZ6zpD\" alt=\"Une cr\u00e9ole argent\u00e9 tendance et originale avec une rose rouge et une perle. \"\/><\/figure>\n\n\n\n<p class=\"wp-block-paragraph\">Les <strong>cr\u00e9oles <\/strong>sont aussi vos alli\u00e9s&nbsp;: des valeurs s\u00fbres de la mode. Selon la taille de votre visage, choisissez-les de taille moyenne ou XXL. Dans les deux cas, elles structurent parfaitement votre look. Et, elles apportent une touche de modernit\u00e9 \u00e0 votre tenue.&nbsp;<\/p>\n\n\n\n<p class=\"wp-block-paragraph\">On conseille les mod\u00e8les <strong>or ou argent\u00e9s<\/strong>. Ce sont les plus tendance. Et, pour info, les cr\u00e9oles se r\u00e9inventent de nos jours. En plus des formes rondes classiques, vous avez&nbsp;:&nbsp;<\/p>\n\n\n\n<ul class=\"wp-block-list\">\n<li>Les deux anneaux&nbsp;<\/li>\n\n\n\n<li>Les pendantes<\/li>\n\n\n\n<li>Avec des pierres pr\u00e9cieuses et\/ou brillantes<\/li>\n<\/ul>\n\n\n\n<p class=\"wp-block-paragraph\">Adaptez vos boucles d\u2019oreilles \u00e0 l\u2019<strong>occasion <\/strong>\u00e0 laquelle vous assistez. Elles doivent compl\u00e9ter votre tenue.\u00a0<\/p>\n\n\n\n<p class=\"wp-block-paragraph\">On vous donne d&rsquo;autres conseils pour bien choisir vos accessoires de mode sur notre article : <a href=\"https:\/\/www.echoppe-francaise.fr\/blog\/quelle-boucle-doreille-pour-quel-visage\/\" target=\"_blank\" rel=\"noreferrer noopener\">Quelle boucle d&rsquo;oreille pour quel visage\u00a0?<\/a><\/p>\n\n\n\n<h2 class=\"wp-block-heading\">Pourquoi pas les formes g\u00e9om\u00e9triques&nbsp;?&nbsp;<\/h2>\n\n\n\n<figure class=\"wp-block-image\"><img decoding=\"async\" src=\"https:\/\/lh7-us.googleusercontent.com\/Babjkixd1rP_Uv5hpPdlHEgL7GGFidT6q0wLhD3W0opgi5vuDySgoFNDn0Z72za_Tzwo2Qqg9jWroKMSxWGnK0yfH-xV4b5qBrnC_1IAacHtoXAyu3P6pNyd_V37osaca4E5xk08mgvB\" alt=\"Boucle d'oreille argent\u00e9 de forme carr\u00e9 port\u00e9e par une femme aux cheveux longs et au visage ovale.\"\/><\/figure>\n\n\n\n<p class=\"wp-block-paragraph\">Vous avez plus de possibilit\u00e9s de boucles d\u2019oreilles avec un visage ovale. Les <strong>formes g\u00e9om\u00e9triques<\/strong> sont aussi des options. Compensez vos rondeurs avec des accessoires en triangles ou rectangulaires. Ou, ajoutez de la douceur \u00e0 votre mise en beaut\u00e9 avec des boucles d\u2019oreilles cercles.&nbsp;<\/p>\n\n\n\n<p class=\"wp-block-paragraph\">Ou, pourquoi pas les accessoires <strong>asym\u00e9triques<\/strong>&nbsp;? Ainsi, jouez avec diff\u00e9rentes formes en m\u00eame temps. C\u2019est parfait pour un look original et tendance. Il y a m\u00eame les boucles d\u2019oreilles avec des formes diff\u00e9rentes sur chaque oreille.&nbsp;<\/p>\n\n\n\n<p class=\"wp-block-paragraph\">Voil\u00e0 nos conseils pour mettre en valeur votre visage ovale. Il vous reste \u00e0 trouver la bonne taille et couleur. Tenez compte de ma morphologie de votre visage pour ce faire. Et, \u00e9cumez notre boutique en ligne pour trouver des <strong>boucles d\u2019oreilles made in France<\/strong>.&nbsp;<\/p>\n\n\n\n<p class=\"wp-block-paragraph\">Besoin de conseils pour un visage rond&nbsp;? Lisez notre autre guide&nbsp;:&nbsp;<\/p>\n\n\n\n<ul class=\"wp-block-list\">\n<li><a href=\"https:\/\/www.echoppe-francaise.fr\/blog\/quelle-boucle-doreille-pour-visage-rond\/\" target=\"_blank\" rel=\"noreferrer noopener\">Quelle boucle d\u2019oreille pour visage rond\u00a0?<\/a>\u00a0<\/li>\n<\/ul>\n","protected":false},"excerpt":{"rendered":"<p>Un visage ovale peut \u00eatre flatteur. Il suffit de le mettre en valeur. Choisissez la bonne forme de boucles d\u2019oreilles pour ce faire. Le point sur nos recommandations.&nbsp; Osez les boucles d\u2019oreilles pendantes pour un visage oval Non, des bijoux pendants ne vous d\u00e9valoriseront pas. Il suffit de choisir la bonne longueur. \u00c9vitez les mod\u00e8les&hellip;&nbsp;<\/p>\n","protected":false},"author":6,"featured_media":0,"parent":1834,"menu_order":0,"comment_status":"closed","ping_status":"closed","template":"","meta":{"_crdt_document":"","neve_meta_sidebar":"","neve_meta_container":"","neve_meta_enable_content_width":"","neve_meta_content_width":0,"neve_meta_title_alignment":"","neve_meta_author_avatar":"","neve_post_elements_order":"","neve_meta_disable_header":"","neve_meta_disable_footer":"","neve_meta_disable_title":"","footnotes":""},"class_list":["post-1977","page","type-page","status-publish","hentry"],"yoast_head":"<!-- This site is optimized with the Yoast SEO plugin v27.5 - https:\/\/yoast.com\/product\/yoast-seo-wordpress\/ -->\n<title>Choisir la bonne boucle d&#039;oreille pour visage ovale : les astuces<\/title>\n<meta name=\"description\" content=\"D\u00e9couvrez ici nos astuces pour trouver la bonne boucle d&#039;oreille pour visage ovale et sublimer ainsi votre look.\" \/>\n<meta name=\"robots\" content=\"index, follow, max-snippet:-1, max-image-preview:large, max-video-preview:-1\" \/>\n<link rel=\"canonical\" href=\"https:\/\/www.echoppe-francaise.fr\/blog\/quelle-boucle-doreille-pour-visage-ovale\/\" \/>\n<meta property=\"og:locale\" content=\"fr_FR\" \/>\n<meta property=\"og:type\" content=\"article\" \/>\n<meta property=\"og:title\" content=\"Choisir la bonne boucle d&#039;oreille pour visage ovale : les astuces\" \/>\n<meta property=\"og:description\" content=\"D\u00e9couvrez ici nos astuces pour trouver la bonne boucle d&#039;oreille pour visage ovale et sublimer ainsi votre look.\" \/>\n<meta property=\"og:url\" content=\"https:\/\/www.echoppe-francaise.fr\/blog\/quelle-boucle-doreille-pour-visage-ovale\/\" \/>\n<meta property=\"og:site_name\" content=\"\u00c9choppe Fran\u00e7aise, le Blog\" \/>\n<meta property=\"article:modified_time\" content=\"2023-12-18T12:57:03+00:00\" \/>\n<meta property=\"og:image\" content=\"https:\/\/lh7-us.googleusercontent.com\/_31UjD9kHo6ZYOoH1qHF_xmxCYbN6IDGuhzSuGWcyUM2H5HTQBgJC6Qm3U_jto1NwtxCqQLosvlPNpAHOdLPEtchF1vbF7oNuZfvbMTHRgtm8LMp6XIeFHH-EHPdgINWK1YEIVF26Sgk\" \/>\n<meta name=\"twitter:card\" content=\"summary_large_image\" \/>\n<meta name=\"twitter:label1\" content=\"Dur\u00e9e de lecture estim\u00e9e\" \/>\n\t<meta name=\"twitter:data1\" content=\"4 minutes\" \/>\n<script type=\"application\/ld+json\" class=\"yoast-schema-graph\">{\"@context\":\"https:\\\/\\\/schema.org\",\"@graph\":[{\"@type\":\"WebPage\",\"@id\":\"https:\\\/\\\/www.echoppe-francaise.fr\\\/blog\\\/quelle-boucle-doreille-pour-visage-ovale\\\/\",\"url\":\"https:\\\/\\\/www.echoppe-francaise.fr\\\/blog\\\/quelle-boucle-doreille-pour-visage-ovale\\\/\",\"name\":\"Choisir la bonne boucle d'oreille pour visage ovale : les astuces\",\"isPartOf\":{\"@id\":\"https:\\\/\\\/www.echoppe-francaise.fr\\\/blog\\\/#website\"},\"primaryImageOfPage\":{\"@id\":\"https:\\\/\\\/www.echoppe-francaise.fr\\\/blog\\\/quelle-boucle-doreille-pour-visage-ovale\\\/#primaryimage\"},\"image\":{\"@id\":\"https:\\\/\\\/www.echoppe-francaise.fr\\\/blog\\\/quelle-boucle-doreille-pour-visage-ovale\\\/#primaryimage\"},\"thumbnailUrl\":\"https:\\\/\\\/lh7-us.googleusercontent.com\\\/_31UjD9kHo6ZYOoH1qHF_xmxCYbN6IDGuhzSuGWcyUM2H5HTQBgJC6Qm3U_jto1NwtxCqQLosvlPNpAHOdLPEtchF1vbF7oNuZfvbMTHRgtm8LMp6XIeFHH-EHPdgINWK1YEIVF26Sgk\",\"datePublished\":\"2023-12-18T12:54:29+00:00\",\"dateModified\":\"2023-12-18T12:57:03+00:00\",\"description\":\"D\u00e9couvrez ici nos astuces pour trouver la bonne boucle d'oreille pour visage ovale et sublimer ainsi votre look.\",\"breadcrumb\":{\"@id\":\"https:\\\/\\\/www.echoppe-francaise.fr\\\/blog\\\/quelle-boucle-doreille-pour-visage-ovale\\\/#breadcrumb\"},\"inLanguage\":\"fr-FR\",\"potentialAction\":[{\"@type\":\"ReadAction\",\"target\":[\"https:\\\/\\\/www.echoppe-francaise.fr\\\/blog\\\/quelle-boucle-doreille-pour-visage-ovale\\\/\"]}]},{\"@type\":\"ImageObject\",\"inLanguage\":\"fr-FR\",\"@id\":\"https:\\\/\\\/www.echoppe-francaise.fr\\\/blog\\\/quelle-boucle-doreille-pour-visage-ovale\\\/#primaryimage\",\"url\":\"https:\\\/\\\/lh7-us.googleusercontent.com\\\/_31UjD9kHo6ZYOoH1qHF_xmxCYbN6IDGuhzSuGWcyUM2H5HTQBgJC6Qm3U_jto1NwtxCqQLosvlPNpAHOdLPEtchF1vbF7oNuZfvbMTHRgtm8LMp6XIeFHH-EHPdgINWK1YEIVF26Sgk\",\"contentUrl\":\"https:\\\/\\\/lh7-us.googleusercontent.com\\\/_31UjD9kHo6ZYOoH1qHF_xmxCYbN6IDGuhzSuGWcyUM2H5HTQBgJC6Qm3U_jto1NwtxCqQLosvlPNpAHOdLPEtchF1vbF7oNuZfvbMTHRgtm8LMp6XIeFHH-EHPdgINWK1YEIVF26Sgk\"},{\"@type\":\"BreadcrumbList\",\"@id\":\"https:\\\/\\\/www.echoppe-francaise.fr\\\/blog\\\/quelle-boucle-doreille-pour-visage-ovale\\\/#breadcrumb\",\"itemListElement\":[{\"@type\":\"ListItem\",\"position\":1,\"name\":\"Accueil\",\"item\":\"https:\\\/\\\/www.echoppe-francaise.fr\\\/blog\\\/\"},{\"@type\":\"ListItem\",\"position\":2,\"name\":\"Comment choisir mes boucles d\u2019oreilles\u00a0?\",\"item\":\"https:\\\/\\\/www.echoppe-francaise.fr\\\/blog\\\/comment-choisir-mes-boucles-doreilles\\\/\"},{\"@type\":\"ListItem\",\"position\":3,\"name\":\"Quelle boucle d&rsquo;oreille pour quel visage\u00a0?\",\"item\":\"https:\\\/\\\/www.echoppe-francaise.fr\\\/blog\\\/quelle-boucle-doreille-pour-quel-visage\\\/\"},{\"@type\":\"ListItem\",\"position\":4,\"name\":\"Quelle boucle d&rsquo;oreille pour visage ovale\u00a0?\"}]},{\"@type\":\"WebSite\",\"@id\":\"https:\\\/\\\/www.echoppe-francaise.fr\\\/blog\\\/#website\",\"url\":\"https:\\\/\\\/www.echoppe-francaise.fr\\\/blog\\\/\",\"name\":\"\u00c9choppe Fran\u00e7aise, le Blog\",\"description\":\"Le blog des Cr\u00e9atrices et Cr\u00e9ateurs fran\u00e7ais\",\"publisher\":{\"@id\":\"https:\\\/\\\/www.echoppe-francaise.fr\\\/blog\\\/#organization\"},\"potentialAction\":[{\"@type\":\"SearchAction\",\"target\":{\"@type\":\"EntryPoint\",\"urlTemplate\":\"https:\\\/\\\/www.echoppe-francaise.fr\\\/blog\\\/?s={search_term_string}\"},\"query-input\":{\"@type\":\"PropertyValueSpecification\",\"valueRequired\":true,\"valueName\":\"search_term_string\"}}],\"inLanguage\":\"fr-FR\"},{\"@type\":\"Organization\",\"@id\":\"https:\\\/\\\/www.echoppe-francaise.fr\\\/blog\\\/#organization\",\"name\":\"L'\u00e9choppe Fran\u00e7aise\",\"url\":\"https:\\\/\\\/www.echoppe-francaise.fr\\\/blog\\\/\",\"logo\":{\"@type\":\"ImageObject\",\"inLanguage\":\"fr-FR\",\"@id\":\"https:\\\/\\\/www.echoppe-francaise.fr\\\/blog\\\/#\\\/schema\\\/logo\\\/image\\\/\",\"url\":\"https:\\\/\\\/www.echoppe-francaise.fr\\\/blog\\\/wp-content\\\/uploads\\\/2017\\\/04\\\/echoppe-francaise-logo-1489412704.png\",\"contentUrl\":\"https:\\\/\\\/www.echoppe-francaise.fr\\\/blog\\\/wp-content\\\/uploads\\\/2017\\\/04\\\/echoppe-francaise-logo-1489412704.png\",\"width\":492,\"height\":270,\"caption\":\"L'\u00e9choppe Fran\u00e7aise\"},\"image\":{\"@id\":\"https:\\\/\\\/www.echoppe-francaise.fr\\\/blog\\\/#\\\/schema\\\/logo\\\/image\\\/\"}}]}<\/script>\n<!-- \/ Yoast SEO plugin. -->","yoast_head_json":{"title":"Choisir la bonne boucle d'oreille pour visage ovale : les astuces","description":"D\u00e9couvrez ici nos astuces pour trouver la bonne boucle d'oreille pour visage ovale et sublimer ainsi votre look.","robots":{"index":"index","follow":"follow","max-snippet":"max-snippet:-1","max-image-preview":"max-image-preview:large","max-video-preview":"max-video-preview:-1"},"canonical":"https:\/\/www.echoppe-francaise.fr\/blog\/quelle-boucle-doreille-pour-visage-ovale\/","og_locale":"fr_FR","og_type":"article","og_title":"Choisir la bonne boucle d'oreille pour visage ovale : les astuces","og_description":"D\u00e9couvrez ici nos astuces pour trouver la bonne boucle d'oreille pour visage ovale et sublimer ainsi votre look.","og_url":"https:\/\/www.echoppe-francaise.fr\/blog\/quelle-boucle-doreille-pour-visage-ovale\/","og_site_name":"\u00c9choppe Fran\u00e7aise, le Blog","article_modified_time":"2023-12-18T12:57:03+00:00","og_image":[{"url":"https:\/\/lh7-us.googleusercontent.com\/_31UjD9kHo6ZYOoH1qHF_xmxCYbN6IDGuhzSuGWcyUM2H5HTQBgJC6Qm3U_jto1NwtxCqQLosvlPNpAHOdLPEtchF1vbF7oNuZfvbMTHRgtm8LMp6XIeFHH-EHPdgINWK1YEIVF26Sgk","type":"","width":"","height":""}],"twitter_card":"summary_large_image","twitter_misc":{"Dur\u00e9e de lecture estim\u00e9e":"4 minutes"},"schema":{"@context":"https:\/\/schema.org","@graph":[{"@type":"WebPage","@id":"https:\/\/www.echoppe-francaise.fr\/blog\/quelle-boucle-doreille-pour-visage-ovale\/","url":"https:\/\/www.echoppe-francaise.fr\/blog\/quelle-boucle-doreille-pour-visage-ovale\/","name":"Choisir la bonne boucle d'oreille pour visage ovale : les astuces","isPartOf":{"@id":"https:\/\/www.echoppe-francaise.fr\/blog\/#website"},"primaryImageOfPage":{"@id":"https:\/\/www.echoppe-francaise.fr\/blog\/quelle-boucle-doreille-pour-visage-ovale\/#primaryimage"},"image":{"@id":"https:\/\/www.echoppe-francaise.fr\/blog\/quelle-boucle-doreille-pour-visage-ovale\/#primaryimage"},"thumbnailUrl":"https:\/\/lh7-us.googleusercontent.com\/_31UjD9kHo6ZYOoH1qHF_xmxCYbN6IDGuhzSuGWcyUM2H5HTQBgJC6Qm3U_jto1NwtxCqQLosvlPNpAHOdLPEtchF1vbF7oNuZfvbMTHRgtm8LMp6XIeFHH-EHPdgINWK1YEIVF26Sgk","datePublished":"2023-12-18T12:54:29+00:00","dateModified":"2023-12-18T12:57:03+00:00","description":"D\u00e9couvrez ici nos astuces pour trouver la bonne boucle d'oreille pour visage ovale et sublimer ainsi votre look.","breadcrumb":{"@id":"https:\/\/www.echoppe-francaise.fr\/blog\/quelle-boucle-doreille-pour-visage-ovale\/#breadcrumb"},"inLanguage":"fr-FR","potentialAction":[{"@type":"ReadAction","target":["https:\/\/www.echoppe-francaise.fr\/blog\/quelle-boucle-doreille-pour-visage-ovale\/"]}]},{"@type":"ImageObject","inLanguage":"fr-FR","@id":"https:\/\/www.echoppe-francaise.fr\/blog\/quelle-boucle-doreille-pour-visage-ovale\/#primaryimage","url":"https:\/\/lh7-us.googleusercontent.com\/_31UjD9kHo6ZYOoH1qHF_xmxCYbN6IDGuhzSuGWcyUM2H5HTQBgJC6Qm3U_jto1NwtxCqQLosvlPNpAHOdLPEtchF1vbF7oNuZfvbMTHRgtm8LMp6XIeFHH-EHPdgINWK1YEIVF26Sgk","contentUrl":"https:\/\/lh7-us.googleusercontent.com\/_31UjD9kHo6ZYOoH1qHF_xmxCYbN6IDGuhzSuGWcyUM2H5HTQBgJC6Qm3U_jto1NwtxCqQLosvlPNpAHOdLPEtchF1vbF7oNuZfvbMTHRgtm8LMp6XIeFHH-EHPdgINWK1YEIVF26Sgk"},{"@type":"BreadcrumbList","@id":"https:\/\/www.echoppe-francaise.fr\/blog\/quelle-boucle-doreille-pour-visage-ovale\/#breadcrumb","itemListElement":[{"@type":"ListItem","position":1,"name":"Accueil","item":"https:\/\/www.echoppe-francaise.fr\/blog\/"},{"@type":"ListItem","position":2,"name":"Comment choisir mes boucles d\u2019oreilles\u00a0?","item":"https:\/\/www.echoppe-francaise.fr\/blog\/comment-choisir-mes-boucles-doreilles\/"},{"@type":"ListItem","position":3,"name":"Quelle boucle d&rsquo;oreille pour quel visage\u00a0?","item":"https:\/\/www.echoppe-francaise.fr\/blog\/quelle-boucle-doreille-pour-quel-visage\/"},{"@type":"ListItem","position":4,"name":"Quelle boucle d&rsquo;oreille pour visage ovale\u00a0?"}]},{"@type":"WebSite","@id":"https:\/\/www.echoppe-francaise.fr\/blog\/#website","url":"https:\/\/www.echoppe-francaise.fr\/blog\/","name":"\u00c9choppe Fran\u00e7aise, le Blog","description":"Le blog des Cr\u00e9atrices et Cr\u00e9ateurs fran\u00e7ais","publisher":{"@id":"https:\/\/www.echoppe-francaise.fr\/blog\/#organization"},"potentialAction":[{"@type":"SearchAction","target":{"@type":"EntryPoint","urlTemplate":"https:\/\/www.echoppe-francaise.fr\/blog\/?s={search_term_string}"},"query-input":{"@type":"PropertyValueSpecification","valueRequired":true,"valueName":"search_term_string"}}],"inLanguage":"fr-FR"},{"@type":"Organization","@id":"https:\/\/www.echoppe-francaise.fr\/blog\/#organization","name":"L'\u00e9choppe Fran\u00e7aise","url":"https:\/\/www.echoppe-francaise.fr\/blog\/","logo":{"@type":"ImageObject","inLanguage":"fr-FR","@id":"https:\/\/www.echoppe-francaise.fr\/blog\/#\/schema\/logo\/image\/","url":"https:\/\/www.echoppe-francaise.fr\/blog\/wp-content\/uploads\/2017\/04\/echoppe-francaise-logo-1489412704.png","contentUrl":"https:\/\/www.echoppe-francaise.fr\/blog\/wp-content\/uploads\/2017\/04\/echoppe-francaise-logo-1489412704.png","width":492,"height":270,"caption":"L'\u00e9choppe Fran\u00e7aise"},"image":{"@id":"https:\/\/www.echoppe-francaise.fr\/blog\/#\/schema\/logo\/image\/"}}]}},"_links":{"self":[{"href":"https:\/\/www.echoppe-francaise.fr\/blog\/wp-json\/wp\/v2\/pages\/1977","targetHints":{"allow":["GET"]}}],"collection":[{"href":"https:\/\/www.echoppe-francaise.fr\/blog\/wp-json\/wp\/v2\/pages"}],"about":[{"href":"https:\/\/www.echoppe-francaise.fr\/blog\/wp-json\/wp\/v2\/types\/page"}],"author":[{"embeddable":true,"href":"https:\/\/www.echoppe-francaise.fr\/blog\/wp-json\/wp\/v2\/users\/6"}],"replies":[{"embeddable":true,"href":"https:\/\/www.echoppe-francaise.fr\/blog\/wp-json\/wp\/v2\/comments?post=1977"}],"version-history":[{"count":1,"href":"https:\/\/www.echoppe-francaise.fr\/blog\/wp-json\/wp\/v2\/pages\/1977\/revisions"}],"predecessor-version":[{"id":1979,"href":"https:\/\/www.echoppe-francaise.fr\/blog\/wp-json\/wp\/v2\/pages\/1977\/revisions\/1979"}],"up":[{"embeddable":true,"href":"https:\/\/www.echoppe-francaise.fr\/blog\/wp-json\/wp\/v2\/pages\/1834"}],"wp:attachment":[{"href":"https:\/\/www.echoppe-francaise.fr\/blog\/wp-json\/wp\/v2\/media?parent=1977"}],"curies":[{"name":"wp","href":"https:\/\/api.w.org\/{rel}","templated":true}]}}