{"id":1976,"date":"2023-12-18T13:44:17","date_gmt":"2023-12-18T12:44:17","guid":{"rendered":"https:\/\/www.echoppe-francaise.fr\/blog\/?page_id=1976"},"modified":"2023-12-18T13:57:04","modified_gmt":"2023-12-18T12:57:04","slug":"quelle-boucle-doreille-pour-visage-rond","status":"publish","type":"page","link":"https:\/\/www.echoppe-francaise.fr\/blog\/quelle-boucle-doreille-pour-visage-rond\/","title":{"rendered":"Quelle boucle d&rsquo;oreille pour visage rond\u00a0?"},"content":{"rendered":"\n<figure class=\"wp-block-image\"><img decoding=\"async\" src=\"https:\/\/lh7-us.googleusercontent.com\/ZgM2v9NdCZg5lsaK1LiJ7YpcxNymvP4nuVQeG_E6VAOzZPPyQxJwpAPCK-fkbE0yNNwVMtshqV0Cbkr6wx1LC5GN3o9l4tNF95DVKc5TTprTyc5EfPFAaB5zueM89m-DT8OKgO_CXVqO\" alt=\"Une femme aux yeux marron portant une boucle d'oreille violette pendante\"\/><\/figure>\n\n\n\n<p class=\"wp-block-paragraph\">Utilisez les <strong>boucles d\u2019oreilles<\/strong> pour compenser la forme de votre visage. Vous vous mettrez plus en valeur. Vous avez le visage rond&nbsp;? Voici nos conseils pour vous aider \u00e0 faire le meilleur choix.&nbsp;<\/p>\n\n\n\n<h2 class=\"wp-block-heading\">Une paire de boucles d\u2019oreilles pendantes pour ajouter de la longueur \u00e0 votre visage<\/h2>\n\n\n\n<figure class=\"wp-block-image\"><img decoding=\"async\" src=\"https:\/\/lh7-us.googleusercontent.com\/_Iy3gPOicvw5aRqCdynqnKMvnwfYOVK4aWq4BrBKo4FzAtqI59J7jsHzaiajGKLg8cCAVWQ29MOPCmf18m6V7F-uvfT8m11Ca2qoYNoPnHGolDEl4JHD-g1bbf57NoGkA7EKGgFlWyqn\" alt=\"Femme asiatique avec une boucle d'oreille en or avec des motifs de fleurs en cascade.\"\/><\/figure>\n\n\n\n<p class=\"wp-block-paragraph\">Optez pour une <strong>boucle d\u2019oreilles pendantes<\/strong>. C\u2019est parfait pour r\u00e9\u00e9quilibrer les proportions. Vous allongerez la forme de votre visage. De quoi vous flatter davantage. En plus, ce sont des mod\u00e8les de tendances. Vous avez le choix entre&nbsp;:&nbsp;<\/p>\n\n\n\n<ul class=\"wp-block-list\">\n<li>Des <strong>bijoux fantaisie simples<\/strong> pour aller au travail ou les sorties entre copines<\/li>\n\n\n\n<li>Les mod\u00e8les travaill\u00e9s avec des pierres pr\u00e9cieuses pour les \u00e9v\u00e8nements exceptionnels.&nbsp;<\/li>\n<\/ul>\n\n\n\n<p class=\"wp-block-paragraph\">Sur l\u2019\u00c9choppe Fran\u00e7aise, nos cr\u00e9ateurs r\u00e9pondent \u00e0 vos besoins. Ils travaillent avec du <strong>bois et du cuir<\/strong> pour des accessoires originaux. Vous aurez aussi le choix entre diverses couleurs. Mariez vos boucles d\u2019oreilles \u00e0 votre carnation. Idem avec la teinture de vos cheveux.\u00a0<\/p>\n\n\n\n<p class=\"wp-block-paragraph\">Retrouvez d&rsquo;autres conseils pour choisir votre bijoux sur notre guide complet : <a href=\"https:\/\/www.echoppe-francaise.fr\/blog\/quelle-boucle-doreille-pour-quel-visage\/\" target=\"_blank\" rel=\"noreferrer noopener\">Quelle boucle d&rsquo;oreille pour quel visage\u00a0?<\/a><\/p>\n\n\n\n<h2 class=\"wp-block-heading\">Jouez avec les pendentifs en formes g\u00e9om\u00e9triques<\/h2>\n\n\n\n<figure class=\"wp-block-image\"><img decoding=\"async\" src=\"https:\/\/lh7-us.googleusercontent.com\/e2-fpB-nviosBAH9dO6pUSgQuZwGK48t6BF5EZ4V_GTYbgFAGnsClej49yMxI6tEGhJWPfe16nwFJi9RXUJ_xvWYbBHFnP-RT_6ZSKMGa5RaQ4FRy3Dt7tnfnk_V1X7boMpD-ozG8ef6\" alt=\"Femme au visage rond avec une paire de boucles d'oreilles pendantes rose, blanc et bleu de forme g\u00e9om\u00e9trique.\"\/><\/figure>\n\n\n\n<p class=\"wp-block-paragraph\">Structurez votre look. Choisissez des boucles d\u2019oreilles de <strong>formes g\u00e9om\u00e9triques<\/strong>. Toujours dans le style vertical. Par exemple&nbsp;: rectangles, triangles, ou de simples lignes. L\u2019objectif \u00e9tant d\u2019\u00e9tirer votre visage.&nbsp;<\/p>\n\n\n\n<p class=\"wp-block-paragraph\">Vous avez le <strong>visage fin&nbsp;<\/strong>?<strong> <\/strong>Priorisez les boucles d\u2019oreilles de petite taille. Et, vice versa. Ne surchargez pas non plus votre look. Soyez \u00e0 l\u2019aise dans ce que vous portez.&nbsp;<\/p>\n\n\n\n<h2 class=\"wp-block-heading\">Suivez la tendance de boucles d\u2019oreilles en cascade&nbsp;<\/h2>\n\n\n\n<figure class=\"wp-block-image\"><img decoding=\"async\" src=\"https:\/\/lh7-us.googleusercontent.com\/iAW12BtZsiW5mUJjiy8ORaxWlOvodd3elQKO4xWRA8kiQ7kV4w4Et5LfoYnmPEvN2-sCBeLNurgEruiT6J1GbU7VWS5QdZX355A95e75sIp0o_vmNvbxstwa8pwiJ0aAHA2VFYt02X03\" alt=\"Femme asiatique portant une paire de boucles d'oreille en forme de fleur en argent, pendantes et d\u00e9cor\u00e9es de perles. \"\/><\/figure>\n\n\n\n<p class=\"wp-block-paragraph\">Il y a aussi une nouvelle tendance int\u00e9ressante pour celles qui ont un visage rond&nbsp;: <strong>boucles d\u2019oreilles en cascade<\/strong>. Ce sont des bijoux imposants. Plusieurs versions existent&nbsp;:&nbsp;<\/p>\n\n\n\n<ul class=\"wp-block-list\">\n<li>Avec des <strong>pierres brillantes transparentes<\/strong>&nbsp;: si vous aimez le bling bling<\/li>\n\n\n\n<li>Des boucles d\u2019oreilles imposantes&nbsp;: pour celles qui ont un visage imposant<\/li>\n<\/ul>\n\n\n\n<p class=\"wp-block-paragraph\">En <strong>argent ou en or<\/strong>&nbsp;: Choisissez des m\u00e9taux pr\u00e9cieux. La couleur est tendance pour toutes les carnations. Et, ils vous dureront plusieurs ann\u00e9es. De plus, ils s\u2019adaptent \u00e0 tous les \u00e9v\u00e8nements.&nbsp;<\/p>\n\n\n\n<h2 class=\"wp-block-heading\">Misez sur les formes angulaires&nbsp;<\/h2>\n\n\n\n<figure class=\"wp-block-image\"><img decoding=\"async\" src=\"https:\/\/lh7-us.googleusercontent.com\/IqVFH5Xg5CrJJcOrkndiomOUC6ju_keLDlAFWPNng0bXIeNOLuewckfSSsDUOZ4MKG2mIYVLPcRyQC1quBUFpJBwd7qowdUHeIdhd88WwxRk1bCHVMxFV5wLpcewsDgHSa2Vx8HAqf5T\" alt=\"Femme brune avec une paire de boucles d'oreilles angulaires de couleur bleu et marron.\"\/><\/figure>\n\n\n\n<p class=\"wp-block-paragraph\">Pr\u00e9f\u00e9rez les <strong>boucles d\u2019oreilles angulaires<\/strong>. On parle des bijoux en triangles ou losanges.&nbsp; Et, compl\u00e9tez la forme de votre visage&nbsp;:&nbsp;<\/p>\n\n\n\n<ul class=\"wp-block-list\">\n<li>Plus large \u00e0 la base si vous avez un menton fin<\/li>\n\n\n\n<li>Plus grand en haut pour celles qui ont un visage plus large \u00e0 la base&nbsp;<\/li>\n<\/ul>\n\n\n\n<p class=\"wp-block-paragraph\">Ce sera plus flatteur pour vous. Les <strong>lignes nettes<\/strong> augmentent vos traits. Vous para\u00eetrez moins juv\u00e9niles, plus glamour.&nbsp;<\/p>\n\n\n\n<h2 class=\"wp-block-heading\">Les boucles d\u2019oreilles longues et fines&nbsp;: le Net plus ultra des bijoux \u00e9l\u00e9gants<\/h2>\n\n\n\n<figure class=\"wp-block-image\"><img decoding=\"async\" src=\"https:\/\/lh7-us.googleusercontent.com\/hiIYL_eTV-ekvvXZww5C5jm0UzltchzB8QaFw5a-I63RNO_7_pnFAYywaaWV_XZvpXlguAWW3XR4pyUNIx0EYfB3dRQd4bb6uyeC_uIfDbDcMAWV_FtroJdAVO1qi0dVCCum5iVAV3cD\" alt=\"Femme brune au visage rond, avec une paire de boucles d'oreille en argent fine et longue.\"\/><\/figure>\n\n\n\n<p class=\"wp-block-paragraph\">Faites simple pour un <strong>look distingu\u00e9<\/strong>. On vous conseille les boucles d\u2019oreilles longues et fines. Celles en forme de ligne sont pris\u00e9es par les femmes de tous les \u00e2ges. Cette impression de longueur est gage d\u2019\u00e9l\u00e9gance. Vous affinerez simplement la forme de votre visage.&nbsp;<\/p>\n\n\n\n<p class=\"wp-block-paragraph\">Pr\u00e9f\u00e9rez les coupes strictes. \u00c9vitez les pendentifs ou les <strong>pierres de forme rondes<\/strong>. Vous accentuerez vos rondeurs. Et, exit aussi les accessoires trop courts. Ils n\u2019apportent rien \u00e0 votre look. Et, vous aurez l\u2019impression d\u2019avoir les joues pleines.&nbsp;<\/p>\n\n\n\n<h3 class=\"wp-block-heading\">Vous avez le visage ovale&nbsp;et non rond&nbsp;? Trouvez d\u2019autres astuces pour choisir vos boucles d\u2019oreilles sur notre article&nbsp;:&nbsp;<\/h3>\n\n\n\n<ul class=\"wp-block-list\">\n<li><a href=\"https:\/\/www.echoppe-francaise.fr\/blog\/quelle-boucle-doreille-pour-visage-ovale\/\" target=\"_blank\" rel=\"noreferrer noopener\">Quelle boucle d&rsquo;oreille pour visage ovale\u00a0?\u00a0<\/a><\/li>\n<\/ul>\n","protected":false},"excerpt":{"rendered":"<p>Utilisez les boucles d\u2019oreilles pour compenser la forme de votre visage. Vous vous mettrez plus en valeur. Vous avez le visage rond&nbsp;? Voici nos conseils pour vous aider \u00e0 faire le meilleur choix.&nbsp; Une paire de boucles d\u2019oreilles pendantes pour ajouter de la longueur \u00e0 votre visage Optez pour une boucle d\u2019oreilles pendantes. C\u2019est parfait&hellip;&nbsp;<\/p>\n","protected":false},"author":6,"featured_media":0,"parent":1834,"menu_order":0,"comment_status":"closed","ping_status":"closed","template":"","meta":{"_crdt_document":"","neve_meta_sidebar":"","neve_meta_container":"","neve_meta_enable_content_width":"","neve_meta_content_width":0,"neve_meta_title_alignment":"","neve_meta_author_avatar":"","neve_post_elements_order":"","neve_meta_disable_header":"","neve_meta_disable_footer":"","neve_meta_disable_title":"","footnotes":""},"class_list":["post-1976","page","type-page","status-publish","hentry"],"yoast_head":"<!-- This site is optimized with the Yoast SEO plugin v27.5 - https:\/\/yoast.com\/product\/yoast-seo-wordpress\/ -->\n<title>Comment choisir une boucle d&#039;oreille pour visage rond ?<\/title>\n<meta name=\"description\" content=\"Lisez notre article pour d\u00e9couvrir les diff\u00e9rentes astuces afin de trouver une boucle d&#039;oreille pour visage rond.\" \/>\n<meta name=\"robots\" content=\"index, follow, max-snippet:-1, max-image-preview:large, max-video-preview:-1\" \/>\n<link rel=\"canonical\" href=\"https:\/\/www.echoppe-francaise.fr\/blog\/quelle-boucle-doreille-pour-visage-rond\/\" \/>\n<meta property=\"og:locale\" content=\"fr_FR\" \/>\n<meta property=\"og:type\" content=\"article\" \/>\n<meta property=\"og:title\" content=\"Comment choisir une boucle d&#039;oreille pour visage rond ?\" \/>\n<meta property=\"og:description\" content=\"Lisez notre article pour d\u00e9couvrir les diff\u00e9rentes astuces afin de trouver une boucle d&#039;oreille pour visage rond.\" \/>\n<meta property=\"og:url\" content=\"https:\/\/www.echoppe-francaise.fr\/blog\/quelle-boucle-doreille-pour-visage-rond\/\" \/>\n<meta property=\"og:site_name\" content=\"\u00c9choppe Fran\u00e7aise, le Blog\" \/>\n<meta property=\"article:modified_time\" content=\"2023-12-18T12:57:04+00:00\" \/>\n<meta property=\"og:image\" content=\"https:\/\/lh7-us.googleusercontent.com\/ZgM2v9NdCZg5lsaK1LiJ7YpcxNymvP4nuVQeG_E6VAOzZPPyQxJwpAPCK-fkbE0yNNwVMtshqV0Cbkr6wx1LC5GN3o9l4tNF95DVKc5TTprTyc5EfPFAaB5zueM89m-DT8OKgO_CXVqO\" \/>\n<meta name=\"twitter:card\" content=\"summary_large_image\" \/>\n<meta name=\"twitter:label1\" content=\"Dur\u00e9e de lecture estim\u00e9e\" \/>\n\t<meta name=\"twitter:data1\" content=\"4 minutes\" \/>\n<script type=\"application\/ld+json\" class=\"yoast-schema-graph\">{\"@context\":\"https:\\\/\\\/schema.org\",\"@graph\":[{\"@type\":\"WebPage\",\"@id\":\"https:\\\/\\\/www.echoppe-francaise.fr\\\/blog\\\/quelle-boucle-doreille-pour-visage-rond\\\/\",\"url\":\"https:\\\/\\\/www.echoppe-francaise.fr\\\/blog\\\/quelle-boucle-doreille-pour-visage-rond\\\/\",\"name\":\"Comment choisir une boucle d'oreille pour visage rond ?\",\"isPartOf\":{\"@id\":\"https:\\\/\\\/www.echoppe-francaise.fr\\\/blog\\\/#website\"},\"primaryImageOfPage\":{\"@id\":\"https:\\\/\\\/www.echoppe-francaise.fr\\\/blog\\\/quelle-boucle-doreille-pour-visage-rond\\\/#primaryimage\"},\"image\":{\"@id\":\"https:\\\/\\\/www.echoppe-francaise.fr\\\/blog\\\/quelle-boucle-doreille-pour-visage-rond\\\/#primaryimage\"},\"thumbnailUrl\":\"https:\\\/\\\/lh7-us.googleusercontent.com\\\/ZgM2v9NdCZg5lsaK1LiJ7YpcxNymvP4nuVQeG_E6VAOzZPPyQxJwpAPCK-fkbE0yNNwVMtshqV0Cbkr6wx1LC5GN3o9l4tNF95DVKc5TTprTyc5EfPFAaB5zueM89m-DT8OKgO_CXVqO\",\"datePublished\":\"2023-12-18T12:44:17+00:00\",\"dateModified\":\"2023-12-18T12:57:04+00:00\",\"description\":\"Lisez notre article pour d\u00e9couvrir les diff\u00e9rentes astuces afin de trouver une boucle d'oreille pour visage rond.\",\"breadcrumb\":{\"@id\":\"https:\\\/\\\/www.echoppe-francaise.fr\\\/blog\\\/quelle-boucle-doreille-pour-visage-rond\\\/#breadcrumb\"},\"inLanguage\":\"fr-FR\",\"potentialAction\":[{\"@type\":\"ReadAction\",\"target\":[\"https:\\\/\\\/www.echoppe-francaise.fr\\\/blog\\\/quelle-boucle-doreille-pour-visage-rond\\\/\"]}]},{\"@type\":\"ImageObject\",\"inLanguage\":\"fr-FR\",\"@id\":\"https:\\\/\\\/www.echoppe-francaise.fr\\\/blog\\\/quelle-boucle-doreille-pour-visage-rond\\\/#primaryimage\",\"url\":\"https:\\\/\\\/lh7-us.googleusercontent.com\\\/ZgM2v9NdCZg5lsaK1LiJ7YpcxNymvP4nuVQeG_E6VAOzZPPyQxJwpAPCK-fkbE0yNNwVMtshqV0Cbkr6wx1LC5GN3o9l4tNF95DVKc5TTprTyc5EfPFAaB5zueM89m-DT8OKgO_CXVqO\",\"contentUrl\":\"https:\\\/\\\/lh7-us.googleusercontent.com\\\/ZgM2v9NdCZg5lsaK1LiJ7YpcxNymvP4nuVQeG_E6VAOzZPPyQxJwpAPCK-fkbE0yNNwVMtshqV0Cbkr6wx1LC5GN3o9l4tNF95DVKc5TTprTyc5EfPFAaB5zueM89m-DT8OKgO_CXVqO\"},{\"@type\":\"BreadcrumbList\",\"@id\":\"https:\\\/\\\/www.echoppe-francaise.fr\\\/blog\\\/quelle-boucle-doreille-pour-visage-rond\\\/#breadcrumb\",\"itemListElement\":[{\"@type\":\"ListItem\",\"position\":1,\"name\":\"Accueil\",\"item\":\"https:\\\/\\\/www.echoppe-francaise.fr\\\/blog\\\/\"},{\"@type\":\"ListItem\",\"position\":2,\"name\":\"Comment choisir mes boucles d\u2019oreilles\u00a0?\",\"item\":\"https:\\\/\\\/www.echoppe-francaise.fr\\\/blog\\\/comment-choisir-mes-boucles-doreilles\\\/\"},{\"@type\":\"ListItem\",\"position\":3,\"name\":\"Quelle boucle d&rsquo;oreille pour quel visage\u00a0?\",\"item\":\"https:\\\/\\\/www.echoppe-francaise.fr\\\/blog\\\/quelle-boucle-doreille-pour-quel-visage\\\/\"},{\"@type\":\"ListItem\",\"position\":4,\"name\":\"Quelle boucle d&rsquo;oreille pour visage rond\u00a0?\"}]},{\"@type\":\"WebSite\",\"@id\":\"https:\\\/\\\/www.echoppe-francaise.fr\\\/blog\\\/#website\",\"url\":\"https:\\\/\\\/www.echoppe-francaise.fr\\\/blog\\\/\",\"name\":\"\u00c9choppe Fran\u00e7aise, le Blog\",\"description\":\"Le blog des Cr\u00e9atrices et Cr\u00e9ateurs fran\u00e7ais\",\"publisher\":{\"@id\":\"https:\\\/\\\/www.echoppe-francaise.fr\\\/blog\\\/#organization\"},\"potentialAction\":[{\"@type\":\"SearchAction\",\"target\":{\"@type\":\"EntryPoint\",\"urlTemplate\":\"https:\\\/\\\/www.echoppe-francaise.fr\\\/blog\\\/?s={search_term_string}\"},\"query-input\":{\"@type\":\"PropertyValueSpecification\",\"valueRequired\":true,\"valueName\":\"search_term_string\"}}],\"inLanguage\":\"fr-FR\"},{\"@type\":\"Organization\",\"@id\":\"https:\\\/\\\/www.echoppe-francaise.fr\\\/blog\\\/#organization\",\"name\":\"L'\u00e9choppe Fran\u00e7aise\",\"url\":\"https:\\\/\\\/www.echoppe-francaise.fr\\\/blog\\\/\",\"logo\":{\"@type\":\"ImageObject\",\"inLanguage\":\"fr-FR\",\"@id\":\"https:\\\/\\\/www.echoppe-francaise.fr\\\/blog\\\/#\\\/schema\\\/logo\\\/image\\\/\",\"url\":\"https:\\\/\\\/www.echoppe-francaise.fr\\\/blog\\\/wp-content\\\/uploads\\\/2017\\\/04\\\/echoppe-francaise-logo-1489412704.png\",\"contentUrl\":\"https:\\\/\\\/www.echoppe-francaise.fr\\\/blog\\\/wp-content\\\/uploads\\\/2017\\\/04\\\/echoppe-francaise-logo-1489412704.png\",\"width\":492,\"height\":270,\"caption\":\"L'\u00e9choppe Fran\u00e7aise\"},\"image\":{\"@id\":\"https:\\\/\\\/www.echoppe-francaise.fr\\\/blog\\\/#\\\/schema\\\/logo\\\/image\\\/\"}}]}<\/script>\n<!-- \/ Yoast SEO plugin. -->","yoast_head_json":{"title":"Comment choisir une boucle d'oreille pour visage rond ?","description":"Lisez notre article pour d\u00e9couvrir les diff\u00e9rentes astuces afin de trouver une boucle d'oreille pour visage rond.","robots":{"index":"index","follow":"follow","max-snippet":"max-snippet:-1","max-image-preview":"max-image-preview:large","max-video-preview":"max-video-preview:-1"},"canonical":"https:\/\/www.echoppe-francaise.fr\/blog\/quelle-boucle-doreille-pour-visage-rond\/","og_locale":"fr_FR","og_type":"article","og_title":"Comment choisir une boucle d'oreille pour visage rond ?","og_description":"Lisez notre article pour d\u00e9couvrir les diff\u00e9rentes astuces afin de trouver une boucle d'oreille pour visage rond.","og_url":"https:\/\/www.echoppe-francaise.fr\/blog\/quelle-boucle-doreille-pour-visage-rond\/","og_site_name":"\u00c9choppe Fran\u00e7aise, le Blog","article_modified_time":"2023-12-18T12:57:04+00:00","og_image":[{"url":"https:\/\/lh7-us.googleusercontent.com\/ZgM2v9NdCZg5lsaK1LiJ7YpcxNymvP4nuVQeG_E6VAOzZPPyQxJwpAPCK-fkbE0yNNwVMtshqV0Cbkr6wx1LC5GN3o9l4tNF95DVKc5TTprTyc5EfPFAaB5zueM89m-DT8OKgO_CXVqO","type":"","width":"","height":""}],"twitter_card":"summary_large_image","twitter_misc":{"Dur\u00e9e de lecture estim\u00e9e":"4 minutes"},"schema":{"@context":"https:\/\/schema.org","@graph":[{"@type":"WebPage","@id":"https:\/\/www.echoppe-francaise.fr\/blog\/quelle-boucle-doreille-pour-visage-rond\/","url":"https:\/\/www.echoppe-francaise.fr\/blog\/quelle-boucle-doreille-pour-visage-rond\/","name":"Comment choisir une boucle d'oreille pour visage rond ?","isPartOf":{"@id":"https:\/\/www.echoppe-francaise.fr\/blog\/#website"},"primaryImageOfPage":{"@id":"https:\/\/www.echoppe-francaise.fr\/blog\/quelle-boucle-doreille-pour-visage-rond\/#primaryimage"},"image":{"@id":"https:\/\/www.echoppe-francaise.fr\/blog\/quelle-boucle-doreille-pour-visage-rond\/#primaryimage"},"thumbnailUrl":"https:\/\/lh7-us.googleusercontent.com\/ZgM2v9NdCZg5lsaK1LiJ7YpcxNymvP4nuVQeG_E6VAOzZPPyQxJwpAPCK-fkbE0yNNwVMtshqV0Cbkr6wx1LC5GN3o9l4tNF95DVKc5TTprTyc5EfPFAaB5zueM89m-DT8OKgO_CXVqO","datePublished":"2023-12-18T12:44:17+00:00","dateModified":"2023-12-18T12:57:04+00:00","description":"Lisez notre article pour d\u00e9couvrir les diff\u00e9rentes astuces afin de trouver une boucle d'oreille pour visage rond.","breadcrumb":{"@id":"https:\/\/www.echoppe-francaise.fr\/blog\/quelle-boucle-doreille-pour-visage-rond\/#breadcrumb"},"inLanguage":"fr-FR","potentialAction":[{"@type":"ReadAction","target":["https:\/\/www.echoppe-francaise.fr\/blog\/quelle-boucle-doreille-pour-visage-rond\/"]}]},{"@type":"ImageObject","inLanguage":"fr-FR","@id":"https:\/\/www.echoppe-francaise.fr\/blog\/quelle-boucle-doreille-pour-visage-rond\/#primaryimage","url":"https:\/\/lh7-us.googleusercontent.com\/ZgM2v9NdCZg5lsaK1LiJ7YpcxNymvP4nuVQeG_E6VAOzZPPyQxJwpAPCK-fkbE0yNNwVMtshqV0Cbkr6wx1LC5GN3o9l4tNF95DVKc5TTprTyc5EfPFAaB5zueM89m-DT8OKgO_CXVqO","contentUrl":"https:\/\/lh7-us.googleusercontent.com\/ZgM2v9NdCZg5lsaK1LiJ7YpcxNymvP4nuVQeG_E6VAOzZPPyQxJwpAPCK-fkbE0yNNwVMtshqV0Cbkr6wx1LC5GN3o9l4tNF95DVKc5TTprTyc5EfPFAaB5zueM89m-DT8OKgO_CXVqO"},{"@type":"BreadcrumbList","@id":"https:\/\/www.echoppe-francaise.fr\/blog\/quelle-boucle-doreille-pour-visage-rond\/#breadcrumb","itemListElement":[{"@type":"ListItem","position":1,"name":"Accueil","item":"https:\/\/www.echoppe-francaise.fr\/blog\/"},{"@type":"ListItem","position":2,"name":"Comment choisir mes boucles d\u2019oreilles\u00a0?","item":"https:\/\/www.echoppe-francaise.fr\/blog\/comment-choisir-mes-boucles-doreilles\/"},{"@type":"ListItem","position":3,"name":"Quelle boucle d&rsquo;oreille pour quel visage\u00a0?","item":"https:\/\/www.echoppe-francaise.fr\/blog\/quelle-boucle-doreille-pour-quel-visage\/"},{"@type":"ListItem","position":4,"name":"Quelle boucle d&rsquo;oreille pour visage rond\u00a0?"}]},{"@type":"WebSite","@id":"https:\/\/www.echoppe-francaise.fr\/blog\/#website","url":"https:\/\/www.echoppe-francaise.fr\/blog\/","name":"\u00c9choppe Fran\u00e7aise, le Blog","description":"Le blog des Cr\u00e9atrices et Cr\u00e9ateurs fran\u00e7ais","publisher":{"@id":"https:\/\/www.echoppe-francaise.fr\/blog\/#organization"},"potentialAction":[{"@type":"SearchAction","target":{"@type":"EntryPoint","urlTemplate":"https:\/\/www.echoppe-francaise.fr\/blog\/?s={search_term_string}"},"query-input":{"@type":"PropertyValueSpecification","valueRequired":true,"valueName":"search_term_string"}}],"inLanguage":"fr-FR"},{"@type":"Organization","@id":"https:\/\/www.echoppe-francaise.fr\/blog\/#organization","name":"L'\u00e9choppe Fran\u00e7aise","url":"https:\/\/www.echoppe-francaise.fr\/blog\/","logo":{"@type":"ImageObject","inLanguage":"fr-FR","@id":"https:\/\/www.echoppe-francaise.fr\/blog\/#\/schema\/logo\/image\/","url":"https:\/\/www.echoppe-francaise.fr\/blog\/wp-content\/uploads\/2017\/04\/echoppe-francaise-logo-1489412704.png","contentUrl":"https:\/\/www.echoppe-francaise.fr\/blog\/wp-content\/uploads\/2017\/04\/echoppe-francaise-logo-1489412704.png","width":492,"height":270,"caption":"L'\u00e9choppe Fran\u00e7aise"},"image":{"@id":"https:\/\/www.echoppe-francaise.fr\/blog\/#\/schema\/logo\/image\/"}}]}},"_links":{"self":[{"href":"https:\/\/www.echoppe-francaise.fr\/blog\/wp-json\/wp\/v2\/pages\/1976","targetHints":{"allow":["GET"]}}],"collection":[{"href":"https:\/\/www.echoppe-francaise.fr\/blog\/wp-json\/wp\/v2\/pages"}],"about":[{"href":"https:\/\/www.echoppe-francaise.fr\/blog\/wp-json\/wp\/v2\/types\/page"}],"author":[{"embeddable":true,"href":"https:\/\/www.echoppe-francaise.fr\/blog\/wp-json\/wp\/v2\/users\/6"}],"replies":[{"embeddable":true,"href":"https:\/\/www.echoppe-francaise.fr\/blog\/wp-json\/wp\/v2\/comments?post=1976"}],"version-history":[{"count":2,"href":"https:\/\/www.echoppe-francaise.fr\/blog\/wp-json\/wp\/v2\/pages\/1976\/revisions"}],"predecessor-version":[{"id":1982,"href":"https:\/\/www.echoppe-francaise.fr\/blog\/wp-json\/wp\/v2\/pages\/1976\/revisions\/1982"}],"up":[{"embeddable":true,"href":"https:\/\/www.echoppe-francaise.fr\/blog\/wp-json\/wp\/v2\/pages\/1834"}],"wp:attachment":[{"href":"https:\/\/www.echoppe-francaise.fr\/blog\/wp-json\/wp\/v2\/media?parent=1976"}],"curies":[{"name":"wp","href":"https:\/\/api.w.org\/{rel}","templated":true}]}}