{"id":1962,"date":"2023-12-16T09:56:05","date_gmt":"2023-12-16T08:56:05","guid":{"rendered":"https:\/\/www.echoppe-francaise.fr\/blog\/?page_id=1962"},"modified":"2023-12-16T10:03:16","modified_gmt":"2023-12-16T09:03:16","slug":"quelle-couleur-de-boucle-doreille-avec-les-yeux-bleue","status":"publish","type":"page","link":"https:\/\/www.echoppe-francaise.fr\/blog\/quelle-couleur-de-boucle-doreille-avec-les-yeux-bleue\/","title":{"rendered":"Quelle couleur de boucle d&rsquo;oreille avec les yeux bleue\u00a0?"},"content":{"rendered":"\n<figure class=\"wp-block-image size-large\"><img loading=\"lazy\" decoding=\"async\" width=\"1024\" height=\"1024\" src=\"https:\/\/www.echoppe-francaise.fr\/blog\/wp-content\/uploads\/2023\/12\/boucles-d-oreilles-bleues-pendantes-portees-par-une-femme-aux-yeux-bleues-1024x1024.jpg\" alt=\"Une femme aux yeux bleue avec une boucle d'oreille pendante imposante bleue avec des ponpons.\" class=\"wp-image-1966\" srcset=\"https:\/\/www.echoppe-francaise.fr\/blog\/wp-content\/uploads\/2023\/12\/boucles-d-oreilles-bleues-pendantes-portees-par-une-femme-aux-yeux-bleues.jpg 1024w, https:\/\/www.echoppe-francaise.fr\/blog\/wp-content\/uploads\/2023\/12\/boucles-d-oreilles-bleues-pendantes-portees-par-une-femme-aux-yeux-bleues-300x300.jpg 300w, https:\/\/www.echoppe-francaise.fr\/blog\/wp-content\/uploads\/2023\/12\/boucles-d-oreilles-bleues-pendantes-portees-par-une-femme-aux-yeux-bleues-150x150.jpg 150w, https:\/\/www.echoppe-francaise.fr\/blog\/wp-content\/uploads\/2023\/12\/boucles-d-oreilles-bleues-pendantes-portees-par-une-femme-aux-yeux-bleues-768x768.jpg 768w\" sizes=\"auto, (max-width: 1024px) 100vw, 1024px\" \/><\/figure>\n\n\n\n<h2 class=\"wp-block-heading\">\u00a0<\/h2>\n\n\n\n<p class=\"wp-block-paragraph\">Avoir les yeux bleus fait partie de vos meilleurs atouts. Mais, encore faut-il savoir les mettre en valeur. Choisissez les bonnes <strong>boucles d\u2019oreilles<\/strong> pour ce faire. Voici nos conseils pour vous aider.&nbsp;<\/p>\n\n\n\n<h2 class=\"wp-block-heading\">Tous les cama\u00efeux de bleu sont vos alli\u00e9s&nbsp;<\/h2>\n\n\n\n<figure class=\"wp-block-image\"><img decoding=\"async\" src=\"https:\/\/lh7-us.googleusercontent.com\/GYc9Mbmw9f9QTSMKiUrWB6QC3mgyDfctSs9Mdm1r31IkZn8lmQfNFaaG7qO4YX6agJCMTYNcO2q6s5XZn0YSp_WpvP2MeMkr38STGNlxmvl6U3LTf4kxluvgNEclTswRUIYrrIFOQbmV\" alt=\"Une brune aux yeux bleue avec une boucle d'oreille bleue pendante.\"\/><\/figure>\n\n\n\n<p class=\"wp-block-paragraph\">Pour les yeux bleus, essayez le ton sur ton. Osez tous les cama\u00efeux de bleu&nbsp;:&nbsp;<\/p>\n\n\n\n<ul class=\"wp-block-list\">\n<li>Cr\u00e9ez une nuance avec du <strong>bleu clair ou du bleu royal<\/strong><\/li>\n\n\n\n<li>Ajoutez du chic \u00e0 votre mise en beaut\u00e9 avec du <strong>bleu marine<\/strong><\/li>\n\n\n\n<li>Un peu d\u2019originalit\u00e9&nbsp;? Ne boudez pas le <strong>bleu turquoise<\/strong><\/li>\n\n\n\n<li>Et, compl\u00e9tez la coloration de vos yeux avec du <strong>bleu ciel<\/strong><\/li>\n<\/ul>\n\n\n\n<p class=\"wp-block-paragraph\">Vous avez un style classique&nbsp;? Utilisez cette couleur en petite touche. Ce sera plus confortable. Sur l\u2019\u00c9choppe Fran\u00e7aises, nos cr\u00e9ateurs fran\u00e7ais travaillent avec subtilit\u00e9s. Ils peignent le bois. Ou, ils utilisent du cuir color\u00e9. Et, ils vous proposent des mod\u00e8les de <strong>boucles d\u2019oreilles chics et uniques<\/strong>.&nbsp;<\/p>\n\n\n\n<h2 class=\"wp-block-heading\">L\u2019or blanc pour un peu de lumi\u00e8re dans votre tenue&nbsp;<\/h2>\n\n\n\n<figure class=\"wp-block-image\"><img decoding=\"async\" src=\"https:\/\/lh7-us.googleusercontent.com\/pKtqwUwn5uHGptrPK_9FReS7z35rAQM2qvrwqj-X-VvkimCPtUDFPrDmzsmpHxE8DqxdhmZ1VDn8C8-z4ypNJa-ls27yWFSVtqnDQd5sZ9M3pdBGIZpiFx3n1kD80ocJKz1yPpvhWqcK\" alt=\"Une blonde aux yeux bleue avec une boucle d'oreille pendante styl\u00e9e en or blanc.\"\/><\/figure>\n\n\n\n<p class=\"wp-block-paragraph\">Ajoutez de la lumi\u00e8re \u00e0 votre tenue. Optez pour l\u2019<strong>or blanc<\/strong>. Vous donnerez ainsi de la fra\u00eecheur \u00e0 la couleur de vos yeux. Chic, l\u2019or blanc est plus clinquant que l\u2019argent. Il sera un atout pour votre tenue sous toutes ses formes&nbsp;:&nbsp;<\/p>\n\n\n\n<ul class=\"wp-block-list\">\n<li><strong>Puces d\u2019oreille<\/strong><\/li>\n\n\n\n<li>Boucles d\u2019oreilles pendantes<\/li>\n\n\n\n<li>Cr\u00e9oles chics&nbsp;<\/li>\n<\/ul>\n\n\n\n<p class=\"wp-block-paragraph\">Choisissez la forme qui s\u2019adapte \u00e0 votre visage. D&rsquo;autres pr\u00e9cisions sur notre guide : <a href=\"https:\/\/www.echoppe-francaise.fr\/blog\/comment-choisir-la-couleur-des-boucles-doreilles\/\" target=\"_blank\" rel=\"noreferrer noopener\">Comment choisir la couleur des boucles d&rsquo;oreilles ?<\/a><\/p>\n\n\n\n<h2 class=\"wp-block-heading\">L\u2019argent\u00a0: un incontournable de la mode f\u00e9minine<\/h2>\n\n\n\n<figure class=\"wp-block-image size-large\"><img loading=\"lazy\" decoding=\"async\" width=\"1024\" height=\"1024\" src=\"https:\/\/www.echoppe-francaise.fr\/blog\/wp-content\/uploads\/2023\/12\/Boucles-d-oreilles-pendantes-en-argent-et-perle-1024x1024.jpg\" alt=\"Une femme aux yeux bleue avec une boucle d'oreille pendante en argent orn\u00e9e de perles blanches.\" class=\"wp-image-1965\" srcset=\"https:\/\/www.echoppe-francaise.fr\/blog\/wp-content\/uploads\/2023\/12\/Boucles-d-oreilles-pendantes-en-argent-et-perle.jpg 1024w, https:\/\/www.echoppe-francaise.fr\/blog\/wp-content\/uploads\/2023\/12\/Boucles-d-oreilles-pendantes-en-argent-et-perle-300x300.jpg 300w, https:\/\/www.echoppe-francaise.fr\/blog\/wp-content\/uploads\/2023\/12\/Boucles-d-oreilles-pendantes-en-argent-et-perle-150x150.jpg 150w, https:\/\/www.echoppe-francaise.fr\/blog\/wp-content\/uploads\/2023\/12\/Boucles-d-oreilles-pendantes-en-argent-et-perle-768x768.jpg 768w\" sizes=\"auto, (max-width: 1024px) 100vw, 1024px\" \/><\/figure>\n\n\n\n<p class=\"wp-block-paragraph\">On vous recommande aussi les <strong>boucles d\u2019oreilles en argent<\/strong>. Vous cr\u00e9erez ainsi un contraste subtil et chic avec la couleur de vos cheveux. C\u2019est une couleur neutre et tendance. Elle se porte \u00e0 toutes occasions. De quoi ajouter une touche chic \u00e0 votre mise en beaut\u00e9.&nbsp;<\/p>\n\n\n\n<p class=\"wp-block-paragraph\">Trouvez le mod\u00e8le qui compl\u00e9tera votre coiffure. L\u2019argent s\u2019adapte \u00e0 toutes les colorations. Mais, vous avez une coupe courte&nbsp;? Cherchez des bijoux de taille moyenne.&nbsp;<\/p>\n\n\n\n<h2 class=\"wp-block-heading\">Des pierres en cristal transparent pour un de l\u2019\u00e9clat dans vos tenues&nbsp;<\/h2>\n\n\n\n<figure class=\"wp-block-image\"><img decoding=\"async\" src=\"https:\/\/lh7-us.googleusercontent.com\/pEjU4YHJWKNqLo0z-24eDz3gmEiYFCtPzilewEBB_GsQYMZynpr33seQ9myG5t09o_yWh_AnKVQSGl93cpL-TaNV_0_m1TOvPtmcEELTfYdVDz6WWEyOJPjhXaN00SvDnrG7UKWDTeF7\" alt=\"\"\/><\/figure>\n\n\n\n<p class=\"wp-block-paragraph\">Profitez de vos boucles d\u2019oreilles pour ajouter de l\u2019\u00e9clat \u00e0 votre tenue. Choisissez des bijoux avec des <strong>pierres en cristal transparent<\/strong>. C\u2019est voyant. Mais, cela reste \u00e9l\u00e9gant. Id\u00e9al pour celles qui aiment le bling bling.&nbsp;<\/p>\n\n\n\n<p class=\"wp-block-paragraph\">Ce n\u2019est pas la peine de d\u00e9penser des milliers d\u2019euros. Choisissez les <strong>bijoux fantaisie haut de gamme<\/strong>. Le style sera au rendez-vous.&nbsp;<\/p>\n\n\n\n<h2 class=\"wp-block-heading\">Les boucles d\u2019oreilles grises&nbsp;: une option int\u00e9ressante&nbsp;<\/h2>\n\n\n\n<figure class=\"wp-block-image\"><img decoding=\"async\" src=\"https:\/\/lh7-us.googleusercontent.com\/kvNNBfmnlBOIVbsdjydJvjLixuW9zB0EJr541ht3qrhBhx8cpK_jyK3XG0fJvGLg3XPSdsxiza8rtIb1ojCObL1N1sgbqzDNHSFMQO3d6EHGKkjL7s2MO-9yeuXb54iqbacQbEPZNd-Q\" alt=\"\"\/><\/figure>\n\n\n\n<p class=\"wp-block-paragraph\">Sinon, il vous reste le <strong>gris<\/strong>. La couleur est plus fonc\u00e9e que l\u2019argent ou l\u2019argent sterling. On est loin d\u2019avoir l\u2019effet brillant. Mais, le rendu reste int\u00e9ressant. Plusieurs types de boucles d\u2019oreilles vous sont propos\u00e9s&nbsp;:&nbsp;<\/p>\n\n\n\n<ul class=\"wp-block-list\">\n<li>Les perles grises&nbsp;<\/li>\n\n\n\n<li>Les boucles d\u2019oreilles pendantes avec des motifs gris<\/li>\n\n\n\n<li>Les <strong>puces d\u2019oreilles<\/strong> grises<\/li>\n\n\n\n<li>Les bijoux pendants avec des pendentifs gris<\/li>\n<\/ul>\n\n\n\n<p class=\"wp-block-paragraph\">Le choix de vos accessoires d\u00e9pend aussi de l\u2019occasion. Restez simple pour une tenue quotidienne. Choisissez des <strong>boucles d\u2019oreilles travaill\u00e9es<\/strong> pour les \u00e9v\u00e8nements exceptionnels.&nbsp;<\/p>\n\n\n\n<p class=\"wp-block-paragraph\">Sur l\u2019\u00c9choppe Fran\u00e7aises, on vous propose diff\u00e9rents mod\u00e8les de boucles d\u2019oreilles. Nos cr\u00e9ateurs travaillent avec des <strong>cuirs haut de gamme et du bois<\/strong>. De quoi vous assurer un accessoire original et tendance.&nbsp;<\/p>\n\n\n\n<h3 class=\"wp-block-heading\">Ce n\u2019est pas votre couleur&nbsp;? Trouvez d\u2019autres options de boucles d\u2019oreilles sur nos guides&nbsp;:&nbsp;<\/h3>\n\n\n\n<ul class=\"wp-block-list\">\n<li><a href=\"https:\/\/www.echoppe-francaise.fr\/blog\/quelle-couleur-de-boucles-doreilles-avec-les-yeux-marron\/\" target=\"_blank\" rel=\"noreferrer noopener\">Quelle couleur de boucles d&rsquo;oreilles avec les yeux marron\u00a0?<\/a><\/li>\n\n\n\n<li><a href=\"https:\/\/www.echoppe-francaise.fr\/blog\/quelle-couleur-de-boucles-doreilles-avec-les-yeux-verts\/\" target=\"_blank\" rel=\"noreferrer noopener\">Quelle couleur de boucles d&rsquo;oreilles avec les yeux verts\u00a0?\u00a0<\/a><\/li>\n<\/ul>\n","protected":false},"excerpt":{"rendered":"<p>\u00a0 Avoir les yeux bleus fait partie de vos meilleurs atouts. Mais, encore faut-il savoir les mettre en valeur. Choisissez les bonnes boucles d\u2019oreilles pour ce faire. Voici nos conseils pour vous aider.&nbsp; Tous les cama\u00efeux de bleu sont vos alli\u00e9s&nbsp; Pour les yeux bleus, essayez le ton sur ton. Osez tous les cama\u00efeux de&hellip;&nbsp;<\/p>\n","protected":false},"author":6,"featured_media":0,"parent":1831,"menu_order":0,"comment_status":"closed","ping_status":"closed","template":"","meta":{"_crdt_document":"","neve_meta_sidebar":"","neve_meta_container":"","neve_meta_enable_content_width":"","neve_meta_content_width":0,"neve_meta_title_alignment":"","neve_meta_author_avatar":"","neve_post_elements_order":"","neve_meta_disable_header":"","neve_meta_disable_footer":"","neve_meta_disable_title":"","footnotes":""},"class_list":["post-1962","page","type-page","status-publish","hentry"],"yoast_head":"<!-- This site is optimized with the Yoast SEO plugin v27.5 - https:\/\/yoast.com\/product\/yoast-seo-wordpress\/ -->\n<title>Comment trouver la boucle d&#039;oreilles avec les yeux bleue ?<\/title>\n<meta name=\"description\" content=\"Retrouvez dans notre article plusieurs conseils pour choisir la boucle d&#039;oreille avec les yeux bleue adapt\u00e9e \u00e0 votre look.\" \/>\n<meta name=\"robots\" content=\"index, follow, max-snippet:-1, max-image-preview:large, max-video-preview:-1\" \/>\n<link rel=\"canonical\" href=\"https:\/\/www.echoppe-francaise.fr\/blog\/quelle-couleur-de-boucle-doreille-avec-les-yeux-bleue\/\" \/>\n<meta property=\"og:locale\" content=\"fr_FR\" \/>\n<meta property=\"og:type\" content=\"article\" \/>\n<meta property=\"og:title\" content=\"Comment trouver la boucle d&#039;oreilles avec les yeux bleue ?\" \/>\n<meta property=\"og:description\" content=\"Retrouvez dans notre article plusieurs conseils pour choisir la boucle d&#039;oreille avec les yeux bleue adapt\u00e9e \u00e0 votre look.\" \/>\n<meta property=\"og:url\" content=\"https:\/\/www.echoppe-francaise.fr\/blog\/quelle-couleur-de-boucle-doreille-avec-les-yeux-bleue\/\" \/>\n<meta property=\"og:site_name\" content=\"\u00c9choppe Fran\u00e7aise, le Blog\" \/>\n<meta property=\"article:modified_time\" content=\"2023-12-16T09:03:16+00:00\" \/>\n<meta property=\"og:image\" content=\"https:\/\/www.echoppe-francaise.fr\/blog\/wp-content\/uploads\/2023\/12\/boucles-d-oreilles-bleues-pendantes-portees-par-une-femme-aux-yeux-bleues-1024x1024.jpg\" \/>\n<meta name=\"twitter:card\" content=\"summary_large_image\" \/>\n<meta name=\"twitter:label1\" content=\"Dur\u00e9e de lecture estim\u00e9e\" \/>\n\t<meta name=\"twitter:data1\" content=\"4 minutes\" \/>\n<script type=\"application\/ld+json\" class=\"yoast-schema-graph\">{\"@context\":\"https:\\\/\\\/schema.org\",\"@graph\":[{\"@type\":\"WebPage\",\"@id\":\"https:\\\/\\\/www.echoppe-francaise.fr\\\/blog\\\/quelle-couleur-de-boucle-doreille-avec-les-yeux-bleue\\\/\",\"url\":\"https:\\\/\\\/www.echoppe-francaise.fr\\\/blog\\\/quelle-couleur-de-boucle-doreille-avec-les-yeux-bleue\\\/\",\"name\":\"Comment trouver la boucle d'oreilles avec les yeux bleue ?\",\"isPartOf\":{\"@id\":\"https:\\\/\\\/www.echoppe-francaise.fr\\\/blog\\\/#website\"},\"primaryImageOfPage\":{\"@id\":\"https:\\\/\\\/www.echoppe-francaise.fr\\\/blog\\\/quelle-couleur-de-boucle-doreille-avec-les-yeux-bleue\\\/#primaryimage\"},\"image\":{\"@id\":\"https:\\\/\\\/www.echoppe-francaise.fr\\\/blog\\\/quelle-couleur-de-boucle-doreille-avec-les-yeux-bleue\\\/#primaryimage\"},\"thumbnailUrl\":\"https:\\\/\\\/www.echoppe-francaise.fr\\\/blog\\\/wp-content\\\/uploads\\\/2023\\\/12\\\/boucles-d-oreilles-bleues-pendantes-portees-par-une-femme-aux-yeux-bleues-1024x1024.jpg\",\"datePublished\":\"2023-12-16T08:56:05+00:00\",\"dateModified\":\"2023-12-16T09:03:16+00:00\",\"description\":\"Retrouvez dans notre article plusieurs conseils pour choisir la boucle d'oreille avec les yeux bleue adapt\u00e9e \u00e0 votre look.\",\"breadcrumb\":{\"@id\":\"https:\\\/\\\/www.echoppe-francaise.fr\\\/blog\\\/quelle-couleur-de-boucle-doreille-avec-les-yeux-bleue\\\/#breadcrumb\"},\"inLanguage\":\"fr-FR\",\"potentialAction\":[{\"@type\":\"ReadAction\",\"target\":[\"https:\\\/\\\/www.echoppe-francaise.fr\\\/blog\\\/quelle-couleur-de-boucle-doreille-avec-les-yeux-bleue\\\/\"]}]},{\"@type\":\"ImageObject\",\"inLanguage\":\"fr-FR\",\"@id\":\"https:\\\/\\\/www.echoppe-francaise.fr\\\/blog\\\/quelle-couleur-de-boucle-doreille-avec-les-yeux-bleue\\\/#primaryimage\",\"url\":\"https:\\\/\\\/www.echoppe-francaise.fr\\\/blog\\\/wp-content\\\/uploads\\\/2023\\\/12\\\/boucles-d-oreilles-bleues-pendantes-portees-par-une-femme-aux-yeux-bleues.jpg\",\"contentUrl\":\"https:\\\/\\\/www.echoppe-francaise.fr\\\/blog\\\/wp-content\\\/uploads\\\/2023\\\/12\\\/boucles-d-oreilles-bleues-pendantes-portees-par-une-femme-aux-yeux-bleues.jpg\",\"width\":1024,\"height\":1024},{\"@type\":\"BreadcrumbList\",\"@id\":\"https:\\\/\\\/www.echoppe-francaise.fr\\\/blog\\\/quelle-couleur-de-boucle-doreille-avec-les-yeux-bleue\\\/#breadcrumb\",\"itemListElement\":[{\"@type\":\"ListItem\",\"position\":1,\"name\":\"Accueil\",\"item\":\"https:\\\/\\\/www.echoppe-francaise.fr\\\/blog\\\/\"},{\"@type\":\"ListItem\",\"position\":2,\"name\":\"Comment choisir mes boucles d\u2019oreilles\u00a0?\",\"item\":\"https:\\\/\\\/www.echoppe-francaise.fr\\\/blog\\\/comment-choisir-mes-boucles-doreilles\\\/\"},{\"@type\":\"ListItem\",\"position\":3,\"name\":\"Comment choisir la couleur des boucles d&rsquo;oreilles\u00a0?\",\"item\":\"https:\\\/\\\/www.echoppe-francaise.fr\\\/blog\\\/comment-choisir-la-couleur-des-boucles-doreilles\\\/\"},{\"@type\":\"ListItem\",\"position\":4,\"name\":\"Quelle couleur de boucle d&rsquo;oreille avec les yeux bleue\u00a0?\"}]},{\"@type\":\"WebSite\",\"@id\":\"https:\\\/\\\/www.echoppe-francaise.fr\\\/blog\\\/#website\",\"url\":\"https:\\\/\\\/www.echoppe-francaise.fr\\\/blog\\\/\",\"name\":\"\u00c9choppe Fran\u00e7aise, le Blog\",\"description\":\"Le blog des Cr\u00e9atrices et Cr\u00e9ateurs fran\u00e7ais\",\"publisher\":{\"@id\":\"https:\\\/\\\/www.echoppe-francaise.fr\\\/blog\\\/#organization\"},\"potentialAction\":[{\"@type\":\"SearchAction\",\"target\":{\"@type\":\"EntryPoint\",\"urlTemplate\":\"https:\\\/\\\/www.echoppe-francaise.fr\\\/blog\\\/?s={search_term_string}\"},\"query-input\":{\"@type\":\"PropertyValueSpecification\",\"valueRequired\":true,\"valueName\":\"search_term_string\"}}],\"inLanguage\":\"fr-FR\"},{\"@type\":\"Organization\",\"@id\":\"https:\\\/\\\/www.echoppe-francaise.fr\\\/blog\\\/#organization\",\"name\":\"L'\u00e9choppe Fran\u00e7aise\",\"url\":\"https:\\\/\\\/www.echoppe-francaise.fr\\\/blog\\\/\",\"logo\":{\"@type\":\"ImageObject\",\"inLanguage\":\"fr-FR\",\"@id\":\"https:\\\/\\\/www.echoppe-francaise.fr\\\/blog\\\/#\\\/schema\\\/logo\\\/image\\\/\",\"url\":\"https:\\\/\\\/www.echoppe-francaise.fr\\\/blog\\\/wp-content\\\/uploads\\\/2017\\\/04\\\/echoppe-francaise-logo-1489412704.png\",\"contentUrl\":\"https:\\\/\\\/www.echoppe-francaise.fr\\\/blog\\\/wp-content\\\/uploads\\\/2017\\\/04\\\/echoppe-francaise-logo-1489412704.png\",\"width\":492,\"height\":270,\"caption\":\"L'\u00e9choppe Fran\u00e7aise\"},\"image\":{\"@id\":\"https:\\\/\\\/www.echoppe-francaise.fr\\\/blog\\\/#\\\/schema\\\/logo\\\/image\\\/\"}}]}<\/script>\n<!-- \/ Yoast SEO plugin. -->","yoast_head_json":{"title":"Comment trouver la boucle d'oreilles avec les yeux bleue ?","description":"Retrouvez dans notre article plusieurs conseils pour choisir la boucle d'oreille avec les yeux bleue adapt\u00e9e \u00e0 votre look.","robots":{"index":"index","follow":"follow","max-snippet":"max-snippet:-1","max-image-preview":"max-image-preview:large","max-video-preview":"max-video-preview:-1"},"canonical":"https:\/\/www.echoppe-francaise.fr\/blog\/quelle-couleur-de-boucle-doreille-avec-les-yeux-bleue\/","og_locale":"fr_FR","og_type":"article","og_title":"Comment trouver la boucle d'oreilles avec les yeux bleue ?","og_description":"Retrouvez dans notre article plusieurs conseils pour choisir la boucle d'oreille avec les yeux bleue adapt\u00e9e \u00e0 votre look.","og_url":"https:\/\/www.echoppe-francaise.fr\/blog\/quelle-couleur-de-boucle-doreille-avec-les-yeux-bleue\/","og_site_name":"\u00c9choppe Fran\u00e7aise, le Blog","article_modified_time":"2023-12-16T09:03:16+00:00","og_image":[{"url":"https:\/\/www.echoppe-francaise.fr\/blog\/wp-content\/uploads\/2023\/12\/boucles-d-oreilles-bleues-pendantes-portees-par-une-femme-aux-yeux-bleues-1024x1024.jpg","type":"","width":"","height":""}],"twitter_card":"summary_large_image","twitter_misc":{"Dur\u00e9e de lecture estim\u00e9e":"4 minutes"},"schema":{"@context":"https:\/\/schema.org","@graph":[{"@type":"WebPage","@id":"https:\/\/www.echoppe-francaise.fr\/blog\/quelle-couleur-de-boucle-doreille-avec-les-yeux-bleue\/","url":"https:\/\/www.echoppe-francaise.fr\/blog\/quelle-couleur-de-boucle-doreille-avec-les-yeux-bleue\/","name":"Comment trouver la boucle d'oreilles avec les yeux bleue ?","isPartOf":{"@id":"https:\/\/www.echoppe-francaise.fr\/blog\/#website"},"primaryImageOfPage":{"@id":"https:\/\/www.echoppe-francaise.fr\/blog\/quelle-couleur-de-boucle-doreille-avec-les-yeux-bleue\/#primaryimage"},"image":{"@id":"https:\/\/www.echoppe-francaise.fr\/blog\/quelle-couleur-de-boucle-doreille-avec-les-yeux-bleue\/#primaryimage"},"thumbnailUrl":"https:\/\/www.echoppe-francaise.fr\/blog\/wp-content\/uploads\/2023\/12\/boucles-d-oreilles-bleues-pendantes-portees-par-une-femme-aux-yeux-bleues-1024x1024.jpg","datePublished":"2023-12-16T08:56:05+00:00","dateModified":"2023-12-16T09:03:16+00:00","description":"Retrouvez dans notre article plusieurs conseils pour choisir la boucle d'oreille avec les yeux bleue adapt\u00e9e \u00e0 votre look.","breadcrumb":{"@id":"https:\/\/www.echoppe-francaise.fr\/blog\/quelle-couleur-de-boucle-doreille-avec-les-yeux-bleue\/#breadcrumb"},"inLanguage":"fr-FR","potentialAction":[{"@type":"ReadAction","target":["https:\/\/www.echoppe-francaise.fr\/blog\/quelle-couleur-de-boucle-doreille-avec-les-yeux-bleue\/"]}]},{"@type":"ImageObject","inLanguage":"fr-FR","@id":"https:\/\/www.echoppe-francaise.fr\/blog\/quelle-couleur-de-boucle-doreille-avec-les-yeux-bleue\/#primaryimage","url":"https:\/\/www.echoppe-francaise.fr\/blog\/wp-content\/uploads\/2023\/12\/boucles-d-oreilles-bleues-pendantes-portees-par-une-femme-aux-yeux-bleues.jpg","contentUrl":"https:\/\/www.echoppe-francaise.fr\/blog\/wp-content\/uploads\/2023\/12\/boucles-d-oreilles-bleues-pendantes-portees-par-une-femme-aux-yeux-bleues.jpg","width":1024,"height":1024},{"@type":"BreadcrumbList","@id":"https:\/\/www.echoppe-francaise.fr\/blog\/quelle-couleur-de-boucle-doreille-avec-les-yeux-bleue\/#breadcrumb","itemListElement":[{"@type":"ListItem","position":1,"name":"Accueil","item":"https:\/\/www.echoppe-francaise.fr\/blog\/"},{"@type":"ListItem","position":2,"name":"Comment choisir mes boucles d\u2019oreilles\u00a0?","item":"https:\/\/www.echoppe-francaise.fr\/blog\/comment-choisir-mes-boucles-doreilles\/"},{"@type":"ListItem","position":3,"name":"Comment choisir la couleur des boucles d&rsquo;oreilles\u00a0?","item":"https:\/\/www.echoppe-francaise.fr\/blog\/comment-choisir-la-couleur-des-boucles-doreilles\/"},{"@type":"ListItem","position":4,"name":"Quelle couleur de boucle d&rsquo;oreille avec les yeux bleue\u00a0?"}]},{"@type":"WebSite","@id":"https:\/\/www.echoppe-francaise.fr\/blog\/#website","url":"https:\/\/www.echoppe-francaise.fr\/blog\/","name":"\u00c9choppe Fran\u00e7aise, le Blog","description":"Le blog des Cr\u00e9atrices et Cr\u00e9ateurs fran\u00e7ais","publisher":{"@id":"https:\/\/www.echoppe-francaise.fr\/blog\/#organization"},"potentialAction":[{"@type":"SearchAction","target":{"@type":"EntryPoint","urlTemplate":"https:\/\/www.echoppe-francaise.fr\/blog\/?s={search_term_string}"},"query-input":{"@type":"PropertyValueSpecification","valueRequired":true,"valueName":"search_term_string"}}],"inLanguage":"fr-FR"},{"@type":"Organization","@id":"https:\/\/www.echoppe-francaise.fr\/blog\/#organization","name":"L'\u00e9choppe Fran\u00e7aise","url":"https:\/\/www.echoppe-francaise.fr\/blog\/","logo":{"@type":"ImageObject","inLanguage":"fr-FR","@id":"https:\/\/www.echoppe-francaise.fr\/blog\/#\/schema\/logo\/image\/","url":"https:\/\/www.echoppe-francaise.fr\/blog\/wp-content\/uploads\/2017\/04\/echoppe-francaise-logo-1489412704.png","contentUrl":"https:\/\/www.echoppe-francaise.fr\/blog\/wp-content\/uploads\/2017\/04\/echoppe-francaise-logo-1489412704.png","width":492,"height":270,"caption":"L'\u00e9choppe Fran\u00e7aise"},"image":{"@id":"https:\/\/www.echoppe-francaise.fr\/blog\/#\/schema\/logo\/image\/"}}]}},"_links":{"self":[{"href":"https:\/\/www.echoppe-francaise.fr\/blog\/wp-json\/wp\/v2\/pages\/1962","targetHints":{"allow":["GET"]}}],"collection":[{"href":"https:\/\/www.echoppe-francaise.fr\/blog\/wp-json\/wp\/v2\/pages"}],"about":[{"href":"https:\/\/www.echoppe-francaise.fr\/blog\/wp-json\/wp\/v2\/types\/page"}],"author":[{"embeddable":true,"href":"https:\/\/www.echoppe-francaise.fr\/blog\/wp-json\/wp\/v2\/users\/6"}],"replies":[{"embeddable":true,"href":"https:\/\/www.echoppe-francaise.fr\/blog\/wp-json\/wp\/v2\/comments?post=1962"}],"version-history":[{"count":2,"href":"https:\/\/www.echoppe-francaise.fr\/blog\/wp-json\/wp\/v2\/pages\/1962\/revisions"}],"predecessor-version":[{"id":1970,"href":"https:\/\/www.echoppe-francaise.fr\/blog\/wp-json\/wp\/v2\/pages\/1962\/revisions\/1970"}],"up":[{"embeddable":true,"href":"https:\/\/www.echoppe-francaise.fr\/blog\/wp-json\/wp\/v2\/pages\/1831"}],"wp:attachment":[{"href":"https:\/\/www.echoppe-francaise.fr\/blog\/wp-json\/wp\/v2\/media?parent=1962"}],"curies":[{"name":"wp","href":"https:\/\/api.w.org\/{rel}","templated":true}]}}