{"id":1961,"date":"2023-12-16T09:51:28","date_gmt":"2023-12-16T08:51:28","guid":{"rendered":"https:\/\/www.echoppe-francaise.fr\/blog\/?page_id=1961"},"modified":"2023-12-16T10:03:17","modified_gmt":"2023-12-16T09:03:17","slug":"quelle-couleur-de-boucles-doreilles-avec-les-yeux-marron","status":"publish","type":"page","link":"https:\/\/www.echoppe-francaise.fr\/blog\/quelle-couleur-de-boucles-doreilles-avec-les-yeux-marron\/","title":{"rendered":"Quelle couleur de boucles d&rsquo;oreilles avec les yeux marron\u00a0?"},"content":{"rendered":"\n<figure class=\"wp-block-image\"><img decoding=\"async\" src=\"https:\/\/lh7-us.googleusercontent.com\/uCVWYKfLU2xM8tPAuOXM0nV54EyebRty6UIyHFALi5TR_Lk_5HbTrZ7D5CwQaUppInlqGqfLnsKtl72i5q8KdfRxPfpRSKarRaYaWyADKupGC-WBW8CJYRixMWmZv4u4IyHXqzW-WdfM\" alt=\"Une femme aux yeux marrons portant une boucle d'oreille bleue avec des ponpons.\"\/><\/figure>\n\n\n\n<p class=\"wp-block-paragraph\">Pourquoi ne pas marier la couleur de vos yeux avec celle de vos <strong>boucles d\u2019oreilles&nbsp;<\/strong>? Vous aurez un meilleur rendu sur votre mise en beaut\u00e9. Vous avez les yeux marron&nbsp;? Voici quelques propositions int\u00e9ressantes.&nbsp;<\/p>\n\n\n\n<h2 class=\"wp-block-heading\">L\u2019or&nbsp;: un ind\u00e9modable pour de l\u2019\u00e9l\u00e9gance dans vos tenues<\/h2>\n\n\n\n<figure class=\"wp-block-image\"><img decoding=\"async\" src=\"https:\/\/lh7-us.googleusercontent.com\/lSSHu3LUj0Oj-ORms4cdKZuqfPkyqtOvITIgiQKNe5VU5zJ6ico6WBsGtp1w3UAYciuZwkcHaEXUQQSrVqbBdUMLMUOg71m9HjWKTv17S4pX0WHarNUOUJVjeckGhuEJJhS04JD_f2sH\" alt=\"Une boucle d'oreille en forme de fleurs en or et pendante.\"\/><\/figure>\n\n\n\n<p class=\"wp-block-paragraph\"><strong>L\u2019or<\/strong> cr\u00e9e un contraste int\u00e9ressant avec les yeux marron. Il apporte de l\u2019\u00e9clat. Et, il ajoute de l\u2019\u00e9l\u00e9gance \u00e0 votre tenue. C\u2019est un ind\u00e9modable qui se porte au quotidien ou pour les \u00e9v\u00e8nements luxueux.&nbsp;<\/p>\n\n\n\n<p class=\"wp-block-paragraph\">Pr\u00e9f\u00e9rez l\u2019or jaune. C\u2019est plus clinquant. Vous ajouterez ainsi de la lumi\u00e8re \u00e0 votre look. Il reste \u00e0 adapter la forme de vos accessoires de mode \u00e0 la <strong>morphologie de votre visage<\/strong>.&nbsp;<\/p>\n\n\n\n<h2 class=\"wp-block-heading\">Essayez le bronze pour faire ressortir la couleur de vos yeux&nbsp;<\/h2>\n\n\n\n<figure class=\"wp-block-image\"><img decoding=\"async\" src=\"https:\/\/lh7-us.googleusercontent.com\/d8ivtbzLlQxMqZBNor-P1Okt-zcVE6nFGzumIVEodxL9Uv16qjGOwKxgM2pKmiQJ-Lfe5es3aF9AHaZ7tYXqrLPwNuSj9ZhflC-y7GQ7OM2qo5BOb3RIvzoXIhtW3-Eif_S901Th6JuG\" alt=\"Une boucle d'oreille couleur bronze pendante port\u00e9e par une femme brune aux cheveux longs.\"\/><\/figure>\n\n\n\n<p class=\"wp-block-paragraph\">Essayez le ton sur ton. Et, faites ressortir la couleur de vos yeux avec des <strong>boucles d\u2019oreilles en bronze<\/strong>. Cela apportera de la chaleur dans votre look.&nbsp;<\/p>\n\n\n\n<p class=\"wp-block-paragraph\">On vous conseille les <strong>boucles d\u2019oreilles pendantes<\/strong>. C\u2019est parfait, peu importe la longueur de vos cheveux. Une coupe courte&nbsp;? Optez pour les mod\u00e8les fins. Et, laissez les accessoires imposants \u00e0 celles qui ont une longue crini\u00e8re.&nbsp;<\/p>\n\n\n\n<h2 class=\"wp-block-heading\">Choisissez des boucles d\u2019oreilles avec des motifs verts<\/h2>\n\n\n\n<figure class=\"wp-block-image\"><img decoding=\"async\" src=\"https:\/\/lh7-us.googleusercontent.com\/hnEJLct1np0MMA6W7iodsHrikZUHIt8Rq_VfFkM6swxtH8S8UpAL7y9sJJ4wa0iYz9J0BJ9LRTQFn8G6j_mVvRCo9WlGJTxchBc2PairROb7eoITfIu8nqdJINwocTR0xqeIQgTlhaZc\" alt=\"Femme aux yeux marrons portant une boucle d'oreille pendante de couleur verte.\"\/><\/figure>\n\n\n\n<p class=\"wp-block-paragraph\">Les nuances de <strong>vert<\/strong> se marient avec les yeux marron. Le contraste est esth\u00e9tique. Aussi, on vous conseille les boucles d\u2019oreilles avec des motifs. Idem pour les pierres comme l\u2019\u00e9meraude ou le jade.<\/p>\n\n\n\n<p class=\"wp-block-paragraph\">Sur l\u2019\u00c9choppe Fran\u00e7aise, nos cr\u00e9ateurs travaillent avec du <strong>bois et du cuir<\/strong>. De quoi donner des boucles d\u2019oreilles originales et styl\u00e9es aux couleurs vertes. Essayez les puces d\u2019oreilles ou les mod\u00e8les pendants. Ce sont des bijoux passe-partout qui s\u2019adaptent \u00e0 n\u2019importe quelle forme de visage.\u00a0<\/p>\n\n\n\n<p class=\"wp-block-paragraph\">Plus de pr\u00e9cision pour bien choisir vos boucles d&rsquo;oreilles ? Lisez notre guide : <a href=\"https:\/\/www.echoppe-francaise.fr\/blog\/comment-choisir-la-couleur-des-boucles-doreilles\/\" target=\"_blank\" rel=\"noreferrer noopener\">Comment choisir la couleur des boucles d&rsquo;oreilles ?<\/a><\/p>\n\n\n\n<h2 class=\"wp-block-heading\">Mettez en valeur la couleur de vos yeux avec du bleu&nbsp;<\/h2>\n\n\n\n<figure class=\"wp-block-image\"><img decoding=\"async\" src=\"https:\/\/lh7-us.googleusercontent.com\/SQpp7CZaTvnO1ZRN7KfBiCwvfoJYcWSfhOHU6R_juOKFtq_jlk9YybsMI538vkxW2LdQq300Rly663XkBTuEvh7UqiU56-llqMojLB8FBs8eT5FpUA9FmaIrl4BjoOX1I2F_xRRsyCDk\" alt=\"Jeune femme aux cheveux longs avec des boucles d'oreilles bleues pendantes en cascade.\"\/><\/figure>\n\n\n\n<p class=\"wp-block-paragraph\">Utilisez les <strong>boucles d\u2019oreilles bleues<\/strong>. Et, vous mettrez en valeur la coloration de vos yeux. Vous avez du budget&nbsp;? Tentez les bijoux haut de gamme avec du saphir. Ce sont les alli\u00e9s id\u00e9aux pour les soir\u00e9es d\u2019exceptions.&nbsp;&nbsp;<\/p>\n\n\n\n<p class=\"wp-block-paragraph\">Mais, vous avez aussi les <strong>bijoux fantaisie<\/strong> comme ceux propos\u00e9s sur notre boutique en ligne. Ils vous flatteront pendant une journ\u00e9e de travail. Inutile de faire des rappels de couleur dans le reste de votre tenue. Suivez la tendance. Et, faites de vos boucles d\u2019oreilles des touches d\u2019originalit\u00e9s.&nbsp;<\/p>\n\n\n\n<h2 class=\"wp-block-heading\">Le pourpre pour de la couleur et du style dans votre tenue<\/h2>\n\n\n\n<figure class=\"wp-block-image\"><img decoding=\"async\" src=\"https:\/\/lh7-us.googleusercontent.com\/ZnoYgz-BPAv-5UgLYOcWRRYo-_71aaCHoo2jh5lQrxtQ4aKOu5Io3rLwWRi2Ud5F6RbjkoAcsyS3xQwchEw0Uc5TOIgYR9guKhp0DpGgGtb5qXP3GymqckPhpmLLwiMwSJiRy0U6FKwG\" alt=\"Jeune femme aux yeux marron portant des boucles d'oreilles en pourpres pendantes. \"\/><\/figure>\n\n\n\n<p class=\"wp-block-paragraph\">Osez les couleurs vives avec vos yeux marron. On vous conseille le <strong>pourpre<\/strong>. Cette couleur violet fonc\u00e9 pour un style glamour, mais simple. Choisissez un des mod\u00e8les de boucles d\u2019oreilles de nos cr\u00e9ateurs fran\u00e7ais.&nbsp; Leur \u00e9l\u00e9gance s\u2019exprime dans leur simplicit\u00e9. Ce qui leur permet de s\u2019adapter \u00e0 toutes les tenues.&nbsp;<\/p>\n\n\n\n<p class=\"wp-block-paragraph\">Jouez avec les motifs pour apporter cette touche de couleur dans votre tenue. Nos artisans vous proposent des boucles d\u2019oreilles en <strong>forme de fleurs, de feuilles ou de formes g\u00e9om\u00e9triques<\/strong>.&nbsp;<\/p>\n\n\n\n<h2 class=\"wp-block-heading\">Des boucles d\u2019oreilles en argent pour les femmes aux yeux marron<\/h2>\n\n\n\n<figure class=\"wp-block-image\"><img decoding=\"async\" src=\"https:\/\/lh7-us.googleusercontent.com\/v3sNqL0RkipYBXxnG88d03-R5f-rW0gP-UPJq4b28VjmbUrBP-ggSV37mYPipCYjqXOCsmBuR3E9M0WWyckF828ItnesN_tqoZXhDPhOXrEeVvk4R0KfU964LXPF1ymb7X7VZ0aM9aUZ\" alt=\"Femme brune aux cheveux courts avec des boucles d'oreilles pendantes de petite taille en argent.\"\/><\/figure>\n\n\n\n<p class=\"wp-block-paragraph\">On recommande, enfin, <strong>l\u2019argent<\/strong>. Cette couleur tendance fonctionne aussi avec les yeux marron. Vous avez le choix entre des bijoux plaqu\u00e9s argent. Ils co\u00fbtent moins cher. Mais, vous avez aussi les mod\u00e8les 100 % en argent. Ils sont plus chics.&nbsp;<\/p>\n\n\n\n<p class=\"wp-block-paragraph\">Cette couleur s\u2019adapte \u00e0 toutes les carnations. Et, elle ajoutera de la brillance dans vos tenues. Plus tendance&nbsp;? Essayez les <strong>mod\u00e8les asym\u00e9triques<\/strong>.&nbsp;<\/p>\n\n\n\n<h3 class=\"wp-block-heading\">D\u2019autres conseils pour trouver vos boucles d\u2019oreilles sur nos articles&nbsp;:&nbsp;<\/h3>\n\n\n\n<ul class=\"wp-block-list\">\n<li><a href=\"https:\/\/www.echoppe-francaise.fr\/blog\/quelle-couleur-de-boucle-doreille-avec-les-yeux-bleue\/\" target=\"_blank\" rel=\"noreferrer noopener\">Quelle couleur de boucle d&rsquo;oreille avec les yeux bleus ?<\/a><\/li>\n\n\n\n<li><a href=\"https:\/\/www.echoppe-francaise.fr\/blog\/quelle-couleur-de-boucles-doreilles-avec-les-yeux-verts\/\" target=\"_blank\" rel=\"noreferrer noopener\">Quelle couleur de boucles d&rsquo;oreilles avec les yeux verts\u00a0?<\/a><\/li>\n<\/ul>\n","protected":false},"excerpt":{"rendered":"<p>Pourquoi ne pas marier la couleur de vos yeux avec celle de vos boucles d\u2019oreilles&nbsp;? Vous aurez un meilleur rendu sur votre mise en beaut\u00e9. Vous avez les yeux marron&nbsp;? Voici quelques propositions int\u00e9ressantes.&nbsp; L\u2019or&nbsp;: un ind\u00e9modable pour de l\u2019\u00e9l\u00e9gance dans vos tenues L\u2019or cr\u00e9e un contraste int\u00e9ressant avec les yeux marron. Il apporte de&hellip;&nbsp;<\/p>\n","protected":false},"author":6,"featured_media":0,"parent":1831,"menu_order":0,"comment_status":"closed","ping_status":"closed","template":"","meta":{"_crdt_document":"","neve_meta_sidebar":"","neve_meta_container":"","neve_meta_enable_content_width":"","neve_meta_content_width":0,"neve_meta_title_alignment":"","neve_meta_author_avatar":"","neve_post_elements_order":"","neve_meta_disable_header":"","neve_meta_disable_footer":"","neve_meta_disable_title":"","footnotes":""},"class_list":["post-1961","page","type-page","status-publish","hentry"],"yoast_head":"<!-- This site is optimized with the Yoast SEO plugin v27.5 - https:\/\/yoast.com\/product\/yoast-seo-wordpress\/ -->\n<title>Secrets pour choisir des boucles d&#039;oreilles avec les yeux marron<\/title>\n<meta name=\"description\" content=\"Notre article vous d\u00e9livre tous les secrets pour choisir des boucles d&#039;oreilles avec les yeux marron et vous mettre en valeur.\" \/>\n<meta name=\"robots\" content=\"index, follow, max-snippet:-1, max-image-preview:large, max-video-preview:-1\" \/>\n<link rel=\"canonical\" href=\"https:\/\/www.echoppe-francaise.fr\/blog\/quelle-couleur-de-boucles-doreilles-avec-les-yeux-marron\/\" \/>\n<meta property=\"og:locale\" content=\"fr_FR\" \/>\n<meta property=\"og:type\" content=\"article\" \/>\n<meta property=\"og:title\" content=\"Secrets pour choisir des boucles d&#039;oreilles avec les yeux marron\" \/>\n<meta property=\"og:description\" content=\"Notre article vous d\u00e9livre tous les secrets pour choisir des boucles d&#039;oreilles avec les yeux marron et vous mettre en valeur.\" \/>\n<meta property=\"og:url\" content=\"https:\/\/www.echoppe-francaise.fr\/blog\/quelle-couleur-de-boucles-doreilles-avec-les-yeux-marron\/\" \/>\n<meta property=\"og:site_name\" content=\"\u00c9choppe Fran\u00e7aise, le Blog\" \/>\n<meta property=\"article:modified_time\" content=\"2023-12-16T09:03:17+00:00\" \/>\n<meta property=\"og:image\" content=\"https:\/\/lh7-us.googleusercontent.com\/uCVWYKfLU2xM8tPAuOXM0nV54EyebRty6UIyHFALi5TR_Lk_5HbTrZ7D5CwQaUppInlqGqfLnsKtl72i5q8KdfRxPfpRSKarRaYaWyADKupGC-WBW8CJYRixMWmZv4u4IyHXqzW-WdfM\" \/>\n<meta name=\"twitter:card\" content=\"summary_large_image\" \/>\n<meta name=\"twitter:label1\" content=\"Dur\u00e9e de lecture estim\u00e9e\" \/>\n\t<meta name=\"twitter:data1\" content=\"5 minutes\" \/>\n<script type=\"application\/ld+json\" class=\"yoast-schema-graph\">{\"@context\":\"https:\\\/\\\/schema.org\",\"@graph\":[{\"@type\":\"WebPage\",\"@id\":\"https:\\\/\\\/www.echoppe-francaise.fr\\\/blog\\\/quelle-couleur-de-boucles-doreilles-avec-les-yeux-marron\\\/\",\"url\":\"https:\\\/\\\/www.echoppe-francaise.fr\\\/blog\\\/quelle-couleur-de-boucles-doreilles-avec-les-yeux-marron\\\/\",\"name\":\"Secrets pour choisir des boucles d'oreilles avec les yeux marron\",\"isPartOf\":{\"@id\":\"https:\\\/\\\/www.echoppe-francaise.fr\\\/blog\\\/#website\"},\"primaryImageOfPage\":{\"@id\":\"https:\\\/\\\/www.echoppe-francaise.fr\\\/blog\\\/quelle-couleur-de-boucles-doreilles-avec-les-yeux-marron\\\/#primaryimage\"},\"image\":{\"@id\":\"https:\\\/\\\/www.echoppe-francaise.fr\\\/blog\\\/quelle-couleur-de-boucles-doreilles-avec-les-yeux-marron\\\/#primaryimage\"},\"thumbnailUrl\":\"https:\\\/\\\/lh7-us.googleusercontent.com\\\/uCVWYKfLU2xM8tPAuOXM0nV54EyebRty6UIyHFALi5TR_Lk_5HbTrZ7D5CwQaUppInlqGqfLnsKtl72i5q8KdfRxPfpRSKarRaYaWyADKupGC-WBW8CJYRixMWmZv4u4IyHXqzW-WdfM\",\"datePublished\":\"2023-12-16T08:51:28+00:00\",\"dateModified\":\"2023-12-16T09:03:17+00:00\",\"description\":\"Notre article vous d\u00e9livre tous les secrets pour choisir des boucles d'oreilles avec les yeux marron et vous mettre en valeur.\",\"breadcrumb\":{\"@id\":\"https:\\\/\\\/www.echoppe-francaise.fr\\\/blog\\\/quelle-couleur-de-boucles-doreilles-avec-les-yeux-marron\\\/#breadcrumb\"},\"inLanguage\":\"fr-FR\",\"potentialAction\":[{\"@type\":\"ReadAction\",\"target\":[\"https:\\\/\\\/www.echoppe-francaise.fr\\\/blog\\\/quelle-couleur-de-boucles-doreilles-avec-les-yeux-marron\\\/\"]}]},{\"@type\":\"ImageObject\",\"inLanguage\":\"fr-FR\",\"@id\":\"https:\\\/\\\/www.echoppe-francaise.fr\\\/blog\\\/quelle-couleur-de-boucles-doreilles-avec-les-yeux-marron\\\/#primaryimage\",\"url\":\"https:\\\/\\\/lh7-us.googleusercontent.com\\\/uCVWYKfLU2xM8tPAuOXM0nV54EyebRty6UIyHFALi5TR_Lk_5HbTrZ7D5CwQaUppInlqGqfLnsKtl72i5q8KdfRxPfpRSKarRaYaWyADKupGC-WBW8CJYRixMWmZv4u4IyHXqzW-WdfM\",\"contentUrl\":\"https:\\\/\\\/lh7-us.googleusercontent.com\\\/uCVWYKfLU2xM8tPAuOXM0nV54EyebRty6UIyHFALi5TR_Lk_5HbTrZ7D5CwQaUppInlqGqfLnsKtl72i5q8KdfRxPfpRSKarRaYaWyADKupGC-WBW8CJYRixMWmZv4u4IyHXqzW-WdfM\"},{\"@type\":\"BreadcrumbList\",\"@id\":\"https:\\\/\\\/www.echoppe-francaise.fr\\\/blog\\\/quelle-couleur-de-boucles-doreilles-avec-les-yeux-marron\\\/#breadcrumb\",\"itemListElement\":[{\"@type\":\"ListItem\",\"position\":1,\"name\":\"Accueil\",\"item\":\"https:\\\/\\\/www.echoppe-francaise.fr\\\/blog\\\/\"},{\"@type\":\"ListItem\",\"position\":2,\"name\":\"Comment choisir mes boucles d\u2019oreilles\u00a0?\",\"item\":\"https:\\\/\\\/www.echoppe-francaise.fr\\\/blog\\\/comment-choisir-mes-boucles-doreilles\\\/\"},{\"@type\":\"ListItem\",\"position\":3,\"name\":\"Comment choisir la couleur des boucles d&rsquo;oreilles\u00a0?\",\"item\":\"https:\\\/\\\/www.echoppe-francaise.fr\\\/blog\\\/comment-choisir-la-couleur-des-boucles-doreilles\\\/\"},{\"@type\":\"ListItem\",\"position\":4,\"name\":\"Quelle couleur de boucles d&rsquo;oreilles avec les yeux marron\u00a0?\"}]},{\"@type\":\"WebSite\",\"@id\":\"https:\\\/\\\/www.echoppe-francaise.fr\\\/blog\\\/#website\",\"url\":\"https:\\\/\\\/www.echoppe-francaise.fr\\\/blog\\\/\",\"name\":\"\u00c9choppe Fran\u00e7aise, le Blog\",\"description\":\"Le blog des Cr\u00e9atrices et Cr\u00e9ateurs fran\u00e7ais\",\"publisher\":{\"@id\":\"https:\\\/\\\/www.echoppe-francaise.fr\\\/blog\\\/#organization\"},\"potentialAction\":[{\"@type\":\"SearchAction\",\"target\":{\"@type\":\"EntryPoint\",\"urlTemplate\":\"https:\\\/\\\/www.echoppe-francaise.fr\\\/blog\\\/?s={search_term_string}\"},\"query-input\":{\"@type\":\"PropertyValueSpecification\",\"valueRequired\":true,\"valueName\":\"search_term_string\"}}],\"inLanguage\":\"fr-FR\"},{\"@type\":\"Organization\",\"@id\":\"https:\\\/\\\/www.echoppe-francaise.fr\\\/blog\\\/#organization\",\"name\":\"L'\u00e9choppe Fran\u00e7aise\",\"url\":\"https:\\\/\\\/www.echoppe-francaise.fr\\\/blog\\\/\",\"logo\":{\"@type\":\"ImageObject\",\"inLanguage\":\"fr-FR\",\"@id\":\"https:\\\/\\\/www.echoppe-francaise.fr\\\/blog\\\/#\\\/schema\\\/logo\\\/image\\\/\",\"url\":\"https:\\\/\\\/www.echoppe-francaise.fr\\\/blog\\\/wp-content\\\/uploads\\\/2017\\\/04\\\/echoppe-francaise-logo-1489412704.png\",\"contentUrl\":\"https:\\\/\\\/www.echoppe-francaise.fr\\\/blog\\\/wp-content\\\/uploads\\\/2017\\\/04\\\/echoppe-francaise-logo-1489412704.png\",\"width\":492,\"height\":270,\"caption\":\"L'\u00e9choppe Fran\u00e7aise\"},\"image\":{\"@id\":\"https:\\\/\\\/www.echoppe-francaise.fr\\\/blog\\\/#\\\/schema\\\/logo\\\/image\\\/\"}}]}<\/script>\n<!-- \/ Yoast SEO plugin. -->","yoast_head_json":{"title":"Secrets pour choisir des boucles d'oreilles avec les yeux marron","description":"Notre article vous d\u00e9livre tous les secrets pour choisir des boucles d'oreilles avec les yeux marron et vous mettre en valeur.","robots":{"index":"index","follow":"follow","max-snippet":"max-snippet:-1","max-image-preview":"max-image-preview:large","max-video-preview":"max-video-preview:-1"},"canonical":"https:\/\/www.echoppe-francaise.fr\/blog\/quelle-couleur-de-boucles-doreilles-avec-les-yeux-marron\/","og_locale":"fr_FR","og_type":"article","og_title":"Secrets pour choisir des boucles d'oreilles avec les yeux marron","og_description":"Notre article vous d\u00e9livre tous les secrets pour choisir des boucles d'oreilles avec les yeux marron et vous mettre en valeur.","og_url":"https:\/\/www.echoppe-francaise.fr\/blog\/quelle-couleur-de-boucles-doreilles-avec-les-yeux-marron\/","og_site_name":"\u00c9choppe Fran\u00e7aise, le Blog","article_modified_time":"2023-12-16T09:03:17+00:00","og_image":[{"url":"https:\/\/lh7-us.googleusercontent.com\/uCVWYKfLU2xM8tPAuOXM0nV54EyebRty6UIyHFALi5TR_Lk_5HbTrZ7D5CwQaUppInlqGqfLnsKtl72i5q8KdfRxPfpRSKarRaYaWyADKupGC-WBW8CJYRixMWmZv4u4IyHXqzW-WdfM","type":"","width":"","height":""}],"twitter_card":"summary_large_image","twitter_misc":{"Dur\u00e9e de lecture estim\u00e9e":"5 minutes"},"schema":{"@context":"https:\/\/schema.org","@graph":[{"@type":"WebPage","@id":"https:\/\/www.echoppe-francaise.fr\/blog\/quelle-couleur-de-boucles-doreilles-avec-les-yeux-marron\/","url":"https:\/\/www.echoppe-francaise.fr\/blog\/quelle-couleur-de-boucles-doreilles-avec-les-yeux-marron\/","name":"Secrets pour choisir des boucles d'oreilles avec les yeux marron","isPartOf":{"@id":"https:\/\/www.echoppe-francaise.fr\/blog\/#website"},"primaryImageOfPage":{"@id":"https:\/\/www.echoppe-francaise.fr\/blog\/quelle-couleur-de-boucles-doreilles-avec-les-yeux-marron\/#primaryimage"},"image":{"@id":"https:\/\/www.echoppe-francaise.fr\/blog\/quelle-couleur-de-boucles-doreilles-avec-les-yeux-marron\/#primaryimage"},"thumbnailUrl":"https:\/\/lh7-us.googleusercontent.com\/uCVWYKfLU2xM8tPAuOXM0nV54EyebRty6UIyHFALi5TR_Lk_5HbTrZ7D5CwQaUppInlqGqfLnsKtl72i5q8KdfRxPfpRSKarRaYaWyADKupGC-WBW8CJYRixMWmZv4u4IyHXqzW-WdfM","datePublished":"2023-12-16T08:51:28+00:00","dateModified":"2023-12-16T09:03:17+00:00","description":"Notre article vous d\u00e9livre tous les secrets pour choisir des boucles d'oreilles avec les yeux marron et vous mettre en valeur.","breadcrumb":{"@id":"https:\/\/www.echoppe-francaise.fr\/blog\/quelle-couleur-de-boucles-doreilles-avec-les-yeux-marron\/#breadcrumb"},"inLanguage":"fr-FR","potentialAction":[{"@type":"ReadAction","target":["https:\/\/www.echoppe-francaise.fr\/blog\/quelle-couleur-de-boucles-doreilles-avec-les-yeux-marron\/"]}]},{"@type":"ImageObject","inLanguage":"fr-FR","@id":"https:\/\/www.echoppe-francaise.fr\/blog\/quelle-couleur-de-boucles-doreilles-avec-les-yeux-marron\/#primaryimage","url":"https:\/\/lh7-us.googleusercontent.com\/uCVWYKfLU2xM8tPAuOXM0nV54EyebRty6UIyHFALi5TR_Lk_5HbTrZ7D5CwQaUppInlqGqfLnsKtl72i5q8KdfRxPfpRSKarRaYaWyADKupGC-WBW8CJYRixMWmZv4u4IyHXqzW-WdfM","contentUrl":"https:\/\/lh7-us.googleusercontent.com\/uCVWYKfLU2xM8tPAuOXM0nV54EyebRty6UIyHFALi5TR_Lk_5HbTrZ7D5CwQaUppInlqGqfLnsKtl72i5q8KdfRxPfpRSKarRaYaWyADKupGC-WBW8CJYRixMWmZv4u4IyHXqzW-WdfM"},{"@type":"BreadcrumbList","@id":"https:\/\/www.echoppe-francaise.fr\/blog\/quelle-couleur-de-boucles-doreilles-avec-les-yeux-marron\/#breadcrumb","itemListElement":[{"@type":"ListItem","position":1,"name":"Accueil","item":"https:\/\/www.echoppe-francaise.fr\/blog\/"},{"@type":"ListItem","position":2,"name":"Comment choisir mes boucles d\u2019oreilles\u00a0?","item":"https:\/\/www.echoppe-francaise.fr\/blog\/comment-choisir-mes-boucles-doreilles\/"},{"@type":"ListItem","position":3,"name":"Comment choisir la couleur des boucles d&rsquo;oreilles\u00a0?","item":"https:\/\/www.echoppe-francaise.fr\/blog\/comment-choisir-la-couleur-des-boucles-doreilles\/"},{"@type":"ListItem","position":4,"name":"Quelle couleur de boucles d&rsquo;oreilles avec les yeux marron\u00a0?"}]},{"@type":"WebSite","@id":"https:\/\/www.echoppe-francaise.fr\/blog\/#website","url":"https:\/\/www.echoppe-francaise.fr\/blog\/","name":"\u00c9choppe Fran\u00e7aise, le Blog","description":"Le blog des Cr\u00e9atrices et Cr\u00e9ateurs fran\u00e7ais","publisher":{"@id":"https:\/\/www.echoppe-francaise.fr\/blog\/#organization"},"potentialAction":[{"@type":"SearchAction","target":{"@type":"EntryPoint","urlTemplate":"https:\/\/www.echoppe-francaise.fr\/blog\/?s={search_term_string}"},"query-input":{"@type":"PropertyValueSpecification","valueRequired":true,"valueName":"search_term_string"}}],"inLanguage":"fr-FR"},{"@type":"Organization","@id":"https:\/\/www.echoppe-francaise.fr\/blog\/#organization","name":"L'\u00e9choppe Fran\u00e7aise","url":"https:\/\/www.echoppe-francaise.fr\/blog\/","logo":{"@type":"ImageObject","inLanguage":"fr-FR","@id":"https:\/\/www.echoppe-francaise.fr\/blog\/#\/schema\/logo\/image\/","url":"https:\/\/www.echoppe-francaise.fr\/blog\/wp-content\/uploads\/2017\/04\/echoppe-francaise-logo-1489412704.png","contentUrl":"https:\/\/www.echoppe-francaise.fr\/blog\/wp-content\/uploads\/2017\/04\/echoppe-francaise-logo-1489412704.png","width":492,"height":270,"caption":"L'\u00e9choppe Fran\u00e7aise"},"image":{"@id":"https:\/\/www.echoppe-francaise.fr\/blog\/#\/schema\/logo\/image\/"}}]}},"_links":{"self":[{"href":"https:\/\/www.echoppe-francaise.fr\/blog\/wp-json\/wp\/v2\/pages\/1961","targetHints":{"allow":["GET"]}}],"collection":[{"href":"https:\/\/www.echoppe-francaise.fr\/blog\/wp-json\/wp\/v2\/pages"}],"about":[{"href":"https:\/\/www.echoppe-francaise.fr\/blog\/wp-json\/wp\/v2\/types\/page"}],"author":[{"embeddable":true,"href":"https:\/\/www.echoppe-francaise.fr\/blog\/wp-json\/wp\/v2\/users\/6"}],"replies":[{"embeddable":true,"href":"https:\/\/www.echoppe-francaise.fr\/blog\/wp-json\/wp\/v2\/comments?post=1961"}],"version-history":[{"count":2,"href":"https:\/\/www.echoppe-francaise.fr\/blog\/wp-json\/wp\/v2\/pages\/1961\/revisions"}],"predecessor-version":[{"id":1974,"href":"https:\/\/www.echoppe-francaise.fr\/blog\/wp-json\/wp\/v2\/pages\/1961\/revisions\/1974"}],"up":[{"embeddable":true,"href":"https:\/\/www.echoppe-francaise.fr\/blog\/wp-json\/wp\/v2\/pages\/1831"}],"wp:attachment":[{"href":"https:\/\/www.echoppe-francaise.fr\/blog\/wp-json\/wp\/v2\/media?parent=1961"}],"curies":[{"name":"wp","href":"https:\/\/api.w.org\/{rel}","templated":true}]}}