{"id":1960,"date":"2023-12-16T09:46:51","date_gmt":"2023-12-16T08:46:51","guid":{"rendered":"https:\/\/www.echoppe-francaise.fr\/blog\/?page_id=1960"},"modified":"2023-12-16T10:03:25","modified_gmt":"2023-12-16T09:03:25","slug":"quelle-couleur-de-boucles-doreilles-avec-les-yeux-verts","status":"publish","type":"page","link":"https:\/\/www.echoppe-francaise.fr\/blog\/quelle-couleur-de-boucles-doreilles-avec-les-yeux-verts\/","title":{"rendered":"Quelle couleur de boucles d&rsquo;oreilles avec les yeux verts?"},"content":{"rendered":"\n<figure class=\"wp-block-image\"><img decoding=\"async\" src=\"https:\/\/lh7-us.googleusercontent.com\/lSXOgYGTzsS6iCQDE__C-hFeotlhg31CsxL63vWuRAOKSTNPQTZqQG-CU3cX3XaHnqIqSyeVbDL8MhWQpHgq3YYqD_YlHqXhVZ72LBQm1EEAoSSdtvgVd7Z7TWgEKEkaL6rIHbkHWrhb\" alt=\"Femmes aux yeux vers qui porte une cr\u00e9ole en argent.\"\/><\/figure>\n\n\n\n<p class=\"wp-block-paragraph\">Faites ressortir vos yeux verts dans votre mise en beaut\u00e9 et votre tenue. Choisissez les <strong>boucles d\u2019oreilles<\/strong> qui vous permettront de le faire. Du mal \u00e0 trouver les bons accessoires&nbsp;? Suivez notre guide.&nbsp;<\/p>\n\n\n\n<h2 class=\"wp-block-heading\">L\u2019or&nbsp;est-il une bonne id\u00e9e&nbsp;?&nbsp;<\/h2>\n\n\n\n<figure class=\"wp-block-image\"><img decoding=\"async\" src=\"https:\/\/lh7-us.googleusercontent.com\/qV8k3ahCufASx6zStzuEhfnQbjPbhaE9K1CyHTxRPB06K8JaZLpQco_lumAOWXFS8RFT-M8AWvXO6Qhtyr9v4gMY6Ekgn0nF4qWab-Z0ZstpLvhTyG3rjE9WyNe3KNYN-kdXRg95lj7R\" alt=\"Une cr\u00e9oles \u00e0 doubles anneaux en or.\"\/><\/figure>\n\n\n\n<p class=\"wp-block-paragraph\">Les <strong>boucles d\u2019oreilles en or<\/strong> sont toujours d\u2019excellentes id\u00e9es. Mais, avec les yeux verts, pr\u00e9f\u00e9rez l\u2019or rose. C\u2019est id\u00e9al pour de la chaleur dans votre look. Et, ce sera subtil et esth\u00e9tique.&nbsp;<\/p>\n\n\n\n<p class=\"wp-block-paragraph\">Envie d\u2019une touche f\u00e9minine&nbsp;? Penchez pour les <strong>mod\u00e8les fleuris ou en feuillage<\/strong>. Une touche de modernit\u00e9&nbsp;? Choisissez les bijoux g\u00e9om\u00e9triques ou ronds. Sinon, il reste les cr\u00e9oles et passe-partout.&nbsp; Ils se portent \u00e0 toute occasion.&nbsp;<\/p>\n\n\n\n<p class=\"wp-block-paragraph\">L\u2019<strong>or blanc<\/strong> est aussi une possibilit\u00e9. C\u2019est gage de brillance et d\u2019\u00e9l\u00e9gance. Il imite l\u2019argent. Mais, il est plus subtil. De quoi cr\u00e9er une belle nuance avec vos yeux verts.&nbsp;<\/p>\n\n\n\n<p class=\"wp-block-paragraph\">Sinon, il y a toujours l\u2019<strong>or jaune<\/strong>. Le choix classique des accessoires de mode. Envie de lumi\u00e8re sur vos tenues\u00a0? Ce m\u00e9tal pr\u00e9cieux est votre meilleur alli\u00e9. Vous avez les bijoux plaqu\u00e9s or si vous avez un budget restreint. Achetez des accessoires fantaisie haut de gamme. Le rendu sera le m\u00eame.\u00a0<\/p>\n\n\n\n<p class=\"wp-block-paragraph\">On vous accompagne dans le choix de la couleur de votre boucles d&rsquo;oreilles avec d&rsquo;autres astuces et conseils. Lisez : <a href=\"https:\/\/www.echoppe-francaise.fr\/blog\/comment-choisir-la-couleur-des-boucles-doreilles\/\" target=\"_blank\" rel=\"noreferrer noopener\">Comment choisir la couleur des boucles d&rsquo;oreilles ?<\/a><\/p>\n\n\n\n<h2 class=\"wp-block-heading\">L\u2019argent&nbsp;: une tendance qui n\u2019en finit pas<\/h2>\n\n\n\n<figure class=\"wp-block-image\"><img decoding=\"async\" src=\"https:\/\/lh7-us.googleusercontent.com\/skrSq2Jowd0DAoVMZwY7AADveQzcH6x0kGvv7J6dxHa29ov4pyEbAanFR6Z7C6bFMNHeNRX_poPDKubI7yd1Fq-q5W7YYgH_gUxNsEaMJ919-rPC41rVIJOWluFpC7aVqCoyTNzyw3c5\" alt=\"Femmes aux yeux vertes portant une fleur sur la t\u00eate et une paire de cr\u00e9oles en argent.\"\/><\/figure>\n\n\n\n<p class=\"wp-block-paragraph\">\u00c0 la recherche de boucles d\u2019oreilles tendance&nbsp;? Optez pour l\u2019<strong>argent<\/strong>. Cette couleur gris brillant se mariera avec votre carnation. Idem avec la couleur de vos yeux verts. Elle ajoute de l\u2019\u00e9quilibre dans votre mise en beaut\u00e9.&nbsp;<\/p>\n\n\n\n<p class=\"wp-block-paragraph\">Choisissez des <strong>bijoux pendants<\/strong>. Fins pour les coupes carr\u00e9es ou les cheveux courts. Plus imposants avec une longue crini\u00e8re. Mais, surtout, travaill\u00e9s avec soin pour une bonne touche de f\u00e9minit\u00e9.&nbsp;<\/p>\n\n\n\n<h2 class=\"wp-block-heading\">Pourquoi pas les boucles d\u2019oreilles en bronze&nbsp;?&nbsp;<\/h2>\n\n\n\n<figure class=\"wp-block-image\"><img decoding=\"async\" src=\"https:\/\/lh7-us.googleusercontent.com\/1BFU29b8W17_XIix_d2u1T36KuSnm1A0IVjGFuAC4g_MdZUe4UPcYcwurghig_3Dp7Pm4uSC3MTO_st3h2ZV7fxRvgYTg0Gt_gHA-Tsj_-Bvpm6qTXj4x2xpZz1TeI1Flr6ilMTQLc3H\" alt=\"Femme avec une boucle d'oreille pendante en forme de feuillage en bronze.\"\/><\/figure>\n\n\n\n<p class=\"wp-block-paragraph\">Vous cherchez \u00e0 valoriser vos yeux verts&nbsp;? On vous conseille les <strong>boucles d\u2019oreilles en bronze<\/strong>. C\u2019est une couleur sobre. Elle ajoutera du chic et de la profondeur \u00e0 votre tenue. Elle est parfaite si vous \u00eates brunes ou blondes. Elle compl\u00e8te votre mise en beaut\u00e9.&nbsp;<\/p>\n\n\n\n<p class=\"wp-block-paragraph\">Moins cher que l\u2019or, mais tout aussi brillant. Il vous reste \u00e0 trouver la forme id\u00e9ale pour votre visage&nbsp;:&nbsp;<\/p>\n\n\n\n<ul class=\"wp-block-list\">\n<li>L\u00e9g\u00e8rement ronde pour celles qui ont les traits tir\u00e9s<\/li>\n\n\n\n<li>Plus strictes si vous avez le visage rond ou ovale<\/li>\n\n\n\n<li>Des formes qui compensent la taille de votre visage de pr\u00e9f\u00e9rence.&nbsp;<\/li>\n<\/ul>\n\n\n\n<h2 class=\"wp-block-heading\">Comment porter du ton sur ton avec les yeux verts&nbsp;?&nbsp;<\/h2>\n\n\n\n<figure class=\"wp-block-image\"><img decoding=\"async\" src=\"https:\/\/lh7-us.googleusercontent.com\/kKuRf6GCyZ67jrmg0_iYDfjz8BFYm2qdX3gli_c3dsWJbm2yIkCkw5c4rzYKIE7BXozyis706SVHZP5dbefZ5wRgF7alJf7SG1Ev40ds-SOVkX1rVhxXX5N3JLRJWrfg64kYGq-EDhVB\" alt=\"Femme aux yeux verts avec une paire de boucles d'oreilles pendantes de couleur verte.\"\/><\/figure>\n\n\n\n<p class=\"wp-block-paragraph\">Et, pourquoi pas du ton sur ton&nbsp;? Avec les yeux verts, on recommande les <strong>boucles d\u2019oreilles<\/strong> <strong>\u00e9meraude<\/strong>. Vous n\u2019aurez pas obligatoirement besoin de la pierre pr\u00e9cieuse. Sur l\u2019\u00c9choppe Fran\u00e7aise, nos artisans peignent le cuir ou le bois. De quoi vous obtenir des bijoux vert tendance \u00e0 petit prix.&nbsp;<\/p>\n\n\n\n<p class=\"wp-block-paragraph\">Essayez toutes les<strong> nuances de vert<\/strong>. Vous mettrez en valeur la couleur de vos yeux. Ajoutez-les en petite touche sur vos boucles d\u2019oreilles. Originalit\u00e9&nbsp;: c\u2019est le ma\u00eetre-mot pour une tenue tendance.&nbsp;<\/p>\n\n\n\n<p class=\"wp-block-paragraph\">Connectez-vous sur l\u2019\u00c9choppe Fran\u00e7aise. Notre boutique en ligne vous propose diverses formes de <strong>boucles d\u2019oreilles made in France<\/strong>. De quoi parfaire votre tenue.<strong>&nbsp;<\/strong><\/p>\n\n\n\n<h3 class=\"wp-block-heading\">Nous vous proposons d\u2019autres guides pour bien choisir vos bijoux en fonction de la couleur de vos yeux&nbsp;:&nbsp;<\/h3>\n\n\n\n<ul class=\"wp-block-list\">\n<li><a href=\"https:\/\/www.echoppe-francaise.fr\/blog\/quelle-couleur-de-boucle-doreille-avec-les-yeux-bleue\/\" target=\"_blank\" rel=\"noreferrer noopener\">Quelle couleur de boucle d&rsquo;oreille avec les yeux bleus\u00a0?<\/a><\/li>\n\n\n\n<li><a href=\"https:\/\/www.echoppe-francaise.fr\/blog\/quelle-couleur-de-boucles-doreilles-avec-les-yeux-marron\/\" target=\"_blank\" rel=\"noreferrer noopener\">Quelle couleur de boucles d&rsquo;oreilles avec les yeux marrons\u00a0?<\/a><\/li>\n<\/ul>\n","protected":false},"excerpt":{"rendered":"<p>Faites ressortir vos yeux verts dans votre mise en beaut\u00e9 et votre tenue. Choisissez les boucles d\u2019oreilles qui vous permettront de le faire. Du mal \u00e0 trouver les bons accessoires&nbsp;? Suivez notre guide.&nbsp; L\u2019or&nbsp;est-il une bonne id\u00e9e&nbsp;?&nbsp; Les boucles d\u2019oreilles en or sont toujours d\u2019excellentes id\u00e9es. Mais, avec les yeux verts, pr\u00e9f\u00e9rez l\u2019or rose. C\u2019est&hellip;&nbsp;<\/p>\n","protected":false},"author":6,"featured_media":0,"parent":1831,"menu_order":0,"comment_status":"closed","ping_status":"closed","template":"","meta":{"_crdt_document":"","neve_meta_sidebar":"","neve_meta_container":"","neve_meta_enable_content_width":"","neve_meta_content_width":0,"neve_meta_title_alignment":"","neve_meta_author_avatar":"","neve_post_elements_order":"","neve_meta_disable_header":"","neve_meta_disable_footer":"","neve_meta_disable_title":"","footnotes":""},"class_list":["post-1960","page","type-page","status-publish","hentry"],"yoast_head":"<!-- This site is optimized with the Yoast SEO plugin v27.5 - https:\/\/yoast.com\/product\/yoast-seo-wordpress\/ -->\n<title>Comment choisir les boucles d&#039;oreilles avec les yeux verts ?<\/title>\n<meta name=\"description\" content=\"Voici quelques astuces et conseils pour bien choisir les boucles d&#039;oreilles avec les yeux verts et sublimer une tenue.\" \/>\n<meta name=\"robots\" content=\"index, follow, max-snippet:-1, max-image-preview:large, max-video-preview:-1\" \/>\n<link rel=\"canonical\" href=\"https:\/\/www.echoppe-francaise.fr\/blog\/quelle-couleur-de-boucles-doreilles-avec-les-yeux-verts\/\" \/>\n<meta property=\"og:locale\" content=\"fr_FR\" \/>\n<meta property=\"og:type\" content=\"article\" \/>\n<meta property=\"og:title\" content=\"Comment choisir les boucles d&#039;oreilles avec les yeux verts ?\" \/>\n<meta property=\"og:description\" content=\"Voici quelques astuces et conseils pour bien choisir les boucles d&#039;oreilles avec les yeux verts et sublimer une tenue.\" \/>\n<meta property=\"og:url\" content=\"https:\/\/www.echoppe-francaise.fr\/blog\/quelle-couleur-de-boucles-doreilles-avec-les-yeux-verts\/\" \/>\n<meta property=\"og:site_name\" content=\"\u00c9choppe Fran\u00e7aise, le Blog\" \/>\n<meta property=\"article:modified_time\" content=\"2023-12-16T09:03:25+00:00\" \/>\n<meta property=\"og:image\" content=\"https:\/\/lh7-us.googleusercontent.com\/lSXOgYGTzsS6iCQDE__C-hFeotlhg31CsxL63vWuRAOKSTNPQTZqQG-CU3cX3XaHnqIqSyeVbDL8MhWQpHgq3YYqD_YlHqXhVZ72LBQm1EEAoSSdtvgVd7Z7TWgEKEkaL6rIHbkHWrhb\" \/>\n<meta name=\"twitter:card\" content=\"summary_large_image\" \/>\n<meta name=\"twitter:label1\" content=\"Dur\u00e9e de lecture estim\u00e9e\" \/>\n\t<meta name=\"twitter:data1\" content=\"4 minutes\" \/>\n<script type=\"application\/ld+json\" class=\"yoast-schema-graph\">{\"@context\":\"https:\\\/\\\/schema.org\",\"@graph\":[{\"@type\":\"WebPage\",\"@id\":\"https:\\\/\\\/www.echoppe-francaise.fr\\\/blog\\\/quelle-couleur-de-boucles-doreilles-avec-les-yeux-verts\\\/\",\"url\":\"https:\\\/\\\/www.echoppe-francaise.fr\\\/blog\\\/quelle-couleur-de-boucles-doreilles-avec-les-yeux-verts\\\/\",\"name\":\"Comment choisir les boucles d'oreilles avec les yeux verts ?\",\"isPartOf\":{\"@id\":\"https:\\\/\\\/www.echoppe-francaise.fr\\\/blog\\\/#website\"},\"primaryImageOfPage\":{\"@id\":\"https:\\\/\\\/www.echoppe-francaise.fr\\\/blog\\\/quelle-couleur-de-boucles-doreilles-avec-les-yeux-verts\\\/#primaryimage\"},\"image\":{\"@id\":\"https:\\\/\\\/www.echoppe-francaise.fr\\\/blog\\\/quelle-couleur-de-boucles-doreilles-avec-les-yeux-verts\\\/#primaryimage\"},\"thumbnailUrl\":\"https:\\\/\\\/lh7-us.googleusercontent.com\\\/lSXOgYGTzsS6iCQDE__C-hFeotlhg31CsxL63vWuRAOKSTNPQTZqQG-CU3cX3XaHnqIqSyeVbDL8MhWQpHgq3YYqD_YlHqXhVZ72LBQm1EEAoSSdtvgVd7Z7TWgEKEkaL6rIHbkHWrhb\",\"datePublished\":\"2023-12-16T08:46:51+00:00\",\"dateModified\":\"2023-12-16T09:03:25+00:00\",\"description\":\"Voici quelques astuces et conseils pour bien choisir les boucles d'oreilles avec les yeux verts et sublimer une tenue.\",\"breadcrumb\":{\"@id\":\"https:\\\/\\\/www.echoppe-francaise.fr\\\/blog\\\/quelle-couleur-de-boucles-doreilles-avec-les-yeux-verts\\\/#breadcrumb\"},\"inLanguage\":\"fr-FR\",\"potentialAction\":[{\"@type\":\"ReadAction\",\"target\":[\"https:\\\/\\\/www.echoppe-francaise.fr\\\/blog\\\/quelle-couleur-de-boucles-doreilles-avec-les-yeux-verts\\\/\"]}]},{\"@type\":\"ImageObject\",\"inLanguage\":\"fr-FR\",\"@id\":\"https:\\\/\\\/www.echoppe-francaise.fr\\\/blog\\\/quelle-couleur-de-boucles-doreilles-avec-les-yeux-verts\\\/#primaryimage\",\"url\":\"https:\\\/\\\/lh7-us.googleusercontent.com\\\/lSXOgYGTzsS6iCQDE__C-hFeotlhg31CsxL63vWuRAOKSTNPQTZqQG-CU3cX3XaHnqIqSyeVbDL8MhWQpHgq3YYqD_YlHqXhVZ72LBQm1EEAoSSdtvgVd7Z7TWgEKEkaL6rIHbkHWrhb\",\"contentUrl\":\"https:\\\/\\\/lh7-us.googleusercontent.com\\\/lSXOgYGTzsS6iCQDE__C-hFeotlhg31CsxL63vWuRAOKSTNPQTZqQG-CU3cX3XaHnqIqSyeVbDL8MhWQpHgq3YYqD_YlHqXhVZ72LBQm1EEAoSSdtvgVd7Z7TWgEKEkaL6rIHbkHWrhb\"},{\"@type\":\"BreadcrumbList\",\"@id\":\"https:\\\/\\\/www.echoppe-francaise.fr\\\/blog\\\/quelle-couleur-de-boucles-doreilles-avec-les-yeux-verts\\\/#breadcrumb\",\"itemListElement\":[{\"@type\":\"ListItem\",\"position\":1,\"name\":\"Accueil\",\"item\":\"https:\\\/\\\/www.echoppe-francaise.fr\\\/blog\\\/\"},{\"@type\":\"ListItem\",\"position\":2,\"name\":\"Comment choisir mes boucles d\u2019oreilles\u00a0?\",\"item\":\"https:\\\/\\\/www.echoppe-francaise.fr\\\/blog\\\/comment-choisir-mes-boucles-doreilles\\\/\"},{\"@type\":\"ListItem\",\"position\":3,\"name\":\"Comment choisir la couleur des boucles d&rsquo;oreilles\u00a0?\",\"item\":\"https:\\\/\\\/www.echoppe-francaise.fr\\\/blog\\\/comment-choisir-la-couleur-des-boucles-doreilles\\\/\"},{\"@type\":\"ListItem\",\"position\":4,\"name\":\"Quelle couleur de boucles d&rsquo;oreilles avec les yeux verts?\"}]},{\"@type\":\"WebSite\",\"@id\":\"https:\\\/\\\/www.echoppe-francaise.fr\\\/blog\\\/#website\",\"url\":\"https:\\\/\\\/www.echoppe-francaise.fr\\\/blog\\\/\",\"name\":\"\u00c9choppe Fran\u00e7aise, le Blog\",\"description\":\"Le blog des Cr\u00e9atrices et Cr\u00e9ateurs fran\u00e7ais\",\"publisher\":{\"@id\":\"https:\\\/\\\/www.echoppe-francaise.fr\\\/blog\\\/#organization\"},\"potentialAction\":[{\"@type\":\"SearchAction\",\"target\":{\"@type\":\"EntryPoint\",\"urlTemplate\":\"https:\\\/\\\/www.echoppe-francaise.fr\\\/blog\\\/?s={search_term_string}\"},\"query-input\":{\"@type\":\"PropertyValueSpecification\",\"valueRequired\":true,\"valueName\":\"search_term_string\"}}],\"inLanguage\":\"fr-FR\"},{\"@type\":\"Organization\",\"@id\":\"https:\\\/\\\/www.echoppe-francaise.fr\\\/blog\\\/#organization\",\"name\":\"L'\u00e9choppe Fran\u00e7aise\",\"url\":\"https:\\\/\\\/www.echoppe-francaise.fr\\\/blog\\\/\",\"logo\":{\"@type\":\"ImageObject\",\"inLanguage\":\"fr-FR\",\"@id\":\"https:\\\/\\\/www.echoppe-francaise.fr\\\/blog\\\/#\\\/schema\\\/logo\\\/image\\\/\",\"url\":\"https:\\\/\\\/www.echoppe-francaise.fr\\\/blog\\\/wp-content\\\/uploads\\\/2017\\\/04\\\/echoppe-francaise-logo-1489412704.png\",\"contentUrl\":\"https:\\\/\\\/www.echoppe-francaise.fr\\\/blog\\\/wp-content\\\/uploads\\\/2017\\\/04\\\/echoppe-francaise-logo-1489412704.png\",\"width\":492,\"height\":270,\"caption\":\"L'\u00e9choppe Fran\u00e7aise\"},\"image\":{\"@id\":\"https:\\\/\\\/www.echoppe-francaise.fr\\\/blog\\\/#\\\/schema\\\/logo\\\/image\\\/\"}}]}<\/script>\n<!-- \/ Yoast SEO plugin. -->","yoast_head_json":{"title":"Comment choisir les boucles d'oreilles avec les yeux verts ?","description":"Voici quelques astuces et conseils pour bien choisir les boucles d'oreilles avec les yeux verts et sublimer une tenue.","robots":{"index":"index","follow":"follow","max-snippet":"max-snippet:-1","max-image-preview":"max-image-preview:large","max-video-preview":"max-video-preview:-1"},"canonical":"https:\/\/www.echoppe-francaise.fr\/blog\/quelle-couleur-de-boucles-doreilles-avec-les-yeux-verts\/","og_locale":"fr_FR","og_type":"article","og_title":"Comment choisir les boucles d'oreilles avec les yeux verts ?","og_description":"Voici quelques astuces et conseils pour bien choisir les boucles d'oreilles avec les yeux verts et sublimer une tenue.","og_url":"https:\/\/www.echoppe-francaise.fr\/blog\/quelle-couleur-de-boucles-doreilles-avec-les-yeux-verts\/","og_site_name":"\u00c9choppe Fran\u00e7aise, le Blog","article_modified_time":"2023-12-16T09:03:25+00:00","og_image":[{"url":"https:\/\/lh7-us.googleusercontent.com\/lSXOgYGTzsS6iCQDE__C-hFeotlhg31CsxL63vWuRAOKSTNPQTZqQG-CU3cX3XaHnqIqSyeVbDL8MhWQpHgq3YYqD_YlHqXhVZ72LBQm1EEAoSSdtvgVd7Z7TWgEKEkaL6rIHbkHWrhb","type":"","width":"","height":""}],"twitter_card":"summary_large_image","twitter_misc":{"Dur\u00e9e de lecture estim\u00e9e":"4 minutes"},"schema":{"@context":"https:\/\/schema.org","@graph":[{"@type":"WebPage","@id":"https:\/\/www.echoppe-francaise.fr\/blog\/quelle-couleur-de-boucles-doreilles-avec-les-yeux-verts\/","url":"https:\/\/www.echoppe-francaise.fr\/blog\/quelle-couleur-de-boucles-doreilles-avec-les-yeux-verts\/","name":"Comment choisir les boucles d'oreilles avec les yeux verts ?","isPartOf":{"@id":"https:\/\/www.echoppe-francaise.fr\/blog\/#website"},"primaryImageOfPage":{"@id":"https:\/\/www.echoppe-francaise.fr\/blog\/quelle-couleur-de-boucles-doreilles-avec-les-yeux-verts\/#primaryimage"},"image":{"@id":"https:\/\/www.echoppe-francaise.fr\/blog\/quelle-couleur-de-boucles-doreilles-avec-les-yeux-verts\/#primaryimage"},"thumbnailUrl":"https:\/\/lh7-us.googleusercontent.com\/lSXOgYGTzsS6iCQDE__C-hFeotlhg31CsxL63vWuRAOKSTNPQTZqQG-CU3cX3XaHnqIqSyeVbDL8MhWQpHgq3YYqD_YlHqXhVZ72LBQm1EEAoSSdtvgVd7Z7TWgEKEkaL6rIHbkHWrhb","datePublished":"2023-12-16T08:46:51+00:00","dateModified":"2023-12-16T09:03:25+00:00","description":"Voici quelques astuces et conseils pour bien choisir les boucles d'oreilles avec les yeux verts et sublimer une tenue.","breadcrumb":{"@id":"https:\/\/www.echoppe-francaise.fr\/blog\/quelle-couleur-de-boucles-doreilles-avec-les-yeux-verts\/#breadcrumb"},"inLanguage":"fr-FR","potentialAction":[{"@type":"ReadAction","target":["https:\/\/www.echoppe-francaise.fr\/blog\/quelle-couleur-de-boucles-doreilles-avec-les-yeux-verts\/"]}]},{"@type":"ImageObject","inLanguage":"fr-FR","@id":"https:\/\/www.echoppe-francaise.fr\/blog\/quelle-couleur-de-boucles-doreilles-avec-les-yeux-verts\/#primaryimage","url":"https:\/\/lh7-us.googleusercontent.com\/lSXOgYGTzsS6iCQDE__C-hFeotlhg31CsxL63vWuRAOKSTNPQTZqQG-CU3cX3XaHnqIqSyeVbDL8MhWQpHgq3YYqD_YlHqXhVZ72LBQm1EEAoSSdtvgVd7Z7TWgEKEkaL6rIHbkHWrhb","contentUrl":"https:\/\/lh7-us.googleusercontent.com\/lSXOgYGTzsS6iCQDE__C-hFeotlhg31CsxL63vWuRAOKSTNPQTZqQG-CU3cX3XaHnqIqSyeVbDL8MhWQpHgq3YYqD_YlHqXhVZ72LBQm1EEAoSSdtvgVd7Z7TWgEKEkaL6rIHbkHWrhb"},{"@type":"BreadcrumbList","@id":"https:\/\/www.echoppe-francaise.fr\/blog\/quelle-couleur-de-boucles-doreilles-avec-les-yeux-verts\/#breadcrumb","itemListElement":[{"@type":"ListItem","position":1,"name":"Accueil","item":"https:\/\/www.echoppe-francaise.fr\/blog\/"},{"@type":"ListItem","position":2,"name":"Comment choisir mes boucles d\u2019oreilles\u00a0?","item":"https:\/\/www.echoppe-francaise.fr\/blog\/comment-choisir-mes-boucles-doreilles\/"},{"@type":"ListItem","position":3,"name":"Comment choisir la couleur des boucles d&rsquo;oreilles\u00a0?","item":"https:\/\/www.echoppe-francaise.fr\/blog\/comment-choisir-la-couleur-des-boucles-doreilles\/"},{"@type":"ListItem","position":4,"name":"Quelle couleur de boucles d&rsquo;oreilles avec les yeux verts?"}]},{"@type":"WebSite","@id":"https:\/\/www.echoppe-francaise.fr\/blog\/#website","url":"https:\/\/www.echoppe-francaise.fr\/blog\/","name":"\u00c9choppe Fran\u00e7aise, le Blog","description":"Le blog des Cr\u00e9atrices et Cr\u00e9ateurs fran\u00e7ais","publisher":{"@id":"https:\/\/www.echoppe-francaise.fr\/blog\/#organization"},"potentialAction":[{"@type":"SearchAction","target":{"@type":"EntryPoint","urlTemplate":"https:\/\/www.echoppe-francaise.fr\/blog\/?s={search_term_string}"},"query-input":{"@type":"PropertyValueSpecification","valueRequired":true,"valueName":"search_term_string"}}],"inLanguage":"fr-FR"},{"@type":"Organization","@id":"https:\/\/www.echoppe-francaise.fr\/blog\/#organization","name":"L'\u00e9choppe Fran\u00e7aise","url":"https:\/\/www.echoppe-francaise.fr\/blog\/","logo":{"@type":"ImageObject","inLanguage":"fr-FR","@id":"https:\/\/www.echoppe-francaise.fr\/blog\/#\/schema\/logo\/image\/","url":"https:\/\/www.echoppe-francaise.fr\/blog\/wp-content\/uploads\/2017\/04\/echoppe-francaise-logo-1489412704.png","contentUrl":"https:\/\/www.echoppe-francaise.fr\/blog\/wp-content\/uploads\/2017\/04\/echoppe-francaise-logo-1489412704.png","width":492,"height":270,"caption":"L'\u00e9choppe Fran\u00e7aise"},"image":{"@id":"https:\/\/www.echoppe-francaise.fr\/blog\/#\/schema\/logo\/image\/"}}]}},"_links":{"self":[{"href":"https:\/\/www.echoppe-francaise.fr\/blog\/wp-json\/wp\/v2\/pages\/1960","targetHints":{"allow":["GET"]}}],"collection":[{"href":"https:\/\/www.echoppe-francaise.fr\/blog\/wp-json\/wp\/v2\/pages"}],"about":[{"href":"https:\/\/www.echoppe-francaise.fr\/blog\/wp-json\/wp\/v2\/types\/page"}],"author":[{"embeddable":true,"href":"https:\/\/www.echoppe-francaise.fr\/blog\/wp-json\/wp\/v2\/users\/6"}],"replies":[{"embeddable":true,"href":"https:\/\/www.echoppe-francaise.fr\/blog\/wp-json\/wp\/v2\/comments?post=1960"}],"version-history":[{"count":2,"href":"https:\/\/www.echoppe-francaise.fr\/blog\/wp-json\/wp\/v2\/pages\/1960\/revisions"}],"predecessor-version":[{"id":1975,"href":"https:\/\/www.echoppe-francaise.fr\/blog\/wp-json\/wp\/v2\/pages\/1960\/revisions\/1975"}],"up":[{"embeddable":true,"href":"https:\/\/www.echoppe-francaise.fr\/blog\/wp-json\/wp\/v2\/pages\/1831"}],"wp:attachment":[{"href":"https:\/\/www.echoppe-francaise.fr\/blog\/wp-json\/wp\/v2\/media?parent=1960"}],"curies":[{"name":"wp","href":"https:\/\/api.w.org\/{rel}","templated":true}]}}