{"id":1948,"date":"2023-12-15T14:06:21","date_gmt":"2023-12-15T13:06:21","guid":{"rendered":"https:\/\/www.echoppe-francaise.fr\/blog\/?page_id=1948"},"modified":"2023-12-15T14:11:32","modified_gmt":"2023-12-15T13:11:32","slug":"quelles-boucles-doreilles-avec-les-cheveux-longs","status":"publish","type":"page","link":"https:\/\/www.echoppe-francaise.fr\/blog\/quelles-boucles-doreilles-avec-les-cheveux-longs\/","title":{"rendered":"Quelles boucles d&rsquo;oreilles avec les cheveux longs\u00a0?"},"content":{"rendered":"\n<figure class=\"wp-block-image\"><img decoding=\"async\" src=\"https:\/\/lh7-us.googleusercontent.com\/a-sRSBfhU0yuBY4m1xDNi6dCikZqA6k_0DI_VuEeZEq_zj5hAFSEMtNLjxXaj78IXwb2ROqeckEkv9ICa5wRp1Q3GLKeSWQyNuFijVPmfgWA2FuFLYFoGLuOyXqBL_8nL2aXUJk7Lt7G\" alt=\"Une blonde avec de longs cheveux avec une boucle d'oreille en feuillage dor\u00e9 pendante. \"\/><\/figure>\n\n\n\n<p class=\"wp-block-paragraph\">&nbsp;Vous avez les cheveux longs&nbsp;? Le choix des <strong>boucles d\u2019oreilles <\/strong>sera plus simple. Votre coupe vous laisse une libert\u00e9 dans le choix de votre coiffure. Idem pour vos accessoires de mode. Voici nos suggestions.&nbsp;<\/p>\n\n\n\n<h2 class=\"wp-block-heading\">Les boucles d\u2019oreilles pendantes pour une touche moderne et styl\u00e9e<\/h2>\n\n\n\n<figure class=\"wp-block-image\"><img decoding=\"async\" src=\"https:\/\/lh7-us.googleusercontent.com\/BlOW2JnOQDEzst4D2twBAntQAG494hX3b-cc3KbYtD5DkShfEl1npqvJ_14vSfEA1V3RsraTgCadgG-C1OCOdRwhUoaJHx5XfweBWA0IGXx0NbSjcb7KA0vUZloLLGZ5ETsbiH_zqx5q\" alt=\"Une femme blonde portant une boucle d'oreille pendante en boules de diff\u00e9rentes couleurs. \"\/><\/figure>\n\n\n\n<p class=\"wp-block-paragraph\">En qu\u00eate de modernit\u00e9&nbsp;? Les <strong>boucles d\u2019oreilles pendantes<\/strong> sont vos meilleurs choix. Adaptez la taille en fonction de votre coiffure&nbsp;:&nbsp;<\/p>\n\n\n\n<ul class=\"wp-block-list\">\n<li>Plus imposant sur les cheveux l\u00e2ch\u00e9s<\/li>\n\n\n\n<li>Fines sur cheveux attach\u00e9s ou en chignon<\/li>\n<\/ul>\n\n\n\n<p class=\"wp-block-paragraph\">\u00c9vitez de surcharger votre look.&nbsp;<\/p>\n\n\n\n<p class=\"wp-block-paragraph\">Tenez compte aussi de l\u2019\u00e9v\u00e8nement auquel vous allez assister. Des mod\u00e8les plus travaill\u00e9s sont utiles pour les soir\u00e9es luxueuses. Restez dans les <strong>bijoux fantaisie<\/strong> et simples pour la vie de tous les jours. Sur l\u2019\u00c9choppe Fran\u00e7aise, les cr\u00e9ateurs vous laissent le choix. Profitez-en pour ajouter de la couleur \u00e0 votre look.&nbsp;<\/p>\n\n\n\n<h2 class=\"wp-block-heading\">Les incontournables cr\u00e9oles pour parfaire votre look<\/h2>\n\n\n\n<figure class=\"wp-block-image\"><img decoding=\"async\" src=\"https:\/\/lh7-us.googleusercontent.com\/GpAlmV-rXO4QbNe06TuymfVneTqjGRtxrTzrXP_mxKp46A0lpY_TRjQO3R1eOG0MIOPIeD1YPxLohScd4VdwlolxRh9Ax68kpgSaG4SbW6kWL4QodKoqKoZJfBRMu5jg0Tx963SK_UbF\" alt=\"Une paire de cr\u00e9ole chic et simple en or.\"\/><\/figure>\n\n\n\n<p class=\"wp-block-paragraph\">Les <strong>cr\u00e9oles<\/strong> sont aussi d\u2019excellents choix de boucles d\u2019oreilles. Elles se portent parfaitement avec les cheveux attach\u00e9s ou l\u00e2ch\u00e9s. Elles ajoutent une touche glamour \u00e0 votre tenue. Mais, elles sont \u00e0 la fois d\u00e9contract\u00e9es. Ainsi, vous pouvez les porter dans la vie de tous les jours. Idem pour les occasions sp\u00e9ciales.&nbsp;<\/p>\n\n\n\n<p class=\"wp-block-paragraph\">Les cr\u00e9oles ont subi un lifting ces derni\u00e8res ann\u00e9es. Plusieurs coupes existent en plus de la version classique. De quoi ajouter de l\u2019originalit\u00e9 \u00e0 votre tenue. On vous conseille <strong>le dor\u00e9 ou l\u2019argent\u00e9.<\/strong> Cela se mariera \u00e0 votre carnation. Mais qu\u2019en est-il de la taille\u00a0? Fiez-vous \u00e0 votre visage. Il est fin\u00a0? Pr\u00e9f\u00e9rez les boucles d\u2019oreilles moyennes. Et, vice versa.\u00a0<\/p>\n\n\n\n<p class=\"wp-block-paragraph\">Choisissez avec soin votre accessoire de mode. D&rsquo;autres recommandations sur : <a href=\"https:\/\/www.echoppe-francaise.fr\/blog\/quelles-boucles-doreilles-pour-quelles-coupes\/\" target=\"_blank\" rel=\"noreferrer noopener\">Quelles boucles d&rsquo;oreilles pour quelles coupes\u00a0?<\/a><\/p>\n\n\n\n<h2 class=\"wp-block-heading\">Les puces d\u2019oreilles pour celles qui aiment la discr\u00e9tion<\/h2>\n\n\n\n<figure class=\"wp-block-image\"><img decoding=\"async\" src=\"https:\/\/lh7-us.googleusercontent.com\/f8G96giJ8g88pA0MtJXEtG0v12IhxyQK39_18sdFeEetuBt-WYvurF2jOVJzq8HvZ0ARKRkZ45R3W40CYX_RcvabKNg_cFADdBG0vdeszq_e0JP-UrqiHEujhbDDvvRFN6rDjsJ-mk-q\" alt=\"Des puces d'oreilles dor\u00e9es orn\u00e9es d'une pierre transparente.\"\/><\/figure>\n\n\n\n<p class=\"wp-block-paragraph\">Vous avez un look discret&nbsp;? Choisissez de petites boucles d\u2019oreilles. On vous conseille alors les <strong>puces<\/strong>. En version aimant, si vous n\u2019avez pas de piercing. Avec des fermoirs, si c\u2019est le cas. Les bijoux fantaisie s\u2019adaptent \u00e0 tous les profils.&nbsp;<\/p>\n\n\n\n<p class=\"wp-block-paragraph\">C\u2019est le choix parfait pour une tenue d\u00e9contract\u00e9e au quotidien. Mais, des versions sophistiqu\u00e9es existent aussi&nbsp;: avec des <strong>pierres pr\u00e9cieuses<\/strong>, en or ou en argent, etc. Id\u00e9ales pour les tenues de soir\u00e9e.&nbsp;<\/p>\n\n\n\n<h2 class=\"wp-block-heading\">Les boucles d\u2019oreilles en cascades&nbsp;: une tendance \u00e0 suivre&nbsp;<\/h2>\n\n\n\n<figure class=\"wp-block-image\"><img decoding=\"async\" src=\"https:\/\/lh7-us.googleusercontent.com\/bE5h4r5E7sSRbAkKEHGdHL0-cNIuz2doPVLyXfjlOnUySPtRZ1BFUOM4ftesjBuTVieOVB1TYuS5gIhiSu5mHaz7R_1F5AqwlGs_eqFrbLCy2Vz9WImc_4tfw7NT5snHfs1G91cUfXWL\" alt=\"Une femme brune aux cheveux longs avec une boucle d'oreille en cascade en forme de fleurs.\"\/><\/figure>\n\n\n\n<p class=\"wp-block-paragraph\">Envie d\u2019un look moderne et tendance&nbsp;? Essayez les <strong>boucles d\u2019oreilles en cascade<\/strong>. Elles se pr\u00e9sentent sur plusieurs niveaux. De quoi valoriser votre porte de t\u00eate. Vous ajouterez une touche sexy \u00e0 votre tenue, sans trop en faire. Et vos bijoux se d\u00e9marqueront mieux dans votre longue chevelure.&nbsp;<\/p>\n\n\n\n<p class=\"wp-block-paragraph\">C\u2019est le choix id\u00e9al pour les \u00e9v\u00e8nements exceptionnels. Le c\u00f4t\u00e9 bling bling apportera de la lumi\u00e8re \u00e0 votre tenue. <strong>Or ou argent\u00e9<\/strong>&nbsp;: choisissez en fonction de votre carnation.&nbsp;<\/p>\n\n\n\n<h2 class=\"wp-block-heading\">Misez sur du volume&nbsp;<\/h2>\n\n\n\n<figure class=\"wp-block-image\"><img decoding=\"async\" src=\"https:\/\/lh7-us.googleusercontent.com\/z3eyHEAVke5y31Y8r9LD1hU7lnrBXvA0-ZlAy9vjMNLQpkkC0skYr6Nkdpn8PkKHlfj_VdE1BkTEKcwW4K5DcP-DYJkHifUGxKo70i3joGuVKXlNNGOBKEKzBfZihkDiudvep11CLb6e\" alt=\"Une femme aux cheveux longs noirs portant une boucle d'oreille argent\u00e9 avec des motifs fleurs et de forme g\u00e9om\u00e9triques.\"\/><\/figure>\n\n\n\n<p class=\"wp-block-paragraph\">Vos boucles d\u2019oreilles doivent se distinguer dans votre crini\u00e8re. Alors, choisissez des accessoires <strong>volumineux<\/strong>. Les pierres pr\u00e9cieuses ou les perles sont les alli\u00e9es id\u00e9ales pour une tenue chic. Pour de l\u2019originalit\u00e9&nbsp;? Optez pour les boucles color\u00e9es.&nbsp;<\/p>\n\n\n\n<p class=\"wp-block-paragraph\">Tenez compte de la <strong>morphologie de votre visage<\/strong>. Cr\u00e9ez un contraste. L\u2019objectif est de le compl\u00e9ter. De quoi vous assurer un rendu agr\u00e9able apr\u00e8s la mise en beaut\u00e9.&nbsp;<\/p>\n\n\n\n<p class=\"wp-block-paragraph\">Vous \u00eates pr\u00eat \u00e0 renouveler votre porte-bijoux. Choisissez les meilleures boucles d\u2019oreilles pour <strong>vous mettre en valeur<\/strong>. Et, trouvez vos accessoires sur l\u2019\u00c9choppe Fran\u00e7aises.&nbsp;<\/p>\n\n\n\n<h3 class=\"wp-block-heading\">D\u2019autres conseils pour le choix des boucles d\u2019oreilles pour d\u2019autres coupes de cheveux sur nos articles&nbsp;:&nbsp;<\/h3>\n\n\n\n<ul class=\"wp-block-list\">\n<li><a href=\"https:\/\/www.echoppe-francaise.fr\/blog\/quelles-boucles-doreilles-avec-un-carre\/\" target=\"_blank\" rel=\"noreferrer noopener\">Quelles boucles d&rsquo;oreilles avec un carr\u00e9\u00a0?<\/a><\/li>\n\n\n\n<li><a href=\"https:\/\/www.echoppe-francaise.fr\/blog\/quelles-boucles-doreilles-avec-des-cheveux-courts\/\" target=\"_blank\" rel=\"noreferrer noopener\">Quelles boucles d&rsquo;oreilles avec des cheveux courts\u00a0?<\/a><\/li>\n<\/ul>\n","protected":false},"excerpt":{"rendered":"<p>&nbsp;Vous avez les cheveux longs&nbsp;? Le choix des boucles d\u2019oreilles sera plus simple. Votre coupe vous laisse une libert\u00e9 dans le choix de votre coiffure. Idem pour vos accessoires de mode. Voici nos suggestions.&nbsp; Les boucles d\u2019oreilles pendantes pour une touche moderne et styl\u00e9e En qu\u00eate de modernit\u00e9&nbsp;? Les boucles d\u2019oreilles pendantes sont vos meilleurs&hellip;&nbsp;<\/p>\n","protected":false},"author":6,"featured_media":0,"parent":1829,"menu_order":0,"comment_status":"closed","ping_status":"closed","template":"","meta":{"_crdt_document":"","neve_meta_sidebar":"","neve_meta_container":"","neve_meta_enable_content_width":"","neve_meta_content_width":0,"neve_meta_title_alignment":"","neve_meta_author_avatar":"","neve_post_elements_order":"","neve_meta_disable_header":"","neve_meta_disable_footer":"","neve_meta_disable_title":"","footnotes":""},"class_list":["post-1948","page","type-page","status-publish","hentry"],"yoast_head":"<!-- This site is optimized with the Yoast SEO plugin v27.5 - https:\/\/yoast.com\/product\/yoast-seo-wordpress\/ -->\n<title>Choisir des boucles d&#039;oreilles pour cheveux longs : les astuces<\/title>\n<meta name=\"description\" content=\"Voici des astuces et des alternatives pour choisir les boucles d&#039;oreilles pour cheveux longs et vous mettre en valeur.\" \/>\n<meta name=\"robots\" content=\"index, follow, max-snippet:-1, max-image-preview:large, max-video-preview:-1\" \/>\n<link rel=\"canonical\" href=\"https:\/\/www.echoppe-francaise.fr\/blog\/quelles-boucles-doreilles-avec-les-cheveux-longs\/\" \/>\n<meta property=\"og:locale\" content=\"fr_FR\" \/>\n<meta property=\"og:type\" content=\"article\" \/>\n<meta property=\"og:title\" content=\"Choisir des boucles d&#039;oreilles pour cheveux longs : les astuces\" \/>\n<meta property=\"og:description\" content=\"Voici des astuces et des alternatives pour choisir les boucles d&#039;oreilles pour cheveux longs et vous mettre en valeur.\" \/>\n<meta property=\"og:url\" content=\"https:\/\/www.echoppe-francaise.fr\/blog\/quelles-boucles-doreilles-avec-les-cheveux-longs\/\" \/>\n<meta property=\"og:site_name\" content=\"\u00c9choppe Fran\u00e7aise, le Blog\" \/>\n<meta property=\"article:modified_time\" content=\"2023-12-15T13:11:32+00:00\" \/>\n<meta property=\"og:image\" content=\"https:\/\/lh7-us.googleusercontent.com\/a-sRSBfhU0yuBY4m1xDNi6dCikZqA6k_0DI_VuEeZEq_zj5hAFSEMtNLjxXaj78IXwb2ROqeckEkv9ICa5wRp1Q3GLKeSWQyNuFijVPmfgWA2FuFLYFoGLuOyXqBL_8nL2aXUJk7Lt7G\" \/>\n<meta name=\"twitter:card\" content=\"summary_large_image\" \/>\n<meta name=\"twitter:label1\" content=\"Dur\u00e9e de lecture estim\u00e9e\" \/>\n\t<meta name=\"twitter:data1\" content=\"5 minutes\" \/>\n<script type=\"application\/ld+json\" class=\"yoast-schema-graph\">{\"@context\":\"https:\\\/\\\/schema.org\",\"@graph\":[{\"@type\":\"WebPage\",\"@id\":\"https:\\\/\\\/www.echoppe-francaise.fr\\\/blog\\\/quelles-boucles-doreilles-avec-les-cheveux-longs\\\/\",\"url\":\"https:\\\/\\\/www.echoppe-francaise.fr\\\/blog\\\/quelles-boucles-doreilles-avec-les-cheveux-longs\\\/\",\"name\":\"Choisir des boucles d'oreilles pour cheveux longs : les astuces\",\"isPartOf\":{\"@id\":\"https:\\\/\\\/www.echoppe-francaise.fr\\\/blog\\\/#website\"},\"primaryImageOfPage\":{\"@id\":\"https:\\\/\\\/www.echoppe-francaise.fr\\\/blog\\\/quelles-boucles-doreilles-avec-les-cheveux-longs\\\/#primaryimage\"},\"image\":{\"@id\":\"https:\\\/\\\/www.echoppe-francaise.fr\\\/blog\\\/quelles-boucles-doreilles-avec-les-cheveux-longs\\\/#primaryimage\"},\"thumbnailUrl\":\"https:\\\/\\\/lh7-us.googleusercontent.com\\\/a-sRSBfhU0yuBY4m1xDNi6dCikZqA6k_0DI_VuEeZEq_zj5hAFSEMtNLjxXaj78IXwb2ROqeckEkv9ICa5wRp1Q3GLKeSWQyNuFijVPmfgWA2FuFLYFoGLuOyXqBL_8nL2aXUJk7Lt7G\",\"datePublished\":\"2023-12-15T13:06:21+00:00\",\"dateModified\":\"2023-12-15T13:11:32+00:00\",\"description\":\"Voici des astuces et des alternatives pour choisir les boucles d'oreilles pour cheveux longs et vous mettre en valeur.\",\"breadcrumb\":{\"@id\":\"https:\\\/\\\/www.echoppe-francaise.fr\\\/blog\\\/quelles-boucles-doreilles-avec-les-cheveux-longs\\\/#breadcrumb\"},\"inLanguage\":\"fr-FR\",\"potentialAction\":[{\"@type\":\"ReadAction\",\"target\":[\"https:\\\/\\\/www.echoppe-francaise.fr\\\/blog\\\/quelles-boucles-doreilles-avec-les-cheveux-longs\\\/\"]}]},{\"@type\":\"ImageObject\",\"inLanguage\":\"fr-FR\",\"@id\":\"https:\\\/\\\/www.echoppe-francaise.fr\\\/blog\\\/quelles-boucles-doreilles-avec-les-cheveux-longs\\\/#primaryimage\",\"url\":\"https:\\\/\\\/lh7-us.googleusercontent.com\\\/a-sRSBfhU0yuBY4m1xDNi6dCikZqA6k_0DI_VuEeZEq_zj5hAFSEMtNLjxXaj78IXwb2ROqeckEkv9ICa5wRp1Q3GLKeSWQyNuFijVPmfgWA2FuFLYFoGLuOyXqBL_8nL2aXUJk7Lt7G\",\"contentUrl\":\"https:\\\/\\\/lh7-us.googleusercontent.com\\\/a-sRSBfhU0yuBY4m1xDNi6dCikZqA6k_0DI_VuEeZEq_zj5hAFSEMtNLjxXaj78IXwb2ROqeckEkv9ICa5wRp1Q3GLKeSWQyNuFijVPmfgWA2FuFLYFoGLuOyXqBL_8nL2aXUJk7Lt7G\"},{\"@type\":\"BreadcrumbList\",\"@id\":\"https:\\\/\\\/www.echoppe-francaise.fr\\\/blog\\\/quelles-boucles-doreilles-avec-les-cheveux-longs\\\/#breadcrumb\",\"itemListElement\":[{\"@type\":\"ListItem\",\"position\":1,\"name\":\"Accueil\",\"item\":\"https:\\\/\\\/www.echoppe-francaise.fr\\\/blog\\\/\"},{\"@type\":\"ListItem\",\"position\":2,\"name\":\"Comment choisir mes boucles d\u2019oreilles\u00a0?\",\"item\":\"https:\\\/\\\/www.echoppe-francaise.fr\\\/blog\\\/comment-choisir-mes-boucles-doreilles\\\/\"},{\"@type\":\"ListItem\",\"position\":3,\"name\":\"Quelles boucles d&rsquo;oreilles pour quelles coupes\u00a0?\",\"item\":\"https:\\\/\\\/www.echoppe-francaise.fr\\\/blog\\\/quelles-boucles-doreilles-pour-quelles-coupes\\\/\"},{\"@type\":\"ListItem\",\"position\":4,\"name\":\"Quelles boucles d&rsquo;oreilles avec les cheveux longs\u00a0?\"}]},{\"@type\":\"WebSite\",\"@id\":\"https:\\\/\\\/www.echoppe-francaise.fr\\\/blog\\\/#website\",\"url\":\"https:\\\/\\\/www.echoppe-francaise.fr\\\/blog\\\/\",\"name\":\"\u00c9choppe Fran\u00e7aise, le Blog\",\"description\":\"Le blog des Cr\u00e9atrices et Cr\u00e9ateurs fran\u00e7ais\",\"publisher\":{\"@id\":\"https:\\\/\\\/www.echoppe-francaise.fr\\\/blog\\\/#organization\"},\"potentialAction\":[{\"@type\":\"SearchAction\",\"target\":{\"@type\":\"EntryPoint\",\"urlTemplate\":\"https:\\\/\\\/www.echoppe-francaise.fr\\\/blog\\\/?s={search_term_string}\"},\"query-input\":{\"@type\":\"PropertyValueSpecification\",\"valueRequired\":true,\"valueName\":\"search_term_string\"}}],\"inLanguage\":\"fr-FR\"},{\"@type\":\"Organization\",\"@id\":\"https:\\\/\\\/www.echoppe-francaise.fr\\\/blog\\\/#organization\",\"name\":\"L'\u00e9choppe Fran\u00e7aise\",\"url\":\"https:\\\/\\\/www.echoppe-francaise.fr\\\/blog\\\/\",\"logo\":{\"@type\":\"ImageObject\",\"inLanguage\":\"fr-FR\",\"@id\":\"https:\\\/\\\/www.echoppe-francaise.fr\\\/blog\\\/#\\\/schema\\\/logo\\\/image\\\/\",\"url\":\"https:\\\/\\\/www.echoppe-francaise.fr\\\/blog\\\/wp-content\\\/uploads\\\/2017\\\/04\\\/echoppe-francaise-logo-1489412704.png\",\"contentUrl\":\"https:\\\/\\\/www.echoppe-francaise.fr\\\/blog\\\/wp-content\\\/uploads\\\/2017\\\/04\\\/echoppe-francaise-logo-1489412704.png\",\"width\":492,\"height\":270,\"caption\":\"L'\u00e9choppe Fran\u00e7aise\"},\"image\":{\"@id\":\"https:\\\/\\\/www.echoppe-francaise.fr\\\/blog\\\/#\\\/schema\\\/logo\\\/image\\\/\"}}]}<\/script>\n<!-- \/ Yoast SEO plugin. -->","yoast_head_json":{"title":"Choisir des boucles d'oreilles pour cheveux longs : les astuces","description":"Voici des astuces et des alternatives pour choisir les boucles d'oreilles pour cheveux longs et vous mettre en valeur.","robots":{"index":"index","follow":"follow","max-snippet":"max-snippet:-1","max-image-preview":"max-image-preview:large","max-video-preview":"max-video-preview:-1"},"canonical":"https:\/\/www.echoppe-francaise.fr\/blog\/quelles-boucles-doreilles-avec-les-cheveux-longs\/","og_locale":"fr_FR","og_type":"article","og_title":"Choisir des boucles d'oreilles pour cheveux longs : les astuces","og_description":"Voici des astuces et des alternatives pour choisir les boucles d'oreilles pour cheveux longs et vous mettre en valeur.","og_url":"https:\/\/www.echoppe-francaise.fr\/blog\/quelles-boucles-doreilles-avec-les-cheveux-longs\/","og_site_name":"\u00c9choppe Fran\u00e7aise, le Blog","article_modified_time":"2023-12-15T13:11:32+00:00","og_image":[{"url":"https:\/\/lh7-us.googleusercontent.com\/a-sRSBfhU0yuBY4m1xDNi6dCikZqA6k_0DI_VuEeZEq_zj5hAFSEMtNLjxXaj78IXwb2ROqeckEkv9ICa5wRp1Q3GLKeSWQyNuFijVPmfgWA2FuFLYFoGLuOyXqBL_8nL2aXUJk7Lt7G","type":"","width":"","height":""}],"twitter_card":"summary_large_image","twitter_misc":{"Dur\u00e9e de lecture estim\u00e9e":"5 minutes"},"schema":{"@context":"https:\/\/schema.org","@graph":[{"@type":"WebPage","@id":"https:\/\/www.echoppe-francaise.fr\/blog\/quelles-boucles-doreilles-avec-les-cheveux-longs\/","url":"https:\/\/www.echoppe-francaise.fr\/blog\/quelles-boucles-doreilles-avec-les-cheveux-longs\/","name":"Choisir des boucles d'oreilles pour cheveux longs : les astuces","isPartOf":{"@id":"https:\/\/www.echoppe-francaise.fr\/blog\/#website"},"primaryImageOfPage":{"@id":"https:\/\/www.echoppe-francaise.fr\/blog\/quelles-boucles-doreilles-avec-les-cheveux-longs\/#primaryimage"},"image":{"@id":"https:\/\/www.echoppe-francaise.fr\/blog\/quelles-boucles-doreilles-avec-les-cheveux-longs\/#primaryimage"},"thumbnailUrl":"https:\/\/lh7-us.googleusercontent.com\/a-sRSBfhU0yuBY4m1xDNi6dCikZqA6k_0DI_VuEeZEq_zj5hAFSEMtNLjxXaj78IXwb2ROqeckEkv9ICa5wRp1Q3GLKeSWQyNuFijVPmfgWA2FuFLYFoGLuOyXqBL_8nL2aXUJk7Lt7G","datePublished":"2023-12-15T13:06:21+00:00","dateModified":"2023-12-15T13:11:32+00:00","description":"Voici des astuces et des alternatives pour choisir les boucles d'oreilles pour cheveux longs et vous mettre en valeur.","breadcrumb":{"@id":"https:\/\/www.echoppe-francaise.fr\/blog\/quelles-boucles-doreilles-avec-les-cheveux-longs\/#breadcrumb"},"inLanguage":"fr-FR","potentialAction":[{"@type":"ReadAction","target":["https:\/\/www.echoppe-francaise.fr\/blog\/quelles-boucles-doreilles-avec-les-cheveux-longs\/"]}]},{"@type":"ImageObject","inLanguage":"fr-FR","@id":"https:\/\/www.echoppe-francaise.fr\/blog\/quelles-boucles-doreilles-avec-les-cheveux-longs\/#primaryimage","url":"https:\/\/lh7-us.googleusercontent.com\/a-sRSBfhU0yuBY4m1xDNi6dCikZqA6k_0DI_VuEeZEq_zj5hAFSEMtNLjxXaj78IXwb2ROqeckEkv9ICa5wRp1Q3GLKeSWQyNuFijVPmfgWA2FuFLYFoGLuOyXqBL_8nL2aXUJk7Lt7G","contentUrl":"https:\/\/lh7-us.googleusercontent.com\/a-sRSBfhU0yuBY4m1xDNi6dCikZqA6k_0DI_VuEeZEq_zj5hAFSEMtNLjxXaj78IXwb2ROqeckEkv9ICa5wRp1Q3GLKeSWQyNuFijVPmfgWA2FuFLYFoGLuOyXqBL_8nL2aXUJk7Lt7G"},{"@type":"BreadcrumbList","@id":"https:\/\/www.echoppe-francaise.fr\/blog\/quelles-boucles-doreilles-avec-les-cheveux-longs\/#breadcrumb","itemListElement":[{"@type":"ListItem","position":1,"name":"Accueil","item":"https:\/\/www.echoppe-francaise.fr\/blog\/"},{"@type":"ListItem","position":2,"name":"Comment choisir mes boucles d\u2019oreilles\u00a0?","item":"https:\/\/www.echoppe-francaise.fr\/blog\/comment-choisir-mes-boucles-doreilles\/"},{"@type":"ListItem","position":3,"name":"Quelles boucles d&rsquo;oreilles pour quelles coupes\u00a0?","item":"https:\/\/www.echoppe-francaise.fr\/blog\/quelles-boucles-doreilles-pour-quelles-coupes\/"},{"@type":"ListItem","position":4,"name":"Quelles boucles d&rsquo;oreilles avec les cheveux longs\u00a0?"}]},{"@type":"WebSite","@id":"https:\/\/www.echoppe-francaise.fr\/blog\/#website","url":"https:\/\/www.echoppe-francaise.fr\/blog\/","name":"\u00c9choppe Fran\u00e7aise, le Blog","description":"Le blog des Cr\u00e9atrices et Cr\u00e9ateurs fran\u00e7ais","publisher":{"@id":"https:\/\/www.echoppe-francaise.fr\/blog\/#organization"},"potentialAction":[{"@type":"SearchAction","target":{"@type":"EntryPoint","urlTemplate":"https:\/\/www.echoppe-francaise.fr\/blog\/?s={search_term_string}"},"query-input":{"@type":"PropertyValueSpecification","valueRequired":true,"valueName":"search_term_string"}}],"inLanguage":"fr-FR"},{"@type":"Organization","@id":"https:\/\/www.echoppe-francaise.fr\/blog\/#organization","name":"L'\u00e9choppe Fran\u00e7aise","url":"https:\/\/www.echoppe-francaise.fr\/blog\/","logo":{"@type":"ImageObject","inLanguage":"fr-FR","@id":"https:\/\/www.echoppe-francaise.fr\/blog\/#\/schema\/logo\/image\/","url":"https:\/\/www.echoppe-francaise.fr\/blog\/wp-content\/uploads\/2017\/04\/echoppe-francaise-logo-1489412704.png","contentUrl":"https:\/\/www.echoppe-francaise.fr\/blog\/wp-content\/uploads\/2017\/04\/echoppe-francaise-logo-1489412704.png","width":492,"height":270,"caption":"L'\u00e9choppe Fran\u00e7aise"},"image":{"@id":"https:\/\/www.echoppe-francaise.fr\/blog\/#\/schema\/logo\/image\/"}}]}},"_links":{"self":[{"href":"https:\/\/www.echoppe-francaise.fr\/blog\/wp-json\/wp\/v2\/pages\/1948","targetHints":{"allow":["GET"]}}],"collection":[{"href":"https:\/\/www.echoppe-francaise.fr\/blog\/wp-json\/wp\/v2\/pages"}],"about":[{"href":"https:\/\/www.echoppe-francaise.fr\/blog\/wp-json\/wp\/v2\/types\/page"}],"author":[{"embeddable":true,"href":"https:\/\/www.echoppe-francaise.fr\/blog\/wp-json\/wp\/v2\/users\/6"}],"replies":[{"embeddable":true,"href":"https:\/\/www.echoppe-francaise.fr\/blog\/wp-json\/wp\/v2\/comments?post=1948"}],"version-history":[{"count":2,"href":"https:\/\/www.echoppe-francaise.fr\/blog\/wp-json\/wp\/v2\/pages\/1948\/revisions"}],"predecessor-version":[{"id":1955,"href":"https:\/\/www.echoppe-francaise.fr\/blog\/wp-json\/wp\/v2\/pages\/1948\/revisions\/1955"}],"up":[{"embeddable":true,"href":"https:\/\/www.echoppe-francaise.fr\/blog\/wp-json\/wp\/v2\/pages\/1829"}],"wp:attachment":[{"href":"https:\/\/www.echoppe-francaise.fr\/blog\/wp-json\/wp\/v2\/media?parent=1948"}],"curies":[{"name":"wp","href":"https:\/\/api.w.org\/{rel}","templated":true}]}}