{"id":1947,"date":"2023-12-15T14:05:38","date_gmt":"2023-12-15T13:05:38","guid":{"rendered":"https:\/\/www.echoppe-francaise.fr\/blog\/?page_id=1947"},"modified":"2023-12-15T14:11:38","modified_gmt":"2023-12-15T13:11:38","slug":"quelles-boucles-doreilles-avec-des-cheveux-courts","status":"publish","type":"page","link":"https:\/\/www.echoppe-francaise.fr\/blog\/quelles-boucles-doreilles-avec-des-cheveux-courts\/","title":{"rendered":"Quelles boucles d&rsquo;oreilles avec des cheveux courts\u00a0?"},"content":{"rendered":"\n<figure class=\"wp-block-image\"><img decoding=\"async\" src=\"https:\/\/lh7-us.googleusercontent.com\/pHHeO1Vc9A62rTDtIxqQ3Ca4qgaRT9Q_o3zM8svO9bfA3Fz8okTIjhABBmvHWV78YZilZJk9WbOy0IGLzMWYxJGPdYhFt4qGmG6wP_WxRJwukZhsdXsIqKRAXivh29PWx9Bs8515uLyT5HYHhTP2OOxhpMhTXrtRs0O6QLaO9e_nis-piz7Lxzjmz9vaVhgh\" alt=\"Une boucle d'oreille blanche pendante port\u00e9e par une femme brune aux cheveux courts. \"\/><\/figure>\n\n\n\n<p class=\"wp-block-paragraph\">Il importe d\u2019adapter vos <strong>boucles d\u2019oreilles <\/strong>avec la longueur de vos cheveux. Vous \u00e9viterez de surcharger votre look. Surtout si vous avez les cheveux courts. Alors, quelles sont les diff\u00e9rentes alternatives&nbsp;? Focus.&nbsp;<\/p>\n\n\n\n<h2 class=\"wp-block-heading\">Les clous sur les oreilles pour un look \u00e9l\u00e9gant et minimaliste<\/h2>\n\n\n\n<figure class=\"wp-block-image\"><img decoding=\"async\" src=\"https:\/\/lh7-us.googleusercontent.com\/AywXpaa5tVlCvvQUfKyRI1SzXzaBc5RJsn0wIS4_TEVwc8SEljU2hFitDZz39QS7r5AAPfF4vwtRbj31s6CfTRQGeJn3nyTV6dliwYUNYEFdCnJOxF8o95XsU4loT6CokNqEkKQQP21B02k0l_aED3FdtlBPUXaFiITXybktDOUL-D39J6DnoUwwUc_Zd7FE\" alt=\"Une brune aux cheveux courts avec des puces d'oreilles blanches rondes.\"\/><\/figure>\n\n\n\n<p class=\"wp-block-paragraph\">Il n\u2019y a rien de tel que les <strong>clous <\/strong>sur les oreilles si vous avez les cheveux courts. C\u2019est \u00e9l\u00e9gant. Et, c\u2019est minimaliste. Vous aurez l\u2019air f\u00e9minine.&nbsp;<\/p>\n\n\n\n<p class=\"wp-block-paragraph\">Mais, choisissez des puces de <strong>formes rondes <\/strong>ou fleuries. Vous obtiendrez un meilleur contraste avec votre coupe. Vous avez le visage carr\u00e9 ou les traits tir\u00e9s&nbsp;? C\u2019est id\u00e9al pour les adoucir.&nbsp;<\/p>\n\n\n\n<h2 class=\"wp-block-heading\">Les cr\u00e9oles&nbsp;: des incontournables dans vos bo\u00eetes \u00e0 bijoux<\/h2>\n\n\n\n<figure class=\"wp-block-image\"><img decoding=\"async\" src=\"https:\/\/lh7-us.googleusercontent.com\/iJtKhG1S__7Kgt0PGNt4q7b8VXkB7ptFfSq2NaoaHPLerw8zOozNQRY-LS8BVoFuZf6eBxMngWNSCprR1C7HEyKh-XU5kh7OkCrVN6Y_8u8us7h1szZ41cxfYvOSKnb5Qo85ArrcXIT1YwXGXdvcPHnRUq7QUO5tUuhOZY6rQdvG8LSBUKh0fFKzbs46wMA4\" alt=\"Une cr\u00e9ole avec une double anneau dor\u00e9.\"\/><\/figure>\n\n\n\n<p class=\"wp-block-paragraph\">Les <strong>cr\u00e9oles<\/strong> sont aussi des possibilit\u00e9s. Leur forme ronde compl\u00e8te votre coupe courte. Elles se d\u00e9clinent en or ou en argent. Trouvez la boucle d\u2019oreille parfaite pour votre carnation.&nbsp;<\/p>\n\n\n\n<p class=\"wp-block-paragraph\">Ce sont les passe-partout de la <strong>mode f\u00e9minine<\/strong>. Elles sont simples. Et, elles s\u2019invitent dans une tenue classique pour une touche de modernit\u00e9. Des versions travaill\u00e9es sont aussi disponibles. De quoi structurer votre look avec \u00e9l\u00e9gance.&nbsp;<\/p>\n\n\n\n<p class=\"wp-block-paragraph\">Mais, pr\u00e9f\u00e9rez les <strong>cr\u00e9oles de tailles moyennes<\/strong>. Les versions XXL chargeront trop votre look. Il faut un rendu agr\u00e9able.&nbsp;<\/p>\n\n\n\n<h2 class=\"wp-block-heading\">Des boucles d\u2019oreilles pendantes, mais courtes<\/h2>\n\n\n\n<figure class=\"wp-block-image\"><img decoding=\"async\" src=\"https:\/\/lh7-us.googleusercontent.com\/jRqljYcYRk6Nh665ZhxeOb8UZ5LqFLCKBEnRZmKSgU-_Xhst0VBdfsCJQEQs9Lf63gPpYR8Mzzr1GR-zkac_ETwg-PW55KLbEL4in6tQxfsWGmccpxXcDwZt0Kfy69pXAZpseH9e_fWOZgyEY7rABx9FxrRBrKSYvD7Sh2tZ3lK-3lrPr0wOGVB714simuC7\" alt=\"Une boucle d'oreille argent\u00e9e et bleu pendante de forme carr\u00e9e.\"\/><\/figure>\n\n\n\n<p class=\"wp-block-paragraph\">Une coupe courte ne vous emp\u00eache pas de porter des <strong>boucles d\u2019oreilles pendantes<\/strong>. Mais limitez-en la longueur. Exit les mod\u00e8les trop longs. Elles arrivent \u00e0 la moiti\u00e9 de vos joues&nbsp;? C\u2019est parfait.&nbsp;<\/p>\n\n\n\n<p class=\"wp-block-paragraph\">Ces accessoires sont tendances. Vous cherchez de la <strong>modernit\u00e9<\/strong> dans votre look&nbsp;? Vous avez trouv\u00e9 la bonne solution. Jouez avec les motifs pour davantage de f\u00e9minit\u00e9. Exemple, boucles d\u2019oreilles en fleurs, feuillage, etc.&nbsp;<\/p>\n\n\n\n<h2 class=\"wp-block-heading\">Pourquoi pas les formes g\u00e9om\u00e9triques&nbsp;?<\/h2>\n\n\n\n<figure class=\"wp-block-image\"><img decoding=\"async\" src=\"https:\/\/lh7-us.googleusercontent.com\/PmxENVULQNr6MXBa6F2y7vk9ooByow1ypUr9OaXWF1x-Sk2NvQLZSFky6helXf9afN3rmxGOIPyylizo7mRDa-DRUd51kbzKowiGDUxTbcXmYitHs4vzoknp66TGciv3LcAkIgfYbumYE-uIDncemkA9kyo1exn958qu-oCaYi0EynsF9RYw4tlboncwPAdP\" alt=\"Une boucle d'oreille argent\u00e9 tendance en forme carr\u00e9.\"\/><\/figure>\n\n\n\n<p class=\"wp-block-paragraph\">Les <strong>formes<\/strong> <strong>g\u00e9om\u00e9triques<\/strong> se marient aussi avec une coupe courte. C\u2019est conseill\u00e9 surtout pour les visages ronds ou ovales. Sur l\u2019\u00c9choppe Fran\u00e7aise, on vous propose&nbsp;: des boucles d\u2019oreilles losanges, triangles, carr\u00e9s, etc.&nbsp;<\/p>\n\n\n\n<p class=\"wp-block-paragraph\">L\u2019objectif \u00e9tant de mettre en valeur la longueur de vos cheveux. Et, vous apporterez aussi <strong>de la modernit\u00e9 et du style<\/strong> \u00e0 votre look.\u00a0<\/p>\n\n\n\n<p class=\"wp-block-paragraph\">Trouvez le bon bijou pour parfaire votre look en tenant compte de votre coupe de cheveux. Notre guide <a href=\"https:\/\/www.echoppe-francaise.fr\/blog\/quelles-boucles-doreilles-pour-quelles-coupes\/\" target=\"_blank\" rel=\"noreferrer noopener\">Quelles boucles d&rsquo;oreilles pour quelles coupes\u00a0?<\/a> vous accompagne. <\/p>\n\n\n\n<h2 class=\"wp-block-heading\">N\u2019oubliez pas les perles&nbsp;: les intemporels&nbsp;<\/h2>\n\n\n\n<figure class=\"wp-block-image\"><img decoding=\"async\" src=\"https:\/\/lh7-us.googleusercontent.com\/NV_USwCBlftiMuAk-orqr9YwWpgDBXXaHdyd1e7m3nK7aldeF7X8Zvi5TjUgLAF8zTDlu3_-loLT2wQyIKmJaBrBJtja7Pj5T77uIo22mvprAkSwfvfBZAFdXGxkqSg_NCTTC0-8M5VSfYBpawV5HEqxXhxUAl-dRW-fHmvRLCclfY3MnRimYMQOMbGm7a3e\" alt=\"Une paire de boucles d'oreilles en perme en forme de fleurs dans un \u00e9crin noir.\"\/><\/figure>\n\n\n\n<p class=\"wp-block-paragraph\">Un style classique&nbsp;? Les <strong>perles <\/strong>sont vos meilleures alli\u00e9es. Vous cherchez \u00e0 ajouter de l\u2019\u00e9l\u00e9gance dans une tenue moderne. Elles r\u00e9pondront aussi \u00e0 vos besoins.&nbsp;<\/p>\n\n\n\n<p class=\"wp-block-paragraph\">Choisissez-les de <strong>taille moyenne<\/strong>. Inutile de surcharger votre visage avec des boucles d\u2019oreilles trop imposantes. Vous avez le choix&nbsp;: en forme de puce ou l\u00e9g\u00e8rement pendante. Et, portez-les au bureau ou \u00e0 un mariage. Les pertes s\u2019accordent \u00e0 toutes les tenues.&nbsp;<\/p>\n\n\n\n<h2 class=\"wp-block-heading\">Essayez les boucles d\u2019oreilles asym\u00e9triques<\/h2>\n\n\n\n<figure class=\"wp-block-image\"><img decoding=\"async\" src=\"https:\/\/lh7-us.googleusercontent.com\/x_xRJtD0NPt01rI_J6G05k6cH_h54uux6461JvBM-HgdjXjxj3l2pAGYQ9IoX4D44KVyho7w-rWMB8ocWO8zTMGzQlJJUetBJnwLWZjeBOOalU5BQ50fN3XPnDpsAm5VdRekltS11dAvDV6Yn9D6o_XiLi60ucq4oaNAntVC1ze-9U9HvAvOY-ljWo_XJXOC\" alt=\"Boucle d'oreille avec une perle blanche et une rose rouge et une forme asym\u00e9trique dor\u00e9e.\"\/><\/figure>\n\n\n\n<p class=\"wp-block-paragraph\">Les <strong>boucles d\u2019oreilles asym\u00e9triques<\/strong> ajoutent de l\u2019originalit\u00e9 \u00e0 votre tenue. C\u2019est parfait pour structurer votre visage. Et, c\u2019est moderne en plus d\u2019\u00eatre styl\u00e9.&nbsp;<\/p>\n\n\n\n<p class=\"wp-block-paragraph\">Ce sont des <strong>boucles d\u2019oreilles pendantes<\/strong>. Les longueurs ne sont pas les m\u00eames sur chaque oreille. Des valeurs s\u00fbres quand vous avez une coupe courte.&nbsp;<\/p>\n\n\n\n<p class=\"wp-block-paragraph\">Certains accessoires de mode sont mieux travaill\u00e9s. Le style est le m\u00eame. Mais ce n\u2019est pas le cas des motifs.\u00a0 Mais, restez toujours dans l\u2019id\u00e9e d\u2019une boucle fine. Visuellement, ce sera plus esth\u00e9tique.\u00a0<\/p>\n\n\n\n<p class=\"wp-block-paragraph\">Nous vous donnons d&rsquo;autres conseils pour les autres coupes de cheveux sur nos autres contenus : <\/p>\n\n\n\n<ul class=\"wp-block-list\">\n<li><a href=\"https:\/\/www.echoppe-francaise.fr\/blog\/quelles-boucles-doreilles-avec-un-carre\/\" target=\"_blank\" rel=\"noreferrer noopener\">Quelles boucles d&rsquo;oreilles avec un carr\u00e9&nbsp;?<\/a><\/li>\n\n\n\n<li><a href=\"https:\/\/www.echoppe-francaise.fr\/blog\/quelles-boucles-doreilles-avec-les-cheveux-longs\/\" target=\"_blank\" rel=\"noreferrer noopener\">Quelles boucles d&rsquo;oreilles avec les cheveux longs\u00a0?<\/a><\/li>\n<\/ul>\n","protected":false},"excerpt":{"rendered":"<p>Il importe d\u2019adapter vos boucles d\u2019oreilles avec la longueur de vos cheveux. Vous \u00e9viterez de surcharger votre look. Surtout si vous avez les cheveux courts. Alors, quelles sont les diff\u00e9rentes alternatives&nbsp;? Focus.&nbsp; Les clous sur les oreilles pour un look \u00e9l\u00e9gant et minimaliste Il n\u2019y a rien de tel que les clous sur les oreilles&hellip;&nbsp;<\/p>\n","protected":false},"author":6,"featured_media":0,"parent":1829,"menu_order":0,"comment_status":"closed","ping_status":"closed","template":"","meta":{"_crdt_document":"","neve_meta_sidebar":"","neve_meta_container":"","neve_meta_enable_content_width":"","neve_meta_content_width":0,"neve_meta_title_alignment":"","neve_meta_author_avatar":"","neve_post_elements_order":"","neve_meta_disable_header":"","neve_meta_disable_footer":"","neve_meta_disable_title":"","footnotes":""},"class_list":["post-1947","page","type-page","status-publish","hentry"],"yoast_head":"<!-- This site is optimized with the Yoast SEO plugin v27.5 - https:\/\/yoast.com\/product\/yoast-seo-wordpress\/ -->\n<title>Les choix de boucles d&#039;oreilles avec des cheveux courts<\/title>\n<meta name=\"description\" content=\"Explorez les diff\u00e9rents choix de boucles d&#039;oreilles avec des cheveux courts pour une mise en beaut\u00e9 r\u00e9ussie et coh\u00e9rente.\" \/>\n<meta name=\"robots\" content=\"index, follow, max-snippet:-1, max-image-preview:large, max-video-preview:-1\" \/>\n<link rel=\"canonical\" href=\"https:\/\/www.echoppe-francaise.fr\/blog\/quelles-boucles-doreilles-avec-des-cheveux-courts\/\" \/>\n<meta property=\"og:locale\" content=\"fr_FR\" \/>\n<meta property=\"og:type\" content=\"article\" \/>\n<meta property=\"og:title\" content=\"Les choix de boucles d&#039;oreilles avec des cheveux courts\" \/>\n<meta property=\"og:description\" content=\"Explorez les diff\u00e9rents choix de boucles d&#039;oreilles avec des cheveux courts pour une mise en beaut\u00e9 r\u00e9ussie et coh\u00e9rente.\" \/>\n<meta property=\"og:url\" content=\"https:\/\/www.echoppe-francaise.fr\/blog\/quelles-boucles-doreilles-avec-des-cheveux-courts\/\" \/>\n<meta property=\"og:site_name\" content=\"\u00c9choppe Fran\u00e7aise, le Blog\" \/>\n<meta property=\"article:modified_time\" content=\"2023-12-15T13:11:38+00:00\" \/>\n<meta property=\"og:image\" content=\"https:\/\/lh7-us.googleusercontent.com\/pHHeO1Vc9A62rTDtIxqQ3Ca4qgaRT9Q_o3zM8svO9bfA3Fz8okTIjhABBmvHWV78YZilZJk9WbOy0IGLzMWYxJGPdYhFt4qGmG6wP_WxRJwukZhsdXsIqKRAXivh29PWx9Bs8515uLyT5HYHhTP2OOxhpMhTXrtRs0O6QLaO9e_nis-piz7Lxzjmz9vaVhgh\" \/>\n<meta name=\"twitter:card\" content=\"summary_large_image\" \/>\n<meta name=\"twitter:label1\" content=\"Dur\u00e9e de lecture estim\u00e9e\" \/>\n\t<meta name=\"twitter:data1\" content=\"5 minutes\" \/>\n<script type=\"application\/ld+json\" class=\"yoast-schema-graph\">{\"@context\":\"https:\\\/\\\/schema.org\",\"@graph\":[{\"@type\":\"WebPage\",\"@id\":\"https:\\\/\\\/www.echoppe-francaise.fr\\\/blog\\\/quelles-boucles-doreilles-avec-des-cheveux-courts\\\/\",\"url\":\"https:\\\/\\\/www.echoppe-francaise.fr\\\/blog\\\/quelles-boucles-doreilles-avec-des-cheveux-courts\\\/\",\"name\":\"Les choix de boucles d'oreilles avec des cheveux courts\",\"isPartOf\":{\"@id\":\"https:\\\/\\\/www.echoppe-francaise.fr\\\/blog\\\/#website\"},\"primaryImageOfPage\":{\"@id\":\"https:\\\/\\\/www.echoppe-francaise.fr\\\/blog\\\/quelles-boucles-doreilles-avec-des-cheveux-courts\\\/#primaryimage\"},\"image\":{\"@id\":\"https:\\\/\\\/www.echoppe-francaise.fr\\\/blog\\\/quelles-boucles-doreilles-avec-des-cheveux-courts\\\/#primaryimage\"},\"thumbnailUrl\":\"https:\\\/\\\/lh7-us.googleusercontent.com\\\/pHHeO1Vc9A62rTDtIxqQ3Ca4qgaRT9Q_o3zM8svO9bfA3Fz8okTIjhABBmvHWV78YZilZJk9WbOy0IGLzMWYxJGPdYhFt4qGmG6wP_WxRJwukZhsdXsIqKRAXivh29PWx9Bs8515uLyT5HYHhTP2OOxhpMhTXrtRs0O6QLaO9e_nis-piz7Lxzjmz9vaVhgh\",\"datePublished\":\"2023-12-15T13:05:38+00:00\",\"dateModified\":\"2023-12-15T13:11:38+00:00\",\"description\":\"Explorez les diff\u00e9rents choix de boucles d'oreilles avec des cheveux courts pour une mise en beaut\u00e9 r\u00e9ussie et coh\u00e9rente.\",\"breadcrumb\":{\"@id\":\"https:\\\/\\\/www.echoppe-francaise.fr\\\/blog\\\/quelles-boucles-doreilles-avec-des-cheveux-courts\\\/#breadcrumb\"},\"inLanguage\":\"fr-FR\",\"potentialAction\":[{\"@type\":\"ReadAction\",\"target\":[\"https:\\\/\\\/www.echoppe-francaise.fr\\\/blog\\\/quelles-boucles-doreilles-avec-des-cheveux-courts\\\/\"]}]},{\"@type\":\"ImageObject\",\"inLanguage\":\"fr-FR\",\"@id\":\"https:\\\/\\\/www.echoppe-francaise.fr\\\/blog\\\/quelles-boucles-doreilles-avec-des-cheveux-courts\\\/#primaryimage\",\"url\":\"https:\\\/\\\/lh7-us.googleusercontent.com\\\/pHHeO1Vc9A62rTDtIxqQ3Ca4qgaRT9Q_o3zM8svO9bfA3Fz8okTIjhABBmvHWV78YZilZJk9WbOy0IGLzMWYxJGPdYhFt4qGmG6wP_WxRJwukZhsdXsIqKRAXivh29PWx9Bs8515uLyT5HYHhTP2OOxhpMhTXrtRs0O6QLaO9e_nis-piz7Lxzjmz9vaVhgh\",\"contentUrl\":\"https:\\\/\\\/lh7-us.googleusercontent.com\\\/pHHeO1Vc9A62rTDtIxqQ3Ca4qgaRT9Q_o3zM8svO9bfA3Fz8okTIjhABBmvHWV78YZilZJk9WbOy0IGLzMWYxJGPdYhFt4qGmG6wP_WxRJwukZhsdXsIqKRAXivh29PWx9Bs8515uLyT5HYHhTP2OOxhpMhTXrtRs0O6QLaO9e_nis-piz7Lxzjmz9vaVhgh\"},{\"@type\":\"BreadcrumbList\",\"@id\":\"https:\\\/\\\/www.echoppe-francaise.fr\\\/blog\\\/quelles-boucles-doreilles-avec-des-cheveux-courts\\\/#breadcrumb\",\"itemListElement\":[{\"@type\":\"ListItem\",\"position\":1,\"name\":\"Accueil\",\"item\":\"https:\\\/\\\/www.echoppe-francaise.fr\\\/blog\\\/\"},{\"@type\":\"ListItem\",\"position\":2,\"name\":\"Comment choisir mes boucles d\u2019oreilles\u00a0?\",\"item\":\"https:\\\/\\\/www.echoppe-francaise.fr\\\/blog\\\/comment-choisir-mes-boucles-doreilles\\\/\"},{\"@type\":\"ListItem\",\"position\":3,\"name\":\"Quelles boucles d&rsquo;oreilles pour quelles coupes\u00a0?\",\"item\":\"https:\\\/\\\/www.echoppe-francaise.fr\\\/blog\\\/quelles-boucles-doreilles-pour-quelles-coupes\\\/\"},{\"@type\":\"ListItem\",\"position\":4,\"name\":\"Quelles boucles d&rsquo;oreilles avec des cheveux courts\u00a0?\"}]},{\"@type\":\"WebSite\",\"@id\":\"https:\\\/\\\/www.echoppe-francaise.fr\\\/blog\\\/#website\",\"url\":\"https:\\\/\\\/www.echoppe-francaise.fr\\\/blog\\\/\",\"name\":\"\u00c9choppe Fran\u00e7aise, le Blog\",\"description\":\"Le blog des Cr\u00e9atrices et Cr\u00e9ateurs fran\u00e7ais\",\"publisher\":{\"@id\":\"https:\\\/\\\/www.echoppe-francaise.fr\\\/blog\\\/#organization\"},\"potentialAction\":[{\"@type\":\"SearchAction\",\"target\":{\"@type\":\"EntryPoint\",\"urlTemplate\":\"https:\\\/\\\/www.echoppe-francaise.fr\\\/blog\\\/?s={search_term_string}\"},\"query-input\":{\"@type\":\"PropertyValueSpecification\",\"valueRequired\":true,\"valueName\":\"search_term_string\"}}],\"inLanguage\":\"fr-FR\"},{\"@type\":\"Organization\",\"@id\":\"https:\\\/\\\/www.echoppe-francaise.fr\\\/blog\\\/#organization\",\"name\":\"L'\u00e9choppe Fran\u00e7aise\",\"url\":\"https:\\\/\\\/www.echoppe-francaise.fr\\\/blog\\\/\",\"logo\":{\"@type\":\"ImageObject\",\"inLanguage\":\"fr-FR\",\"@id\":\"https:\\\/\\\/www.echoppe-francaise.fr\\\/blog\\\/#\\\/schema\\\/logo\\\/image\\\/\",\"url\":\"https:\\\/\\\/www.echoppe-francaise.fr\\\/blog\\\/wp-content\\\/uploads\\\/2017\\\/04\\\/echoppe-francaise-logo-1489412704.png\",\"contentUrl\":\"https:\\\/\\\/www.echoppe-francaise.fr\\\/blog\\\/wp-content\\\/uploads\\\/2017\\\/04\\\/echoppe-francaise-logo-1489412704.png\",\"width\":492,\"height\":270,\"caption\":\"L'\u00e9choppe Fran\u00e7aise\"},\"image\":{\"@id\":\"https:\\\/\\\/www.echoppe-francaise.fr\\\/blog\\\/#\\\/schema\\\/logo\\\/image\\\/\"}}]}<\/script>\n<!-- \/ Yoast SEO plugin. -->","yoast_head_json":{"title":"Les choix de boucles d'oreilles avec des cheveux courts","description":"Explorez les diff\u00e9rents choix de boucles d'oreilles avec des cheveux courts pour une mise en beaut\u00e9 r\u00e9ussie et coh\u00e9rente.","robots":{"index":"index","follow":"follow","max-snippet":"max-snippet:-1","max-image-preview":"max-image-preview:large","max-video-preview":"max-video-preview:-1"},"canonical":"https:\/\/www.echoppe-francaise.fr\/blog\/quelles-boucles-doreilles-avec-des-cheveux-courts\/","og_locale":"fr_FR","og_type":"article","og_title":"Les choix de boucles d'oreilles avec des cheveux courts","og_description":"Explorez les diff\u00e9rents choix de boucles d'oreilles avec des cheveux courts pour une mise en beaut\u00e9 r\u00e9ussie et coh\u00e9rente.","og_url":"https:\/\/www.echoppe-francaise.fr\/blog\/quelles-boucles-doreilles-avec-des-cheveux-courts\/","og_site_name":"\u00c9choppe Fran\u00e7aise, le Blog","article_modified_time":"2023-12-15T13:11:38+00:00","og_image":[{"url":"https:\/\/lh7-us.googleusercontent.com\/pHHeO1Vc9A62rTDtIxqQ3Ca4qgaRT9Q_o3zM8svO9bfA3Fz8okTIjhABBmvHWV78YZilZJk9WbOy0IGLzMWYxJGPdYhFt4qGmG6wP_WxRJwukZhsdXsIqKRAXivh29PWx9Bs8515uLyT5HYHhTP2OOxhpMhTXrtRs0O6QLaO9e_nis-piz7Lxzjmz9vaVhgh","type":"","width":"","height":""}],"twitter_card":"summary_large_image","twitter_misc":{"Dur\u00e9e de lecture estim\u00e9e":"5 minutes"},"schema":{"@context":"https:\/\/schema.org","@graph":[{"@type":"WebPage","@id":"https:\/\/www.echoppe-francaise.fr\/blog\/quelles-boucles-doreilles-avec-des-cheveux-courts\/","url":"https:\/\/www.echoppe-francaise.fr\/blog\/quelles-boucles-doreilles-avec-des-cheveux-courts\/","name":"Les choix de boucles d'oreilles avec des cheveux courts","isPartOf":{"@id":"https:\/\/www.echoppe-francaise.fr\/blog\/#website"},"primaryImageOfPage":{"@id":"https:\/\/www.echoppe-francaise.fr\/blog\/quelles-boucles-doreilles-avec-des-cheveux-courts\/#primaryimage"},"image":{"@id":"https:\/\/www.echoppe-francaise.fr\/blog\/quelles-boucles-doreilles-avec-des-cheveux-courts\/#primaryimage"},"thumbnailUrl":"https:\/\/lh7-us.googleusercontent.com\/pHHeO1Vc9A62rTDtIxqQ3Ca4qgaRT9Q_o3zM8svO9bfA3Fz8okTIjhABBmvHWV78YZilZJk9WbOy0IGLzMWYxJGPdYhFt4qGmG6wP_WxRJwukZhsdXsIqKRAXivh29PWx9Bs8515uLyT5HYHhTP2OOxhpMhTXrtRs0O6QLaO9e_nis-piz7Lxzjmz9vaVhgh","datePublished":"2023-12-15T13:05:38+00:00","dateModified":"2023-12-15T13:11:38+00:00","description":"Explorez les diff\u00e9rents choix de boucles d'oreilles avec des cheveux courts pour une mise en beaut\u00e9 r\u00e9ussie et coh\u00e9rente.","breadcrumb":{"@id":"https:\/\/www.echoppe-francaise.fr\/blog\/quelles-boucles-doreilles-avec-des-cheveux-courts\/#breadcrumb"},"inLanguage":"fr-FR","potentialAction":[{"@type":"ReadAction","target":["https:\/\/www.echoppe-francaise.fr\/blog\/quelles-boucles-doreilles-avec-des-cheveux-courts\/"]}]},{"@type":"ImageObject","inLanguage":"fr-FR","@id":"https:\/\/www.echoppe-francaise.fr\/blog\/quelles-boucles-doreilles-avec-des-cheveux-courts\/#primaryimage","url":"https:\/\/lh7-us.googleusercontent.com\/pHHeO1Vc9A62rTDtIxqQ3Ca4qgaRT9Q_o3zM8svO9bfA3Fz8okTIjhABBmvHWV78YZilZJk9WbOy0IGLzMWYxJGPdYhFt4qGmG6wP_WxRJwukZhsdXsIqKRAXivh29PWx9Bs8515uLyT5HYHhTP2OOxhpMhTXrtRs0O6QLaO9e_nis-piz7Lxzjmz9vaVhgh","contentUrl":"https:\/\/lh7-us.googleusercontent.com\/pHHeO1Vc9A62rTDtIxqQ3Ca4qgaRT9Q_o3zM8svO9bfA3Fz8okTIjhABBmvHWV78YZilZJk9WbOy0IGLzMWYxJGPdYhFt4qGmG6wP_WxRJwukZhsdXsIqKRAXivh29PWx9Bs8515uLyT5HYHhTP2OOxhpMhTXrtRs0O6QLaO9e_nis-piz7Lxzjmz9vaVhgh"},{"@type":"BreadcrumbList","@id":"https:\/\/www.echoppe-francaise.fr\/blog\/quelles-boucles-doreilles-avec-des-cheveux-courts\/#breadcrumb","itemListElement":[{"@type":"ListItem","position":1,"name":"Accueil","item":"https:\/\/www.echoppe-francaise.fr\/blog\/"},{"@type":"ListItem","position":2,"name":"Comment choisir mes boucles d\u2019oreilles\u00a0?","item":"https:\/\/www.echoppe-francaise.fr\/blog\/comment-choisir-mes-boucles-doreilles\/"},{"@type":"ListItem","position":3,"name":"Quelles boucles d&rsquo;oreilles pour quelles coupes\u00a0?","item":"https:\/\/www.echoppe-francaise.fr\/blog\/quelles-boucles-doreilles-pour-quelles-coupes\/"},{"@type":"ListItem","position":4,"name":"Quelles boucles d&rsquo;oreilles avec des cheveux courts\u00a0?"}]},{"@type":"WebSite","@id":"https:\/\/www.echoppe-francaise.fr\/blog\/#website","url":"https:\/\/www.echoppe-francaise.fr\/blog\/","name":"\u00c9choppe Fran\u00e7aise, le Blog","description":"Le blog des Cr\u00e9atrices et Cr\u00e9ateurs fran\u00e7ais","publisher":{"@id":"https:\/\/www.echoppe-francaise.fr\/blog\/#organization"},"potentialAction":[{"@type":"SearchAction","target":{"@type":"EntryPoint","urlTemplate":"https:\/\/www.echoppe-francaise.fr\/blog\/?s={search_term_string}"},"query-input":{"@type":"PropertyValueSpecification","valueRequired":true,"valueName":"search_term_string"}}],"inLanguage":"fr-FR"},{"@type":"Organization","@id":"https:\/\/www.echoppe-francaise.fr\/blog\/#organization","name":"L'\u00e9choppe Fran\u00e7aise","url":"https:\/\/www.echoppe-francaise.fr\/blog\/","logo":{"@type":"ImageObject","inLanguage":"fr-FR","@id":"https:\/\/www.echoppe-francaise.fr\/blog\/#\/schema\/logo\/image\/","url":"https:\/\/www.echoppe-francaise.fr\/blog\/wp-content\/uploads\/2017\/04\/echoppe-francaise-logo-1489412704.png","contentUrl":"https:\/\/www.echoppe-francaise.fr\/blog\/wp-content\/uploads\/2017\/04\/echoppe-francaise-logo-1489412704.png","width":492,"height":270,"caption":"L'\u00e9choppe Fran\u00e7aise"},"image":{"@id":"https:\/\/www.echoppe-francaise.fr\/blog\/#\/schema\/logo\/image\/"}}]}},"_links":{"self":[{"href":"https:\/\/www.echoppe-francaise.fr\/blog\/wp-json\/wp\/v2\/pages\/1947","targetHints":{"allow":["GET"]}}],"collection":[{"href":"https:\/\/www.echoppe-francaise.fr\/blog\/wp-json\/wp\/v2\/pages"}],"about":[{"href":"https:\/\/www.echoppe-francaise.fr\/blog\/wp-json\/wp\/v2\/types\/page"}],"author":[{"embeddable":true,"href":"https:\/\/www.echoppe-francaise.fr\/blog\/wp-json\/wp\/v2\/users\/6"}],"replies":[{"embeddable":true,"href":"https:\/\/www.echoppe-francaise.fr\/blog\/wp-json\/wp\/v2\/comments?post=1947"}],"version-history":[{"count":3,"href":"https:\/\/www.echoppe-francaise.fr\/blog\/wp-json\/wp\/v2\/pages\/1947\/revisions"}],"predecessor-version":[{"id":1959,"href":"https:\/\/www.echoppe-francaise.fr\/blog\/wp-json\/wp\/v2\/pages\/1947\/revisions\/1959"}],"up":[{"embeddable":true,"href":"https:\/\/www.echoppe-francaise.fr\/blog\/wp-json\/wp\/v2\/pages\/1829"}],"wp:attachment":[{"href":"https:\/\/www.echoppe-francaise.fr\/blog\/wp-json\/wp\/v2\/media?parent=1947"}],"curies":[{"name":"wp","href":"https:\/\/api.w.org\/{rel}","templated":true}]}}