{"id":1946,"date":"2023-12-15T14:06:33","date_gmt":"2023-12-15T13:06:33","guid":{"rendered":"https:\/\/www.echoppe-francaise.fr\/blog\/?page_id=1946"},"modified":"2023-12-15T14:11:20","modified_gmt":"2023-12-15T13:11:20","slug":"quelles-boucles-doreilles-avec-un-carre","status":"publish","type":"page","link":"https:\/\/www.echoppe-francaise.fr\/blog\/quelles-boucles-doreilles-avec-un-carre\/","title":{"rendered":"Quelles boucles d&rsquo;oreilles avec un carr\u00e9\u00a0?"},"content":{"rendered":"\n<figure class=\"wp-block-image\"><img decoding=\"async\" src=\"https:\/\/lh7-us.googleusercontent.com\/jb2OiqNKbDOP5L_HGCA5ol_k1JQZpoM3fZzDjKdNgr8ptchFB2OHS0QCbtmKtYuIpv3JUav1ErM5ohNEkFSo6Sfw0A9qloguw0JUq7LhJS0ZEsYLb_WUO6HmrA4EbBj7U5f6Kr5f-usRasVt4iDQ5CcOU1XKdF4jKxtBQ0CwZt6c5Z2P3YcOt_kyjNQjooBQ\" alt=\"Une femme blonde avec un coupe carr\u00e9e portant une boucle d'oreille pendante bleue.\"\/><\/figure>\n\n\n\n<p class=\"wp-block-paragraph\">Vos <strong>boucles d\u2019oreilles <\/strong>doivent vous mettre en valeur. Aussi, prenez en compte votre coupe de cheveux pour bien les choisir. Vous avez un carr\u00e9&nbsp;? Voici nos suggestions pour une mise en beaut\u00e9 parfaite.&nbsp;<\/p>\n\n\n\n<h2 class=\"wp-block-heading\">Les puces d\u2019oreilles&nbsp;: des boucles d\u2019oreilles discr\u00e8tes pour des cheveux courts<\/h2>\n\n\n\n<figure class=\"wp-block-image\"><img decoding=\"async\" src=\"https:\/\/lh7-us.googleusercontent.com\/vSPMSfTG-4apKOTnTNHB6LKNCRWgVLEqOt1ftjJTReG29yzXW8juH0NaEgJ-tVRAMjvdz4o_QsCTxGGy9Lud-peSpCeuorlocf3R-LzWDJW2xaz07lgRHw8NN9xa6L-sm50oJIsvtF9pQDVoOQ1PtBnUCO1KEk0iNhlA2P1APe5Ko4hHBuwgBTLS4Tdl46fw\" alt=\"Une puce d'oreille dor\u00e9 et orn\u00e9e de pierre transparente.\"\/><\/figure>\n\n\n\n<p class=\"wp-block-paragraph\">\u00c9vitez de surcharger la zone autour de votre visage. Avec un carr\u00e9, pr\u00e9f\u00e9rez les <strong>puces d\u2019oreilles<\/strong>. Sur l\u2019\u00c9choppe Fran\u00e7aise, vous avez des mod\u00e8les en or et en argent, ou en bois. Nos cr\u00e9ateurs utilisent aussi du cuir haut de gamme. De quoi ajouter de la couleur dans leurs accessoires. Il reste \u00e0 choisir les motifs&nbsp;et les formes&nbsp;: ronds, \u00e0 fleurs, feuillages, etc.&nbsp;<\/p>\n\n\n\n<p class=\"wp-block-paragraph\">Ces clous ajouteront de la sophistication \u00e0 votre look. Un \u00e9v\u00e8nement important auquel assister&nbsp;? Optez pour les bijoux avec des <strong>pierres pr\u00e9cieuses brillantes<\/strong>. Vous serez f\u00e9minine et styl\u00e9e.&nbsp;<\/p>\n\n\n\n<h2 class=\"wp-block-heading\">Les cr\u00e9oles&nbsp;: les tendances incontournables des bijoux<\/h2>\n\n\n\n<figure class=\"wp-block-image\"><img decoding=\"async\" src=\"https:\/\/lh7-us.googleusercontent.com\/jIu17TSMHIDxEbVy6TYY1PPC3itkjXEDUKpdZYyzFtBg8CvTTGHbrcjfsZmGPgHvxi4c1kz0QdB_ilTCCVHgxbMqKCBaQ_l35SJTjFHDrxej5YZt1h1CvPRrkxioAQSkJ52-QxEpw7p9F15bX_oL9ZV_O1gtWxIP3lPaW7KbsYlGVOpeYu2luOd1d7FzDRI0\" alt=\"Une boucle d'oreille cr\u00e9ole moderne dor\u00e9e port\u00e9e.\"\/><\/figure>\n\n\n\n<p class=\"wp-block-paragraph\">Les <strong>cr\u00e9oles <\/strong>sont aussi des valeurs s\u00fbres pour les coupes carr\u00e9es. On vous le conseille surtout avec une m\u00e2choire carr\u00e9e ou un visage en diamant. Vous adoucirez vos traits.&nbsp;<\/p>\n\n\n\n<p class=\"wp-block-paragraph\">Pr\u00e9f\u00e9rez les mod\u00e8les en <strong>or ou plaqu\u00e9 or<\/strong> avec une tenue travaill\u00e9e. Dans la vie de tous les jours\u00a0? L\u2019argent\u00e9 fera l\u2019affaire. Dans les deux cas, l\u2019\u00e9l\u00e9gance sera au rendez-vous. Pour la taille\u00a0? Une cr\u00e9ole moyenne fera l\u2019affaire. Ce sera plus \u00e9quilibr\u00e9 avec un carr\u00e9.\u00a0<\/p>\n\n\n\n<p class=\"wp-block-paragraph\">Vous avez d&rsquo;avantage de pr\u00e9cisions sur le choix de vos boucles d&rsquo;oreilles en fonction de vos cheveux sur notre article : <a href=\"https:\/\/www.echoppe-francaise.fr\/blog\/quelles-boucles-doreilles-pour-quelles-coupes\/\" target=\"_blank\" rel=\"noreferrer noopener\">Quelles boucles d&rsquo;oreilles pour quelles coupes\u00a0?<\/a><\/p>\n\n\n\n<h2 class=\"wp-block-heading\">Osez les boucles d\u2019oreilles pendantes&nbsp;<\/h2>\n\n\n\n<figure class=\"wp-block-image\"><img decoding=\"async\" src=\"https:\/\/lh7-us.googleusercontent.com\/P5OHZB8pf97u46XghlArgsw3iuxzkYPuZbZhjwryUSr4Y66_z1KRxRfl0tsTOZn8TX0steG3E6BavnMDT-t2Egw6muQblraPpnRoDuMbJWqJ7aPhOrkimht6aynwVSIF9p2Yh2cBBIf-0WUWRuDv7xVSSp5F77-qfHeUaEpZ9nP4zhzP9_4Torg5QXGjota2\" alt=\"Une femme avec une coupe carr\u00e9e avec une boucle d'oreille argent\u00e9e pendante.\"\/><\/figure>\n\n\n\n<p class=\"wp-block-paragraph\">Ne vous privez pas des boucles d\u2019oreilles pendantes. C\u2019est parfait pour mettre en valeur votre port de t\u00eate. Une touche sexy dans votre mise en beaut\u00e9&nbsp;? Choisissez des <strong>boucles d\u2019oreilles fines<\/strong>. Et, la longueur ne d\u00e9passe pas la base de votre cou.&nbsp;<\/p>\n\n\n\n<p class=\"wp-block-paragraph\">Choisissez les <strong>bijoux fantaisie <\/strong>pour une journ\u00e9e de travail. Sur notre boutique en ligne, vous avez diff\u00e9rents mod\u00e8les&nbsp;: avec des pendentifs ronds par exemple. Quid d\u2019un \u00e9v\u00e8nement important&nbsp;? On vous conseille les boucles en or ou en argent avec des pierres brillantes. Vous vous mettrez davantage en valeur.&nbsp;<\/p>\n\n\n\n<h2 class=\"wp-block-heading\">Des formes g\u00e9om\u00e9triques pour aller avec votre carr\u00e9<\/h2>\n\n\n\n<figure class=\"wp-block-image\"><img decoding=\"async\" src=\"https:\/\/lh7-us.googleusercontent.com\/guCpegG3b0A5GhAxbrvVpZGmmNN97_2xd-UFIr7rlLtiKXdWivuXQ3KHvnZh33x1t4a3ovwH95CgR0tda-UmIMJOm1VHxvIb6Bl2vTr74D-7VlmBmaPp4w1SROj6MO3-yy1E3NN8thvf6K-07WsYIuz8uwCTwvSbG2c3wEPRPsMcnsC1XQshLEyTtG8OytQK\" alt=\"Une femme \u00e0 la coupe carr\u00e9e avec une boucle d'oreille en forme carr\u00e9 argent\u00e9.\"\/><\/figure>\n\n\n\n<p class=\"wp-block-paragraph\">Vous avez le visage rond&nbsp;? Structurez-le avec un carr\u00e9 et une <strong>boucle d\u2019oreille g\u00e9om\u00e9trique<\/strong>. Les deux se marient parfaitement. Et, pourquoi pas les accessoires en bois de l\u2019\u00c9choppe Fran\u00e7aise. En forme de carr\u00e9 ou de feuillage stricte&nbsp;: vous avez le choix.&nbsp;<\/p>\n\n\n\n<p class=\"wp-block-paragraph\">Ces accessoires de mode ajoutent de la <strong>modernit\u00e9 <\/strong>\u00e0 votre look. Profitez-en pour ajouter de l\u2019originalit\u00e9 \u00e0 votre mise en beaut\u00e9. Sur notre boutique, vous avez des boucles d\u2019oreilles color\u00e9es. Adaptez-les \u00e0 la coloration de vos cheveux et \u00e0 votre carnation.&nbsp;&nbsp;<\/p>\n\n\n\n<h2 class=\"wp-block-heading\">Les perles&nbsp;: le Net plus ultra des bijoux \u00e9l\u00e9gants<\/h2>\n\n\n\n<figure class=\"wp-block-image\"><img decoding=\"async\" src=\"https:\/\/lh7-us.googleusercontent.com\/6ZooQNWt_j4YsiJuqPv8Dl77oWYbW4JYStqVoZQgvy90yrJRiUDsvfUOXxgm6V4PoOJTnRheG47a7eagsrOWHe_nea49KjuJXgs0AWqhSSYA1qt1TcJ-knhTF1n6UwGnQn99FMNzvcOjCo4KEagFZKrtY3VPtUSUt33MHkNWAHvLDvzWVpp9DvCSy-MrofI7\" alt=\"Une paire de boucles d'oreilles en perme blanc avec un support en argent en forme de fleur dans un coffret noir.\"\/><\/figure>\n\n\n\n<p class=\"wp-block-paragraph\">Ne boudez pas les <strong>perles<\/strong>. Ces bijoux sont le mariage parfait entre le classique et le moderne. Ils se r\u00e9inventent pour ajouter du chic tendance \u00e0 votre tenue. Sa coupe ronde cr\u00e9era un contraste parfait avec votre carr\u00e9. Ce qui vous assurera un look f\u00e9minin.&nbsp;<\/p>\n\n\n\n<p class=\"wp-block-paragraph\">Ce sont des <strong>intemporels<\/strong> de la mode f\u00e9minine. Les bijoutiers vous en proposent de toute sorte&nbsp;: pendantes, en formes de puces, des boucles d\u2019oreilles avec support en argent ou or. Faites votre choix.&nbsp;<\/p>\n\n\n\n<p class=\"wp-block-paragraph\">Voil\u00e0 nos conseils pour le choix d\u2019une boucle d\u2019oreille pour les coupes carr\u00e9es. Qu\u2019en est-il des autres&nbsp;? Lisez&nbsp;:&nbsp;<\/p>\n\n\n\n<ul class=\"wp-block-list\">\n<li><a href=\"https:\/\/www.echoppe-francaise.fr\/blog\/quelles-boucles-doreilles-avec-les-cheveux-longs\/\" target=\"_blank\" rel=\"noreferrer noopener\">Quelles boucles d&rsquo;oreilles avec les cheveux longs\u00a0?<\/a><\/li>\n\n\n\n<li><a href=\"https:\/\/www.echoppe-francaise.fr\/blog\/quelles-boucles-doreilles-avec-des-cheveux-courts\/\" target=\"_blank\" rel=\"noreferrer noopener\">Quelles boucles d&rsquo;oreilles avec des cheveux courts\u00a0?<\/a><\/li>\n<\/ul>\n","protected":false},"excerpt":{"rendered":"<p>Vos boucles d\u2019oreilles doivent vous mettre en valeur. Aussi, prenez en compte votre coupe de cheveux pour bien les choisir. Vous avez un carr\u00e9&nbsp;? Voici nos suggestions pour une mise en beaut\u00e9 parfaite.&nbsp; Les puces d\u2019oreilles&nbsp;: des boucles d\u2019oreilles discr\u00e8tes pour des cheveux courts \u00c9vitez de surcharger la zone autour de votre visage. Avec un&hellip;&nbsp;<\/p>\n","protected":false},"author":6,"featured_media":0,"parent":1829,"menu_order":0,"comment_status":"closed","ping_status":"closed","template":"","meta":{"_crdt_document":"","neve_meta_sidebar":"","neve_meta_container":"","neve_meta_enable_content_width":"","neve_meta_content_width":0,"neve_meta_title_alignment":"","neve_meta_author_avatar":"","neve_post_elements_order":"","neve_meta_disable_header":"","neve_meta_disable_footer":"","neve_meta_disable_title":"","footnotes":""},"class_list":["post-1946","page","type-page","status-publish","hentry"],"yoast_head":"<!-- This site is optimized with the Yoast SEO plugin v27.5 - https:\/\/yoast.com\/product\/yoast-seo-wordpress\/ -->\n<title>Comment choisir les boucles d&#039;oreilles avec un carr\u00e9?<\/title>\n<meta name=\"description\" content=\"D\u00e9couvrez dans ce guide toutes les alternatives de boucles d&#039;oreilles avec un carr\u00e9 pour vous sublimer.\" \/>\n<meta name=\"robots\" content=\"index, follow, max-snippet:-1, max-image-preview:large, max-video-preview:-1\" \/>\n<link rel=\"canonical\" href=\"https:\/\/www.echoppe-francaise.fr\/blog\/quelles-boucles-doreilles-avec-un-carre\/\" \/>\n<meta property=\"og:locale\" content=\"fr_FR\" \/>\n<meta property=\"og:type\" content=\"article\" \/>\n<meta property=\"og:title\" content=\"Comment choisir les boucles d&#039;oreilles avec un carr\u00e9?\" \/>\n<meta property=\"og:description\" content=\"D\u00e9couvrez dans ce guide toutes les alternatives de boucles d&#039;oreilles avec un carr\u00e9 pour vous sublimer.\" \/>\n<meta property=\"og:url\" content=\"https:\/\/www.echoppe-francaise.fr\/blog\/quelles-boucles-doreilles-avec-un-carre\/\" \/>\n<meta property=\"og:site_name\" content=\"\u00c9choppe Fran\u00e7aise, le Blog\" \/>\n<meta property=\"article:modified_time\" content=\"2023-12-15T13:11:20+00:00\" \/>\n<meta property=\"og:image\" content=\"https:\/\/lh7-us.googleusercontent.com\/jb2OiqNKbDOP5L_HGCA5ol_k1JQZpoM3fZzDjKdNgr8ptchFB2OHS0QCbtmKtYuIpv3JUav1ErM5ohNEkFSo6Sfw0A9qloguw0JUq7LhJS0ZEsYLb_WUO6HmrA4EbBj7U5f6Kr5f-usRasVt4iDQ5CcOU1XKdF4jKxtBQ0CwZt6c5Z2P3YcOt_kyjNQjooBQ\" \/>\n<meta name=\"twitter:card\" content=\"summary_large_image\" \/>\n<meta name=\"twitter:label1\" content=\"Dur\u00e9e de lecture estim\u00e9e\" \/>\n\t<meta name=\"twitter:data1\" content=\"4 minutes\" \/>\n<script type=\"application\/ld+json\" class=\"yoast-schema-graph\">{\"@context\":\"https:\\\/\\\/schema.org\",\"@graph\":[{\"@type\":\"WebPage\",\"@id\":\"https:\\\/\\\/www.echoppe-francaise.fr\\\/blog\\\/quelles-boucles-doreilles-avec-un-carre\\\/\",\"url\":\"https:\\\/\\\/www.echoppe-francaise.fr\\\/blog\\\/quelles-boucles-doreilles-avec-un-carre\\\/\",\"name\":\"Comment choisir les boucles d'oreilles avec un carr\u00e9?\",\"isPartOf\":{\"@id\":\"https:\\\/\\\/www.echoppe-francaise.fr\\\/blog\\\/#website\"},\"primaryImageOfPage\":{\"@id\":\"https:\\\/\\\/www.echoppe-francaise.fr\\\/blog\\\/quelles-boucles-doreilles-avec-un-carre\\\/#primaryimage\"},\"image\":{\"@id\":\"https:\\\/\\\/www.echoppe-francaise.fr\\\/blog\\\/quelles-boucles-doreilles-avec-un-carre\\\/#primaryimage\"},\"thumbnailUrl\":\"https:\\\/\\\/lh7-us.googleusercontent.com\\\/jb2OiqNKbDOP5L_HGCA5ol_k1JQZpoM3fZzDjKdNgr8ptchFB2OHS0QCbtmKtYuIpv3JUav1ErM5ohNEkFSo6Sfw0A9qloguw0JUq7LhJS0ZEsYLb_WUO6HmrA4EbBj7U5f6Kr5f-usRasVt4iDQ5CcOU1XKdF4jKxtBQ0CwZt6c5Z2P3YcOt_kyjNQjooBQ\",\"datePublished\":\"2023-12-15T13:06:33+00:00\",\"dateModified\":\"2023-12-15T13:11:20+00:00\",\"description\":\"D\u00e9couvrez dans ce guide toutes les alternatives de boucles d'oreilles avec un carr\u00e9 pour vous sublimer.\",\"breadcrumb\":{\"@id\":\"https:\\\/\\\/www.echoppe-francaise.fr\\\/blog\\\/quelles-boucles-doreilles-avec-un-carre\\\/#breadcrumb\"},\"inLanguage\":\"fr-FR\",\"potentialAction\":[{\"@type\":\"ReadAction\",\"target\":[\"https:\\\/\\\/www.echoppe-francaise.fr\\\/blog\\\/quelles-boucles-doreilles-avec-un-carre\\\/\"]}]},{\"@type\":\"ImageObject\",\"inLanguage\":\"fr-FR\",\"@id\":\"https:\\\/\\\/www.echoppe-francaise.fr\\\/blog\\\/quelles-boucles-doreilles-avec-un-carre\\\/#primaryimage\",\"url\":\"https:\\\/\\\/lh7-us.googleusercontent.com\\\/jb2OiqNKbDOP5L_HGCA5ol_k1JQZpoM3fZzDjKdNgr8ptchFB2OHS0QCbtmKtYuIpv3JUav1ErM5ohNEkFSo6Sfw0A9qloguw0JUq7LhJS0ZEsYLb_WUO6HmrA4EbBj7U5f6Kr5f-usRasVt4iDQ5CcOU1XKdF4jKxtBQ0CwZt6c5Z2P3YcOt_kyjNQjooBQ\",\"contentUrl\":\"https:\\\/\\\/lh7-us.googleusercontent.com\\\/jb2OiqNKbDOP5L_HGCA5ol_k1JQZpoM3fZzDjKdNgr8ptchFB2OHS0QCbtmKtYuIpv3JUav1ErM5ohNEkFSo6Sfw0A9qloguw0JUq7LhJS0ZEsYLb_WUO6HmrA4EbBj7U5f6Kr5f-usRasVt4iDQ5CcOU1XKdF4jKxtBQ0CwZt6c5Z2P3YcOt_kyjNQjooBQ\"},{\"@type\":\"BreadcrumbList\",\"@id\":\"https:\\\/\\\/www.echoppe-francaise.fr\\\/blog\\\/quelles-boucles-doreilles-avec-un-carre\\\/#breadcrumb\",\"itemListElement\":[{\"@type\":\"ListItem\",\"position\":1,\"name\":\"Accueil\",\"item\":\"https:\\\/\\\/www.echoppe-francaise.fr\\\/blog\\\/\"},{\"@type\":\"ListItem\",\"position\":2,\"name\":\"Comment choisir mes boucles d\u2019oreilles\u00a0?\",\"item\":\"https:\\\/\\\/www.echoppe-francaise.fr\\\/blog\\\/comment-choisir-mes-boucles-doreilles\\\/\"},{\"@type\":\"ListItem\",\"position\":3,\"name\":\"Quelles boucles d&rsquo;oreilles pour quelles coupes\u00a0?\",\"item\":\"https:\\\/\\\/www.echoppe-francaise.fr\\\/blog\\\/quelles-boucles-doreilles-pour-quelles-coupes\\\/\"},{\"@type\":\"ListItem\",\"position\":4,\"name\":\"Quelles boucles d&rsquo;oreilles avec un carr\u00e9\u00a0?\"}]},{\"@type\":\"WebSite\",\"@id\":\"https:\\\/\\\/www.echoppe-francaise.fr\\\/blog\\\/#website\",\"url\":\"https:\\\/\\\/www.echoppe-francaise.fr\\\/blog\\\/\",\"name\":\"\u00c9choppe Fran\u00e7aise, le Blog\",\"description\":\"Le blog des Cr\u00e9atrices et Cr\u00e9ateurs fran\u00e7ais\",\"publisher\":{\"@id\":\"https:\\\/\\\/www.echoppe-francaise.fr\\\/blog\\\/#organization\"},\"potentialAction\":[{\"@type\":\"SearchAction\",\"target\":{\"@type\":\"EntryPoint\",\"urlTemplate\":\"https:\\\/\\\/www.echoppe-francaise.fr\\\/blog\\\/?s={search_term_string}\"},\"query-input\":{\"@type\":\"PropertyValueSpecification\",\"valueRequired\":true,\"valueName\":\"search_term_string\"}}],\"inLanguage\":\"fr-FR\"},{\"@type\":\"Organization\",\"@id\":\"https:\\\/\\\/www.echoppe-francaise.fr\\\/blog\\\/#organization\",\"name\":\"L'\u00e9choppe Fran\u00e7aise\",\"url\":\"https:\\\/\\\/www.echoppe-francaise.fr\\\/blog\\\/\",\"logo\":{\"@type\":\"ImageObject\",\"inLanguage\":\"fr-FR\",\"@id\":\"https:\\\/\\\/www.echoppe-francaise.fr\\\/blog\\\/#\\\/schema\\\/logo\\\/image\\\/\",\"url\":\"https:\\\/\\\/www.echoppe-francaise.fr\\\/blog\\\/wp-content\\\/uploads\\\/2017\\\/04\\\/echoppe-francaise-logo-1489412704.png\",\"contentUrl\":\"https:\\\/\\\/www.echoppe-francaise.fr\\\/blog\\\/wp-content\\\/uploads\\\/2017\\\/04\\\/echoppe-francaise-logo-1489412704.png\",\"width\":492,\"height\":270,\"caption\":\"L'\u00e9choppe Fran\u00e7aise\"},\"image\":{\"@id\":\"https:\\\/\\\/www.echoppe-francaise.fr\\\/blog\\\/#\\\/schema\\\/logo\\\/image\\\/\"}}]}<\/script>\n<!-- \/ Yoast SEO plugin. -->","yoast_head_json":{"title":"Comment choisir les boucles d'oreilles avec un carr\u00e9?","description":"D\u00e9couvrez dans ce guide toutes les alternatives de boucles d'oreilles avec un carr\u00e9 pour vous sublimer.","robots":{"index":"index","follow":"follow","max-snippet":"max-snippet:-1","max-image-preview":"max-image-preview:large","max-video-preview":"max-video-preview:-1"},"canonical":"https:\/\/www.echoppe-francaise.fr\/blog\/quelles-boucles-doreilles-avec-un-carre\/","og_locale":"fr_FR","og_type":"article","og_title":"Comment choisir les boucles d'oreilles avec un carr\u00e9?","og_description":"D\u00e9couvrez dans ce guide toutes les alternatives de boucles d'oreilles avec un carr\u00e9 pour vous sublimer.","og_url":"https:\/\/www.echoppe-francaise.fr\/blog\/quelles-boucles-doreilles-avec-un-carre\/","og_site_name":"\u00c9choppe Fran\u00e7aise, le Blog","article_modified_time":"2023-12-15T13:11:20+00:00","og_image":[{"url":"https:\/\/lh7-us.googleusercontent.com\/jb2OiqNKbDOP5L_HGCA5ol_k1JQZpoM3fZzDjKdNgr8ptchFB2OHS0QCbtmKtYuIpv3JUav1ErM5ohNEkFSo6Sfw0A9qloguw0JUq7LhJS0ZEsYLb_WUO6HmrA4EbBj7U5f6Kr5f-usRasVt4iDQ5CcOU1XKdF4jKxtBQ0CwZt6c5Z2P3YcOt_kyjNQjooBQ","type":"","width":"","height":""}],"twitter_card":"summary_large_image","twitter_misc":{"Dur\u00e9e de lecture estim\u00e9e":"4 minutes"},"schema":{"@context":"https:\/\/schema.org","@graph":[{"@type":"WebPage","@id":"https:\/\/www.echoppe-francaise.fr\/blog\/quelles-boucles-doreilles-avec-un-carre\/","url":"https:\/\/www.echoppe-francaise.fr\/blog\/quelles-boucles-doreilles-avec-un-carre\/","name":"Comment choisir les boucles d'oreilles avec un carr\u00e9?","isPartOf":{"@id":"https:\/\/www.echoppe-francaise.fr\/blog\/#website"},"primaryImageOfPage":{"@id":"https:\/\/www.echoppe-francaise.fr\/blog\/quelles-boucles-doreilles-avec-un-carre\/#primaryimage"},"image":{"@id":"https:\/\/www.echoppe-francaise.fr\/blog\/quelles-boucles-doreilles-avec-un-carre\/#primaryimage"},"thumbnailUrl":"https:\/\/lh7-us.googleusercontent.com\/jb2OiqNKbDOP5L_HGCA5ol_k1JQZpoM3fZzDjKdNgr8ptchFB2OHS0QCbtmKtYuIpv3JUav1ErM5ohNEkFSo6Sfw0A9qloguw0JUq7LhJS0ZEsYLb_WUO6HmrA4EbBj7U5f6Kr5f-usRasVt4iDQ5CcOU1XKdF4jKxtBQ0CwZt6c5Z2P3YcOt_kyjNQjooBQ","datePublished":"2023-12-15T13:06:33+00:00","dateModified":"2023-12-15T13:11:20+00:00","description":"D\u00e9couvrez dans ce guide toutes les alternatives de boucles d'oreilles avec un carr\u00e9 pour vous sublimer.","breadcrumb":{"@id":"https:\/\/www.echoppe-francaise.fr\/blog\/quelles-boucles-doreilles-avec-un-carre\/#breadcrumb"},"inLanguage":"fr-FR","potentialAction":[{"@type":"ReadAction","target":["https:\/\/www.echoppe-francaise.fr\/blog\/quelles-boucles-doreilles-avec-un-carre\/"]}]},{"@type":"ImageObject","inLanguage":"fr-FR","@id":"https:\/\/www.echoppe-francaise.fr\/blog\/quelles-boucles-doreilles-avec-un-carre\/#primaryimage","url":"https:\/\/lh7-us.googleusercontent.com\/jb2OiqNKbDOP5L_HGCA5ol_k1JQZpoM3fZzDjKdNgr8ptchFB2OHS0QCbtmKtYuIpv3JUav1ErM5ohNEkFSo6Sfw0A9qloguw0JUq7LhJS0ZEsYLb_WUO6HmrA4EbBj7U5f6Kr5f-usRasVt4iDQ5CcOU1XKdF4jKxtBQ0CwZt6c5Z2P3YcOt_kyjNQjooBQ","contentUrl":"https:\/\/lh7-us.googleusercontent.com\/jb2OiqNKbDOP5L_HGCA5ol_k1JQZpoM3fZzDjKdNgr8ptchFB2OHS0QCbtmKtYuIpv3JUav1ErM5ohNEkFSo6Sfw0A9qloguw0JUq7LhJS0ZEsYLb_WUO6HmrA4EbBj7U5f6Kr5f-usRasVt4iDQ5CcOU1XKdF4jKxtBQ0CwZt6c5Z2P3YcOt_kyjNQjooBQ"},{"@type":"BreadcrumbList","@id":"https:\/\/www.echoppe-francaise.fr\/blog\/quelles-boucles-doreilles-avec-un-carre\/#breadcrumb","itemListElement":[{"@type":"ListItem","position":1,"name":"Accueil","item":"https:\/\/www.echoppe-francaise.fr\/blog\/"},{"@type":"ListItem","position":2,"name":"Comment choisir mes boucles d\u2019oreilles\u00a0?","item":"https:\/\/www.echoppe-francaise.fr\/blog\/comment-choisir-mes-boucles-doreilles\/"},{"@type":"ListItem","position":3,"name":"Quelles boucles d&rsquo;oreilles pour quelles coupes\u00a0?","item":"https:\/\/www.echoppe-francaise.fr\/blog\/quelles-boucles-doreilles-pour-quelles-coupes\/"},{"@type":"ListItem","position":4,"name":"Quelles boucles d&rsquo;oreilles avec un carr\u00e9\u00a0?"}]},{"@type":"WebSite","@id":"https:\/\/www.echoppe-francaise.fr\/blog\/#website","url":"https:\/\/www.echoppe-francaise.fr\/blog\/","name":"\u00c9choppe Fran\u00e7aise, le Blog","description":"Le blog des Cr\u00e9atrices et Cr\u00e9ateurs fran\u00e7ais","publisher":{"@id":"https:\/\/www.echoppe-francaise.fr\/blog\/#organization"},"potentialAction":[{"@type":"SearchAction","target":{"@type":"EntryPoint","urlTemplate":"https:\/\/www.echoppe-francaise.fr\/blog\/?s={search_term_string}"},"query-input":{"@type":"PropertyValueSpecification","valueRequired":true,"valueName":"search_term_string"}}],"inLanguage":"fr-FR"},{"@type":"Organization","@id":"https:\/\/www.echoppe-francaise.fr\/blog\/#organization","name":"L'\u00e9choppe Fran\u00e7aise","url":"https:\/\/www.echoppe-francaise.fr\/blog\/","logo":{"@type":"ImageObject","inLanguage":"fr-FR","@id":"https:\/\/www.echoppe-francaise.fr\/blog\/#\/schema\/logo\/image\/","url":"https:\/\/www.echoppe-francaise.fr\/blog\/wp-content\/uploads\/2017\/04\/echoppe-francaise-logo-1489412704.png","contentUrl":"https:\/\/www.echoppe-francaise.fr\/blog\/wp-content\/uploads\/2017\/04\/echoppe-francaise-logo-1489412704.png","width":492,"height":270,"caption":"L'\u00e9choppe Fran\u00e7aise"},"image":{"@id":"https:\/\/www.echoppe-francaise.fr\/blog\/#\/schema\/logo\/image\/"}}]}},"_links":{"self":[{"href":"https:\/\/www.echoppe-francaise.fr\/blog\/wp-json\/wp\/v2\/pages\/1946","targetHints":{"allow":["GET"]}}],"collection":[{"href":"https:\/\/www.echoppe-francaise.fr\/blog\/wp-json\/wp\/v2\/pages"}],"about":[{"href":"https:\/\/www.echoppe-francaise.fr\/blog\/wp-json\/wp\/v2\/types\/page"}],"author":[{"embeddable":true,"href":"https:\/\/www.echoppe-francaise.fr\/blog\/wp-json\/wp\/v2\/users\/6"}],"replies":[{"embeddable":true,"href":"https:\/\/www.echoppe-francaise.fr\/blog\/wp-json\/wp\/v2\/comments?post=1946"}],"version-history":[{"count":2,"href":"https:\/\/www.echoppe-francaise.fr\/blog\/wp-json\/wp\/v2\/pages\/1946\/revisions"}],"predecessor-version":[{"id":1956,"href":"https:\/\/www.echoppe-francaise.fr\/blog\/wp-json\/wp\/v2\/pages\/1946\/revisions\/1956"}],"up":[{"embeddable":true,"href":"https:\/\/www.echoppe-francaise.fr\/blog\/wp-json\/wp\/v2\/pages\/1829"}],"wp:attachment":[{"href":"https:\/\/www.echoppe-francaise.fr\/blog\/wp-json\/wp\/v2\/media?parent=1946"}],"curies":[{"name":"wp","href":"https:\/\/api.w.org\/{rel}","templated":true}]}}