{"id":1932,"date":"2023-12-14T13:44:06","date_gmt":"2023-12-14T12:44:06","guid":{"rendered":"https:\/\/www.echoppe-francaise.fr\/blog\/?page_id=1932"},"modified":"2023-12-14T13:57:51","modified_gmt":"2023-12-14T12:57:51","slug":"quelle-couleur-de-boucle-doreille-pour-une-rousse","status":"publish","type":"page","link":"https:\/\/www.echoppe-francaise.fr\/blog\/quelle-couleur-de-boucle-doreille-pour-une-rousse\/","title":{"rendered":"Quelle couleur de boucle d&rsquo;oreille pour une rousse\u00a0?"},"content":{"rendered":"\n<figure class=\"wp-block-image\"><img decoding=\"async\" src=\"https:\/\/lh7-us.googleusercontent.com\/-PR0PAMvBS646kntbIq7MMEjBtbDpJ1UdSgZO-qOPDSF4ynGi_Ap4oTexHryv1n28SILoII0YkugaG3_4rtJRowaB73qAef7qAiV_t5n0num3WsGE-s6IL4wPUQ1x2VASbXkN-4wmR7Z\" alt=\"Plusieurs femmes rousses avec diff\u00e9rents mod\u00e8les de boucles d'oreilles de toutes les couleurs. \"\/><\/figure>\n\n\n\n<p class=\"wp-block-paragraph\">Vous \u00eates rousses&nbsp;? Ne choisissez pas vos <strong>boucles d\u2019oreilles<\/strong> au hasard. Prenez en compte votre coloration. Idem pour votre carnation et les nuances sp\u00e9cifiques li\u00e9es \u00e0 toutes ces couleurs. On vous accompagne dans votre choix. Le point sur nos conseils.&nbsp;<\/p>\n\n\n\n<h2 class=\"wp-block-heading\">L\u2019or&nbsp;: toujours un incontournable<\/h2>\n\n\n\n<figure class=\"wp-block-image\"><img decoding=\"async\" src=\"https:\/\/lh7-us.googleusercontent.com\/80BBL6nSYR7WgjUtR_V5VZ5SuCVjdH2f9wqYehvm6ic1ouLxNQjq7lk4WVXcDFnxWUd8VoljwJwnr42p9F4OKTp7mV5j11qCgImLu-0OTPi6vaRgFPZP4iVP60ybxQ-xEPDmbnlxMmYm\" alt=\"Une femme rousse avec une cr\u00e9ole en or. \"\/><\/figure>\n\n\n\n<p class=\"wp-block-paragraph\"><strong>L\u2019or<\/strong> est une valeur s\u00fbre de la mode. C\u2019est aussi la couleur parfaite de boucles d\u2019oreilles pour une rousse. Elle apporte de l\u2019\u00e9clat et de l\u2019\u00e9l\u00e9gance \u00e0 votre tenue. Et, vous cr\u00e9erez des nuances id\u00e9ales pour un peu de chaleur dans votre mise en beaut\u00e9.&nbsp;<\/p>\n\n\n\n<p class=\"wp-block-paragraph\">Vous avez le choix entre <strong>l\u2019or rose ou jaune<\/strong>. Les deux fonctionnent parfaitement avec votre coloration. Pr\u00e9f\u00e9rez les tons plus clairs pour les mat skins. Et vice versa pour cr\u00e9er un contraste int\u00e9ressant.\u00a0<\/p>\n\n\n\n<p class=\"wp-block-paragraph\">Vous aurez plus de d\u00e9tails pour le choix de la couleur de votre accessoire sur notre article : <a href=\"https:\/\/www.echoppe-francaise.fr\/blog\/quelle-boucle-doreille-en-fonction-de-ma-couleur-de-cheveux\/\" target=\"_blank\" rel=\"noreferrer noopener\">Quelle boucle d&rsquo;oreille en fonction de ma couleur de cheveux\u00a0?<\/a><\/p>\n\n\n\n<h2 class=\"wp-block-heading\">Une boucle d\u2019oreille vert \u00e9meraude pour faire ressortir la couleur de vos cheveux<\/h2>\n\n\n\n<figure class=\"wp-block-image\"><img decoding=\"async\" src=\"https:\/\/lh7-us.googleusercontent.com\/lSbzpRilYYvh0JnJO6BECjgFMDPzjaYZmBH-H1XPhTnMRgQXRR8TeXfmVUXPVP1aVir925eEfuvPw12Zk9t-dDHjDDwxXwQ3J7hebDU6OkkWZ57LI2q8Cxk3ZDL_IEsTPrSwItVIDLg4\" alt=\"Plusieurs femmes rousses qui portent diff\u00e9rents styles de boucles d'oreilles vert \u00e9meraude.\"\/><\/figure>\n\n\n\n<p class=\"wp-block-paragraph\">La couleur rousse ressort davantage avec une <strong>boucle d\u2019oreille vert \u00e9meraude<\/strong>. Envie d\u2019un peu de ga\u00eet\u00e9 dans votre tenue&nbsp;? C\u2019est le choix parfait. Vous mettrez en valeur la couleur de vos yeux.&nbsp;<\/p>\n\n\n\n<p class=\"wp-block-paragraph\">Les <strong>pierres pr\u00e9cieuses<\/strong> brillent plus. Tel est le cas de la Tourmaline, le P\u00e9ridot, etc. Mais, on les privil\u00e9gie pour les soir\u00e9es exceptionnelles. On vous conseille les boucles d\u2019oreilles pendantes. Vous aurez un meilleur port de t\u00eate. Mais, pr\u00e9f\u00e9rez les mod\u00e8les discrets si vous avez les cheveux courts.&nbsp;<\/p>\n\n\n\n<h2 class=\"wp-block-heading\">Des mod\u00e8les orange ou corail&nbsp;: un peu de vie dans votre tenue&nbsp;<\/h2>\n\n\n\n<figure class=\"wp-block-image\"><img decoding=\"async\" src=\"https:\/\/lh7-us.googleusercontent.com\/05GIFZsmDREHgBwZyW9FyCh0X5rR0SFdq-0HXrcYr1BGPVCWoZNC3bzjeDnYxcj77Bqpr_kqNHcy-Rdc6TGNQ3ViNSE2PNSC7gD9_17SXTQ2kHKaqyoAC6ntR58S8AUsbcw3dAq3imqd\" alt=\"Une femme rousse avec les cheveux en chignon portant une boucle d'oreille imposante orange.\"\/><\/figure>\n\n\n\n<p class=\"wp-block-paragraph\">Et pourquoi pas ajouter de la couleur dans votre tenue&nbsp;? Optez pour les <strong>boucles orange ou corail<\/strong>. Ce sera assez voyant. Mais, cela ajoutera un peu de chaleur avec votre coloration.&nbsp;<\/p>\n\n\n\n<p class=\"wp-block-paragraph\">Vous n\u2019avez pas l\u2019habitude de cette couleur&nbsp;? Ajoutez-le en petite touche. Les cr\u00e9ateurs fran\u00e7ais travaillent avec du<strong> cuir<\/strong> pour ce faire. Il suffit d\u2019une fleur orange sur la boucle d\u2019oreille. Et, vous ferez la diff\u00e9rence.&nbsp;<\/p>\n\n\n\n<h2 class=\"wp-block-heading\">Le cuivre ou le bronze&nbsp;: des couleurs flatteuses pour une rousse<\/h2>\n\n\n\n<figure class=\"wp-block-image\"><img decoding=\"async\" src=\"https:\/\/lh7-us.googleusercontent.com\/Ak-0P0BGAYdb2ze8_jGDVUBn84Z6icI0_LbcVmYtsDuZL84EHDzere2_TbU5UhIcTUkS7YwHBs2cFph7gEaf6069hlAW0fGw0VM5553WA0AkbxDFkwNrtv-RbPYKHsL0L4qOQI2_cjPR\" alt=\"Une femme rousse qui porte des boucles d'oreilles en forme de fleurs en cuivre.\"\/><\/figure>\n\n\n\n<p class=\"wp-block-paragraph\">Vous cherchez une couleur flatteuse pour embellir votre tenue&nbsp;? Ne boudez pas <strong>le cuivre ou le bronze<\/strong>. Ce sont aussi des classiques ind\u00e9modables de la bo\u00eete \u00e0 bijoux. C\u2019est parfait avec votre coloration de cheveux. De quoi ajouter de la chaleur \u00e0 votre tenue.&nbsp;<\/p>\n\n\n\n<p class=\"wp-block-paragraph\">Le cuivre et le bronze durent des ann\u00e9es. Mais, ils co\u00fbtent <strong>moins cher<\/strong> que l\u2019argent ou l\u2019or. Et, ils ne changent pas malgr\u00e9 l\u2019humidit\u00e9. Ils se portent au quotidien pour leur \u00e9l\u00e9gance et leur simplicit\u00e9.&nbsp;<\/p>\n\n\n\n<h2 class=\"wp-block-heading\">Des couleurs neutres et terreuses&nbsp;<\/h2>\n\n\n\n<figure class=\"wp-block-image\"><img decoding=\"async\" src=\"https:\/\/lh7-us.googleusercontent.com\/EsPuCkBGvo3Dgr3by5R6Z-t1r25hyo8SS2ZjilMk02YiLCMDaicrc-Iqcgm1MR94ZGTzm5PmCr-7Oh6I5Yw1swahQXOfAlOQrtRqFVDj97AA_ZHtMskA2PVogJNmMw1UVj8evzoBHQLg\" alt=\"Divers mod\u00e8les de boucles d'oreilles couleur marron pour une femme rousse.\"\/><\/figure>\n\n\n\n<p class=\"wp-block-paragraph\">On vous conseille aussi les couleurs neutres. Par exemple&nbsp;: le <strong>marron, le kaki ou le beige<\/strong>. Elles ajoutent naturellement de l\u2019\u00e9l\u00e9gance. Votre coloration est d\u00e9j\u00e0 assez vive. Inutile d\u2019en faire davantage.&nbsp;<\/p>\n\n\n\n<p class=\"wp-block-paragraph\">Un <strong>style classique<\/strong>&nbsp;? C\u2019est parfait. Vous restez dans des tons terreux. Ils se portent facilement avec tout. Et, vous serez \u00e0 l\u2019aise en les mettant.&nbsp;<\/p>\n\n\n\n<h2 class=\"wp-block-heading\">Choisissez le bon violet pour vos boucles d\u2019oreilles&nbsp;<\/h2>\n\n\n\n<figure class=\"wp-block-image\"><img decoding=\"async\" src=\"https:\/\/lh7-us.googleusercontent.com\/He227LvIR25M3uszK8N-g7dwwgNLxwU7IdjlZOwq2Ks5XpUoJMj5qKd5mN4YlVBxW543UcQajFuNYgMWN1faEBAdDg_vaXljep67FBzo5XuVgexNHfJ9RptjMFY_Oa07lG59wyra0sq0\" alt=\"Une femme rousse qui porte diff\u00e9rents mod\u00e8les de boucles d'oreilles pendantes de couleur violette.\"\/><\/figure>\n\n\n\n<p class=\"wp-block-paragraph\">Portez aussi du <strong>violet.<\/strong> Mais, \u00e9vitez les couleurs trop vives. Vous risquez de surcharger votre tenue. Pr\u00e9f\u00e9rez les violets profonds qui virent vers le noir. Ce sera plus chic.&nbsp;<\/p>\n\n\n\n<p class=\"wp-block-paragraph\">Inutile de faire un rappel de couleur entre vos boucles d\u2019oreilles et votre tenue. C\u2019est has been. Soyez plus tendance. Et, faites de ces derni\u00e8res une <strong>touche de couleur originale<\/strong>.\u00a0<\/p>\n\n\n\n<h3 class=\"wp-block-heading\">Vous avez une autre coloration ? Retrouvez d&rsquo;autres conseils sur nos autres guides : <\/h3>\n\n\n\n<ul class=\"wp-block-list\">\n<li><a href=\"https:\/\/www.echoppe-francaise.fr\/blog\/quelle-couleur-de-boucle-doreille-pour-une-blonde\/\" target=\"_blank\" rel=\"noreferrer noopener\">Quelle couleur de boucle d&rsquo;oreille pour une blonde&nbsp;?<\/a><\/li>\n\n\n\n<li><a href=\"https:\/\/www.echoppe-francaise.fr\/blog\/quelle-couleur-de-boucle-doreille-pour-une-brune\/\" target=\"_blank\" rel=\"noreferrer noopener\">Quelle couleur de boucle d&rsquo;oreille pour une brune\u00a0?<\/a><\/li>\n<\/ul>\n","protected":false},"excerpt":{"rendered":"<p>Vous \u00eates rousses&nbsp;? Ne choisissez pas vos boucles d\u2019oreilles au hasard. Prenez en compte votre coloration. Idem pour votre carnation et les nuances sp\u00e9cifiques li\u00e9es \u00e0 toutes ces couleurs. On vous accompagne dans votre choix. Le point sur nos conseils.&nbsp; L\u2019or&nbsp;: toujours un incontournable L\u2019or est une valeur s\u00fbre de la mode. C\u2019est aussi la&hellip;&nbsp;<\/p>\n","protected":false},"author":6,"featured_media":0,"parent":1832,"menu_order":0,"comment_status":"closed","ping_status":"closed","template":"","meta":{"_crdt_document":"","neve_meta_sidebar":"","neve_meta_container":"","neve_meta_enable_content_width":"","neve_meta_content_width":0,"neve_meta_title_alignment":"","neve_meta_author_avatar":"","neve_post_elements_order":"","neve_meta_disable_header":"","neve_meta_disable_footer":"","neve_meta_disable_title":"","footnotes":""},"class_list":["post-1932","page","type-page","status-publish","hentry"],"yoast_head":"<!-- This site is optimized with the Yoast SEO plugin v27.5 - https:\/\/yoast.com\/product\/yoast-seo-wordpress\/ -->\n<title>Comment choisir une boucle d&#039;oreille pour une rousse ?<\/title>\n<meta name=\"description\" content=\"Voici comment prendre en compte votre coloration afin de trouver une boucle d&#039;oreille pour une rousse.\" \/>\n<meta name=\"robots\" content=\"index, follow, max-snippet:-1, max-image-preview:large, max-video-preview:-1\" \/>\n<link rel=\"canonical\" href=\"https:\/\/www.echoppe-francaise.fr\/blog\/quelle-couleur-de-boucle-doreille-pour-une-rousse\/\" \/>\n<meta property=\"og:locale\" content=\"fr_FR\" \/>\n<meta property=\"og:type\" content=\"article\" \/>\n<meta property=\"og:title\" content=\"Comment choisir une boucle d&#039;oreille pour une rousse ?\" \/>\n<meta property=\"og:description\" content=\"Voici comment prendre en compte votre coloration afin de trouver une boucle d&#039;oreille pour une rousse.\" \/>\n<meta property=\"og:url\" content=\"https:\/\/www.echoppe-francaise.fr\/blog\/quelle-couleur-de-boucle-doreille-pour-une-rousse\/\" \/>\n<meta property=\"og:site_name\" content=\"\u00c9choppe Fran\u00e7aise, le Blog\" \/>\n<meta property=\"article:modified_time\" content=\"2023-12-14T12:57:51+00:00\" \/>\n<meta property=\"og:image\" content=\"https:\/\/lh7-us.googleusercontent.com\/-PR0PAMvBS646kntbIq7MMEjBtbDpJ1UdSgZO-qOPDSF4ynGi_Ap4oTexHryv1n28SILoII0YkugaG3_4rtJRowaB73qAef7qAiV_t5n0num3WsGE-s6IL4wPUQ1x2VASbXkN-4wmR7Z\" \/>\n<meta name=\"twitter:card\" content=\"summary_large_image\" \/>\n<meta name=\"twitter:label1\" content=\"Dur\u00e9e de lecture estim\u00e9e\" \/>\n\t<meta name=\"twitter:data1\" content=\"5 minutes\" \/>\n<script type=\"application\/ld+json\" class=\"yoast-schema-graph\">{\"@context\":\"https:\\\/\\\/schema.org\",\"@graph\":[{\"@type\":\"WebPage\",\"@id\":\"https:\\\/\\\/www.echoppe-francaise.fr\\\/blog\\\/quelle-couleur-de-boucle-doreille-pour-une-rousse\\\/\",\"url\":\"https:\\\/\\\/www.echoppe-francaise.fr\\\/blog\\\/quelle-couleur-de-boucle-doreille-pour-une-rousse\\\/\",\"name\":\"Comment choisir une boucle d'oreille pour une rousse ?\",\"isPartOf\":{\"@id\":\"https:\\\/\\\/www.echoppe-francaise.fr\\\/blog\\\/#website\"},\"primaryImageOfPage\":{\"@id\":\"https:\\\/\\\/www.echoppe-francaise.fr\\\/blog\\\/quelle-couleur-de-boucle-doreille-pour-une-rousse\\\/#primaryimage\"},\"image\":{\"@id\":\"https:\\\/\\\/www.echoppe-francaise.fr\\\/blog\\\/quelle-couleur-de-boucle-doreille-pour-une-rousse\\\/#primaryimage\"},\"thumbnailUrl\":\"https:\\\/\\\/lh7-us.googleusercontent.com\\\/-PR0PAMvBS646kntbIq7MMEjBtbDpJ1UdSgZO-qOPDSF4ynGi_Ap4oTexHryv1n28SILoII0YkugaG3_4rtJRowaB73qAef7qAiV_t5n0num3WsGE-s6IL4wPUQ1x2VASbXkN-4wmR7Z\",\"datePublished\":\"2023-12-14T12:44:06+00:00\",\"dateModified\":\"2023-12-14T12:57:51+00:00\",\"description\":\"Voici comment prendre en compte votre coloration afin de trouver une boucle d'oreille pour une rousse.\",\"breadcrumb\":{\"@id\":\"https:\\\/\\\/www.echoppe-francaise.fr\\\/blog\\\/quelle-couleur-de-boucle-doreille-pour-une-rousse\\\/#breadcrumb\"},\"inLanguage\":\"fr-FR\",\"potentialAction\":[{\"@type\":\"ReadAction\",\"target\":[\"https:\\\/\\\/www.echoppe-francaise.fr\\\/blog\\\/quelle-couleur-de-boucle-doreille-pour-une-rousse\\\/\"]}]},{\"@type\":\"ImageObject\",\"inLanguage\":\"fr-FR\",\"@id\":\"https:\\\/\\\/www.echoppe-francaise.fr\\\/blog\\\/quelle-couleur-de-boucle-doreille-pour-une-rousse\\\/#primaryimage\",\"url\":\"https:\\\/\\\/lh7-us.googleusercontent.com\\\/-PR0PAMvBS646kntbIq7MMEjBtbDpJ1UdSgZO-qOPDSF4ynGi_Ap4oTexHryv1n28SILoII0YkugaG3_4rtJRowaB73qAef7qAiV_t5n0num3WsGE-s6IL4wPUQ1x2VASbXkN-4wmR7Z\",\"contentUrl\":\"https:\\\/\\\/lh7-us.googleusercontent.com\\\/-PR0PAMvBS646kntbIq7MMEjBtbDpJ1UdSgZO-qOPDSF4ynGi_Ap4oTexHryv1n28SILoII0YkugaG3_4rtJRowaB73qAef7qAiV_t5n0num3WsGE-s6IL4wPUQ1x2VASbXkN-4wmR7Z\"},{\"@type\":\"BreadcrumbList\",\"@id\":\"https:\\\/\\\/www.echoppe-francaise.fr\\\/blog\\\/quelle-couleur-de-boucle-doreille-pour-une-rousse\\\/#breadcrumb\",\"itemListElement\":[{\"@type\":\"ListItem\",\"position\":1,\"name\":\"Accueil\",\"item\":\"https:\\\/\\\/www.echoppe-francaise.fr\\\/blog\\\/\"},{\"@type\":\"ListItem\",\"position\":2,\"name\":\"Comment choisir mes boucles d\u2019oreilles\u00a0?\",\"item\":\"https:\\\/\\\/www.echoppe-francaise.fr\\\/blog\\\/comment-choisir-mes-boucles-doreilles\\\/\"},{\"@type\":\"ListItem\",\"position\":3,\"name\":\"Quelle boucle d&rsquo;oreille en fonction de ma couleur de cheveux\u00a0?\",\"item\":\"https:\\\/\\\/www.echoppe-francaise.fr\\\/blog\\\/quelle-boucle-doreille-en-fonction-de-ma-couleur-de-cheveux\\\/\"},{\"@type\":\"ListItem\",\"position\":4,\"name\":\"Quelle couleur de boucle d&rsquo;oreille pour une rousse\u00a0?\"}]},{\"@type\":\"WebSite\",\"@id\":\"https:\\\/\\\/www.echoppe-francaise.fr\\\/blog\\\/#website\",\"url\":\"https:\\\/\\\/www.echoppe-francaise.fr\\\/blog\\\/\",\"name\":\"\u00c9choppe Fran\u00e7aise, le Blog\",\"description\":\"Le blog des Cr\u00e9atrices et Cr\u00e9ateurs fran\u00e7ais\",\"publisher\":{\"@id\":\"https:\\\/\\\/www.echoppe-francaise.fr\\\/blog\\\/#organization\"},\"potentialAction\":[{\"@type\":\"SearchAction\",\"target\":{\"@type\":\"EntryPoint\",\"urlTemplate\":\"https:\\\/\\\/www.echoppe-francaise.fr\\\/blog\\\/?s={search_term_string}\"},\"query-input\":{\"@type\":\"PropertyValueSpecification\",\"valueRequired\":true,\"valueName\":\"search_term_string\"}}],\"inLanguage\":\"fr-FR\"},{\"@type\":\"Organization\",\"@id\":\"https:\\\/\\\/www.echoppe-francaise.fr\\\/blog\\\/#organization\",\"name\":\"L'\u00e9choppe Fran\u00e7aise\",\"url\":\"https:\\\/\\\/www.echoppe-francaise.fr\\\/blog\\\/\",\"logo\":{\"@type\":\"ImageObject\",\"inLanguage\":\"fr-FR\",\"@id\":\"https:\\\/\\\/www.echoppe-francaise.fr\\\/blog\\\/#\\\/schema\\\/logo\\\/image\\\/\",\"url\":\"https:\\\/\\\/www.echoppe-francaise.fr\\\/blog\\\/wp-content\\\/uploads\\\/2017\\\/04\\\/echoppe-francaise-logo-1489412704.png\",\"contentUrl\":\"https:\\\/\\\/www.echoppe-francaise.fr\\\/blog\\\/wp-content\\\/uploads\\\/2017\\\/04\\\/echoppe-francaise-logo-1489412704.png\",\"width\":492,\"height\":270,\"caption\":\"L'\u00e9choppe Fran\u00e7aise\"},\"image\":{\"@id\":\"https:\\\/\\\/www.echoppe-francaise.fr\\\/blog\\\/#\\\/schema\\\/logo\\\/image\\\/\"}}]}<\/script>\n<!-- \/ Yoast SEO plugin. -->","yoast_head_json":{"title":"Comment choisir une boucle d'oreille pour une rousse ?","description":"Voici comment prendre en compte votre coloration afin de trouver une boucle d'oreille pour une rousse.","robots":{"index":"index","follow":"follow","max-snippet":"max-snippet:-1","max-image-preview":"max-image-preview:large","max-video-preview":"max-video-preview:-1"},"canonical":"https:\/\/www.echoppe-francaise.fr\/blog\/quelle-couleur-de-boucle-doreille-pour-une-rousse\/","og_locale":"fr_FR","og_type":"article","og_title":"Comment choisir une boucle d'oreille pour une rousse ?","og_description":"Voici comment prendre en compte votre coloration afin de trouver une boucle d'oreille pour une rousse.","og_url":"https:\/\/www.echoppe-francaise.fr\/blog\/quelle-couleur-de-boucle-doreille-pour-une-rousse\/","og_site_name":"\u00c9choppe Fran\u00e7aise, le Blog","article_modified_time":"2023-12-14T12:57:51+00:00","og_image":[{"url":"https:\/\/lh7-us.googleusercontent.com\/-PR0PAMvBS646kntbIq7MMEjBtbDpJ1UdSgZO-qOPDSF4ynGi_Ap4oTexHryv1n28SILoII0YkugaG3_4rtJRowaB73qAef7qAiV_t5n0num3WsGE-s6IL4wPUQ1x2VASbXkN-4wmR7Z","type":"","width":"","height":""}],"twitter_card":"summary_large_image","twitter_misc":{"Dur\u00e9e de lecture estim\u00e9e":"5 minutes"},"schema":{"@context":"https:\/\/schema.org","@graph":[{"@type":"WebPage","@id":"https:\/\/www.echoppe-francaise.fr\/blog\/quelle-couleur-de-boucle-doreille-pour-une-rousse\/","url":"https:\/\/www.echoppe-francaise.fr\/blog\/quelle-couleur-de-boucle-doreille-pour-une-rousse\/","name":"Comment choisir une boucle d'oreille pour une rousse ?","isPartOf":{"@id":"https:\/\/www.echoppe-francaise.fr\/blog\/#website"},"primaryImageOfPage":{"@id":"https:\/\/www.echoppe-francaise.fr\/blog\/quelle-couleur-de-boucle-doreille-pour-une-rousse\/#primaryimage"},"image":{"@id":"https:\/\/www.echoppe-francaise.fr\/blog\/quelle-couleur-de-boucle-doreille-pour-une-rousse\/#primaryimage"},"thumbnailUrl":"https:\/\/lh7-us.googleusercontent.com\/-PR0PAMvBS646kntbIq7MMEjBtbDpJ1UdSgZO-qOPDSF4ynGi_Ap4oTexHryv1n28SILoII0YkugaG3_4rtJRowaB73qAef7qAiV_t5n0num3WsGE-s6IL4wPUQ1x2VASbXkN-4wmR7Z","datePublished":"2023-12-14T12:44:06+00:00","dateModified":"2023-12-14T12:57:51+00:00","description":"Voici comment prendre en compte votre coloration afin de trouver une boucle d'oreille pour une rousse.","breadcrumb":{"@id":"https:\/\/www.echoppe-francaise.fr\/blog\/quelle-couleur-de-boucle-doreille-pour-une-rousse\/#breadcrumb"},"inLanguage":"fr-FR","potentialAction":[{"@type":"ReadAction","target":["https:\/\/www.echoppe-francaise.fr\/blog\/quelle-couleur-de-boucle-doreille-pour-une-rousse\/"]}]},{"@type":"ImageObject","inLanguage":"fr-FR","@id":"https:\/\/www.echoppe-francaise.fr\/blog\/quelle-couleur-de-boucle-doreille-pour-une-rousse\/#primaryimage","url":"https:\/\/lh7-us.googleusercontent.com\/-PR0PAMvBS646kntbIq7MMEjBtbDpJ1UdSgZO-qOPDSF4ynGi_Ap4oTexHryv1n28SILoII0YkugaG3_4rtJRowaB73qAef7qAiV_t5n0num3WsGE-s6IL4wPUQ1x2VASbXkN-4wmR7Z","contentUrl":"https:\/\/lh7-us.googleusercontent.com\/-PR0PAMvBS646kntbIq7MMEjBtbDpJ1UdSgZO-qOPDSF4ynGi_Ap4oTexHryv1n28SILoII0YkugaG3_4rtJRowaB73qAef7qAiV_t5n0num3WsGE-s6IL4wPUQ1x2VASbXkN-4wmR7Z"},{"@type":"BreadcrumbList","@id":"https:\/\/www.echoppe-francaise.fr\/blog\/quelle-couleur-de-boucle-doreille-pour-une-rousse\/#breadcrumb","itemListElement":[{"@type":"ListItem","position":1,"name":"Accueil","item":"https:\/\/www.echoppe-francaise.fr\/blog\/"},{"@type":"ListItem","position":2,"name":"Comment choisir mes boucles d\u2019oreilles\u00a0?","item":"https:\/\/www.echoppe-francaise.fr\/blog\/comment-choisir-mes-boucles-doreilles\/"},{"@type":"ListItem","position":3,"name":"Quelle boucle d&rsquo;oreille en fonction de ma couleur de cheveux\u00a0?","item":"https:\/\/www.echoppe-francaise.fr\/blog\/quelle-boucle-doreille-en-fonction-de-ma-couleur-de-cheveux\/"},{"@type":"ListItem","position":4,"name":"Quelle couleur de boucle d&rsquo;oreille pour une rousse\u00a0?"}]},{"@type":"WebSite","@id":"https:\/\/www.echoppe-francaise.fr\/blog\/#website","url":"https:\/\/www.echoppe-francaise.fr\/blog\/","name":"\u00c9choppe Fran\u00e7aise, le Blog","description":"Le blog des Cr\u00e9atrices et Cr\u00e9ateurs fran\u00e7ais","publisher":{"@id":"https:\/\/www.echoppe-francaise.fr\/blog\/#organization"},"potentialAction":[{"@type":"SearchAction","target":{"@type":"EntryPoint","urlTemplate":"https:\/\/www.echoppe-francaise.fr\/blog\/?s={search_term_string}"},"query-input":{"@type":"PropertyValueSpecification","valueRequired":true,"valueName":"search_term_string"}}],"inLanguage":"fr-FR"},{"@type":"Organization","@id":"https:\/\/www.echoppe-francaise.fr\/blog\/#organization","name":"L'\u00e9choppe Fran\u00e7aise","url":"https:\/\/www.echoppe-francaise.fr\/blog\/","logo":{"@type":"ImageObject","inLanguage":"fr-FR","@id":"https:\/\/www.echoppe-francaise.fr\/blog\/#\/schema\/logo\/image\/","url":"https:\/\/www.echoppe-francaise.fr\/blog\/wp-content\/uploads\/2017\/04\/echoppe-francaise-logo-1489412704.png","contentUrl":"https:\/\/www.echoppe-francaise.fr\/blog\/wp-content\/uploads\/2017\/04\/echoppe-francaise-logo-1489412704.png","width":492,"height":270,"caption":"L'\u00e9choppe Fran\u00e7aise"},"image":{"@id":"https:\/\/www.echoppe-francaise.fr\/blog\/#\/schema\/logo\/image\/"}}]}},"_links":{"self":[{"href":"https:\/\/www.echoppe-francaise.fr\/blog\/wp-json\/wp\/v2\/pages\/1932","targetHints":{"allow":["GET"]}}],"collection":[{"href":"https:\/\/www.echoppe-francaise.fr\/blog\/wp-json\/wp\/v2\/pages"}],"about":[{"href":"https:\/\/www.echoppe-francaise.fr\/blog\/wp-json\/wp\/v2\/types\/page"}],"author":[{"embeddable":true,"href":"https:\/\/www.echoppe-francaise.fr\/blog\/wp-json\/wp\/v2\/users\/6"}],"replies":[{"embeddable":true,"href":"https:\/\/www.echoppe-francaise.fr\/blog\/wp-json\/wp\/v2\/comments?post=1932"}],"version-history":[{"count":2,"href":"https:\/\/www.echoppe-francaise.fr\/blog\/wp-json\/wp\/v2\/pages\/1932\/revisions"}],"predecessor-version":[{"id":1943,"href":"https:\/\/www.echoppe-francaise.fr\/blog\/wp-json\/wp\/v2\/pages\/1932\/revisions\/1943"}],"up":[{"embeddable":true,"href":"https:\/\/www.echoppe-francaise.fr\/blog\/wp-json\/wp\/v2\/pages\/1832"}],"wp:attachment":[{"href":"https:\/\/www.echoppe-francaise.fr\/blog\/wp-json\/wp\/v2\/media?parent=1932"}],"curies":[{"name":"wp","href":"https:\/\/api.w.org\/{rel}","templated":true}]}}