{"id":1835,"date":"2023-12-13T14:18:18","date_gmt":"2023-12-13T13:18:18","guid":{"rendered":"https:\/\/www.echoppe-francaise.fr\/blog\/?page_id=1835"},"modified":"2023-12-14T07:41:57","modified_gmt":"2023-12-14T06:41:57","slug":"comment-savoir-si-une-boucle-doreille-nous-va-bien","status":"publish","type":"page","link":"https:\/\/www.echoppe-francaise.fr\/blog\/comment-savoir-si-une-boucle-doreille-nous-va-bien\/","title":{"rendered":"Comment savoir si une boucle d&rsquo;oreille nous va bien\u00a0?"},"content":{"rendered":"\n<figure class=\"wp-block-image size-large\"><img loading=\"lazy\" decoding=\"async\" width=\"1024\" height=\"1024\" src=\"https:\/\/www.echoppe-francaise.fr\/blog\/wp-content\/uploads\/2023\/12\/boucles-d-oreilles-stylees-pendantes-couleur-bleu-1024x1024.jpg\" alt=\"Une femme aux cheveux boucl\u00e9s avec une boucle d'oreille color\u00e9 pendante.\" class=\"wp-image-1901\" srcset=\"https:\/\/www.echoppe-francaise.fr\/blog\/wp-content\/uploads\/2023\/12\/boucles-d-oreilles-stylees-pendantes-couleur-bleu.jpg 1024w, https:\/\/www.echoppe-francaise.fr\/blog\/wp-content\/uploads\/2023\/12\/boucles-d-oreilles-stylees-pendantes-couleur-bleu-300x300.jpg 300w, https:\/\/www.echoppe-francaise.fr\/blog\/wp-content\/uploads\/2023\/12\/boucles-d-oreilles-stylees-pendantes-couleur-bleu-150x150.jpg 150w, https:\/\/www.echoppe-francaise.fr\/blog\/wp-content\/uploads\/2023\/12\/boucles-d-oreilles-stylees-pendantes-couleur-bleu-768x768.jpg 768w\" sizes=\"auto, (max-width: 1024px) 100vw, 1024px\" \/><\/figure>\n\n\n\n<h1 class=\"wp-block-heading\">&nbsp;<\/h1>\n\n\n\n<p class=\"wp-block-paragraph\">Choisissez les bonnes <strong>boucles d\u2019oreilles<\/strong>. Vous serez s\u00fbr de r\u00e9ussir votre look. Et, vous vous mettrez mieux en valeur. Mais, comment savoir si vous avez fait le bon choix&nbsp;? Quelques indices qui ne trompent pas.&nbsp;<\/p>\n\n\n\n<h2 class=\"wp-block-heading\">Les boucles d\u2019oreilles compl\u00e8tent la forme de votre visage&nbsp;<\/h2>\n\n\n\n<figure class=\"wp-block-image size-large\"><img loading=\"lazy\" decoding=\"async\" width=\"1024\" height=\"1024\" src=\"https:\/\/www.echoppe-francaise.fr\/blog\/wp-content\/uploads\/2023\/12\/boucles-d-oreilles-pendantes-stylees-1024x1024.jpg\" alt=\"Une boucle d'oreille pendante en forme de feuillage en or.\" class=\"wp-image-1900\" srcset=\"https:\/\/www.echoppe-francaise.fr\/blog\/wp-content\/uploads\/2023\/12\/boucles-d-oreilles-pendantes-stylees.jpg 1024w, https:\/\/www.echoppe-francaise.fr\/blog\/wp-content\/uploads\/2023\/12\/boucles-d-oreilles-pendantes-stylees-300x300.jpg 300w, https:\/\/www.echoppe-francaise.fr\/blog\/wp-content\/uploads\/2023\/12\/boucles-d-oreilles-pendantes-stylees-150x150.jpg 150w, https:\/\/www.echoppe-francaise.fr\/blog\/wp-content\/uploads\/2023\/12\/boucles-d-oreilles-pendantes-stylees-768x768.jpg 768w\" sizes=\"auto, (max-width: 1024px) 100vw, 1024px\" \/><\/figure>\n\n\n\n<p class=\"wp-block-paragraph\">Trouvez la bonne paire de boucles d\u2019oreilles qui ira avec la forme de votre visage. Essayez-les. Elles doivent adoucir vos traits et vous compl\u00e9ter. Donc, choisissez des mod\u00e8les contraires \u00e0 votre <strong>morphologie<\/strong>.&nbsp;<\/p>\n\n\n\n<p class=\"wp-block-paragraph\">Exemple&nbsp;:&nbsp;<\/p>\n\n\n\n<ul class=\"wp-block-list\">\n<li>Visage rond&nbsp;: accessoires g\u00e9om\u00e9triques<\/li>\n\n\n\n<li>Traits tir\u00e9s&nbsp;: Boucles d\u2019oreilles rondes ou ovales<\/li>\n\n\n\n<li>Un visage en diamant&nbsp;: des boucles d\u2019oreilles plus larges vers le bas<\/li>\n\n\n\n<li>Diamant invers\u00e9&nbsp;: des accessoires plus larges en haut<\/li>\n\n\n\n<li>Visage allong\u00e9&nbsp;: pr\u00e9f\u00e9rez les paires plus larges&nbsp;<\/li>\n<\/ul>\n\n\n\n<p class=\"wp-block-paragraph\">Visuellement, ce sera plus esth\u00e9tique. Et, faites attention \u00e0 la taille&nbsp;: pas trop grand ni trop petit. Dans le premier cas, vous allez \u00eatre cach\u00e9. Dans le second cas, les boucles d\u2019oreilles n\u2019apporteront rien \u00e0 votre tenue.&nbsp;&nbsp;<\/p>\n\n\n\n<h2 class=\"wp-block-heading\">Faites attention \u00e0 la couleur<\/h2>\n\n\n\n<figure class=\"wp-block-image size-large\"><img loading=\"lazy\" decoding=\"async\" width=\"1024\" height=\"1024\" src=\"https:\/\/www.echoppe-francaise.fr\/blog\/wp-content\/uploads\/2023\/12\/boucles-d-oreilles-mutlicolores-de-petite-taille-1024x1024.jpg\" alt=\"Des boucles d'oreilles multicolores.\" class=\"wp-image-1899\" srcset=\"https:\/\/www.echoppe-francaise.fr\/blog\/wp-content\/uploads\/2023\/12\/boucles-d-oreilles-mutlicolores-de-petite-taille.jpg 1024w, https:\/\/www.echoppe-francaise.fr\/blog\/wp-content\/uploads\/2023\/12\/boucles-d-oreilles-mutlicolores-de-petite-taille-300x300.jpg 300w, https:\/\/www.echoppe-francaise.fr\/blog\/wp-content\/uploads\/2023\/12\/boucles-d-oreilles-mutlicolores-de-petite-taille-150x150.jpg 150w, https:\/\/www.echoppe-francaise.fr\/blog\/wp-content\/uploads\/2023\/12\/boucles-d-oreilles-mutlicolores-de-petite-taille-768x768.jpg 768w\" sizes=\"auto, (max-width: 1024px) 100vw, 1024px\" \/><\/figure>\n\n\n\n<p class=\"wp-block-paragraph\">Les bijoutiers vous proposent diff\u00e9rentes <strong>couleurs de boucles d\u2019oreilles<\/strong>. Sur l\u2019\u00c9choppe Fran\u00e7aise, nos cr\u00e9ateurs utilisent le cuir. De quoi ajouter de l\u2019originalit\u00e9 dans vos tenues. Mais, soyez toujours coh\u00e9rent.&nbsp;<\/p>\n\n\n\n<p class=\"wp-block-paragraph\">Les bons accessoires concordent avec la couleur de vos cheveux. Idem pour votre <strong>carnation<\/strong>. Vous avez le teint chaud&nbsp;? Misez sur les couleurs voyantes&nbsp;: rouges, jaunes, roses, etc. Au contraire, restez plut\u00f4t dans les couleurs neutres et fonc\u00e9es&nbsp;: bordeaux, gris, vert fonc\u00e9, etc.&nbsp;<\/p>\n\n\n\n<p class=\"wp-block-paragraph\">\u00c9vitez trop de couleur autour de votre visage. Des <strong>couleurs vives sur les cheveux<\/strong>&nbsp;?&nbsp; Choisissez des tons qui se marient avec votre teinture.&nbsp;<\/p>\n\n\n\n<p class=\"wp-block-paragraph\">Sinon, restez dans les ind\u00e9modables&nbsp;: <strong>l\u2019or et l\u2019argent\u00e9<\/strong>. Ils vont \u00e0 tous les skins. Et, ce sont des couleurs tendance.&nbsp;<\/p>\n\n\n\n<p class=\"wp-block-paragraph\">Plus de conseils pour trouver la bonne boucle d&rsquo;oreille. Explorez : <a href=\"https:\/\/www.echoppe-francaise.fr\/blog\/comment-choisir-mes-boucles-doreilles\/\" target=\"_blank\" rel=\"noreferrer noopener\">comment choisir mes boucles d&rsquo;oreilles ?<\/a><\/p>\n\n\n\n<h2 class=\"wp-block-heading\">Des boucles d\u2019oreilles qui vous plaisent&nbsp;<\/h2>\n\n\n\n<figure class=\"wp-block-image size-large\"><img loading=\"lazy\" decoding=\"async\" width=\"1024\" height=\"1024\" src=\"https:\/\/www.echoppe-francaise.fr\/blog\/wp-content\/uploads\/2023\/12\/une-boucle-d-oreille-qui-vous-plait-1024x1024.jpg\" alt=\"Une femme qui sourit en portant une boucle d'oreille discr\u00e8te en forme de rond avec des pierres \u00e9clatantes.\" class=\"wp-image-1846\" srcset=\"https:\/\/www.echoppe-francaise.fr\/blog\/wp-content\/uploads\/2023\/12\/une-boucle-d-oreille-qui-vous-plait.jpg 1024w, https:\/\/www.echoppe-francaise.fr\/blog\/wp-content\/uploads\/2023\/12\/une-boucle-d-oreille-qui-vous-plait-300x300.jpg 300w, https:\/\/www.echoppe-francaise.fr\/blog\/wp-content\/uploads\/2023\/12\/une-boucle-d-oreille-qui-vous-plait-150x150.jpg 150w, https:\/\/www.echoppe-francaise.fr\/blog\/wp-content\/uploads\/2023\/12\/une-boucle-d-oreille-qui-vous-plait-768x768.jpg 768w\" sizes=\"auto, (max-width: 1024px) 100vw, 1024px\" \/><\/figure>\n\n\n\n<p class=\"wp-block-paragraph\">Le style est important dans le choix de vos accessoires de mode. Vos boucles d\u2019oreilles doivent trouver leur place dans votre look. Et, ils doivent aussi vous plaire.&nbsp;<\/p>\n\n\n\n<ul class=\"wp-block-list\">\n<li>Vous avez une tenue d\u00e9contract\u00e9e&nbsp;? Choisissez les <strong>bijoux fantaisie<\/strong>.&nbsp;<\/li>\n\n\n\n<li>Une robe de soir\u00e9e ? Optez pour des accessoires plus travaill\u00e9s.&nbsp;<\/li>\n<\/ul>\n\n\n\n<p class=\"wp-block-paragraph\">Vos boucles d\u2019oreilles doivent aussi \u00eatre coordonn\u00e9es avec vos <strong>autres bijoux<\/strong>. Harmonie&nbsp;: c\u2019est le gage de la r\u00e9ussite de votre tenue.&nbsp;<\/p>\n\n\n\n<h2 class=\"wp-block-heading\">Choisissez vos boucles d\u2019oreilles en fonction de l\u2019occasion&nbsp;<\/h2>\n\n\n\n<figure class=\"wp-block-image size-large\"><img loading=\"lazy\" decoding=\"async\" width=\"1024\" height=\"1024\" src=\"https:\/\/www.echoppe-francaise.fr\/blog\/wp-content\/uploads\/2023\/12\/boucles-d-oreilles-chics-avec-des-pierres-transparentes-1024x1024.jpg\" alt=\"Une femme blonde qui porte une boucle d'oreille pendante en forme de fleurs orn\u00e9es de pierres scintillantes.\" class=\"wp-image-1902\" srcset=\"https:\/\/www.echoppe-francaise.fr\/blog\/wp-content\/uploads\/2023\/12\/boucles-d-oreilles-chics-avec-des-pierres-transparentes.jpg 1024w, https:\/\/www.echoppe-francaise.fr\/blog\/wp-content\/uploads\/2023\/12\/boucles-d-oreilles-chics-avec-des-pierres-transparentes-300x300.jpg 300w, https:\/\/www.echoppe-francaise.fr\/blog\/wp-content\/uploads\/2023\/12\/boucles-d-oreilles-chics-avec-des-pierres-transparentes-150x150.jpg 150w, https:\/\/www.echoppe-francaise.fr\/blog\/wp-content\/uploads\/2023\/12\/boucles-d-oreilles-chics-avec-des-pierres-transparentes-768x768.jpg 768w\" sizes=\"auto, (max-width: 1024px) 100vw, 1024px\" \/><\/figure>\n\n\n\n<p class=\"wp-block-paragraph\">Optez pour des accessoires plus simples pour la vie de tous les jours. Mais, des <strong>boucles d\u2019oreilles sophistiqu\u00e9es<\/strong> seront utiles pour les soir\u00e9es importantes. Exemple&nbsp;: mariage, \u00e9v\u00e8nements professionnels, bapt\u00eame, etc.&nbsp;<\/p>\n\n\n\n<p class=\"wp-block-paragraph\">Misez sur les pierres pr\u00e9cieuses de toutes les couleurs. Choisissez le travail des artisans fran\u00e7ais. Vous aurez des finitions \u00e9l\u00e9gantes.&nbsp;<\/p>\n\n\n\n<h2 class=\"wp-block-heading\">Est-ce que vous \u00eates \u00e0 l\u2019aise en les portant&nbsp;?&nbsp;<\/h2>\n\n\n\n<p class=\"wp-block-paragraph\">Enfin, tenez compte de votre <strong>confort<\/strong>. Les boucles d\u2019oreilles lourdes vous g\u00eaneront pendant la soir\u00e9e. Idem si elles causent des irritations sur vos oreilles. Vous ne les garderez pas toute la soir\u00e9e. Ce sera dommage.&nbsp;<\/p>\n\n\n\n<p class=\"wp-block-paragraph\">La qualit\u00e9 des <strong>mati\u00e8res <\/strong>utilis\u00e9es pour leur fabrication importe. Les cr\u00e9ateurs locaux choisissent des cuirs et des m\u00e9taux haut de gamme.&nbsp;<\/p>\n\n\n\n<p class=\"wp-block-paragraph\">Trouvez nos propositions sur l\u2019\u00c9choppe Fran\u00e7aises. Pour quelques dizaines d\u2019euros, on vous propose des <strong>boucles d\u2019oreilles made in France<\/strong>.&nbsp;<\/p>\n\n\n\n<h3 class=\"wp-block-heading\">D&rsquo;autres astuces pour vous aider \u00e0 faire le bon choix de boucles d&rsquo;oreilles sur nos autres articles : <\/h3>\n\n\n\n<ul class=\"wp-block-list\">\n<li><a href=\"https:\/\/www.echoppe-francaise.fr\/blog\/comment-choisir-la-couleur-des-boucles-doreilles\/\" target=\"_blank\" rel=\"noreferrer noopener\">Comment choisir la couleur des boucles d&rsquo;oreilles&nbsp;?<\/a><\/li>\n\n\n\n<li><a href=\"https:\/\/www.echoppe-francaise.fr\/blog\/quel-type-de-boucles-doreilles-choisir\/\" target=\"_blank\" rel=\"noreferrer noopener\">Quel type de boucles d&rsquo;oreilles choisir&nbsp;?<\/a><\/li>\n\n\n\n<li><a href=\"https:\/\/www.echoppe-francaise.fr\/blog\/quelle-boucle-doreille-en-fonction-de-ma-couleur-de-cheveux\/\" target=\"_blank\" rel=\"noreferrer noopener\">Quelle boucle d&rsquo;oreille en fonction de ma couleur de cheveux&nbsp;?<\/a><\/li>\n\n\n\n<li><a href=\"https:\/\/www.echoppe-francaise.fr\/blog\/quelle-boucle-doreille-pour-quel-visage\/\" target=\"_blank\" rel=\"noreferrer noopener\">Quelle boucle d&rsquo;oreille pour quel visage&nbsp;?<\/a><\/li>\n\n\n\n<li><a href=\"https:\/\/www.echoppe-francaise.fr\/blog\/quelles-boucles-doreilles-pour-quelles-coupes\/\" target=\"_blank\" rel=\"noreferrer noopener\">Quelles boucles d&rsquo;oreilles pour quelles coupes&nbsp;?<\/a><\/li>\n<\/ul>\n","protected":false},"excerpt":{"rendered":"<p>&nbsp; Choisissez les bonnes boucles d\u2019oreilles. Vous serez s\u00fbr de r\u00e9ussir votre look. Et, vous vous mettrez mieux en valeur. Mais, comment savoir si vous avez fait le bon choix&nbsp;? Quelques indices qui ne trompent pas.&nbsp; Les boucles d\u2019oreilles compl\u00e8tent la forme de votre visage&nbsp; Trouvez la bonne paire de boucles d\u2019oreilles qui ira avec&hellip;&nbsp;<\/p>\n","protected":false},"author":6,"featured_media":0,"parent":1814,"menu_order":0,"comment_status":"closed","ping_status":"closed","template":"","meta":{"_crdt_document":"","neve_meta_sidebar":"","neve_meta_container":"","neve_meta_enable_content_width":"","neve_meta_content_width":0,"neve_meta_title_alignment":"","neve_meta_author_avatar":"","neve_post_elements_order":"","neve_meta_disable_header":"","neve_meta_disable_footer":"","neve_meta_disable_title":"","footnotes":""},"class_list":["post-1835","page","type-page","status-publish","hentry"],"yoast_head":"<!-- This site is optimized with the Yoast SEO plugin v27.5 - https:\/\/yoast.com\/product\/yoast-seo-wordpress\/ -->\n<title>Trouver une boucle d&#039;oreille qui vous va bien : nos conseils<\/title>\n<meta name=\"description\" content=\"Voici quelques conseils pour \u00eatre s\u00fbr de trouver une boucle d&#039;oreille qui vous va bien et qui s&#039;adapte \u00e0 votre style.\" \/>\n<meta name=\"robots\" content=\"index, follow, max-snippet:-1, max-image-preview:large, max-video-preview:-1\" \/>\n<link rel=\"canonical\" href=\"https:\/\/www.echoppe-francaise.fr\/blog\/comment-savoir-si-une-boucle-doreille-nous-va-bien\/\" \/>\n<meta property=\"og:locale\" content=\"fr_FR\" \/>\n<meta property=\"og:type\" content=\"article\" \/>\n<meta property=\"og:title\" content=\"Trouver une boucle d&#039;oreille qui vous va bien : nos conseils\" \/>\n<meta property=\"og:description\" content=\"Voici quelques conseils pour \u00eatre s\u00fbr de trouver une boucle d&#039;oreille qui vous va bien et qui s&#039;adapte \u00e0 votre style.\" \/>\n<meta property=\"og:url\" content=\"https:\/\/www.echoppe-francaise.fr\/blog\/comment-savoir-si-une-boucle-doreille-nous-va-bien\/\" \/>\n<meta property=\"og:site_name\" content=\"\u00c9choppe Fran\u00e7aise, le Blog\" \/>\n<meta property=\"article:modified_time\" content=\"2023-12-14T06:41:57+00:00\" \/>\n<meta property=\"og:image\" content=\"https:\/\/www.echoppe-francaise.fr\/blog\/wp-content\/uploads\/2023\/12\/boucles-d-oreilles-stylees-pendantes-couleur-bleu-1024x1024.jpg\" \/>\n<meta name=\"twitter:card\" content=\"summary_large_image\" \/>\n<meta name=\"twitter:label1\" content=\"Dur\u00e9e de lecture estim\u00e9e\" \/>\n\t<meta name=\"twitter:data1\" content=\"4 minutes\" \/>\n<script type=\"application\/ld+json\" class=\"yoast-schema-graph\">{\"@context\":\"https:\\\/\\\/schema.org\",\"@graph\":[{\"@type\":\"WebPage\",\"@id\":\"https:\\\/\\\/www.echoppe-francaise.fr\\\/blog\\\/comment-savoir-si-une-boucle-doreille-nous-va-bien\\\/\",\"url\":\"https:\\\/\\\/www.echoppe-francaise.fr\\\/blog\\\/comment-savoir-si-une-boucle-doreille-nous-va-bien\\\/\",\"name\":\"Trouver une boucle d'oreille qui vous va bien : nos conseils\",\"isPartOf\":{\"@id\":\"https:\\\/\\\/www.echoppe-francaise.fr\\\/blog\\\/#website\"},\"primaryImageOfPage\":{\"@id\":\"https:\\\/\\\/www.echoppe-francaise.fr\\\/blog\\\/comment-savoir-si-une-boucle-doreille-nous-va-bien\\\/#primaryimage\"},\"image\":{\"@id\":\"https:\\\/\\\/www.echoppe-francaise.fr\\\/blog\\\/comment-savoir-si-une-boucle-doreille-nous-va-bien\\\/#primaryimage\"},\"thumbnailUrl\":\"https:\\\/\\\/www.echoppe-francaise.fr\\\/blog\\\/wp-content\\\/uploads\\\/2023\\\/12\\\/boucles-d-oreilles-stylees-pendantes-couleur-bleu-1024x1024.jpg\",\"datePublished\":\"2023-12-13T13:18:18+00:00\",\"dateModified\":\"2023-12-14T06:41:57+00:00\",\"description\":\"Voici quelques conseils pour \u00eatre s\u00fbr de trouver une boucle d'oreille qui vous va bien et qui s'adapte \u00e0 votre style.\",\"breadcrumb\":{\"@id\":\"https:\\\/\\\/www.echoppe-francaise.fr\\\/blog\\\/comment-savoir-si-une-boucle-doreille-nous-va-bien\\\/#breadcrumb\"},\"inLanguage\":\"fr-FR\",\"potentialAction\":[{\"@type\":\"ReadAction\",\"target\":[\"https:\\\/\\\/www.echoppe-francaise.fr\\\/blog\\\/comment-savoir-si-une-boucle-doreille-nous-va-bien\\\/\"]}]},{\"@type\":\"ImageObject\",\"inLanguage\":\"fr-FR\",\"@id\":\"https:\\\/\\\/www.echoppe-francaise.fr\\\/blog\\\/comment-savoir-si-une-boucle-doreille-nous-va-bien\\\/#primaryimage\",\"url\":\"https:\\\/\\\/www.echoppe-francaise.fr\\\/blog\\\/wp-content\\\/uploads\\\/2023\\\/12\\\/boucles-d-oreilles-stylees-pendantes-couleur-bleu.jpg\",\"contentUrl\":\"https:\\\/\\\/www.echoppe-francaise.fr\\\/blog\\\/wp-content\\\/uploads\\\/2023\\\/12\\\/boucles-d-oreilles-stylees-pendantes-couleur-bleu.jpg\",\"width\":1024,\"height\":1024},{\"@type\":\"BreadcrumbList\",\"@id\":\"https:\\\/\\\/www.echoppe-francaise.fr\\\/blog\\\/comment-savoir-si-une-boucle-doreille-nous-va-bien\\\/#breadcrumb\",\"itemListElement\":[{\"@type\":\"ListItem\",\"position\":1,\"name\":\"Accueil\",\"item\":\"https:\\\/\\\/www.echoppe-francaise.fr\\\/blog\\\/\"},{\"@type\":\"ListItem\",\"position\":2,\"name\":\"Comment choisir mes boucles d\u2019oreilles\u00a0?\",\"item\":\"https:\\\/\\\/www.echoppe-francaise.fr\\\/blog\\\/comment-choisir-mes-boucles-doreilles\\\/\"},{\"@type\":\"ListItem\",\"position\":3,\"name\":\"Comment savoir si une boucle d&rsquo;oreille nous va bien\u00a0?\"}]},{\"@type\":\"WebSite\",\"@id\":\"https:\\\/\\\/www.echoppe-francaise.fr\\\/blog\\\/#website\",\"url\":\"https:\\\/\\\/www.echoppe-francaise.fr\\\/blog\\\/\",\"name\":\"\u00c9choppe Fran\u00e7aise, le Blog\",\"description\":\"Le blog des Cr\u00e9atrices et Cr\u00e9ateurs fran\u00e7ais\",\"publisher\":{\"@id\":\"https:\\\/\\\/www.echoppe-francaise.fr\\\/blog\\\/#organization\"},\"potentialAction\":[{\"@type\":\"SearchAction\",\"target\":{\"@type\":\"EntryPoint\",\"urlTemplate\":\"https:\\\/\\\/www.echoppe-francaise.fr\\\/blog\\\/?s={search_term_string}\"},\"query-input\":{\"@type\":\"PropertyValueSpecification\",\"valueRequired\":true,\"valueName\":\"search_term_string\"}}],\"inLanguage\":\"fr-FR\"},{\"@type\":\"Organization\",\"@id\":\"https:\\\/\\\/www.echoppe-francaise.fr\\\/blog\\\/#organization\",\"name\":\"L'\u00e9choppe Fran\u00e7aise\",\"url\":\"https:\\\/\\\/www.echoppe-francaise.fr\\\/blog\\\/\",\"logo\":{\"@type\":\"ImageObject\",\"inLanguage\":\"fr-FR\",\"@id\":\"https:\\\/\\\/www.echoppe-francaise.fr\\\/blog\\\/#\\\/schema\\\/logo\\\/image\\\/\",\"url\":\"https:\\\/\\\/www.echoppe-francaise.fr\\\/blog\\\/wp-content\\\/uploads\\\/2017\\\/04\\\/echoppe-francaise-logo-1489412704.png\",\"contentUrl\":\"https:\\\/\\\/www.echoppe-francaise.fr\\\/blog\\\/wp-content\\\/uploads\\\/2017\\\/04\\\/echoppe-francaise-logo-1489412704.png\",\"width\":492,\"height\":270,\"caption\":\"L'\u00e9choppe Fran\u00e7aise\"},\"image\":{\"@id\":\"https:\\\/\\\/www.echoppe-francaise.fr\\\/blog\\\/#\\\/schema\\\/logo\\\/image\\\/\"}}]}<\/script>\n<!-- \/ Yoast SEO plugin. -->","yoast_head_json":{"title":"Trouver une boucle d'oreille qui vous va bien : nos conseils","description":"Voici quelques conseils pour \u00eatre s\u00fbr de trouver une boucle d'oreille qui vous va bien et qui s'adapte \u00e0 votre style.","robots":{"index":"index","follow":"follow","max-snippet":"max-snippet:-1","max-image-preview":"max-image-preview:large","max-video-preview":"max-video-preview:-1"},"canonical":"https:\/\/www.echoppe-francaise.fr\/blog\/comment-savoir-si-une-boucle-doreille-nous-va-bien\/","og_locale":"fr_FR","og_type":"article","og_title":"Trouver une boucle d'oreille qui vous va bien : nos conseils","og_description":"Voici quelques conseils pour \u00eatre s\u00fbr de trouver une boucle d'oreille qui vous va bien et qui s'adapte \u00e0 votre style.","og_url":"https:\/\/www.echoppe-francaise.fr\/blog\/comment-savoir-si-une-boucle-doreille-nous-va-bien\/","og_site_name":"\u00c9choppe Fran\u00e7aise, le Blog","article_modified_time":"2023-12-14T06:41:57+00:00","og_image":[{"url":"https:\/\/www.echoppe-francaise.fr\/blog\/wp-content\/uploads\/2023\/12\/boucles-d-oreilles-stylees-pendantes-couleur-bleu-1024x1024.jpg","type":"","width":"","height":""}],"twitter_card":"summary_large_image","twitter_misc":{"Dur\u00e9e de lecture estim\u00e9e":"4 minutes"},"schema":{"@context":"https:\/\/schema.org","@graph":[{"@type":"WebPage","@id":"https:\/\/www.echoppe-francaise.fr\/blog\/comment-savoir-si-une-boucle-doreille-nous-va-bien\/","url":"https:\/\/www.echoppe-francaise.fr\/blog\/comment-savoir-si-une-boucle-doreille-nous-va-bien\/","name":"Trouver une boucle d'oreille qui vous va bien : nos conseils","isPartOf":{"@id":"https:\/\/www.echoppe-francaise.fr\/blog\/#website"},"primaryImageOfPage":{"@id":"https:\/\/www.echoppe-francaise.fr\/blog\/comment-savoir-si-une-boucle-doreille-nous-va-bien\/#primaryimage"},"image":{"@id":"https:\/\/www.echoppe-francaise.fr\/blog\/comment-savoir-si-une-boucle-doreille-nous-va-bien\/#primaryimage"},"thumbnailUrl":"https:\/\/www.echoppe-francaise.fr\/blog\/wp-content\/uploads\/2023\/12\/boucles-d-oreilles-stylees-pendantes-couleur-bleu-1024x1024.jpg","datePublished":"2023-12-13T13:18:18+00:00","dateModified":"2023-12-14T06:41:57+00:00","description":"Voici quelques conseils pour \u00eatre s\u00fbr de trouver une boucle d'oreille qui vous va bien et qui s'adapte \u00e0 votre style.","breadcrumb":{"@id":"https:\/\/www.echoppe-francaise.fr\/blog\/comment-savoir-si-une-boucle-doreille-nous-va-bien\/#breadcrumb"},"inLanguage":"fr-FR","potentialAction":[{"@type":"ReadAction","target":["https:\/\/www.echoppe-francaise.fr\/blog\/comment-savoir-si-une-boucle-doreille-nous-va-bien\/"]}]},{"@type":"ImageObject","inLanguage":"fr-FR","@id":"https:\/\/www.echoppe-francaise.fr\/blog\/comment-savoir-si-une-boucle-doreille-nous-va-bien\/#primaryimage","url":"https:\/\/www.echoppe-francaise.fr\/blog\/wp-content\/uploads\/2023\/12\/boucles-d-oreilles-stylees-pendantes-couleur-bleu.jpg","contentUrl":"https:\/\/www.echoppe-francaise.fr\/blog\/wp-content\/uploads\/2023\/12\/boucles-d-oreilles-stylees-pendantes-couleur-bleu.jpg","width":1024,"height":1024},{"@type":"BreadcrumbList","@id":"https:\/\/www.echoppe-francaise.fr\/blog\/comment-savoir-si-une-boucle-doreille-nous-va-bien\/#breadcrumb","itemListElement":[{"@type":"ListItem","position":1,"name":"Accueil","item":"https:\/\/www.echoppe-francaise.fr\/blog\/"},{"@type":"ListItem","position":2,"name":"Comment choisir mes boucles d\u2019oreilles\u00a0?","item":"https:\/\/www.echoppe-francaise.fr\/blog\/comment-choisir-mes-boucles-doreilles\/"},{"@type":"ListItem","position":3,"name":"Comment savoir si une boucle d&rsquo;oreille nous va bien\u00a0?"}]},{"@type":"WebSite","@id":"https:\/\/www.echoppe-francaise.fr\/blog\/#website","url":"https:\/\/www.echoppe-francaise.fr\/blog\/","name":"\u00c9choppe Fran\u00e7aise, le Blog","description":"Le blog des Cr\u00e9atrices et Cr\u00e9ateurs fran\u00e7ais","publisher":{"@id":"https:\/\/www.echoppe-francaise.fr\/blog\/#organization"},"potentialAction":[{"@type":"SearchAction","target":{"@type":"EntryPoint","urlTemplate":"https:\/\/www.echoppe-francaise.fr\/blog\/?s={search_term_string}"},"query-input":{"@type":"PropertyValueSpecification","valueRequired":true,"valueName":"search_term_string"}}],"inLanguage":"fr-FR"},{"@type":"Organization","@id":"https:\/\/www.echoppe-francaise.fr\/blog\/#organization","name":"L'\u00e9choppe Fran\u00e7aise","url":"https:\/\/www.echoppe-francaise.fr\/blog\/","logo":{"@type":"ImageObject","inLanguage":"fr-FR","@id":"https:\/\/www.echoppe-francaise.fr\/blog\/#\/schema\/logo\/image\/","url":"https:\/\/www.echoppe-francaise.fr\/blog\/wp-content\/uploads\/2017\/04\/echoppe-francaise-logo-1489412704.png","contentUrl":"https:\/\/www.echoppe-francaise.fr\/blog\/wp-content\/uploads\/2017\/04\/echoppe-francaise-logo-1489412704.png","width":492,"height":270,"caption":"L'\u00e9choppe Fran\u00e7aise"},"image":{"@id":"https:\/\/www.echoppe-francaise.fr\/blog\/#\/schema\/logo\/image\/"}}]}},"_links":{"self":[{"href":"https:\/\/www.echoppe-francaise.fr\/blog\/wp-json\/wp\/v2\/pages\/1835","targetHints":{"allow":["GET"]}}],"collection":[{"href":"https:\/\/www.echoppe-francaise.fr\/blog\/wp-json\/wp\/v2\/pages"}],"about":[{"href":"https:\/\/www.echoppe-francaise.fr\/blog\/wp-json\/wp\/v2\/types\/page"}],"author":[{"embeddable":true,"href":"https:\/\/www.echoppe-francaise.fr\/blog\/wp-json\/wp\/v2\/users\/6"}],"replies":[{"embeddable":true,"href":"https:\/\/www.echoppe-francaise.fr\/blog\/wp-json\/wp\/v2\/comments?post=1835"}],"version-history":[{"count":5,"href":"https:\/\/www.echoppe-francaise.fr\/blog\/wp-json\/wp\/v2\/pages\/1835\/revisions"}],"predecessor-version":[{"id":1903,"href":"https:\/\/www.echoppe-francaise.fr\/blog\/wp-json\/wp\/v2\/pages\/1835\/revisions\/1903"}],"up":[{"embeddable":true,"href":"https:\/\/www.echoppe-francaise.fr\/blog\/wp-json\/wp\/v2\/pages\/1814"}],"wp:attachment":[{"href":"https:\/\/www.echoppe-francaise.fr\/blog\/wp-json\/wp\/v2\/media?parent=1835"}],"curies":[{"name":"wp","href":"https:\/\/api.w.org\/{rel}","templated":true}]}}