{"id":1834,"date":"2023-12-13T14:31:58","date_gmt":"2023-12-13T13:31:58","guid":{"rendered":"https:\/\/www.echoppe-francaise.fr\/blog\/?page_id=1834"},"modified":"2023-12-18T13:57:06","modified_gmt":"2023-12-18T12:57:06","slug":"quelle-boucle-doreille-pour-quel-visage","status":"publish","type":"page","link":"https:\/\/www.echoppe-francaise.fr\/blog\/quelle-boucle-doreille-pour-quel-visage\/","title":{"rendered":"Quelle boucle d&rsquo;oreille pour quel visage\u00a0?"},"content":{"rendered":"\n<figure class=\"wp-block-image size-large\"><img loading=\"lazy\" decoding=\"async\" width=\"1024\" height=\"1024\" src=\"https:\/\/www.echoppe-francaise.fr\/blog\/wp-content\/uploads\/2023\/12\/boucles-d-oreilles-pendantes-en-or-pour-toutes-les-formes-de-visage-1024x1024.jpg\" alt=\"Diff\u00e9rents mod\u00e8les de boucles d'oreilles pour toutes les formes de visage.\" class=\"wp-image-1916\" srcset=\"https:\/\/www.echoppe-francaise.fr\/blog\/wp-content\/uploads\/2023\/12\/boucles-d-oreilles-pendantes-en-or-pour-toutes-les-formes-de-visage.jpg 1024w, https:\/\/www.echoppe-francaise.fr\/blog\/wp-content\/uploads\/2023\/12\/boucles-d-oreilles-pendantes-en-or-pour-toutes-les-formes-de-visage-300x300.jpg 300w, https:\/\/www.echoppe-francaise.fr\/blog\/wp-content\/uploads\/2023\/12\/boucles-d-oreilles-pendantes-en-or-pour-toutes-les-formes-de-visage-150x150.jpg 150w, https:\/\/www.echoppe-francaise.fr\/blog\/wp-content\/uploads\/2023\/12\/boucles-d-oreilles-pendantes-en-or-pour-toutes-les-formes-de-visage-768x768.jpg 768w\" sizes=\"auto, (max-width: 1024px) 100vw, 1024px\" \/><\/figure>\n\n\n\n<p class=\"wp-block-paragraph\">Choisissez votre <strong>paire de boucles d\u2019oreilles<\/strong> en fonction de la forme de votre visage. Vous vous mettrez davantage en valeur. En effet, vous pouvez adoucir vos traits ou mieux les structurer. Voici quelques pr\u00e9cisions qui vous seront utiles.&nbsp;<\/p>\n\n\n\n<h2 class=\"wp-block-heading\">La boucle d\u2019oreille parfaite pour un visage rond&nbsp;<\/h2>\n\n\n\n<figure class=\"wp-block-image size-large\"><img loading=\"lazy\" decoding=\"async\" width=\"1024\" height=\"1024\" src=\"https:\/\/www.echoppe-francaise.fr\/blog\/wp-content\/uploads\/2023\/12\/boucle-d-oreille-pendante-pour-un-visage-rond-1024x1024.jpg\" alt=\"Diff\u00e9rents mod\u00e8les de boucles d'oreilles pendantes en or et en diverses couleurs.\" class=\"wp-image-1914\" srcset=\"https:\/\/www.echoppe-francaise.fr\/blog\/wp-content\/uploads\/2023\/12\/boucle-d-oreille-pendante-pour-un-visage-rond.jpg 1024w, https:\/\/www.echoppe-francaise.fr\/blog\/wp-content\/uploads\/2023\/12\/boucle-d-oreille-pendante-pour-un-visage-rond-300x300.jpg 300w, https:\/\/www.echoppe-francaise.fr\/blog\/wp-content\/uploads\/2023\/12\/boucle-d-oreille-pendante-pour-un-visage-rond-150x150.jpg 150w, https:\/\/www.echoppe-francaise.fr\/blog\/wp-content\/uploads\/2023\/12\/boucle-d-oreille-pendante-pour-un-visage-rond-768x768.jpg 768w\" sizes=\"auto, (max-width: 1024px) 100vw, 1024px\" \/><\/figure>\n\n\n\n<p class=\"wp-block-paragraph\">Vous avez le visage rond&nbsp;? Pr\u00e9f\u00e9rez les mod\u00e8les <strong>longs<\/strong>. Vous affinerez votre visage. Visuellement, ce sera plus agr\u00e9able.&nbsp;<\/p>\n\n\n\n<p class=\"wp-block-paragraph\">On vous conseille aussi les boucles d\u2019oreilles de <strong>forme g\u00e9om\u00e9trique<\/strong>.\u00a0 Idem pour les mod\u00e8les <strong>angulaires<\/strong>. Cela compense la forme de votre visage. Vous aurez des traits plus structur\u00e9s.\u00a0<\/p>\n\n\n\n<p class=\"wp-block-paragraph\">Plus de d\u00e9tails sur le choix d&rsquo;une paire de boucles d&rsquo;oreilles pour un visage rond sur <a href=\"https:\/\/www.echoppe-francaise.fr\/blog\/quelle-boucle-doreille-pour-visage-rond\/\" target=\"_blank\" rel=\"noreferrer noopener\">cet article<\/a>.  <\/p>\n\n\n\n<h2 class=\"wp-block-heading\">Quid des visages ovales&nbsp;?&nbsp;<\/h2>\n\n\n\n<figure class=\"wp-block-image size-large\"><img loading=\"lazy\" decoding=\"async\" width=\"1024\" height=\"1024\" src=\"https:\/\/www.echoppe-francaise.fr\/blog\/wp-content\/uploads\/2023\/12\/Puces-d-oreilles-forme-de-fleur-en-or-pour-les-visages-ovales-1024x1024.jpg\" alt=\"Des puces d'oreilles en or en forme de fleurs.\" class=\"wp-image-1919\" srcset=\"https:\/\/www.echoppe-francaise.fr\/blog\/wp-content\/uploads\/2023\/12\/Puces-d-oreilles-forme-de-fleur-en-or-pour-les-visages-ovales.jpg 1024w, https:\/\/www.echoppe-francaise.fr\/blog\/wp-content\/uploads\/2023\/12\/Puces-d-oreilles-forme-de-fleur-en-or-pour-les-visages-ovales-300x300.jpg 300w, https:\/\/www.echoppe-francaise.fr\/blog\/wp-content\/uploads\/2023\/12\/Puces-d-oreilles-forme-de-fleur-en-or-pour-les-visages-ovales-150x150.jpg 150w, https:\/\/www.echoppe-francaise.fr\/blog\/wp-content\/uploads\/2023\/12\/Puces-d-oreilles-forme-de-fleur-en-or-pour-les-visages-ovales-768x768.jpg 768w\" sizes=\"auto, (max-width: 1024px) 100vw, 1024px\" \/><\/figure>\n\n\n\n<p class=\"wp-block-paragraph\">Vous avez de la chance si vous avez le <strong>visage ovale<\/strong>&nbsp;? Vous vous mettrez en valeur avec n\u2019importe quelle boucle d\u2019oreille. Par exemple, les cr\u00e9oles sont des ind\u00e9modables. Elles se marient \u00e0 tous les styles. Et, elles se portent \u00e0 tous les \u00e9v\u00e8nements. Choisissez des mod\u00e8les dor\u00e9s ou argent\u00e9s pour une touche tendance.&nbsp;<\/p>\n\n\n\n<p class=\"wp-block-paragraph\">Vous aimez la discr\u00e9tion\u00a0? Pr\u00e9f\u00e9rez les <strong>puces d\u2019oreilles<\/strong>. Ces mod\u00e8les fonctionnent pour les adultes ou les enfants. Les cr\u00e9ateurs fran\u00e7ais proposent diff\u00e9rents styles et couleurs. Trouvez votre bonheur sur l\u2019\u00c9choppe Fran\u00e7aise.\u00a0<\/p>\n\n\n\n<p class=\"wp-block-paragraph\">Vous avez un visage ovale ? Lise aussi notre article : <a href=\"https:\/\/www.echoppe-francaise.fr\/blog\/quelle-boucle-doreille-pour-visage-ovale\/\" target=\"_blank\" rel=\"noreferrer noopener\">Quelle boucle d&rsquo;oreille pour visage ovale\u00a0?<\/a> pour mieux choisir vos bijoux.<\/p>\n\n\n\n<h2 class=\"wp-block-heading\">Comment choisir vos boucles d\u2019oreilles si vous avez le visage carr\u00e9&nbsp;?<\/h2>\n\n\n\n<figure class=\"wp-block-image size-large\"><img loading=\"lazy\" decoding=\"async\" width=\"1024\" height=\"1024\" src=\"https:\/\/www.echoppe-francaise.fr\/blog\/wp-content\/uploads\/2023\/12\/creoles-en-or-pour-visage-carre-1024x1024.jpg\" alt=\"Une femme au visage carr\u00e9 avec une cr\u00e9ole dor\u00e9.\" class=\"wp-image-1917\" srcset=\"https:\/\/www.echoppe-francaise.fr\/blog\/wp-content\/uploads\/2023\/12\/creoles-en-or-pour-visage-carre.jpg 1024w, https:\/\/www.echoppe-francaise.fr\/blog\/wp-content\/uploads\/2023\/12\/creoles-en-or-pour-visage-carre-300x300.jpg 300w, https:\/\/www.echoppe-francaise.fr\/blog\/wp-content\/uploads\/2023\/12\/creoles-en-or-pour-visage-carre-150x150.jpg 150w, https:\/\/www.echoppe-francaise.fr\/blog\/wp-content\/uploads\/2023\/12\/creoles-en-or-pour-visage-carre-768x768.jpg 768w\" sizes=\"auto, (max-width: 1024px) 100vw, 1024px\" \/><\/figure>\n\n\n\n<p class=\"wp-block-paragraph\">Optez pour des boucles d\u2019oreilles pour <strong>adoucir vos traits<\/strong>. On vous conseille les mod\u00e8les ronds ou ovales. Vous compl\u00e9tez ainsi la forme de votre visage.&nbsp;<\/p>\n\n\n\n<p class=\"wp-block-paragraph\">Trouvez <strong>la bonne taille<\/strong> pour vos accessoires de mode. Vous \u00eates fines&nbsp;? Choisissez des articles de petite taille. Et, vice versa.&nbsp;<\/p>\n\n\n\n<p class=\"wp-block-paragraph\">De plus amples conseils sur : <a href=\"https:\/\/www.echoppe-francaise.fr\/blog\/comment-choisir-mes-boucles-doreilles\/\" target=\"_blank\" rel=\"noreferrer noopener\">Comment choisir mes boucles d&rsquo;oreilles ?<\/a><\/p>\n\n\n\n<h2 class=\"wp-block-heading\">Comment mettre en valeur un visage allong\u00e9 avec les bonnes boucles d\u2019oreilles&nbsp;?&nbsp;<\/h2>\n\n\n\n<figure class=\"wp-block-image size-full\"><img loading=\"lazy\" decoding=\"async\" width=\"290\" height=\"290\" src=\"https:\/\/www.echoppe-francaise.fr\/blog\/wp-content\/uploads\/2023\/12\/Une-boucle-d-oreille-en-bois-rose-et-dore.jpg\" alt=\"Une boucle d'oreille ronde de couleur dor\u00e9 et rose. \" class=\"wp-image-1920\" srcset=\"https:\/\/www.echoppe-francaise.fr\/blog\/wp-content\/uploads\/2023\/12\/Une-boucle-d-oreille-en-bois-rose-et-dore.jpg 290w, https:\/\/www.echoppe-francaise.fr\/blog\/wp-content\/uploads\/2023\/12\/Une-boucle-d-oreille-en-bois-rose-et-dore-150x150.jpg 150w\" sizes=\"auto, (max-width: 290px) 100vw, 290px\" \/><\/figure>\n\n\n\n<p class=\"wp-block-paragraph\">Vous avez un visage allong\u00e9 et fin&nbsp;? \u00c9largissez-le visuellement. Cherchez des <strong>boucles d\u2019oreilles rondes<\/strong>. Pr\u00e9f\u00e9rez les mod\u00e8les larges. Tel est le cas des cr\u00e9oles.&nbsp;<\/p>\n\n\n\n<p class=\"wp-block-paragraph\">Tournez-vous aussi vers les articles en <strong>forme de bouton<\/strong>. Vous \u00e9quilibrez ainsi la forme de votre visage. Mais, pensez \u00e0 relever vos cheveux dans ce cas. Vos accessoires se verront mieux.&nbsp;<\/p>\n\n\n\n<h2 class=\"wp-block-heading\">Les boucles d\u2019oreilles id\u00e9ales pour les visages en c\u0153ur ou en triangle<\/h2>\n\n\n\n<figure class=\"wp-block-image size-large\"><img loading=\"lazy\" decoding=\"async\" width=\"1024\" height=\"1024\" src=\"https:\/\/www.echoppe-francaise.fr\/blog\/wp-content\/uploads\/2023\/12\/boucles-d-oreilles-geometriques-dorees-pour-les-visages-en-coeur-ou-en-triangle-1024x1024.jpg\" alt=\"Une boucle d'oreille en forme de losange orn\u00e9e de pierres color\u00e9es.\" class=\"wp-image-1915\" srcset=\"https:\/\/www.echoppe-francaise.fr\/blog\/wp-content\/uploads\/2023\/12\/boucles-d-oreilles-geometriques-dorees-pour-les-visages-en-coeur-ou-en-triangle.jpg 1024w, https:\/\/www.echoppe-francaise.fr\/blog\/wp-content\/uploads\/2023\/12\/boucles-d-oreilles-geometriques-dorees-pour-les-visages-en-coeur-ou-en-triangle-300x300.jpg 300w, https:\/\/www.echoppe-francaise.fr\/blog\/wp-content\/uploads\/2023\/12\/boucles-d-oreilles-geometriques-dorees-pour-les-visages-en-coeur-ou-en-triangle-150x150.jpg 150w, https:\/\/www.echoppe-francaise.fr\/blog\/wp-content\/uploads\/2023\/12\/boucles-d-oreilles-geometriques-dorees-pour-les-visages-en-coeur-ou-en-triangle-768x768.jpg 768w\" sizes=\"auto, (max-width: 1024px) 100vw, 1024px\" \/><\/figure>\n\n\n\n<p class=\"wp-block-paragraph\">Les boucles d\u2019oreilles \u00e9quilibrent la forme de votre visage. Choisissez un design \u00e0 la fois large et fin. Mettez la partie la plus imposante en bas. Vous compenserez la finesse de votre menton. Ce conseil est aussi valable pour les <strong>visages en c\u0153ur<\/strong> invers\u00e9. Mais, dans ce cas, mettez la partie large en haut.&nbsp;<\/p>\n\n\n\n<p class=\"wp-block-paragraph\">Le principe est le m\u00eame pour celles qui ont un <strong>visage en triangle<\/strong>. Cr\u00e9ez un effet d\u2019optique int\u00e9ressant avec vos boucles d\u2019oreilles.&nbsp;<\/p>\n\n\n\n<h2 class=\"wp-block-heading\">Qu\u2019en est-il pour les visages en diamant&nbsp;?<\/h2>\n\n\n\n<h2 class=\"wp-block-heading\">&nbsp;<\/h2>\n\n\n\n<figure class=\"wp-block-image size-large\"><img loading=\"lazy\" decoding=\"async\" width=\"1024\" height=\"1024\" src=\"https:\/\/www.echoppe-francaise.fr\/blog\/wp-content\/uploads\/2023\/12\/Des-boucles-d-oreilles-rondes-pour-les-visages-en-diamant-1024x1024.jpg\" alt=\"Une femme avec le visage en diamant avec une cr\u00e9ole en or.\" class=\"wp-image-1918\" srcset=\"https:\/\/www.echoppe-francaise.fr\/blog\/wp-content\/uploads\/2023\/12\/Des-boucles-d-oreilles-rondes-pour-les-visages-en-diamant.jpg 1024w, https:\/\/www.echoppe-francaise.fr\/blog\/wp-content\/uploads\/2023\/12\/Des-boucles-d-oreilles-rondes-pour-les-visages-en-diamant-300x300.jpg 300w, https:\/\/www.echoppe-francaise.fr\/blog\/wp-content\/uploads\/2023\/12\/Des-boucles-d-oreilles-rondes-pour-les-visages-en-diamant-150x150.jpg 150w, https:\/\/www.echoppe-francaise.fr\/blog\/wp-content\/uploads\/2023\/12\/Des-boucles-d-oreilles-rondes-pour-les-visages-en-diamant-768x768.jpg 768w\" sizes=\"auto, (max-width: 1024px) 100vw, 1024px\" \/><\/figure>\n\n\n\n<p class=\"wp-block-paragraph\">Vous avez la m\u00e2choire pointue et le visage carr\u00e9&nbsp;? C\u2019est la forme de diamant. Dans ce cas, pr\u00e9f\u00e9rez les boutons ou les <strong>petites cr\u00e9oles<\/strong>. Les formes rondes vont adoucir vos contours.&nbsp;<\/p>\n\n\n\n<p class=\"wp-block-paragraph\">Mais, exit les mod\u00e8les trop imposants ou <strong>larges<\/strong>. Vous accentuerez vos traits. Votre visage para\u00eetra plus imposant qu\u2019en r\u00e9alit\u00e9.&nbsp;<\/p>\n\n\n\n<p class=\"wp-block-paragraph\">\u00c9videmment, votre boucle d\u2019oreille doit vous plaire. C\u2019est important pour votre confort. Sur notre boutique en ligne, vous avez diff\u00e9rents <strong>styles et couleurs<\/strong>. Nous vous proposons des accessoires fabriqu\u00e9s en France. De quoi ajouter de l\u2019\u00e9l\u00e9gance \u00e0 votre tenue.&nbsp;<\/p>\n\n\n\n<h3 class=\"wp-block-heading\">Retrouvez d&rsquo;autres articles pour bien choisir vos boucles d&rsquo;oreilles sur notre blog :<\/h3>\n\n\n\n<ul class=\"wp-block-list\">\n<li><a href=\"https:\/\/www.echoppe-francaise.fr\/blog\/comment-choisir-la-couleur-des-boucles-doreilles\/\" target=\"_blank\" rel=\"noreferrer noopener\">Comment choisir la couleur des boucles d&rsquo;oreilles&nbsp;?<\/a><\/li>\n\n\n\n<li><a href=\"https:\/\/www.echoppe-francaise.fr\/blog\/comment-savoir-si-une-boucle-doreille-nous-va-bien\/\" target=\"_blank\" rel=\"noreferrer noopener\">Comment savoir si une boucle d&rsquo;oreille nous va bien&nbsp;?<\/a><\/li>\n\n\n\n<li><a href=\"https:\/\/www.echoppe-francaise.fr\/blog\/quel-type-de-boucles-doreilles-choisir\/\" target=\"_blank\" rel=\"noreferrer noopener\">Quel type de boucles d&rsquo;oreilles choisir&nbsp;?<\/a><\/li>\n\n\n\n<li><a href=\"https:\/\/www.echoppe-francaise.fr\/blog\/quelle-boucle-doreille-en-fonction-de-ma-couleur-de-cheveux\/\" target=\"_blank\" rel=\"noreferrer noopener\">Quelle boucle d&rsquo;oreille en fonction de ma couleur de cheveux&nbsp;?<\/a><\/li>\n\n\n\n<li><a href=\"https:\/\/www.echoppe-francaise.fr\/blog\/quelles-boucles-doreilles-pour-quelles-coupes\/\" target=\"_blank\" rel=\"noreferrer noopener\">Quelles boucles d&rsquo;oreilles pour quelles coupes&nbsp;?<\/a><\/li>\n<\/ul>\n","protected":false},"excerpt":{"rendered":"<p>Choisissez votre paire de boucles d\u2019oreilles en fonction de la forme de votre visage. Vous vous mettrez davantage en valeur. En effet, vous pouvez adoucir vos traits ou mieux les structurer. Voici quelques pr\u00e9cisions qui vous seront utiles.&nbsp; La boucle d\u2019oreille parfaite pour un visage rond&nbsp; Vous avez le visage rond&nbsp;? Pr\u00e9f\u00e9rez les mod\u00e8les longs.&hellip;&nbsp;<\/p>\n","protected":false},"author":6,"featured_media":0,"parent":1814,"menu_order":0,"comment_status":"closed","ping_status":"closed","template":"","meta":{"_crdt_document":"","neve_meta_sidebar":"","neve_meta_container":"","neve_meta_enable_content_width":"","neve_meta_content_width":0,"neve_meta_title_alignment":"","neve_meta_author_avatar":"","neve_post_elements_order":"","neve_meta_disable_header":"","neve_meta_disable_footer":"","neve_meta_disable_title":"","footnotes":""},"class_list":["post-1834","page","type-page","status-publish","hentry"],"yoast_head":"<!-- This site is optimized with the Yoast SEO plugin v27.5 - https:\/\/yoast.com\/product\/yoast-seo-wordpress\/ -->\n<title>Comment choisir quelle boucle d&#039;oreille pour quel visage ?<\/title>\n<meta name=\"description\" content=\"Parcourez nos astuces pour trouver quelle boucle d&#039;oreille pour quel visage sur notre article.\" \/>\n<meta name=\"robots\" content=\"index, follow, max-snippet:-1, max-image-preview:large, max-video-preview:-1\" \/>\n<link rel=\"canonical\" href=\"https:\/\/www.echoppe-francaise.fr\/blog\/quelle-boucle-doreille-pour-quel-visage\/\" \/>\n<meta property=\"og:locale\" content=\"fr_FR\" \/>\n<meta property=\"og:type\" content=\"article\" \/>\n<meta property=\"og:title\" content=\"Comment choisir quelle boucle d&#039;oreille pour quel visage ?\" \/>\n<meta property=\"og:description\" content=\"Parcourez nos astuces pour trouver quelle boucle d&#039;oreille pour quel visage sur notre article.\" \/>\n<meta property=\"og:url\" content=\"https:\/\/www.echoppe-francaise.fr\/blog\/quelle-boucle-doreille-pour-quel-visage\/\" \/>\n<meta property=\"og:site_name\" content=\"\u00c9choppe Fran\u00e7aise, le Blog\" \/>\n<meta property=\"article:modified_time\" content=\"2023-12-18T12:57:06+00:00\" \/>\n<meta property=\"og:image\" content=\"https:\/\/www.echoppe-francaise.fr\/blog\/wp-content\/uploads\/2023\/12\/boucles-d-oreilles-pendantes-en-or-pour-toutes-les-formes-de-visage-1024x1024.jpg\" \/>\n<meta name=\"twitter:card\" content=\"summary_large_image\" \/>\n<meta name=\"twitter:label1\" content=\"Dur\u00e9e de lecture estim\u00e9e\" \/>\n\t<meta name=\"twitter:data1\" content=\"5 minutes\" \/>\n<script type=\"application\/ld+json\" class=\"yoast-schema-graph\">{\"@context\":\"https:\\\/\\\/schema.org\",\"@graph\":[{\"@type\":\"WebPage\",\"@id\":\"https:\\\/\\\/www.echoppe-francaise.fr\\\/blog\\\/quelle-boucle-doreille-pour-quel-visage\\\/\",\"url\":\"https:\\\/\\\/www.echoppe-francaise.fr\\\/blog\\\/quelle-boucle-doreille-pour-quel-visage\\\/\",\"name\":\"Comment choisir quelle boucle d'oreille pour quel visage ?\",\"isPartOf\":{\"@id\":\"https:\\\/\\\/www.echoppe-francaise.fr\\\/blog\\\/#website\"},\"primaryImageOfPage\":{\"@id\":\"https:\\\/\\\/www.echoppe-francaise.fr\\\/blog\\\/quelle-boucle-doreille-pour-quel-visage\\\/#primaryimage\"},\"image\":{\"@id\":\"https:\\\/\\\/www.echoppe-francaise.fr\\\/blog\\\/quelle-boucle-doreille-pour-quel-visage\\\/#primaryimage\"},\"thumbnailUrl\":\"https:\\\/\\\/www.echoppe-francaise.fr\\\/blog\\\/wp-content\\\/uploads\\\/2023\\\/12\\\/boucles-d-oreilles-pendantes-en-or-pour-toutes-les-formes-de-visage-1024x1024.jpg\",\"datePublished\":\"2023-12-13T13:31:58+00:00\",\"dateModified\":\"2023-12-18T12:57:06+00:00\",\"description\":\"Parcourez nos astuces pour trouver quelle boucle d'oreille pour quel visage sur notre article.\",\"breadcrumb\":{\"@id\":\"https:\\\/\\\/www.echoppe-francaise.fr\\\/blog\\\/quelle-boucle-doreille-pour-quel-visage\\\/#breadcrumb\"},\"inLanguage\":\"fr-FR\",\"potentialAction\":[{\"@type\":\"ReadAction\",\"target\":[\"https:\\\/\\\/www.echoppe-francaise.fr\\\/blog\\\/quelle-boucle-doreille-pour-quel-visage\\\/\"]}]},{\"@type\":\"ImageObject\",\"inLanguage\":\"fr-FR\",\"@id\":\"https:\\\/\\\/www.echoppe-francaise.fr\\\/blog\\\/quelle-boucle-doreille-pour-quel-visage\\\/#primaryimage\",\"url\":\"https:\\\/\\\/www.echoppe-francaise.fr\\\/blog\\\/wp-content\\\/uploads\\\/2023\\\/12\\\/boucles-d-oreilles-pendantes-en-or-pour-toutes-les-formes-de-visage.jpg\",\"contentUrl\":\"https:\\\/\\\/www.echoppe-francaise.fr\\\/blog\\\/wp-content\\\/uploads\\\/2023\\\/12\\\/boucles-d-oreilles-pendantes-en-or-pour-toutes-les-formes-de-visage.jpg\",\"width\":1024,\"height\":1024},{\"@type\":\"BreadcrumbList\",\"@id\":\"https:\\\/\\\/www.echoppe-francaise.fr\\\/blog\\\/quelle-boucle-doreille-pour-quel-visage\\\/#breadcrumb\",\"itemListElement\":[{\"@type\":\"ListItem\",\"position\":1,\"name\":\"Accueil\",\"item\":\"https:\\\/\\\/www.echoppe-francaise.fr\\\/blog\\\/\"},{\"@type\":\"ListItem\",\"position\":2,\"name\":\"Comment choisir mes boucles d\u2019oreilles\u00a0?\",\"item\":\"https:\\\/\\\/www.echoppe-francaise.fr\\\/blog\\\/comment-choisir-mes-boucles-doreilles\\\/\"},{\"@type\":\"ListItem\",\"position\":3,\"name\":\"Quelle boucle d&rsquo;oreille pour quel visage\u00a0?\"}]},{\"@type\":\"WebSite\",\"@id\":\"https:\\\/\\\/www.echoppe-francaise.fr\\\/blog\\\/#website\",\"url\":\"https:\\\/\\\/www.echoppe-francaise.fr\\\/blog\\\/\",\"name\":\"\u00c9choppe Fran\u00e7aise, le Blog\",\"description\":\"Le blog des Cr\u00e9atrices et Cr\u00e9ateurs fran\u00e7ais\",\"publisher\":{\"@id\":\"https:\\\/\\\/www.echoppe-francaise.fr\\\/blog\\\/#organization\"},\"potentialAction\":[{\"@type\":\"SearchAction\",\"target\":{\"@type\":\"EntryPoint\",\"urlTemplate\":\"https:\\\/\\\/www.echoppe-francaise.fr\\\/blog\\\/?s={search_term_string}\"},\"query-input\":{\"@type\":\"PropertyValueSpecification\",\"valueRequired\":true,\"valueName\":\"search_term_string\"}}],\"inLanguage\":\"fr-FR\"},{\"@type\":\"Organization\",\"@id\":\"https:\\\/\\\/www.echoppe-francaise.fr\\\/blog\\\/#organization\",\"name\":\"L'\u00e9choppe Fran\u00e7aise\",\"url\":\"https:\\\/\\\/www.echoppe-francaise.fr\\\/blog\\\/\",\"logo\":{\"@type\":\"ImageObject\",\"inLanguage\":\"fr-FR\",\"@id\":\"https:\\\/\\\/www.echoppe-francaise.fr\\\/blog\\\/#\\\/schema\\\/logo\\\/image\\\/\",\"url\":\"https:\\\/\\\/www.echoppe-francaise.fr\\\/blog\\\/wp-content\\\/uploads\\\/2017\\\/04\\\/echoppe-francaise-logo-1489412704.png\",\"contentUrl\":\"https:\\\/\\\/www.echoppe-francaise.fr\\\/blog\\\/wp-content\\\/uploads\\\/2017\\\/04\\\/echoppe-francaise-logo-1489412704.png\",\"width\":492,\"height\":270,\"caption\":\"L'\u00e9choppe Fran\u00e7aise\"},\"image\":{\"@id\":\"https:\\\/\\\/www.echoppe-francaise.fr\\\/blog\\\/#\\\/schema\\\/logo\\\/image\\\/\"}}]}<\/script>\n<!-- \/ Yoast SEO plugin. -->","yoast_head_json":{"title":"Comment choisir quelle boucle d'oreille pour quel visage ?","description":"Parcourez nos astuces pour trouver quelle boucle d'oreille pour quel visage sur notre article.","robots":{"index":"index","follow":"follow","max-snippet":"max-snippet:-1","max-image-preview":"max-image-preview:large","max-video-preview":"max-video-preview:-1"},"canonical":"https:\/\/www.echoppe-francaise.fr\/blog\/quelle-boucle-doreille-pour-quel-visage\/","og_locale":"fr_FR","og_type":"article","og_title":"Comment choisir quelle boucle d'oreille pour quel visage ?","og_description":"Parcourez nos astuces pour trouver quelle boucle d'oreille pour quel visage sur notre article.","og_url":"https:\/\/www.echoppe-francaise.fr\/blog\/quelle-boucle-doreille-pour-quel-visage\/","og_site_name":"\u00c9choppe Fran\u00e7aise, le Blog","article_modified_time":"2023-12-18T12:57:06+00:00","og_image":[{"url":"https:\/\/www.echoppe-francaise.fr\/blog\/wp-content\/uploads\/2023\/12\/boucles-d-oreilles-pendantes-en-or-pour-toutes-les-formes-de-visage-1024x1024.jpg","type":"","width":"","height":""}],"twitter_card":"summary_large_image","twitter_misc":{"Dur\u00e9e de lecture estim\u00e9e":"5 minutes"},"schema":{"@context":"https:\/\/schema.org","@graph":[{"@type":"WebPage","@id":"https:\/\/www.echoppe-francaise.fr\/blog\/quelle-boucle-doreille-pour-quel-visage\/","url":"https:\/\/www.echoppe-francaise.fr\/blog\/quelle-boucle-doreille-pour-quel-visage\/","name":"Comment choisir quelle boucle d'oreille pour quel visage ?","isPartOf":{"@id":"https:\/\/www.echoppe-francaise.fr\/blog\/#website"},"primaryImageOfPage":{"@id":"https:\/\/www.echoppe-francaise.fr\/blog\/quelle-boucle-doreille-pour-quel-visage\/#primaryimage"},"image":{"@id":"https:\/\/www.echoppe-francaise.fr\/blog\/quelle-boucle-doreille-pour-quel-visage\/#primaryimage"},"thumbnailUrl":"https:\/\/www.echoppe-francaise.fr\/blog\/wp-content\/uploads\/2023\/12\/boucles-d-oreilles-pendantes-en-or-pour-toutes-les-formes-de-visage-1024x1024.jpg","datePublished":"2023-12-13T13:31:58+00:00","dateModified":"2023-12-18T12:57:06+00:00","description":"Parcourez nos astuces pour trouver quelle boucle d'oreille pour quel visage sur notre article.","breadcrumb":{"@id":"https:\/\/www.echoppe-francaise.fr\/blog\/quelle-boucle-doreille-pour-quel-visage\/#breadcrumb"},"inLanguage":"fr-FR","potentialAction":[{"@type":"ReadAction","target":["https:\/\/www.echoppe-francaise.fr\/blog\/quelle-boucle-doreille-pour-quel-visage\/"]}]},{"@type":"ImageObject","inLanguage":"fr-FR","@id":"https:\/\/www.echoppe-francaise.fr\/blog\/quelle-boucle-doreille-pour-quel-visage\/#primaryimage","url":"https:\/\/www.echoppe-francaise.fr\/blog\/wp-content\/uploads\/2023\/12\/boucles-d-oreilles-pendantes-en-or-pour-toutes-les-formes-de-visage.jpg","contentUrl":"https:\/\/www.echoppe-francaise.fr\/blog\/wp-content\/uploads\/2023\/12\/boucles-d-oreilles-pendantes-en-or-pour-toutes-les-formes-de-visage.jpg","width":1024,"height":1024},{"@type":"BreadcrumbList","@id":"https:\/\/www.echoppe-francaise.fr\/blog\/quelle-boucle-doreille-pour-quel-visage\/#breadcrumb","itemListElement":[{"@type":"ListItem","position":1,"name":"Accueil","item":"https:\/\/www.echoppe-francaise.fr\/blog\/"},{"@type":"ListItem","position":2,"name":"Comment choisir mes boucles d\u2019oreilles\u00a0?","item":"https:\/\/www.echoppe-francaise.fr\/blog\/comment-choisir-mes-boucles-doreilles\/"},{"@type":"ListItem","position":3,"name":"Quelle boucle d&rsquo;oreille pour quel visage\u00a0?"}]},{"@type":"WebSite","@id":"https:\/\/www.echoppe-francaise.fr\/blog\/#website","url":"https:\/\/www.echoppe-francaise.fr\/blog\/","name":"\u00c9choppe Fran\u00e7aise, le Blog","description":"Le blog des Cr\u00e9atrices et Cr\u00e9ateurs fran\u00e7ais","publisher":{"@id":"https:\/\/www.echoppe-francaise.fr\/blog\/#organization"},"potentialAction":[{"@type":"SearchAction","target":{"@type":"EntryPoint","urlTemplate":"https:\/\/www.echoppe-francaise.fr\/blog\/?s={search_term_string}"},"query-input":{"@type":"PropertyValueSpecification","valueRequired":true,"valueName":"search_term_string"}}],"inLanguage":"fr-FR"},{"@type":"Organization","@id":"https:\/\/www.echoppe-francaise.fr\/blog\/#organization","name":"L'\u00e9choppe Fran\u00e7aise","url":"https:\/\/www.echoppe-francaise.fr\/blog\/","logo":{"@type":"ImageObject","inLanguage":"fr-FR","@id":"https:\/\/www.echoppe-francaise.fr\/blog\/#\/schema\/logo\/image\/","url":"https:\/\/www.echoppe-francaise.fr\/blog\/wp-content\/uploads\/2017\/04\/echoppe-francaise-logo-1489412704.png","contentUrl":"https:\/\/www.echoppe-francaise.fr\/blog\/wp-content\/uploads\/2017\/04\/echoppe-francaise-logo-1489412704.png","width":492,"height":270,"caption":"L'\u00e9choppe Fran\u00e7aise"},"image":{"@id":"https:\/\/www.echoppe-francaise.fr\/blog\/#\/schema\/logo\/image\/"}}]}},"_links":{"self":[{"href":"https:\/\/www.echoppe-francaise.fr\/blog\/wp-json\/wp\/v2\/pages\/1834","targetHints":{"allow":["GET"]}}],"collection":[{"href":"https:\/\/www.echoppe-francaise.fr\/blog\/wp-json\/wp\/v2\/pages"}],"about":[{"href":"https:\/\/www.echoppe-francaise.fr\/blog\/wp-json\/wp\/v2\/types\/page"}],"author":[{"embeddable":true,"href":"https:\/\/www.echoppe-francaise.fr\/blog\/wp-json\/wp\/v2\/users\/6"}],"replies":[{"embeddable":true,"href":"https:\/\/www.echoppe-francaise.fr\/blog\/wp-json\/wp\/v2\/comments?post=1834"}],"version-history":[{"count":4,"href":"https:\/\/www.echoppe-francaise.fr\/blog\/wp-json\/wp\/v2\/pages\/1834\/revisions"}],"predecessor-version":[{"id":1981,"href":"https:\/\/www.echoppe-francaise.fr\/blog\/wp-json\/wp\/v2\/pages\/1834\/revisions\/1981"}],"up":[{"embeddable":true,"href":"https:\/\/www.echoppe-francaise.fr\/blog\/wp-json\/wp\/v2\/pages\/1814"}],"wp:attachment":[{"href":"https:\/\/www.echoppe-francaise.fr\/blog\/wp-json\/wp\/v2\/media?parent=1834"}],"curies":[{"name":"wp","href":"https:\/\/api.w.org\/{rel}","templated":true}]}}