{"id":1832,"date":"2023-12-13T14:27:04","date_gmt":"2023-12-13T13:27:04","guid":{"rendered":"https:\/\/www.echoppe-francaise.fr\/blog\/?page_id=1832"},"modified":"2023-12-14T13:57:50","modified_gmt":"2023-12-14T12:57:50","slug":"quelle-boucle-doreille-en-fonction-de-ma-couleur-de-cheveux","status":"publish","type":"page","link":"https:\/\/www.echoppe-francaise.fr\/blog\/quelle-boucle-doreille-en-fonction-de-ma-couleur-de-cheveux\/","title":{"rendered":"Quelle boucle d&rsquo;oreille en fonction de ma couleur de cheveux\u00a0?"},"content":{"rendered":"\n<figure class=\"wp-block-image size-large\"><img loading=\"lazy\" decoding=\"async\" width=\"1024\" height=\"1024\" src=\"https:\/\/www.echoppe-francaise.fr\/blog\/wp-content\/uploads\/2023\/12\/boucles-d-oreilles-pendantes-en-or-ou-en-argent-pour-differentes-colorations-1024x1024.jpg\" alt=\"Diff\u00e9rents mod\u00e8les et couleurs de boucles d'oreilles selon les colorations de cheveux.\" class=\"wp-image-1907\" srcset=\"https:\/\/www.echoppe-francaise.fr\/blog\/wp-content\/uploads\/2023\/12\/boucles-d-oreilles-pendantes-en-or-ou-en-argent-pour-differentes-colorations.jpg 1024w, https:\/\/www.echoppe-francaise.fr\/blog\/wp-content\/uploads\/2023\/12\/boucles-d-oreilles-pendantes-en-or-ou-en-argent-pour-differentes-colorations-300x300.jpg 300w, https:\/\/www.echoppe-francaise.fr\/blog\/wp-content\/uploads\/2023\/12\/boucles-d-oreilles-pendantes-en-or-ou-en-argent-pour-differentes-colorations-150x150.jpg 150w, https:\/\/www.echoppe-francaise.fr\/blog\/wp-content\/uploads\/2023\/12\/boucles-d-oreilles-pendantes-en-or-ou-en-argent-pour-differentes-colorations-768x768.jpg 768w\" sizes=\"auto, (max-width: 1024px) 100vw, 1024px\" \/><\/figure>\n\n\n\n<p class=\"wp-block-paragraph\">Choisissez des <strong>boucles d\u2019oreilles<\/strong> en harmonie avec votre style. Donc, tenez compte de votre couleur de cheveux. Vous \u00e9viterez ainsi de surcharger votre look. Et, vous aurez un meilleur rendu. Le point.&nbsp;<\/p>\n\n\n\n<h2 class=\"wp-block-heading\">Des id\u00e9es de boucles d\u2019oreilles pour les blondes<\/h2>\n\n\n\n<h2 class=\"wp-block-heading\">&nbsp;<\/h2>\n\n\n\n<figure class=\"wp-block-image size-large\"><img loading=\"lazy\" decoding=\"async\" width=\"1024\" height=\"1024\" src=\"https:\/\/www.echoppe-francaise.fr\/blog\/wp-content\/uploads\/2023\/12\/boucles-d-oreilles-en-argent-pour-les-blondes-1024x1024.jpg\" alt=\"Une jeune femme blonde avec plusieurs suggestions de boucles d'oreilles argent\u00e9es. \" class=\"wp-image-1910\" srcset=\"https:\/\/www.echoppe-francaise.fr\/blog\/wp-content\/uploads\/2023\/12\/boucles-d-oreilles-en-argent-pour-les-blondes.jpg 1024w, https:\/\/www.echoppe-francaise.fr\/blog\/wp-content\/uploads\/2023\/12\/boucles-d-oreilles-en-argent-pour-les-blondes-300x300.jpg 300w, https:\/\/www.echoppe-francaise.fr\/blog\/wp-content\/uploads\/2023\/12\/boucles-d-oreilles-en-argent-pour-les-blondes-150x150.jpg 150w, https:\/\/www.echoppe-francaise.fr\/blog\/wp-content\/uploads\/2023\/12\/boucles-d-oreilles-en-argent-pour-les-blondes-768x768.jpg 768w\" sizes=\"auto, (max-width: 1024px) 100vw, 1024px\" \/><\/figure>\n\n\n\n<p class=\"wp-block-paragraph\">Vous avez des <strong>cheveux blonds dor\u00e9s ou jaunes<\/strong>&nbsp;? Optez pour des boucles d\u2019oreilles l\u00e9g\u00e8res. Priorisez le noir et le bleu fonc\u00e9. Le rendu sera \u00e9quilibr\u00e9. Osez les pierres pr\u00e9cieuses. Tel est le cas du diamant. Mais si vous avez un petit budget&nbsp;: la topaze.&nbsp;<\/p>\n\n\n\n<p class=\"wp-block-paragraph\">L\u2019<strong>or blanc ou jaune<\/strong> vous ira mieux. Les plaqu\u00e9s or fonctionnent aussi. Il convient d\u2019ailleurs \u00e0 toutes les carnations.&nbsp;<\/p>\n\n\n\n<p class=\"wp-block-paragraph\">Trouvez la bonne combinaison pour vos accessoires de mode. D\u00e9couvrez nos conseils sur : <a href=\"https:\/\/www.echoppe-francaise.fr\/blog\/comment-choisir-mes-boucles-doreilles\/\" target=\"_blank\" rel=\"noreferrer noopener\">Comment choisir mes boucles d&rsquo;oreilles ?<\/a> et sur <a href=\"https:\/\/www.echoppe-francaise.fr\/blog\/quelle-couleur-de-boucle-doreille-pour-une-blonde\/\" target=\"_blank\" rel=\"noreferrer noopener\">Quelle couleur de boucle d&rsquo;oreille pour une blonde\u00a0?<\/a><\/p>\n\n\n\n<h2 class=\"wp-block-heading\">Et si vous avez les cheveux bruns&nbsp;?<\/h2>\n\n\n\n<figure class=\"wp-block-image size-large\"><img loading=\"lazy\" decoding=\"async\" width=\"1024\" height=\"1024\" src=\"https:\/\/www.echoppe-francaise.fr\/blog\/wp-content\/uploads\/2023\/12\/boucles-d-oreilles-pendantes-en-or-pour-femmes-brunes-1024x1024.jpg\" alt=\"Une jeune femme brune portant diff\u00e9rents mod\u00e8les de boucles d'oreilles dor\u00e9s.\" class=\"wp-image-1908\" srcset=\"https:\/\/www.echoppe-francaise.fr\/blog\/wp-content\/uploads\/2023\/12\/boucles-d-oreilles-pendantes-en-or-pour-femmes-brunes.jpg 1024w, https:\/\/www.echoppe-francaise.fr\/blog\/wp-content\/uploads\/2023\/12\/boucles-d-oreilles-pendantes-en-or-pour-femmes-brunes-300x300.jpg 300w, https:\/\/www.echoppe-francaise.fr\/blog\/wp-content\/uploads\/2023\/12\/boucles-d-oreilles-pendantes-en-or-pour-femmes-brunes-150x150.jpg 150w, https:\/\/www.echoppe-francaise.fr\/blog\/wp-content\/uploads\/2023\/12\/boucles-d-oreilles-pendantes-en-or-pour-femmes-brunes-768x768.jpg 768w\" sizes=\"auto, (max-width: 1024px) 100vw, 1024px\" \/><\/figure>\n\n\n\n<p class=\"wp-block-paragraph\">Les brunes ont plus de libert\u00e9 dans le choix de leurs <strong>bijoux<\/strong>. Cette coloration chaude se marie avec des couleurs vives ou fonc\u00e9es. Essayez les pendentifs rouge, vert, jaune, etc. Mariez vos boucles d\u2019oreilles avec votre tenue.&nbsp;<\/p>\n\n\n\n<p class=\"wp-block-paragraph\">Tous les m\u00e9taux sont possibles\u00a0: <strong>or jaune, or rose ou l\u2019argent<\/strong>. Ces couleurs ajouteront de la chaleur \u00e0 votre mise en beaut\u00e9.\u00a0<\/p>\n\n\n\n<p class=\"wp-block-paragraph\">Plus de pr\u00e9cision sur le choix de vos boucles d&rsquo;oreilles si vous \u00eates brunes ? Retrouvez-les sur : <a href=\"https:\/\/www.echoppe-francaise.fr\/blog\/quelle-couleur-de-boucle-doreille-pour-une-brune\/\" target=\"_blank\" rel=\"noreferrer noopener\">Quelle couleur de boucle d&rsquo;oreille pour une brune\u00a0?<\/a><\/p>\n\n\n\n<h2 class=\"wp-block-heading\">Les bonnes boucles d\u2019oreilles si vous avez les cheveux noirs&nbsp;<\/h2>\n\n\n\n<figure class=\"wp-block-image size-large\"><img loading=\"lazy\" decoding=\"async\" width=\"1024\" height=\"1024\" src=\"https:\/\/www.echoppe-francaise.fr\/blog\/wp-content\/uploads\/2023\/12\/boucles-d-oreilles-pendantes-en-or-1024x1024.jpg\" alt=\"Une boucle d'oreille en or pendante port\u00e9e par une femme avec les cheveux noirs.\" class=\"wp-image-1906\" srcset=\"https:\/\/www.echoppe-francaise.fr\/blog\/wp-content\/uploads\/2023\/12\/boucles-d-oreilles-pendantes-en-or.jpg 1024w, https:\/\/www.echoppe-francaise.fr\/blog\/wp-content\/uploads\/2023\/12\/boucles-d-oreilles-pendantes-en-or-300x300.jpg 300w, https:\/\/www.echoppe-francaise.fr\/blog\/wp-content\/uploads\/2023\/12\/boucles-d-oreilles-pendantes-en-or-150x150.jpg 150w, https:\/\/www.echoppe-francaise.fr\/blog\/wp-content\/uploads\/2023\/12\/boucles-d-oreilles-pendantes-en-or-768x768.jpg 768w\" sizes=\"auto, (max-width: 1024px) 100vw, 1024px\" \/><\/figure>\n\n\n\n<p class=\"wp-block-paragraph\">Cr\u00e9ez un contraste. Avec les cheveux noirs, priorisez les <strong>boucles d\u2019oreilles en or blanc<\/strong>. Mariez-les avec des pierres pr\u00e9cieuses comme le rubis, \u00e9meraude, saphir. Bref, portez des couleurs vives. Vous ajoutez de la lumi\u00e8re dans vos tenues.&nbsp;<\/p>\n\n\n\n<p class=\"wp-block-paragraph\">Faites de vos bijoux une touche de couleur. Sur l\u2019\u00c9choppe Fran\u00e7aises, vous avez des mod\u00e8les en <strong>cuir color\u00e9<\/strong>. Ils ajouteront aussi de l\u2019originalit\u00e9 et du style.&nbsp;<\/p>\n\n\n\n<h2 class=\"wp-block-heading\">Comment choisir les boucles d\u2019oreilles pour une rousse&nbsp;?&nbsp;<\/h2>\n\n\n\n<figure class=\"wp-block-image size-large\"><img loading=\"lazy\" decoding=\"async\" width=\"1024\" height=\"1024\" src=\"https:\/\/www.echoppe-francaise.fr\/blog\/wp-content\/uploads\/2023\/12\/boucles-d-oreilles-en-argent-pour-une-rousse-1024x1024.jpg\" alt=\"Une jeune femme rousse avec des boucles d'oreilles pendantes color\u00e9s. \" class=\"wp-image-1911\" srcset=\"https:\/\/www.echoppe-francaise.fr\/blog\/wp-content\/uploads\/2023\/12\/boucles-d-oreilles-en-argent-pour-une-rousse.jpg 1024w, https:\/\/www.echoppe-francaise.fr\/blog\/wp-content\/uploads\/2023\/12\/boucles-d-oreilles-en-argent-pour-une-rousse-300x300.jpg 300w, https:\/\/www.echoppe-francaise.fr\/blog\/wp-content\/uploads\/2023\/12\/boucles-d-oreilles-en-argent-pour-une-rousse-150x150.jpg 150w, https:\/\/www.echoppe-francaise.fr\/blog\/wp-content\/uploads\/2023\/12\/boucles-d-oreilles-en-argent-pour-une-rousse-768x768.jpg 768w\" sizes=\"auto, (max-width: 1024px) 100vw, 1024px\" \/><\/figure>\n\n\n\n<p class=\"wp-block-paragraph\">Vous \u00eates rousses&nbsp;? Privil\u00e9giez les tons chauds. Ce sera plus agr\u00e9able \u00e0 regarder et \u00e0 porter. L\u2019<strong>or jaune<\/strong> est votre meilleur alli\u00e9. C\u2019est parfait pour un peu de lumi\u00e8re dans votre tenue.&nbsp;<\/p>\n\n\n\n<p class=\"wp-block-paragraph\">Pour les pendentifs&nbsp;? Inspirez-vous des couleurs des <strong>pierres pr\u00e9cieuses<\/strong>. Exemple&nbsp;: L&rsquo;Ambre, la citrine ou la cornaline. C\u2019est parfait pour mettre en valeur les t\u00e2ches de rousseur.&nbsp;<\/p>\n\n\n\n<p class=\"wp-block-paragraph\">Osez aussi les <strong>tons verts<\/strong>. L\u2019\u00e9meraude mettra en valeur vos colorations. Cette couleur vive ajoutera de l\u2019originalit\u00e9 dans votre tenue.\u00a0<\/p>\n\n\n\n<p class=\"wp-block-paragraph\">Explorez plus en d\u00e9tail le choix des boucles d&rsquo;oreilles pour les rousses gr\u00e2ce \u00e0 notre guide : <a href=\"https:\/\/www.echoppe-francaise.fr\/blog\/quelle-couleur-de-boucle-doreille-pour-une-rousse\/\" target=\"_blank\" rel=\"noreferrer noopener\">Quelle couleur de boucle d&rsquo;oreille pour une rousse\u00a0?<\/a><\/p>\n\n\n\n<h2 class=\"wp-block-heading\">Quelles boucles d\u2019oreilles pour celles qui ont les cheveux poivre et sel&nbsp;?<\/h2>\n\n\n\n<figure class=\"wp-block-image size-large\"><img loading=\"lazy\" decoding=\"async\" width=\"1024\" height=\"1024\" src=\"https:\/\/www.echoppe-francaise.fr\/blog\/wp-content\/uploads\/2023\/12\/boucles-d-oreilles-pendantes-plaquees-or-pour-femmes-aux-cheveux-grises-1024x1024.jpg\" alt=\"Une femme aux cheveux grises avec une boucle d'oreille en or. \" class=\"wp-image-1909\" srcset=\"https:\/\/www.echoppe-francaise.fr\/blog\/wp-content\/uploads\/2023\/12\/boucles-d-oreilles-pendantes-plaquees-or-pour-femmes-aux-cheveux-grises.jpg 1024w, https:\/\/www.echoppe-francaise.fr\/blog\/wp-content\/uploads\/2023\/12\/boucles-d-oreilles-pendantes-plaquees-or-pour-femmes-aux-cheveux-grises-300x300.jpg 300w, https:\/\/www.echoppe-francaise.fr\/blog\/wp-content\/uploads\/2023\/12\/boucles-d-oreilles-pendantes-plaquees-or-pour-femmes-aux-cheveux-grises-150x150.jpg 150w, https:\/\/www.echoppe-francaise.fr\/blog\/wp-content\/uploads\/2023\/12\/boucles-d-oreilles-pendantes-plaquees-or-pour-femmes-aux-cheveux-grises-768x768.jpg 768w\" sizes=\"auto, (max-width: 1024px) 100vw, 1024px\" \/><\/figure>\n\n\n\n<p class=\"wp-block-paragraph\">Assurez vos cheveux naturels, l\u00e9g\u00e8rement gris. C\u2019est parfait avec les <strong>bijoux argent\u00e9s<\/strong>. Vous n\u2019avez pas le budget pour ce m\u00e9tal pr\u00e9cieux&nbsp;? Optez pour les plaqu\u00e9s argent. Trouvez votre bonheur sur l\u2019\u00c9choppe Fran\u00e7aise.&nbsp;<\/p>\n\n\n\n<p class=\"wp-block-paragraph\">Les pierres pr\u00e9cieuses sont vos alli\u00e9s. Ils ajoutent du chic dans la tenue. Le cristal et le diamant sont \u00e0 prioriser. Pour la vie de tous les jours, choisissez des bijoux fantaisie. Certains embarquent de fausses <strong>pierres transparentes et claires<\/strong>.&nbsp;<\/p>\n\n\n\n<p class=\"wp-block-paragraph\">L\u2019essentiel est que vos <strong>boucles d\u2019oreilles vous plaisent<\/strong>. Ce sera plus facile de les porter. Ils doivent \u00eatre coh\u00e9rents avec votre style&nbsp;: en couleur et en coupe. La taille&nbsp;? Tout d\u00e9pend de la morphologie de votre visage. Tenez aussi compte de la longueur de vos cheveux. Adressez-vous \u00e0 des boutiques comme l\u2019\u00c9choppe Fran\u00e7aise pour parfaire votre garde-robe. Nous travaillons avec des cr\u00e9ateurs locaux. De quoi vous assurer un look chic et tendance.&nbsp;<\/p>\n\n\n\n<h3 class=\"wp-block-heading\">D\u00e9couvrez d&rsquo;autres techniques pour choisir les boucles d&rsquo;oreilles sur nos autres guides : <\/h3>\n\n\n\n<ul class=\"wp-block-list\">\n<li><a href=\"https:\/\/www.echoppe-francaise.fr\/blog\/comment-choisir-la-couleur-des-boucles-doreilles\/\" target=\"_blank\" rel=\"noreferrer noopener\">Comment choisir la couleur des boucles d&rsquo;oreilles&nbsp;?<\/a><\/li>\n\n\n\n<li><a href=\"https:\/\/www.echoppe-francaise.fr\/blog\/comment-savoir-si-une-boucle-doreille-nous-va-bien\/\" target=\"_blank\" rel=\"noreferrer noopener\">Comment savoir si une boucle d&rsquo;oreille nous va bien&nbsp;?<\/a><\/li>\n\n\n\n<li><a href=\"https:\/\/www.echoppe-francaise.fr\/blog\/quel-type-de-boucles-doreilles-choisir\/\" target=\"_blank\" rel=\"noreferrer noopener\">Quel type de boucles d&rsquo;oreilles choisir&nbsp;?<\/a><\/li>\n\n\n\n<li><a href=\"https:\/\/www.echoppe-francaise.fr\/blog\/quelle-boucle-doreille-pour-quel-visage\/\" target=\"_blank\" rel=\"noreferrer noopener\">Quelle boucle d&rsquo;oreille pour quel visage&nbsp;?<\/a><\/li>\n\n\n\n<li><a href=\"https:\/\/www.echoppe-francaise.fr\/blog\/quelles-boucles-doreilles-pour-quelles-coupes\/\" target=\"_blank\" rel=\"noreferrer noopener\">Quelles boucles d&rsquo;oreilles pour quelles coupes\u00a0?<\/a><\/li>\n<\/ul>\n","protected":false},"excerpt":{"rendered":"<p>Choisissez des boucles d\u2019oreilles en harmonie avec votre style. Donc, tenez compte de votre couleur de cheveux. Vous \u00e9viterez ainsi de surcharger votre look. Et, vous aurez un meilleur rendu. Le point.&nbsp; Des id\u00e9es de boucles d\u2019oreilles pour les blondes &nbsp; Vous avez des cheveux blonds dor\u00e9s ou jaunes&nbsp;? Optez pour des boucles d\u2019oreilles l\u00e9g\u00e8res.&hellip;&nbsp;<\/p>\n","protected":false},"author":6,"featured_media":0,"parent":1814,"menu_order":0,"comment_status":"closed","ping_status":"closed","template":"","meta":{"_crdt_document":"","neve_meta_sidebar":"","neve_meta_container":"","neve_meta_enable_content_width":"","neve_meta_content_width":0,"neve_meta_title_alignment":"","neve_meta_author_avatar":"","neve_post_elements_order":"","neve_meta_disable_header":"","neve_meta_disable_footer":"","neve_meta_disable_title":"","footnotes":""},"class_list":["post-1832","page","type-page","status-publish","hentry"],"yoast_head":"<!-- This site is optimized with the Yoast SEO plugin v27.5 - https:\/\/yoast.com\/product\/yoast-seo-wordpress\/ -->\n<title>Comment choisir ma boucle d&#039;oreille selon ma coloration ?<\/title>\n<meta name=\"description\" content=\"Lisez notre article pour plus de d\u00e9tails et trouver la bonne boucle d&#039;oreille en fonction de votre couleur de cheveux.\" \/>\n<meta name=\"robots\" content=\"index, follow, max-snippet:-1, max-image-preview:large, max-video-preview:-1\" \/>\n<link rel=\"canonical\" href=\"https:\/\/www.echoppe-francaise.fr\/blog\/quelle-boucle-doreille-en-fonction-de-ma-couleur-de-cheveux\/\" \/>\n<meta property=\"og:locale\" content=\"fr_FR\" \/>\n<meta property=\"og:type\" content=\"article\" \/>\n<meta property=\"og:title\" content=\"Comment choisir ma boucle d&#039;oreille selon ma coloration ?\" \/>\n<meta property=\"og:description\" content=\"Lisez notre article pour plus de d\u00e9tails et trouver la bonne boucle d&#039;oreille en fonction de votre couleur de cheveux.\" \/>\n<meta property=\"og:url\" content=\"https:\/\/www.echoppe-francaise.fr\/blog\/quelle-boucle-doreille-en-fonction-de-ma-couleur-de-cheveux\/\" \/>\n<meta property=\"og:site_name\" content=\"\u00c9choppe Fran\u00e7aise, le Blog\" \/>\n<meta property=\"article:modified_time\" content=\"2023-12-14T12:57:50+00:00\" \/>\n<meta property=\"og:image\" content=\"https:\/\/www.echoppe-francaise.fr\/blog\/wp-content\/uploads\/2023\/12\/boucles-d-oreilles-pendantes-en-or-ou-en-argent-pour-differentes-colorations-1024x1024.jpg\" \/>\n<meta name=\"twitter:card\" content=\"summary_large_image\" \/>\n<meta name=\"twitter:label1\" content=\"Dur\u00e9e de lecture estim\u00e9e\" \/>\n\t<meta name=\"twitter:data1\" content=\"5 minutes\" \/>\n<script type=\"application\/ld+json\" class=\"yoast-schema-graph\">{\"@context\":\"https:\\\/\\\/schema.org\",\"@graph\":[{\"@type\":\"WebPage\",\"@id\":\"https:\\\/\\\/www.echoppe-francaise.fr\\\/blog\\\/quelle-boucle-doreille-en-fonction-de-ma-couleur-de-cheveux\\\/\",\"url\":\"https:\\\/\\\/www.echoppe-francaise.fr\\\/blog\\\/quelle-boucle-doreille-en-fonction-de-ma-couleur-de-cheveux\\\/\",\"name\":\"Comment choisir ma boucle d'oreille selon ma coloration ?\",\"isPartOf\":{\"@id\":\"https:\\\/\\\/www.echoppe-francaise.fr\\\/blog\\\/#website\"},\"primaryImageOfPage\":{\"@id\":\"https:\\\/\\\/www.echoppe-francaise.fr\\\/blog\\\/quelle-boucle-doreille-en-fonction-de-ma-couleur-de-cheveux\\\/#primaryimage\"},\"image\":{\"@id\":\"https:\\\/\\\/www.echoppe-francaise.fr\\\/blog\\\/quelle-boucle-doreille-en-fonction-de-ma-couleur-de-cheveux\\\/#primaryimage\"},\"thumbnailUrl\":\"https:\\\/\\\/www.echoppe-francaise.fr\\\/blog\\\/wp-content\\\/uploads\\\/2023\\\/12\\\/boucles-d-oreilles-pendantes-en-or-ou-en-argent-pour-differentes-colorations-1024x1024.jpg\",\"datePublished\":\"2023-12-13T13:27:04+00:00\",\"dateModified\":\"2023-12-14T12:57:50+00:00\",\"description\":\"Lisez notre article pour plus de d\u00e9tails et trouver la bonne boucle d'oreille en fonction de votre couleur de cheveux.\",\"breadcrumb\":{\"@id\":\"https:\\\/\\\/www.echoppe-francaise.fr\\\/blog\\\/quelle-boucle-doreille-en-fonction-de-ma-couleur-de-cheveux\\\/#breadcrumb\"},\"inLanguage\":\"fr-FR\",\"potentialAction\":[{\"@type\":\"ReadAction\",\"target\":[\"https:\\\/\\\/www.echoppe-francaise.fr\\\/blog\\\/quelle-boucle-doreille-en-fonction-de-ma-couleur-de-cheveux\\\/\"]}]},{\"@type\":\"ImageObject\",\"inLanguage\":\"fr-FR\",\"@id\":\"https:\\\/\\\/www.echoppe-francaise.fr\\\/blog\\\/quelle-boucle-doreille-en-fonction-de-ma-couleur-de-cheveux\\\/#primaryimage\",\"url\":\"https:\\\/\\\/www.echoppe-francaise.fr\\\/blog\\\/wp-content\\\/uploads\\\/2023\\\/12\\\/boucles-d-oreilles-pendantes-en-or-ou-en-argent-pour-differentes-colorations.jpg\",\"contentUrl\":\"https:\\\/\\\/www.echoppe-francaise.fr\\\/blog\\\/wp-content\\\/uploads\\\/2023\\\/12\\\/boucles-d-oreilles-pendantes-en-or-ou-en-argent-pour-differentes-colorations.jpg\",\"width\":1024,\"height\":1024},{\"@type\":\"BreadcrumbList\",\"@id\":\"https:\\\/\\\/www.echoppe-francaise.fr\\\/blog\\\/quelle-boucle-doreille-en-fonction-de-ma-couleur-de-cheveux\\\/#breadcrumb\",\"itemListElement\":[{\"@type\":\"ListItem\",\"position\":1,\"name\":\"Accueil\",\"item\":\"https:\\\/\\\/www.echoppe-francaise.fr\\\/blog\\\/\"},{\"@type\":\"ListItem\",\"position\":2,\"name\":\"Comment choisir mes boucles d\u2019oreilles\u00a0?\",\"item\":\"https:\\\/\\\/www.echoppe-francaise.fr\\\/blog\\\/comment-choisir-mes-boucles-doreilles\\\/\"},{\"@type\":\"ListItem\",\"position\":3,\"name\":\"Quelle boucle d&rsquo;oreille en fonction de ma couleur de cheveux\u00a0?\"}]},{\"@type\":\"WebSite\",\"@id\":\"https:\\\/\\\/www.echoppe-francaise.fr\\\/blog\\\/#website\",\"url\":\"https:\\\/\\\/www.echoppe-francaise.fr\\\/blog\\\/\",\"name\":\"\u00c9choppe Fran\u00e7aise, le Blog\",\"description\":\"Le blog des Cr\u00e9atrices et Cr\u00e9ateurs fran\u00e7ais\",\"publisher\":{\"@id\":\"https:\\\/\\\/www.echoppe-francaise.fr\\\/blog\\\/#organization\"},\"potentialAction\":[{\"@type\":\"SearchAction\",\"target\":{\"@type\":\"EntryPoint\",\"urlTemplate\":\"https:\\\/\\\/www.echoppe-francaise.fr\\\/blog\\\/?s={search_term_string}\"},\"query-input\":{\"@type\":\"PropertyValueSpecification\",\"valueRequired\":true,\"valueName\":\"search_term_string\"}}],\"inLanguage\":\"fr-FR\"},{\"@type\":\"Organization\",\"@id\":\"https:\\\/\\\/www.echoppe-francaise.fr\\\/blog\\\/#organization\",\"name\":\"L'\u00e9choppe Fran\u00e7aise\",\"url\":\"https:\\\/\\\/www.echoppe-francaise.fr\\\/blog\\\/\",\"logo\":{\"@type\":\"ImageObject\",\"inLanguage\":\"fr-FR\",\"@id\":\"https:\\\/\\\/www.echoppe-francaise.fr\\\/blog\\\/#\\\/schema\\\/logo\\\/image\\\/\",\"url\":\"https:\\\/\\\/www.echoppe-francaise.fr\\\/blog\\\/wp-content\\\/uploads\\\/2017\\\/04\\\/echoppe-francaise-logo-1489412704.png\",\"contentUrl\":\"https:\\\/\\\/www.echoppe-francaise.fr\\\/blog\\\/wp-content\\\/uploads\\\/2017\\\/04\\\/echoppe-francaise-logo-1489412704.png\",\"width\":492,\"height\":270,\"caption\":\"L'\u00e9choppe Fran\u00e7aise\"},\"image\":{\"@id\":\"https:\\\/\\\/www.echoppe-francaise.fr\\\/blog\\\/#\\\/schema\\\/logo\\\/image\\\/\"}}]}<\/script>\n<!-- \/ Yoast SEO plugin. -->","yoast_head_json":{"title":"Comment choisir ma boucle d'oreille selon ma coloration ?","description":"Lisez notre article pour plus de d\u00e9tails et trouver la bonne boucle d'oreille en fonction de votre couleur de cheveux.","robots":{"index":"index","follow":"follow","max-snippet":"max-snippet:-1","max-image-preview":"max-image-preview:large","max-video-preview":"max-video-preview:-1"},"canonical":"https:\/\/www.echoppe-francaise.fr\/blog\/quelle-boucle-doreille-en-fonction-de-ma-couleur-de-cheveux\/","og_locale":"fr_FR","og_type":"article","og_title":"Comment choisir ma boucle d'oreille selon ma coloration ?","og_description":"Lisez notre article pour plus de d\u00e9tails et trouver la bonne boucle d'oreille en fonction de votre couleur de cheveux.","og_url":"https:\/\/www.echoppe-francaise.fr\/blog\/quelle-boucle-doreille-en-fonction-de-ma-couleur-de-cheveux\/","og_site_name":"\u00c9choppe Fran\u00e7aise, le Blog","article_modified_time":"2023-12-14T12:57:50+00:00","og_image":[{"url":"https:\/\/www.echoppe-francaise.fr\/blog\/wp-content\/uploads\/2023\/12\/boucles-d-oreilles-pendantes-en-or-ou-en-argent-pour-differentes-colorations-1024x1024.jpg","type":"","width":"","height":""}],"twitter_card":"summary_large_image","twitter_misc":{"Dur\u00e9e de lecture estim\u00e9e":"5 minutes"},"schema":{"@context":"https:\/\/schema.org","@graph":[{"@type":"WebPage","@id":"https:\/\/www.echoppe-francaise.fr\/blog\/quelle-boucle-doreille-en-fonction-de-ma-couleur-de-cheveux\/","url":"https:\/\/www.echoppe-francaise.fr\/blog\/quelle-boucle-doreille-en-fonction-de-ma-couleur-de-cheveux\/","name":"Comment choisir ma boucle d'oreille selon ma coloration ?","isPartOf":{"@id":"https:\/\/www.echoppe-francaise.fr\/blog\/#website"},"primaryImageOfPage":{"@id":"https:\/\/www.echoppe-francaise.fr\/blog\/quelle-boucle-doreille-en-fonction-de-ma-couleur-de-cheveux\/#primaryimage"},"image":{"@id":"https:\/\/www.echoppe-francaise.fr\/blog\/quelle-boucle-doreille-en-fonction-de-ma-couleur-de-cheveux\/#primaryimage"},"thumbnailUrl":"https:\/\/www.echoppe-francaise.fr\/blog\/wp-content\/uploads\/2023\/12\/boucles-d-oreilles-pendantes-en-or-ou-en-argent-pour-differentes-colorations-1024x1024.jpg","datePublished":"2023-12-13T13:27:04+00:00","dateModified":"2023-12-14T12:57:50+00:00","description":"Lisez notre article pour plus de d\u00e9tails et trouver la bonne boucle d'oreille en fonction de votre couleur de cheveux.","breadcrumb":{"@id":"https:\/\/www.echoppe-francaise.fr\/blog\/quelle-boucle-doreille-en-fonction-de-ma-couleur-de-cheveux\/#breadcrumb"},"inLanguage":"fr-FR","potentialAction":[{"@type":"ReadAction","target":["https:\/\/www.echoppe-francaise.fr\/blog\/quelle-boucle-doreille-en-fonction-de-ma-couleur-de-cheveux\/"]}]},{"@type":"ImageObject","inLanguage":"fr-FR","@id":"https:\/\/www.echoppe-francaise.fr\/blog\/quelle-boucle-doreille-en-fonction-de-ma-couleur-de-cheveux\/#primaryimage","url":"https:\/\/www.echoppe-francaise.fr\/blog\/wp-content\/uploads\/2023\/12\/boucles-d-oreilles-pendantes-en-or-ou-en-argent-pour-differentes-colorations.jpg","contentUrl":"https:\/\/www.echoppe-francaise.fr\/blog\/wp-content\/uploads\/2023\/12\/boucles-d-oreilles-pendantes-en-or-ou-en-argent-pour-differentes-colorations.jpg","width":1024,"height":1024},{"@type":"BreadcrumbList","@id":"https:\/\/www.echoppe-francaise.fr\/blog\/quelle-boucle-doreille-en-fonction-de-ma-couleur-de-cheveux\/#breadcrumb","itemListElement":[{"@type":"ListItem","position":1,"name":"Accueil","item":"https:\/\/www.echoppe-francaise.fr\/blog\/"},{"@type":"ListItem","position":2,"name":"Comment choisir mes boucles d\u2019oreilles\u00a0?","item":"https:\/\/www.echoppe-francaise.fr\/blog\/comment-choisir-mes-boucles-doreilles\/"},{"@type":"ListItem","position":3,"name":"Quelle boucle d&rsquo;oreille en fonction de ma couleur de cheveux\u00a0?"}]},{"@type":"WebSite","@id":"https:\/\/www.echoppe-francaise.fr\/blog\/#website","url":"https:\/\/www.echoppe-francaise.fr\/blog\/","name":"\u00c9choppe Fran\u00e7aise, le Blog","description":"Le blog des Cr\u00e9atrices et Cr\u00e9ateurs fran\u00e7ais","publisher":{"@id":"https:\/\/www.echoppe-francaise.fr\/blog\/#organization"},"potentialAction":[{"@type":"SearchAction","target":{"@type":"EntryPoint","urlTemplate":"https:\/\/www.echoppe-francaise.fr\/blog\/?s={search_term_string}"},"query-input":{"@type":"PropertyValueSpecification","valueRequired":true,"valueName":"search_term_string"}}],"inLanguage":"fr-FR"},{"@type":"Organization","@id":"https:\/\/www.echoppe-francaise.fr\/blog\/#organization","name":"L'\u00e9choppe Fran\u00e7aise","url":"https:\/\/www.echoppe-francaise.fr\/blog\/","logo":{"@type":"ImageObject","inLanguage":"fr-FR","@id":"https:\/\/www.echoppe-francaise.fr\/blog\/#\/schema\/logo\/image\/","url":"https:\/\/www.echoppe-francaise.fr\/blog\/wp-content\/uploads\/2017\/04\/echoppe-francaise-logo-1489412704.png","contentUrl":"https:\/\/www.echoppe-francaise.fr\/blog\/wp-content\/uploads\/2017\/04\/echoppe-francaise-logo-1489412704.png","width":492,"height":270,"caption":"L'\u00e9choppe Fran\u00e7aise"},"image":{"@id":"https:\/\/www.echoppe-francaise.fr\/blog\/#\/schema\/logo\/image\/"}}]}},"_links":{"self":[{"href":"https:\/\/www.echoppe-francaise.fr\/blog\/wp-json\/wp\/v2\/pages\/1832","targetHints":{"allow":["GET"]}}],"collection":[{"href":"https:\/\/www.echoppe-francaise.fr\/blog\/wp-json\/wp\/v2\/pages"}],"about":[{"href":"https:\/\/www.echoppe-francaise.fr\/blog\/wp-json\/wp\/v2\/types\/page"}],"author":[{"embeddable":true,"href":"https:\/\/www.echoppe-francaise.fr\/blog\/wp-json\/wp\/v2\/users\/6"}],"replies":[{"embeddable":true,"href":"https:\/\/www.echoppe-francaise.fr\/blog\/wp-json\/wp\/v2\/comments?post=1832"}],"version-history":[{"count":4,"href":"https:\/\/www.echoppe-francaise.fr\/blog\/wp-json\/wp\/v2\/pages\/1832\/revisions"}],"predecessor-version":[{"id":1944,"href":"https:\/\/www.echoppe-francaise.fr\/blog\/wp-json\/wp\/v2\/pages\/1832\/revisions\/1944"}],"up":[{"embeddable":true,"href":"https:\/\/www.echoppe-francaise.fr\/blog\/wp-json\/wp\/v2\/pages\/1814"}],"wp:attachment":[{"href":"https:\/\/www.echoppe-francaise.fr\/blog\/wp-json\/wp\/v2\/media?parent=1832"}],"curies":[{"name":"wp","href":"https:\/\/api.w.org\/{rel}","templated":true}]}}