{"id":1793,"date":"2023-12-08T08:29:44","date_gmt":"2023-12-08T07:29:44","guid":{"rendered":"https:\/\/www.echoppe-francaise.fr\/blog\/?page_id=1793"},"modified":"2026-02-19T10:47:13","modified_gmt":"2026-02-19T09:47:13","slug":"comment-trouver-le-lampadaire-ideal","status":"publish","type":"page","link":"https:\/\/www.echoppe-francaise.fr\/blog\/comment-trouver-le-lampadaire-ideal\/","title":{"rendered":"Comment trouver le lampadaire id\u00e9al\u00a0?"},"content":{"rendered":"\n<figure class=\"wp-block-image size-large\"><img loading=\"lazy\" decoding=\"async\" width=\"1024\" height=\"1024\" src=\"https:\/\/www.echoppe-francaise.fr\/blog\/wp-content\/uploads\/2023\/12\/Comment-trouver-le-lampadaire-ideal-1024x1024.jpg\" alt=\"Lampadaire original styl\u00e9 avec un \u00e9clairage jaune dans un salon. \" class=\"wp-image-1795\" srcset=\"https:\/\/www.echoppe-francaise.fr\/blog\/wp-content\/uploads\/2023\/12\/Comment-trouver-le-lampadaire-ideal.jpg 1024w, https:\/\/www.echoppe-francaise.fr\/blog\/wp-content\/uploads\/2023\/12\/Comment-trouver-le-lampadaire-ideal-300x300.jpg 300w, https:\/\/www.echoppe-francaise.fr\/blog\/wp-content\/uploads\/2023\/12\/Comment-trouver-le-lampadaire-ideal-150x150.jpg 150w, https:\/\/www.echoppe-francaise.fr\/blog\/wp-content\/uploads\/2023\/12\/Comment-trouver-le-lampadaire-ideal-768x768.jpg 768w\" sizes=\"auto, (max-width: 1024px) 100vw, 1024px\" \/><\/figure>\n\n\n\n<p class=\"wp-block-paragraph\">Envie d\u2019un \u00e9clairage d\u2019ambiance dans vos pi\u00e8ces \u00e0 vivre&nbsp;? Pourquoi pas le <strong>lampadaire d\u2019int\u00e9rieur<\/strong>&nbsp;? Pas besoin de grands travaux d\u2019installation \u00e9lectrique pour l\u2019utiliser. Il suffit de brancher sur une prise. Ce syst\u00e8me d\u2019\u00e9clairage s\u2019invitera dans la chambre. Idem dans le salon ou les halls d\u2019entr\u00e9e. Il ajoutera une touche classique dans la salle \u00e0 manger. Encore faut-il trouver le bon accessoire \u00e0 installer chez vous. Nos conseils.&nbsp;<\/p>\n\n\n\n<h2 class=\"wp-block-heading\">Choisir le bon style de lampadaire en fonction de votre d\u00e9co<\/h2>\n\n\n\n<figure class=\"wp-block-image\"><img decoding=\"async\" src=\"https:\/\/lh7-us.googleusercontent.com\/CizRi23bg47MU0dOMdzF6_BXk1GLm_xRJCPU-VrCt36MF-IZm-jcx0G9t7Gs8ZdLhGBGoQIKb9FC7uBd9qym6u9TH5V9sU_juwEMl_82X02rDhiWY3Yp5qHqjoRnjIqylWxj_wzljck4SDCA_hDB_YTYn7Eq6xuPYh4cQrusU3bbLOvJRbpuRiZHhhbscBlW\" alt=\"Un lampadaire avec un \u00e9clairage jaune dans le salon.\"\/><\/figure>\n\n\n\n<p class=\"wp-block-paragraph\">Commencez par le style. Le lampadaire est aussi un accessoire de d\u00e9co. Il doit \u00eatre coh\u00e9rent avec le reste du mobilier. Jouez avec les mat\u00e9riaux de construction&nbsp;:&nbsp;<\/p>\n\n\n\n<ul class=\"wp-block-list\">\n<li>Le <strong>bois <\/strong>dans un am\u00e9nagement scandinave<\/li>\n\n\n\n<li>Ou des pieds en inox dans une pi\u00e8ce moderne<\/li>\n<\/ul>\n\n\n\n<p class=\"wp-block-paragraph\">Vous avez aussi les mod\u00e8les <strong>originaux<\/strong> pour plus de style. Tel est le cas des lampadaires orn\u00e9s d\u2019ampoules led, en forme d\u2019arbre, etc. Les accessoires en arc sont tendances. Vous avez les formes rondes ou perpendiculaires. C\u2019est gage d\u2019une modernit\u00e9 optimale dans votre pi\u00e8ce. Mais, ce n\u2019est pas id\u00e9al pour un \u00e9clairage cibl\u00e9. Pr\u00e9f\u00e9rez les <strong>lampadaires colonnes<\/strong> pour les mettre pr\u00e8s du canap\u00e9 ou de la fen\u00eatre.&nbsp;<\/p>\n\n\n\n<h2 class=\"wp-block-heading\">Quelle taille pour votre lampadaire int\u00e9rieur&nbsp;?&nbsp;<\/h2>\n\n\n\n<figure class=\"wp-block-image\"><img decoding=\"async\" src=\"https:\/\/lh7-us.googleusercontent.com\/-By22tjSQtDad3ycOIMDCXDeCF7ylN1wLf_MWs2prgB13bWRwCCiMft-gb7HwJrkcMAg7EatN054nbznT33H_nSO2aowInkcmNbH34mGBGu_i2-ZJOfa-AOPQzYBXajKhJSfnF2sqxnKLSvpYhiujjEYv43oOqdS6SmqyhNtig6ykZe7GpI7bVqBjAxzAL5G\" alt=\"Un lampadaire d'int\u00e9rieur en m\u00e9tal avec un \u00e9clairage blanc.\"\/><\/figure>\n\n\n\n<p class=\"wp-block-paragraph\">Ne risquez pas de surcharger votre pi\u00e8ce. Trouvez la <strong>bonne taille de lampadaire<\/strong>. L\u2019abat-jour ne doit pas g\u00e2cher la fonctionnalit\u00e9 de l\u2019espace. Quid de la hauteur de votre accessoire&nbsp;? Basez-vous sur votre taille. L\u2019ampoule doit \u00eatre au niveau de vos yeux, voire un peu plus bas. Vous cr\u00e9erez ainsi une atmosph\u00e8re agr\u00e9able.&nbsp;<\/p>\n\n\n\n<p class=\"wp-block-paragraph\">Vous comptez placer le lampadaire pr\u00e8s de la t\u00e9l\u00e9&nbsp;? Choisissez un mod\u00e8le plus grand. Vous \u00e9viterez les reflets. En moyenne, ces accessoires se d\u00e9clinent entre <strong>150 et 165 cm<\/strong>.&nbsp;<\/p>\n\n\n\n<p class=\"wp-block-paragraph\">D&rsquo;autres id\u00e9es pour \u00e9clairer votre int\u00e9rieur sur notre article : <a href=\"https:\/\/www.echoppe-francaise.fr\/blog\/quels-sont-les-differents-types-declairages\/\" target=\"_blank\" rel=\"noreferrer noopener\">Quels sont les diff\u00e9rents types d&rsquo;\u00e9clairage ?<\/a><\/p>\n\n\n\n<h2 class=\"wp-block-heading\">Quelle puissance de led pour votre lampadaire int\u00e9rieur&nbsp;?&nbsp;<\/h2>\n\n\n\n<figure class=\"wp-block-image\"><img decoding=\"async\" src=\"https:\/\/lh7-us.googleusercontent.com\/9iLSxi9TZ1OMSHWhLvxR4NaJjFcmmnrd3AWxBR1-g7tIXeqEHQR18l1ToRrC3LGjqxHJETyCCoxSWny4GaQIhhX7ksQtaNSGZjejT9sVXEClCb80e1zPsPRVOwwYKHL0EHsnj8zW-5WSE32j4L1rTyy-QOMPfS21EBX8Ft5-eIxBYK5CBehAztg38qbOa727\" alt=\"Un lampadaire avec un abat-jour original en m\u00e9tal.\"\/><\/figure>\n\n\n\n<p class=\"wp-block-paragraph\">La puissance du led impacte sur la couleur de la lumi\u00e8re. Ceci changera aussi l\u2019ambiance dans la pi\u00e8ce. Donc, voici les bons \u00e0 savoir&nbsp;:&nbsp;<\/p>\n\n\n\n<ul class=\"wp-block-list\">\n<li>Un <strong>\u00e9clairage jaune ou blanc<\/strong> chaud pour une pi\u00e8ce conviviale.&nbsp;<\/li>\n\n\n\n<li>Un <strong>\u00e9clairage blanc neutre ou froid<\/strong> pour les zones de r\u00e9flexion<\/li>\n<\/ul>\n\n\n\n<p class=\"wp-block-paragraph\">Le premier est id\u00e9al pour les chambres, les salons et les coins cocooning. Misez sur des led de <strong>100 \u00e0 200 lumens par m2<\/strong>. Une intensit\u00e9 de 1 500 \u00e0 3 000 K est id\u00e9ale. Tout d\u00e9pend de la taille de la pi\u00e8ce.&nbsp;<\/p>\n\n\n\n<p class=\"wp-block-paragraph\">Un <strong>\u00e9clairage neutre<\/strong> est recommand\u00e9 dans les bureaux, la salle de bain, etc. Dans ce cas, vous aurez besoin de 300 ou 400 lumens par m2. Le led peut aller jusqu\u2019\u00e0 4 000 k ou 5 000 K dans les grandes pi\u00e8ces.&nbsp;<\/p>\n\n\n\n<h2 class=\"wp-block-heading\">Pourquoi pas un lampadaire avec un \u00e9clairage indirect&nbsp;?&nbsp;<\/h2>\n\n\n\n<figure class=\"wp-block-image\"><img decoding=\"async\" src=\"https:\/\/lh7-us.googleusercontent.com\/pnk5133v5p9CR6m1HRPFaimEdEjXuBVgkgogiY3_shIL5D78xWX9rCtArKr5WYSTtXlcOwBDYt6owPc5GyWHzswBdpRIUmmAELTY9TCNKlmM7piXHEgGtKEqC2omeWz0KooWV-YXercNWnFGH6OKtURLfvYjagmACp7QgYrht_q1awnst_rkvGrrd25RF_qD\" alt=\"Un lampadaire en forme d'arc en m\u00e9tal et un autre avec un abat-jour globe dans un salon.\"\/><\/figure>\n\n\n\n<p class=\"wp-block-paragraph\">Faites de votre lampadaire un \u00e9clairage central. Dans ce cas, choisissez un syst\u00e8me<strong> indirect<\/strong>. C\u2019est-\u00e0-dire que les ampoules \u00e9clairent vers le haut. Votre pi\u00e8ce en profitera mieux.&nbsp;<\/p>\n\n\n\n<p class=\"wp-block-paragraph\">On vous le conseille pour les petites pi\u00e8ces. C\u2019est parfait pour une <strong>illusion d\u2019optique<\/strong>. Choisissez une lumi\u00e8re de couleur blanche neutre&nbsp;: 300 \u00e0 400 lumens par m2.&nbsp;&nbsp;<\/p>\n\n\n\n<p class=\"wp-block-paragraph\">Et, pourquoi pas utiliser le lampadaire comme soutien \u00e0 un \u00e9clairage central&nbsp;? Faites-en un \u00e9clairage pour vos coins lectures ou pour une <strong>ambiance romantique<\/strong> dans la pi\u00e8ce. Placez-le dans des endroits strat\u00e9giques&nbsp;: les coins de mur, pr\u00e8s des fen\u00eatres, des mobiliers, etc.&nbsp;<\/p>\n\n\n\n<h3 class=\"wp-block-heading\">Trouvez votre \u00e9clairage id\u00e9al pour votre int\u00e9rieur avec nos autres articles : <\/h3>\n\n\n\n<ul class=\"wp-block-list\">\n<li><a href=\"https:\/\/www.echoppe-francaise.fr\/blog\/comment-bien-choisir-sa-suspension-ou-lustre\/\" target=\"_blank\" rel=\"noreferrer noopener\">Comment bien choisir sa suspension ou lustre\u00a0?<\/a><\/li>\n<\/ul>\n","protected":false},"excerpt":{"rendered":"<p>Envie d\u2019un \u00e9clairage d\u2019ambiance dans vos pi\u00e8ces \u00e0 vivre&nbsp;? Pourquoi pas le lampadaire d\u2019int\u00e9rieur&nbsp;? Pas besoin de grands travaux d\u2019installation \u00e9lectrique pour l\u2019utiliser. Il suffit de brancher sur une prise. Ce syst\u00e8me d\u2019\u00e9clairage s\u2019invitera dans la chambre. Idem dans le salon ou les halls d\u2019entr\u00e9e. Il ajoutera une touche classique dans la salle \u00e0 manger.&hellip;&nbsp;<\/p>\n","protected":false},"author":6,"featured_media":0,"parent":1554,"menu_order":0,"comment_status":"closed","ping_status":"closed","template":"","meta":{"_crdt_document":"","neve_meta_sidebar":"","neve_meta_container":"","neve_meta_enable_content_width":"","neve_meta_content_width":0,"neve_meta_title_alignment":"","neve_meta_author_avatar":"","neve_post_elements_order":"","neve_meta_disable_header":"","neve_meta_disable_footer":"","neve_meta_disable_title":"","footnotes":""},"class_list":["post-1793","page","type-page","status-publish","hentry"],"yoast_head":"<!-- This site is optimized with the Yoast SEO plugin v27.6 - https:\/\/yoast.com\/product\/yoast-seo-wordpress\/ -->\n<title>Les Trucs pour Trouver le Lampadaire Id\u00e9al<\/title>\n<meta name=\"description\" content=\"Envie de donner du style \u00e0 votre int\u00e9rieur avec un beau lampadaire ? D\u00e9couvrez notre article pour faire le bon choix.\" \/>\n<meta name=\"robots\" content=\"index, follow, max-snippet:-1, max-image-preview:large, max-video-preview:-1\" \/>\n<link rel=\"canonical\" href=\"https:\/\/www.echoppe-francaise.fr\/blog\/comment-trouver-le-lampadaire-ideal\/\" \/>\n<meta property=\"og:locale\" content=\"fr_FR\" \/>\n<meta property=\"og:type\" content=\"article\" \/>\n<meta property=\"og:title\" content=\"Les Trucs pour Trouver le Lampadaire Id\u00e9al\" \/>\n<meta property=\"og:description\" content=\"Envie de donner du style \u00e0 votre int\u00e9rieur avec un beau lampadaire ? D\u00e9couvrez notre article pour faire le bon choix.\" \/>\n<meta property=\"og:url\" content=\"https:\/\/www.echoppe-francaise.fr\/blog\/comment-trouver-le-lampadaire-ideal\/\" \/>\n<meta property=\"og:site_name\" content=\"\u00c9choppe Fran\u00e7aise, le Blog\" \/>\n<meta property=\"article:modified_time\" content=\"2026-02-19T09:47:13+00:00\" \/>\n<meta property=\"og:image\" content=\"https:\/\/www.echoppe-francaise.fr\/blog\/wp-content\/uploads\/2023\/12\/Comment-trouver-le-lampadaire-ideal.jpg\" \/>\n\t<meta property=\"og:image:width\" content=\"1024\" \/>\n\t<meta property=\"og:image:height\" content=\"1024\" \/>\n\t<meta property=\"og:image:type\" content=\"image\/jpeg\" \/>\n<meta name=\"twitter:card\" content=\"summary_large_image\" \/>\n<meta name=\"twitter:label1\" content=\"Dur\u00e9e de lecture estim\u00e9e\" \/>\n\t<meta name=\"twitter:data1\" content=\"4 minutes\" \/>\n<script type=\"application\/ld+json\" class=\"yoast-schema-graph\">{\"@context\":\"https:\\\/\\\/schema.org\",\"@graph\":[{\"@type\":\"WebPage\",\"@id\":\"https:\\\/\\\/www.echoppe-francaise.fr\\\/blog\\\/comment-trouver-le-lampadaire-ideal\\\/\",\"url\":\"https:\\\/\\\/www.echoppe-francaise.fr\\\/blog\\\/comment-trouver-le-lampadaire-ideal\\\/\",\"name\":\"Les Trucs pour Trouver le Lampadaire Id\u00e9al\",\"isPartOf\":{\"@id\":\"https:\\\/\\\/www.echoppe-francaise.fr\\\/blog\\\/#website\"},\"primaryImageOfPage\":{\"@id\":\"https:\\\/\\\/www.echoppe-francaise.fr\\\/blog\\\/comment-trouver-le-lampadaire-ideal\\\/#primaryimage\"},\"image\":{\"@id\":\"https:\\\/\\\/www.echoppe-francaise.fr\\\/blog\\\/comment-trouver-le-lampadaire-ideal\\\/#primaryimage\"},\"thumbnailUrl\":\"https:\\\/\\\/www.echoppe-francaise.fr\\\/blog\\\/wp-content\\\/uploads\\\/2023\\\/12\\\/Comment-trouver-le-lampadaire-ideal-1024x1024.jpg\",\"datePublished\":\"2023-12-08T07:29:44+00:00\",\"dateModified\":\"2026-02-19T09:47:13+00:00\",\"description\":\"Envie de donner du style \u00e0 votre int\u00e9rieur avec un beau lampadaire ? D\u00e9couvrez notre article pour faire le bon choix.\",\"breadcrumb\":{\"@id\":\"https:\\\/\\\/www.echoppe-francaise.fr\\\/blog\\\/comment-trouver-le-lampadaire-ideal\\\/#breadcrumb\"},\"inLanguage\":\"fr-FR\",\"potentialAction\":[{\"@type\":\"ReadAction\",\"target\":[\"https:\\\/\\\/www.echoppe-francaise.fr\\\/blog\\\/comment-trouver-le-lampadaire-ideal\\\/\"]}]},{\"@type\":\"ImageObject\",\"inLanguage\":\"fr-FR\",\"@id\":\"https:\\\/\\\/www.echoppe-francaise.fr\\\/blog\\\/comment-trouver-le-lampadaire-ideal\\\/#primaryimage\",\"url\":\"https:\\\/\\\/www.echoppe-francaise.fr\\\/blog\\\/wp-content\\\/uploads\\\/2023\\\/12\\\/Comment-trouver-le-lampadaire-ideal.jpg\",\"contentUrl\":\"https:\\\/\\\/www.echoppe-francaise.fr\\\/blog\\\/wp-content\\\/uploads\\\/2023\\\/12\\\/Comment-trouver-le-lampadaire-ideal.jpg\",\"width\":1024,\"height\":1024},{\"@type\":\"BreadcrumbList\",\"@id\":\"https:\\\/\\\/www.echoppe-francaise.fr\\\/blog\\\/comment-trouver-le-lampadaire-ideal\\\/#breadcrumb\",\"itemListElement\":[{\"@type\":\"ListItem\",\"position\":1,\"name\":\"Accueil\",\"item\":\"https:\\\/\\\/www.echoppe-francaise.fr\\\/blog\\\/\"},{\"@type\":\"ListItem\",\"position\":2,\"name\":\"Quels sont les diff\u00e9rents types d&rsquo;\u00e9clairages\u00a0?\",\"item\":\"https:\\\/\\\/www.echoppe-francaise.fr\\\/blog\\\/quels-sont-les-differents-types-declairages\\\/\"},{\"@type\":\"ListItem\",\"position\":3,\"name\":\"Comment trouver le lampadaire id\u00e9al\u00a0?\"}]},{\"@type\":\"WebSite\",\"@id\":\"https:\\\/\\\/www.echoppe-francaise.fr\\\/blog\\\/#website\",\"url\":\"https:\\\/\\\/www.echoppe-francaise.fr\\\/blog\\\/\",\"name\":\"\u00c9choppe Fran\u00e7aise, le Blog\",\"description\":\"Le blog des Cr\u00e9atrices et Cr\u00e9ateurs fran\u00e7ais\",\"publisher\":{\"@id\":\"https:\\\/\\\/www.echoppe-francaise.fr\\\/blog\\\/#organization\"},\"potentialAction\":[{\"@type\":\"SearchAction\",\"target\":{\"@type\":\"EntryPoint\",\"urlTemplate\":\"https:\\\/\\\/www.echoppe-francaise.fr\\\/blog\\\/?s={search_term_string}\"},\"query-input\":{\"@type\":\"PropertyValueSpecification\",\"valueRequired\":true,\"valueName\":\"search_term_string\"}}],\"inLanguage\":\"fr-FR\"},{\"@type\":\"Organization\",\"@id\":\"https:\\\/\\\/www.echoppe-francaise.fr\\\/blog\\\/#organization\",\"name\":\"L'\u00e9choppe Fran\u00e7aise\",\"url\":\"https:\\\/\\\/www.echoppe-francaise.fr\\\/blog\\\/\",\"logo\":{\"@type\":\"ImageObject\",\"inLanguage\":\"fr-FR\",\"@id\":\"https:\\\/\\\/www.echoppe-francaise.fr\\\/blog\\\/#\\\/schema\\\/logo\\\/image\\\/\",\"url\":\"https:\\\/\\\/www.echoppe-francaise.fr\\\/blog\\\/wp-content\\\/uploads\\\/2017\\\/04\\\/echoppe-francaise-logo-1489412704.png\",\"contentUrl\":\"https:\\\/\\\/www.echoppe-francaise.fr\\\/blog\\\/wp-content\\\/uploads\\\/2017\\\/04\\\/echoppe-francaise-logo-1489412704.png\",\"width\":492,\"height\":270,\"caption\":\"L'\u00e9choppe Fran\u00e7aise\"},\"image\":{\"@id\":\"https:\\\/\\\/www.echoppe-francaise.fr\\\/blog\\\/#\\\/schema\\\/logo\\\/image\\\/\"}}]}<\/script>\n<!-- \/ Yoast SEO plugin. -->","yoast_head_json":{"title":"Les Trucs pour Trouver le Lampadaire Id\u00e9al","description":"Envie de donner du style \u00e0 votre int\u00e9rieur avec un beau lampadaire ? D\u00e9couvrez notre article pour faire le bon choix.","robots":{"index":"index","follow":"follow","max-snippet":"max-snippet:-1","max-image-preview":"max-image-preview:large","max-video-preview":"max-video-preview:-1"},"canonical":"https:\/\/www.echoppe-francaise.fr\/blog\/comment-trouver-le-lampadaire-ideal\/","og_locale":"fr_FR","og_type":"article","og_title":"Les Trucs pour Trouver le Lampadaire Id\u00e9al","og_description":"Envie de donner du style \u00e0 votre int\u00e9rieur avec un beau lampadaire ? D\u00e9couvrez notre article pour faire le bon choix.","og_url":"https:\/\/www.echoppe-francaise.fr\/blog\/comment-trouver-le-lampadaire-ideal\/","og_site_name":"\u00c9choppe Fran\u00e7aise, le Blog","article_modified_time":"2026-02-19T09:47:13+00:00","og_image":[{"width":1024,"height":1024,"url":"https:\/\/www.echoppe-francaise.fr\/blog\/wp-content\/uploads\/2023\/12\/Comment-trouver-le-lampadaire-ideal.jpg","type":"image\/jpeg"}],"twitter_card":"summary_large_image","twitter_misc":{"Dur\u00e9e de lecture estim\u00e9e":"4 minutes"},"schema":{"@context":"https:\/\/schema.org","@graph":[{"@type":"WebPage","@id":"https:\/\/www.echoppe-francaise.fr\/blog\/comment-trouver-le-lampadaire-ideal\/","url":"https:\/\/www.echoppe-francaise.fr\/blog\/comment-trouver-le-lampadaire-ideal\/","name":"Les Trucs pour Trouver le Lampadaire Id\u00e9al","isPartOf":{"@id":"https:\/\/www.echoppe-francaise.fr\/blog\/#website"},"primaryImageOfPage":{"@id":"https:\/\/www.echoppe-francaise.fr\/blog\/comment-trouver-le-lampadaire-ideal\/#primaryimage"},"image":{"@id":"https:\/\/www.echoppe-francaise.fr\/blog\/comment-trouver-le-lampadaire-ideal\/#primaryimage"},"thumbnailUrl":"https:\/\/www.echoppe-francaise.fr\/blog\/wp-content\/uploads\/2023\/12\/Comment-trouver-le-lampadaire-ideal-1024x1024.jpg","datePublished":"2023-12-08T07:29:44+00:00","dateModified":"2026-02-19T09:47:13+00:00","description":"Envie de donner du style \u00e0 votre int\u00e9rieur avec un beau lampadaire ? D\u00e9couvrez notre article pour faire le bon choix.","breadcrumb":{"@id":"https:\/\/www.echoppe-francaise.fr\/blog\/comment-trouver-le-lampadaire-ideal\/#breadcrumb"},"inLanguage":"fr-FR","potentialAction":[{"@type":"ReadAction","target":["https:\/\/www.echoppe-francaise.fr\/blog\/comment-trouver-le-lampadaire-ideal\/"]}]},{"@type":"ImageObject","inLanguage":"fr-FR","@id":"https:\/\/www.echoppe-francaise.fr\/blog\/comment-trouver-le-lampadaire-ideal\/#primaryimage","url":"https:\/\/www.echoppe-francaise.fr\/blog\/wp-content\/uploads\/2023\/12\/Comment-trouver-le-lampadaire-ideal.jpg","contentUrl":"https:\/\/www.echoppe-francaise.fr\/blog\/wp-content\/uploads\/2023\/12\/Comment-trouver-le-lampadaire-ideal.jpg","width":1024,"height":1024},{"@type":"BreadcrumbList","@id":"https:\/\/www.echoppe-francaise.fr\/blog\/comment-trouver-le-lampadaire-ideal\/#breadcrumb","itemListElement":[{"@type":"ListItem","position":1,"name":"Accueil","item":"https:\/\/www.echoppe-francaise.fr\/blog\/"},{"@type":"ListItem","position":2,"name":"Quels sont les diff\u00e9rents types d&rsquo;\u00e9clairages\u00a0?","item":"https:\/\/www.echoppe-francaise.fr\/blog\/quels-sont-les-differents-types-declairages\/"},{"@type":"ListItem","position":3,"name":"Comment trouver le lampadaire id\u00e9al\u00a0?"}]},{"@type":"WebSite","@id":"https:\/\/www.echoppe-francaise.fr\/blog\/#website","url":"https:\/\/www.echoppe-francaise.fr\/blog\/","name":"\u00c9choppe Fran\u00e7aise, le Blog","description":"Le blog des Cr\u00e9atrices et Cr\u00e9ateurs fran\u00e7ais","publisher":{"@id":"https:\/\/www.echoppe-francaise.fr\/blog\/#organization"},"potentialAction":[{"@type":"SearchAction","target":{"@type":"EntryPoint","urlTemplate":"https:\/\/www.echoppe-francaise.fr\/blog\/?s={search_term_string}"},"query-input":{"@type":"PropertyValueSpecification","valueRequired":true,"valueName":"search_term_string"}}],"inLanguage":"fr-FR"},{"@type":"Organization","@id":"https:\/\/www.echoppe-francaise.fr\/blog\/#organization","name":"L'\u00e9choppe Fran\u00e7aise","url":"https:\/\/www.echoppe-francaise.fr\/blog\/","logo":{"@type":"ImageObject","inLanguage":"fr-FR","@id":"https:\/\/www.echoppe-francaise.fr\/blog\/#\/schema\/logo\/image\/","url":"https:\/\/www.echoppe-francaise.fr\/blog\/wp-content\/uploads\/2017\/04\/echoppe-francaise-logo-1489412704.png","contentUrl":"https:\/\/www.echoppe-francaise.fr\/blog\/wp-content\/uploads\/2017\/04\/echoppe-francaise-logo-1489412704.png","width":492,"height":270,"caption":"L'\u00e9choppe Fran\u00e7aise"},"image":{"@id":"https:\/\/www.echoppe-francaise.fr\/blog\/#\/schema\/logo\/image\/"}}]}},"_links":{"self":[{"href":"https:\/\/www.echoppe-francaise.fr\/blog\/wp-json\/wp\/v2\/pages\/1793","targetHints":{"allow":["GET"]}}],"collection":[{"href":"https:\/\/www.echoppe-francaise.fr\/blog\/wp-json\/wp\/v2\/pages"}],"about":[{"href":"https:\/\/www.echoppe-francaise.fr\/blog\/wp-json\/wp\/v2\/types\/page"}],"author":[{"embeddable":true,"href":"https:\/\/www.echoppe-francaise.fr\/blog\/wp-json\/wp\/v2\/users\/6"}],"replies":[{"embeddable":true,"href":"https:\/\/www.echoppe-francaise.fr\/blog\/wp-json\/wp\/v2\/comments?post=1793"}],"version-history":[{"count":7,"href":"https:\/\/www.echoppe-francaise.fr\/blog\/wp-json\/wp\/v2\/pages\/1793\/revisions"}],"predecessor-version":[{"id":2371,"href":"https:\/\/www.echoppe-francaise.fr\/blog\/wp-json\/wp\/v2\/pages\/1793\/revisions\/2371"}],"up":[{"embeddable":true,"href":"https:\/\/www.echoppe-francaise.fr\/blog\/wp-json\/wp\/v2\/pages\/1554"}],"wp:attachment":[{"href":"https:\/\/www.echoppe-francaise.fr\/blog\/wp-json\/wp\/v2\/media?parent=1793"}],"curies":[{"name":"wp","href":"https:\/\/api.w.org\/{rel}","templated":true}]}}