{"id":1778,"date":"2023-12-08T07:49:09","date_gmt":"2023-12-08T06:49:09","guid":{"rendered":"https:\/\/www.echoppe-francaise.fr\/blog\/?page_id=1778"},"modified":"2026-01-20T14:19:34","modified_gmt":"2026-01-20T13:19:34","slug":"comment-bien-choisir-sa-suspension-ou-lustre","status":"publish","type":"page","link":"https:\/\/www.echoppe-francaise.fr\/blog\/comment-bien-choisir-sa-suspension-ou-lustre\/","title":{"rendered":"Comment bien choisir sa suspension ou lustre\u00a0?"},"content":{"rendered":"\n<figure class=\"wp-block-image\"><img decoding=\"async\" src=\"https:\/\/lh7-us.googleusercontent.com\/GOKscAJ6jAbQvqfvkafi0OIC_IvEBnScmQ-I-Af7G-Hs933LwE8LNptk1lnYLoGYc22-Rs0lsmLwueU6A6PopI5J0v_AwuiCw1VXvWNK3CZBeSzT4Eq0s6ihCxM5C3hCgogyy75PKA1w\" alt=\"Une suspension originale en led dans un grand salon.\"\/><\/figure>\n\n\n\n<p class=\"wp-block-paragraph\">Le <strong>lustre et la suspension<\/strong> sont des choix classiques pour un \u00e9clairage d\u2019int\u00e9rieur. Plusieurs mod\u00e8les existent. Ils s\u2019adaptent d\u00e9sormais \u00e0 toutes les pi\u00e8ces&nbsp;: grandes ou petites. Il suffit de savoir les choisir. Suivez nos conseils.&nbsp;<\/p>\n\n\n\n<h2 class=\"wp-block-heading\">Une suspension en bois dans une pi\u00e8ce tendance, mais conviviale<\/h2>\n\n\n\n<figure class=\"wp-block-image\"><img decoding=\"async\" src=\"https:\/\/lh7-us.googleusercontent.com\/TW7IvIs9OIc7yEV1CIJ7zZzYk9BrJ7U6vAZZmYgU49ZQZmnywWor4CP5Ej8tVkuls_tYJxHzWJF1gRqZ3RPoYYCIgQjCI3E97v1_ylqFUYxiuvsLdL4Q2QXOpi90-BzsVdmewvQuUF9x\" alt=\"Une suspension en bois moderne avec une ampoule led.\"\/><\/figure>\n\n\n\n<p class=\"wp-block-paragraph\">Envie d\u2019une pi\u00e8ce tendance, mais conviviale\u00a0? L\u2019\u00c9choppe Fran\u00e7aise vous propose une <strong><a href=\"https:\/\/www.echoppe-francaise.fr\/lampes-et-luminaires-en-bois\">suspension en bois<\/a><\/strong>. Elle est fabriqu\u00e9e par des artisans fran\u00e7ais. Et, elle habillera votre plafond avec son design en forme de fleur.\u00a0<\/p>\n\n\n\n<p class=\"wp-block-paragraph\">C\u2019est l\u2019\u00e9clairage id\u00e9al dans le salon ou la chambre. Mais, elle est trop imposante pour la salle \u00e0 manger. La r\u00e8gle de la taille s\u2019applique toujours&nbsp;: Une pi\u00e8ce de moins de 15 m\u00b2&nbsp;? Choisissez un <strong>luminaire de 40 ou 45 cm<\/strong>.&nbsp;<\/p>\n\n\n\n<p class=\"wp-block-paragraph\">Jaugez la <strong>hauteur de votre suspension<\/strong>. Et, tenez compte des dimensions de la pi\u00e8ce. Une hauteur sous plafond de 1.90 \u00e0 2 m&nbsp;? Mettez-la \u00e0 45 cm. Confort visuel et fonctionnalit\u00e9 de l\u2019espace obligent.&nbsp;<\/p>\n\n\n\n<h2 class=\"wp-block-heading\">Un lustre vintage dans un espace chic et cosy<\/h2>\n\n\n\n<figure class=\"wp-block-image\"><img decoding=\"async\" src=\"https:\/\/lh7-us.googleusercontent.com\/HmSa_v2bXNSth9NrhwEMx-GXlGIeZZMt562xYfug-6HqgK7onMiy5K38TRVwjhj7cz1-0JXbGmLQahF3rjM6JXE-eX_jgz6UiaPHv3TV2GzLXolxpgpfHKA08X8Vxf93pyEXtcUqlOIM\" alt=\"Un lustre vintage dans un salon \u00e9l\u00e9gant.\"\/><\/figure>\n\n\n\n<p class=\"wp-block-paragraph\">Le <strong>lustre<\/strong> est le choix id\u00e9al pour une touche vintage dans votre espace. Il apporte de l\u2019\u00e9l\u00e9gance. C\u2019est le cas dans une salle \u00e0 manger ou un salon. Il s\u2019invite aussi dans les chambres \u00e0 coucher ou les halls d\u2019entr\u00e9es.&nbsp;&nbsp;<\/p>\n\n\n\n<p class=\"wp-block-paragraph\">Des mod\u00e8les en led sont disponibles. Et, vous respectez ainsi les <strong>normes d\u2019installations \u00e9lectriques<\/strong>. Mais, les lustres en verre ajouteront une touche conviviale \u00e0 votre pi\u00e8ce. On les recommande pour les grandes pi\u00e8ces. Et, pour cause, elles sont imposantes.&nbsp;<\/p>\n\n\n\n<p class=\"wp-block-paragraph\">Vous comptez installer le lustre dans la salle \u00e0 manger&nbsp;? Basez-vous sur le rayon de votre table pour sa taille. Cela fonctionne aussi avec la largeur de la table en rectangle.&nbsp;&nbsp;<\/p>\n\n\n\n<p class=\"wp-block-paragraph\">Trouvez d&rsquo;autres id\u00e9es d&rsquo;\u00e9clairage pour vos pi\u00e8ces sur notre article : <a href=\"https:\/\/www.echoppe-francaise.fr\/blog\/quels-sont-les-differents-types-declairages\/\" target=\"_blank\" rel=\"noreferrer noopener\">Quels sont les diff\u00e9rents types d&rsquo;\u00e9clairages ?<\/a> <\/p>\n\n\n\n<h2 class=\"wp-block-heading\">Choisir la bonne intensit\u00e9 et couleur pour votre \u00e9clairage&nbsp;: nos astuces&nbsp;&nbsp;<\/h2>\n\n\n\n<figure class=\"wp-block-image\"><img decoding=\"async\" src=\"https:\/\/lh7-us.googleusercontent.com\/tlUdpxQsJonm8vvMYM5JhbXUDeSRCCF56GSjFzfN1y-0YstcDWBrWtTt4iIqP5Yze2YjAGz35poL91d_77E8LI5bADJspYzMLmrOmkO-zTPZKBvm_VPSmRo1r8o5KJU56eqno7KUazre\" alt=\"Une suspension design en led dans une chambre \u00e0 coucher.\"\/><\/figure>\n\n\n\n<p class=\"wp-block-paragraph\">En plus du style, choisissez la bonne intensit\u00e9 pour votre lustre ou suspension. Il en va de l\u2019ambiance dans la pi\u00e8ce. Envie d\u2019un <strong>espace fonctionnel<\/strong> et propice \u00e0 la concentration&nbsp;? Un led de 3 500 \u00e0 5 000 k est conseill\u00e9. Pour une ambiance cosy, pr\u00e9f\u00e9rez 1 500 \u00e0 3 000 K.&nbsp;<\/p>\n\n\n\n<p class=\"wp-block-paragraph\">La <strong>couleur de la lumi\u00e8re<\/strong> variera au cas par cas. Un led jaune sera adapt\u00e9 \u00e0 une pi\u00e8ce de d\u00e9tente. Par exemple&nbsp;: le salon, la chambre ou la salle \u00e0 manger. Pr\u00e9f\u00e9rez une couleur blanche neutre pour les pi\u00e8ces de r\u00e9flexion. Tel est le cas du bureau, de la salle de bain ou le hall d\u2019entr\u00e9e. Idem pour les couloirs de la maison.&nbsp;<\/p>\n\n\n\n<p class=\"wp-block-paragraph\">Adaptez le nombre de lumens \u00e0 la superficie de l\u2019espace&nbsp;:&nbsp;<\/p>\n\n\n\n<ul class=\"wp-block-list\">\n<li>100 \u00e0 200 lumens par m2 pour une pi\u00e8ce conviviale<\/li>\n\n\n\n<li>300 \u00e0 400 lumens par m2 pour un <strong>endroit fonctionnel<\/strong><\/li>\n<\/ul>\n\n\n\n<p class=\"wp-block-paragraph\">Un \u00e9clairage g\u00e9n\u00e9ral est un choix pratique pour l\u2019am\u00e9nagement de vos espaces. Choisissez entre le lustre ou la suspension. Tout d\u00e9pend du design de la pi\u00e8ce. Les magasins de d\u00e9co vous proposent diff\u00e9rentes tailles et intensit\u00e9s. De quoi parfaire l\u2019ambiance dans votre int\u00e9rieur. Mais, ce genre d\u2019accessoire ne s\u2019adapte qu\u2019\u00e0 de grands espaces. Assurez-vous d\u2019avoir au moins 1,90 m de hauteur sous plafond. Vous en profiterez mieux.&nbsp;<\/p>\n\n\n\n<h3 class=\"wp-block-heading\">D&rsquo;autres articles pour vous aider \u00e0 choisir votre \u00e9clairage id\u00e9al : <\/h3>\n\n\n\n<ul class=\"wp-block-list\">\n<li><a href=\"https:\/\/www.echoppe-francaise.fr\/blog\/comment-trouver-le-lampadaire-ideal\/\" target=\"_blank\" rel=\"noreferrer noopener\">Comment trouver le lampadaire id\u00e9al\u00a0?<\/a><\/li>\n<\/ul>\n","protected":false},"excerpt":{"rendered":"<p>Le lustre et la suspension sont des choix classiques pour un \u00e9clairage d\u2019int\u00e9rieur. Plusieurs mod\u00e8les existent. Ils s\u2019adaptent d\u00e9sormais \u00e0 toutes les pi\u00e8ces&nbsp;: grandes ou petites. Il suffit de savoir les choisir. Suivez nos conseils.&nbsp; Une suspension en bois dans une pi\u00e8ce tendance, mais conviviale Envie d\u2019une pi\u00e8ce tendance, mais conviviale\u00a0? L\u2019\u00c9choppe Fran\u00e7aise vous propose&hellip;&nbsp;<\/p>\n","protected":false},"author":6,"featured_media":0,"parent":1554,"menu_order":0,"comment_status":"closed","ping_status":"closed","template":"","meta":{"_crdt_document":"","neve_meta_sidebar":"","neve_meta_container":"","neve_meta_enable_content_width":"","neve_meta_content_width":0,"neve_meta_title_alignment":"","neve_meta_author_avatar":"","neve_post_elements_order":"","neve_meta_disable_header":"","neve_meta_disable_footer":"","neve_meta_disable_title":"","footnotes":""},"class_list":["post-1778","page","type-page","status-publish","hentry"],"yoast_head":"<!-- This site is optimized with the Yoast SEO plugin v27.5 - https:\/\/yoast.com\/product\/yoast-seo-wordpress\/ -->\n<title>Quel Lustre Choisir pour mon Int\u00e9rieur ?<\/title>\n<meta name=\"description\" content=\"D\u00e9couvrez nos conseils pour choisir la bonne suspension ou le lustre parfait pour \u00e9clairer votre int\u00e9rieur !\" \/>\n<meta name=\"robots\" content=\"index, follow, max-snippet:-1, max-image-preview:large, max-video-preview:-1\" \/>\n<link rel=\"canonical\" href=\"https:\/\/www.echoppe-francaise.fr\/blog\/comment-bien-choisir-sa-suspension-ou-lustre\/\" \/>\n<meta property=\"og:locale\" content=\"fr_FR\" \/>\n<meta property=\"og:type\" content=\"article\" \/>\n<meta property=\"og:title\" content=\"Quel Lustre Choisir pour mon Int\u00e9rieur ?\" \/>\n<meta property=\"og:description\" content=\"D\u00e9couvrez nos conseils pour choisir la bonne suspension ou le lustre parfait pour \u00e9clairer votre int\u00e9rieur !\" \/>\n<meta property=\"og:url\" content=\"https:\/\/www.echoppe-francaise.fr\/blog\/comment-bien-choisir-sa-suspension-ou-lustre\/\" \/>\n<meta property=\"og:site_name\" content=\"\u00c9choppe Fran\u00e7aise, le Blog\" \/>\n<meta property=\"article:modified_time\" content=\"2026-01-20T13:19:34+00:00\" \/>\n<meta property=\"og:image\" content=\"https:\/\/lh7-us.googleusercontent.com\/GOKscAJ6jAbQvqfvkafi0OIC_IvEBnScmQ-I-Af7G-Hs933LwE8LNptk1lnYLoGYc22-Rs0lsmLwueU6A6PopI5J0v_AwuiCw1VXvWNK3CZBeSzT4Eq0s6ihCxM5C3hCgogyy75PKA1w\" \/>\n<meta name=\"twitter:card\" content=\"summary_large_image\" \/>\n<meta name=\"twitter:label1\" content=\"Dur\u00e9e de lecture estim\u00e9e\" \/>\n\t<meta name=\"twitter:data1\" content=\"4 minutes\" \/>\n<script type=\"application\/ld+json\" class=\"yoast-schema-graph\">{\"@context\":\"https:\\\/\\\/schema.org\",\"@graph\":[{\"@type\":\"WebPage\",\"@id\":\"https:\\\/\\\/www.echoppe-francaise.fr\\\/blog\\\/comment-bien-choisir-sa-suspension-ou-lustre\\\/\",\"url\":\"https:\\\/\\\/www.echoppe-francaise.fr\\\/blog\\\/comment-bien-choisir-sa-suspension-ou-lustre\\\/\",\"name\":\"Quel Lustre Choisir pour mon Int\u00e9rieur ?\",\"isPartOf\":{\"@id\":\"https:\\\/\\\/www.echoppe-francaise.fr\\\/blog\\\/#website\"},\"primaryImageOfPage\":{\"@id\":\"https:\\\/\\\/www.echoppe-francaise.fr\\\/blog\\\/comment-bien-choisir-sa-suspension-ou-lustre\\\/#primaryimage\"},\"image\":{\"@id\":\"https:\\\/\\\/www.echoppe-francaise.fr\\\/blog\\\/comment-bien-choisir-sa-suspension-ou-lustre\\\/#primaryimage\"},\"thumbnailUrl\":\"https:\\\/\\\/lh7-us.googleusercontent.com\\\/GOKscAJ6jAbQvqfvkafi0OIC_IvEBnScmQ-I-Af7G-Hs933LwE8LNptk1lnYLoGYc22-Rs0lsmLwueU6A6PopI5J0v_AwuiCw1VXvWNK3CZBeSzT4Eq0s6ihCxM5C3hCgogyy75PKA1w\",\"datePublished\":\"2023-12-08T06:49:09+00:00\",\"dateModified\":\"2026-01-20T13:19:34+00:00\",\"description\":\"D\u00e9couvrez nos conseils pour choisir la bonne suspension ou le lustre parfait pour \u00e9clairer votre int\u00e9rieur !\",\"breadcrumb\":{\"@id\":\"https:\\\/\\\/www.echoppe-francaise.fr\\\/blog\\\/comment-bien-choisir-sa-suspension-ou-lustre\\\/#breadcrumb\"},\"inLanguage\":\"fr-FR\",\"potentialAction\":[{\"@type\":\"ReadAction\",\"target\":[\"https:\\\/\\\/www.echoppe-francaise.fr\\\/blog\\\/comment-bien-choisir-sa-suspension-ou-lustre\\\/\"]}]},{\"@type\":\"ImageObject\",\"inLanguage\":\"fr-FR\",\"@id\":\"https:\\\/\\\/www.echoppe-francaise.fr\\\/blog\\\/comment-bien-choisir-sa-suspension-ou-lustre\\\/#primaryimage\",\"url\":\"https:\\\/\\\/lh7-us.googleusercontent.com\\\/GOKscAJ6jAbQvqfvkafi0OIC_IvEBnScmQ-I-Af7G-Hs933LwE8LNptk1lnYLoGYc22-Rs0lsmLwueU6A6PopI5J0v_AwuiCw1VXvWNK3CZBeSzT4Eq0s6ihCxM5C3hCgogyy75PKA1w\",\"contentUrl\":\"https:\\\/\\\/lh7-us.googleusercontent.com\\\/GOKscAJ6jAbQvqfvkafi0OIC_IvEBnScmQ-I-Af7G-Hs933LwE8LNptk1lnYLoGYc22-Rs0lsmLwueU6A6PopI5J0v_AwuiCw1VXvWNK3CZBeSzT4Eq0s6ihCxM5C3hCgogyy75PKA1w\"},{\"@type\":\"BreadcrumbList\",\"@id\":\"https:\\\/\\\/www.echoppe-francaise.fr\\\/blog\\\/comment-bien-choisir-sa-suspension-ou-lustre\\\/#breadcrumb\",\"itemListElement\":[{\"@type\":\"ListItem\",\"position\":1,\"name\":\"Accueil\",\"item\":\"https:\\\/\\\/www.echoppe-francaise.fr\\\/blog\\\/\"},{\"@type\":\"ListItem\",\"position\":2,\"name\":\"Quels sont les diff\u00e9rents types d&rsquo;\u00e9clairages\u00a0?\",\"item\":\"https:\\\/\\\/www.echoppe-francaise.fr\\\/blog\\\/quels-sont-les-differents-types-declairages\\\/\"},{\"@type\":\"ListItem\",\"position\":3,\"name\":\"Comment bien choisir sa suspension ou lustre\u00a0?\"}]},{\"@type\":\"WebSite\",\"@id\":\"https:\\\/\\\/www.echoppe-francaise.fr\\\/blog\\\/#website\",\"url\":\"https:\\\/\\\/www.echoppe-francaise.fr\\\/blog\\\/\",\"name\":\"\u00c9choppe Fran\u00e7aise, le Blog\",\"description\":\"Le blog des Cr\u00e9atrices et Cr\u00e9ateurs fran\u00e7ais\",\"publisher\":{\"@id\":\"https:\\\/\\\/www.echoppe-francaise.fr\\\/blog\\\/#organization\"},\"potentialAction\":[{\"@type\":\"SearchAction\",\"target\":{\"@type\":\"EntryPoint\",\"urlTemplate\":\"https:\\\/\\\/www.echoppe-francaise.fr\\\/blog\\\/?s={search_term_string}\"},\"query-input\":{\"@type\":\"PropertyValueSpecification\",\"valueRequired\":true,\"valueName\":\"search_term_string\"}}],\"inLanguage\":\"fr-FR\"},{\"@type\":\"Organization\",\"@id\":\"https:\\\/\\\/www.echoppe-francaise.fr\\\/blog\\\/#organization\",\"name\":\"L'\u00e9choppe Fran\u00e7aise\",\"url\":\"https:\\\/\\\/www.echoppe-francaise.fr\\\/blog\\\/\",\"logo\":{\"@type\":\"ImageObject\",\"inLanguage\":\"fr-FR\",\"@id\":\"https:\\\/\\\/www.echoppe-francaise.fr\\\/blog\\\/#\\\/schema\\\/logo\\\/image\\\/\",\"url\":\"https:\\\/\\\/www.echoppe-francaise.fr\\\/blog\\\/wp-content\\\/uploads\\\/2017\\\/04\\\/echoppe-francaise-logo-1489412704.png\",\"contentUrl\":\"https:\\\/\\\/www.echoppe-francaise.fr\\\/blog\\\/wp-content\\\/uploads\\\/2017\\\/04\\\/echoppe-francaise-logo-1489412704.png\",\"width\":492,\"height\":270,\"caption\":\"L'\u00e9choppe Fran\u00e7aise\"},\"image\":{\"@id\":\"https:\\\/\\\/www.echoppe-francaise.fr\\\/blog\\\/#\\\/schema\\\/logo\\\/image\\\/\"}}]}<\/script>\n<!-- \/ Yoast SEO plugin. -->","yoast_head_json":{"title":"Quel Lustre Choisir pour mon Int\u00e9rieur ?","description":"D\u00e9couvrez nos conseils pour choisir la bonne suspension ou le lustre parfait pour \u00e9clairer votre int\u00e9rieur !","robots":{"index":"index","follow":"follow","max-snippet":"max-snippet:-1","max-image-preview":"max-image-preview:large","max-video-preview":"max-video-preview:-1"},"canonical":"https:\/\/www.echoppe-francaise.fr\/blog\/comment-bien-choisir-sa-suspension-ou-lustre\/","og_locale":"fr_FR","og_type":"article","og_title":"Quel Lustre Choisir pour mon Int\u00e9rieur ?","og_description":"D\u00e9couvrez nos conseils pour choisir la bonne suspension ou le lustre parfait pour \u00e9clairer votre int\u00e9rieur !","og_url":"https:\/\/www.echoppe-francaise.fr\/blog\/comment-bien-choisir-sa-suspension-ou-lustre\/","og_site_name":"\u00c9choppe Fran\u00e7aise, le Blog","article_modified_time":"2026-01-20T13:19:34+00:00","og_image":[{"url":"https:\/\/lh7-us.googleusercontent.com\/GOKscAJ6jAbQvqfvkafi0OIC_IvEBnScmQ-I-Af7G-Hs933LwE8LNptk1lnYLoGYc22-Rs0lsmLwueU6A6PopI5J0v_AwuiCw1VXvWNK3CZBeSzT4Eq0s6ihCxM5C3hCgogyy75PKA1w","type":"","width":"","height":""}],"twitter_card":"summary_large_image","twitter_misc":{"Dur\u00e9e de lecture estim\u00e9e":"4 minutes"},"schema":{"@context":"https:\/\/schema.org","@graph":[{"@type":"WebPage","@id":"https:\/\/www.echoppe-francaise.fr\/blog\/comment-bien-choisir-sa-suspension-ou-lustre\/","url":"https:\/\/www.echoppe-francaise.fr\/blog\/comment-bien-choisir-sa-suspension-ou-lustre\/","name":"Quel Lustre Choisir pour mon Int\u00e9rieur ?","isPartOf":{"@id":"https:\/\/www.echoppe-francaise.fr\/blog\/#website"},"primaryImageOfPage":{"@id":"https:\/\/www.echoppe-francaise.fr\/blog\/comment-bien-choisir-sa-suspension-ou-lustre\/#primaryimage"},"image":{"@id":"https:\/\/www.echoppe-francaise.fr\/blog\/comment-bien-choisir-sa-suspension-ou-lustre\/#primaryimage"},"thumbnailUrl":"https:\/\/lh7-us.googleusercontent.com\/GOKscAJ6jAbQvqfvkafi0OIC_IvEBnScmQ-I-Af7G-Hs933LwE8LNptk1lnYLoGYc22-Rs0lsmLwueU6A6PopI5J0v_AwuiCw1VXvWNK3CZBeSzT4Eq0s6ihCxM5C3hCgogyy75PKA1w","datePublished":"2023-12-08T06:49:09+00:00","dateModified":"2026-01-20T13:19:34+00:00","description":"D\u00e9couvrez nos conseils pour choisir la bonne suspension ou le lustre parfait pour \u00e9clairer votre int\u00e9rieur !","breadcrumb":{"@id":"https:\/\/www.echoppe-francaise.fr\/blog\/comment-bien-choisir-sa-suspension-ou-lustre\/#breadcrumb"},"inLanguage":"fr-FR","potentialAction":[{"@type":"ReadAction","target":["https:\/\/www.echoppe-francaise.fr\/blog\/comment-bien-choisir-sa-suspension-ou-lustre\/"]}]},{"@type":"ImageObject","inLanguage":"fr-FR","@id":"https:\/\/www.echoppe-francaise.fr\/blog\/comment-bien-choisir-sa-suspension-ou-lustre\/#primaryimage","url":"https:\/\/lh7-us.googleusercontent.com\/GOKscAJ6jAbQvqfvkafi0OIC_IvEBnScmQ-I-Af7G-Hs933LwE8LNptk1lnYLoGYc22-Rs0lsmLwueU6A6PopI5J0v_AwuiCw1VXvWNK3CZBeSzT4Eq0s6ihCxM5C3hCgogyy75PKA1w","contentUrl":"https:\/\/lh7-us.googleusercontent.com\/GOKscAJ6jAbQvqfvkafi0OIC_IvEBnScmQ-I-Af7G-Hs933LwE8LNptk1lnYLoGYc22-Rs0lsmLwueU6A6PopI5J0v_AwuiCw1VXvWNK3CZBeSzT4Eq0s6ihCxM5C3hCgogyy75PKA1w"},{"@type":"BreadcrumbList","@id":"https:\/\/www.echoppe-francaise.fr\/blog\/comment-bien-choisir-sa-suspension-ou-lustre\/#breadcrumb","itemListElement":[{"@type":"ListItem","position":1,"name":"Accueil","item":"https:\/\/www.echoppe-francaise.fr\/blog\/"},{"@type":"ListItem","position":2,"name":"Quels sont les diff\u00e9rents types d&rsquo;\u00e9clairages\u00a0?","item":"https:\/\/www.echoppe-francaise.fr\/blog\/quels-sont-les-differents-types-declairages\/"},{"@type":"ListItem","position":3,"name":"Comment bien choisir sa suspension ou lustre\u00a0?"}]},{"@type":"WebSite","@id":"https:\/\/www.echoppe-francaise.fr\/blog\/#website","url":"https:\/\/www.echoppe-francaise.fr\/blog\/","name":"\u00c9choppe Fran\u00e7aise, le Blog","description":"Le blog des Cr\u00e9atrices et Cr\u00e9ateurs fran\u00e7ais","publisher":{"@id":"https:\/\/www.echoppe-francaise.fr\/blog\/#organization"},"potentialAction":[{"@type":"SearchAction","target":{"@type":"EntryPoint","urlTemplate":"https:\/\/www.echoppe-francaise.fr\/blog\/?s={search_term_string}"},"query-input":{"@type":"PropertyValueSpecification","valueRequired":true,"valueName":"search_term_string"}}],"inLanguage":"fr-FR"},{"@type":"Organization","@id":"https:\/\/www.echoppe-francaise.fr\/blog\/#organization","name":"L'\u00e9choppe Fran\u00e7aise","url":"https:\/\/www.echoppe-francaise.fr\/blog\/","logo":{"@type":"ImageObject","inLanguage":"fr-FR","@id":"https:\/\/www.echoppe-francaise.fr\/blog\/#\/schema\/logo\/image\/","url":"https:\/\/www.echoppe-francaise.fr\/blog\/wp-content\/uploads\/2017\/04\/echoppe-francaise-logo-1489412704.png","contentUrl":"https:\/\/www.echoppe-francaise.fr\/blog\/wp-content\/uploads\/2017\/04\/echoppe-francaise-logo-1489412704.png","width":492,"height":270,"caption":"L'\u00e9choppe Fran\u00e7aise"},"image":{"@id":"https:\/\/www.echoppe-francaise.fr\/blog\/#\/schema\/logo\/image\/"}}]}},"_links":{"self":[{"href":"https:\/\/www.echoppe-francaise.fr\/blog\/wp-json\/wp\/v2\/pages\/1778","targetHints":{"allow":["GET"]}}],"collection":[{"href":"https:\/\/www.echoppe-francaise.fr\/blog\/wp-json\/wp\/v2\/pages"}],"about":[{"href":"https:\/\/www.echoppe-francaise.fr\/blog\/wp-json\/wp\/v2\/types\/page"}],"author":[{"embeddable":true,"href":"https:\/\/www.echoppe-francaise.fr\/blog\/wp-json\/wp\/v2\/users\/6"}],"replies":[{"embeddable":true,"href":"https:\/\/www.echoppe-francaise.fr\/blog\/wp-json\/wp\/v2\/comments?post=1778"}],"version-history":[{"count":6,"href":"https:\/\/www.echoppe-francaise.fr\/blog\/wp-json\/wp\/v2\/pages\/1778\/revisions"}],"predecessor-version":[{"id":2344,"href":"https:\/\/www.echoppe-francaise.fr\/blog\/wp-json\/wp\/v2\/pages\/1778\/revisions\/2344"}],"up":[{"embeddable":true,"href":"https:\/\/www.echoppe-francaise.fr\/blog\/wp-json\/wp\/v2\/pages\/1554"}],"wp:attachment":[{"href":"https:\/\/www.echoppe-francaise.fr\/blog\/wp-json\/wp\/v2\/media?parent=1778"}],"curies":[{"name":"wp","href":"https:\/\/api.w.org\/{rel}","templated":true}]}}