{"id":1663,"date":"2023-12-05T14:45:58","date_gmt":"2023-12-05T13:45:58","guid":{"rendered":"https:\/\/www.echoppe-francaise.fr\/blog\/?page_id=1663"},"modified":"2024-01-05T16:53:05","modified_gmt":"2024-01-05T15:53:05","slug":"quelle-puissance-de-led-pour-un-salon-2","status":"publish","type":"page","link":"https:\/\/www.echoppe-francaise.fr\/blog\/quelle-puissance-de-led-pour-un-salon-2\/","title":{"rendered":"Quelle puissance de led pour un salon\u00a0?"},"content":{"rendered":"\n<figure class=\"wp-block-image\"><img decoding=\"async\" src=\"https:\/\/lh7-us.googleusercontent.com\/ThLRv36hahc7DzHIdhS_X2w9oq_q1fKwu7SEDJlJN7-h6lum4oNmoQbQcs-9ZzRgTFW-xtlPRv3RYW9Kb6oZzPrfcvnMD2cRMIFFs1AWZIrkKCHQ2qjwiBQOpXGQr6pum6mLiYs4z0tb\" alt=\"Un salon \u00e9clair\u00e9 avec des suspensioons \u00e0 led t des lampadaires \u00e0 couleur jaune.\"\/><\/figure>\n\n\n\n<p class=\"wp-block-paragraph\">L\u2019\u00e9clairage joue un r\u00f4le important dans la convivialit\u00e9 de votre salon. Jaugez-en la <strong>puissance<\/strong>. Tenez compte de la superficie \u00e0 \u00e9clairer. Pensez \u00e0 l\u2019ambiance que vous souhaitez avoir. Et, envisagez toutes les alternatives propos\u00e9es sur le march\u00e9. Voici nos conseils pour vous aider.&nbsp;<\/p>\n\n\n\n<h2 class=\"wp-block-heading\">La bonne puissance de LED pour un salon en fonction de la taille&nbsp;<\/h2>\n\n\n\n<figure class=\"wp-block-image\"><img decoding=\"async\" src=\"https:\/\/lh7-us.googleusercontent.com\/8SmeonHFyroeP__IEBuZ6UsNl5BabGWfj_UMbrG97nY7gxd5zVVJJagi7kOIWJWu3X0AasAlmbMZ-0rVdqlxJppgQ5xRUO00xEX6oTZbmpGaYhJ1fpnEedvX4bnlp8u-m1Yjca3CQ_75\" alt=\"Une suspension led original dans un salon \u00e0 \u00e9clairage blanc, avec des lampadaires led pr\u00e8s du canap\u00e9.\"\/><\/figure>\n\n\n\n<p class=\"wp-block-paragraph\">La puissance d\u2019un <strong>\u00e9clairage LED<\/strong> ne sera pas la m\u00eame d\u2019un salon \u00e0 un autre. Comptez entre 100 et 400 lumens en moyenne par m\u00e8tre carr\u00e9. Vous avez 20 m\u00b2 de pi\u00e8ce \u00e0 vivre&nbsp;? Vous aurez besoin de 4 000 lumens. Ce qui \u00e9quivaut \u00e0 40 W Led.&nbsp;<\/p>\n\n\n\n<p class=\"wp-block-paragraph\">Vous avez plusieurs solutions pour l\u2019\u00e9clairage de cette pi\u00e8ce&nbsp;:&nbsp;<\/p>\n\n\n\n<ul class=\"wp-block-list\">\n<li>Un \u00e9clairage central d\u2019une puissance optimale<\/li>\n\n\n\n<li>Des syst\u00e8mes d\u2019\u00e9clairages cibl\u00e9s.&nbsp;<\/li>\n<\/ul>\n\n\n\n<p class=\"wp-block-paragraph\">Dans le second cas, n\u2019utilisez pas directement les 4 000 lumens. Partagez-le en <strong>6 ou 7 points<\/strong> lumineux de 100 \u00e0 200 lumens chacun. Reste \u00e0 trouver les endroits strat\u00e9giques \u00e0 \u00e9clairer. Tel est le cas du canap\u00e9, des zones de circulation, le meuble TV, etc.&nbsp;<\/p>\n\n\n\n<p class=\"wp-block-paragraph\">D&rsquo;autres d\u00e9tails sur le choix de votre \u00e9clairage de salon sur notre article : <a href=\"https:\/\/www.echoppe-francaise.fr\/blog\/quel-eclairage-pour-quelle-piece\/\" target=\"_blank\" rel=\"noreferrer noopener\">Quel \u00e9clairage pour quelle pi\u00e8ce ?<\/a><\/p>\n\n\n\n<h2 class=\"wp-block-heading\">Quelle puissance de LED pour une pi\u00e8ce \u00e0 vivre cosy&nbsp;?&nbsp;<\/h2>\n\n\n\n<figure class=\"wp-block-image\"><img decoding=\"async\" src=\"https:\/\/lh7-us.googleusercontent.com\/rLohNyxBfxsteM3ZHIe6Z2rejWGuUEBpOR1IZtgvopEqB9-TT0xhCPYwe33kFlgadrhcgBkZOgGp5dUJQvnsPMVRwSgFKuXzGuoxgBEFKMW8aqgmIAJLIHLD0sl1Px2iwcxp8mGeB8sK\" alt=\"Un salon tendance \u00e9clair\u00e9 avec une suspension led imposante, un lampadaire \u00e0 led original;\"\/><\/figure>\n\n\n\n<p class=\"wp-block-paragraph\">La <strong>puissance de LED<\/strong> \u00e0 utiliser varie aussi selon l\u2019ambiance. Le salon est un espace de d\u00e9tente.&nbsp; Alors, pourquoi pas une ambiance cosy&nbsp;? Vous limitez les d\u00e9penses. Et, pour cause, vous aurez besoin de moins de lumens. 100 \u00e0 200 lumens par m2 seront suffisants.&nbsp;<\/p>\n\n\n\n<p class=\"wp-block-paragraph\">Limitez l\u2019intensit\u00e9 de votre \u00e9clairage \u00e0 <strong>4 000 k<\/strong>. Vous aurez une couleur de lumi\u00e8re jaune. Ce sera plus convivial. C\u2019est recommand\u00e9 sur les endroits comme le canap\u00e9.&nbsp;<\/p>\n\n\n\n<h2 class=\"wp-block-heading\">Quelle LED pour un salon tendance et fonctionnel&nbsp;?&nbsp;<\/h2>\n\n\n\n<figure class=\"wp-block-image\"><img decoding=\"async\" src=\"https:\/\/lh7-us.googleusercontent.com\/x-aQmCo2KkjGbOUEMV0iFFjqm_n1-Ccw3Z4OdoDfRRwNPrFYB1Fq2GEGvJ0I2cG-2HYt55QsNjk1X-OQ7CPNxF2Xfh4tYzpXILsJwlIc-nHaqTHu9xHOvWaKA0v7R4BWC-ZgecNFta89\" alt=\"Un salon convivial \u00e0 \u00e9clairage jaune gr\u00e2ce \u00e0 un plafonnier led et des lampadaires.\"\/><\/figure>\n\n\n\n<p class=\"wp-block-paragraph\">Vous r\u00eavez d\u2019un salon moderne&nbsp;? Misez sur la fonctionnalit\u00e9 de l\u2019espace. Augmentez alors la puissance de vos LED. Allez jusqu\u2019\u00e0 <strong>300 ou 400 lumens par m2<\/strong>.&nbsp;<\/p>\n\n\n\n<p class=\"wp-block-paragraph\">On vous recommande des <strong>leds de 5 000 k, voire plus<\/strong>. Visez une couleur de lumi\u00e8re blanc neutre. C\u2019est parfait, peu importe les codes couleur dans votre salon. Plus moderne&nbsp;? Choisissez un \u00e9clairage l\u00e9g\u00e8rement bleut\u00e9.&nbsp;<\/p>\n\n\n\n<h2 class=\"wp-block-heading\">M\u00e9langez \u00e9clairage g\u00e9n\u00e9ral et d\u2019ambiance dans votre salon&nbsp;: les astuces&nbsp;<\/h2>\n\n\n\n<figure class=\"wp-block-image\"><img decoding=\"async\" src=\"https:\/\/lh7-us.googleusercontent.com\/8vDOdi1NgIJoNOzTSQlk0JSiDSPLjvkRWQYnbEj14JvnYPBOlkXghzO5nBNpwkjbNBScamYROHRBS7JJcJNt79KjW3fiZmq5-i5KO5tC4Uj3lP13eiPY1oIqlop3PN59-N7iQv0LBjKr\" alt=\"Un salon tendance \u00e9clair\u00e9 par un plafonnier et des lampadaires led.\"\/><\/figure>\n\n\n\n<p class=\"wp-block-paragraph\">Jouez sur la puissance de vos \u00e9clairages de salon. Vous aurez un <strong>espace convivial et styl\u00e9<\/strong>. Donc, ne faites pas un choix d\u00e9finitif entre un \u00e9clairage principal et d\u2019ambiance. M\u00e9langez les deux.&nbsp;<\/p>\n\n\n\n<p class=\"wp-block-paragraph\">Pour l\u2019\u00e9clairage g\u00e9n\u00e9ral, on vous conseille les <strong>luminaires \u00e0 suspensions<\/strong>. Sur l\u2019\u00c9choppe Fran\u00e7aise, vous avez un mod\u00e8le d\u2019artisan fran\u00e7ais. Il est fabriqu\u00e9 en bois certifi\u00e9 FECP. Il est en forme de fleur pour une touche d\u2019originalit\u00e9 dans votre pi\u00e8ce. Utilisez-le pour les grosses r\u00e9ceptions. C\u2019est aussi l\u2019\u00e9clairage id\u00e9al pour transformer votre salon en espace de salon.&nbsp;<\/p>\n\n\n\n<p class=\"wp-block-paragraph\">Ajoutez aussi des <strong>accessoires d\u2019\u00e9clairage d\u2019ambiance<\/strong>. Par exemple&nbsp;: les spots, les lampadaires ou les appliques. Sur notre boutique en ligne, choisissez une applique en bois, 100 % made in France. Fixez-la sur le mur derri\u00e8re le canap\u00e9. Idem pr\u00e8s de la porte d\u2019entr\u00e9e. Vous aurez un \u00e9clairage id\u00e9al pour une ambiance romantique.&nbsp;<\/p>\n\n\n\n<p class=\"wp-block-paragraph\">Bref, trouvez votre \u00e9clairage de salon id\u00e9al ne se fait pas au hasard. Tenez compte de la <strong>superficie et de l\u2019ambiance<\/strong>. Calculez la puissance parfaite pour vous y sentir \u00e0 l\u2019aise. Vous ma\u00eetrisez d\u00e9sormais le sujet.&nbsp;&nbsp;<\/p>\n\n\n\n<p class=\"wp-block-paragraph\">D&rsquo;autres conseils pour le choix de votre \u00e9clairage sur : <\/p>\n\n\n\n<ul class=\"wp-block-list\">\n<li><a href=\"https:\/\/www.echoppe-francaise.fr\/blog\/quelle-temperature-de-couleur-pour-salle-a-manger\/\" target=\"_blank\" rel=\"noreferrer noopener\">Quelle temp\u00e9rature de couleur pour salle \u00e0 manger&nbsp;?<\/a><\/li>\n\n\n\n<li><a href=\"https:\/\/www.echoppe-francaise.fr\/blog\/quel-luminaire-au-dessus-du-canape\/\" target=\"_blank\" rel=\"noreferrer noopener\">Quel luminaire au-dessus du canap\u00e9&nbsp;?<\/a><\/li>\n\n\n\n<li><a href=\"https:\/\/www.echoppe-francaise.fr\/blog\/quel-lustre-mettre-dans-le-salon\/\" target=\"_blank\" rel=\"noreferrer noopener\">Quel lustre mettre dans le salon&nbsp;?<\/a><\/li>\n\n\n\n<li><a href=\"https:\/\/www.echoppe-francaise.fr\/blog\/quel-type-de-lumiere-pour-une-chambre\/\" target=\"_blank\" rel=\"noreferrer noopener\">Quel type de lumi\u00e8re pour une chambre&nbsp;?<\/a><\/li>\n\n\n\n<li><a href=\"https:\/\/www.echoppe-francaise.fr\/blog\/quelle-temperature-pour-votre-eclairage-de-salle-de-bain\/\" target=\"_blank\" rel=\"noreferrer noopener\">Quelle temp\u00e9rature pour l\u2019\u00e9clairage de la salle de bain&nbsp;?<\/a><\/li>\n\n\n\n<li><a href=\"https:\/\/www.echoppe-francaise.fr\/blog\/comment-bien-eclairer-son-salon\/\" target=\"_blank\" rel=\"noreferrer noopener\">Comment bien \u00e9clairer son salon&nbsp;?<\/a><\/li>\n\n\n\n<li><a href=\"https:\/\/www.echoppe-francaise.fr\/blog\/comment-choisir-votre-luminaire-pour-une-grande-piece\/\" target=\"_blank\" rel=\"noreferrer noopener\">Comment choisir votre luminaire pour une grande pi\u00e8ce&nbsp;?<\/a><\/li>\n\n\n\n<li><a href=\"https:\/\/www.echoppe-francaise.fr\/blog\/quel-type-de-lumiere-pour-un-salon\/\" target=\"_blank\" rel=\"noreferrer noopener\">Quel type de lumi\u00e8re pour un salon&nbsp;?<\/a><\/li>\n\n\n\n<li><a href=\"https:\/\/www.echoppe-francaise.fr\/blog\/quelle-lumiere-pour-une-salle-de-bains\/\" target=\"_blank\" rel=\"noreferrer noopener\">Quelle lumi\u00e8re pour une salle de bains&nbsp;?<\/a><\/li>\n<\/ul>\n","protected":false},"excerpt":{"rendered":"<p>L\u2019\u00e9clairage joue un r\u00f4le important dans la convivialit\u00e9 de votre salon. Jaugez-en la puissance. Tenez compte de la superficie \u00e0 \u00e9clairer. Pensez \u00e0 l\u2019ambiance que vous souhaitez avoir. Et, envisagez toutes les alternatives propos\u00e9es sur le march\u00e9. Voici nos conseils pour vous aider.&nbsp; La bonne puissance de LED pour un salon en fonction de la&hellip;&nbsp;<\/p>\n","protected":false},"author":6,"featured_media":0,"parent":1551,"menu_order":0,"comment_status":"closed","ping_status":"closed","template":"","meta":{"_crdt_document":"","neve_meta_sidebar":"","neve_meta_container":"","neve_meta_enable_content_width":"","neve_meta_content_width":0,"neve_meta_title_alignment":"","neve_meta_author_avatar":"","neve_post_elements_order":"","neve_meta_disable_header":"","neve_meta_disable_footer":"","neve_meta_disable_title":"","footnotes":""},"class_list":["post-1663","page","type-page","status-publish","hentry"],"yoast_head":"<!-- This site is optimized with the Yoast SEO plugin v27.5 - https:\/\/yoast.com\/product\/yoast-seo-wordpress\/ -->\n<title>Combien de lumens choisir pour la lumi\u00e8re de mon salon ?<\/title>\n<meta name=\"description\" content=\"Envie de choisir la bonne temp\u00e9rature de lampe pour votre salon ? D\u00e9couvrez nos conseils dans cet article sur le choix du nombre de lumens.\" \/>\n<meta name=\"robots\" content=\"index, follow, max-snippet:-1, max-image-preview:large, max-video-preview:-1\" \/>\n<link rel=\"canonical\" href=\"https:\/\/www.echoppe-francaise.fr\/blog\/quelle-puissance-de-led-pour-un-salon-2\/\" \/>\n<meta property=\"og:locale\" content=\"fr_FR\" \/>\n<meta property=\"og:type\" content=\"article\" \/>\n<meta property=\"og:title\" content=\"Combien de lumens choisir pour la lumi\u00e8re de mon salon ?\" \/>\n<meta property=\"og:description\" content=\"Envie de choisir la bonne temp\u00e9rature de lampe pour votre salon ? D\u00e9couvrez nos conseils dans cet article sur le choix du nombre de lumens.\" \/>\n<meta property=\"og:url\" content=\"https:\/\/www.echoppe-francaise.fr\/blog\/quelle-puissance-de-led-pour-un-salon-2\/\" \/>\n<meta property=\"og:site_name\" content=\"\u00c9choppe Fran\u00e7aise, le Blog\" \/>\n<meta property=\"article:modified_time\" content=\"2024-01-05T15:53:05+00:00\" \/>\n<meta property=\"og:image\" content=\"https:\/\/lh7-us.googleusercontent.com\/ThLRv36hahc7DzHIdhS_X2w9oq_q1fKwu7SEDJlJN7-h6lum4oNmoQbQcs-9ZzRgTFW-xtlPRv3RYW9Kb6oZzPrfcvnMD2cRMIFFs1AWZIrkKCHQ2qjwiBQOpXGQr6pum6mLiYs4z0tb\" \/>\n<meta name=\"twitter:card\" content=\"summary_large_image\" \/>\n<meta name=\"twitter:label1\" content=\"Dur\u00e9e de lecture estim\u00e9e\" \/>\n\t<meta name=\"twitter:data1\" content=\"5 minutes\" \/>\n<script type=\"application\/ld+json\" class=\"yoast-schema-graph\">{\"@context\":\"https:\\\/\\\/schema.org\",\"@graph\":[{\"@type\":\"WebPage\",\"@id\":\"https:\\\/\\\/www.echoppe-francaise.fr\\\/blog\\\/quelle-puissance-de-led-pour-un-salon-2\\\/\",\"url\":\"https:\\\/\\\/www.echoppe-francaise.fr\\\/blog\\\/quelle-puissance-de-led-pour-un-salon-2\\\/\",\"name\":\"Combien de lumens choisir pour la lumi\u00e8re de mon salon ?\",\"isPartOf\":{\"@id\":\"https:\\\/\\\/www.echoppe-francaise.fr\\\/blog\\\/#website\"},\"primaryImageOfPage\":{\"@id\":\"https:\\\/\\\/www.echoppe-francaise.fr\\\/blog\\\/quelle-puissance-de-led-pour-un-salon-2\\\/#primaryimage\"},\"image\":{\"@id\":\"https:\\\/\\\/www.echoppe-francaise.fr\\\/blog\\\/quelle-puissance-de-led-pour-un-salon-2\\\/#primaryimage\"},\"thumbnailUrl\":\"https:\\\/\\\/lh7-us.googleusercontent.com\\\/ThLRv36hahc7DzHIdhS_X2w9oq_q1fKwu7SEDJlJN7-h6lum4oNmoQbQcs-9ZzRgTFW-xtlPRv3RYW9Kb6oZzPrfcvnMD2cRMIFFs1AWZIrkKCHQ2qjwiBQOpXGQr6pum6mLiYs4z0tb\",\"datePublished\":\"2023-12-05T13:45:58+00:00\",\"dateModified\":\"2024-01-05T15:53:05+00:00\",\"description\":\"Envie de choisir la bonne temp\u00e9rature de lampe pour votre salon ? D\u00e9couvrez nos conseils dans cet article sur le choix du nombre de lumens.\",\"breadcrumb\":{\"@id\":\"https:\\\/\\\/www.echoppe-francaise.fr\\\/blog\\\/quelle-puissance-de-led-pour-un-salon-2\\\/#breadcrumb\"},\"inLanguage\":\"fr-FR\",\"potentialAction\":[{\"@type\":\"ReadAction\",\"target\":[\"https:\\\/\\\/www.echoppe-francaise.fr\\\/blog\\\/quelle-puissance-de-led-pour-un-salon-2\\\/\"]}]},{\"@type\":\"ImageObject\",\"inLanguage\":\"fr-FR\",\"@id\":\"https:\\\/\\\/www.echoppe-francaise.fr\\\/blog\\\/quelle-puissance-de-led-pour-un-salon-2\\\/#primaryimage\",\"url\":\"https:\\\/\\\/lh7-us.googleusercontent.com\\\/ThLRv36hahc7DzHIdhS_X2w9oq_q1fKwu7SEDJlJN7-h6lum4oNmoQbQcs-9ZzRgTFW-xtlPRv3RYW9Kb6oZzPrfcvnMD2cRMIFFs1AWZIrkKCHQ2qjwiBQOpXGQr6pum6mLiYs4z0tb\",\"contentUrl\":\"https:\\\/\\\/lh7-us.googleusercontent.com\\\/ThLRv36hahc7DzHIdhS_X2w9oq_q1fKwu7SEDJlJN7-h6lum4oNmoQbQcs-9ZzRgTFW-xtlPRv3RYW9Kb6oZzPrfcvnMD2cRMIFFs1AWZIrkKCHQ2qjwiBQOpXGQr6pum6mLiYs4z0tb\"},{\"@type\":\"BreadcrumbList\",\"@id\":\"https:\\\/\\\/www.echoppe-francaise.fr\\\/blog\\\/quelle-puissance-de-led-pour-un-salon-2\\\/#breadcrumb\",\"itemListElement\":[{\"@type\":\"ListItem\",\"position\":1,\"name\":\"Accueil\",\"item\":\"https:\\\/\\\/www.echoppe-francaise.fr\\\/blog\\\/\"},{\"@type\":\"ListItem\",\"position\":2,\"name\":\"Comment choisir le bon luminaire pour votre int\u00e9rieur ?\",\"item\":\"https:\\\/\\\/www.echoppe-francaise.fr\\\/blog\\\/comment-choisir-le-bon-luminaire\\\/\"},{\"@type\":\"ListItem\",\"position\":3,\"name\":\"Quel \u00e9clairage pour quelle pi\u00e8ce\u00a0?\",\"item\":\"https:\\\/\\\/www.echoppe-francaise.fr\\\/blog\\\/quel-eclairage-pour-quelle-piece\\\/\"},{\"@type\":\"ListItem\",\"position\":4,\"name\":\"Quelle puissance de led pour un salon\u00a0?\"}]},{\"@type\":\"WebSite\",\"@id\":\"https:\\\/\\\/www.echoppe-francaise.fr\\\/blog\\\/#website\",\"url\":\"https:\\\/\\\/www.echoppe-francaise.fr\\\/blog\\\/\",\"name\":\"\u00c9choppe Fran\u00e7aise, le Blog\",\"description\":\"Le blog des Cr\u00e9atrices et Cr\u00e9ateurs fran\u00e7ais\",\"publisher\":{\"@id\":\"https:\\\/\\\/www.echoppe-francaise.fr\\\/blog\\\/#organization\"},\"potentialAction\":[{\"@type\":\"SearchAction\",\"target\":{\"@type\":\"EntryPoint\",\"urlTemplate\":\"https:\\\/\\\/www.echoppe-francaise.fr\\\/blog\\\/?s={search_term_string}\"},\"query-input\":{\"@type\":\"PropertyValueSpecification\",\"valueRequired\":true,\"valueName\":\"search_term_string\"}}],\"inLanguage\":\"fr-FR\"},{\"@type\":\"Organization\",\"@id\":\"https:\\\/\\\/www.echoppe-francaise.fr\\\/blog\\\/#organization\",\"name\":\"L'\u00e9choppe Fran\u00e7aise\",\"url\":\"https:\\\/\\\/www.echoppe-francaise.fr\\\/blog\\\/\",\"logo\":{\"@type\":\"ImageObject\",\"inLanguage\":\"fr-FR\",\"@id\":\"https:\\\/\\\/www.echoppe-francaise.fr\\\/blog\\\/#\\\/schema\\\/logo\\\/image\\\/\",\"url\":\"https:\\\/\\\/www.echoppe-francaise.fr\\\/blog\\\/wp-content\\\/uploads\\\/2017\\\/04\\\/echoppe-francaise-logo-1489412704.png\",\"contentUrl\":\"https:\\\/\\\/www.echoppe-francaise.fr\\\/blog\\\/wp-content\\\/uploads\\\/2017\\\/04\\\/echoppe-francaise-logo-1489412704.png\",\"width\":492,\"height\":270,\"caption\":\"L'\u00e9choppe Fran\u00e7aise\"},\"image\":{\"@id\":\"https:\\\/\\\/www.echoppe-francaise.fr\\\/blog\\\/#\\\/schema\\\/logo\\\/image\\\/\"}}]}<\/script>\n<!-- \/ Yoast SEO plugin. -->","yoast_head_json":{"title":"Combien de lumens choisir pour la lumi\u00e8re de mon salon ?","description":"Envie de choisir la bonne temp\u00e9rature de lampe pour votre salon ? D\u00e9couvrez nos conseils dans cet article sur le choix du nombre de lumens.","robots":{"index":"index","follow":"follow","max-snippet":"max-snippet:-1","max-image-preview":"max-image-preview:large","max-video-preview":"max-video-preview:-1"},"canonical":"https:\/\/www.echoppe-francaise.fr\/blog\/quelle-puissance-de-led-pour-un-salon-2\/","og_locale":"fr_FR","og_type":"article","og_title":"Combien de lumens choisir pour la lumi\u00e8re de mon salon ?","og_description":"Envie de choisir la bonne temp\u00e9rature de lampe pour votre salon ? D\u00e9couvrez nos conseils dans cet article sur le choix du nombre de lumens.","og_url":"https:\/\/www.echoppe-francaise.fr\/blog\/quelle-puissance-de-led-pour-un-salon-2\/","og_site_name":"\u00c9choppe Fran\u00e7aise, le Blog","article_modified_time":"2024-01-05T15:53:05+00:00","og_image":[{"url":"https:\/\/lh7-us.googleusercontent.com\/ThLRv36hahc7DzHIdhS_X2w9oq_q1fKwu7SEDJlJN7-h6lum4oNmoQbQcs-9ZzRgTFW-xtlPRv3RYW9Kb6oZzPrfcvnMD2cRMIFFs1AWZIrkKCHQ2qjwiBQOpXGQr6pum6mLiYs4z0tb","type":"","width":"","height":""}],"twitter_card":"summary_large_image","twitter_misc":{"Dur\u00e9e de lecture estim\u00e9e":"5 minutes"},"schema":{"@context":"https:\/\/schema.org","@graph":[{"@type":"WebPage","@id":"https:\/\/www.echoppe-francaise.fr\/blog\/quelle-puissance-de-led-pour-un-salon-2\/","url":"https:\/\/www.echoppe-francaise.fr\/blog\/quelle-puissance-de-led-pour-un-salon-2\/","name":"Combien de lumens choisir pour la lumi\u00e8re de mon salon ?","isPartOf":{"@id":"https:\/\/www.echoppe-francaise.fr\/blog\/#website"},"primaryImageOfPage":{"@id":"https:\/\/www.echoppe-francaise.fr\/blog\/quelle-puissance-de-led-pour-un-salon-2\/#primaryimage"},"image":{"@id":"https:\/\/www.echoppe-francaise.fr\/blog\/quelle-puissance-de-led-pour-un-salon-2\/#primaryimage"},"thumbnailUrl":"https:\/\/lh7-us.googleusercontent.com\/ThLRv36hahc7DzHIdhS_X2w9oq_q1fKwu7SEDJlJN7-h6lum4oNmoQbQcs-9ZzRgTFW-xtlPRv3RYW9Kb6oZzPrfcvnMD2cRMIFFs1AWZIrkKCHQ2qjwiBQOpXGQr6pum6mLiYs4z0tb","datePublished":"2023-12-05T13:45:58+00:00","dateModified":"2024-01-05T15:53:05+00:00","description":"Envie de choisir la bonne temp\u00e9rature de lampe pour votre salon ? D\u00e9couvrez nos conseils dans cet article sur le choix du nombre de lumens.","breadcrumb":{"@id":"https:\/\/www.echoppe-francaise.fr\/blog\/quelle-puissance-de-led-pour-un-salon-2\/#breadcrumb"},"inLanguage":"fr-FR","potentialAction":[{"@type":"ReadAction","target":["https:\/\/www.echoppe-francaise.fr\/blog\/quelle-puissance-de-led-pour-un-salon-2\/"]}]},{"@type":"ImageObject","inLanguage":"fr-FR","@id":"https:\/\/www.echoppe-francaise.fr\/blog\/quelle-puissance-de-led-pour-un-salon-2\/#primaryimage","url":"https:\/\/lh7-us.googleusercontent.com\/ThLRv36hahc7DzHIdhS_X2w9oq_q1fKwu7SEDJlJN7-h6lum4oNmoQbQcs-9ZzRgTFW-xtlPRv3RYW9Kb6oZzPrfcvnMD2cRMIFFs1AWZIrkKCHQ2qjwiBQOpXGQr6pum6mLiYs4z0tb","contentUrl":"https:\/\/lh7-us.googleusercontent.com\/ThLRv36hahc7DzHIdhS_X2w9oq_q1fKwu7SEDJlJN7-h6lum4oNmoQbQcs-9ZzRgTFW-xtlPRv3RYW9Kb6oZzPrfcvnMD2cRMIFFs1AWZIrkKCHQ2qjwiBQOpXGQr6pum6mLiYs4z0tb"},{"@type":"BreadcrumbList","@id":"https:\/\/www.echoppe-francaise.fr\/blog\/quelle-puissance-de-led-pour-un-salon-2\/#breadcrumb","itemListElement":[{"@type":"ListItem","position":1,"name":"Accueil","item":"https:\/\/www.echoppe-francaise.fr\/blog\/"},{"@type":"ListItem","position":2,"name":"Comment choisir le bon luminaire pour votre int\u00e9rieur ?","item":"https:\/\/www.echoppe-francaise.fr\/blog\/comment-choisir-le-bon-luminaire\/"},{"@type":"ListItem","position":3,"name":"Quel \u00e9clairage pour quelle pi\u00e8ce\u00a0?","item":"https:\/\/www.echoppe-francaise.fr\/blog\/quel-eclairage-pour-quelle-piece\/"},{"@type":"ListItem","position":4,"name":"Quelle puissance de led pour un salon\u00a0?"}]},{"@type":"WebSite","@id":"https:\/\/www.echoppe-francaise.fr\/blog\/#website","url":"https:\/\/www.echoppe-francaise.fr\/blog\/","name":"\u00c9choppe Fran\u00e7aise, le Blog","description":"Le blog des Cr\u00e9atrices et Cr\u00e9ateurs fran\u00e7ais","publisher":{"@id":"https:\/\/www.echoppe-francaise.fr\/blog\/#organization"},"potentialAction":[{"@type":"SearchAction","target":{"@type":"EntryPoint","urlTemplate":"https:\/\/www.echoppe-francaise.fr\/blog\/?s={search_term_string}"},"query-input":{"@type":"PropertyValueSpecification","valueRequired":true,"valueName":"search_term_string"}}],"inLanguage":"fr-FR"},{"@type":"Organization","@id":"https:\/\/www.echoppe-francaise.fr\/blog\/#organization","name":"L'\u00e9choppe Fran\u00e7aise","url":"https:\/\/www.echoppe-francaise.fr\/blog\/","logo":{"@type":"ImageObject","inLanguage":"fr-FR","@id":"https:\/\/www.echoppe-francaise.fr\/blog\/#\/schema\/logo\/image\/","url":"https:\/\/www.echoppe-francaise.fr\/blog\/wp-content\/uploads\/2017\/04\/echoppe-francaise-logo-1489412704.png","contentUrl":"https:\/\/www.echoppe-francaise.fr\/blog\/wp-content\/uploads\/2017\/04\/echoppe-francaise-logo-1489412704.png","width":492,"height":270,"caption":"L'\u00e9choppe Fran\u00e7aise"},"image":{"@id":"https:\/\/www.echoppe-francaise.fr\/blog\/#\/schema\/logo\/image\/"}}]}},"_links":{"self":[{"href":"https:\/\/www.echoppe-francaise.fr\/blog\/wp-json\/wp\/v2\/pages\/1663","targetHints":{"allow":["GET"]}}],"collection":[{"href":"https:\/\/www.echoppe-francaise.fr\/blog\/wp-json\/wp\/v2\/pages"}],"about":[{"href":"https:\/\/www.echoppe-francaise.fr\/blog\/wp-json\/wp\/v2\/types\/page"}],"author":[{"embeddable":true,"href":"https:\/\/www.echoppe-francaise.fr\/blog\/wp-json\/wp\/v2\/users\/6"}],"replies":[{"embeddable":true,"href":"https:\/\/www.echoppe-francaise.fr\/blog\/wp-json\/wp\/v2\/comments?post=1663"}],"version-history":[{"count":5,"href":"https:\/\/www.echoppe-francaise.fr\/blog\/wp-json\/wp\/v2\/pages\/1663\/revisions"}],"predecessor-version":[{"id":2303,"href":"https:\/\/www.echoppe-francaise.fr\/blog\/wp-json\/wp\/v2\/pages\/1663\/revisions\/2303"}],"up":[{"embeddable":true,"href":"https:\/\/www.echoppe-francaise.fr\/blog\/wp-json\/wp\/v2\/pages\/1551"}],"wp:attachment":[{"href":"https:\/\/www.echoppe-francaise.fr\/blog\/wp-json\/wp\/v2\/media?parent=1663"}],"curies":[{"name":"wp","href":"https:\/\/api.w.org\/{rel}","templated":true}]}}