{"id":1661,"date":"2023-12-05T14:41:58","date_gmt":"2023-12-05T13:41:58","guid":{"rendered":"https:\/\/www.echoppe-francaise.fr\/blog\/?page_id=1661"},"modified":"2026-02-19T08:55:14","modified_gmt":"2026-02-19T07:55:14","slug":"quelle-temperature-de-couleur-pour-salle-a-manger","status":"publish","type":"page","link":"https:\/\/www.echoppe-francaise.fr\/blog\/quelle-temperature-de-couleur-pour-salle-a-manger\/","title":{"rendered":"Quelle temp\u00e9rature de lumi\u00e8re choisir pour ma salle \u00e0 manger\u00a0?"},"content":{"rendered":"\n<figure class=\"wp-block-image\"><img decoding=\"async\" src=\"https:\/\/lh7-us.googleusercontent.com\/qWcFovIlQVmEQeEvUIxueY4qVpXFWFKiZdNrj7qxvLNALLWC_GXiHxsH4lUG09lSDGmcuK9y-p7MWtGIBOxWfGVhgvLSoFCT6GzwMLxIyFj3nUh7r2P7Mbo_9_oh6N1uYJmW-F5hzJbL\" alt=\"Une salle \u00e0 manger cosy avec une suspension \u00e0 led jaune.\"\/><\/figure>\n\n\n\n<p class=\"wp-block-paragraph\">Votre <strong>salle \u00e0 manger<\/strong> doit \u00eatre design et conviviale. Peaufinez-en l\u2019am\u00e9nagement pour y passer un bon moment. Donc, choisissez le bon luminaire. Faites surtout attention \u00e0 la temp\u00e9rature de vos suspensions. Voici les musts know.&nbsp;<\/p>\n\n\n\n<h2 class=\"wp-block-heading\">Un blanc chaud&nbsp;: une solution ind\u00e9modable pour une salle \u00e0 manger cosy<\/h2>\n\n\n\n<figure class=\"wp-block-image\"><img decoding=\"async\" src=\"https:\/\/lh7-us.googleusercontent.com\/LdyCgew0Q3-TgcLydUVAKm0CYPEPnUlW9G-CcFEDObM_KGDExtMezCqbEZZlVbgMWEirHuRLjmwSMiEMpR6BsSqoZ_VgnsY5G7OCI5uZ8xrZHnLMaIUtI5KC8TY0VA-wfEyz1Oc0P9Tw\" alt=\"Une salle \u00e0 manger au style naturel et une suspension moderne \u00e0 led.\"\/><\/figure>\n\n\n\n<p class=\"wp-block-paragraph\">Faites de votre salle \u00e0 manger un endroit de d\u00e9tente. Choisissez le blanc chaud pour votre \u00e9clairage. La lumi\u00e8re sera de <strong>couleur l\u00e9g\u00e8rement jaune<\/strong>. C\u2019est id\u00e9al pour une ambiance cosy et conviviale.&nbsp;<\/p>\n\n\n\n<p class=\"wp-block-paragraph\">Adaptez l\u2019<strong>intensit\u00e9 de votre luminaire <\/strong>en fonction de l\u2019espace. Notre conseil&nbsp;: 100 \u00e0 200 lumens par m2. Imaginez une d\u00e9coration feutr\u00e9e digne d\u2019un grand restaurant. Choisissez un led de 1 800 \u00e0 2 700 K.&nbsp;<\/p>\n\n\n\n<p class=\"wp-block-paragraph\">Un plafonnier peut faire l\u2019affaire. Vous n\u2019aurez pas \u00e0 occuper trop d\u2019espace. Mais, il y a d\u2019autres solutions pour un <strong>\u00e9clairage d\u2019ambiance<\/strong>. Optez pour les <a href=\"https:\/\/www.echoppe-francaise.fr\/lampes-et-luminaires-en-appliques\" target=\"_blank\" rel=\"noreferrer noopener\">appliques en bois<\/a> d\u2019artisans locaux de l\u2019\u00c9choppe Fran\u00e7aise. Elles sont en forme de fleur pour un am\u00e9nagement plus design. Ajoutez-en 5 ou 6 sur les murs de votre salle de bain. C\u2019est gage d\u2019une fonctionnalit\u00e9 optimale de la pi\u00e8ce.&nbsp;<\/p>\n\n\n\n<p class=\"wp-block-paragraph\">Trouvez la bonne ambiance dans votre espace et choisissez le bon luminaire gr\u00e2ce \u00e0 nos conseils sur : <a href=\"https:\/\/www.echoppe-francaise.fr\/blog\/quel-eclairage-pour-quelle-piece\/\" target=\"_blank\" rel=\"noreferrer noopener\">Quel \u00e9clairage pour quelle pi\u00e8ce ?<\/a><\/p>\n\n\n\n<h2 class=\"wp-block-heading\">Le blanc neutre&nbsp;pour un espace fonctionnel et confortable<\/h2>\n\n\n\n<figure class=\"wp-block-image\"><img decoding=\"async\" src=\"https:\/\/lh7-us.googleusercontent.com\/jdOAARpyUv5nOEgrS8zcI_OXNF1MDqRhuOzRIr7Jf-_R5Qp_1y__jSdE4iYoVIrIWzIIYybuWONNaoKY1iHCVFYTT-lpG5MgplfiahnqlAeb5Xp6ChCOGfQf_rKcH7IlYpiEr09OTh4V\" alt=\"Une salle \u00e0 manger XXL avec une suspension \u00e0 led tendance.\"\/><\/figure>\n\n\n\n<p class=\"wp-block-paragraph\">Envie d\u2019une salle de manger fonctionnelle et confortable&nbsp;? Osez le <strong>blanc neutre<\/strong>. C\u2019est une lumi\u00e8re blanche intense&nbsp;: id\u00e9ale pour un \u00e9clairage g\u00e9n\u00e9ral. Monte \u00e0 300 lumens par m2.&nbsp;<\/p>\n\n\n\n<p class=\"wp-block-paragraph\">Imitez la lumi\u00e8re du jour. Vous aurez d\u2019un led de <strong>3 000 \u00e0 5 000 k<\/strong> d\u2019intensit\u00e9. C\u2019est parfait pour passer un moment agr\u00e9able dans la pi\u00e8ce. Vous mettez en valeur vos plats et l\u2019espace. Vous profiterez d\u2019une bonne visibilit\u00e9.&nbsp;<\/p>\n\n\n\n<p class=\"wp-block-paragraph\">Cette couleur est aussi connue comme du \u00ab&nbsp;<strong>blanc froid<\/strong>&nbsp;\u00bb. C\u2019est la m\u00eame ambiance que dans les grands espaces. Elle fera para\u00eetre votre salle \u00e0 manger plus grande. Encore faut-il trouver le bon \u00e9clairage. On vous conseille le luminaire made in France de notre boutique en ligne. La suspension en bois FECP en forme de fleur valorisera votre espace.&nbsp;<\/p>\n\n\n\n<h2 class=\"wp-block-heading\">Une lumi\u00e8re qui vire l\u00e9g\u00e8rement vers le bleu pour un am\u00e9nagement moderne<\/h2>\n\n\n\n<figure class=\"wp-block-image\"><img decoding=\"async\" src=\"https:\/\/lh7-us.googleusercontent.com\/trygpjKl7txB8CnCIgYQoqdIuJwDDq3yP8ZOXiTH_ZsWU6mSytwPX136T6EtUqqtrxqSOWSJx3oYox9v3j7P-3JaSNjoR31EVpPrg3XUWS2rPf4erNjSpMqBFUF69IuzwjcskSJElHhs\" alt=\"Une salle \u00e0 manger moderne \u00e9clair\u00e9 par une suspension en forme de globe.\"\/><\/figure>\n\n\n\n<p class=\"wp-block-paragraph\">En qu\u00eate de modernit\u00e9&nbsp;? Choisissez une lumi\u00e8re qui vire l\u00e9g\u00e8rement vers le bleu. Vous aurez besoin d\u2019un \u00e9clairage principal intense&nbsp;: <strong>6 500 k en moyenne<\/strong>. C\u2019est la m\u00eame puissance que la lumi\u00e8re du jour.&nbsp;<\/p>\n\n\n\n<p class=\"wp-block-paragraph\">Vous aurez besoin de <strong>400 lumens par m2<\/strong>. Vous aurez une salle \u00e0 manger fonctionnelle. Vous y passerez de bons moments. Et, vous pourrez y recevoir. Vous n\u2019aurez pas de mal \u00e0 vous concentrer sur les conversations.&nbsp;<\/p>\n\n\n\n<p class=\"wp-block-paragraph\">On est loin de l\u2019\u00e9clairage d\u2019ambiance. Utilisez les lustres ou les luminaires. Adaptez-en la <strong>taille <\/strong>selon les dimensions de votre table. Basez-vous sur le rayon ou la largeur de celle-ci. Mettez la suspension \u00e0 la bonne hauteur. Dans une pi\u00e8ce de 1.90 \u00e0 2 m\u00e8tres, r\u00e9glez-l\u00e0 \u00e0 <strong>40 ou 45 cm <\/strong>du plafond. Vous profiterez ainsi d\u2019un bon \u00e9clairage. Et, vous n\u2019allez pas g\u00eaner la circulation.&nbsp;<\/p>\n\n\n\n<p class=\"wp-block-paragraph\">Pour conclure, ne vous fiez pas uniquement au style pour choisir le <strong>luminaire de votre salle \u00e0 manger<\/strong>. Jouez avec l\u2019intensit\u00e9 de la lumi\u00e8re. Vous passerez d\u2019une ambiance cosy \u00e0 moderne et fonctionnelle. Vous avez d\u00e9j\u00e0 tous nos conseils.&nbsp;<\/p>\n\n\n\n<h3 class=\"wp-block-heading\">Voici d&rsquo;autres astuces et conseils pour choisir le bon \u00e9clairage chez vous : <\/h3>\n\n\n\n<ul class=\"wp-block-list\">\n<li><a href=\"https:\/\/www.echoppe-francaise.fr\/blog\/quel-luminaire-au-dessus-du-canape\/\" target=\"_blank\" rel=\"noreferrer noopener\">Quel luminaire au-dessus du canap\u00e9&nbsp;?<\/a><\/li>\n\n\n\n<li><a href=\"https:\/\/www.echoppe-francaise.fr\/blog\/quel-lustre-mettre-dans-le-salon\/\" target=\"_blank\" rel=\"noreferrer noopener\">Quel lustre mettre dans le salon&nbsp;?<\/a><\/li>\n\n\n\n<li><a href=\"https:\/\/www.echoppe-francaise.fr\/blog\/quel-type-de-lumiere-pour-une-chambre\/\" target=\"_blank\" rel=\"noreferrer noopener\">Quel type de lumi\u00e8re pour une chambre&nbsp;?<\/a><\/li>\n\n\n\n<li><a href=\"https:\/\/www.echoppe-francaise.fr\/blog\/quelle-temperature-pour-votre-eclairage-de-salle-de-bain\/\" target=\"_blank\" rel=\"noreferrer noopener\">Quelle temp\u00e9rature pour l\u2019\u00e9clairage de la salle de bain&nbsp;?<\/a><\/li>\n\n\n\n<li><a href=\"https:\/\/www.echoppe-francaise.fr\/blog\/comment-bien-eclairer-son-salon\/\" target=\"_blank\" rel=\"noreferrer noopener\">Comment bien \u00e9clairer son salon&nbsp;?<\/a><\/li>\n\n\n\n<li><a href=\"https:\/\/www.echoppe-francaise.fr\/blog\/comment-choisir-votre-luminaire-pour-une-grande-piece\/\" target=\"_blank\" rel=\"noreferrer noopener\">Comment choisir votre luminaire pour une grande pi\u00e8ce&nbsp;?<\/a><\/li>\n\n\n\n<li><a href=\"https:\/\/www.echoppe-francaise.fr\/blog\/quel-type-de-lumiere-pour-un-salon\/\" target=\"_blank\" rel=\"noreferrer noopener\">Quel type de lumi\u00e8re pour un salon&nbsp;?<\/a><\/li>\n\n\n\n<li><a href=\"https:\/\/www.echoppe-francaise.fr\/blog\/quelle-lumiere-pour-une-salle-de-bains\/\" target=\"_blank\" rel=\"noreferrer noopener\">Quelle lumi\u00e8re pour une salle de bains&nbsp;?<\/a><\/li>\n\n\n\n<li><a href=\"https:\/\/www.echoppe-francaise.fr\/blog\/quelle-puissance-de-led-pour-les-lampes-de-mon-salon\/\" target=\"_blank\" rel=\"noreferrer noopener\">Quelle puissance de LED pour le salon\u00a0?<\/a><\/li>\n<\/ul>\n","protected":false},"excerpt":{"rendered":"<p>Votre salle \u00e0 manger doit \u00eatre design et conviviale. Peaufinez-en l\u2019am\u00e9nagement pour y passer un bon moment. Donc, choisissez le bon luminaire. Faites surtout attention \u00e0 la temp\u00e9rature de vos suspensions. Voici les musts know.&nbsp; Un blanc chaud&nbsp;: une solution ind\u00e9modable pour une salle \u00e0 manger cosy Faites de votre salle \u00e0 manger un endroit&hellip;&nbsp;<\/p>\n","protected":false},"author":6,"featured_media":0,"parent":1551,"menu_order":0,"comment_status":"closed","ping_status":"closed","template":"","meta":{"_crdt_document":"","neve_meta_sidebar":"","neve_meta_container":"","neve_meta_enable_content_width":"","neve_meta_content_width":0,"neve_meta_title_alignment":"","neve_meta_author_avatar":"","neve_post_elements_order":"","neve_meta_disable_header":"","neve_meta_disable_footer":"","neve_meta_disable_title":"","footnotes":""},"class_list":["post-1661","page","type-page","status-publish","hentry"],"yoast_head":"<!-- This site is optimized with the Yoast SEO plugin v27.5 - https:\/\/yoast.com\/product\/yoast-seo-wordpress\/ -->\n<title>Quelle temp\u00e9rature d&#039;\u00e9clairage pour ma salle \u00e0 manger ?<\/title>\n<meta name=\"description\" content=\"Laissez-vous guider par notre article pour trouver la temp\u00e9rature d&#039;\u00e9clairage id\u00e9ale \u00e0 mettre dans votre salle \u00e0 manger.\" \/>\n<meta name=\"robots\" content=\"index, follow, max-snippet:-1, max-image-preview:large, max-video-preview:-1\" \/>\n<link rel=\"canonical\" href=\"https:\/\/www.echoppe-francaise.fr\/blog\/quelle-temperature-de-couleur-pour-salle-a-manger\/\" \/>\n<meta property=\"og:locale\" content=\"fr_FR\" \/>\n<meta property=\"og:type\" content=\"article\" \/>\n<meta property=\"og:title\" content=\"Quelle temp\u00e9rature d&#039;\u00e9clairage pour ma salle \u00e0 manger ?\" \/>\n<meta property=\"og:description\" content=\"Laissez-vous guider par notre article pour trouver la temp\u00e9rature d&#039;\u00e9clairage id\u00e9ale \u00e0 mettre dans votre salle \u00e0 manger.\" \/>\n<meta property=\"og:url\" content=\"https:\/\/www.echoppe-francaise.fr\/blog\/quelle-temperature-de-couleur-pour-salle-a-manger\/\" \/>\n<meta property=\"og:site_name\" content=\"\u00c9choppe Fran\u00e7aise, le Blog\" \/>\n<meta property=\"article:modified_time\" content=\"2026-02-19T07:55:14+00:00\" \/>\n<meta property=\"og:image\" content=\"https:\/\/lh7-us.googleusercontent.com\/qWcFovIlQVmEQeEvUIxueY4qVpXFWFKiZdNrj7qxvLNALLWC_GXiHxsH4lUG09lSDGmcuK9y-p7MWtGIBOxWfGVhgvLSoFCT6GzwMLxIyFj3nUh7r2P7Mbo_9_oh6N1uYJmW-F5hzJbL\" \/>\n<meta name=\"twitter:card\" content=\"summary_large_image\" \/>\n<meta name=\"twitter:label1\" content=\"Dur\u00e9e de lecture estim\u00e9e\" \/>\n\t<meta name=\"twitter:data1\" content=\"4 minutes\" \/>\n<script type=\"application\/ld+json\" class=\"yoast-schema-graph\">{\"@context\":\"https:\\\/\\\/schema.org\",\"@graph\":[{\"@type\":\"WebPage\",\"@id\":\"https:\\\/\\\/www.echoppe-francaise.fr\\\/blog\\\/quelle-temperature-de-couleur-pour-salle-a-manger\\\/\",\"url\":\"https:\\\/\\\/www.echoppe-francaise.fr\\\/blog\\\/quelle-temperature-de-couleur-pour-salle-a-manger\\\/\",\"name\":\"Quelle temp\u00e9rature d'\u00e9clairage pour ma salle \u00e0 manger ?\",\"isPartOf\":{\"@id\":\"https:\\\/\\\/www.echoppe-francaise.fr\\\/blog\\\/#website\"},\"primaryImageOfPage\":{\"@id\":\"https:\\\/\\\/www.echoppe-francaise.fr\\\/blog\\\/quelle-temperature-de-couleur-pour-salle-a-manger\\\/#primaryimage\"},\"image\":{\"@id\":\"https:\\\/\\\/www.echoppe-francaise.fr\\\/blog\\\/quelle-temperature-de-couleur-pour-salle-a-manger\\\/#primaryimage\"},\"thumbnailUrl\":\"https:\\\/\\\/lh7-us.googleusercontent.com\\\/qWcFovIlQVmEQeEvUIxueY4qVpXFWFKiZdNrj7qxvLNALLWC_GXiHxsH4lUG09lSDGmcuK9y-p7MWtGIBOxWfGVhgvLSoFCT6GzwMLxIyFj3nUh7r2P7Mbo_9_oh6N1uYJmW-F5hzJbL\",\"datePublished\":\"2023-12-05T13:41:58+00:00\",\"dateModified\":\"2026-02-19T07:55:14+00:00\",\"description\":\"Laissez-vous guider par notre article pour trouver la temp\u00e9rature d'\u00e9clairage id\u00e9ale \u00e0 mettre dans votre salle \u00e0 manger.\",\"breadcrumb\":{\"@id\":\"https:\\\/\\\/www.echoppe-francaise.fr\\\/blog\\\/quelle-temperature-de-couleur-pour-salle-a-manger\\\/#breadcrumb\"},\"inLanguage\":\"fr-FR\",\"potentialAction\":[{\"@type\":\"ReadAction\",\"target\":[\"https:\\\/\\\/www.echoppe-francaise.fr\\\/blog\\\/quelle-temperature-de-couleur-pour-salle-a-manger\\\/\"]}]},{\"@type\":\"ImageObject\",\"inLanguage\":\"fr-FR\",\"@id\":\"https:\\\/\\\/www.echoppe-francaise.fr\\\/blog\\\/quelle-temperature-de-couleur-pour-salle-a-manger\\\/#primaryimage\",\"url\":\"https:\\\/\\\/lh7-us.googleusercontent.com\\\/qWcFovIlQVmEQeEvUIxueY4qVpXFWFKiZdNrj7qxvLNALLWC_GXiHxsH4lUG09lSDGmcuK9y-p7MWtGIBOxWfGVhgvLSoFCT6GzwMLxIyFj3nUh7r2P7Mbo_9_oh6N1uYJmW-F5hzJbL\",\"contentUrl\":\"https:\\\/\\\/lh7-us.googleusercontent.com\\\/qWcFovIlQVmEQeEvUIxueY4qVpXFWFKiZdNrj7qxvLNALLWC_GXiHxsH4lUG09lSDGmcuK9y-p7MWtGIBOxWfGVhgvLSoFCT6GzwMLxIyFj3nUh7r2P7Mbo_9_oh6N1uYJmW-F5hzJbL\"},{\"@type\":\"BreadcrumbList\",\"@id\":\"https:\\\/\\\/www.echoppe-francaise.fr\\\/blog\\\/quelle-temperature-de-couleur-pour-salle-a-manger\\\/#breadcrumb\",\"itemListElement\":[{\"@type\":\"ListItem\",\"position\":1,\"name\":\"Accueil\",\"item\":\"https:\\\/\\\/www.echoppe-francaise.fr\\\/blog\\\/\"},{\"@type\":\"ListItem\",\"position\":2,\"name\":\"Comment choisir le bon luminaire pour votre int\u00e9rieur ?\",\"item\":\"https:\\\/\\\/www.echoppe-francaise.fr\\\/blog\\\/comment-choisir-le-bon-luminaire\\\/\"},{\"@type\":\"ListItem\",\"position\":3,\"name\":\"Quel \u00e9clairage pour quelle pi\u00e8ce\u00a0?\",\"item\":\"https:\\\/\\\/www.echoppe-francaise.fr\\\/blog\\\/quel-eclairage-pour-quelle-piece\\\/\"},{\"@type\":\"ListItem\",\"position\":4,\"name\":\"Quelle temp\u00e9rature de lumi\u00e8re choisir pour ma salle \u00e0 manger\u00a0?\"}]},{\"@type\":\"WebSite\",\"@id\":\"https:\\\/\\\/www.echoppe-francaise.fr\\\/blog\\\/#website\",\"url\":\"https:\\\/\\\/www.echoppe-francaise.fr\\\/blog\\\/\",\"name\":\"\u00c9choppe Fran\u00e7aise, le Blog\",\"description\":\"Le blog des Cr\u00e9atrices et Cr\u00e9ateurs fran\u00e7ais\",\"publisher\":{\"@id\":\"https:\\\/\\\/www.echoppe-francaise.fr\\\/blog\\\/#organization\"},\"potentialAction\":[{\"@type\":\"SearchAction\",\"target\":{\"@type\":\"EntryPoint\",\"urlTemplate\":\"https:\\\/\\\/www.echoppe-francaise.fr\\\/blog\\\/?s={search_term_string}\"},\"query-input\":{\"@type\":\"PropertyValueSpecification\",\"valueRequired\":true,\"valueName\":\"search_term_string\"}}],\"inLanguage\":\"fr-FR\"},{\"@type\":\"Organization\",\"@id\":\"https:\\\/\\\/www.echoppe-francaise.fr\\\/blog\\\/#organization\",\"name\":\"L'\u00e9choppe Fran\u00e7aise\",\"url\":\"https:\\\/\\\/www.echoppe-francaise.fr\\\/blog\\\/\",\"logo\":{\"@type\":\"ImageObject\",\"inLanguage\":\"fr-FR\",\"@id\":\"https:\\\/\\\/www.echoppe-francaise.fr\\\/blog\\\/#\\\/schema\\\/logo\\\/image\\\/\",\"url\":\"https:\\\/\\\/www.echoppe-francaise.fr\\\/blog\\\/wp-content\\\/uploads\\\/2017\\\/04\\\/echoppe-francaise-logo-1489412704.png\",\"contentUrl\":\"https:\\\/\\\/www.echoppe-francaise.fr\\\/blog\\\/wp-content\\\/uploads\\\/2017\\\/04\\\/echoppe-francaise-logo-1489412704.png\",\"width\":492,\"height\":270,\"caption\":\"L'\u00e9choppe Fran\u00e7aise\"},\"image\":{\"@id\":\"https:\\\/\\\/www.echoppe-francaise.fr\\\/blog\\\/#\\\/schema\\\/logo\\\/image\\\/\"}}]}<\/script>\n<!-- \/ Yoast SEO plugin. -->","yoast_head_json":{"title":"Quelle temp\u00e9rature d'\u00e9clairage pour ma salle \u00e0 manger ?","description":"Laissez-vous guider par notre article pour trouver la temp\u00e9rature d'\u00e9clairage id\u00e9ale \u00e0 mettre dans votre salle \u00e0 manger.","robots":{"index":"index","follow":"follow","max-snippet":"max-snippet:-1","max-image-preview":"max-image-preview:large","max-video-preview":"max-video-preview:-1"},"canonical":"https:\/\/www.echoppe-francaise.fr\/blog\/quelle-temperature-de-couleur-pour-salle-a-manger\/","og_locale":"fr_FR","og_type":"article","og_title":"Quelle temp\u00e9rature d'\u00e9clairage pour ma salle \u00e0 manger ?","og_description":"Laissez-vous guider par notre article pour trouver la temp\u00e9rature d'\u00e9clairage id\u00e9ale \u00e0 mettre dans votre salle \u00e0 manger.","og_url":"https:\/\/www.echoppe-francaise.fr\/blog\/quelle-temperature-de-couleur-pour-salle-a-manger\/","og_site_name":"\u00c9choppe Fran\u00e7aise, le Blog","article_modified_time":"2026-02-19T07:55:14+00:00","og_image":[{"url":"https:\/\/lh7-us.googleusercontent.com\/qWcFovIlQVmEQeEvUIxueY4qVpXFWFKiZdNrj7qxvLNALLWC_GXiHxsH4lUG09lSDGmcuK9y-p7MWtGIBOxWfGVhgvLSoFCT6GzwMLxIyFj3nUh7r2P7Mbo_9_oh6N1uYJmW-F5hzJbL","type":"","width":"","height":""}],"twitter_card":"summary_large_image","twitter_misc":{"Dur\u00e9e de lecture estim\u00e9e":"4 minutes"},"schema":{"@context":"https:\/\/schema.org","@graph":[{"@type":"WebPage","@id":"https:\/\/www.echoppe-francaise.fr\/blog\/quelle-temperature-de-couleur-pour-salle-a-manger\/","url":"https:\/\/www.echoppe-francaise.fr\/blog\/quelle-temperature-de-couleur-pour-salle-a-manger\/","name":"Quelle temp\u00e9rature d'\u00e9clairage pour ma salle \u00e0 manger ?","isPartOf":{"@id":"https:\/\/www.echoppe-francaise.fr\/blog\/#website"},"primaryImageOfPage":{"@id":"https:\/\/www.echoppe-francaise.fr\/blog\/quelle-temperature-de-couleur-pour-salle-a-manger\/#primaryimage"},"image":{"@id":"https:\/\/www.echoppe-francaise.fr\/blog\/quelle-temperature-de-couleur-pour-salle-a-manger\/#primaryimage"},"thumbnailUrl":"https:\/\/lh7-us.googleusercontent.com\/qWcFovIlQVmEQeEvUIxueY4qVpXFWFKiZdNrj7qxvLNALLWC_GXiHxsH4lUG09lSDGmcuK9y-p7MWtGIBOxWfGVhgvLSoFCT6GzwMLxIyFj3nUh7r2P7Mbo_9_oh6N1uYJmW-F5hzJbL","datePublished":"2023-12-05T13:41:58+00:00","dateModified":"2026-02-19T07:55:14+00:00","description":"Laissez-vous guider par notre article pour trouver la temp\u00e9rature d'\u00e9clairage id\u00e9ale \u00e0 mettre dans votre salle \u00e0 manger.","breadcrumb":{"@id":"https:\/\/www.echoppe-francaise.fr\/blog\/quelle-temperature-de-couleur-pour-salle-a-manger\/#breadcrumb"},"inLanguage":"fr-FR","potentialAction":[{"@type":"ReadAction","target":["https:\/\/www.echoppe-francaise.fr\/blog\/quelle-temperature-de-couleur-pour-salle-a-manger\/"]}]},{"@type":"ImageObject","inLanguage":"fr-FR","@id":"https:\/\/www.echoppe-francaise.fr\/blog\/quelle-temperature-de-couleur-pour-salle-a-manger\/#primaryimage","url":"https:\/\/lh7-us.googleusercontent.com\/qWcFovIlQVmEQeEvUIxueY4qVpXFWFKiZdNrj7qxvLNALLWC_GXiHxsH4lUG09lSDGmcuK9y-p7MWtGIBOxWfGVhgvLSoFCT6GzwMLxIyFj3nUh7r2P7Mbo_9_oh6N1uYJmW-F5hzJbL","contentUrl":"https:\/\/lh7-us.googleusercontent.com\/qWcFovIlQVmEQeEvUIxueY4qVpXFWFKiZdNrj7qxvLNALLWC_GXiHxsH4lUG09lSDGmcuK9y-p7MWtGIBOxWfGVhgvLSoFCT6GzwMLxIyFj3nUh7r2P7Mbo_9_oh6N1uYJmW-F5hzJbL"},{"@type":"BreadcrumbList","@id":"https:\/\/www.echoppe-francaise.fr\/blog\/quelle-temperature-de-couleur-pour-salle-a-manger\/#breadcrumb","itemListElement":[{"@type":"ListItem","position":1,"name":"Accueil","item":"https:\/\/www.echoppe-francaise.fr\/blog\/"},{"@type":"ListItem","position":2,"name":"Comment choisir le bon luminaire pour votre int\u00e9rieur ?","item":"https:\/\/www.echoppe-francaise.fr\/blog\/comment-choisir-le-bon-luminaire\/"},{"@type":"ListItem","position":3,"name":"Quel \u00e9clairage pour quelle pi\u00e8ce\u00a0?","item":"https:\/\/www.echoppe-francaise.fr\/blog\/quel-eclairage-pour-quelle-piece\/"},{"@type":"ListItem","position":4,"name":"Quelle temp\u00e9rature de lumi\u00e8re choisir pour ma salle \u00e0 manger\u00a0?"}]},{"@type":"WebSite","@id":"https:\/\/www.echoppe-francaise.fr\/blog\/#website","url":"https:\/\/www.echoppe-francaise.fr\/blog\/","name":"\u00c9choppe Fran\u00e7aise, le Blog","description":"Le blog des Cr\u00e9atrices et Cr\u00e9ateurs fran\u00e7ais","publisher":{"@id":"https:\/\/www.echoppe-francaise.fr\/blog\/#organization"},"potentialAction":[{"@type":"SearchAction","target":{"@type":"EntryPoint","urlTemplate":"https:\/\/www.echoppe-francaise.fr\/blog\/?s={search_term_string}"},"query-input":{"@type":"PropertyValueSpecification","valueRequired":true,"valueName":"search_term_string"}}],"inLanguage":"fr-FR"},{"@type":"Organization","@id":"https:\/\/www.echoppe-francaise.fr\/blog\/#organization","name":"L'\u00e9choppe Fran\u00e7aise","url":"https:\/\/www.echoppe-francaise.fr\/blog\/","logo":{"@type":"ImageObject","inLanguage":"fr-FR","@id":"https:\/\/www.echoppe-francaise.fr\/blog\/#\/schema\/logo\/image\/","url":"https:\/\/www.echoppe-francaise.fr\/blog\/wp-content\/uploads\/2017\/04\/echoppe-francaise-logo-1489412704.png","contentUrl":"https:\/\/www.echoppe-francaise.fr\/blog\/wp-content\/uploads\/2017\/04\/echoppe-francaise-logo-1489412704.png","width":492,"height":270,"caption":"L'\u00e9choppe Fran\u00e7aise"},"image":{"@id":"https:\/\/www.echoppe-francaise.fr\/blog\/#\/schema\/logo\/image\/"}}]}},"_links":{"self":[{"href":"https:\/\/www.echoppe-francaise.fr\/blog\/wp-json\/wp\/v2\/pages\/1661","targetHints":{"allow":["GET"]}}],"collection":[{"href":"https:\/\/www.echoppe-francaise.fr\/blog\/wp-json\/wp\/v2\/pages"}],"about":[{"href":"https:\/\/www.echoppe-francaise.fr\/blog\/wp-json\/wp\/v2\/types\/page"}],"author":[{"embeddable":true,"href":"https:\/\/www.echoppe-francaise.fr\/blog\/wp-json\/wp\/v2\/users\/6"}],"replies":[{"embeddable":true,"href":"https:\/\/www.echoppe-francaise.fr\/blog\/wp-json\/wp\/v2\/comments?post=1661"}],"version-history":[{"count":8,"href":"https:\/\/www.echoppe-francaise.fr\/blog\/wp-json\/wp\/v2\/pages\/1661\/revisions"}],"predecessor-version":[{"id":2351,"href":"https:\/\/www.echoppe-francaise.fr\/blog\/wp-json\/wp\/v2\/pages\/1661\/revisions\/2351"}],"up":[{"embeddable":true,"href":"https:\/\/www.echoppe-francaise.fr\/blog\/wp-json\/wp\/v2\/pages\/1551"}],"wp:attachment":[{"href":"https:\/\/www.echoppe-francaise.fr\/blog\/wp-json\/wp\/v2\/media?parent=1661"}],"curies":[{"name":"wp","href":"https:\/\/api.w.org\/{rel}","templated":true}]}}