{"id":1657,"date":"2023-12-05T14:34:58","date_gmt":"2023-12-05T13:34:58","guid":{"rendered":"https:\/\/www.echoppe-francaise.fr\/blog\/?page_id=1657"},"modified":"2026-02-19T11:52:21","modified_gmt":"2026-02-19T10:52:21","slug":"quel-type-de-lumiere-pour-une-chambre","status":"publish","type":"page","link":"https:\/\/www.echoppe-francaise.fr\/blog\/quel-type-de-lumiere-pour-une-chambre\/","title":{"rendered":"Quel type de lumi\u00e8re pour une chambre\u00a0?"},"content":{"rendered":"\n<figure class=\"wp-block-image\"><img decoding=\"async\" src=\"https:\/\/lh7-us.googleusercontent.com\/nOpkVq7rJ7Zeoy2G3Q7c3lbCIT4El83W0slcYOMVbLTs0iuKLtbCAV9HP-bmF5Dw0AuS22BA5GMbTCNQ90Qk8xl_FMxn5HDHOFLBxWEoPufKjcWUQTy8VQIqF5ltCaiF_IABRNROv7N5\" alt=\"Une chambre luxueux avec des lampes de chevets et un luminaire imposant.\"\/><\/figure>\n\n\n\n<p class=\"wp-block-paragraph\">Embellissez votre <strong>chambre \u00e0 coucher<\/strong>. Et, donnez-lui l\u2019ambiance qui vous mettra \u00e0 l\u2019aise. C\u2019est une question de style. Mais, cela impactera aussi votre qualit\u00e9 de sommeil. Alors, voici quelques conseils sur le choix de la lumi\u00e8re \u00e0 utiliser.\u00a0<br>D\u00e9couvrez \u00e9galement notre article pour <a href=\"https:\/\/www.echoppe-francaise.fr\/blog\/comment-choisir-le-bon-luminaire\/\" type=\"link\" id=\"https:\/\/www.echoppe-francaise.fr\/blog\/comment-choisir-le-bon-luminaire\/\">choisir le bon luminaire lors d&rsquo;un achat<\/a>.<\/p>\n\n\n\n<h2 class=\"wp-block-heading\">Cr\u00e9ez une ambiance cosy et agr\u00e9able dans la chambre<\/h2>\n\n\n\n<figure class=\"wp-block-image\"><img decoding=\"async\" src=\"https:\/\/lh7-us.googleusercontent.com\/Y6sIgJqyf-5dVBwm9ziGZktVyEefGOhVY5VudrjFwD_KZ-7RpHwCUNMpZDOzlHyzLprfK9ehuIK1DFsOXPFahe5ro7u5ACgeGZxBUoXNh-7lrCTWV7nLw842vvRjqmcbTauDtBRvqaGn\" alt=\"Une chambre coucher cosy \u00e9clair\u00e9 par des lampes de chevet led et un lampadaire en bois.\"\/><\/figure>\n\n\n\n<p class=\"wp-block-paragraph\">La chambre est un lieu de d\u00e9tente. Ainsi, une ambiance conviviale n\u2019y sera pas du luxe. On vous conseille une <strong>lumi\u00e8re de couleur jaune<\/strong>. Pour rendre la pi\u00e8ce plus agr\u00e9able, voici les r\u00e8gles&nbsp;:&nbsp;<\/p>\n\n\n\n<ul class=\"wp-block-list\">\n<li>Un \u00e9clairage de 100 \u00e0 200 lumens par m2<\/li>\n\n\n\n<li>Une intensit\u00e9 de 1 500 \u00e0 3 000 K<\/li>\n<\/ul>\n\n\n\n<p class=\"wp-block-paragraph\">Un luminaire \u00e0 suspension est possible. Mais, pr\u00e9f\u00e9rez les syst\u00e8mes d\u2019\u00e9clairage cibl\u00e9. Vous obtiendrez une meilleure ambiance. Par exemple&nbsp;: <strong>l\u2019<\/strong><a href=\"https:\/\/www.echoppe-francaise.fr\/lampes-et-luminaires-en-appliques\" target=\"_blank\" rel=\"noreferrer noopener\"><strong>applique murale en bois<\/strong> <\/a>de l\u2019\u00c9choppe Fran\u00e7aise. En forme de fleurs, elle joue aussi le r\u00f4le d\u2019accessoire de d\u00e9coration. Mettez-la pr\u00e8s de la porte d\u2019entr\u00e9e. Elle s\u2019invite aussi pr\u00e8s du lit.&nbsp;<\/p>\n\n\n\n<h2 class=\"wp-block-heading\">Choisissez une chambre \u00e0 coucher moderne avec la bonne couleur de lumi\u00e8re<\/h2>\n\n\n\n<figure class=\"wp-block-image\"><img decoding=\"async\" src=\"https:\/\/lh7-us.googleusercontent.com\/wb5D8tlpGtPNs_fmhSafWJsk3upoUwNwNgGj1QsSBRxWeexKzIhZ_0EQgDushxvCZEkpiiEVZCc8vRL3DVopCVtVDha4NOJki7ES29yHfVzOJ9ZU856TMvvxiwo63Cc-tA0f2O7rgo4F\" alt=\"Une chambre \u00e0 coucher XXL avec des lampes \u00e0 suspensions pr\u00e8s du lit.\"\/><\/figure>\n\n\n\n<p class=\"wp-block-paragraph\">Une chambre tendance et moderne&nbsp;? Misez sur une ambiance impersonnelle. Vous aurez besoin d\u2019un \u00e9clairage \u00e0 la <strong>lumi\u00e8re blanche neutre<\/strong>. Pour ce faire&nbsp;:&nbsp;<\/p>\n\n\n\n<ul class=\"wp-block-list\">\n<li>300 \u00e0 400 lumens par m2<\/li>\n\n\n\n<li>Un led de 4 000 ou 5 000 k.&nbsp;<\/li>\n<\/ul>\n\n\n\n<p class=\"wp-block-paragraph\">Un \u00e9clairage g\u00e9n\u00e9ral sera plus pratique. Reliez-le avec un interrupteur install\u00e9 pr\u00e8s de la porte. Une <strong>suspension<\/strong> \u00e9clairera toute la pi\u00e8ce en un clic. Sur notre boutique en ligne, on vous propose un mod\u00e8le en bois. En forme de fleur, il est \u00e9l\u00e9gant et original.&nbsp;<\/p>\n\n\n\n<p class=\"wp-block-paragraph\">Adaptez votre \u00e9clairage \u00e0 l&rsquo;espace. Retrouvez tous nos conseils pour faire le bon choix sur : <a href=\"https:\/\/www.echoppe-francaise.fr\/blog\/quel-eclairage-pour-quelle-piece\/\" target=\"_blank\" rel=\"noreferrer noopener\">quel \u00e9clairage pour quelle pi\u00e8ce ?<\/a><\/p>\n\n\n\n<h2 class=\"wp-block-heading\">Trouvez le bon syst\u00e8me d\u2019\u00e9clairage \u00e0 ajouter dans votre chambre&nbsp;<\/h2>\n\n\n\n<figure class=\"wp-block-image\"><img decoding=\"async\" src=\"https:\/\/lh7-us.googleusercontent.com\/z5SNrWUK_zYjJy-TzPd_Ft97zSZ7UDWPm7_g14vcqfyuJsDFHHsMtlGNG-yRaLII0SQMiajlIT7F53-Nd6OC43nUtVwpz53FyjplJIngwqLZyuLfXA3LxS2KVfim0TPoIgiQ0GuG1HUu\" alt=\"Une lampe de chevet pos\u00e9e sur la table \u00e0 c\u00f4t\u00e9 du lit dans une grande chambre.\"\/><\/figure>\n\n\n\n<p class=\"wp-block-paragraph\">Vous pouvez adopter diff\u00e9rents syst\u00e8mes d\u2019\u00e9clairage pour votre chambre \u00e0 coucher&nbsp;:&nbsp;<\/p>\n\n\n\n<ul class=\"wp-block-list\">\n<li>Les suspensions si vous avez une belle hauteur sous plafond.&nbsp;<\/li>\n\n\n\n<li>Les plafonniers pour un \u00e9clairage principal chic.&nbsp;<\/li>\n\n\n\n<li>Les appliques pour un <strong>\u00e9clairage d\u2019ambiance<\/strong><\/li>\n\n\n\n<li>Les spots encastr\u00e9s pour une touche tendance<\/li>\n\n\n\n<li>Les lampadaires sur les coins cocooning.&nbsp;<\/li>\n\n\n\n<li>Les lampes de chevet pr\u00e8s du lit.&nbsp;<\/li>\n<\/ul>\n\n\n\n<p class=\"wp-block-paragraph\">Trouvez le design qui se fondra dans votre d\u00e9co&nbsp;:&nbsp;<\/p>\n\n\n\n<ul class=\"wp-block-list\">\n<li>Un <strong>abat-jour<\/strong> rond dans une chambre vintage et classique.&nbsp;<\/li>\n\n\n\n<li>Un lustre en verre pour davantage d\u2019\u00e9l\u00e9gance<\/li>\n\n\n\n<li>Un luminaire en m\u00e9tal dans une d\u00e9co contemporaine<\/li>\n\n\n\n<li>Un accessoire en bois pour de l\u2019originalit\u00e9 et de la convivialit\u00e9&nbsp;<\/li>\n<\/ul>\n\n\n\n<h2 class=\"wp-block-heading\">Les crit\u00e8res pour choisir le bon \u00e9clairage dans une chambre<\/h2>\n\n\n\n<figure class=\"wp-block-image\"><img decoding=\"async\" src=\"https:\/\/lh7-us.googleusercontent.com\/Zc_KovHu9kS19OfJBoqqd40rh_HSdTl7HU5BAhHq4K98ePReitZ_jo6XZsjyihVNgRwAWaTZG-Oojyj49MNCoWpIxgglFIoK0ofjVfJPaiK3Sl8jo1QazBMlWekFnLtUiVO2yA75d6jG\" alt=\"Une chambre avec un lampadaire tr\u00e9pied en bois et des lampes de chevet.\"\/><\/figure>\n\n\n\n<p class=\"wp-block-paragraph\">Ne choisissez pas l\u2019\u00e9clairage de votre chambre au hasard. On vous pr\u00e9sente un guide pour vous aider&nbsp;:&nbsp;<\/p>\n\n\n\n<ul class=\"wp-block-list\">\n<li>La taille&nbsp;: 40 \u00e0 45 cm de diam\u00e8tre dans une pi\u00e8ce de <strong>moins de 15 m\u00b2<\/strong>.<strong>&nbsp;<\/strong><\/li>\n\n\n\n<li>Le style&nbsp;: coh\u00e9rent avec le reste de la maison.&nbsp;<\/li>\n\n\n\n<li>Des ampoules LED obligatoirement&nbsp;: normes \u00e9lectriques obligent.&nbsp;<\/li>\n\n\n\n<li>L\u2019intensit\u00e9 et la couleur en fonction de l\u2019ambiance souhait\u00e9e<\/li>\n<\/ul>\n\n\n\n<p class=\"wp-block-paragraph\">La facilit\u00e9 d\u2019utilisation ne sera pas la m\u00eame d\u2019un \u00e9clairage \u00e0 un autre. Une <strong>lampe de chevet en bois<\/strong> ne n\u00e9cessitera qu\u2019une prise. Une suspension aura besoin d\u2019une installation \u00e9lectrique en bonne et due forme.&nbsp;<\/p>\n\n\n\n<p class=\"wp-block-paragraph\">Bref, ne minimisez pas l\u2019importance de l\u2019\u00e9clairage dans la chambre. Cherche la bonne couleur. Idem pour l\u2019intensit\u00e9. Il en va de l\u2019ambiance dans cette pi\u00e8ce. Et, cela impactera aussi le design de votre espace.&nbsp;<\/p>\n\n\n\n<p class=\"wp-block-paragraph\">Lisez nos autres articles pour vous aider \u00e0 faire le bon choix de luminaire : <\/p>\n\n\n\n<ul class=\"wp-block-list\">\n<li><a href=\"https:\/\/www.echoppe-francaise.fr\/blog\/comment-bien-eclairer-son-salon\/\" target=\"_blank\" rel=\"noreferrer noopener\">Comment bien \u00e9clairer son salon&nbsp;?<\/a><\/li>\n\n\n\n<li><a href=\"https:\/\/www.echoppe-francaise.fr\/blog\/comment-choisir-votre-luminaire-pour-une-grande-piece\/\" target=\"_blank\" rel=\"noreferrer noopener\">Comment choisir votre luminaire pour une grande pi\u00e8ce&nbsp;?<\/a><\/li>\n\n\n\n<li><a href=\"https:\/\/www.echoppe-francaise.fr\/blog\/quel-type-de-lumiere-pour-un-salon\/\" target=\"_blank\" rel=\"noreferrer noopener\">Quel type de lumi\u00e8re pour un salon&nbsp;?<\/a><\/li>\n\n\n\n<li><a href=\"https:\/\/www.echoppe-francaise.fr\/blog\/quelle-lumiere-pour-une-salle-de-bains\/\" target=\"_blank\" rel=\"noreferrer noopener\">Quelle lumi\u00e8re pour une salle de bains&nbsp;?<\/a><\/li>\n\n\n\n<li><a href=\"https:\/\/www.echoppe-francaise.fr\/blog\/quelle-puissance-de-led-pour-les-lampes-de-mon-salon\/\" target=\"_blank\" rel=\"noreferrer noopener\">Quelle puissance de LED pour le salon&nbsp;?<\/a><\/li>\n\n\n\n<li><a href=\"https:\/\/www.echoppe-francaise.fr\/blog\/quelle-temperature-de-couleur-pour-salle-a-manger\/\" target=\"_blank\" rel=\"noreferrer noopener\">Quelle temp\u00e9rature de couleur pour salle \u00e0 manger&nbsp;?<\/a><\/li>\n\n\n\n<li><a href=\"https:\/\/www.echoppe-francaise.fr\/blog\/quelle-temperature-pour-votre-eclairage-de-salle-de-bain\/\" target=\"_blank\" rel=\"noreferrer noopener\">Quelle temp\u00e9rature pour l\u2019\u00e9clairage de la salle de bain&nbsp;?<\/a><\/li>\n\n\n\n<li><a href=\"https:\/\/www.echoppe-francaise.fr\/blog\/quel-luminaire-au-dessus-du-canape\/\" target=\"_blank\" rel=\"noreferrer noopener\">Quel luminaire au-dessus du canap\u00e9&nbsp;?<\/a><\/li>\n\n\n\n<li><a href=\"https:\/\/www.echoppe-francaise.fr\/blog\/quel-lustre-mettre-dans-le-salon\/\" target=\"_blank\" rel=\"noreferrer noopener\">Quel lustre mettre dans le salon&nbsp;?<\/a><\/li>\n<\/ul>\n","protected":false},"excerpt":{"rendered":"<p>Embellissez votre chambre \u00e0 coucher. Et, donnez-lui l\u2019ambiance qui vous mettra \u00e0 l\u2019aise. C\u2019est une question de style. Mais, cela impactera aussi votre qualit\u00e9 de sommeil. Alors, voici quelques conseils sur le choix de la lumi\u00e8re \u00e0 utiliser.\u00a0D\u00e9couvrez \u00e9galement notre article pour choisir le bon luminaire lors d&rsquo;un achat. Cr\u00e9ez une ambiance cosy et agr\u00e9able&hellip;&nbsp;<\/p>\n","protected":false},"author":6,"featured_media":0,"parent":1551,"menu_order":0,"comment_status":"closed","ping_status":"closed","template":"","meta":{"_crdt_document":"","neve_meta_sidebar":"","neve_meta_container":"","neve_meta_enable_content_width":"","neve_meta_content_width":0,"neve_meta_title_alignment":"","neve_meta_author_avatar":"","neve_post_elements_order":"","neve_meta_disable_header":"","neve_meta_disable_footer":"","neve_meta_disable_title":"","footnotes":""},"class_list":["post-1657","page","type-page","status-publish","hentry"],"yoast_head":"<!-- This site is optimized with the Yoast SEO plugin v27.5 - https:\/\/yoast.com\/product\/yoast-seo-wordpress\/ -->\n<title>Comment trouver le bon luminaire pour une chambre ?<\/title>\n<meta name=\"description\" content=\"Nous vous proposons des astuces et des conseils pour choisir le bon luminaire pour une chambre \u00e0 coucher.\" \/>\n<meta name=\"robots\" content=\"index, follow, max-snippet:-1, max-image-preview:large, max-video-preview:-1\" \/>\n<link rel=\"canonical\" href=\"https:\/\/www.echoppe-francaise.fr\/blog\/quel-type-de-lumiere-pour-une-chambre\/\" \/>\n<meta property=\"og:locale\" content=\"fr_FR\" \/>\n<meta property=\"og:type\" content=\"article\" \/>\n<meta property=\"og:title\" content=\"Comment trouver le bon luminaire pour une chambre ?\" \/>\n<meta property=\"og:description\" content=\"Nous vous proposons des astuces et des conseils pour choisir le bon luminaire pour une chambre \u00e0 coucher.\" \/>\n<meta property=\"og:url\" content=\"https:\/\/www.echoppe-francaise.fr\/blog\/quel-type-de-lumiere-pour-une-chambre\/\" \/>\n<meta property=\"og:site_name\" content=\"\u00c9choppe Fran\u00e7aise, le Blog\" \/>\n<meta property=\"article:modified_time\" content=\"2026-02-19T10:52:21+00:00\" \/>\n<meta property=\"og:image\" content=\"https:\/\/lh7-us.googleusercontent.com\/nOpkVq7rJ7Zeoy2G3Q7c3lbCIT4El83W0slcYOMVbLTs0iuKLtbCAV9HP-bmF5Dw0AuS22BA5GMbTCNQ90Qk8xl_FMxn5HDHOFLBxWEoPufKjcWUQTy8VQIqF5ltCaiF_IABRNROv7N5\" \/>\n<meta name=\"twitter:card\" content=\"summary_large_image\" \/>\n<meta name=\"twitter:label1\" content=\"Dur\u00e9e de lecture estim\u00e9e\" \/>\n\t<meta name=\"twitter:data1\" content=\"5 minutes\" \/>\n<script type=\"application\/ld+json\" class=\"yoast-schema-graph\">{\"@context\":\"https:\\\/\\\/schema.org\",\"@graph\":[{\"@type\":\"WebPage\",\"@id\":\"https:\\\/\\\/www.echoppe-francaise.fr\\\/blog\\\/quel-type-de-lumiere-pour-une-chambre\\\/\",\"url\":\"https:\\\/\\\/www.echoppe-francaise.fr\\\/blog\\\/quel-type-de-lumiere-pour-une-chambre\\\/\",\"name\":\"Comment trouver le bon luminaire pour une chambre ?\",\"isPartOf\":{\"@id\":\"https:\\\/\\\/www.echoppe-francaise.fr\\\/blog\\\/#website\"},\"primaryImageOfPage\":{\"@id\":\"https:\\\/\\\/www.echoppe-francaise.fr\\\/blog\\\/quel-type-de-lumiere-pour-une-chambre\\\/#primaryimage\"},\"image\":{\"@id\":\"https:\\\/\\\/www.echoppe-francaise.fr\\\/blog\\\/quel-type-de-lumiere-pour-une-chambre\\\/#primaryimage\"},\"thumbnailUrl\":\"https:\\\/\\\/lh7-us.googleusercontent.com\\\/nOpkVq7rJ7Zeoy2G3Q7c3lbCIT4El83W0slcYOMVbLTs0iuKLtbCAV9HP-bmF5Dw0AuS22BA5GMbTCNQ90Qk8xl_FMxn5HDHOFLBxWEoPufKjcWUQTy8VQIqF5ltCaiF_IABRNROv7N5\",\"datePublished\":\"2023-12-05T13:34:58+00:00\",\"dateModified\":\"2026-02-19T10:52:21+00:00\",\"description\":\"Nous vous proposons des astuces et des conseils pour choisir le bon luminaire pour une chambre \u00e0 coucher.\",\"breadcrumb\":{\"@id\":\"https:\\\/\\\/www.echoppe-francaise.fr\\\/blog\\\/quel-type-de-lumiere-pour-une-chambre\\\/#breadcrumb\"},\"inLanguage\":\"fr-FR\",\"potentialAction\":[{\"@type\":\"ReadAction\",\"target\":[\"https:\\\/\\\/www.echoppe-francaise.fr\\\/blog\\\/quel-type-de-lumiere-pour-une-chambre\\\/\"]}]},{\"@type\":\"ImageObject\",\"inLanguage\":\"fr-FR\",\"@id\":\"https:\\\/\\\/www.echoppe-francaise.fr\\\/blog\\\/quel-type-de-lumiere-pour-une-chambre\\\/#primaryimage\",\"url\":\"https:\\\/\\\/lh7-us.googleusercontent.com\\\/nOpkVq7rJ7Zeoy2G3Q7c3lbCIT4El83W0slcYOMVbLTs0iuKLtbCAV9HP-bmF5Dw0AuS22BA5GMbTCNQ90Qk8xl_FMxn5HDHOFLBxWEoPufKjcWUQTy8VQIqF5ltCaiF_IABRNROv7N5\",\"contentUrl\":\"https:\\\/\\\/lh7-us.googleusercontent.com\\\/nOpkVq7rJ7Zeoy2G3Q7c3lbCIT4El83W0slcYOMVbLTs0iuKLtbCAV9HP-bmF5Dw0AuS22BA5GMbTCNQ90Qk8xl_FMxn5HDHOFLBxWEoPufKjcWUQTy8VQIqF5ltCaiF_IABRNROv7N5\"},{\"@type\":\"BreadcrumbList\",\"@id\":\"https:\\\/\\\/www.echoppe-francaise.fr\\\/blog\\\/quel-type-de-lumiere-pour-une-chambre\\\/#breadcrumb\",\"itemListElement\":[{\"@type\":\"ListItem\",\"position\":1,\"name\":\"Accueil\",\"item\":\"https:\\\/\\\/www.echoppe-francaise.fr\\\/blog\\\/\"},{\"@type\":\"ListItem\",\"position\":2,\"name\":\"Comment choisir le bon luminaire pour votre int\u00e9rieur ?\",\"item\":\"https:\\\/\\\/www.echoppe-francaise.fr\\\/blog\\\/comment-choisir-le-bon-luminaire\\\/\"},{\"@type\":\"ListItem\",\"position\":3,\"name\":\"Quel \u00e9clairage pour quelle pi\u00e8ce\u00a0?\",\"item\":\"https:\\\/\\\/www.echoppe-francaise.fr\\\/blog\\\/quel-eclairage-pour-quelle-piece\\\/\"},{\"@type\":\"ListItem\",\"position\":4,\"name\":\"Quel type de lumi\u00e8re pour une chambre\u00a0?\"}]},{\"@type\":\"WebSite\",\"@id\":\"https:\\\/\\\/www.echoppe-francaise.fr\\\/blog\\\/#website\",\"url\":\"https:\\\/\\\/www.echoppe-francaise.fr\\\/blog\\\/\",\"name\":\"\u00c9choppe Fran\u00e7aise, le Blog\",\"description\":\"Le blog des Cr\u00e9atrices et Cr\u00e9ateurs fran\u00e7ais\",\"publisher\":{\"@id\":\"https:\\\/\\\/www.echoppe-francaise.fr\\\/blog\\\/#organization\"},\"potentialAction\":[{\"@type\":\"SearchAction\",\"target\":{\"@type\":\"EntryPoint\",\"urlTemplate\":\"https:\\\/\\\/www.echoppe-francaise.fr\\\/blog\\\/?s={search_term_string}\"},\"query-input\":{\"@type\":\"PropertyValueSpecification\",\"valueRequired\":true,\"valueName\":\"search_term_string\"}}],\"inLanguage\":\"fr-FR\"},{\"@type\":\"Organization\",\"@id\":\"https:\\\/\\\/www.echoppe-francaise.fr\\\/blog\\\/#organization\",\"name\":\"L'\u00e9choppe Fran\u00e7aise\",\"url\":\"https:\\\/\\\/www.echoppe-francaise.fr\\\/blog\\\/\",\"logo\":{\"@type\":\"ImageObject\",\"inLanguage\":\"fr-FR\",\"@id\":\"https:\\\/\\\/www.echoppe-francaise.fr\\\/blog\\\/#\\\/schema\\\/logo\\\/image\\\/\",\"url\":\"https:\\\/\\\/www.echoppe-francaise.fr\\\/blog\\\/wp-content\\\/uploads\\\/2017\\\/04\\\/echoppe-francaise-logo-1489412704.png\",\"contentUrl\":\"https:\\\/\\\/www.echoppe-francaise.fr\\\/blog\\\/wp-content\\\/uploads\\\/2017\\\/04\\\/echoppe-francaise-logo-1489412704.png\",\"width\":492,\"height\":270,\"caption\":\"L'\u00e9choppe Fran\u00e7aise\"},\"image\":{\"@id\":\"https:\\\/\\\/www.echoppe-francaise.fr\\\/blog\\\/#\\\/schema\\\/logo\\\/image\\\/\"}}]}<\/script>\n<!-- \/ Yoast SEO plugin. -->","yoast_head_json":{"title":"Comment trouver le bon luminaire pour une chambre ?","description":"Nous vous proposons des astuces et des conseils pour choisir le bon luminaire pour une chambre \u00e0 coucher.","robots":{"index":"index","follow":"follow","max-snippet":"max-snippet:-1","max-image-preview":"max-image-preview:large","max-video-preview":"max-video-preview:-1"},"canonical":"https:\/\/www.echoppe-francaise.fr\/blog\/quel-type-de-lumiere-pour-une-chambre\/","og_locale":"fr_FR","og_type":"article","og_title":"Comment trouver le bon luminaire pour une chambre ?","og_description":"Nous vous proposons des astuces et des conseils pour choisir le bon luminaire pour une chambre \u00e0 coucher.","og_url":"https:\/\/www.echoppe-francaise.fr\/blog\/quel-type-de-lumiere-pour-une-chambre\/","og_site_name":"\u00c9choppe Fran\u00e7aise, le Blog","article_modified_time":"2026-02-19T10:52:21+00:00","og_image":[{"url":"https:\/\/lh7-us.googleusercontent.com\/nOpkVq7rJ7Zeoy2G3Q7c3lbCIT4El83W0slcYOMVbLTs0iuKLtbCAV9HP-bmF5Dw0AuS22BA5GMbTCNQ90Qk8xl_FMxn5HDHOFLBxWEoPufKjcWUQTy8VQIqF5ltCaiF_IABRNROv7N5","type":"","width":"","height":""}],"twitter_card":"summary_large_image","twitter_misc":{"Dur\u00e9e de lecture estim\u00e9e":"5 minutes"},"schema":{"@context":"https:\/\/schema.org","@graph":[{"@type":"WebPage","@id":"https:\/\/www.echoppe-francaise.fr\/blog\/quel-type-de-lumiere-pour-une-chambre\/","url":"https:\/\/www.echoppe-francaise.fr\/blog\/quel-type-de-lumiere-pour-une-chambre\/","name":"Comment trouver le bon luminaire pour une chambre ?","isPartOf":{"@id":"https:\/\/www.echoppe-francaise.fr\/blog\/#website"},"primaryImageOfPage":{"@id":"https:\/\/www.echoppe-francaise.fr\/blog\/quel-type-de-lumiere-pour-une-chambre\/#primaryimage"},"image":{"@id":"https:\/\/www.echoppe-francaise.fr\/blog\/quel-type-de-lumiere-pour-une-chambre\/#primaryimage"},"thumbnailUrl":"https:\/\/lh7-us.googleusercontent.com\/nOpkVq7rJ7Zeoy2G3Q7c3lbCIT4El83W0slcYOMVbLTs0iuKLtbCAV9HP-bmF5Dw0AuS22BA5GMbTCNQ90Qk8xl_FMxn5HDHOFLBxWEoPufKjcWUQTy8VQIqF5ltCaiF_IABRNROv7N5","datePublished":"2023-12-05T13:34:58+00:00","dateModified":"2026-02-19T10:52:21+00:00","description":"Nous vous proposons des astuces et des conseils pour choisir le bon luminaire pour une chambre \u00e0 coucher.","breadcrumb":{"@id":"https:\/\/www.echoppe-francaise.fr\/blog\/quel-type-de-lumiere-pour-une-chambre\/#breadcrumb"},"inLanguage":"fr-FR","potentialAction":[{"@type":"ReadAction","target":["https:\/\/www.echoppe-francaise.fr\/blog\/quel-type-de-lumiere-pour-une-chambre\/"]}]},{"@type":"ImageObject","inLanguage":"fr-FR","@id":"https:\/\/www.echoppe-francaise.fr\/blog\/quel-type-de-lumiere-pour-une-chambre\/#primaryimage","url":"https:\/\/lh7-us.googleusercontent.com\/nOpkVq7rJ7Zeoy2G3Q7c3lbCIT4El83W0slcYOMVbLTs0iuKLtbCAV9HP-bmF5Dw0AuS22BA5GMbTCNQ90Qk8xl_FMxn5HDHOFLBxWEoPufKjcWUQTy8VQIqF5ltCaiF_IABRNROv7N5","contentUrl":"https:\/\/lh7-us.googleusercontent.com\/nOpkVq7rJ7Zeoy2G3Q7c3lbCIT4El83W0slcYOMVbLTs0iuKLtbCAV9HP-bmF5Dw0AuS22BA5GMbTCNQ90Qk8xl_FMxn5HDHOFLBxWEoPufKjcWUQTy8VQIqF5ltCaiF_IABRNROv7N5"},{"@type":"BreadcrumbList","@id":"https:\/\/www.echoppe-francaise.fr\/blog\/quel-type-de-lumiere-pour-une-chambre\/#breadcrumb","itemListElement":[{"@type":"ListItem","position":1,"name":"Accueil","item":"https:\/\/www.echoppe-francaise.fr\/blog\/"},{"@type":"ListItem","position":2,"name":"Comment choisir le bon luminaire pour votre int\u00e9rieur ?","item":"https:\/\/www.echoppe-francaise.fr\/blog\/comment-choisir-le-bon-luminaire\/"},{"@type":"ListItem","position":3,"name":"Quel \u00e9clairage pour quelle pi\u00e8ce\u00a0?","item":"https:\/\/www.echoppe-francaise.fr\/blog\/quel-eclairage-pour-quelle-piece\/"},{"@type":"ListItem","position":4,"name":"Quel type de lumi\u00e8re pour une chambre\u00a0?"}]},{"@type":"WebSite","@id":"https:\/\/www.echoppe-francaise.fr\/blog\/#website","url":"https:\/\/www.echoppe-francaise.fr\/blog\/","name":"\u00c9choppe Fran\u00e7aise, le Blog","description":"Le blog des Cr\u00e9atrices et Cr\u00e9ateurs fran\u00e7ais","publisher":{"@id":"https:\/\/www.echoppe-francaise.fr\/blog\/#organization"},"potentialAction":[{"@type":"SearchAction","target":{"@type":"EntryPoint","urlTemplate":"https:\/\/www.echoppe-francaise.fr\/blog\/?s={search_term_string}"},"query-input":{"@type":"PropertyValueSpecification","valueRequired":true,"valueName":"search_term_string"}}],"inLanguage":"fr-FR"},{"@type":"Organization","@id":"https:\/\/www.echoppe-francaise.fr\/blog\/#organization","name":"L'\u00e9choppe Fran\u00e7aise","url":"https:\/\/www.echoppe-francaise.fr\/blog\/","logo":{"@type":"ImageObject","inLanguage":"fr-FR","@id":"https:\/\/www.echoppe-francaise.fr\/blog\/#\/schema\/logo\/image\/","url":"https:\/\/www.echoppe-francaise.fr\/blog\/wp-content\/uploads\/2017\/04\/echoppe-francaise-logo-1489412704.png","contentUrl":"https:\/\/www.echoppe-francaise.fr\/blog\/wp-content\/uploads\/2017\/04\/echoppe-francaise-logo-1489412704.png","width":492,"height":270,"caption":"L'\u00e9choppe Fran\u00e7aise"},"image":{"@id":"https:\/\/www.echoppe-francaise.fr\/blog\/#\/schema\/logo\/image\/"}}]}},"_links":{"self":[{"href":"https:\/\/www.echoppe-francaise.fr\/blog\/wp-json\/wp\/v2\/pages\/1657","targetHints":{"allow":["GET"]}}],"collection":[{"href":"https:\/\/www.echoppe-francaise.fr\/blog\/wp-json\/wp\/v2\/pages"}],"about":[{"href":"https:\/\/www.echoppe-francaise.fr\/blog\/wp-json\/wp\/v2\/types\/page"}],"author":[{"embeddable":true,"href":"https:\/\/www.echoppe-francaise.fr\/blog\/wp-json\/wp\/v2\/users\/6"}],"replies":[{"embeddable":true,"href":"https:\/\/www.echoppe-francaise.fr\/blog\/wp-json\/wp\/v2\/comments?post=1657"}],"version-history":[{"count":7,"href":"https:\/\/www.echoppe-francaise.fr\/blog\/wp-json\/wp\/v2\/pages\/1657\/revisions"}],"predecessor-version":[{"id":2378,"href":"https:\/\/www.echoppe-francaise.fr\/blog\/wp-json\/wp\/v2\/pages\/1657\/revisions\/2378"}],"up":[{"embeddable":true,"href":"https:\/\/www.echoppe-francaise.fr\/blog\/wp-json\/wp\/v2\/pages\/1551"}],"wp:attachment":[{"href":"https:\/\/www.echoppe-francaise.fr\/blog\/wp-json\/wp\/v2\/media?parent=1657"}],"curies":[{"name":"wp","href":"https:\/\/api.w.org\/{rel}","templated":true}]}}