{"id":1655,"date":"2023-12-05T14:25:16","date_gmt":"2023-12-05T13:25:16","guid":{"rendered":"https:\/\/www.echoppe-francaise.fr\/blog\/?page_id=1655"},"modified":"2026-02-19T08:56:42","modified_gmt":"2026-02-19T07:56:42","slug":"comment-bien-eclairer-son-salon","status":"publish","type":"page","link":"https:\/\/www.echoppe-francaise.fr\/blog\/comment-bien-eclairer-son-salon\/","title":{"rendered":"Comment bien \u00e9clairer son salon\u00a0?"},"content":{"rendered":"\n<figure class=\"wp-block-image\"><img decoding=\"async\" src=\"https:\/\/lh7-us.googleusercontent.com\/JXTONprJgPMyKjku8SYlE-hy2XVbi-8YjT_Bg5rqtkPm2Q8naSx8lJX5EtzGuyrMixHMAxuDmeshUPYJM6joKh2M8KCU9ewfnyOp-id1eZj3zIH-jbA9ifHVrrtf7-iLdsQAc6L8BuNB\" alt=\"Deux lustres \u00e9l\u00e9gants en verre dans une grande pi\u00e8ce \u00e0 vivre classique.\"\/><\/figure>\n\n\n\n<p class=\"wp-block-paragraph\">Le <strong>salon<\/strong> est l\u2019une des pi\u00e8ces \u00e0 vivre de votre appartement ou maison. Il joue plusieurs r\u00f4les&nbsp;: espace de d\u00e9tente, de travail, de r\u00e9ception, etc. Il doit donc \u00eatre convivial et fonctionnel. Pour ce faire, jouez sur l\u2019\u00e9clairage. Voici quelques conseils pour vous aider.&nbsp;<\/p>\n\n\n\n<h2 class=\"wp-block-heading\">Un \u00e9clairage g\u00e9n\u00e9ral pour le salon&nbsp;: une bonne ou une mauvaise id\u00e9e&nbsp;?&nbsp;<\/h2>\n\n\n\n<figure class=\"wp-block-image\"><img decoding=\"async\" src=\"https:\/\/lh7-us.googleusercontent.com\/GA8gFiEVvs6DllMyLJQGF9JAIw8XSvIaW3IxONya-cJ79oY_t1i828cLeAbJFvpvwfObLX4T98PCwecYVg0xL_ClnY5KMbnYxacoOqJ2zunJvcnslUMySZSj4Yi6ZQ-TylGVlaUOf5MX\" alt=\"Un grand lustre dans un grand salon \u00e9l\u00e9gant.\"\/><\/figure>\n\n\n\n<p class=\"wp-block-paragraph\">Un <strong>\u00e9clairage g\u00e9n\u00e9ral<\/strong> est pratique. Il suffit d\u2019un clic sur l\u2019interrupteur pour le mettre en marche. Vous profiterez d\u2019une luminosit\u00e9 parfaite dans toute la pi\u00e8ce. C\u2019est aussi confortable. Dans une petite pi\u00e8ce, vous aurez une illusion d\u2019optique. Le salon para\u00eetra plus grand.&nbsp; Votre salon fait plus de 20 m\u00b2&nbsp;? C\u2019est la meilleure solution pour le mettre en valeur.&nbsp;<\/p>\n\n\n\n<p class=\"wp-block-paragraph\">Envie d\u2019un \u00e9clairage g\u00e9n\u00e9ral dans votre espace&nbsp;? Choisissez un <strong>luminaire styl\u00e9<\/strong> \u00e0 mettre au centre du plafond. Trouvez la bonne taille pour ne pas trop occuper la pi\u00e8ce.&nbsp; Et, le style doit \u00eatre coh\u00e9rent avec le reste de votre d\u00e9coration.&nbsp;<\/p>\n\n\n\n<p class=\"wp-block-paragraph\">Pr\u00e9f\u00e9rez un \u00e9clairage fonctionnel. Le <strong>blanc neutre<\/strong> est un choix propice. Cette couleur de lumi\u00e8re ira \u00e0 toutes les th\u00e9matiques de d\u00e9coration. Elle se mariera avec n\u2019importe quelle peinture sur les murs. Et, ce sera le gage d\u2019un maximum de visibilit\u00e9 dans l\u2019espace.&nbsp;&nbsp;<\/p>\n\n\n\n<p class=\"wp-block-paragraph\">On vous donne d&rsquo;autres conseils pour le choix de votre \u00e9clairage sur notre article : <a href=\"https:\/\/www.echoppe-francaise.fr\/blog\/quel-eclairage-pour-quelle-piece\/\" target=\"_blank\" rel=\"noreferrer noopener\">Quel \u00e9clairage pour quelle pi\u00e8ce ?<\/a><\/p>\n\n\n\n<h2 class=\"wp-block-heading\">Comment vous assurer un \u00e9clairage d\u2019ambiance dans votre salon&nbsp;?&nbsp;<\/h2>\n\n\n\n<figure class=\"wp-block-image\"><img decoding=\"async\" src=\"https:\/\/lh7-us.googleusercontent.com\/wcHP8WASDS4zPFrehIAWTAMg_EUlfJ2nb44o0eR3xVyFZcfGH2GKNkOfpY5ItAxgrUI4SVaVxaIReA_FzGKavyTGr-DOEjQRl25rA0YUlcxe4NOoanC7ugxRPPrFntzobfggJYh70Z3A\" alt=\"Un salon \u00e9clair\u00e9 avec une lumi\u00e8re chaude gr\u00e2ce \u00e0 des rubans led, des bougies et une lampe de chevet pr\u00e8s du canap\u00e9.\"\/><\/figure>\n\n\n\n<p class=\"wp-block-paragraph\">Mais, le salon doit aussi \u00eatre convivial. Dans cette optique, osez l\u2019\u00e9clairage d\u2019ambiance. Misez sur une <strong>lumi\u00e8re blanc chaud<\/strong>. Elle se distingue par une couleur l\u00e9g\u00e8rement jaune. C\u2019est propice \u00e0 la d\u00e9tente.&nbsp;<\/p>\n\n\n\n<p class=\"wp-block-paragraph\">Choisissez les bons endroits \u00e0 \u00e9clairer. Soyez <strong>strat\u00e9gique<\/strong>. Par exemple, installez des \u00e9clairages pr\u00e8s du canap\u00e9 et de l\u2019entr\u00e9e. Idem pour les zones de passage et les coins lectures. N\u2019oubliez pas les luminaires pr\u00e8s de votre meuble TV.&nbsp;<\/p>\n\n\n\n<p class=\"wp-block-paragraph\">Un syst\u00e8me d\u2019\u00e9clairage cibl\u00e9 est un must. Optez pour les <strong><a href=\"https:\/\/www.echoppe-francaise.fr\/lampes-et-luminaires-en-appliques\" target=\"_blank\" rel=\"noreferrer noopener\">appliques<\/a><\/strong>. Elles sont \u00e0 fixer sur les murs du salon. Vous faites d\u2019une pierre deux coups. Vous habillez aussi l\u2019espace. Sur l\u2019\u00c9choppe Fran\u00e7aise, nos cr\u00e9ateurs vous proposent un mod\u00e8le en bois. Cette forme de fleur trouvera sa place dans votre am\u00e9nagement.&nbsp;<\/p>\n\n\n\n<h2 class=\"wp-block-heading\">Quel genre de luminaire adopt\u00e9 pour parfaire la d\u00e9co de votre espace&nbsp;?&nbsp;<\/h2>\n\n\n\n<figure class=\"wp-block-image\"><img decoding=\"async\" src=\"https:\/\/lh7-us.googleusercontent.com\/W7sPVM5bo-CKKlSBw_jr9iDVGQA-6CXBRTjkGPKWDEQGS4ftNxg2KiNru_M8IOPgrsKEaEfcuaZRHfq1Zk3rYXcqK5eJPV27uA6ERpdAz-vRNiy3CfOc8rK0HO9RNCAIiRTG-LUWBiF9\" alt=\"Un salon tendance \u00e9clair\u00e9 avec des led, des appliques, des suspensions et des lampes de tables.\"\/><\/figure>\n\n\n\n<p class=\"wp-block-paragraph\">Utilisez plusieurs luminaires pour l\u2019am\u00e9nagement de votre salon&nbsp;:&nbsp;<\/p>\n\n\n\n<ul class=\"wp-block-list\">\n<li>Une <strong>suspension led<\/strong> comme \u00e9clairage central<\/li>\n\n\n\n<li>Une <strong>applique<\/strong> tendance pour \u00e9clairer les murs<\/li>\n\n\n\n<li>Un <strong>lampadaire int\u00e9rieur<\/strong> pour une ambiance d\u00e9tente<\/li>\n\n\n\n<li>Des <strong>lampes de table<\/strong> pr\u00e8s du canap\u00e9<\/li>\n\n\n\n<li>Les <strong>spots ou les rubans LED<\/strong> pour un \u00e9clairage fonctionnel, mais cocooning.&nbsp;<\/li>\n<\/ul>\n\n\n\n<p class=\"wp-block-paragraph\">Adaptez le style de votre \u00e9clairage \u00e0 celui de votre salon. Par exemple, un <strong>lustre <\/strong>est parfait pour un am\u00e9nagement vintage tendance. Les appliques se d\u00e9clinent en plusieurs formes. De quoi vous aider \u00e0 respecter la th\u00e9matique g\u00e9n\u00e9rale de votre maison. Vous avez choisi les ampoules rondes dans le hall d\u2019entr\u00e9e&nbsp;? Continuez dans cette ambiance dans toutes les pi\u00e8ces.&nbsp;<\/p>\n\n\n\n<p class=\"wp-block-paragraph\">Envie d\u2019une touche moderne&nbsp;? Un <strong>lampadaire en m\u00e9tal<\/strong> est de mise. En forme d\u2019arc ou de forme perpendiculaire&nbsp;: faites votre choix. Placez -le pour avoir un \u00e9clairage optimal sur le canap\u00e9.&nbsp;<\/p>\n\n\n\n<h2 class=\"wp-block-heading\">Quelle est la taille id\u00e9ale pour le luminaire de votre salon&nbsp;?&nbsp;<\/h2>\n\n\n\n<figure class=\"wp-block-image\"><img decoding=\"async\" src=\"https:\/\/lh7-us.googleusercontent.com\/jwHGZPijUlMnj0uDYP_4mROMGF877sP88hcLexKVpT4Efig9KfhPy5BljX-8_SVhbt68QFVua7f87n2FppAYeLieKW8imL8kJ3oFzBu7GVGQMDArWlfCUeZzHbCJO5xAYczPpYiBS_sV\" alt=\"Un salon \u00e9clair\u00e9 avec un lampadaire en bois et une suspension en osier rond.\"\/><\/figure>\n\n\n\n<p class=\"wp-block-paragraph\">Faites attention \u00e0 la taille de votre luminaire. Ne surchargez pas la pi\u00e8ce. La pi\u00e8ce fait moins de 15 m\u00b2&nbsp;? Limitez-vous \u00e0 <strong>40 ou 45 cm de diam\u00e8tre<\/strong>. Le salon compte plus de 20 m\u00b2&nbsp;? Allez jusqu\u2019\u00e0 45 ou 50 cm.&nbsp;<\/p>\n\n\n\n<p class=\"wp-block-paragraph\">Prenez des <strong>mesures de la pi\u00e8ce<\/strong>. Prenez la longueur et la largeur. Additionnez le tout. Multipliez ensuite par 8. Vous obtiendrez la taille en cm de votre luminaire id\u00e9al.&nbsp;<\/p>\n\n\n\n<p class=\"wp-block-paragraph\">Vous avez choisi les spots&nbsp;? Ces derniers ont une port\u00e9e limit\u00e9e. Ils n\u2019\u00e9clairent que <strong>100 m<\/strong> autour de la source de lumi\u00e8re. Placez-les \u00e0 la bonne distance.&nbsp;<\/p>\n\n\n\n<p class=\"wp-block-paragraph\">R\u00e9glez la <strong>hauteur de vos suspensions<\/strong> selon la hauteur sous plafond. Le mur fait 1.90 ou 2 m de haut&nbsp;? 40 ou 45 cm sera parfait. Ou, suivez la tendance. Placez les suspensions plus proches du canap\u00e9 que du plafond. C\u2019est possible si les abat-jours ne sont pas trop imposants. Le cas \u00e9ch\u00e9ant, ce ne sera pas fonctionnel ni esth\u00e9tique.&nbsp;&nbsp;<\/p>\n\n\n\n<h2 class=\"wp-block-heading\">Quid de la puissance de votre syst\u00e8me d\u2019\u00e9clairage&nbsp;?&nbsp;<\/h2>\n\n\n\n<figure class=\"wp-block-image\"><img decoding=\"async\" src=\"https:\/\/lh7-us.googleusercontent.com\/SG51rwIePgIvH6QTWf8Cc38b0IAt7Ad7yI68Q7BlneBWZqGsOjpyWLPosAiLu8tbpWKDhZBtt0mqbASylgRZaXaLrqaV72ZZ_WOGpQyeGOUpTJoSNk2yVJYtilsgQ9MrW5WxvFdJsxK-\" alt=\"Un salon cosy avec une lampe et une suspension.\"\/><\/figure>\n\n\n\n<p class=\"wp-block-paragraph\">Reste encore \u00e0 calculer la <strong>puissance<\/strong> de votre luminaire. Tout d\u00e9pend de l\u2019ambiance que vous souhaitez avoir&nbsp;:&nbsp;<\/p>\n\n\n\n<ul class=\"wp-block-list\">\n<li>Pour un salon fonctionnel avec un \u00e9clairage froid&nbsp;: <strong>300 \u00e0 400 lumens par m2<\/strong><\/li>\n\n\n\n<li>Pour une ambiance cocooning avec une <strong>lumi\u00e8re de couleur jaune<\/strong>&nbsp;: 100 \u00e0 200 lumens par m2.&nbsp;<\/li>\n<\/ul>\n\n\n\n<p class=\"wp-block-paragraph\">Attention \u00e0 ne pas d\u00e9passer <strong>4 500 k<\/strong>. Vous aurez une ambiance trop impersonnelle. Vous ne vous y sentirez pas \u00e0 l\u2019aise.&nbsp;<\/p>\n\n\n\n<ul class=\"wp-block-list\">\n<li>Une ambiance chaleureuse&nbsp;? 3 000 k seront suffisants.<\/li>\n\n\n\n<li>Un salon plus moderne&nbsp;? Osez le maximum&nbsp;: 4 500 k.&nbsp;<\/li>\n<\/ul>\n\n\n\n<p class=\"wp-block-paragraph\">Le rendu de la d\u00e9coration ne sera pas le m\u00eame. Avec 4 500 k, l\u2019\u00e9clairage sera intense. Ce qui enl\u00e8ve tout le c\u00f4t\u00e9 cosy \u00e0 votre salon. Surtout si vous avez un petit salon.&nbsp;<\/p>\n\n\n\n<p class=\"wp-block-paragraph\">Sur l\u2019\u00c9choppe Fran\u00e7aise, on vous propose des suspensions et des luminaires ou des appliques. Nos cr\u00e9ateurs ont aussi des lampes en bois. Tout est fabriqu\u00e9 localement avec du <strong>bois FECP<\/strong>. C\u2019est convivial, esth\u00e9tique et \u00e9cologique. Et, vous n\u2019aurez pas de mal \u00e0 les installer dans votre salon. Faites votre choix.&nbsp;<\/p>\n\n\n\n<p class=\"wp-block-paragraph\">Retrouvez tous nos conseils pour parfaire votre d\u00e9coration et choisir votre luminaire id\u00e9al dans nos autres articles : <\/p>\n\n\n\n<ul class=\"wp-block-list\">\n<li><a href=\"https:\/\/www.echoppe-francaise.fr\/blog\/quelle-temperature-de-couleur-pour-salle-a-manger\/\" target=\"_blank\" rel=\"noreferrer noopener\">Quelle temp\u00e9rature de couleur pour salle \u00e0 manger&nbsp;?<\/a><\/li>\n\n\n\n<li><a href=\"https:\/\/www.echoppe-francaise.fr\/blog\/quel-type-de-lumiere-pour-un-salon\/\" target=\"_blank\" rel=\"noreferrer noopener\">Quel type de lumi\u00e8re pour un salon&nbsp;?<\/a><\/li>\n\n\n\n<li><a href=\"https:\/\/www.echoppe-francaise.fr\/blog\/quel-luminaire-au-dessus-du-canape\/\" target=\"_blank\" rel=\"noreferrer noopener\">Quel luminaire au-dessus du canap\u00e9&nbsp;?<\/a><\/li>\n\n\n\n<li><a href=\"https:\/\/www.echoppe-francaise.fr\/blog\/quel-lustre-mettre-dans-le-salon\/\" target=\"_blank\" rel=\"noreferrer noopener\">Quel lustre mettre dans le salon&nbsp;?<\/a><\/li>\n\n\n\n<li><a href=\"https:\/\/www.echoppe-francaise.fr\/blog\/quelle-puissance-de-led-pour-les-lampes-de-mon-salon\/\" target=\"_blank\" rel=\"noreferrer noopener\">Quelle puissance de LED pour le salon\u00a0?<\/a><\/li>\n\n\n\n<li><a href=\"https:\/\/www.echoppe-francaise.fr\/blog\/quel-type-de-lumiere-pour-une-chambre\/\" target=\"_blank\" rel=\"noreferrer noopener\">Quel type de lumi\u00e8re pour une chambre&nbsp;?<\/a><\/li>\n\n\n\n<li><a href=\"https:\/\/www.echoppe-francaise.fr\/blog\/quelle-lumiere-pour-une-salle-de-bains\/\" target=\"_blank\" rel=\"noreferrer noopener\">Quelle lumi\u00e8re pour une salle de bains&nbsp;?<\/a><\/li>\n\n\n\n<li><a href=\"https:\/\/www.echoppe-francaise.fr\/blog\/quelle-temperature-pour-votre-eclairage-de-salle-de-bain\/\" target=\"_blank\" rel=\"noreferrer noopener\">Quelle temp\u00e9rature pour l\u2019\u00e9clairage de la salle de bain&nbsp;?<\/a><\/li>\n\n\n\n<li><a href=\"https:\/\/www.echoppe-francaise.fr\/blog\/comment-choisir-votre-luminaire-pour-une-grande-piece\/\" target=\"_blank\" rel=\"noreferrer noopener\">Comment choisir votre luminaire pour une grande pi\u00e8ce&nbsp;?<\/a><\/li>\n<\/ul>\n","protected":false},"excerpt":{"rendered":"<p>Le salon est l\u2019une des pi\u00e8ces \u00e0 vivre de votre appartement ou maison. Il joue plusieurs r\u00f4les&nbsp;: espace de d\u00e9tente, de travail, de r\u00e9ception, etc. Il doit donc \u00eatre convivial et fonctionnel. Pour ce faire, jouez sur l\u2019\u00e9clairage. Voici quelques conseils pour vous aider.&nbsp; Un \u00e9clairage g\u00e9n\u00e9ral pour le salon&nbsp;: une bonne ou une mauvaise&hellip;&nbsp;<\/p>\n","protected":false},"author":6,"featured_media":0,"parent":1551,"menu_order":0,"comment_status":"closed","ping_status":"closed","template":"","meta":{"_crdt_document":"","neve_meta_sidebar":"","neve_meta_container":"","neve_meta_enable_content_width":"","neve_meta_content_width":0,"neve_meta_title_alignment":"","neve_meta_author_avatar":"","neve_post_elements_order":"","neve_meta_disable_header":"","neve_meta_disable_footer":"","neve_meta_disable_title":"","footnotes":""},"class_list":["post-1655","page","type-page","status-publish","hentry"],"yoast_head":"<!-- This site is optimized with the Yoast SEO plugin v27.5 - https:\/\/yoast.com\/product\/yoast-seo-wordpress\/ -->\n<title>Quels Luminaires Choisir pour bien \u00c9clairer mon Salon ?<\/title>\n<meta name=\"description\" content=\"Cet article donne toutes les astuces pour bien \u00e9clairer son salon : choix des luminaires, intensit\u00e9s et couleurs, etc.\" \/>\n<meta name=\"robots\" content=\"index, follow, max-snippet:-1, max-image-preview:large, max-video-preview:-1\" \/>\n<link rel=\"canonical\" href=\"https:\/\/www.echoppe-francaise.fr\/blog\/comment-bien-eclairer-son-salon\/\" \/>\n<meta property=\"og:locale\" content=\"fr_FR\" \/>\n<meta property=\"og:type\" content=\"article\" \/>\n<meta property=\"og:title\" content=\"Quels Luminaires Choisir pour bien \u00c9clairer mon Salon ?\" \/>\n<meta property=\"og:description\" content=\"Cet article donne toutes les astuces pour bien \u00e9clairer son salon : choix des luminaires, intensit\u00e9s et couleurs, etc.\" \/>\n<meta property=\"og:url\" content=\"https:\/\/www.echoppe-francaise.fr\/blog\/comment-bien-eclairer-son-salon\/\" \/>\n<meta property=\"og:site_name\" content=\"\u00c9choppe Fran\u00e7aise, le Blog\" \/>\n<meta property=\"article:modified_time\" content=\"2026-02-19T07:56:42+00:00\" \/>\n<meta property=\"og:image\" content=\"https:\/\/lh7-us.googleusercontent.com\/JXTONprJgPMyKjku8SYlE-hy2XVbi-8YjT_Bg5rqtkPm2Q8naSx8lJX5EtzGuyrMixHMAxuDmeshUPYJM6joKh2M8KCU9ewfnyOp-id1eZj3zIH-jbA9ifHVrrtf7-iLdsQAc6L8BuNB\" \/>\n<meta name=\"twitter:card\" content=\"summary_large_image\" \/>\n<meta name=\"twitter:label1\" content=\"Dur\u00e9e de lecture estim\u00e9e\" \/>\n\t<meta name=\"twitter:data1\" content=\"6 minutes\" \/>\n<script type=\"application\/ld+json\" class=\"yoast-schema-graph\">{\"@context\":\"https:\\\/\\\/schema.org\",\"@graph\":[{\"@type\":\"WebPage\",\"@id\":\"https:\\\/\\\/www.echoppe-francaise.fr\\\/blog\\\/comment-bien-eclairer-son-salon\\\/\",\"url\":\"https:\\\/\\\/www.echoppe-francaise.fr\\\/blog\\\/comment-bien-eclairer-son-salon\\\/\",\"name\":\"Quels Luminaires Choisir pour bien \u00c9clairer mon Salon ?\",\"isPartOf\":{\"@id\":\"https:\\\/\\\/www.echoppe-francaise.fr\\\/blog\\\/#website\"},\"primaryImageOfPage\":{\"@id\":\"https:\\\/\\\/www.echoppe-francaise.fr\\\/blog\\\/comment-bien-eclairer-son-salon\\\/#primaryimage\"},\"image\":{\"@id\":\"https:\\\/\\\/www.echoppe-francaise.fr\\\/blog\\\/comment-bien-eclairer-son-salon\\\/#primaryimage\"},\"thumbnailUrl\":\"https:\\\/\\\/lh7-us.googleusercontent.com\\\/JXTONprJgPMyKjku8SYlE-hy2XVbi-8YjT_Bg5rqtkPm2Q8naSx8lJX5EtzGuyrMixHMAxuDmeshUPYJM6joKh2M8KCU9ewfnyOp-id1eZj3zIH-jbA9ifHVrrtf7-iLdsQAc6L8BuNB\",\"datePublished\":\"2023-12-05T13:25:16+00:00\",\"dateModified\":\"2026-02-19T07:56:42+00:00\",\"description\":\"Cet article donne toutes les astuces pour bien \u00e9clairer son salon : choix des luminaires, intensit\u00e9s et couleurs, etc.\",\"breadcrumb\":{\"@id\":\"https:\\\/\\\/www.echoppe-francaise.fr\\\/blog\\\/comment-bien-eclairer-son-salon\\\/#breadcrumb\"},\"inLanguage\":\"fr-FR\",\"potentialAction\":[{\"@type\":\"ReadAction\",\"target\":[\"https:\\\/\\\/www.echoppe-francaise.fr\\\/blog\\\/comment-bien-eclairer-son-salon\\\/\"]}]},{\"@type\":\"ImageObject\",\"inLanguage\":\"fr-FR\",\"@id\":\"https:\\\/\\\/www.echoppe-francaise.fr\\\/blog\\\/comment-bien-eclairer-son-salon\\\/#primaryimage\",\"url\":\"https:\\\/\\\/lh7-us.googleusercontent.com\\\/JXTONprJgPMyKjku8SYlE-hy2XVbi-8YjT_Bg5rqtkPm2Q8naSx8lJX5EtzGuyrMixHMAxuDmeshUPYJM6joKh2M8KCU9ewfnyOp-id1eZj3zIH-jbA9ifHVrrtf7-iLdsQAc6L8BuNB\",\"contentUrl\":\"https:\\\/\\\/lh7-us.googleusercontent.com\\\/JXTONprJgPMyKjku8SYlE-hy2XVbi-8YjT_Bg5rqtkPm2Q8naSx8lJX5EtzGuyrMixHMAxuDmeshUPYJM6joKh2M8KCU9ewfnyOp-id1eZj3zIH-jbA9ifHVrrtf7-iLdsQAc6L8BuNB\"},{\"@type\":\"BreadcrumbList\",\"@id\":\"https:\\\/\\\/www.echoppe-francaise.fr\\\/blog\\\/comment-bien-eclairer-son-salon\\\/#breadcrumb\",\"itemListElement\":[{\"@type\":\"ListItem\",\"position\":1,\"name\":\"Accueil\",\"item\":\"https:\\\/\\\/www.echoppe-francaise.fr\\\/blog\\\/\"},{\"@type\":\"ListItem\",\"position\":2,\"name\":\"Comment choisir le bon luminaire pour votre int\u00e9rieur ?\",\"item\":\"https:\\\/\\\/www.echoppe-francaise.fr\\\/blog\\\/comment-choisir-le-bon-luminaire\\\/\"},{\"@type\":\"ListItem\",\"position\":3,\"name\":\"Quel \u00e9clairage pour quelle pi\u00e8ce\u00a0?\",\"item\":\"https:\\\/\\\/www.echoppe-francaise.fr\\\/blog\\\/quel-eclairage-pour-quelle-piece\\\/\"},{\"@type\":\"ListItem\",\"position\":4,\"name\":\"Comment bien \u00e9clairer son salon\u00a0?\"}]},{\"@type\":\"WebSite\",\"@id\":\"https:\\\/\\\/www.echoppe-francaise.fr\\\/blog\\\/#website\",\"url\":\"https:\\\/\\\/www.echoppe-francaise.fr\\\/blog\\\/\",\"name\":\"\u00c9choppe Fran\u00e7aise, le Blog\",\"description\":\"Le blog des Cr\u00e9atrices et Cr\u00e9ateurs fran\u00e7ais\",\"publisher\":{\"@id\":\"https:\\\/\\\/www.echoppe-francaise.fr\\\/blog\\\/#organization\"},\"potentialAction\":[{\"@type\":\"SearchAction\",\"target\":{\"@type\":\"EntryPoint\",\"urlTemplate\":\"https:\\\/\\\/www.echoppe-francaise.fr\\\/blog\\\/?s={search_term_string}\"},\"query-input\":{\"@type\":\"PropertyValueSpecification\",\"valueRequired\":true,\"valueName\":\"search_term_string\"}}],\"inLanguage\":\"fr-FR\"},{\"@type\":\"Organization\",\"@id\":\"https:\\\/\\\/www.echoppe-francaise.fr\\\/blog\\\/#organization\",\"name\":\"L'\u00e9choppe Fran\u00e7aise\",\"url\":\"https:\\\/\\\/www.echoppe-francaise.fr\\\/blog\\\/\",\"logo\":{\"@type\":\"ImageObject\",\"inLanguage\":\"fr-FR\",\"@id\":\"https:\\\/\\\/www.echoppe-francaise.fr\\\/blog\\\/#\\\/schema\\\/logo\\\/image\\\/\",\"url\":\"https:\\\/\\\/www.echoppe-francaise.fr\\\/blog\\\/wp-content\\\/uploads\\\/2017\\\/04\\\/echoppe-francaise-logo-1489412704.png\",\"contentUrl\":\"https:\\\/\\\/www.echoppe-francaise.fr\\\/blog\\\/wp-content\\\/uploads\\\/2017\\\/04\\\/echoppe-francaise-logo-1489412704.png\",\"width\":492,\"height\":270,\"caption\":\"L'\u00e9choppe Fran\u00e7aise\"},\"image\":{\"@id\":\"https:\\\/\\\/www.echoppe-francaise.fr\\\/blog\\\/#\\\/schema\\\/logo\\\/image\\\/\"}}]}<\/script>\n<!-- \/ Yoast SEO plugin. -->","yoast_head_json":{"title":"Quels Luminaires Choisir pour bien \u00c9clairer mon Salon ?","description":"Cet article donne toutes les astuces pour bien \u00e9clairer son salon : choix des luminaires, intensit\u00e9s et couleurs, etc.","robots":{"index":"index","follow":"follow","max-snippet":"max-snippet:-1","max-image-preview":"max-image-preview:large","max-video-preview":"max-video-preview:-1"},"canonical":"https:\/\/www.echoppe-francaise.fr\/blog\/comment-bien-eclairer-son-salon\/","og_locale":"fr_FR","og_type":"article","og_title":"Quels Luminaires Choisir pour bien \u00c9clairer mon Salon ?","og_description":"Cet article donne toutes les astuces pour bien \u00e9clairer son salon : choix des luminaires, intensit\u00e9s et couleurs, etc.","og_url":"https:\/\/www.echoppe-francaise.fr\/blog\/comment-bien-eclairer-son-salon\/","og_site_name":"\u00c9choppe Fran\u00e7aise, le Blog","article_modified_time":"2026-02-19T07:56:42+00:00","og_image":[{"url":"https:\/\/lh7-us.googleusercontent.com\/JXTONprJgPMyKjku8SYlE-hy2XVbi-8YjT_Bg5rqtkPm2Q8naSx8lJX5EtzGuyrMixHMAxuDmeshUPYJM6joKh2M8KCU9ewfnyOp-id1eZj3zIH-jbA9ifHVrrtf7-iLdsQAc6L8BuNB","type":"","width":"","height":""}],"twitter_card":"summary_large_image","twitter_misc":{"Dur\u00e9e de lecture estim\u00e9e":"6 minutes"},"schema":{"@context":"https:\/\/schema.org","@graph":[{"@type":"WebPage","@id":"https:\/\/www.echoppe-francaise.fr\/blog\/comment-bien-eclairer-son-salon\/","url":"https:\/\/www.echoppe-francaise.fr\/blog\/comment-bien-eclairer-son-salon\/","name":"Quels Luminaires Choisir pour bien \u00c9clairer mon Salon ?","isPartOf":{"@id":"https:\/\/www.echoppe-francaise.fr\/blog\/#website"},"primaryImageOfPage":{"@id":"https:\/\/www.echoppe-francaise.fr\/blog\/comment-bien-eclairer-son-salon\/#primaryimage"},"image":{"@id":"https:\/\/www.echoppe-francaise.fr\/blog\/comment-bien-eclairer-son-salon\/#primaryimage"},"thumbnailUrl":"https:\/\/lh7-us.googleusercontent.com\/JXTONprJgPMyKjku8SYlE-hy2XVbi-8YjT_Bg5rqtkPm2Q8naSx8lJX5EtzGuyrMixHMAxuDmeshUPYJM6joKh2M8KCU9ewfnyOp-id1eZj3zIH-jbA9ifHVrrtf7-iLdsQAc6L8BuNB","datePublished":"2023-12-05T13:25:16+00:00","dateModified":"2026-02-19T07:56:42+00:00","description":"Cet article donne toutes les astuces pour bien \u00e9clairer son salon : choix des luminaires, intensit\u00e9s et couleurs, etc.","breadcrumb":{"@id":"https:\/\/www.echoppe-francaise.fr\/blog\/comment-bien-eclairer-son-salon\/#breadcrumb"},"inLanguage":"fr-FR","potentialAction":[{"@type":"ReadAction","target":["https:\/\/www.echoppe-francaise.fr\/blog\/comment-bien-eclairer-son-salon\/"]}]},{"@type":"ImageObject","inLanguage":"fr-FR","@id":"https:\/\/www.echoppe-francaise.fr\/blog\/comment-bien-eclairer-son-salon\/#primaryimage","url":"https:\/\/lh7-us.googleusercontent.com\/JXTONprJgPMyKjku8SYlE-hy2XVbi-8YjT_Bg5rqtkPm2Q8naSx8lJX5EtzGuyrMixHMAxuDmeshUPYJM6joKh2M8KCU9ewfnyOp-id1eZj3zIH-jbA9ifHVrrtf7-iLdsQAc6L8BuNB","contentUrl":"https:\/\/lh7-us.googleusercontent.com\/JXTONprJgPMyKjku8SYlE-hy2XVbi-8YjT_Bg5rqtkPm2Q8naSx8lJX5EtzGuyrMixHMAxuDmeshUPYJM6joKh2M8KCU9ewfnyOp-id1eZj3zIH-jbA9ifHVrrtf7-iLdsQAc6L8BuNB"},{"@type":"BreadcrumbList","@id":"https:\/\/www.echoppe-francaise.fr\/blog\/comment-bien-eclairer-son-salon\/#breadcrumb","itemListElement":[{"@type":"ListItem","position":1,"name":"Accueil","item":"https:\/\/www.echoppe-francaise.fr\/blog\/"},{"@type":"ListItem","position":2,"name":"Comment choisir le bon luminaire pour votre int\u00e9rieur ?","item":"https:\/\/www.echoppe-francaise.fr\/blog\/comment-choisir-le-bon-luminaire\/"},{"@type":"ListItem","position":3,"name":"Quel \u00e9clairage pour quelle pi\u00e8ce\u00a0?","item":"https:\/\/www.echoppe-francaise.fr\/blog\/quel-eclairage-pour-quelle-piece\/"},{"@type":"ListItem","position":4,"name":"Comment bien \u00e9clairer son salon\u00a0?"}]},{"@type":"WebSite","@id":"https:\/\/www.echoppe-francaise.fr\/blog\/#website","url":"https:\/\/www.echoppe-francaise.fr\/blog\/","name":"\u00c9choppe Fran\u00e7aise, le Blog","description":"Le blog des Cr\u00e9atrices et Cr\u00e9ateurs fran\u00e7ais","publisher":{"@id":"https:\/\/www.echoppe-francaise.fr\/blog\/#organization"},"potentialAction":[{"@type":"SearchAction","target":{"@type":"EntryPoint","urlTemplate":"https:\/\/www.echoppe-francaise.fr\/blog\/?s={search_term_string}"},"query-input":{"@type":"PropertyValueSpecification","valueRequired":true,"valueName":"search_term_string"}}],"inLanguage":"fr-FR"},{"@type":"Organization","@id":"https:\/\/www.echoppe-francaise.fr\/blog\/#organization","name":"L'\u00e9choppe Fran\u00e7aise","url":"https:\/\/www.echoppe-francaise.fr\/blog\/","logo":{"@type":"ImageObject","inLanguage":"fr-FR","@id":"https:\/\/www.echoppe-francaise.fr\/blog\/#\/schema\/logo\/image\/","url":"https:\/\/www.echoppe-francaise.fr\/blog\/wp-content\/uploads\/2017\/04\/echoppe-francaise-logo-1489412704.png","contentUrl":"https:\/\/www.echoppe-francaise.fr\/blog\/wp-content\/uploads\/2017\/04\/echoppe-francaise-logo-1489412704.png","width":492,"height":270,"caption":"L'\u00e9choppe Fran\u00e7aise"},"image":{"@id":"https:\/\/www.echoppe-francaise.fr\/blog\/#\/schema\/logo\/image\/"}}]}},"_links":{"self":[{"href":"https:\/\/www.echoppe-francaise.fr\/blog\/wp-json\/wp\/v2\/pages\/1655","targetHints":{"allow":["GET"]}}],"collection":[{"href":"https:\/\/www.echoppe-francaise.fr\/blog\/wp-json\/wp\/v2\/pages"}],"about":[{"href":"https:\/\/www.echoppe-francaise.fr\/blog\/wp-json\/wp\/v2\/types\/page"}],"author":[{"embeddable":true,"href":"https:\/\/www.echoppe-francaise.fr\/blog\/wp-json\/wp\/v2\/users\/6"}],"replies":[{"embeddable":true,"href":"https:\/\/www.echoppe-francaise.fr\/blog\/wp-json\/wp\/v2\/comments?post=1655"}],"version-history":[{"count":7,"href":"https:\/\/www.echoppe-francaise.fr\/blog\/wp-json\/wp\/v2\/pages\/1655\/revisions"}],"predecessor-version":[{"id":2354,"href":"https:\/\/www.echoppe-francaise.fr\/blog\/wp-json\/wp\/v2\/pages\/1655\/revisions\/2354"}],"up":[{"embeddable":true,"href":"https:\/\/www.echoppe-francaise.fr\/blog\/wp-json\/wp\/v2\/pages\/1551"}],"wp:attachment":[{"href":"https:\/\/www.echoppe-francaise.fr\/blog\/wp-json\/wp\/v2\/media?parent=1655"}],"curies":[{"name":"wp","href":"https:\/\/api.w.org\/{rel}","templated":true}]}}