{"id":1653,"date":"2023-12-05T14:20:14","date_gmt":"2023-12-05T13:20:14","guid":{"rendered":"https:\/\/www.echoppe-francaise.fr\/blog\/?page_id=1653"},"modified":"2026-02-19T08:56:59","modified_gmt":"2026-02-19T07:56:59","slug":"comment-choisir-votre-luminaire-pour-une-grande-piece","status":"publish","type":"page","link":"https:\/\/www.echoppe-francaise.fr\/blog\/comment-choisir-votre-luminaire-pour-une-grande-piece\/","title":{"rendered":"Comment choisir votre luminaire pour une grande pi\u00e8ce\u00a0?"},"content":{"rendered":"\n<figure class=\"wp-block-image\"><img decoding=\"async\" src=\"https:\/\/lh7-us.googleusercontent.com\/gNfWN6o01sIsMYibqdnPe6K1k7ygVXIwMNSI5dsCEVAUhK-6Q-czLzLuyi7wRbjKJqh7L99n6fsC0ciQdrVNhmJKFHgzu70uVe_WfDYRlnqPusS3qzmnqMFXA5R2RjqAkc5KOBkjkXaW\" alt=\"Un plafonnier imposant en forme d'arbre dans une grande pi\u00e8ce.\"\/><\/figure>\n\n\n\n<p class=\"wp-block-paragraph\">Votre salon fait plus de 20 m\u00b2&nbsp;? Valorisez l\u2019espace avec une bonne d\u00e9coration. Jouez \u00e9galement sur l\u2019\u00e9clairage pour ce faire. Trouver la bonne taille de luminaire. Choisissez la couleur et l\u2019intensit\u00e9 id\u00e9ale. Nos recommandations.&nbsp;<\/p>\n\n\n\n<h2 class=\"wp-block-heading\">Quelle puissance pour un luminaire dans une grande pi\u00e8ce&nbsp;?&nbsp;<\/h2>\n\n\n\n<figure class=\"wp-block-image\"><img decoding=\"async\" src=\"https:\/\/lh7-us.googleusercontent.com\/Z6unXFsQzDY0shCrBAK7tgda2r3NfZNxN9AVi1b8AOACs0aArauDXJ0kG20GLdMaQFAswyo2bUI1jSthTuY8LDWIrieECYxPFTyVuPGvvJq1DlPZSPMtvqvr4PI5zo7gTL9VGw30NlUV\" alt=\"Un plafonnier en led original dans une pi\u00e8ce \u00e0 vivre.\"\/><\/figure>\n\n\n\n<p class=\"wp-block-paragraph\">Vous aurez besoin d\u2019un \u00e9clairage de 100 \u00e0 400 lumens par m2. Pour vous donner une id\u00e9e&nbsp;: 100 lumens sont \u00e9gaux \u00e0 la lueur d\u2019une bougie. Vous pouvez aller jusqu\u2019\u00e0 5 000 ou 6 000 kelvins. Votre luminaire impacte la fonctionnalit\u00e9 de la pi\u00e8ce.&nbsp;<\/p>\n\n\n\n<p class=\"wp-block-paragraph\">Dans une pi\u00e8ce de 20 m\u00b2, vous aurez donc besoin de 2 000 \u00e0 8 000 lumens. Tout d\u00e9pend de l\u2019ambiance.&nbsp; Mais, un \u00e9clairage g\u00e9n\u00e9ral n\u2019est pas obligatoire. Utilisez plusieurs ampoules led. Vous ajouterez du style et de la personnalit\u00e9 \u00e0 votre d\u00e9co.&nbsp;<\/p>\n\n\n\n<h2 class=\"wp-block-heading\">Choisissez la couleur en fonction de l\u2019ambiance souhait\u00e9e<\/h2>\n\n\n\n<figure class=\"wp-block-image\"><img decoding=\"async\" src=\"https:\/\/lh7-us.googleusercontent.com\/pZrdN-X-gjsExcKzMGp_CJhxCdBqaxCoMMG5AUuaVV3eLCLDWtbddgCY2Gnx9sJes9mvohvBzTxXxQ_ScyACfHD-y2KCdmT62UQvg2t62PyQr6tuk0j8yGrUhGvYagG8EAg-nGTo2jGk\" alt=\"Un lustre vintage en verre dans une salle \u00e0 manger \u00e9l\u00e9gante.\"\/><\/figure>\n\n\n\n<p class=\"wp-block-paragraph\">Il existe plusieurs couleurs de luminaires. Choisissez selon l\u2019ambiance que vous souhaitez avoir&nbsp;:&nbsp;<\/p>\n\n\n\n<ul class=\"wp-block-list\">\n<li>Une lumi\u00e8re jaune ou blanc chaud pour une d\u00e9co cocooning<\/li>\n\n\n\n<li>Une lumi\u00e8re blanche neutre pour un espace fonctionnel<\/li>\n\n\n\n<li>Une lumi\u00e8re bleue pour la modernit\u00e9.&nbsp;<\/li>\n<\/ul>\n\n\n\n<p class=\"wp-block-paragraph\">Dans une chambre ou dans le salon, misez sur une lumi\u00e8re jaune. Vous aurez une ambiance romantique et agr\u00e9able. Dans les bureaux, la salle de bain ou le hall, optez pour du blanc. C\u2019est pratique. Ce sera aussi id\u00e9al pour vous concentrer sur vos t\u00e2ches. Idem dans la cuisine. Vous avez une salle de cin\u00e9ma ou des pi\u00e8ces avec \u00e9crans&nbsp;? Achetez une lumi\u00e8re bleue. Vous \u00e9viterez les reflets. Ce sera plus confortable.&nbsp;<\/p>\n\n\n\n<p class=\"wp-block-paragraph\">D\u00e9couvrez notre guide : <a href=\"https:\/\/www.echoppe-francaise.fr\/blog\/quel-eclairage-pour-quelle-piece\/\" target=\"_blank\" rel=\"noreferrer noopener\">quel \u00e9clairage pour quelle pi\u00e8ce<\/a> pour parfaire votre d\u00e9coration. <\/p>\n\n\n\n<h2 class=\"wp-block-heading\">Choisir le bon luminaire pour une grande pi\u00e8ce&nbsp;: une question de taille&nbsp;<\/h2>\n\n\n\n<figure class=\"wp-block-image\"><img decoding=\"async\" src=\"https:\/\/lh7-us.googleusercontent.com\/7laPqf6jarAwbm3DD8YY2g72ozjt9x7O7hNHDfF3v1y44EyfAkQYbaly3RuYkVzzEMZLnBxEyrov-WC5V9N8AH9cGOHKaNOtm6sQm9JKADML9l2HuEOvkTDm5ypATOhfhYAMTPdjqY3i\" alt=\"Un hall d'entr\u00e9e XXL \u00e9clair\u00e9 par un luminaire imposant original en led.\"\/><\/figure>\n\n\n\n<p class=\"wp-block-paragraph\">Trouvez aussi la bonne taille. Adaptez votre luminaire aux dimensions de la pi\u00e8ce. La r\u00e8gle est simple&nbsp;: 40 \u00e0 45 cm pour 10 \u00e0 15 m\u00b2. Augmentez de 5 cm pour 5 m\u00b2 suppl\u00e9mentaires. Votre salon de 20 m\u00b2 aura donc besoin de 45 \u00e0 50 cm de luminaire.&nbsp;<\/p>\n\n\n\n<p class=\"wp-block-paragraph\">Qu\u2019en est-il de la salle \u00e0 manger&nbsp;? Fiez-vous \u00e0 la taille de la table. Utilisez le rayon de celle-ci pour trouver la dimension id\u00e9ale de votre luminaire. La table est rectangulaire&nbsp;? Votre \u00e9clairage fera la m\u00eame taille que sa largeur.&nbsp;<\/p>\n\n\n\n<p class=\"wp-block-paragraph\">Une suspension est toujours une bonne id\u00e9e dans les grands espaces. Mettez-les, au minimum, \u00e0 40 ou 45 cm du plafond. Ce sera plus pratique, notamment dans une salle \u00e0 manger. Dans le salon, vous pouvez en faire plus. Rapprochez les suspensions le led du canap\u00e9 pour plus de luminosit\u00e9. C\u2019est parfait surtout pour une lumi\u00e8re d\u2019ambiance.&nbsp;<\/p>\n\n\n\n<h2 class=\"wp-block-heading\">Focus sur le style pour une d\u00e9coration r\u00e9ussie<\/h2>\n\n\n\n<figure class=\"wp-block-image\"><img decoding=\"async\" src=\"https:\/\/lh7-us.googleusercontent.com\/V7GTBa4lMgv3WkQd6BG_ICKj9D5LBX6nrP1av8PYsc4oaHCfVIY0Wbw6CM3EASziRwoqACEwaoauZ_8-muAnxIczAF2iCUbX4ZYPFA02ZiE-38QuKCLmxlXyNim60sVRSo_ywb3sScHs\" alt=\"Un luminaire led tendance dans une cuisine moderne.\"\/><\/figure>\n\n\n\n<p class=\"wp-block-paragraph\">Ne minimisez pas le style de votre luminaire. Coh\u00e9rence. C\u2019est le mot \u00e0 garder en t\u00eate. Pour les mat\u00e9riaux par exemple&nbsp;:&nbsp;<\/p>\n\n\n\n<ul class=\"wp-block-list\">\n<li>Le verre est id\u00e9al pour un am\u00e9nagement classique<\/li>\n\n\n\n<li>Le m\u00e9tal est parfait pour une d\u00e9co contemporaine&nbsp;<\/li>\n\n\n\n<li>Le bois est un passe-partout original et styl\u00e9.&nbsp;<\/li>\n<\/ul>\n\n\n\n<p class=\"wp-block-paragraph\">Respectez aussi les m\u00eames formes que dans le reste de votre d\u00e9co.&nbsp; Vous avez le choix entre le rond, les carr\u00e9s, les abat-jours vintage, etc. Sur l\u2019\u00c9choppe Fran\u00e7aise, nous proposons des luminaires en forme de fleurs, 100 % made in France. De quoi apporter une touche personnelle \u00e0 votre pi\u00e8ce.&nbsp;&nbsp;<\/p>\n\n\n\n<p class=\"wp-block-paragraph\">D&rsquo;autres astuces pour choisir le bon \u00e9clairage dans votre maison sur nos autres articles : <\/p>\n\n\n\n<ul class=\"wp-block-list\">\n<li><a href=\"https:\/\/www.echoppe-francaise.fr\/blog\/quelle-temperature-de-couleur-pour-salle-a-manger\/\" target=\"_blank\" rel=\"noreferrer noopener\">Quelle temp\u00e9rature de couleur pour salle \u00e0 manger&nbsp;?<\/a><\/li>\n\n\n\n<li><a href=\"https:\/\/www.echoppe-francaise.fr\/blog\/quel-type-de-lumiere-pour-un-salon\/\" target=\"_blank\" rel=\"noreferrer noopener\">Quel type de lumi\u00e8re pour un salon&nbsp;?<\/a><\/li>\n\n\n\n<li><a href=\"https:\/\/www.echoppe-francaise.fr\/blog\/quel-luminaire-au-dessus-du-canape\/\" target=\"_blank\" rel=\"noreferrer noopener\">Quel luminaire au-dessus du canap\u00e9&nbsp;?<\/a><\/li>\n\n\n\n<li><a href=\"https:\/\/www.echoppe-francaise.fr\/blog\/quel-lustre-mettre-dans-le-salon\/\" target=\"_blank\" rel=\"noreferrer noopener\">Quel lustre mettre dans le salon&nbsp;?<\/a><\/li>\n\n\n\n<li><a href=\"https:\/\/www.echoppe-francaise.fr\/blog\/quelle-puissance-de-led-pour-les-lampes-de-mon-salon\/\" target=\"_blank\" rel=\"noreferrer noopener\">Quelle puissance de LED pour le salon\u00a0?<\/a><\/li>\n\n\n\n<li><a href=\"https:\/\/www.echoppe-francaise.fr\/blog\/quel-type-de-lumiere-pour-une-chambre\/\" target=\"_blank\" rel=\"noreferrer noopener\">Quel type de lumi\u00e8re pour une chambre&nbsp;?<\/a><\/li>\n\n\n\n<li><a href=\"https:\/\/www.echoppe-francaise.fr\/blog\/quelle-lumiere-pour-une-salle-de-bains\/\" target=\"_blank\" rel=\"noreferrer noopener\">Quelle lumi\u00e8re pour une salle de bains&nbsp;?<\/a><\/li>\n\n\n\n<li><a href=\"https:\/\/www.echoppe-francaise.fr\/blog\/quelle-temperature-pour-votre-eclairage-de-salle-de-bain\/\" target=\"_blank\" rel=\"noreferrer noopener\">Quelle temp\u00e9rature pour l\u2019\u00e9clairage de la salle de bain&nbsp;?<\/a><\/li>\n\n\n\n<li><a href=\"https:\/\/www.echoppe-francaise.fr\/blog\/comment-bien-eclairer-son-salon\/\" target=\"_blank\" rel=\"noreferrer noopener\">Comment bien \u00e9clairer son salon&nbsp;?<\/a><\/li>\n<\/ul>\n","protected":false},"excerpt":{"rendered":"<p>Votre salon fait plus de 20 m\u00b2&nbsp;? Valorisez l\u2019espace avec une bonne d\u00e9coration. Jouez \u00e9galement sur l\u2019\u00e9clairage pour ce faire. Trouver la bonne taille de luminaire. Choisissez la couleur et l\u2019intensit\u00e9 id\u00e9ale. Nos recommandations.&nbsp; Quelle puissance pour un luminaire dans une grande pi\u00e8ce&nbsp;?&nbsp; Vous aurez besoin d\u2019un \u00e9clairage de 100 \u00e0 400 lumens par m2.&hellip;&nbsp;<\/p>\n","protected":false},"author":6,"featured_media":0,"parent":1551,"menu_order":0,"comment_status":"closed","ping_status":"closed","template":"","meta":{"_crdt_document":"","neve_meta_sidebar":"","neve_meta_container":"","neve_meta_enable_content_width":"","neve_meta_content_width":0,"neve_meta_title_alignment":"","neve_meta_author_avatar":"","neve_post_elements_order":"","neve_meta_disable_header":"","neve_meta_disable_footer":"","neve_meta_disable_title":"","footnotes":""},"class_list":["post-1653","page","type-page","status-publish","hentry"],"yoast_head":"<!-- This site is optimized with the Yoast SEO plugin v27.5 - https:\/\/yoast.com\/product\/yoast-seo-wordpress\/ -->\n<title>Quel Luminaire Choisir pour une Grande Pi\u00e8ce ?<\/title>\n<meta name=\"description\" content=\"Notre article vous guide dans le choix du luminaire pour une grande pi\u00e8ce avec des conseils faciles et efficaces.\" \/>\n<meta name=\"robots\" content=\"index, follow, max-snippet:-1, max-image-preview:large, max-video-preview:-1\" \/>\n<link rel=\"canonical\" href=\"https:\/\/www.echoppe-francaise.fr\/blog\/comment-choisir-votre-luminaire-pour-une-grande-piece\/\" \/>\n<meta property=\"og:locale\" content=\"fr_FR\" \/>\n<meta property=\"og:type\" content=\"article\" \/>\n<meta property=\"og:title\" content=\"Quel Luminaire Choisir pour une Grande Pi\u00e8ce ?\" \/>\n<meta property=\"og:description\" content=\"Notre article vous guide dans le choix du luminaire pour une grande pi\u00e8ce avec des conseils faciles et efficaces.\" \/>\n<meta property=\"og:url\" content=\"https:\/\/www.echoppe-francaise.fr\/blog\/comment-choisir-votre-luminaire-pour-une-grande-piece\/\" \/>\n<meta property=\"og:site_name\" content=\"\u00c9choppe Fran\u00e7aise, le Blog\" \/>\n<meta property=\"article:modified_time\" content=\"2026-02-19T07:56:59+00:00\" \/>\n<meta property=\"og:image\" content=\"https:\/\/lh7-us.googleusercontent.com\/gNfWN6o01sIsMYibqdnPe6K1k7ygVXIwMNSI5dsCEVAUhK-6Q-czLzLuyi7wRbjKJqh7L99n6fsC0ciQdrVNhmJKFHgzu70uVe_WfDYRlnqPusS3qzmnqMFXA5R2RjqAkc5KOBkjkXaW\" \/>\n<meta name=\"twitter:card\" content=\"summary_large_image\" \/>\n<meta name=\"twitter:label1\" content=\"Dur\u00e9e de lecture estim\u00e9e\" \/>\n\t<meta name=\"twitter:data1\" content=\"5 minutes\" \/>\n<script type=\"application\/ld+json\" class=\"yoast-schema-graph\">{\"@context\":\"https:\\\/\\\/schema.org\",\"@graph\":[{\"@type\":\"WebPage\",\"@id\":\"https:\\\/\\\/www.echoppe-francaise.fr\\\/blog\\\/comment-choisir-votre-luminaire-pour-une-grande-piece\\\/\",\"url\":\"https:\\\/\\\/www.echoppe-francaise.fr\\\/blog\\\/comment-choisir-votre-luminaire-pour-une-grande-piece\\\/\",\"name\":\"Quel Luminaire Choisir pour une Grande Pi\u00e8ce ?\",\"isPartOf\":{\"@id\":\"https:\\\/\\\/www.echoppe-francaise.fr\\\/blog\\\/#website\"},\"primaryImageOfPage\":{\"@id\":\"https:\\\/\\\/www.echoppe-francaise.fr\\\/blog\\\/comment-choisir-votre-luminaire-pour-une-grande-piece\\\/#primaryimage\"},\"image\":{\"@id\":\"https:\\\/\\\/www.echoppe-francaise.fr\\\/blog\\\/comment-choisir-votre-luminaire-pour-une-grande-piece\\\/#primaryimage\"},\"thumbnailUrl\":\"https:\\\/\\\/lh7-us.googleusercontent.com\\\/gNfWN6o01sIsMYibqdnPe6K1k7ygVXIwMNSI5dsCEVAUhK-6Q-czLzLuyi7wRbjKJqh7L99n6fsC0ciQdrVNhmJKFHgzu70uVe_WfDYRlnqPusS3qzmnqMFXA5R2RjqAkc5KOBkjkXaW\",\"datePublished\":\"2023-12-05T13:20:14+00:00\",\"dateModified\":\"2026-02-19T07:56:59+00:00\",\"description\":\"Notre article vous guide dans le choix du luminaire pour une grande pi\u00e8ce avec des conseils faciles et efficaces.\",\"breadcrumb\":{\"@id\":\"https:\\\/\\\/www.echoppe-francaise.fr\\\/blog\\\/comment-choisir-votre-luminaire-pour-une-grande-piece\\\/#breadcrumb\"},\"inLanguage\":\"fr-FR\",\"potentialAction\":[{\"@type\":\"ReadAction\",\"target\":[\"https:\\\/\\\/www.echoppe-francaise.fr\\\/blog\\\/comment-choisir-votre-luminaire-pour-une-grande-piece\\\/\"]}]},{\"@type\":\"ImageObject\",\"inLanguage\":\"fr-FR\",\"@id\":\"https:\\\/\\\/www.echoppe-francaise.fr\\\/blog\\\/comment-choisir-votre-luminaire-pour-une-grande-piece\\\/#primaryimage\",\"url\":\"https:\\\/\\\/lh7-us.googleusercontent.com\\\/gNfWN6o01sIsMYibqdnPe6K1k7ygVXIwMNSI5dsCEVAUhK-6Q-czLzLuyi7wRbjKJqh7L99n6fsC0ciQdrVNhmJKFHgzu70uVe_WfDYRlnqPusS3qzmnqMFXA5R2RjqAkc5KOBkjkXaW\",\"contentUrl\":\"https:\\\/\\\/lh7-us.googleusercontent.com\\\/gNfWN6o01sIsMYibqdnPe6K1k7ygVXIwMNSI5dsCEVAUhK-6Q-czLzLuyi7wRbjKJqh7L99n6fsC0ciQdrVNhmJKFHgzu70uVe_WfDYRlnqPusS3qzmnqMFXA5R2RjqAkc5KOBkjkXaW\"},{\"@type\":\"BreadcrumbList\",\"@id\":\"https:\\\/\\\/www.echoppe-francaise.fr\\\/blog\\\/comment-choisir-votre-luminaire-pour-une-grande-piece\\\/#breadcrumb\",\"itemListElement\":[{\"@type\":\"ListItem\",\"position\":1,\"name\":\"Accueil\",\"item\":\"https:\\\/\\\/www.echoppe-francaise.fr\\\/blog\\\/\"},{\"@type\":\"ListItem\",\"position\":2,\"name\":\"Comment choisir le bon luminaire pour votre int\u00e9rieur ?\",\"item\":\"https:\\\/\\\/www.echoppe-francaise.fr\\\/blog\\\/comment-choisir-le-bon-luminaire\\\/\"},{\"@type\":\"ListItem\",\"position\":3,\"name\":\"Quel \u00e9clairage pour quelle pi\u00e8ce\u00a0?\",\"item\":\"https:\\\/\\\/www.echoppe-francaise.fr\\\/blog\\\/quel-eclairage-pour-quelle-piece\\\/\"},{\"@type\":\"ListItem\",\"position\":4,\"name\":\"Comment choisir votre luminaire pour une grande pi\u00e8ce\u00a0?\"}]},{\"@type\":\"WebSite\",\"@id\":\"https:\\\/\\\/www.echoppe-francaise.fr\\\/blog\\\/#website\",\"url\":\"https:\\\/\\\/www.echoppe-francaise.fr\\\/blog\\\/\",\"name\":\"\u00c9choppe Fran\u00e7aise, le Blog\",\"description\":\"Le blog des Cr\u00e9atrices et Cr\u00e9ateurs fran\u00e7ais\",\"publisher\":{\"@id\":\"https:\\\/\\\/www.echoppe-francaise.fr\\\/blog\\\/#organization\"},\"potentialAction\":[{\"@type\":\"SearchAction\",\"target\":{\"@type\":\"EntryPoint\",\"urlTemplate\":\"https:\\\/\\\/www.echoppe-francaise.fr\\\/blog\\\/?s={search_term_string}\"},\"query-input\":{\"@type\":\"PropertyValueSpecification\",\"valueRequired\":true,\"valueName\":\"search_term_string\"}}],\"inLanguage\":\"fr-FR\"},{\"@type\":\"Organization\",\"@id\":\"https:\\\/\\\/www.echoppe-francaise.fr\\\/blog\\\/#organization\",\"name\":\"L'\u00e9choppe Fran\u00e7aise\",\"url\":\"https:\\\/\\\/www.echoppe-francaise.fr\\\/blog\\\/\",\"logo\":{\"@type\":\"ImageObject\",\"inLanguage\":\"fr-FR\",\"@id\":\"https:\\\/\\\/www.echoppe-francaise.fr\\\/blog\\\/#\\\/schema\\\/logo\\\/image\\\/\",\"url\":\"https:\\\/\\\/www.echoppe-francaise.fr\\\/blog\\\/wp-content\\\/uploads\\\/2017\\\/04\\\/echoppe-francaise-logo-1489412704.png\",\"contentUrl\":\"https:\\\/\\\/www.echoppe-francaise.fr\\\/blog\\\/wp-content\\\/uploads\\\/2017\\\/04\\\/echoppe-francaise-logo-1489412704.png\",\"width\":492,\"height\":270,\"caption\":\"L'\u00e9choppe Fran\u00e7aise\"},\"image\":{\"@id\":\"https:\\\/\\\/www.echoppe-francaise.fr\\\/blog\\\/#\\\/schema\\\/logo\\\/image\\\/\"}}]}<\/script>\n<!-- \/ Yoast SEO plugin. -->","yoast_head_json":{"title":"Quel Luminaire Choisir pour une Grande Pi\u00e8ce ?","description":"Notre article vous guide dans le choix du luminaire pour une grande pi\u00e8ce avec des conseils faciles et efficaces.","robots":{"index":"index","follow":"follow","max-snippet":"max-snippet:-1","max-image-preview":"max-image-preview:large","max-video-preview":"max-video-preview:-1"},"canonical":"https:\/\/www.echoppe-francaise.fr\/blog\/comment-choisir-votre-luminaire-pour-une-grande-piece\/","og_locale":"fr_FR","og_type":"article","og_title":"Quel Luminaire Choisir pour une Grande Pi\u00e8ce ?","og_description":"Notre article vous guide dans le choix du luminaire pour une grande pi\u00e8ce avec des conseils faciles et efficaces.","og_url":"https:\/\/www.echoppe-francaise.fr\/blog\/comment-choisir-votre-luminaire-pour-une-grande-piece\/","og_site_name":"\u00c9choppe Fran\u00e7aise, le Blog","article_modified_time":"2026-02-19T07:56:59+00:00","og_image":[{"url":"https:\/\/lh7-us.googleusercontent.com\/gNfWN6o01sIsMYibqdnPe6K1k7ygVXIwMNSI5dsCEVAUhK-6Q-czLzLuyi7wRbjKJqh7L99n6fsC0ciQdrVNhmJKFHgzu70uVe_WfDYRlnqPusS3qzmnqMFXA5R2RjqAkc5KOBkjkXaW","type":"","width":"","height":""}],"twitter_card":"summary_large_image","twitter_misc":{"Dur\u00e9e de lecture estim\u00e9e":"5 minutes"},"schema":{"@context":"https:\/\/schema.org","@graph":[{"@type":"WebPage","@id":"https:\/\/www.echoppe-francaise.fr\/blog\/comment-choisir-votre-luminaire-pour-une-grande-piece\/","url":"https:\/\/www.echoppe-francaise.fr\/blog\/comment-choisir-votre-luminaire-pour-une-grande-piece\/","name":"Quel Luminaire Choisir pour une Grande Pi\u00e8ce ?","isPartOf":{"@id":"https:\/\/www.echoppe-francaise.fr\/blog\/#website"},"primaryImageOfPage":{"@id":"https:\/\/www.echoppe-francaise.fr\/blog\/comment-choisir-votre-luminaire-pour-une-grande-piece\/#primaryimage"},"image":{"@id":"https:\/\/www.echoppe-francaise.fr\/blog\/comment-choisir-votre-luminaire-pour-une-grande-piece\/#primaryimage"},"thumbnailUrl":"https:\/\/lh7-us.googleusercontent.com\/gNfWN6o01sIsMYibqdnPe6K1k7ygVXIwMNSI5dsCEVAUhK-6Q-czLzLuyi7wRbjKJqh7L99n6fsC0ciQdrVNhmJKFHgzu70uVe_WfDYRlnqPusS3qzmnqMFXA5R2RjqAkc5KOBkjkXaW","datePublished":"2023-12-05T13:20:14+00:00","dateModified":"2026-02-19T07:56:59+00:00","description":"Notre article vous guide dans le choix du luminaire pour une grande pi\u00e8ce avec des conseils faciles et efficaces.","breadcrumb":{"@id":"https:\/\/www.echoppe-francaise.fr\/blog\/comment-choisir-votre-luminaire-pour-une-grande-piece\/#breadcrumb"},"inLanguage":"fr-FR","potentialAction":[{"@type":"ReadAction","target":["https:\/\/www.echoppe-francaise.fr\/blog\/comment-choisir-votre-luminaire-pour-une-grande-piece\/"]}]},{"@type":"ImageObject","inLanguage":"fr-FR","@id":"https:\/\/www.echoppe-francaise.fr\/blog\/comment-choisir-votre-luminaire-pour-une-grande-piece\/#primaryimage","url":"https:\/\/lh7-us.googleusercontent.com\/gNfWN6o01sIsMYibqdnPe6K1k7ygVXIwMNSI5dsCEVAUhK-6Q-czLzLuyi7wRbjKJqh7L99n6fsC0ciQdrVNhmJKFHgzu70uVe_WfDYRlnqPusS3qzmnqMFXA5R2RjqAkc5KOBkjkXaW","contentUrl":"https:\/\/lh7-us.googleusercontent.com\/gNfWN6o01sIsMYibqdnPe6K1k7ygVXIwMNSI5dsCEVAUhK-6Q-czLzLuyi7wRbjKJqh7L99n6fsC0ciQdrVNhmJKFHgzu70uVe_WfDYRlnqPusS3qzmnqMFXA5R2RjqAkc5KOBkjkXaW"},{"@type":"BreadcrumbList","@id":"https:\/\/www.echoppe-francaise.fr\/blog\/comment-choisir-votre-luminaire-pour-une-grande-piece\/#breadcrumb","itemListElement":[{"@type":"ListItem","position":1,"name":"Accueil","item":"https:\/\/www.echoppe-francaise.fr\/blog\/"},{"@type":"ListItem","position":2,"name":"Comment choisir le bon luminaire pour votre int\u00e9rieur ?","item":"https:\/\/www.echoppe-francaise.fr\/blog\/comment-choisir-le-bon-luminaire\/"},{"@type":"ListItem","position":3,"name":"Quel \u00e9clairage pour quelle pi\u00e8ce\u00a0?","item":"https:\/\/www.echoppe-francaise.fr\/blog\/quel-eclairage-pour-quelle-piece\/"},{"@type":"ListItem","position":4,"name":"Comment choisir votre luminaire pour une grande pi\u00e8ce\u00a0?"}]},{"@type":"WebSite","@id":"https:\/\/www.echoppe-francaise.fr\/blog\/#website","url":"https:\/\/www.echoppe-francaise.fr\/blog\/","name":"\u00c9choppe Fran\u00e7aise, le Blog","description":"Le blog des Cr\u00e9atrices et Cr\u00e9ateurs fran\u00e7ais","publisher":{"@id":"https:\/\/www.echoppe-francaise.fr\/blog\/#organization"},"potentialAction":[{"@type":"SearchAction","target":{"@type":"EntryPoint","urlTemplate":"https:\/\/www.echoppe-francaise.fr\/blog\/?s={search_term_string}"},"query-input":{"@type":"PropertyValueSpecification","valueRequired":true,"valueName":"search_term_string"}}],"inLanguage":"fr-FR"},{"@type":"Organization","@id":"https:\/\/www.echoppe-francaise.fr\/blog\/#organization","name":"L'\u00e9choppe Fran\u00e7aise","url":"https:\/\/www.echoppe-francaise.fr\/blog\/","logo":{"@type":"ImageObject","inLanguage":"fr-FR","@id":"https:\/\/www.echoppe-francaise.fr\/blog\/#\/schema\/logo\/image\/","url":"https:\/\/www.echoppe-francaise.fr\/blog\/wp-content\/uploads\/2017\/04\/echoppe-francaise-logo-1489412704.png","contentUrl":"https:\/\/www.echoppe-francaise.fr\/blog\/wp-content\/uploads\/2017\/04\/echoppe-francaise-logo-1489412704.png","width":492,"height":270,"caption":"L'\u00e9choppe Fran\u00e7aise"},"image":{"@id":"https:\/\/www.echoppe-francaise.fr\/blog\/#\/schema\/logo\/image\/"}}]}},"_links":{"self":[{"href":"https:\/\/www.echoppe-francaise.fr\/blog\/wp-json\/wp\/v2\/pages\/1653","targetHints":{"allow":["GET"]}}],"collection":[{"href":"https:\/\/www.echoppe-francaise.fr\/blog\/wp-json\/wp\/v2\/pages"}],"about":[{"href":"https:\/\/www.echoppe-francaise.fr\/blog\/wp-json\/wp\/v2\/types\/page"}],"author":[{"embeddable":true,"href":"https:\/\/www.echoppe-francaise.fr\/blog\/wp-json\/wp\/v2\/users\/6"}],"replies":[{"embeddable":true,"href":"https:\/\/www.echoppe-francaise.fr\/blog\/wp-json\/wp\/v2\/comments?post=1653"}],"version-history":[{"count":7,"href":"https:\/\/www.echoppe-francaise.fr\/blog\/wp-json\/wp\/v2\/pages\/1653\/revisions"}],"predecessor-version":[{"id":2355,"href":"https:\/\/www.echoppe-francaise.fr\/blog\/wp-json\/wp\/v2\/pages\/1653\/revisions\/2355"}],"up":[{"embeddable":true,"href":"https:\/\/www.echoppe-francaise.fr\/blog\/wp-json\/wp\/v2\/pages\/1551"}],"wp:attachment":[{"href":"https:\/\/www.echoppe-francaise.fr\/blog\/wp-json\/wp\/v2\/media?parent=1653"}],"curies":[{"name":"wp","href":"https:\/\/api.w.org\/{rel}","templated":true}]}}