{"id":1650,"date":"2023-12-05T14:15:37","date_gmt":"2023-12-05T13:15:37","guid":{"rendered":"https:\/\/www.echoppe-francaise.fr\/blog\/?page_id=1650"},"modified":"2026-02-19T08:55:10","modified_gmt":"2026-02-19T07:55:10","slug":"quel-luminaire-au-dessus-du-canape","status":"publish","type":"page","link":"https:\/\/www.echoppe-francaise.fr\/blog\/quel-luminaire-au-dessus-du-canape\/","title":{"rendered":"Quel luminaire au-dessus du canap\u00e9\u00a0?"},"content":{"rendered":"\n<figure class=\"wp-block-image\"><img decoding=\"async\" src=\"https:\/\/lh7-us.googleusercontent.com\/2jN4UauAvzQDgCB6gS5uToGn7GS_PPnNRHDQ7HXq3USEA9EKcQHnTkSTK0nYnnu4X08uCeY6T7rjHCydimJ1aDtVZPu32pdutgzMQVhHbtSCjXVwp1q5gfVIfiDRnNRsIbS6X2PT66Ke\" alt=\"Des lampes \u00e0 suspensions au dessus d'un canap\u00e9 de salon.\"\/><\/figure>\n\n\n\n<p class=\"wp-block-paragraph\">Envie d\u2019un <strong>\u00e9clairage d\u2019ambiance<\/strong> dans votre salon&nbsp;? Essayez les luminaires au-dessus du canap\u00e9. C\u2019est une zone strat\u00e9gique dans cette pi\u00e8ce. Vous y passez du temps en famille. C\u2019est le lieu id\u00e9al pour les lectures ou les moments de d\u00e9tente. C\u2019est la solution parfaite, m\u00eame dans les petits salons. Il reste \u00e0 choisir le bon syst\u00e8me d\u2019\u00e9clairage. Voici nos conseils.<\/p>\n\n\n\n<h2 class=\"wp-block-heading\">Une suspension&nbsp;dans une pi\u00e8ce avec une belle hauteur sous plafond<\/h2>\n\n\n\n<figure class=\"wp-block-image\"><img decoding=\"async\" src=\"https:\/\/lh7-us.googleusercontent.com\/ARb1AeUvX0qsmBnnbqYBYgMELjtRnhtx8r7xZvgv4hU_rBUgcNzMQE9cw9cz98FLYPGDBemVeIC63PrULSY5xf6F0SpDibdlD5VkA05mz68szJ3qUu7cBsKjfMREIPLO5_tw4o8ecLhU\" alt=\"Une suspension en bois en forme de fleur fabriqu\u00e9 en France.\"\/><\/figure>\n\n\n\n<p class=\"wp-block-paragraph\">Votre salon a une belle hauteur sous plafond&nbsp;? Optez pour la <strong><a href=\"https:\/\/www.echoppe-francaise.fr\/lampes-et-luminaires-originaux\" target=\"_blank\" rel=\"noreferrer noopener\">suspension<\/a><\/strong>. Ainsi, vous en profitez pour la mettre en valeur. Ce luminaire est aussi gage d\u2019un maximum d\u2019\u00e9l\u00e9gance. Mettez-le \u00e0 40 ou 50 cm du plafond. C\u2019est id\u00e9al avec un mur de 1.90 m \u00e0 2 m\u00e8tres. Mais, personnalisez la hauteur de votre luminaire en fonction de votre espace. Plus tendance&nbsp;? Mettez vos suspensions plus proches de votre canap\u00e9. Attention n\u00e9anmoins \u00e0 ne pas g\u00eaner le passage ou la vue.&nbsp;<\/p>\n\n\n\n<p class=\"wp-block-paragraph\">Il reste \u00e0 trouver le bon mat\u00e9riau. Le <strong>bois<\/strong> est id\u00e9al pour une touche conviviale. Sur l\u2019\u00c9choppe Fran\u00e7aise, on vous propose des luminaires faits en France par des cr\u00e9ateurs locaux. Ils sont styl\u00e9s. Habillez votre salon avec une suspension en forme de fleur. Ce sera esth\u00e9tique.&nbsp;<\/p>\n\n\n\n<p class=\"wp-block-paragraph\">Adaptez le style de votre luminaire au style g\u00e9n\u00e9ral de votre am\u00e9nagement. Une d\u00e9co<strong>&nbsp;vintage&nbsp;<\/strong>? Choisissez une suspension en verre classique. En qu\u00eate de modernit\u00e9&nbsp;? Pr\u00e9f\u00e9rez un accessoire en m\u00e9tal.&nbsp;&nbsp;<\/p>\n\n\n\n<h2 class=\"wp-block-heading\">Le lampadaire d\u2019int\u00e9rieur&nbsp;: une tendance incontournable<\/h2>\n\n\n\n<figure class=\"wp-block-image\"><img decoding=\"async\" src=\"https:\/\/lh7-us.googleusercontent.com\/8Qo9iWZVC-DtoNSoPTfybm0NlCyhtJpB4gefp-v5t9DCuOmAZ3iRGbpVkZ3kkrTiHaVbP4wJpxMzOWbHdwawIYTrbp-FtRzzGgNkLdEmUZdUvXpbtV8PK7YJuuQsc9PiFHYQUeIrwmF3\" alt=\"Un lampadaire en m\u00e9tal dor\u00e9 au dessus du canap\u00e9\"\/><\/figure>\n\n\n\n<p class=\"wp-block-paragraph\">Vous cherchez une touche <strong>tendance <\/strong>dans votre salon&nbsp;? Le lampadaire d\u2019int\u00e9rieur est le choix parfait. Les magasins de d\u00e9coration vous proposent diff\u00e9rents choix&nbsp;:&nbsp;<\/p>\n\n\n\n<ul class=\"wp-block-list\">\n<li><strong>Tr\u00e9pieds en bois<\/strong> avec un abat-jour classique&nbsp;: \u00e0 mettre directement pr\u00e8s du canap\u00e9.&nbsp;<\/li>\n\n\n\n<li>En <strong>forme d\u2019arc en acier<\/strong> avec le socle pr\u00e8s des fen\u00eatres et l\u2019abat-jour au-dessus du canap\u00e9<\/li>\n<\/ul>\n\n\n\n<p class=\"wp-block-paragraph\">Respectez les normes d\u2019installation \u00e9lectrique domestique. Une <strong>ampoule LED<\/strong> est recommand\u00e9e. Choisissez une couleur de lumi\u00e8re jaune. Vous vous assurez une ambiance conviviale et cocooning.&nbsp;<\/p>\n\n\n\n<p class=\"wp-block-paragraph\">Les <strong>lampadaires<\/strong> sont des choix pratiques. Pas besoin de passer par un \u00e9lectricien pour les installer. Il suffit d\u2019une prise de courant. Arrangez les fils pour ne pas g\u00eaner le passage. Positionne l\u2019abat-jour pour profiter d\u2019une bonne luminosit\u00e9 dans votre espace.&nbsp;<\/p>\n\n\n\n<p class=\"wp-block-paragraph\">D\u00e9nichez d&rsquo;autres conseils pour le choix de votre luminaire dans notre article : <a href=\"https:\/\/www.echoppe-francaise.fr\/blog\/quel-eclairage-pour-quelle-piece\/\" target=\"_blank\" rel=\"noreferrer noopener\">quel \u00e9clairage dans quelle pi\u00e8ce ? <\/a><\/p>\n\n\n\n<h2 class=\"wp-block-heading\">Les appliques murales pour une d\u00e9coration moderne<\/h2>\n\n\n\n<figure class=\"wp-block-image\"><img decoding=\"async\" src=\"https:\/\/lh7-us.googleusercontent.com\/Yd2R0GSgkaAMRFGCTQx6C4ZikAPUrxyv_IvlOyT-suWRGdKbEgKz8TbS1p9bTPh4FpgH7YkQliMerNY8ljkuWRlmaebNSyGpzAWrWrWWGIug20YnQt2EnfpFnPCLgjqDivS9HzQ8wCYb\" alt=\"Une applique en bois made in France en forme de fleur.\"\/><\/figure>\n\n\n\n<p class=\"wp-block-paragraph\">Osez aussi les <strong>appliques murales<\/strong>. C\u2019est une solution parfaite pour celles et ceux qui souffrent d\u2019un manque d\u2019espace. Sur l\u2019\u00c9choppe Fran\u00e7aises, vous avez un mod\u00e8le styl\u00e9 en bois, 100 % made in France. De quoi embellir votre espace sans culpabiliser.&nbsp;<\/p>\n\n\n\n<p class=\"wp-block-paragraph\">Mais, le style de vos appliques devra aussi \u00eatre coh\u00e9rent avec la d\u00e9co de la pi\u00e8ce. Dans un <strong>salon contemporain<\/strong>, pr\u00e9f\u00e9rez les mod\u00e8les en inox. Les marques proposent des formes plus travaill\u00e9es de nos jours.&nbsp;&nbsp;<\/p>\n\n\n\n<p class=\"wp-block-paragraph\">Respectez toujours la r\u00e8gle de <strong>100 lumens par m2<\/strong>. R\u00e9partissez les \u00e9clairages sur plusieurs appliques. Vous valoriserez un peu plus le mur. Vous \u00e9clairerez davantage l\u2019espace. \u00c0 savoir que ces lumi\u00e8res ont une port\u00e9e limit\u00e9e \u00e0 100 m\u00e8tres environ de la source.&nbsp;<\/p>\n\n\n\n<p class=\"wp-block-paragraph\">Changez l\u2019am\u00e9nagement de votre salon avec un luminaire tendance. \u00c9clairez le canap\u00e9 pour une pi\u00e8ce fonctionnelle, mais agr\u00e9able. Faites votre choix entre les suspensions, les lampadaires ou les appliques. Suivez nos conseils pour une d\u00e9coration r\u00e9ussie.&nbsp;<\/p>\n\n\n\n<p class=\"wp-block-paragraph\">Laissez-vous guide pour le choix de votre \u00e9clairage. Lisez nos autres articles : <\/p>\n\n\n\n<ul class=\"wp-block-list\">\n<li><a href=\"https:\/\/www.echoppe-francaise.fr\/blog\/quel-lustre-mettre-dans-le-salon\/\" target=\"_blank\" rel=\"noreferrer noopener\">Quel lustre mettre dans le salon&nbsp;?<\/a><\/li>\n\n\n\n<li><a href=\"https:\/\/www.echoppe-francaise.fr\/blog\/quel-type-de-lumiere-pour-une-chambre\/\" target=\"_blank\" rel=\"noreferrer noopener\">Quel type de lumi\u00e8re pour une chambre&nbsp;?<\/a><\/li>\n\n\n\n<li><a href=\"https:\/\/www.echoppe-francaise.fr\/blog\/comment-bien-eclairer-son-salon\/\" target=\"_blank\" rel=\"noreferrer noopener\">Comment bien \u00e9clairer son salon&nbsp;?<\/a><\/li>\n\n\n\n<li><a href=\"https:\/\/www.echoppe-francaise.fr\/blog\/comment-choisir-votre-luminaire-pour-une-grande-piece\/\" target=\"_blank\" rel=\"noreferrer noopener\">Comment choisir votre luminaire pour une grande pi\u00e8ce&nbsp;?<\/a><\/li>\n\n\n\n<li><a href=\"https:\/\/www.echoppe-francaise.fr\/blog\/quel-type-de-lumiere-pour-un-salon\/\" target=\"_blank\" rel=\"noreferrer noopener\">Quel type de lumi\u00e8re pour un salon&nbsp;?<\/a><\/li>\n\n\n\n<li><a href=\"https:\/\/www.echoppe-francaise.fr\/blog\/quelle-lumiere-pour-une-salle-de-bains\/\" target=\"_blank\" rel=\"noreferrer noopener\">Quelle lumi\u00e8re pour une salle de bains&nbsp;?<\/a><\/li>\n\n\n\n<li><a href=\"https:\/\/www.echoppe-francaise.fr\/blog\/quelle-puissance-de-led-pour-les-lampes-de-mon-salon\/\" target=\"_blank\" rel=\"noreferrer noopener\">Quelle puissance de LED pour le salon\u00a0?<\/a><\/li>\n\n\n\n<li><a href=\"https:\/\/www.echoppe-francaise.fr\/blog\/quelle-temperature-de-couleur-pour-salle-a-manger\/\" target=\"_blank\" rel=\"noreferrer noopener\">Quelle temp\u00e9rature de couleur pour salle \u00e0 manger&nbsp;?<\/a><\/li>\n\n\n\n<li><a href=\"https:\/\/www.echoppe-francaise.fr\/blog\/quelle-temperature-pour-votre-eclairage-de-salle-de-bain\/\" target=\"_blank\" rel=\"noreferrer noopener\">Quelle temp\u00e9rature pour l\u2019\u00e9clairage de la salle de bain&nbsp;?<\/a><\/li>\n<\/ul>\n","protected":false},"excerpt":{"rendered":"<p>Envie d\u2019un \u00e9clairage d\u2019ambiance dans votre salon&nbsp;? Essayez les luminaires au-dessus du canap\u00e9. C\u2019est une zone strat\u00e9gique dans cette pi\u00e8ce. Vous y passez du temps en famille. C\u2019est le lieu id\u00e9al pour les lectures ou les moments de d\u00e9tente. C\u2019est la solution parfaite, m\u00eame dans les petits salons. Il reste \u00e0 choisir le bon syst\u00e8me&hellip;&nbsp;<\/p>\n","protected":false},"author":6,"featured_media":0,"parent":1551,"menu_order":0,"comment_status":"closed","ping_status":"closed","template":"","meta":{"_crdt_document":"","neve_meta_sidebar":"","neve_meta_container":"","neve_meta_enable_content_width":"","neve_meta_content_width":0,"neve_meta_title_alignment":"","neve_meta_author_avatar":"","neve_post_elements_order":"","neve_meta_disable_header":"","neve_meta_disable_footer":"","neve_meta_disable_title":"","footnotes":""},"class_list":["post-1650","page","type-page","status-publish","hentry"],"yoast_head":"<!-- This site is optimized with the Yoast SEO plugin v27.5 - https:\/\/yoast.com\/product\/yoast-seo-wordpress\/ -->\n<title>Comment trouver le bon luminaire au dessus du canap\u00e9 ?<\/title>\n<meta name=\"description\" content=\"Cliquez ici pour lire nos meilleurs conseils pour choisir le luminaire \u00e0 mettre au dessus de votre canap\u00e9.\" \/>\n<meta name=\"robots\" content=\"index, follow, max-snippet:-1, max-image-preview:large, max-video-preview:-1\" \/>\n<link rel=\"canonical\" href=\"https:\/\/www.echoppe-francaise.fr\/blog\/quel-luminaire-au-dessus-du-canape\/\" \/>\n<meta property=\"og:locale\" content=\"fr_FR\" \/>\n<meta property=\"og:type\" content=\"article\" \/>\n<meta property=\"og:title\" content=\"Comment trouver le bon luminaire au dessus du canap\u00e9 ?\" \/>\n<meta property=\"og:description\" content=\"Cliquez ici pour lire nos meilleurs conseils pour choisir le luminaire \u00e0 mettre au dessus de votre canap\u00e9.\" \/>\n<meta property=\"og:url\" content=\"https:\/\/www.echoppe-francaise.fr\/blog\/quel-luminaire-au-dessus-du-canape\/\" \/>\n<meta property=\"og:site_name\" content=\"\u00c9choppe Fran\u00e7aise, le Blog\" \/>\n<meta property=\"article:modified_time\" content=\"2026-02-19T07:55:10+00:00\" \/>\n<meta property=\"og:image\" content=\"https:\/\/lh7-us.googleusercontent.com\/2jN4UauAvzQDgCB6gS5uToGn7GS_PPnNRHDQ7HXq3USEA9EKcQHnTkSTK0nYnnu4X08uCeY6T7rjHCydimJ1aDtVZPu32pdutgzMQVhHbtSCjXVwp1q5gfVIfiDRnNRsIbS6X2PT66Ke\" \/>\n<meta name=\"twitter:card\" content=\"summary_large_image\" \/>\n<meta name=\"twitter:label1\" content=\"Dur\u00e9e de lecture estim\u00e9e\" \/>\n\t<meta name=\"twitter:data1\" content=\"4 minutes\" \/>\n<script type=\"application\/ld+json\" class=\"yoast-schema-graph\">{\"@context\":\"https:\\\/\\\/schema.org\",\"@graph\":[{\"@type\":\"WebPage\",\"@id\":\"https:\\\/\\\/www.echoppe-francaise.fr\\\/blog\\\/quel-luminaire-au-dessus-du-canape\\\/\",\"url\":\"https:\\\/\\\/www.echoppe-francaise.fr\\\/blog\\\/quel-luminaire-au-dessus-du-canape\\\/\",\"name\":\"Comment trouver le bon luminaire au dessus du canap\u00e9 ?\",\"isPartOf\":{\"@id\":\"https:\\\/\\\/www.echoppe-francaise.fr\\\/blog\\\/#website\"},\"primaryImageOfPage\":{\"@id\":\"https:\\\/\\\/www.echoppe-francaise.fr\\\/blog\\\/quel-luminaire-au-dessus-du-canape\\\/#primaryimage\"},\"image\":{\"@id\":\"https:\\\/\\\/www.echoppe-francaise.fr\\\/blog\\\/quel-luminaire-au-dessus-du-canape\\\/#primaryimage\"},\"thumbnailUrl\":\"https:\\\/\\\/lh7-us.googleusercontent.com\\\/2jN4UauAvzQDgCB6gS5uToGn7GS_PPnNRHDQ7HXq3USEA9EKcQHnTkSTK0nYnnu4X08uCeY6T7rjHCydimJ1aDtVZPu32pdutgzMQVhHbtSCjXVwp1q5gfVIfiDRnNRsIbS6X2PT66Ke\",\"datePublished\":\"2023-12-05T13:15:37+00:00\",\"dateModified\":\"2026-02-19T07:55:10+00:00\",\"description\":\"Cliquez ici pour lire nos meilleurs conseils pour choisir le luminaire \u00e0 mettre au dessus de votre canap\u00e9.\",\"breadcrumb\":{\"@id\":\"https:\\\/\\\/www.echoppe-francaise.fr\\\/blog\\\/quel-luminaire-au-dessus-du-canape\\\/#breadcrumb\"},\"inLanguage\":\"fr-FR\",\"potentialAction\":[{\"@type\":\"ReadAction\",\"target\":[\"https:\\\/\\\/www.echoppe-francaise.fr\\\/blog\\\/quel-luminaire-au-dessus-du-canape\\\/\"]}]},{\"@type\":\"ImageObject\",\"inLanguage\":\"fr-FR\",\"@id\":\"https:\\\/\\\/www.echoppe-francaise.fr\\\/blog\\\/quel-luminaire-au-dessus-du-canape\\\/#primaryimage\",\"url\":\"https:\\\/\\\/lh7-us.googleusercontent.com\\\/2jN4UauAvzQDgCB6gS5uToGn7GS_PPnNRHDQ7HXq3USEA9EKcQHnTkSTK0nYnnu4X08uCeY6T7rjHCydimJ1aDtVZPu32pdutgzMQVhHbtSCjXVwp1q5gfVIfiDRnNRsIbS6X2PT66Ke\",\"contentUrl\":\"https:\\\/\\\/lh7-us.googleusercontent.com\\\/2jN4UauAvzQDgCB6gS5uToGn7GS_PPnNRHDQ7HXq3USEA9EKcQHnTkSTK0nYnnu4X08uCeY6T7rjHCydimJ1aDtVZPu32pdutgzMQVhHbtSCjXVwp1q5gfVIfiDRnNRsIbS6X2PT66Ke\"},{\"@type\":\"BreadcrumbList\",\"@id\":\"https:\\\/\\\/www.echoppe-francaise.fr\\\/blog\\\/quel-luminaire-au-dessus-du-canape\\\/#breadcrumb\",\"itemListElement\":[{\"@type\":\"ListItem\",\"position\":1,\"name\":\"Accueil\",\"item\":\"https:\\\/\\\/www.echoppe-francaise.fr\\\/blog\\\/\"},{\"@type\":\"ListItem\",\"position\":2,\"name\":\"Comment choisir le bon luminaire pour votre int\u00e9rieur ?\",\"item\":\"https:\\\/\\\/www.echoppe-francaise.fr\\\/blog\\\/comment-choisir-le-bon-luminaire\\\/\"},{\"@type\":\"ListItem\",\"position\":3,\"name\":\"Quel \u00e9clairage pour quelle pi\u00e8ce\u00a0?\",\"item\":\"https:\\\/\\\/www.echoppe-francaise.fr\\\/blog\\\/quel-eclairage-pour-quelle-piece\\\/\"},{\"@type\":\"ListItem\",\"position\":4,\"name\":\"Quel luminaire au-dessus du canap\u00e9\u00a0?\"}]},{\"@type\":\"WebSite\",\"@id\":\"https:\\\/\\\/www.echoppe-francaise.fr\\\/blog\\\/#website\",\"url\":\"https:\\\/\\\/www.echoppe-francaise.fr\\\/blog\\\/\",\"name\":\"\u00c9choppe Fran\u00e7aise, le Blog\",\"description\":\"Le blog des Cr\u00e9atrices et Cr\u00e9ateurs fran\u00e7ais\",\"publisher\":{\"@id\":\"https:\\\/\\\/www.echoppe-francaise.fr\\\/blog\\\/#organization\"},\"potentialAction\":[{\"@type\":\"SearchAction\",\"target\":{\"@type\":\"EntryPoint\",\"urlTemplate\":\"https:\\\/\\\/www.echoppe-francaise.fr\\\/blog\\\/?s={search_term_string}\"},\"query-input\":{\"@type\":\"PropertyValueSpecification\",\"valueRequired\":true,\"valueName\":\"search_term_string\"}}],\"inLanguage\":\"fr-FR\"},{\"@type\":\"Organization\",\"@id\":\"https:\\\/\\\/www.echoppe-francaise.fr\\\/blog\\\/#organization\",\"name\":\"L'\u00e9choppe Fran\u00e7aise\",\"url\":\"https:\\\/\\\/www.echoppe-francaise.fr\\\/blog\\\/\",\"logo\":{\"@type\":\"ImageObject\",\"inLanguage\":\"fr-FR\",\"@id\":\"https:\\\/\\\/www.echoppe-francaise.fr\\\/blog\\\/#\\\/schema\\\/logo\\\/image\\\/\",\"url\":\"https:\\\/\\\/www.echoppe-francaise.fr\\\/blog\\\/wp-content\\\/uploads\\\/2017\\\/04\\\/echoppe-francaise-logo-1489412704.png\",\"contentUrl\":\"https:\\\/\\\/www.echoppe-francaise.fr\\\/blog\\\/wp-content\\\/uploads\\\/2017\\\/04\\\/echoppe-francaise-logo-1489412704.png\",\"width\":492,\"height\":270,\"caption\":\"L'\u00e9choppe Fran\u00e7aise\"},\"image\":{\"@id\":\"https:\\\/\\\/www.echoppe-francaise.fr\\\/blog\\\/#\\\/schema\\\/logo\\\/image\\\/\"}}]}<\/script>\n<!-- \/ Yoast SEO plugin. -->","yoast_head_json":{"title":"Comment trouver le bon luminaire au dessus du canap\u00e9 ?","description":"Cliquez ici pour lire nos meilleurs conseils pour choisir le luminaire \u00e0 mettre au dessus de votre canap\u00e9.","robots":{"index":"index","follow":"follow","max-snippet":"max-snippet:-1","max-image-preview":"max-image-preview:large","max-video-preview":"max-video-preview:-1"},"canonical":"https:\/\/www.echoppe-francaise.fr\/blog\/quel-luminaire-au-dessus-du-canape\/","og_locale":"fr_FR","og_type":"article","og_title":"Comment trouver le bon luminaire au dessus du canap\u00e9 ?","og_description":"Cliquez ici pour lire nos meilleurs conseils pour choisir le luminaire \u00e0 mettre au dessus de votre canap\u00e9.","og_url":"https:\/\/www.echoppe-francaise.fr\/blog\/quel-luminaire-au-dessus-du-canape\/","og_site_name":"\u00c9choppe Fran\u00e7aise, le Blog","article_modified_time":"2026-02-19T07:55:10+00:00","og_image":[{"url":"https:\/\/lh7-us.googleusercontent.com\/2jN4UauAvzQDgCB6gS5uToGn7GS_PPnNRHDQ7HXq3USEA9EKcQHnTkSTK0nYnnu4X08uCeY6T7rjHCydimJ1aDtVZPu32pdutgzMQVhHbtSCjXVwp1q5gfVIfiDRnNRsIbS6X2PT66Ke","type":"","width":"","height":""}],"twitter_card":"summary_large_image","twitter_misc":{"Dur\u00e9e de lecture estim\u00e9e":"4 minutes"},"schema":{"@context":"https:\/\/schema.org","@graph":[{"@type":"WebPage","@id":"https:\/\/www.echoppe-francaise.fr\/blog\/quel-luminaire-au-dessus-du-canape\/","url":"https:\/\/www.echoppe-francaise.fr\/blog\/quel-luminaire-au-dessus-du-canape\/","name":"Comment trouver le bon luminaire au dessus du canap\u00e9 ?","isPartOf":{"@id":"https:\/\/www.echoppe-francaise.fr\/blog\/#website"},"primaryImageOfPage":{"@id":"https:\/\/www.echoppe-francaise.fr\/blog\/quel-luminaire-au-dessus-du-canape\/#primaryimage"},"image":{"@id":"https:\/\/www.echoppe-francaise.fr\/blog\/quel-luminaire-au-dessus-du-canape\/#primaryimage"},"thumbnailUrl":"https:\/\/lh7-us.googleusercontent.com\/2jN4UauAvzQDgCB6gS5uToGn7GS_PPnNRHDQ7HXq3USEA9EKcQHnTkSTK0nYnnu4X08uCeY6T7rjHCydimJ1aDtVZPu32pdutgzMQVhHbtSCjXVwp1q5gfVIfiDRnNRsIbS6X2PT66Ke","datePublished":"2023-12-05T13:15:37+00:00","dateModified":"2026-02-19T07:55:10+00:00","description":"Cliquez ici pour lire nos meilleurs conseils pour choisir le luminaire \u00e0 mettre au dessus de votre canap\u00e9.","breadcrumb":{"@id":"https:\/\/www.echoppe-francaise.fr\/blog\/quel-luminaire-au-dessus-du-canape\/#breadcrumb"},"inLanguage":"fr-FR","potentialAction":[{"@type":"ReadAction","target":["https:\/\/www.echoppe-francaise.fr\/blog\/quel-luminaire-au-dessus-du-canape\/"]}]},{"@type":"ImageObject","inLanguage":"fr-FR","@id":"https:\/\/www.echoppe-francaise.fr\/blog\/quel-luminaire-au-dessus-du-canape\/#primaryimage","url":"https:\/\/lh7-us.googleusercontent.com\/2jN4UauAvzQDgCB6gS5uToGn7GS_PPnNRHDQ7HXq3USEA9EKcQHnTkSTK0nYnnu4X08uCeY6T7rjHCydimJ1aDtVZPu32pdutgzMQVhHbtSCjXVwp1q5gfVIfiDRnNRsIbS6X2PT66Ke","contentUrl":"https:\/\/lh7-us.googleusercontent.com\/2jN4UauAvzQDgCB6gS5uToGn7GS_PPnNRHDQ7HXq3USEA9EKcQHnTkSTK0nYnnu4X08uCeY6T7rjHCydimJ1aDtVZPu32pdutgzMQVhHbtSCjXVwp1q5gfVIfiDRnNRsIbS6X2PT66Ke"},{"@type":"BreadcrumbList","@id":"https:\/\/www.echoppe-francaise.fr\/blog\/quel-luminaire-au-dessus-du-canape\/#breadcrumb","itemListElement":[{"@type":"ListItem","position":1,"name":"Accueil","item":"https:\/\/www.echoppe-francaise.fr\/blog\/"},{"@type":"ListItem","position":2,"name":"Comment choisir le bon luminaire pour votre int\u00e9rieur ?","item":"https:\/\/www.echoppe-francaise.fr\/blog\/comment-choisir-le-bon-luminaire\/"},{"@type":"ListItem","position":3,"name":"Quel \u00e9clairage pour quelle pi\u00e8ce\u00a0?","item":"https:\/\/www.echoppe-francaise.fr\/blog\/quel-eclairage-pour-quelle-piece\/"},{"@type":"ListItem","position":4,"name":"Quel luminaire au-dessus du canap\u00e9\u00a0?"}]},{"@type":"WebSite","@id":"https:\/\/www.echoppe-francaise.fr\/blog\/#website","url":"https:\/\/www.echoppe-francaise.fr\/blog\/","name":"\u00c9choppe Fran\u00e7aise, le Blog","description":"Le blog des Cr\u00e9atrices et Cr\u00e9ateurs fran\u00e7ais","publisher":{"@id":"https:\/\/www.echoppe-francaise.fr\/blog\/#organization"},"potentialAction":[{"@type":"SearchAction","target":{"@type":"EntryPoint","urlTemplate":"https:\/\/www.echoppe-francaise.fr\/blog\/?s={search_term_string}"},"query-input":{"@type":"PropertyValueSpecification","valueRequired":true,"valueName":"search_term_string"}}],"inLanguage":"fr-FR"},{"@type":"Organization","@id":"https:\/\/www.echoppe-francaise.fr\/blog\/#organization","name":"L'\u00e9choppe Fran\u00e7aise","url":"https:\/\/www.echoppe-francaise.fr\/blog\/","logo":{"@type":"ImageObject","inLanguage":"fr-FR","@id":"https:\/\/www.echoppe-francaise.fr\/blog\/#\/schema\/logo\/image\/","url":"https:\/\/www.echoppe-francaise.fr\/blog\/wp-content\/uploads\/2017\/04\/echoppe-francaise-logo-1489412704.png","contentUrl":"https:\/\/www.echoppe-francaise.fr\/blog\/wp-content\/uploads\/2017\/04\/echoppe-francaise-logo-1489412704.png","width":492,"height":270,"caption":"L'\u00e9choppe Fran\u00e7aise"},"image":{"@id":"https:\/\/www.echoppe-francaise.fr\/blog\/#\/schema\/logo\/image\/"}}]}},"_links":{"self":[{"href":"https:\/\/www.echoppe-francaise.fr\/blog\/wp-json\/wp\/v2\/pages\/1650","targetHints":{"allow":["GET"]}}],"collection":[{"href":"https:\/\/www.echoppe-francaise.fr\/blog\/wp-json\/wp\/v2\/pages"}],"about":[{"href":"https:\/\/www.echoppe-francaise.fr\/blog\/wp-json\/wp\/v2\/types\/page"}],"author":[{"embeddable":true,"href":"https:\/\/www.echoppe-francaise.fr\/blog\/wp-json\/wp\/v2\/users\/6"}],"replies":[{"embeddable":true,"href":"https:\/\/www.echoppe-francaise.fr\/blog\/wp-json\/wp\/v2\/comments?post=1650"}],"version-history":[{"count":6,"href":"https:\/\/www.echoppe-francaise.fr\/blog\/wp-json\/wp\/v2\/pages\/1650\/revisions"}],"predecessor-version":[{"id":2350,"href":"https:\/\/www.echoppe-francaise.fr\/blog\/wp-json\/wp\/v2\/pages\/1650\/revisions\/2350"}],"up":[{"embeddable":true,"href":"https:\/\/www.echoppe-francaise.fr\/blog\/wp-json\/wp\/v2\/pages\/1551"}],"wp:attachment":[{"href":"https:\/\/www.echoppe-francaise.fr\/blog\/wp-json\/wp\/v2\/media?parent=1650"}],"curies":[{"name":"wp","href":"https:\/\/api.w.org\/{rel}","templated":true}]}}