{"id":1646,"date":"2023-12-05T13:57:18","date_gmt":"2023-12-05T12:57:18","guid":{"rendered":"https:\/\/www.echoppe-francaise.fr\/blog\/?page_id=1646"},"modified":"2026-02-19T08:55:45","modified_gmt":"2026-02-19T07:55:45","slug":"quel-lustre-mettre-dans-le-salon","status":"publish","type":"page","link":"https:\/\/www.echoppe-francaise.fr\/blog\/quel-lustre-mettre-dans-le-salon\/","title":{"rendered":"Quel lustre mettre dans le salon\u00a0?"},"content":{"rendered":"\n<figure class=\"wp-block-image\"><img decoding=\"async\" src=\"https:\/\/lh7-us.googleusercontent.com\/4Udln9eEqRRQ6KMUpy-XbeqXXMkVScGkrKGcvO4HBtI-WWnv5uOkSUdrFdaFPF7I-IuVE0yWtJIgQDjmxRy3XGX_nMW-_aCejFjFNRHGbORPk5FJ9G0QsdEDgmSMzwATVrufJL4m5_Mn\" alt=\"Un lustre \u00e0 led chic dans un salon. \"\/><\/figure>\n\n\n\n<p class=\"wp-block-paragraph\">Le <strong>lustre <\/strong>sonne son retour dans l&rsquo;am\u00e9nagement int\u00e9rieur. Invitez-le dans le salon. Et,&nbsp;faites-en un syst\u00e8me d\u2019\u00e9clairage principal.&nbsp; C\u2019est \u00e9l\u00e9gant et pratique. En plus, vous aurez une ambiance cosy id\u00e9ale pour un moment agr\u00e9able sur place. Trouvez votre bonheur parmi les diff\u00e9rentes intensit\u00e9s et styles. On vous accompagne.&nbsp;<\/p>\n\n\n\n<h2 class=\"wp-block-heading\">Un lustre vintage dans une d\u00e9coration classique et chic tendance<\/h2>\n\n\n\n<figure class=\"wp-block-image\"><img decoding=\"async\" src=\"https:\/\/lh7-us.googleusercontent.com\/nFR8uNYiKvG035cWNCs9vIZUfZ4KXLU33-odgbs_pnwrmYpvFgTaR3vIcVC2gFhz_xG7w71_hqvEerl7j2SxHSMIcQ5AhAOr8nfrhAXV3rOaMBsIe9A_26G-oo5QwcMAo1xsxazqBFtn\" alt=\"Un lustre vintage en verre imposant dans un salon \u00e9l\u00e9gant.\"\/><\/figure>\n\n\n\n<p class=\"wp-block-paragraph\">Le <strong>vintage moderne<\/strong> est une bonne id\u00e9e de d\u00e9co. M\u00e9langez des objets de style ancien et moderne. Pour l\u2019\u00e9clairage&nbsp;? Le lustre en verre est un choix id\u00e9al, surtout dans une grande salle \u00e0 manger. Il ajoute une touche \u00e9l\u00e9gante \u00e0 l\u2019espace.&nbsp;<\/p>\n\n\n\n<p class=\"wp-block-paragraph\">Votre salon fait moins de 15 m\u00b2&nbsp;? Limitez votre choix \u00e0 des accessoires de <strong>40 ou 45 cm de diam\u00e8tre. <\/strong>Osez davantage si vous avez plus d\u2019espace. \u00c9vitez de trop charger la pi\u00e8ce. Il en va de votre confort.&nbsp;<\/p>\n\n\n\n<p class=\"wp-block-paragraph\">Le lustre sera un \u00e9clairage g\u00e9n\u00e9ral. Mettez-le au centre de la pi\u00e8ce. Faites attention \u00e0 sa puissance et son intensit\u00e9. Tout le salon doit profiter de la lumi\u00e8re.&nbsp;&nbsp;<\/p>\n\n\n\n<p class=\"wp-block-paragraph\">Trouvez le bon lustre \u00e0 ajouter dans votre d\u00e9co de salon gr\u00e2ce \u00e0 nos conseils sur : <a href=\"https:\/\/www.echoppe-francaise.fr\/blog\/quel-eclairage-pour-quelle-piece\/\" target=\"_blank\" rel=\"noreferrer noopener\">quel \u00e9clairage pour quelle pi\u00e8ce ?<\/a><\/p>\n\n\n\n<h2 class=\"wp-block-heading\">Une suspension en bois en forme de fleur pour de l\u2019originalit\u00e9 et du style<\/h2>\n\n\n\n<figure class=\"wp-block-image\"><img decoding=\"async\" src=\"https:\/\/lh7-us.googleusercontent.com\/_Cpvckjm5JExBVmh1GrrsEh9aHHLZra0glwxoX2TbRWhLIjb4ZiBUDwdJVPOUioCNoxtn-lPSWdlMk91F-sKnPNFSlNLj-wdvYKhYNtUdK954_Y4Mqa182jblXiWIjod0zetV0gWukgk\" alt=\"Une suspension en bois de fabrication fran\u00e7aise.\"\/><\/figure>\n\n\n\n<p class=\"wp-block-paragraph\">Envie d\u2019un peu d\u2019originalit\u00e9&nbsp;? Notre r\u00e9ponse&nbsp;: <strong><a href=\"https:\/\/www.echoppe-francaise.fr\/lampes-et-luminaires-a-suspension\" target=\"_blank\" rel=\"noreferrer noopener\">Suspension en bois en forme de fleur<\/a>. <\/strong>Trouvez votre bonheur sur l\u2019\u00c9choppe Fran\u00e7aise. Nos artisans utilisent du bois FECP. C\u2019est donc un accessoire de d\u00e9co \u00e9cologique. Et, elle embarque des ampoules LED.&nbsp;<\/p>\n\n\n\n<p class=\"wp-block-paragraph\">Il reste \u00e0 r\u00e9gler la hauteur de la suspension. Dans une pi\u00e8ce de 20 m\u00b2, mettez-la \u00e0 <strong>40 ou 45 cm du plafond<\/strong>. Elle jouera aussi le r\u00f4le d\u2019\u00e9clairage central. Avec cette astuce, vous profiterez mieux de votre espace.&nbsp;&nbsp;<\/p>\n\n\n\n<h2 class=\"wp-block-heading\">Comment choisir la taille du lustre \u00e0 mettre dans votre salon&nbsp;?&nbsp;<\/h2>\n\n\n\n<figure class=\"wp-block-image\"><img decoding=\"async\" src=\"https:\/\/lh7-us.googleusercontent.com\/IM5w_PudViar80Qzr6q2W3jZqqMR3Q8FNFjP4c48fB_KyrxtwhYklRUrqXCxkl434xAz3wJz6dvbLOqWCholNgVad_JsSJgQ43TUKQXumCxubak9cwsmIGox6s-8Iti-CiyS8mIMOoLy\" alt=\"Une lustre en verre avec une lumi\u00e8re chaleureuse dans un salon.\"\/><\/figure>\n\n\n\n<p class=\"wp-block-paragraph\">Adaptez la <strong>taille de votre lustre<\/strong> aux dimensions de votre salon. Additionnez la longueur et la largeur de la pi\u00e8ce. Multipliez le tout par 8. Et, fiez-vous au r\u00e9sultat pour trouver l\u2019\u00e9clairage id\u00e9al.&nbsp;<\/p>\n\n\n\n<p class=\"wp-block-paragraph\">Sinon, fiez-vous \u00e0 la r\u00e8gle standard. Le salon fait 15 \u00e0 20 m\u00b2&nbsp;? Optez pour un luminaire de 45 cm de diam\u00e8tre maximum. Vous avez plus de 20 m\u00b2&nbsp;? Choisissez un lustre de 50 cm de diam\u00e8tre. Montez crescendo de <strong>5 cm \u00e0 chaque 5 m\u00b2<\/strong>.&nbsp;<\/p>\n\n\n\n<p class=\"wp-block-paragraph\">Attention&nbsp;:&nbsp;<\/p>\n\n\n\n<ul class=\"wp-block-list\">\n<li>R\u00e9servez les grands lustres aux pi\u00e8ces XXL.&nbsp;<\/li>\n\n\n\n<li>N\u2019occupez pas l\u2019int\u00e9gralit\u00e9 du salon avec un seul luminaire.&nbsp;<\/li>\n<\/ul>\n\n\n\n<h2 class=\"wp-block-heading\">Focus sur l\u2019intensit\u00e9 de votre lustre de salon&nbsp;<\/h2>\n\n\n\n<figure class=\"wp-block-image\"><img decoding=\"async\" src=\"https:\/\/lh7-us.googleusercontent.com\/3kJksNOA5L3aIN7kxM9GMMKsm5bMJxvI2oMfF6MaFVJOudBkXzMVSjHdoodo5rwys8jwMX6-11lQfwIgj4jSvHlpMJCx3TIdOa89K96eS8sU9frO8lr1XL6m0CobnBykTe5WxiSiwPBF\" alt=\"Un lustre original qui \u00e9claire un petit salon.\"\/><\/figure>\n\n\n\n<p class=\"wp-block-paragraph\">Et, choisissez l\u2019<strong>\u00e9clairage de votre salon <\/strong>selon son intensit\u00e9. Cela impactera sur l\u2019ambiance de votre espace&nbsp;:&nbsp;<\/p>\n\n\n\n<ul class=\"wp-block-list\">\n<li>Un salon d\u00e9tente n\u00e9cessitera <strong>100 \u00e0 200 lumens par m2<\/strong>.&nbsp;<\/li>\n\n\n\n<li>Un espace fonctionnel aura besoin de <strong>300 \u00e0 400 lumens par m2<\/strong>.&nbsp;<\/li>\n<\/ul>\n\n\n\n<h2 class=\"wp-block-heading\">Quid de la couleur de la lumi\u00e8re de votre lustre de salon&nbsp;?&nbsp;<\/h2>\n\n\n\n<figure class=\"wp-block-image\"><img decoding=\"async\" src=\"https:\/\/lh7-us.googleusercontent.com\/FIuVQPJem4Ug8tFMcEJIaYhEDUuqfg743vnejyEgsCKTosNcIkPIVcDrj2C8ADMXiwxUbONuUZTeqTYeNbpBQO2L8XgKjMIeSxZepW_YwxTPUl90eP6FqjWKKTCyXYetcXlH5WEMNyTR\" alt=\"Une lustre \u00e0 suspension dans un grand salon vintage.\"\/><\/figure>\n\n\n\n<p class=\"wp-block-paragraph\">Jouez aussi avec la couleur de la lumi\u00e8re. Le rendu dans votre d\u00e9co sera diff\u00e9rent.&nbsp;<\/p>\n\n\n\n<ul class=\"wp-block-list\">\n<li>Un salon cosy&nbsp;? <strong>1 500 \u00e0 3 000 K <\/strong>maximum. De quoi donner une lumi\u00e8re blanche chaud ou jaune.&nbsp;<\/li>\n\n\n\n<li>Pour un salon moderne&nbsp;? Une intensit\u00e9 de <strong>3 500 \u00e0 5 000 K<\/strong> est recommand\u00e9e. Vous obtiendrez une lumi\u00e8re de couleur blanc neutre ou l\u00e9g\u00e8rement bleut\u00e9e.&nbsp;<\/li>\n<\/ul>\n\n\n\n<p class=\"wp-block-paragraph\">Plus besoin d\u2019un architecte d\u2019int\u00e9rieur pour am\u00e9nager votre salon. Suivez nos recommandations pour avoir un bel espace. De quoi vous aider \u00e0 vous d\u00e9tendre et \u00e0 recevoir dans les meilleures conditions.&nbsp;<\/p>\n\n\n\n<p class=\"wp-block-paragraph\">Parcourez nos autres articles pour plus de conseils sur le choix de votre luminaire : <\/p>\n\n\n\n<ul class=\"wp-block-list\">\n<li><a href=\"https:\/\/www.echoppe-francaise.fr\/blog\/quel-type-de-lumiere-pour-une-chambre\/\" target=\"_blank\" rel=\"noreferrer noopener\">Quel type de lumi\u00e8re pour une chambre&nbsp;?<\/a><\/li>\n\n\n\n<li><a href=\"https:\/\/www.echoppe-francaise.fr\/blog\/comment-bien-eclairer-son-salon\/\" target=\"_blank\" rel=\"noreferrer noopener\">Comment bien \u00e9clairer son salon&nbsp;?<\/a><\/li>\n\n\n\n<li><a href=\"https:\/\/www.echoppe-francaise.fr\/blog\/comment-choisir-votre-luminaire-pour-une-grande-piece\/\" target=\"_blank\" rel=\"noreferrer noopener\">Comment choisir votre luminaire pour une grande pi\u00e8ce&nbsp;?<\/a><\/li>\n\n\n\n<li><a href=\"https:\/\/www.echoppe-francaise.fr\/blog\/quel-type-de-lumiere-pour-un-salon\/\" target=\"_blank\" rel=\"noreferrer noopener\">Quel type de lumi\u00e8re pour un salon&nbsp;?<\/a><\/li>\n\n\n\n<li><a href=\"https:\/\/www.echoppe-francaise.fr\/blog\/quelle-lumiere-pour-une-salle-de-bains\/\" target=\"_blank\" rel=\"noreferrer noopener\">Quelle lumi\u00e8re pour une salle de bains&nbsp;?<\/a><\/li>\n\n\n\n<li><a href=\"https:\/\/www.echoppe-francaise.fr\/blog\/quelle-puissance-de-led-pour-les-lampes-de-mon-salon\/\" target=\"_blank\" rel=\"noreferrer noopener\">Quelle puissance de LED pour le salon\u00a0?<\/a><\/li>\n\n\n\n<li><a href=\"https:\/\/www.echoppe-francaise.fr\/blog\/quelle-temperature-de-couleur-pour-salle-a-manger\/\" target=\"_blank\" rel=\"noreferrer noopener\">Quelle temp\u00e9rature de couleur pour salle \u00e0 manger&nbsp;?<\/a><\/li>\n\n\n\n<li><a href=\"https:\/\/www.echoppe-francaise.fr\/blog\/quelle-temperature-pour-votre-eclairage-de-salle-de-bain\/\" target=\"_blank\" rel=\"noreferrer noopener\">Quelle temp\u00e9rature pour l\u2019\u00e9clairage de la salle de bain&nbsp;?<\/a><\/li>\n\n\n\n<li><a href=\"https:\/\/www.echoppe-francaise.fr\/blog\/quel-luminaire-au-dessus-du-canape\/\" target=\"_blank\" rel=\"noreferrer noopener\">Quel luminaire au-dessus du canap\u00e9&nbsp;?<\/a><\/li>\n<\/ul>\n","protected":false},"excerpt":{"rendered":"<p>Le lustre sonne son retour dans l&rsquo;am\u00e9nagement int\u00e9rieur. Invitez-le dans le salon. Et,&nbsp;faites-en un syst\u00e8me d\u2019\u00e9clairage principal.&nbsp; C\u2019est \u00e9l\u00e9gant et pratique. En plus, vous aurez une ambiance cosy id\u00e9ale pour un moment agr\u00e9able sur place. Trouvez votre bonheur parmi les diff\u00e9rentes intensit\u00e9s et styles. On vous accompagne.&nbsp; Un lustre vintage dans une d\u00e9coration classique et&hellip;&nbsp;<\/p>\n","protected":false},"author":6,"featured_media":0,"parent":1551,"menu_order":0,"comment_status":"closed","ping_status":"closed","template":"","meta":{"_crdt_document":"","neve_meta_sidebar":"","neve_meta_container":"","neve_meta_enable_content_width":"","neve_meta_content_width":0,"neve_meta_title_alignment":"","neve_meta_author_avatar":"","neve_post_elements_order":"","neve_meta_disable_header":"","neve_meta_disable_footer":"","neve_meta_disable_title":"","footnotes":""},"class_list":["post-1646","page","type-page","status-publish","hentry"],"yoast_head":"<!-- This site is optimized with the Yoast SEO plugin v27.5 - https:\/\/yoast.com\/product\/yoast-seo-wordpress\/ -->\n<title>Comment Choisir le Lustre \u00e0 Mettre dans le Salon ?<\/title>\n<meta name=\"description\" content=\"Voici quelques conseils pour choisir le lustre mettre dans le salon pour une ambiance agr\u00e9able et esth\u00e9tique chez vous.\" \/>\n<meta name=\"robots\" content=\"index, follow, max-snippet:-1, max-image-preview:large, max-video-preview:-1\" \/>\n<link rel=\"canonical\" href=\"https:\/\/www.echoppe-francaise.fr\/blog\/quel-lustre-mettre-dans-le-salon\/\" \/>\n<meta property=\"og:locale\" content=\"fr_FR\" \/>\n<meta property=\"og:type\" content=\"article\" \/>\n<meta property=\"og:title\" content=\"Comment Choisir le Lustre \u00e0 Mettre dans le Salon ?\" \/>\n<meta property=\"og:description\" content=\"Voici quelques conseils pour choisir le lustre mettre dans le salon pour une ambiance agr\u00e9able et esth\u00e9tique chez vous.\" \/>\n<meta property=\"og:url\" content=\"https:\/\/www.echoppe-francaise.fr\/blog\/quel-lustre-mettre-dans-le-salon\/\" \/>\n<meta property=\"og:site_name\" content=\"\u00c9choppe Fran\u00e7aise, le Blog\" \/>\n<meta property=\"article:modified_time\" content=\"2026-02-19T07:55:45+00:00\" \/>\n<meta property=\"og:image\" content=\"https:\/\/lh7-us.googleusercontent.com\/4Udln9eEqRRQ6KMUpy-XbeqXXMkVScGkrKGcvO4HBtI-WWnv5uOkSUdrFdaFPF7I-IuVE0yWtJIgQDjmxRy3XGX_nMW-_aCejFjFNRHGbORPk5FJ9G0QsdEDgmSMzwATVrufJL4m5_Mn\" \/>\n<meta name=\"twitter:card\" content=\"summary_large_image\" \/>\n<meta name=\"twitter:label1\" content=\"Dur\u00e9e de lecture estim\u00e9e\" \/>\n\t<meta name=\"twitter:data1\" content=\"5 minutes\" \/>\n<script type=\"application\/ld+json\" class=\"yoast-schema-graph\">{\"@context\":\"https:\\\/\\\/schema.org\",\"@graph\":[{\"@type\":\"WebPage\",\"@id\":\"https:\\\/\\\/www.echoppe-francaise.fr\\\/blog\\\/quel-lustre-mettre-dans-le-salon\\\/\",\"url\":\"https:\\\/\\\/www.echoppe-francaise.fr\\\/blog\\\/quel-lustre-mettre-dans-le-salon\\\/\",\"name\":\"Comment Choisir le Lustre \u00e0 Mettre dans le Salon ?\",\"isPartOf\":{\"@id\":\"https:\\\/\\\/www.echoppe-francaise.fr\\\/blog\\\/#website\"},\"primaryImageOfPage\":{\"@id\":\"https:\\\/\\\/www.echoppe-francaise.fr\\\/blog\\\/quel-lustre-mettre-dans-le-salon\\\/#primaryimage\"},\"image\":{\"@id\":\"https:\\\/\\\/www.echoppe-francaise.fr\\\/blog\\\/quel-lustre-mettre-dans-le-salon\\\/#primaryimage\"},\"thumbnailUrl\":\"https:\\\/\\\/lh7-us.googleusercontent.com\\\/4Udln9eEqRRQ6KMUpy-XbeqXXMkVScGkrKGcvO4HBtI-WWnv5uOkSUdrFdaFPF7I-IuVE0yWtJIgQDjmxRy3XGX_nMW-_aCejFjFNRHGbORPk5FJ9G0QsdEDgmSMzwATVrufJL4m5_Mn\",\"datePublished\":\"2023-12-05T12:57:18+00:00\",\"dateModified\":\"2026-02-19T07:55:45+00:00\",\"description\":\"Voici quelques conseils pour choisir le lustre mettre dans le salon pour une ambiance agr\u00e9able et esth\u00e9tique chez vous.\",\"breadcrumb\":{\"@id\":\"https:\\\/\\\/www.echoppe-francaise.fr\\\/blog\\\/quel-lustre-mettre-dans-le-salon\\\/#breadcrumb\"},\"inLanguage\":\"fr-FR\",\"potentialAction\":[{\"@type\":\"ReadAction\",\"target\":[\"https:\\\/\\\/www.echoppe-francaise.fr\\\/blog\\\/quel-lustre-mettre-dans-le-salon\\\/\"]}]},{\"@type\":\"ImageObject\",\"inLanguage\":\"fr-FR\",\"@id\":\"https:\\\/\\\/www.echoppe-francaise.fr\\\/blog\\\/quel-lustre-mettre-dans-le-salon\\\/#primaryimage\",\"url\":\"https:\\\/\\\/lh7-us.googleusercontent.com\\\/4Udln9eEqRRQ6KMUpy-XbeqXXMkVScGkrKGcvO4HBtI-WWnv5uOkSUdrFdaFPF7I-IuVE0yWtJIgQDjmxRy3XGX_nMW-_aCejFjFNRHGbORPk5FJ9G0QsdEDgmSMzwATVrufJL4m5_Mn\",\"contentUrl\":\"https:\\\/\\\/lh7-us.googleusercontent.com\\\/4Udln9eEqRRQ6KMUpy-XbeqXXMkVScGkrKGcvO4HBtI-WWnv5uOkSUdrFdaFPF7I-IuVE0yWtJIgQDjmxRy3XGX_nMW-_aCejFjFNRHGbORPk5FJ9G0QsdEDgmSMzwATVrufJL4m5_Mn\"},{\"@type\":\"BreadcrumbList\",\"@id\":\"https:\\\/\\\/www.echoppe-francaise.fr\\\/blog\\\/quel-lustre-mettre-dans-le-salon\\\/#breadcrumb\",\"itemListElement\":[{\"@type\":\"ListItem\",\"position\":1,\"name\":\"Accueil\",\"item\":\"https:\\\/\\\/www.echoppe-francaise.fr\\\/blog\\\/\"},{\"@type\":\"ListItem\",\"position\":2,\"name\":\"Comment choisir le bon luminaire pour votre int\u00e9rieur ?\",\"item\":\"https:\\\/\\\/www.echoppe-francaise.fr\\\/blog\\\/comment-choisir-le-bon-luminaire\\\/\"},{\"@type\":\"ListItem\",\"position\":3,\"name\":\"Quel \u00e9clairage pour quelle pi\u00e8ce\u00a0?\",\"item\":\"https:\\\/\\\/www.echoppe-francaise.fr\\\/blog\\\/quel-eclairage-pour-quelle-piece\\\/\"},{\"@type\":\"ListItem\",\"position\":4,\"name\":\"Quel lustre mettre dans le salon\u00a0?\"}]},{\"@type\":\"WebSite\",\"@id\":\"https:\\\/\\\/www.echoppe-francaise.fr\\\/blog\\\/#website\",\"url\":\"https:\\\/\\\/www.echoppe-francaise.fr\\\/blog\\\/\",\"name\":\"\u00c9choppe Fran\u00e7aise, le Blog\",\"description\":\"Le blog des Cr\u00e9atrices et Cr\u00e9ateurs fran\u00e7ais\",\"publisher\":{\"@id\":\"https:\\\/\\\/www.echoppe-francaise.fr\\\/blog\\\/#organization\"},\"potentialAction\":[{\"@type\":\"SearchAction\",\"target\":{\"@type\":\"EntryPoint\",\"urlTemplate\":\"https:\\\/\\\/www.echoppe-francaise.fr\\\/blog\\\/?s={search_term_string}\"},\"query-input\":{\"@type\":\"PropertyValueSpecification\",\"valueRequired\":true,\"valueName\":\"search_term_string\"}}],\"inLanguage\":\"fr-FR\"},{\"@type\":\"Organization\",\"@id\":\"https:\\\/\\\/www.echoppe-francaise.fr\\\/blog\\\/#organization\",\"name\":\"L'\u00e9choppe Fran\u00e7aise\",\"url\":\"https:\\\/\\\/www.echoppe-francaise.fr\\\/blog\\\/\",\"logo\":{\"@type\":\"ImageObject\",\"inLanguage\":\"fr-FR\",\"@id\":\"https:\\\/\\\/www.echoppe-francaise.fr\\\/blog\\\/#\\\/schema\\\/logo\\\/image\\\/\",\"url\":\"https:\\\/\\\/www.echoppe-francaise.fr\\\/blog\\\/wp-content\\\/uploads\\\/2017\\\/04\\\/echoppe-francaise-logo-1489412704.png\",\"contentUrl\":\"https:\\\/\\\/www.echoppe-francaise.fr\\\/blog\\\/wp-content\\\/uploads\\\/2017\\\/04\\\/echoppe-francaise-logo-1489412704.png\",\"width\":492,\"height\":270,\"caption\":\"L'\u00e9choppe Fran\u00e7aise\"},\"image\":{\"@id\":\"https:\\\/\\\/www.echoppe-francaise.fr\\\/blog\\\/#\\\/schema\\\/logo\\\/image\\\/\"}}]}<\/script>\n<!-- \/ Yoast SEO plugin. -->","yoast_head_json":{"title":"Comment Choisir le Lustre \u00e0 Mettre dans le Salon ?","description":"Voici quelques conseils pour choisir le lustre mettre dans le salon pour une ambiance agr\u00e9able et esth\u00e9tique chez vous.","robots":{"index":"index","follow":"follow","max-snippet":"max-snippet:-1","max-image-preview":"max-image-preview:large","max-video-preview":"max-video-preview:-1"},"canonical":"https:\/\/www.echoppe-francaise.fr\/blog\/quel-lustre-mettre-dans-le-salon\/","og_locale":"fr_FR","og_type":"article","og_title":"Comment Choisir le Lustre \u00e0 Mettre dans le Salon ?","og_description":"Voici quelques conseils pour choisir le lustre mettre dans le salon pour une ambiance agr\u00e9able et esth\u00e9tique chez vous.","og_url":"https:\/\/www.echoppe-francaise.fr\/blog\/quel-lustre-mettre-dans-le-salon\/","og_site_name":"\u00c9choppe Fran\u00e7aise, le Blog","article_modified_time":"2026-02-19T07:55:45+00:00","og_image":[{"url":"https:\/\/lh7-us.googleusercontent.com\/4Udln9eEqRRQ6KMUpy-XbeqXXMkVScGkrKGcvO4HBtI-WWnv5uOkSUdrFdaFPF7I-IuVE0yWtJIgQDjmxRy3XGX_nMW-_aCejFjFNRHGbORPk5FJ9G0QsdEDgmSMzwATVrufJL4m5_Mn","type":"","width":"","height":""}],"twitter_card":"summary_large_image","twitter_misc":{"Dur\u00e9e de lecture estim\u00e9e":"5 minutes"},"schema":{"@context":"https:\/\/schema.org","@graph":[{"@type":"WebPage","@id":"https:\/\/www.echoppe-francaise.fr\/blog\/quel-lustre-mettre-dans-le-salon\/","url":"https:\/\/www.echoppe-francaise.fr\/blog\/quel-lustre-mettre-dans-le-salon\/","name":"Comment Choisir le Lustre \u00e0 Mettre dans le Salon ?","isPartOf":{"@id":"https:\/\/www.echoppe-francaise.fr\/blog\/#website"},"primaryImageOfPage":{"@id":"https:\/\/www.echoppe-francaise.fr\/blog\/quel-lustre-mettre-dans-le-salon\/#primaryimage"},"image":{"@id":"https:\/\/www.echoppe-francaise.fr\/blog\/quel-lustre-mettre-dans-le-salon\/#primaryimage"},"thumbnailUrl":"https:\/\/lh7-us.googleusercontent.com\/4Udln9eEqRRQ6KMUpy-XbeqXXMkVScGkrKGcvO4HBtI-WWnv5uOkSUdrFdaFPF7I-IuVE0yWtJIgQDjmxRy3XGX_nMW-_aCejFjFNRHGbORPk5FJ9G0QsdEDgmSMzwATVrufJL4m5_Mn","datePublished":"2023-12-05T12:57:18+00:00","dateModified":"2026-02-19T07:55:45+00:00","description":"Voici quelques conseils pour choisir le lustre mettre dans le salon pour une ambiance agr\u00e9able et esth\u00e9tique chez vous.","breadcrumb":{"@id":"https:\/\/www.echoppe-francaise.fr\/blog\/quel-lustre-mettre-dans-le-salon\/#breadcrumb"},"inLanguage":"fr-FR","potentialAction":[{"@type":"ReadAction","target":["https:\/\/www.echoppe-francaise.fr\/blog\/quel-lustre-mettre-dans-le-salon\/"]}]},{"@type":"ImageObject","inLanguage":"fr-FR","@id":"https:\/\/www.echoppe-francaise.fr\/blog\/quel-lustre-mettre-dans-le-salon\/#primaryimage","url":"https:\/\/lh7-us.googleusercontent.com\/4Udln9eEqRRQ6KMUpy-XbeqXXMkVScGkrKGcvO4HBtI-WWnv5uOkSUdrFdaFPF7I-IuVE0yWtJIgQDjmxRy3XGX_nMW-_aCejFjFNRHGbORPk5FJ9G0QsdEDgmSMzwATVrufJL4m5_Mn","contentUrl":"https:\/\/lh7-us.googleusercontent.com\/4Udln9eEqRRQ6KMUpy-XbeqXXMkVScGkrKGcvO4HBtI-WWnv5uOkSUdrFdaFPF7I-IuVE0yWtJIgQDjmxRy3XGX_nMW-_aCejFjFNRHGbORPk5FJ9G0QsdEDgmSMzwATVrufJL4m5_Mn"},{"@type":"BreadcrumbList","@id":"https:\/\/www.echoppe-francaise.fr\/blog\/quel-lustre-mettre-dans-le-salon\/#breadcrumb","itemListElement":[{"@type":"ListItem","position":1,"name":"Accueil","item":"https:\/\/www.echoppe-francaise.fr\/blog\/"},{"@type":"ListItem","position":2,"name":"Comment choisir le bon luminaire pour votre int\u00e9rieur ?","item":"https:\/\/www.echoppe-francaise.fr\/blog\/comment-choisir-le-bon-luminaire\/"},{"@type":"ListItem","position":3,"name":"Quel \u00e9clairage pour quelle pi\u00e8ce\u00a0?","item":"https:\/\/www.echoppe-francaise.fr\/blog\/quel-eclairage-pour-quelle-piece\/"},{"@type":"ListItem","position":4,"name":"Quel lustre mettre dans le salon\u00a0?"}]},{"@type":"WebSite","@id":"https:\/\/www.echoppe-francaise.fr\/blog\/#website","url":"https:\/\/www.echoppe-francaise.fr\/blog\/","name":"\u00c9choppe Fran\u00e7aise, le Blog","description":"Le blog des Cr\u00e9atrices et Cr\u00e9ateurs fran\u00e7ais","publisher":{"@id":"https:\/\/www.echoppe-francaise.fr\/blog\/#organization"},"potentialAction":[{"@type":"SearchAction","target":{"@type":"EntryPoint","urlTemplate":"https:\/\/www.echoppe-francaise.fr\/blog\/?s={search_term_string}"},"query-input":{"@type":"PropertyValueSpecification","valueRequired":true,"valueName":"search_term_string"}}],"inLanguage":"fr-FR"},{"@type":"Organization","@id":"https:\/\/www.echoppe-francaise.fr\/blog\/#organization","name":"L'\u00e9choppe Fran\u00e7aise","url":"https:\/\/www.echoppe-francaise.fr\/blog\/","logo":{"@type":"ImageObject","inLanguage":"fr-FR","@id":"https:\/\/www.echoppe-francaise.fr\/blog\/#\/schema\/logo\/image\/","url":"https:\/\/www.echoppe-francaise.fr\/blog\/wp-content\/uploads\/2017\/04\/echoppe-francaise-logo-1489412704.png","contentUrl":"https:\/\/www.echoppe-francaise.fr\/blog\/wp-content\/uploads\/2017\/04\/echoppe-francaise-logo-1489412704.png","width":492,"height":270,"caption":"L'\u00e9choppe Fran\u00e7aise"},"image":{"@id":"https:\/\/www.echoppe-francaise.fr\/blog\/#\/schema\/logo\/image\/"}}]}},"_links":{"self":[{"href":"https:\/\/www.echoppe-francaise.fr\/blog\/wp-json\/wp\/v2\/pages\/1646","targetHints":{"allow":["GET"]}}],"collection":[{"href":"https:\/\/www.echoppe-francaise.fr\/blog\/wp-json\/wp\/v2\/pages"}],"about":[{"href":"https:\/\/www.echoppe-francaise.fr\/blog\/wp-json\/wp\/v2\/types\/page"}],"author":[{"embeddable":true,"href":"https:\/\/www.echoppe-francaise.fr\/blog\/wp-json\/wp\/v2\/users\/6"}],"replies":[{"embeddable":true,"href":"https:\/\/www.echoppe-francaise.fr\/blog\/wp-json\/wp\/v2\/comments?post=1646"}],"version-history":[{"count":7,"href":"https:\/\/www.echoppe-francaise.fr\/blog\/wp-json\/wp\/v2\/pages\/1646\/revisions"}],"predecessor-version":[{"id":2352,"href":"https:\/\/www.echoppe-francaise.fr\/blog\/wp-json\/wp\/v2\/pages\/1646\/revisions\/2352"}],"up":[{"embeddable":true,"href":"https:\/\/www.echoppe-francaise.fr\/blog\/wp-json\/wp\/v2\/pages\/1551"}],"wp:attachment":[{"href":"https:\/\/www.echoppe-francaise.fr\/blog\/wp-json\/wp\/v2\/media?parent=1646"}],"curies":[{"name":"wp","href":"https:\/\/api.w.org\/{rel}","templated":true}]}}