{"id":1644,"date":"2023-12-05T13:48:14","date_gmt":"2023-12-05T12:48:14","guid":{"rendered":"https:\/\/www.echoppe-francaise.fr\/blog\/?page_id=1644"},"modified":"2026-02-19T08:57:18","modified_gmt":"2026-02-19T07:57:18","slug":"quel-type-de-lumiere-pour-un-salon","status":"publish","type":"page","link":"https:\/\/www.echoppe-francaise.fr\/blog\/quel-type-de-lumiere-pour-un-salon\/","title":{"rendered":"Quel type de lumi\u00e8re pour un salon\u00a0?"},"content":{"rendered":"\n<figure class=\"wp-block-image\"><img decoding=\"async\" src=\"https:\/\/lh7-us.googleusercontent.com\/aCr2slGMuiQkjnhAeLDKyVk8xW4Y8PWr14j7XL4IGHeZeeGP6bQEFuWkaglwDQRIhieKhYLoAaunbjnr6F5H22G6hqhOE9XlCKczLc2OmVZaeCS_LxC0TirW0P1V90xEQ37E4SpXzS1s\" alt=\"Un salon blanc \u00e9clair\u00e9 par un plafonnier led tendance\"\/><\/figure>\n\n\n\n<p class=\"wp-block-paragraph\">Il reste \u00e0 parfaire la d\u00e9coration de votre salon. Pour cela, vous aurez besoin du <strong>luminaire<\/strong> id\u00e9al. Le design n\u2019est pas le seul d\u00e9tail \u00e0 prendre en compte. Faites aussi attention \u00e0 la puissance et \u00e0 l\u2019intensit\u00e9. Et, vous devez vous adapter \u00e0 la d\u00e9co et \u00e0 la superficie de la pi\u00e8ce. Voici nos conseils pour vous aider.&nbsp;<\/p>\n\n\n\n<h2 class=\"wp-block-heading\">Les diff\u00e9rents types de luminaire \u00e0 utiliser dans un salon<\/h2>\n\n\n\n<figure class=\"wp-block-image\"><img decoding=\"async\" src=\"https:\/\/lh7-us.googleusercontent.com\/LdoHYMlYL-AwC97z5kQLrC6nN2qoPsffES5vy2y3xPR2iaaAAsyEmCwQspK-z0PccWlVA_55NcEB7anVOYeAwwVXel-xtDvE53SZtkqm46NfGmRqH_YnhJ0mWSRhUmKFKty1Ph6lrAVe\" alt=\"Un salon blanc avec un plafonnier led \u00e0 ampoules rondes et des lampadaires d'int\u00e9rieur.\"\/><\/figure>\n\n\n\n<p class=\"wp-block-paragraph\">Pour commencer, identifier les <strong>diff\u00e9rents luminaires<\/strong> \u00e0 utiliser dans un salon. Voici les options&nbsp;:&nbsp;<\/p>\n\n\n\n<ul class=\"wp-block-list\">\n<li>Le <strong><a href=\"https:\/\/www.echoppe-francaise.fr\/lampes-et-luminaires-elegants\" target=\"_blank\" rel=\"noreferrer noopener\">luminaire \u00e0 suspension<\/a><\/strong>&nbsp;: des mod\u00e8les tendance des artisans fran\u00e7ais sur l\u2019\u00c9choppe en ligne.&nbsp;<\/li>\n\n\n\n<li>Les lustres&nbsp;: id\u00e9al pour une d\u00e9co vintage chic.<\/li>\n\n\n\n<li>Les plafonniers pour ne pas occuper trop d\u2019espace.&nbsp;&nbsp;<\/li>\n\n\n\n<li>Les lampadaires d\u2019int\u00e9rieur pour \u00e9clairer l\u2019espace au centre du salon ou au-dessus du canap\u00e9.&nbsp;<\/li>\n\n\n\n<li>Les lampes de table&nbsp;: plus classiques et \u00e9l\u00e9gantes<\/li>\n\n\n\n<li>Les spots incrust\u00e9s&nbsp;: parfait pour un peu plus de modernit\u00e9.&nbsp;<\/li>\n\n\n\n<li>Les <strong>appliques en bois<\/strong> en forme de fleur fabriqu\u00e9es en France pour habiller les murs.&nbsp;<\/li>\n<\/ul>\n\n\n\n<h2 class=\"wp-block-heading\">Quelle puissance pour un bon \u00e9clairage dans le salon&nbsp;?&nbsp;<\/h2>\n\n\n\n<p class=\"wp-block-paragraph\">Faites attention \u00e0 <strong>la puissance<\/strong> de votre \u00e9clairage de salon. Comptez 100 \u00e0 400 lumens par m2. Dans 20 m2, vous aurez besoin de 2 000 \u00e0 8 000 lumens.&nbsp;<\/p>\n\n\n\n<p class=\"wp-block-paragraph\">Choisissez aussi la bonne couleur. Pour ce faire, jouez avec l\u2019intensit\u00e9 des luminaires. Comptez jusqu\u2019\u00e0 <strong>5 000 k<\/strong> en moyenne. Les luminaires de salon commencent \u00e0 <strong>3 000 k<\/strong>. La couleur de l\u2019\u00e9clairage passera du jaune dor\u00e9 \u00e0 du bleu. Pour les professionnels&nbsp;: du blanc chaud \u00e0 du blanc moderne. Vous avez aussi le blanc neutre.&nbsp;<\/p>\n\n\n\n<p class=\"wp-block-paragraph\">Trouvez d\u2019autres d\u00e9tails sur le choix de votre luminaire dans notre article : <a href=\"https:\/\/www.echoppe-francaise.fr\/blog\/quel-eclairage-pour-quelle-piece\/\" target=\"_blank\" rel=\"noreferrer noopener\">Quel \u00e9clairage pour quelle pi\u00e8ce ? <\/a><\/p>\n\n\n\n<h2 class=\"wp-block-heading\">Pourquoi pas un \u00e9clairage g\u00e9n\u00e9ral&nbsp;?&nbsp;<\/h2>\n\n\n\n<figure class=\"wp-block-image\"><img decoding=\"async\" src=\"https:\/\/lh7-us.googleusercontent.com\/-6TfII4OXsbV5sFDKqQ9c8EQrP9vc-ASuYIT5YCwhcbJ1lVgMS3If2C8mYfy0q2Kl-qck6vLQbwNBZqotzC_2DK2nkngCS5KAp2S1Sm0ZyY1ybQ_HEoLG1oRuQDLui6_IYICZegVKyrA\" alt=\"Un salon d'appartement \u00e9clair\u00e9 par des appliques, des lampadaires leds, des lampes de chevet et des plafonniers.\"\/><\/figure>\n\n\n\n<p class=\"wp-block-paragraph\">L\u2019<strong>\u00e9clairage g\u00e9n\u00e9ral <\/strong>est une valeur s\u00fbre pour la d\u00e9co de salon. Utilisez un syst\u00e8me d\u2019\u00e9clairage unique dans la pi\u00e8ce. Par exemple&nbsp;:&nbsp;<\/p>\n\n\n\n<ul class=\"wp-block-list\">\n<li>Un lustre<\/li>\n\n\n\n<li>Un <strong>luminaire \u00e0 suspension<\/strong><\/li>\n\n\n\n<li>Un plafonnier<\/li>\n<\/ul>\n\n\n\n<p class=\"wp-block-paragraph\">Il sera rattach\u00e9 \u00e0 un <strong>branchement central<\/strong>. Il suffit d\u2019actionner l\u2019interrupteur. Vous profiterez de l\u2019\u00e9clairage dans toute la pi\u00e8ce.&nbsp;<\/p>\n\n\n\n<p class=\"wp-block-paragraph\">Voici les conseils pour ce genre de syst\u00e8me d\u2019\u00e9clairage&nbsp;:&nbsp;<\/p>\n\n\n\n<ul class=\"wp-block-list\">\n<li>Une couleur <strong>blanche neutre minimum<\/strong> pour la fonctionnalit\u00e9 de la pi\u00e8ce.&nbsp;<\/li>\n\n\n\n<li>Adaptez la taille \u00e0 la superficie disponible dans l\u2019espace.&nbsp;<\/li>\n\n\n\n<li>Choisissez le bon style. Le luminaire doit se fondre dans la masse.&nbsp;<\/li>\n<\/ul>\n\n\n\n<p class=\"wp-block-paragraph\">Il y a des techniques pour mesurer la <strong>taille de votre luminaire<\/strong>. Vous avez 15 m\u00b2 \u00e0 \u00e9clairer&nbsp;? Choisissez un accessoire de 40 \u00e0 45 cm. Pour 20 m\u00b2, ce sera de 45 \u00e0 50 cm. Et ainsi de suite. Ne surchargez pas la pi\u00e8ce. Exit les suspensions si vous avez une petite hauteur sous plafond. Pr\u00e9f\u00e9rez les plafonniers.<\/p>\n\n\n\n<h2 class=\"wp-block-heading\">Quels sont les avantages de l\u2019\u00e9clairage d\u2019ambiance dans le salon&nbsp;?&nbsp;<\/h2>\n\n\n\n<figure class=\"wp-block-image\"><img decoding=\"async\" src=\"https:\/\/lh7-us.googleusercontent.com\/UbppVunEeGZT4bKFhlPGTgyBJoaxNwQiQyMq0FvJu3Zbw_HbTBM6ydwEXdwptv1OgzppJH8foMn1z7_5H3nUKVoQb1r0913J_H11cANxsVX8m5uIKbH_iwGCAdt0YdGwwP7oDVPmoxYK\" alt=\"Un salon convivial avec une suspension led et une lampe de chevet. \"\/><\/figure>\n\n\n\n<p class=\"wp-block-paragraph\">Mais, la majorit\u00e9 des salons embarque un \u00e9clairage d\u2019ambiance. C\u2019est plus cosy. Voici comment le r\u00e9ussir&nbsp;:&nbsp;<\/p>\n\n\n\n<ul class=\"wp-block-list\">\n<li>Choisissez les bons <strong>accessoires d\u2019\u00e9clairages&nbsp;<\/strong>: Spots, lampadaires ou appliques<\/li>\n\n\n\n<li>\u00c9clairez les zones strat\u00e9giques de votre salon&nbsp;: zone de passage, le canap\u00e9, les coins lectures, etc.&nbsp;<\/li>\n\n\n\n<li>Utilisez une lumi\u00e8re <strong>blanc chaud <\/strong>ou jaune.&nbsp;<\/li>\n<\/ul>\n\n\n\n<p class=\"wp-block-paragraph\">Utilisez plusieurs sources de lumi\u00e8re. Votre salon sera toujours fonctionnel. Mais, vous \u00e9conomisez de l\u2019\u00e9lectricit\u00e9. Vous n\u2019avez pas besoin de luminaire trop intense. C\u2019est aussi moderne. Vous mettrez mieux en valeur l\u2019espace et la d\u00e9co.<\/p>\n\n\n\n<p class=\"wp-block-paragraph\">Trouvez d&rsquo;autres conseils pour le choix de votre \u00e9clairage sur nos articles : <\/p>\n\n\n\n<ul class=\"wp-block-list\">\n<li><a href=\"https:\/\/www.echoppe-francaise.fr\/blog\/quelle-temperature-de-couleur-pour-salle-a-manger\/\" target=\"_blank\" rel=\"noreferrer noopener\">Quelle temp\u00e9rature de couleur pour salle \u00e0 manger&nbsp;?<\/a><\/li>\n\n\n\n<li><a href=\"https:\/\/www.echoppe-francaise.fr\/blog\/quel-luminaire-au-dessus-du-canape\/\" target=\"_blank\" rel=\"noreferrer noopener\">Quel luminaire au-dessus du canap\u00e9&nbsp;?<\/a><\/li>\n\n\n\n<li><a href=\"https:\/\/www.echoppe-francaise.fr\/blog\/quel-lustre-mettre-dans-le-salon\/\" target=\"_blank\" rel=\"noreferrer noopener\">Quel lustre mettre dans le salon&nbsp;?<\/a><\/li>\n\n\n\n<li><a href=\"https:\/\/www.echoppe-francaise.fr\/blog\/quelle-puissance-de-led-pour-les-lampes-de-mon-salon\/\" target=\"_blank\" rel=\"noreferrer noopener\">Quelle puissance de LED pour le salon\u00a0?<\/a><\/li>\n\n\n\n<li><a href=\"https:\/\/www.echoppe-francaise.fr\/blog\/quel-type-de-lumiere-pour-une-chambre\/\" target=\"_blank\" rel=\"noreferrer noopener\">Quel type de lumi\u00e8re pour une chambre&nbsp;?<\/a><\/li>\n\n\n\n<li><a href=\"https:\/\/www.echoppe-francaise.fr\/blog\/quelle-lumiere-pour-une-salle-de-bains\/\" target=\"_blank\" rel=\"noreferrer noopener\">Quelle lumi\u00e8re pour une salle de bains&nbsp;?<\/a><\/li>\n\n\n\n<li><a href=\"https:\/\/www.echoppe-francaise.fr\/blog\/quelle-temperature-pour-votre-eclairage-de-salle-de-bain\/\" target=\"_blank\" rel=\"noreferrer noopener\">Quelle temp\u00e9rature pour l\u2019\u00e9clairage de la salle de bain&nbsp;?<\/a><\/li>\n\n\n\n<li><a href=\"https:\/\/www.echoppe-francaise.fr\/blog\/comment-bien-eclairer-son-salon\/\" target=\"_blank\" rel=\"noreferrer noopener\">Comment bien \u00e9clairer son salon&nbsp;?<\/a><\/li>\n\n\n\n<li><a href=\"https:\/\/www.echoppe-francaise.fr\/blog\/comment-choisir-votre-luminaire-pour-une-grande-piece\/\" target=\"_blank\" rel=\"noreferrer noopener\">Comment choisir votre luminaire pour une grande pi\u00e8ce&nbsp;?<\/a><\/li>\n<\/ul>\n","protected":false},"excerpt":{"rendered":"<p>Il reste \u00e0 parfaire la d\u00e9coration de votre salon. Pour cela, vous aurez besoin du luminaire id\u00e9al. Le design n\u2019est pas le seul d\u00e9tail \u00e0 prendre en compte. Faites aussi attention \u00e0 la puissance et \u00e0 l\u2019intensit\u00e9. Et, vous devez vous adapter \u00e0 la d\u00e9co et \u00e0 la superficie de la pi\u00e8ce. Voici nos conseils&hellip;&nbsp;<\/p>\n","protected":false},"author":6,"featured_media":0,"parent":1551,"menu_order":0,"comment_status":"closed","ping_status":"closed","template":"","meta":{"_crdt_document":"","neve_meta_sidebar":"","neve_meta_container":"","neve_meta_enable_content_width":"","neve_meta_content_width":0,"neve_meta_title_alignment":"","neve_meta_author_avatar":"","neve_post_elements_order":"","neve_meta_disable_header":"","neve_meta_disable_footer":"","neve_meta_disable_title":"","footnotes":""},"class_list":["post-1644","page","type-page","status-publish","hentry"],"yoast_head":"<!-- This site is optimized with the Yoast SEO plugin v27.5 - https:\/\/yoast.com\/product\/yoast-seo-wordpress\/ -->\n<title>Comment choisir le type de luminaire pour un salon ?<\/title>\n<meta name=\"description\" content=\"Trouvez des conseils pour choisir le bon luminaire pour un salon dans notre article pour une meilleure ambiance chez vous.\" \/>\n<meta name=\"robots\" content=\"index, follow, max-snippet:-1, max-image-preview:large, max-video-preview:-1\" \/>\n<link rel=\"canonical\" href=\"https:\/\/www.echoppe-francaise.fr\/blog\/quel-type-de-lumiere-pour-un-salon\/\" \/>\n<meta property=\"og:locale\" content=\"fr_FR\" \/>\n<meta property=\"og:type\" content=\"article\" \/>\n<meta property=\"og:title\" content=\"Comment choisir le type de luminaire pour un salon ?\" \/>\n<meta property=\"og:description\" content=\"Trouvez des conseils pour choisir le bon luminaire pour un salon dans notre article pour une meilleure ambiance chez vous.\" \/>\n<meta property=\"og:url\" content=\"https:\/\/www.echoppe-francaise.fr\/blog\/quel-type-de-lumiere-pour-un-salon\/\" \/>\n<meta property=\"og:site_name\" content=\"\u00c9choppe Fran\u00e7aise, le Blog\" \/>\n<meta property=\"article:modified_time\" content=\"2026-02-19T07:57:18+00:00\" \/>\n<meta property=\"og:image\" content=\"https:\/\/lh7-us.googleusercontent.com\/aCr2slGMuiQkjnhAeLDKyVk8xW4Y8PWr14j7XL4IGHeZeeGP6bQEFuWkaglwDQRIhieKhYLoAaunbjnr6F5H22G6hqhOE9XlCKczLc2OmVZaeCS_LxC0TirW0P1V90xEQ37E4SpXzS1s\" \/>\n<meta name=\"twitter:card\" content=\"summary_large_image\" \/>\n<meta name=\"twitter:label1\" content=\"Dur\u00e9e de lecture estim\u00e9e\" \/>\n\t<meta name=\"twitter:data1\" content=\"4 minutes\" \/>\n<script type=\"application\/ld+json\" class=\"yoast-schema-graph\">{\"@context\":\"https:\\\/\\\/schema.org\",\"@graph\":[{\"@type\":\"WebPage\",\"@id\":\"https:\\\/\\\/www.echoppe-francaise.fr\\\/blog\\\/quel-type-de-lumiere-pour-un-salon\\\/\",\"url\":\"https:\\\/\\\/www.echoppe-francaise.fr\\\/blog\\\/quel-type-de-lumiere-pour-un-salon\\\/\",\"name\":\"Comment choisir le type de luminaire pour un salon ?\",\"isPartOf\":{\"@id\":\"https:\\\/\\\/www.echoppe-francaise.fr\\\/blog\\\/#website\"},\"primaryImageOfPage\":{\"@id\":\"https:\\\/\\\/www.echoppe-francaise.fr\\\/blog\\\/quel-type-de-lumiere-pour-un-salon\\\/#primaryimage\"},\"image\":{\"@id\":\"https:\\\/\\\/www.echoppe-francaise.fr\\\/blog\\\/quel-type-de-lumiere-pour-un-salon\\\/#primaryimage\"},\"thumbnailUrl\":\"https:\\\/\\\/lh7-us.googleusercontent.com\\\/aCr2slGMuiQkjnhAeLDKyVk8xW4Y8PWr14j7XL4IGHeZeeGP6bQEFuWkaglwDQRIhieKhYLoAaunbjnr6F5H22G6hqhOE9XlCKczLc2OmVZaeCS_LxC0TirW0P1V90xEQ37E4SpXzS1s\",\"datePublished\":\"2023-12-05T12:48:14+00:00\",\"dateModified\":\"2026-02-19T07:57:18+00:00\",\"description\":\"Trouvez des conseils pour choisir le bon luminaire pour un salon dans notre article pour une meilleure ambiance chez vous.\",\"breadcrumb\":{\"@id\":\"https:\\\/\\\/www.echoppe-francaise.fr\\\/blog\\\/quel-type-de-lumiere-pour-un-salon\\\/#breadcrumb\"},\"inLanguage\":\"fr-FR\",\"potentialAction\":[{\"@type\":\"ReadAction\",\"target\":[\"https:\\\/\\\/www.echoppe-francaise.fr\\\/blog\\\/quel-type-de-lumiere-pour-un-salon\\\/\"]}]},{\"@type\":\"ImageObject\",\"inLanguage\":\"fr-FR\",\"@id\":\"https:\\\/\\\/www.echoppe-francaise.fr\\\/blog\\\/quel-type-de-lumiere-pour-un-salon\\\/#primaryimage\",\"url\":\"https:\\\/\\\/lh7-us.googleusercontent.com\\\/aCr2slGMuiQkjnhAeLDKyVk8xW4Y8PWr14j7XL4IGHeZeeGP6bQEFuWkaglwDQRIhieKhYLoAaunbjnr6F5H22G6hqhOE9XlCKczLc2OmVZaeCS_LxC0TirW0P1V90xEQ37E4SpXzS1s\",\"contentUrl\":\"https:\\\/\\\/lh7-us.googleusercontent.com\\\/aCr2slGMuiQkjnhAeLDKyVk8xW4Y8PWr14j7XL4IGHeZeeGP6bQEFuWkaglwDQRIhieKhYLoAaunbjnr6F5H22G6hqhOE9XlCKczLc2OmVZaeCS_LxC0TirW0P1V90xEQ37E4SpXzS1s\"},{\"@type\":\"BreadcrumbList\",\"@id\":\"https:\\\/\\\/www.echoppe-francaise.fr\\\/blog\\\/quel-type-de-lumiere-pour-un-salon\\\/#breadcrumb\",\"itemListElement\":[{\"@type\":\"ListItem\",\"position\":1,\"name\":\"Accueil\",\"item\":\"https:\\\/\\\/www.echoppe-francaise.fr\\\/blog\\\/\"},{\"@type\":\"ListItem\",\"position\":2,\"name\":\"Comment choisir le bon luminaire pour votre int\u00e9rieur ?\",\"item\":\"https:\\\/\\\/www.echoppe-francaise.fr\\\/blog\\\/comment-choisir-le-bon-luminaire\\\/\"},{\"@type\":\"ListItem\",\"position\":3,\"name\":\"Quel \u00e9clairage pour quelle pi\u00e8ce\u00a0?\",\"item\":\"https:\\\/\\\/www.echoppe-francaise.fr\\\/blog\\\/quel-eclairage-pour-quelle-piece\\\/\"},{\"@type\":\"ListItem\",\"position\":4,\"name\":\"Quel type de lumi\u00e8re pour un salon\u00a0?\"}]},{\"@type\":\"WebSite\",\"@id\":\"https:\\\/\\\/www.echoppe-francaise.fr\\\/blog\\\/#website\",\"url\":\"https:\\\/\\\/www.echoppe-francaise.fr\\\/blog\\\/\",\"name\":\"\u00c9choppe Fran\u00e7aise, le Blog\",\"description\":\"Le blog des Cr\u00e9atrices et Cr\u00e9ateurs fran\u00e7ais\",\"publisher\":{\"@id\":\"https:\\\/\\\/www.echoppe-francaise.fr\\\/blog\\\/#organization\"},\"potentialAction\":[{\"@type\":\"SearchAction\",\"target\":{\"@type\":\"EntryPoint\",\"urlTemplate\":\"https:\\\/\\\/www.echoppe-francaise.fr\\\/blog\\\/?s={search_term_string}\"},\"query-input\":{\"@type\":\"PropertyValueSpecification\",\"valueRequired\":true,\"valueName\":\"search_term_string\"}}],\"inLanguage\":\"fr-FR\"},{\"@type\":\"Organization\",\"@id\":\"https:\\\/\\\/www.echoppe-francaise.fr\\\/blog\\\/#organization\",\"name\":\"L'\u00e9choppe Fran\u00e7aise\",\"url\":\"https:\\\/\\\/www.echoppe-francaise.fr\\\/blog\\\/\",\"logo\":{\"@type\":\"ImageObject\",\"inLanguage\":\"fr-FR\",\"@id\":\"https:\\\/\\\/www.echoppe-francaise.fr\\\/blog\\\/#\\\/schema\\\/logo\\\/image\\\/\",\"url\":\"https:\\\/\\\/www.echoppe-francaise.fr\\\/blog\\\/wp-content\\\/uploads\\\/2017\\\/04\\\/echoppe-francaise-logo-1489412704.png\",\"contentUrl\":\"https:\\\/\\\/www.echoppe-francaise.fr\\\/blog\\\/wp-content\\\/uploads\\\/2017\\\/04\\\/echoppe-francaise-logo-1489412704.png\",\"width\":492,\"height\":270,\"caption\":\"L'\u00e9choppe Fran\u00e7aise\"},\"image\":{\"@id\":\"https:\\\/\\\/www.echoppe-francaise.fr\\\/blog\\\/#\\\/schema\\\/logo\\\/image\\\/\"}}]}<\/script>\n<!-- \/ Yoast SEO plugin. -->","yoast_head_json":{"title":"Comment choisir le type de luminaire pour un salon ?","description":"Trouvez des conseils pour choisir le bon luminaire pour un salon dans notre article pour une meilleure ambiance chez vous.","robots":{"index":"index","follow":"follow","max-snippet":"max-snippet:-1","max-image-preview":"max-image-preview:large","max-video-preview":"max-video-preview:-1"},"canonical":"https:\/\/www.echoppe-francaise.fr\/blog\/quel-type-de-lumiere-pour-un-salon\/","og_locale":"fr_FR","og_type":"article","og_title":"Comment choisir le type de luminaire pour un salon ?","og_description":"Trouvez des conseils pour choisir le bon luminaire pour un salon dans notre article pour une meilleure ambiance chez vous.","og_url":"https:\/\/www.echoppe-francaise.fr\/blog\/quel-type-de-lumiere-pour-un-salon\/","og_site_name":"\u00c9choppe Fran\u00e7aise, le Blog","article_modified_time":"2026-02-19T07:57:18+00:00","og_image":[{"url":"https:\/\/lh7-us.googleusercontent.com\/aCr2slGMuiQkjnhAeLDKyVk8xW4Y8PWr14j7XL4IGHeZeeGP6bQEFuWkaglwDQRIhieKhYLoAaunbjnr6F5H22G6hqhOE9XlCKczLc2OmVZaeCS_LxC0TirW0P1V90xEQ37E4SpXzS1s","type":"","width":"","height":""}],"twitter_card":"summary_large_image","twitter_misc":{"Dur\u00e9e de lecture estim\u00e9e":"4 minutes"},"schema":{"@context":"https:\/\/schema.org","@graph":[{"@type":"WebPage","@id":"https:\/\/www.echoppe-francaise.fr\/blog\/quel-type-de-lumiere-pour-un-salon\/","url":"https:\/\/www.echoppe-francaise.fr\/blog\/quel-type-de-lumiere-pour-un-salon\/","name":"Comment choisir le type de luminaire pour un salon ?","isPartOf":{"@id":"https:\/\/www.echoppe-francaise.fr\/blog\/#website"},"primaryImageOfPage":{"@id":"https:\/\/www.echoppe-francaise.fr\/blog\/quel-type-de-lumiere-pour-un-salon\/#primaryimage"},"image":{"@id":"https:\/\/www.echoppe-francaise.fr\/blog\/quel-type-de-lumiere-pour-un-salon\/#primaryimage"},"thumbnailUrl":"https:\/\/lh7-us.googleusercontent.com\/aCr2slGMuiQkjnhAeLDKyVk8xW4Y8PWr14j7XL4IGHeZeeGP6bQEFuWkaglwDQRIhieKhYLoAaunbjnr6F5H22G6hqhOE9XlCKczLc2OmVZaeCS_LxC0TirW0P1V90xEQ37E4SpXzS1s","datePublished":"2023-12-05T12:48:14+00:00","dateModified":"2026-02-19T07:57:18+00:00","description":"Trouvez des conseils pour choisir le bon luminaire pour un salon dans notre article pour une meilleure ambiance chez vous.","breadcrumb":{"@id":"https:\/\/www.echoppe-francaise.fr\/blog\/quel-type-de-lumiere-pour-un-salon\/#breadcrumb"},"inLanguage":"fr-FR","potentialAction":[{"@type":"ReadAction","target":["https:\/\/www.echoppe-francaise.fr\/blog\/quel-type-de-lumiere-pour-un-salon\/"]}]},{"@type":"ImageObject","inLanguage":"fr-FR","@id":"https:\/\/www.echoppe-francaise.fr\/blog\/quel-type-de-lumiere-pour-un-salon\/#primaryimage","url":"https:\/\/lh7-us.googleusercontent.com\/aCr2slGMuiQkjnhAeLDKyVk8xW4Y8PWr14j7XL4IGHeZeeGP6bQEFuWkaglwDQRIhieKhYLoAaunbjnr6F5H22G6hqhOE9XlCKczLc2OmVZaeCS_LxC0TirW0P1V90xEQ37E4SpXzS1s","contentUrl":"https:\/\/lh7-us.googleusercontent.com\/aCr2slGMuiQkjnhAeLDKyVk8xW4Y8PWr14j7XL4IGHeZeeGP6bQEFuWkaglwDQRIhieKhYLoAaunbjnr6F5H22G6hqhOE9XlCKczLc2OmVZaeCS_LxC0TirW0P1V90xEQ37E4SpXzS1s"},{"@type":"BreadcrumbList","@id":"https:\/\/www.echoppe-francaise.fr\/blog\/quel-type-de-lumiere-pour-un-salon\/#breadcrumb","itemListElement":[{"@type":"ListItem","position":1,"name":"Accueil","item":"https:\/\/www.echoppe-francaise.fr\/blog\/"},{"@type":"ListItem","position":2,"name":"Comment choisir le bon luminaire pour votre int\u00e9rieur ?","item":"https:\/\/www.echoppe-francaise.fr\/blog\/comment-choisir-le-bon-luminaire\/"},{"@type":"ListItem","position":3,"name":"Quel \u00e9clairage pour quelle pi\u00e8ce\u00a0?","item":"https:\/\/www.echoppe-francaise.fr\/blog\/quel-eclairage-pour-quelle-piece\/"},{"@type":"ListItem","position":4,"name":"Quel type de lumi\u00e8re pour un salon\u00a0?"}]},{"@type":"WebSite","@id":"https:\/\/www.echoppe-francaise.fr\/blog\/#website","url":"https:\/\/www.echoppe-francaise.fr\/blog\/","name":"\u00c9choppe Fran\u00e7aise, le Blog","description":"Le blog des Cr\u00e9atrices et Cr\u00e9ateurs fran\u00e7ais","publisher":{"@id":"https:\/\/www.echoppe-francaise.fr\/blog\/#organization"},"potentialAction":[{"@type":"SearchAction","target":{"@type":"EntryPoint","urlTemplate":"https:\/\/www.echoppe-francaise.fr\/blog\/?s={search_term_string}"},"query-input":{"@type":"PropertyValueSpecification","valueRequired":true,"valueName":"search_term_string"}}],"inLanguage":"fr-FR"},{"@type":"Organization","@id":"https:\/\/www.echoppe-francaise.fr\/blog\/#organization","name":"L'\u00e9choppe Fran\u00e7aise","url":"https:\/\/www.echoppe-francaise.fr\/blog\/","logo":{"@type":"ImageObject","inLanguage":"fr-FR","@id":"https:\/\/www.echoppe-francaise.fr\/blog\/#\/schema\/logo\/image\/","url":"https:\/\/www.echoppe-francaise.fr\/blog\/wp-content\/uploads\/2017\/04\/echoppe-francaise-logo-1489412704.png","contentUrl":"https:\/\/www.echoppe-francaise.fr\/blog\/wp-content\/uploads\/2017\/04\/echoppe-francaise-logo-1489412704.png","width":492,"height":270,"caption":"L'\u00e9choppe Fran\u00e7aise"},"image":{"@id":"https:\/\/www.echoppe-francaise.fr\/blog\/#\/schema\/logo\/image\/"}}]}},"_links":{"self":[{"href":"https:\/\/www.echoppe-francaise.fr\/blog\/wp-json\/wp\/v2\/pages\/1644","targetHints":{"allow":["GET"]}}],"collection":[{"href":"https:\/\/www.echoppe-francaise.fr\/blog\/wp-json\/wp\/v2\/pages"}],"about":[{"href":"https:\/\/www.echoppe-francaise.fr\/blog\/wp-json\/wp\/v2\/types\/page"}],"author":[{"embeddable":true,"href":"https:\/\/www.echoppe-francaise.fr\/blog\/wp-json\/wp\/v2\/users\/6"}],"replies":[{"embeddable":true,"href":"https:\/\/www.echoppe-francaise.fr\/blog\/wp-json\/wp\/v2\/comments?post=1644"}],"version-history":[{"count":7,"href":"https:\/\/www.echoppe-francaise.fr\/blog\/wp-json\/wp\/v2\/pages\/1644\/revisions"}],"predecessor-version":[{"id":2356,"href":"https:\/\/www.echoppe-francaise.fr\/blog\/wp-json\/wp\/v2\/pages\/1644\/revisions\/2356"}],"up":[{"embeddable":true,"href":"https:\/\/www.echoppe-francaise.fr\/blog\/wp-json\/wp\/v2\/pages\/1551"}],"wp:attachment":[{"href":"https:\/\/www.echoppe-francaise.fr\/blog\/wp-json\/wp\/v2\/media?parent=1644"}],"curies":[{"name":"wp","href":"https:\/\/api.w.org\/{rel}","templated":true}]}}