{"id":1563,"date":"2023-12-01T13:06:58","date_gmt":"2023-12-01T12:06:58","guid":{"rendered":"https:\/\/www.echoppe-francaise.fr\/blog\/?page_id=1563"},"modified":"2023-12-06T11:10:01","modified_gmt":"2023-12-06T10:10:01","slug":"quelle-est-la-couleur-ideale-pour-un-luminaire-de-salon","status":"publish","type":"page","link":"https:\/\/www.echoppe-francaise.fr\/blog\/quelle-est-la-couleur-ideale-pour-un-luminaire-de-salon\/","title":{"rendered":"Quelle est la couleur id\u00e9ale pour un luminaire de salon\u00a0?"},"content":{"rendered":"\n<figure class=\"wp-block-image size-large\"><img loading=\"lazy\" decoding=\"async\" width=\"1024\" height=\"1024\" src=\"https:\/\/www.echoppe-francaise.fr\/blog\/wp-content\/uploads\/2023\/11\/Quelle-est-la-couleur-ideale-pour-un-luminaire-de-salon-1024x1024.jpg\" alt=\"Un salon avec une suspension en led en forme de globe de couleur jaune.\" class=\"wp-image-1564\" srcset=\"https:\/\/www.echoppe-francaise.fr\/blog\/wp-content\/uploads\/2023\/11\/Quelle-est-la-couleur-ideale-pour-un-luminaire-de-salon.jpg 1024w, https:\/\/www.echoppe-francaise.fr\/blog\/wp-content\/uploads\/2023\/11\/Quelle-est-la-couleur-ideale-pour-un-luminaire-de-salon-300x300.jpg 300w, https:\/\/www.echoppe-francaise.fr\/blog\/wp-content\/uploads\/2023\/11\/Quelle-est-la-couleur-ideale-pour-un-luminaire-de-salon-150x150.jpg 150w, https:\/\/www.echoppe-francaise.fr\/blog\/wp-content\/uploads\/2023\/11\/Quelle-est-la-couleur-ideale-pour-un-luminaire-de-salon-768x768.jpg 768w\" sizes=\"auto, (max-width: 1024px) 100vw, 1024px\" \/><\/figure>\n\n\n\n<h1 class=\"wp-block-heading\">&nbsp;<\/h1>\n\n\n\n<p class=\"wp-block-paragraph\">Le <strong>choix du luminaire<\/strong> de votre salon impacte son confort et sa fonctionnalit\u00e9. Faites attention \u00e0 la couleur du Led, sa puissance et son intensit\u00e9. Inspirez-vous de l\u2019ambiance g\u00e9n\u00e9rale de la pi\u00e8ce. Voici nos recommandations.&nbsp;<\/p>\n\n\n\n<h2 class=\"wp-block-heading\">Les diff\u00e9rentes couleurs de luminaires pour l\u2019am\u00e9nagement du salon&nbsp;<\/h2>\n\n\n\n<figure class=\"wp-block-image\"><img decoding=\"async\" src=\"https:\/\/lh7-us.googleusercontent.com\/clpTSHVIKGjzBcUAdmadgqZkEdgVljaT5E1Lyr_Br8mVcbf2lQVhcQTI2Bzxdihv1xWed-rt3onH2zSTPHJDzjDfrtnkWV7348o3aCy35nijWKf0oh8XaUut5a3MVEU8Tv98fZ5M4ZJn\" alt=\"Un lustre en verre chic et vintage dans un salon.\"\/><\/figure>\n\n\n\n<p class=\"wp-block-paragraph\">Vous avez le choix pour le syst\u00e8me d\u2019\u00e9clairage de votre salon&nbsp;:&nbsp;<\/p>\n\n\n\n<ul class=\"wp-block-list\">\n<li>Une <strong>lumi\u00e8re naturelle jaune&nbsp;<\/strong>est \u00e9gale \u00e0 une ambiance conviviale.&nbsp;<\/li>\n\n\n\n<li>Une <strong>lumi\u00e8re blanche neutre<\/strong> pour un salon fonctionnel et pratique.&nbsp;<\/li>\n\n\n\n<li>Une <strong>lumi\u00e8re bleue<\/strong> pour un am\u00e9nagement moderne.&nbsp;<\/li>\n<\/ul>\n\n\n\n<p class=\"wp-block-paragraph\">Dans le premier cas, envisagez une puissance de <strong>200 lumens par m2<\/strong>. Allez jusqu\u2019\u00e0 400 lumens par m2 dans le second cas. Dans le troisi\u00e8me cas, comptez 500 \u00e0 700 lumens par m2.&nbsp;<\/p>\n\n\n\n<p class=\"wp-block-paragraph\">Adaptez \u00e9galement la couleur de votre luminaire \u00e0 celle de vos murs&nbsp;:&nbsp;<\/p>\n\n\n\n<ul class=\"wp-block-list\">\n<li>Un ton naturel sur un mur de couleur blanche ou claire.&nbsp;<\/li>\n\n\n\n<li>Une lumi\u00e8re neutre ou l\u00e9g\u00e8rement bleut\u00e9e si vous avez d\u00e9j\u00e0 une couleur vive dans l\u2019espace.&nbsp;<\/li>\n<\/ul>\n\n\n\n<p class=\"wp-block-paragraph\">Trouvez la bonne ambiance dans votre salon gr\u00e2ce \u00e0 notre article : <a href=\"https:\/\/www.echoppe-francaise.fr\/blog\/quelle-couleur-de-luminaire-choisir\/\" target=\"_blank\" rel=\"noreferrer noopener\">Quelle couleur de luminaire choisir\u00a0?<\/a><\/p>\n\n\n\n<h2 class=\"wp-block-heading\">Quelle couleur pour un salon fonctionnel&nbsp;?&nbsp;<\/h2>\n\n\n\n<figure class=\"wp-block-image\"><img decoding=\"async\" src=\"https:\/\/lh7-us.googleusercontent.com\/iCoxPcDfid5HO0ewO1-TqcxWv7vBw3-9HChuMpEfoFVKX78e_PCivVK4viSDjBDev7XogmoQVBT3HdA-Yu_Ks2yjuI98mXQ4rPCAwo6ZFF0OWvQ7UFnYCoOy3azrrRVcCEa58rSf1-mH\" alt=\"Un plafonnier en verre styl\u00e9 dans un salon.\"\/><\/figure>\n\n\n\n<p class=\"wp-block-paragraph\">Votre salon doit \u00eatre fonctionnel&nbsp;? Vous y recevez du monde. Vous y passez du temps en famille. Vous y g\u00e9rez votre correspondance. Optez pour un \u00e9clairage blanc neutre. Un led d\u2019une puissance de <strong>3 000 \u00e0 5 300 kelvins<\/strong> vous sera utile. Adaptez l\u2019intensit\u00e9 de votre lumi\u00e8re selon la superficie de la pi\u00e8ce.&nbsp;<\/p>\n\n\n\n<p class=\"wp-block-paragraph\">Cette couleur est propice \u00e0 <strong>la concentration<\/strong>. Il n\u2019y a rien de tel qu\u2019une luminosit\u00e9 optimale pour profiter de votre livre. C\u2019est aussi parfait pour finir les devoirs \u00e0 la maison des enfants. Idem pour les boulots qu\u2019il vous reste \u00e0 finir pour la soir\u00e9e.&nbsp;<\/p>\n\n\n\n<h2 class=\"wp-block-heading\">Choisir le bon luminaire pour un salon convivial&nbsp;?<\/h2>\n\n\n\n<figure class=\"wp-block-image\"><img decoding=\"async\" src=\"https:\/\/lh7-us.googleusercontent.com\/S7donqP4Z1bDCIV9oKuW21IYxaEwo7iDS4KYMHBqXQrNlB3i0TFisM5rknaLUwEDnKZCZ8a1jLNPS65JwGT9PBrsxUbmGJ6QZ8tiRhyuHOz4nmfatJOgTlPj1dwKJ95_XUcL0SGF38Wk\" alt=\"Un luminaire led avec plusieurs ampoules d'une lumi\u00e8re jaune dans un salon.\"\/><\/figure>\n\n\n\n<p class=\"wp-block-paragraph\">Votre salon est un <strong>endroit de d\u00e9tente<\/strong>&nbsp;? Vous aimez y passer des moments agr\u00e9ables en couple ou en famille. On vous conseille un \u00e9clairage d\u2019ambiance. Choisissez une couleur de lumi\u00e8re jaune.&nbsp;<\/p>\n\n\n\n<p class=\"wp-block-paragraph\">Vous obtiendrez une lumi\u00e8re blanche chaude avec un led de <strong>1 500 \u00e0 3 000 kelvins<\/strong>. C\u2019est parfait pour un salon chic et intemporel. Utilisez des appliques murales. \u00c9clairez des endroits strat\u00e9giques de votre espace. Par exemple&nbsp;:&nbsp; \u00e0 proximit\u00e9 du canap\u00e9, le long des murs, pr\u00e8s de la porte d\u2019entr\u00e9e, etc.&nbsp;<\/p>\n\n\n\n<p class=\"wp-block-paragraph\">Une suspension est aussi une bonne id\u00e9e. R\u00e9glez la hauteur de votre luminaire selon les dimensions de la pi\u00e8ce. En moyenne, mettez-le \u00e0 <strong>30 ou 45 cm du plafond<\/strong>.&nbsp;<\/p>\n\n\n\n<h2 class=\"wp-block-heading\">Choisir la couleur de la lumi\u00e8re du salon pour un effet d\u2019optique&nbsp;<\/h2>\n\n\n\n<figure class=\"wp-block-image\"><img decoding=\"async\" src=\"https:\/\/lh7-us.googleusercontent.com\/_TikrsiUtyC9FwKkpe_EjF-OF8j4hlWbuK1VoK9e8vtT0F_efJhktIGDdzbPn8paIhHkFpesvyohUL7V6TpYupjkf6NjeM0ymFZLWAWut7baitQ8Ec8PHz1t6qbWWCoy7d0qUEVxhrgk\" alt=\"Un lustre tendance avec des ampoules led dans un salon et un lustre vintage en verre dans une salle \u00e0 manger.\"\/><\/figure>\n\n\n\n<p class=\"wp-block-paragraph\">Un bon choix d\u2019\u00e9clairage fera para\u00eetre la pi\u00e8ce plus grande. Dans un petit salon, choisissez un <strong>\u00e9clairage blanc neutre<\/strong>. C\u2019est plus intense. Voici les astuces&nbsp;:&nbsp;<\/p>\n\n\n\n<ul class=\"wp-block-list\">\n<li>Votre <strong>pi\u00e8ce est plus larg<\/strong>e, mais peu profonde&nbsp;? Installez vos \u00e9clairages blancs dans le fond.&nbsp;<\/li>\n\n\n\n<li>Vous souffrez d\u2019un manque d\u2019espace&nbsp;? Optez pour un \u00e9clairage central intense. Votre pi\u00e8ce sera plus claire.&nbsp;<\/li>\n<\/ul>\n\n\n\n<p class=\"wp-block-paragraph\">Pour jouer avec l\u2019effet d\u2019optique, m\u00e9langez les \u00e9clairages. La suspension est un classique de la d\u00e9coration. Il ajoute de l\u2019\u00e9l\u00e9gance. Sur <a href=\"https:\/\/www.echoppe-francaise.fr\/lampes-et-luminaires-a-suspension\" target=\"_blank\" rel=\"noreferrer noopener\">l\u2019\u00c9choppe Fran\u00e7aise<\/a>, nous vous proposons des mod\u00e8les en bois, <strong>fabriqu\u00e9s \u00e0 100 % en France<\/strong>. Ce sont des alli\u00e9s parfaits pour un peu d\u2019originalit\u00e9. Ajoutez \u00e0 cela des appliques murales. Vous trouverez aussi des accessoires en forme de fleurs sur notre boutique.&nbsp;<\/p>\n\n\n\n<h2 class=\"wp-block-heading\">Comment avoir un \u00e9clairage d\u2019ambiance dans votre salon&nbsp;?<\/h2>\n\n\n\n<figure class=\"wp-block-image\"><img decoding=\"async\" src=\"https:\/\/lh7-us.googleusercontent.com\/ZhujdUgxKy0o7ti_6ap7Ht3DPZQEg5_VXoVwvexxPdEEntHLtv7MeQwlMDkmvecT6VArW9eJqTBgCYihGc-7-incX9EhexlO1YHiFg2Q-ZgCZlSboXs8DRPqnb9S0MnPMF5Hqbn44RJr\" alt=\"Un salon avec un \u00e9clairage d'ambiance fourni par un lampadaire et des bougies ainsi qu'une guirlande led.\"\/><\/figure>\n\n\n\n<p class=\"wp-block-paragraph\">Envie d\u2019un salon tendance&nbsp;? Optez pour <strong>l\u2019\u00e9clairage d\u2019ambiance<\/strong>. C\u2019est le contraire du sur\u00e9clairage. Donc, ne mettez que les luminaires n\u00e9cessaires dans votre espace. N\u2019\u00e9clairez que les zones strat\u00e9giques du salon. Nos conseils&nbsp;:&nbsp;<\/p>\n\n\n\n<ul class=\"wp-block-list\">\n<li>Installez des<strong> appliques ou des spots<\/strong> pr\u00e8s de la porte d\u2019entr\u00e9e.<\/li>\n\n\n\n<li>\u00c9clairez le canap\u00e9.&nbsp;<\/li>\n\n\n\n<li>Ajoutez un peu de lumi\u00e8re pr\u00e8s du meuble t\u00e9l\u00e9.&nbsp;<\/li>\n\n\n\n<li>Utilisez une suspension pour un \u00e9clairage g\u00e9n\u00e9ral quand vous recevez.&nbsp;<\/li>\n\n\n\n<li>Le reste du temps, utilisez des accessoires \u00e0 port\u00e9e limit\u00e9e.&nbsp;&nbsp;<\/li>\n<\/ul>\n\n\n\n<p class=\"wp-block-paragraph\">Avec cette technique, m\u00e9langer les couleurs de lumi\u00e8res en fonction de l\u2019espace&nbsp;:&nbsp;<\/p>\n\n\n\n<ul class=\"wp-block-list\">\n<li>Le bleu pr\u00e8s des \u00e9crans<\/li>\n\n\n\n<li>Le blanc pr\u00e8s de la porte<\/li>\n\n\n\n<li>Le <strong>jaune pr\u00e8s des zones de d\u00e9tentes<\/strong><\/li>\n<\/ul>\n\n\n\n<p class=\"wp-block-paragraph\">Bref, choisissez la couleur de vos luminaires de salon selon l\u2019ambiance. Et, personnalisez votre espace avec l\u2019un des luminaires propos\u00e9s sur notre boutique en ligne.&nbsp;<\/p>\n\n\n\n<p class=\"wp-block-paragraph\">D\u00e9couvrez nos autres recommandations sur le choix de vos luminaires sur nos articles : <\/p>\n\n\n\n<ul class=\"wp-block-list\">\n<li><a href=\"https:\/\/www.echoppe-francaise.fr\/blog\/comment-choisir-entre-une-lumiere-chaude-ou-froide\/\" target=\"_blank\" rel=\"noreferrer noopener\">Comment choisir entre une lumi\u00e8re chaude ou froide\u00a0?<\/a><\/li>\n\n\n\n<li><a href=\"https:\/\/www.echoppe-francaise.fr\/blog\/quelle-couleur-de-lumiere-utilisee-dans-une-cuisine\/\" target=\"_blank\" rel=\"noreferrer noopener\">Quelle couleur de lumi\u00e8re utilis\u00e9e dans une cuisine\u00a0?<\/a><\/li>\n<\/ul>\n","protected":false},"excerpt":{"rendered":"<p>&nbsp; Le choix du luminaire de votre salon impacte son confort et sa fonctionnalit\u00e9. Faites attention \u00e0 la couleur du Led, sa puissance et son intensit\u00e9. Inspirez-vous de l\u2019ambiance g\u00e9n\u00e9rale de la pi\u00e8ce. Voici nos recommandations.&nbsp; Les diff\u00e9rentes couleurs de luminaires pour l\u2019am\u00e9nagement du salon&nbsp; Vous avez le choix pour le syst\u00e8me d\u2019\u00e9clairage de votre&hellip;&nbsp;<\/p>\n","protected":false},"author":6,"featured_media":0,"parent":1541,"menu_order":0,"comment_status":"closed","ping_status":"closed","template":"","meta":{"_crdt_document":"","neve_meta_sidebar":"","neve_meta_container":"","neve_meta_enable_content_width":"","neve_meta_content_width":0,"neve_meta_title_alignment":"","neve_meta_author_avatar":"","neve_post_elements_order":"","neve_meta_disable_header":"","neve_meta_disable_footer":"","neve_meta_disable_title":"","footnotes":""},"class_list":["post-1563","page","type-page","status-publish","hentry"],"yoast_head":"<!-- This site is optimized with the Yoast SEO plugin v27.5 - https:\/\/yoast.com\/product\/yoast-seo-wordpress\/ -->\n<title>Comment trouver le luminaire de salon parfait ?<\/title>\n<meta name=\"description\" content=\". Suivez notre guide pour des conseils efficaces. Et trouvez la couleur de luminaire id\u00e9ale pour votre salon.\" \/>\n<meta name=\"robots\" content=\"index, follow, max-snippet:-1, max-image-preview:large, max-video-preview:-1\" \/>\n<link rel=\"canonical\" href=\"https:\/\/www.echoppe-francaise.fr\/blog\/quelle-est-la-couleur-ideale-pour-un-luminaire-de-salon\/\" \/>\n<meta property=\"og:locale\" content=\"fr_FR\" \/>\n<meta property=\"og:type\" content=\"article\" \/>\n<meta property=\"og:title\" content=\"Comment trouver le luminaire de salon parfait ?\" \/>\n<meta property=\"og:description\" content=\". Suivez notre guide pour des conseils efficaces. Et trouvez la couleur de luminaire id\u00e9ale pour votre salon.\" \/>\n<meta property=\"og:url\" content=\"https:\/\/www.echoppe-francaise.fr\/blog\/quelle-est-la-couleur-ideale-pour-un-luminaire-de-salon\/\" \/>\n<meta property=\"og:site_name\" content=\"\u00c9choppe Fran\u00e7aise, le Blog\" \/>\n<meta property=\"article:modified_time\" content=\"2023-12-06T10:10:01+00:00\" \/>\n<meta property=\"og:image\" content=\"https:\/\/www.echoppe-francaise.fr\/blog\/wp-content\/uploads\/2023\/11\/Quelle-est-la-couleur-ideale-pour-un-luminaire-de-salon-1024x1024.jpg\" \/>\n<meta name=\"twitter:card\" content=\"summary_large_image\" \/>\n<meta name=\"twitter:label1\" content=\"Dur\u00e9e de lecture estim\u00e9e\" \/>\n\t<meta name=\"twitter:data1\" content=\"5 minutes\" \/>\n<script type=\"application\/ld+json\" class=\"yoast-schema-graph\">{\"@context\":\"https:\\\/\\\/schema.org\",\"@graph\":[{\"@type\":\"WebPage\",\"@id\":\"https:\\\/\\\/www.echoppe-francaise.fr\\\/blog\\\/quelle-est-la-couleur-ideale-pour-un-luminaire-de-salon\\\/\",\"url\":\"https:\\\/\\\/www.echoppe-francaise.fr\\\/blog\\\/quelle-est-la-couleur-ideale-pour-un-luminaire-de-salon\\\/\",\"name\":\"Comment trouver le luminaire de salon parfait ?\",\"isPartOf\":{\"@id\":\"https:\\\/\\\/www.echoppe-francaise.fr\\\/blog\\\/#website\"},\"primaryImageOfPage\":{\"@id\":\"https:\\\/\\\/www.echoppe-francaise.fr\\\/blog\\\/quelle-est-la-couleur-ideale-pour-un-luminaire-de-salon\\\/#primaryimage\"},\"image\":{\"@id\":\"https:\\\/\\\/www.echoppe-francaise.fr\\\/blog\\\/quelle-est-la-couleur-ideale-pour-un-luminaire-de-salon\\\/#primaryimage\"},\"thumbnailUrl\":\"https:\\\/\\\/www.echoppe-francaise.fr\\\/blog\\\/wp-content\\\/uploads\\\/2023\\\/11\\\/Quelle-est-la-couleur-ideale-pour-un-luminaire-de-salon-1024x1024.jpg\",\"datePublished\":\"2023-12-01T12:06:58+00:00\",\"dateModified\":\"2023-12-06T10:10:01+00:00\",\"description\":\". Suivez notre guide pour des conseils efficaces. Et trouvez la couleur de luminaire id\u00e9ale pour votre salon.\",\"breadcrumb\":{\"@id\":\"https:\\\/\\\/www.echoppe-francaise.fr\\\/blog\\\/quelle-est-la-couleur-ideale-pour-un-luminaire-de-salon\\\/#breadcrumb\"},\"inLanguage\":\"fr-FR\",\"potentialAction\":[{\"@type\":\"ReadAction\",\"target\":[\"https:\\\/\\\/www.echoppe-francaise.fr\\\/blog\\\/quelle-est-la-couleur-ideale-pour-un-luminaire-de-salon\\\/\"]}]},{\"@type\":\"ImageObject\",\"inLanguage\":\"fr-FR\",\"@id\":\"https:\\\/\\\/www.echoppe-francaise.fr\\\/blog\\\/quelle-est-la-couleur-ideale-pour-un-luminaire-de-salon\\\/#primaryimage\",\"url\":\"https:\\\/\\\/www.echoppe-francaise.fr\\\/blog\\\/wp-content\\\/uploads\\\/2023\\\/11\\\/Quelle-est-la-couleur-ideale-pour-un-luminaire-de-salon.jpg\",\"contentUrl\":\"https:\\\/\\\/www.echoppe-francaise.fr\\\/blog\\\/wp-content\\\/uploads\\\/2023\\\/11\\\/Quelle-est-la-couleur-ideale-pour-un-luminaire-de-salon.jpg\",\"width\":1024,\"height\":1024},{\"@type\":\"BreadcrumbList\",\"@id\":\"https:\\\/\\\/www.echoppe-francaise.fr\\\/blog\\\/quelle-est-la-couleur-ideale-pour-un-luminaire-de-salon\\\/#breadcrumb\",\"itemListElement\":[{\"@type\":\"ListItem\",\"position\":1,\"name\":\"Accueil\",\"item\":\"https:\\\/\\\/www.echoppe-francaise.fr\\\/blog\\\/\"},{\"@type\":\"ListItem\",\"position\":2,\"name\":\"Comment choisir le bon luminaire pour votre int\u00e9rieur ?\",\"item\":\"https:\\\/\\\/www.echoppe-francaise.fr\\\/blog\\\/comment-choisir-le-bon-luminaire\\\/\"},{\"@type\":\"ListItem\",\"position\":3,\"name\":\"Quelle est la couleur id\u00e9ale pour un luminaire de salon\u00a0?\"}]},{\"@type\":\"WebSite\",\"@id\":\"https:\\\/\\\/www.echoppe-francaise.fr\\\/blog\\\/#website\",\"url\":\"https:\\\/\\\/www.echoppe-francaise.fr\\\/blog\\\/\",\"name\":\"\u00c9choppe Fran\u00e7aise, le Blog\",\"description\":\"Le blog des Cr\u00e9atrices et Cr\u00e9ateurs fran\u00e7ais\",\"publisher\":{\"@id\":\"https:\\\/\\\/www.echoppe-francaise.fr\\\/blog\\\/#organization\"},\"potentialAction\":[{\"@type\":\"SearchAction\",\"target\":{\"@type\":\"EntryPoint\",\"urlTemplate\":\"https:\\\/\\\/www.echoppe-francaise.fr\\\/blog\\\/?s={search_term_string}\"},\"query-input\":{\"@type\":\"PropertyValueSpecification\",\"valueRequired\":true,\"valueName\":\"search_term_string\"}}],\"inLanguage\":\"fr-FR\"},{\"@type\":\"Organization\",\"@id\":\"https:\\\/\\\/www.echoppe-francaise.fr\\\/blog\\\/#organization\",\"name\":\"L'\u00e9choppe Fran\u00e7aise\",\"url\":\"https:\\\/\\\/www.echoppe-francaise.fr\\\/blog\\\/\",\"logo\":{\"@type\":\"ImageObject\",\"inLanguage\":\"fr-FR\",\"@id\":\"https:\\\/\\\/www.echoppe-francaise.fr\\\/blog\\\/#\\\/schema\\\/logo\\\/image\\\/\",\"url\":\"https:\\\/\\\/www.echoppe-francaise.fr\\\/blog\\\/wp-content\\\/uploads\\\/2017\\\/04\\\/echoppe-francaise-logo-1489412704.png\",\"contentUrl\":\"https:\\\/\\\/www.echoppe-francaise.fr\\\/blog\\\/wp-content\\\/uploads\\\/2017\\\/04\\\/echoppe-francaise-logo-1489412704.png\",\"width\":492,\"height\":270,\"caption\":\"L'\u00e9choppe Fran\u00e7aise\"},\"image\":{\"@id\":\"https:\\\/\\\/www.echoppe-francaise.fr\\\/blog\\\/#\\\/schema\\\/logo\\\/image\\\/\"}}]}<\/script>\n<!-- \/ Yoast SEO plugin. -->","yoast_head_json":{"title":"Comment trouver le luminaire de salon parfait ?","description":". Suivez notre guide pour des conseils efficaces. Et trouvez la couleur de luminaire id\u00e9ale pour votre salon.","robots":{"index":"index","follow":"follow","max-snippet":"max-snippet:-1","max-image-preview":"max-image-preview:large","max-video-preview":"max-video-preview:-1"},"canonical":"https:\/\/www.echoppe-francaise.fr\/blog\/quelle-est-la-couleur-ideale-pour-un-luminaire-de-salon\/","og_locale":"fr_FR","og_type":"article","og_title":"Comment trouver le luminaire de salon parfait ?","og_description":". Suivez notre guide pour des conseils efficaces. Et trouvez la couleur de luminaire id\u00e9ale pour votre salon.","og_url":"https:\/\/www.echoppe-francaise.fr\/blog\/quelle-est-la-couleur-ideale-pour-un-luminaire-de-salon\/","og_site_name":"\u00c9choppe Fran\u00e7aise, le Blog","article_modified_time":"2023-12-06T10:10:01+00:00","og_image":[{"url":"https:\/\/www.echoppe-francaise.fr\/blog\/wp-content\/uploads\/2023\/11\/Quelle-est-la-couleur-ideale-pour-un-luminaire-de-salon-1024x1024.jpg","type":"","width":"","height":""}],"twitter_card":"summary_large_image","twitter_misc":{"Dur\u00e9e de lecture estim\u00e9e":"5 minutes"},"schema":{"@context":"https:\/\/schema.org","@graph":[{"@type":"WebPage","@id":"https:\/\/www.echoppe-francaise.fr\/blog\/quelle-est-la-couleur-ideale-pour-un-luminaire-de-salon\/","url":"https:\/\/www.echoppe-francaise.fr\/blog\/quelle-est-la-couleur-ideale-pour-un-luminaire-de-salon\/","name":"Comment trouver le luminaire de salon parfait ?","isPartOf":{"@id":"https:\/\/www.echoppe-francaise.fr\/blog\/#website"},"primaryImageOfPage":{"@id":"https:\/\/www.echoppe-francaise.fr\/blog\/quelle-est-la-couleur-ideale-pour-un-luminaire-de-salon\/#primaryimage"},"image":{"@id":"https:\/\/www.echoppe-francaise.fr\/blog\/quelle-est-la-couleur-ideale-pour-un-luminaire-de-salon\/#primaryimage"},"thumbnailUrl":"https:\/\/www.echoppe-francaise.fr\/blog\/wp-content\/uploads\/2023\/11\/Quelle-est-la-couleur-ideale-pour-un-luminaire-de-salon-1024x1024.jpg","datePublished":"2023-12-01T12:06:58+00:00","dateModified":"2023-12-06T10:10:01+00:00","description":". Suivez notre guide pour des conseils efficaces. Et trouvez la couleur de luminaire id\u00e9ale pour votre salon.","breadcrumb":{"@id":"https:\/\/www.echoppe-francaise.fr\/blog\/quelle-est-la-couleur-ideale-pour-un-luminaire-de-salon\/#breadcrumb"},"inLanguage":"fr-FR","potentialAction":[{"@type":"ReadAction","target":["https:\/\/www.echoppe-francaise.fr\/blog\/quelle-est-la-couleur-ideale-pour-un-luminaire-de-salon\/"]}]},{"@type":"ImageObject","inLanguage":"fr-FR","@id":"https:\/\/www.echoppe-francaise.fr\/blog\/quelle-est-la-couleur-ideale-pour-un-luminaire-de-salon\/#primaryimage","url":"https:\/\/www.echoppe-francaise.fr\/blog\/wp-content\/uploads\/2023\/11\/Quelle-est-la-couleur-ideale-pour-un-luminaire-de-salon.jpg","contentUrl":"https:\/\/www.echoppe-francaise.fr\/blog\/wp-content\/uploads\/2023\/11\/Quelle-est-la-couleur-ideale-pour-un-luminaire-de-salon.jpg","width":1024,"height":1024},{"@type":"BreadcrumbList","@id":"https:\/\/www.echoppe-francaise.fr\/blog\/quelle-est-la-couleur-ideale-pour-un-luminaire-de-salon\/#breadcrumb","itemListElement":[{"@type":"ListItem","position":1,"name":"Accueil","item":"https:\/\/www.echoppe-francaise.fr\/blog\/"},{"@type":"ListItem","position":2,"name":"Comment choisir le bon luminaire pour votre int\u00e9rieur ?","item":"https:\/\/www.echoppe-francaise.fr\/blog\/comment-choisir-le-bon-luminaire\/"},{"@type":"ListItem","position":3,"name":"Quelle est la couleur id\u00e9ale pour un luminaire de salon\u00a0?"}]},{"@type":"WebSite","@id":"https:\/\/www.echoppe-francaise.fr\/blog\/#website","url":"https:\/\/www.echoppe-francaise.fr\/blog\/","name":"\u00c9choppe Fran\u00e7aise, le Blog","description":"Le blog des Cr\u00e9atrices et Cr\u00e9ateurs fran\u00e7ais","publisher":{"@id":"https:\/\/www.echoppe-francaise.fr\/blog\/#organization"},"potentialAction":[{"@type":"SearchAction","target":{"@type":"EntryPoint","urlTemplate":"https:\/\/www.echoppe-francaise.fr\/blog\/?s={search_term_string}"},"query-input":{"@type":"PropertyValueSpecification","valueRequired":true,"valueName":"search_term_string"}}],"inLanguage":"fr-FR"},{"@type":"Organization","@id":"https:\/\/www.echoppe-francaise.fr\/blog\/#organization","name":"L'\u00e9choppe Fran\u00e7aise","url":"https:\/\/www.echoppe-francaise.fr\/blog\/","logo":{"@type":"ImageObject","inLanguage":"fr-FR","@id":"https:\/\/www.echoppe-francaise.fr\/blog\/#\/schema\/logo\/image\/","url":"https:\/\/www.echoppe-francaise.fr\/blog\/wp-content\/uploads\/2017\/04\/echoppe-francaise-logo-1489412704.png","contentUrl":"https:\/\/www.echoppe-francaise.fr\/blog\/wp-content\/uploads\/2017\/04\/echoppe-francaise-logo-1489412704.png","width":492,"height":270,"caption":"L'\u00e9choppe Fran\u00e7aise"},"image":{"@id":"https:\/\/www.echoppe-francaise.fr\/blog\/#\/schema\/logo\/image\/"}}]}},"_links":{"self":[{"href":"https:\/\/www.echoppe-francaise.fr\/blog\/wp-json\/wp\/v2\/pages\/1563","targetHints":{"allow":["GET"]}}],"collection":[{"href":"https:\/\/www.echoppe-francaise.fr\/blog\/wp-json\/wp\/v2\/pages"}],"about":[{"href":"https:\/\/www.echoppe-francaise.fr\/blog\/wp-json\/wp\/v2\/types\/page"}],"author":[{"embeddable":true,"href":"https:\/\/www.echoppe-francaise.fr\/blog\/wp-json\/wp\/v2\/users\/6"}],"replies":[{"embeddable":true,"href":"https:\/\/www.echoppe-francaise.fr\/blog\/wp-json\/wp\/v2\/comments?post=1563"}],"version-history":[{"count":7,"href":"https:\/\/www.echoppe-francaise.fr\/blog\/wp-json\/wp\/v2\/pages\/1563\/revisions"}],"predecessor-version":[{"id":1746,"href":"https:\/\/www.echoppe-francaise.fr\/blog\/wp-json\/wp\/v2\/pages\/1563\/revisions\/1746"}],"up":[{"embeddable":true,"href":"https:\/\/www.echoppe-francaise.fr\/blog\/wp-json\/wp\/v2\/pages\/1541"}],"wp:attachment":[{"href":"https:\/\/www.echoppe-francaise.fr\/blog\/wp-json\/wp\/v2\/media?parent=1563"}],"curies":[{"name":"wp","href":"https:\/\/api.w.org\/{rel}","templated":true}]}}