{"id":1559,"date":"2023-12-01T13:07:02","date_gmt":"2023-12-01T12:07:02","guid":{"rendered":"https:\/\/www.echoppe-francaise.fr\/blog\/?page_id=1559"},"modified":"2023-12-06T11:02:59","modified_gmt":"2023-12-06T10:02:59","slug":"quelle-couleur-de-lumiere-utilisee-dans-une-cuisine","status":"publish","type":"page","link":"https:\/\/www.echoppe-francaise.fr\/blog\/quelle-couleur-de-lumiere-utilisee-dans-une-cuisine\/","title":{"rendered":"Quelle couleur de lumi\u00e8re utilis\u00e9e dans une cuisine\u00a0?"},"content":{"rendered":"\n<figure class=\"wp-block-image\"><img decoding=\"async\" src=\"https:\/\/lh7-us.googleusercontent.com\/h9TEfgPpQaEzHpbeBcxEXSTjHYjjMJZD6P-ytFBYM35wEL359aVFVhcAscYoty83Z8sFqxG2KugdxSp0alrzyMnlhDHCNzQOIM1-suPeLe4b4XfFyh2vh_IC-8TNGd0B8Re9OaS8IaCe\" alt=\"Une cuisine chic avec un \u00e9clairage en suspension led en forme de globe.\"\/><\/figure>\n\n\n\n<p class=\"wp-block-paragraph\">La cuisine se r\u00e9invente comme une pi\u00e8ce \u00e0 vivre. Dans un appartement ou une maison, on joue diff\u00e9rentes fonctions&nbsp;: pour pr\u00e9parer les repas ou recevoir du monde. D\u2019o\u00f9 l\u2019importance de l\u2019am\u00e9nager de mani\u00e8re conviviale. La <strong>lumi\u00e8re <\/strong>joue aussi un r\u00f4le important en ce sens.&nbsp;<\/p>\n\n\n\n<h2 class=\"wp-block-heading\">La lumi\u00e8re id\u00e9ale pour une cuisine cocooning<\/h2>\n\n\n\n<figure class=\"wp-block-image\"><img decoding=\"async\" src=\"https:\/\/lh7-us.googleusercontent.com\/X9_mjEola_hqErmIJuea4Wza0CVCqBgCdtHdXWjlb2KANIOzfk5pHdMiD-z7EakOqhbG5qn9g7JdcDKLD6ierrUGkdG8Ge75eHRyF65qIXogEgwK0TnbBMi8idw2T_P-5AX9JuZNwJxa\" alt=\"Une cuisine cocooning avec un \u00e9clairage led jaune.\"\/><\/figure>\n\n\n\n<p class=\"wp-block-paragraph\">Choisissez une lumi\u00e8re de couleur naturelle dans votre cuisine. C\u2019est parfait pour une ambiance cocooning. Vous mettrez \u00e0 l\u2019aise vos invit\u00e9s. Vous allez vous y d\u00e9tendre pendant la pr\u00e9paration de vos recettes. L\u2019espace sera toujours fonctionnel.&nbsp;<\/p>\n\n\n\n<p class=\"wp-block-paragraph\">On vous conseille une ampoule led de couleur jaune. La puissance&nbsp;? <strong>3 000 \u00e0 3 5000 Kelvin<\/strong>s. Vous avez une pi\u00e8ce de taille moyenne&nbsp;? 800 \u00e0 1 200 lumens suffiront. Comptez entre 300 \u00e0 400 lumens par m2.&nbsp; \u00c0 savoir que 3 100 lumens est \u00e9gale \u00e0 35 W.&nbsp;<\/p>\n\n\n\n<p class=\"wp-block-paragraph\">Cr\u00e9ez une ambiance cosy dans votre cuisine et suivez nos conseils sur : <a href=\"https:\/\/www.echoppe-francaise.fr\/blog\/quelle-couleur-de-luminaire-choisir\/\" target=\"_blank\" rel=\"noreferrer noopener\">Quelle couleur de luminaire choisir\u00a0?<\/a><\/p>\n\n\n\n<h2 class=\"wp-block-heading\">Quelle couleur de lumi\u00e8re pour une cuisine fonctionnelle&nbsp;?<\/h2>\n\n\n\n<h2 class=\"wp-block-heading\">&nbsp;<\/h2>\n\n\n\n<figure class=\"wp-block-image size-large\"><img loading=\"lazy\" decoding=\"async\" width=\"1024\" height=\"1024\" src=\"https:\/\/www.echoppe-francaise.fr\/blog\/wp-content\/uploads\/2023\/11\/couleur-de-lumiere-pour-une-cuisine-fonctionnelle--1024x1024.jpg\" alt=\"Une cuisine moderne et fonctionnelle avec un \u00e9clairage en led blanc.\" class=\"wp-image-1560\" srcset=\"https:\/\/www.echoppe-francaise.fr\/blog\/wp-content\/uploads\/2023\/11\/couleur-de-lumiere-pour-une-cuisine-fonctionnelle-.jpg 1024w, https:\/\/www.echoppe-francaise.fr\/blog\/wp-content\/uploads\/2023\/11\/couleur-de-lumiere-pour-une-cuisine-fonctionnelle--300x300.jpg 300w, https:\/\/www.echoppe-francaise.fr\/blog\/wp-content\/uploads\/2023\/11\/couleur-de-lumiere-pour-une-cuisine-fonctionnelle--150x150.jpg 150w, https:\/\/www.echoppe-francaise.fr\/blog\/wp-content\/uploads\/2023\/11\/couleur-de-lumiere-pour-une-cuisine-fonctionnelle--768x768.jpg 768w\" sizes=\"auto, (max-width: 1024px) 100vw, 1024px\" \/><\/figure>\n\n\n\n<p class=\"wp-block-paragraph\">Envie d\u2019une cuisine moderne et fonctionnelle&nbsp;? Imaginez un espace qui imite les cuisines professionnelles. Utilisez une lumi\u00e8re blanche ou l\u00e9g\u00e8rement bleut\u00e9e. Achetez un <strong>led de 4 000 \u00e0 4 500 Kelvins<\/strong>.&nbsp;<\/p>\n\n\n\n<p class=\"wp-block-paragraph\">Cette astuce d\u2019\u00e9clairage est recommand\u00e9e dans un petit espace. Un bon luminaire fera para\u00eetre la pi\u00e8ce plus grande. Une cuisine de 4 m\u00b2&nbsp;? Allez jusqu\u2019\u00e0 1 200 lumens. Ce qui \u00e9quivaut \u00e0 8 W environ. Dans une cuisine fonctionnelle, l\u2019intensit\u00e9 de l\u2019\u00e9clairage sera de <strong>500 \u00e0 800 lumens par m2<\/strong>.&nbsp;<\/p>\n\n\n\n<p class=\"wp-block-paragraph\">Un \u00e9clairage central n\u2019est pas toujours obligatoire. Utilisez des <strong>spots<\/strong> incrust\u00e9s. Orientez les lumi\u00e8res vers les zones les plus importantes de votre cuisine&nbsp;: le plan de travail, le piano de cuisson, l\u2019\u00e9vier, l\u2019\u00eelot central, etc.&nbsp;<\/p>\n\n\n\n<h2 class=\"wp-block-heading\">La puissance de luminaire id\u00e9al pour une cuisine contemporaine&nbsp;<\/h2>\n\n\n\n<figure class=\"wp-block-image\"><img decoding=\"async\" src=\"https:\/\/lh7-us.googleusercontent.com\/d12U6rVr9api4DGf5ehkHL0G0_A65zznuAoTjUiqRmHpgZrFN5d3bencAv_C4rh6UkSTk5Y8d6PX2eb_jI7hdeMSnwpJI8Md3SXdBmcUMg6SzFg7bLplyBiN97LLqrT-qxrFn5y6Y6Aj\" alt=\"Une cuisine moderne avec une suspension en led moderne en m\u00e9tal avec une lumi\u00e8re blanche.\"\/><\/figure>\n\n\n\n<p class=\"wp-block-paragraph\">Dans une cuisine contemporaine, vous avez le choix&nbsp;:&nbsp;<\/p>\n\n\n\n<ul class=\"wp-block-list\">\n<li>Une lumi\u00e8re douce de <strong>400 \u00e0 500 lumens<\/strong><\/li>\n\n\n\n<li>Une lampe de cuisine puissante de 700 \u00e0 800 lumens<\/li>\n<\/ul>\n\n\n\n<p class=\"wp-block-paragraph\">Misez sur un <strong>\u00e9clairage blanc neutre<\/strong>. Vous mettrez en valeur votre espace. On vous conseille&nbsp;un \u00e9clairage central de 4 000 \u00e0 5 000 lumens. Cela s\u2019adaptera \u00e0 toutes les th\u00e9matiques de d\u00e9coration.&nbsp;<\/p>\n\n\n\n<p class=\"wp-block-paragraph\">Et, pourquoi pas les syst\u00e8mes d\u2019\u00e9clairage accroch\u00e9s sur les murs&nbsp;? La lumi\u00e8re devra se fondre dans la couleur de ces derniers. Le blanc neutre est une valeur s\u00fbre. Le jaune est parfait pour un mur blanc ou dans un cama\u00efeu de couleurs claires. Choisissez une <strong>lumi\u00e8re bleue<\/strong> pour les murs d\u2019une couleur plus vive.&nbsp;<\/p>\n\n\n\n<h2 class=\"wp-block-heading\">Quel syst\u00e8me d\u2019\u00e9clairage est id\u00e9al pour une cuisine&nbsp;?<\/h2>\n\n\n\n<h2 class=\"wp-block-heading\">&nbsp;<\/h2>\n\n\n\n<figure class=\"wp-block-image size-large\"><img loading=\"lazy\" decoding=\"async\" width=\"1024\" height=\"1024\" src=\"https:\/\/www.echoppe-francaise.fr\/blog\/wp-content\/uploads\/2023\/11\/Quel-systeme-d-eclairage-est-ideal-pour-une-cuisine-1024x1024.jpg\" alt=\"Un plafonnier en led avec des ampoules rondes dans une cuisine moderne.\" class=\"wp-image-1561\" srcset=\"https:\/\/www.echoppe-francaise.fr\/blog\/wp-content\/uploads\/2023\/11\/Quel-systeme-d-eclairage-est-ideal-pour-une-cuisine.jpg 1024w, https:\/\/www.echoppe-francaise.fr\/blog\/wp-content\/uploads\/2023\/11\/Quel-systeme-d-eclairage-est-ideal-pour-une-cuisine-300x300.jpg 300w, https:\/\/www.echoppe-francaise.fr\/blog\/wp-content\/uploads\/2023\/11\/Quel-systeme-d-eclairage-est-ideal-pour-une-cuisine-150x150.jpg 150w, https:\/\/www.echoppe-francaise.fr\/blog\/wp-content\/uploads\/2023\/11\/Quel-systeme-d-eclairage-est-ideal-pour-une-cuisine-768x768.jpg 768w\" sizes=\"auto, (max-width: 1024px) 100vw, 1024px\" \/><\/figure>\n\n\n\n<p class=\"wp-block-paragraph\">Un <strong>\u00e9clairage central<\/strong> est le premier choix pour l\u2019am\u00e9nagement d\u2019une cuisine. C\u2019est recommand\u00e9 si vous avez un grand espace. Vous mettez ainsi en valeur votre hauteur sous plafond. Sur l\u2019\u00c9choppe Fran\u00e7aise, vous avez des lumi\u00e8res en bois. Notre boutique travaille avec des cr\u00e9ateurs fran\u00e7ais proposant des luminaires styl\u00e9s et originaux. De quoi booster le level de votre d\u00e9co int\u00e9rieure.&nbsp;<\/p>\n\n\n\n<p class=\"wp-block-paragraph\">Cependant, dans un petit espace, choisissez un mod\u00e8le compact. Les <strong>appliques<\/strong> s\u2019installent sur les murs. Ainsi, vous \u00e9conomisez de l\u2019espace. Vous \u00e9vitez aussi de surcharger la pi\u00e8ce. Sur notre boutique, choisissez les appliques en bois. Ils sont en forme de fleurs. C\u2019est esth\u00e9tique et pratique.\u00a0<\/p>\n\n\n\n<p class=\"wp-block-paragraph\">Les <strong>spots <\/strong>sont aussi des incontournables de l\u2019am\u00e9nagement de la cuisine. Installez-les dans les faux plafonds. Vous aurez un \u00e9clairage d\u2019ambiance. M\u00e9langez les couleurs selon les zones \u00e0 \u00e9claircir&nbsp;: blanc et bleu pour les espaces de travail, jaune dans le reste de la pi\u00e8ce.&nbsp;<\/p>\n\n\n\n<p class=\"wp-block-paragraph\">Suivez ces conseils. Vous m\u00e8nerez \u00e0 bien la d\u00e9coration de votre cuisine. Vous vous y sentirez plus \u00e0 l\u2019aise.&nbsp;&nbsp;<\/p>\n\n\n\n<p class=\"wp-block-paragraph\">Et, d\u00e9nichez d&rsquo;autres astuces pour trouver la bonne couleur de votre luminaire sur nos autres guides : <\/p>\n\n\n\n<ul class=\"wp-block-list\">\n<li><a href=\"https:\/\/www.echoppe-francaise.fr\/blog\/quelle-est-la-couleur-ideale-pour-un-luminaire-de-salon\/\" target=\"_blank\" rel=\"noreferrer noopener\">Quelle est la couleur id\u00e9ale pour un luminaire de salon\u00a0?<\/a><\/li>\n\n\n\n<li><a href=\"https:\/\/www.echoppe-francaise.fr\/blog\/comment-choisir-entre-une-lumiere-chaude-ou-froide\/\" target=\"_blank\" rel=\"noreferrer noopener\">Comment choisir entre une lumi\u00e8re chaude ou froide\u00a0?<\/a><\/li>\n<\/ul>\n","protected":false},"excerpt":{"rendered":"<p>La cuisine se r\u00e9invente comme une pi\u00e8ce \u00e0 vivre. Dans un appartement ou une maison, on joue diff\u00e9rentes fonctions&nbsp;: pour pr\u00e9parer les repas ou recevoir du monde. D\u2019o\u00f9 l\u2019importance de l\u2019am\u00e9nager de mani\u00e8re conviviale. La lumi\u00e8re joue aussi un r\u00f4le important en ce sens.&nbsp; La lumi\u00e8re id\u00e9ale pour une cuisine cocooning Choisissez une lumi\u00e8re de&hellip;&nbsp;<\/p>\n","protected":false},"author":6,"featured_media":0,"parent":1541,"menu_order":0,"comment_status":"closed","ping_status":"closed","template":"","meta":{"_crdt_document":"","neve_meta_sidebar":"","neve_meta_container":"","neve_meta_enable_content_width":"","neve_meta_content_width":0,"neve_meta_title_alignment":"","neve_meta_author_avatar":"","neve_post_elements_order":"","neve_meta_disable_header":"","neve_meta_disable_footer":"","neve_meta_disable_title":"","footnotes":""},"class_list":["post-1559","page","type-page","status-publish","hentry"],"yoast_head":"<!-- This site is optimized with the Yoast SEO plugin v27.5 - https:\/\/yoast.com\/product\/yoast-seo-wordpress\/ -->\n<title>Choisissez la bonne lumi\u00e8re utilis\u00e9e dans une cuisine<\/title>\n<meta name=\"description\" content=\"D\u00e9couvrez les diff\u00e9rents choix et les meilleures astuces de d\u00e9co pour trouver la lumi\u00e8re utilis\u00e9e dans une cuisine dans notre article.\" \/>\n<meta name=\"robots\" content=\"index, follow, max-snippet:-1, max-image-preview:large, max-video-preview:-1\" \/>\n<link rel=\"canonical\" href=\"https:\/\/www.echoppe-francaise.fr\/blog\/quelle-couleur-de-lumiere-utilisee-dans-une-cuisine\/\" \/>\n<meta property=\"og:locale\" content=\"fr_FR\" \/>\n<meta property=\"og:type\" content=\"article\" \/>\n<meta property=\"og:title\" content=\"Choisissez la bonne lumi\u00e8re utilis\u00e9e dans une cuisine\" \/>\n<meta property=\"og:description\" content=\"D\u00e9couvrez les diff\u00e9rents choix et les meilleures astuces de d\u00e9co pour trouver la lumi\u00e8re utilis\u00e9e dans une cuisine dans notre article.\" \/>\n<meta property=\"og:url\" content=\"https:\/\/www.echoppe-francaise.fr\/blog\/quelle-couleur-de-lumiere-utilisee-dans-une-cuisine\/\" \/>\n<meta property=\"og:site_name\" content=\"\u00c9choppe Fran\u00e7aise, le Blog\" \/>\n<meta property=\"article:modified_time\" content=\"2023-12-06T10:02:59+00:00\" \/>\n<meta property=\"og:image\" content=\"https:\/\/lh7-us.googleusercontent.com\/h9TEfgPpQaEzHpbeBcxEXSTjHYjjMJZD6P-ytFBYM35wEL359aVFVhcAscYoty83Z8sFqxG2KugdxSp0alrzyMnlhDHCNzQOIM1-suPeLe4b4XfFyh2vh_IC-8TNGd0B8Re9OaS8IaCe\" \/>\n<meta name=\"twitter:card\" content=\"summary_large_image\" \/>\n<meta name=\"twitter:label1\" content=\"Dur\u00e9e de lecture estim\u00e9e\" \/>\n\t<meta name=\"twitter:data1\" content=\"5 minutes\" \/>\n<script type=\"application\/ld+json\" class=\"yoast-schema-graph\">{\"@context\":\"https:\\\/\\\/schema.org\",\"@graph\":[{\"@type\":\"WebPage\",\"@id\":\"https:\\\/\\\/www.echoppe-francaise.fr\\\/blog\\\/quelle-couleur-de-lumiere-utilisee-dans-une-cuisine\\\/\",\"url\":\"https:\\\/\\\/www.echoppe-francaise.fr\\\/blog\\\/quelle-couleur-de-lumiere-utilisee-dans-une-cuisine\\\/\",\"name\":\"Choisissez la bonne lumi\u00e8re utilis\u00e9e dans une cuisine\",\"isPartOf\":{\"@id\":\"https:\\\/\\\/www.echoppe-francaise.fr\\\/blog\\\/#website\"},\"primaryImageOfPage\":{\"@id\":\"https:\\\/\\\/www.echoppe-francaise.fr\\\/blog\\\/quelle-couleur-de-lumiere-utilisee-dans-une-cuisine\\\/#primaryimage\"},\"image\":{\"@id\":\"https:\\\/\\\/www.echoppe-francaise.fr\\\/blog\\\/quelle-couleur-de-lumiere-utilisee-dans-une-cuisine\\\/#primaryimage\"},\"thumbnailUrl\":\"https:\\\/\\\/lh7-us.googleusercontent.com\\\/h9TEfgPpQaEzHpbeBcxEXSTjHYjjMJZD6P-ytFBYM35wEL359aVFVhcAscYoty83Z8sFqxG2KugdxSp0alrzyMnlhDHCNzQOIM1-suPeLe4b4XfFyh2vh_IC-8TNGd0B8Re9OaS8IaCe\",\"datePublished\":\"2023-12-01T12:07:02+00:00\",\"dateModified\":\"2023-12-06T10:02:59+00:00\",\"description\":\"D\u00e9couvrez les diff\u00e9rents choix et les meilleures astuces de d\u00e9co pour trouver la lumi\u00e8re utilis\u00e9e dans une cuisine dans notre article.\",\"breadcrumb\":{\"@id\":\"https:\\\/\\\/www.echoppe-francaise.fr\\\/blog\\\/quelle-couleur-de-lumiere-utilisee-dans-une-cuisine\\\/#breadcrumb\"},\"inLanguage\":\"fr-FR\",\"potentialAction\":[{\"@type\":\"ReadAction\",\"target\":[\"https:\\\/\\\/www.echoppe-francaise.fr\\\/blog\\\/quelle-couleur-de-lumiere-utilisee-dans-une-cuisine\\\/\"]}]},{\"@type\":\"ImageObject\",\"inLanguage\":\"fr-FR\",\"@id\":\"https:\\\/\\\/www.echoppe-francaise.fr\\\/blog\\\/quelle-couleur-de-lumiere-utilisee-dans-une-cuisine\\\/#primaryimage\",\"url\":\"https:\\\/\\\/lh7-us.googleusercontent.com\\\/h9TEfgPpQaEzHpbeBcxEXSTjHYjjMJZD6P-ytFBYM35wEL359aVFVhcAscYoty83Z8sFqxG2KugdxSp0alrzyMnlhDHCNzQOIM1-suPeLe4b4XfFyh2vh_IC-8TNGd0B8Re9OaS8IaCe\",\"contentUrl\":\"https:\\\/\\\/lh7-us.googleusercontent.com\\\/h9TEfgPpQaEzHpbeBcxEXSTjHYjjMJZD6P-ytFBYM35wEL359aVFVhcAscYoty83Z8sFqxG2KugdxSp0alrzyMnlhDHCNzQOIM1-suPeLe4b4XfFyh2vh_IC-8TNGd0B8Re9OaS8IaCe\"},{\"@type\":\"BreadcrumbList\",\"@id\":\"https:\\\/\\\/www.echoppe-francaise.fr\\\/blog\\\/quelle-couleur-de-lumiere-utilisee-dans-une-cuisine\\\/#breadcrumb\",\"itemListElement\":[{\"@type\":\"ListItem\",\"position\":1,\"name\":\"Accueil\",\"item\":\"https:\\\/\\\/www.echoppe-francaise.fr\\\/blog\\\/\"},{\"@type\":\"ListItem\",\"position\":2,\"name\":\"Comment choisir le bon luminaire pour votre int\u00e9rieur ?\",\"item\":\"https:\\\/\\\/www.echoppe-francaise.fr\\\/blog\\\/comment-choisir-le-bon-luminaire\\\/\"},{\"@type\":\"ListItem\",\"position\":3,\"name\":\"Quelle couleur de lumi\u00e8re utilis\u00e9e dans une cuisine\u00a0?\"}]},{\"@type\":\"WebSite\",\"@id\":\"https:\\\/\\\/www.echoppe-francaise.fr\\\/blog\\\/#website\",\"url\":\"https:\\\/\\\/www.echoppe-francaise.fr\\\/blog\\\/\",\"name\":\"\u00c9choppe Fran\u00e7aise, le Blog\",\"description\":\"Le blog des Cr\u00e9atrices et Cr\u00e9ateurs fran\u00e7ais\",\"publisher\":{\"@id\":\"https:\\\/\\\/www.echoppe-francaise.fr\\\/blog\\\/#organization\"},\"potentialAction\":[{\"@type\":\"SearchAction\",\"target\":{\"@type\":\"EntryPoint\",\"urlTemplate\":\"https:\\\/\\\/www.echoppe-francaise.fr\\\/blog\\\/?s={search_term_string}\"},\"query-input\":{\"@type\":\"PropertyValueSpecification\",\"valueRequired\":true,\"valueName\":\"search_term_string\"}}],\"inLanguage\":\"fr-FR\"},{\"@type\":\"Organization\",\"@id\":\"https:\\\/\\\/www.echoppe-francaise.fr\\\/blog\\\/#organization\",\"name\":\"L'\u00e9choppe Fran\u00e7aise\",\"url\":\"https:\\\/\\\/www.echoppe-francaise.fr\\\/blog\\\/\",\"logo\":{\"@type\":\"ImageObject\",\"inLanguage\":\"fr-FR\",\"@id\":\"https:\\\/\\\/www.echoppe-francaise.fr\\\/blog\\\/#\\\/schema\\\/logo\\\/image\\\/\",\"url\":\"https:\\\/\\\/www.echoppe-francaise.fr\\\/blog\\\/wp-content\\\/uploads\\\/2017\\\/04\\\/echoppe-francaise-logo-1489412704.png\",\"contentUrl\":\"https:\\\/\\\/www.echoppe-francaise.fr\\\/blog\\\/wp-content\\\/uploads\\\/2017\\\/04\\\/echoppe-francaise-logo-1489412704.png\",\"width\":492,\"height\":270,\"caption\":\"L'\u00e9choppe Fran\u00e7aise\"},\"image\":{\"@id\":\"https:\\\/\\\/www.echoppe-francaise.fr\\\/blog\\\/#\\\/schema\\\/logo\\\/image\\\/\"}}]}<\/script>\n<!-- \/ Yoast SEO plugin. -->","yoast_head_json":{"title":"Choisissez la bonne lumi\u00e8re utilis\u00e9e dans une cuisine","description":"D\u00e9couvrez les diff\u00e9rents choix et les meilleures astuces de d\u00e9co pour trouver la lumi\u00e8re utilis\u00e9e dans une cuisine dans notre article.","robots":{"index":"index","follow":"follow","max-snippet":"max-snippet:-1","max-image-preview":"max-image-preview:large","max-video-preview":"max-video-preview:-1"},"canonical":"https:\/\/www.echoppe-francaise.fr\/blog\/quelle-couleur-de-lumiere-utilisee-dans-une-cuisine\/","og_locale":"fr_FR","og_type":"article","og_title":"Choisissez la bonne lumi\u00e8re utilis\u00e9e dans une cuisine","og_description":"D\u00e9couvrez les diff\u00e9rents choix et les meilleures astuces de d\u00e9co pour trouver la lumi\u00e8re utilis\u00e9e dans une cuisine dans notre article.","og_url":"https:\/\/www.echoppe-francaise.fr\/blog\/quelle-couleur-de-lumiere-utilisee-dans-une-cuisine\/","og_site_name":"\u00c9choppe Fran\u00e7aise, le Blog","article_modified_time":"2023-12-06T10:02:59+00:00","og_image":[{"url":"https:\/\/lh7-us.googleusercontent.com\/h9TEfgPpQaEzHpbeBcxEXSTjHYjjMJZD6P-ytFBYM35wEL359aVFVhcAscYoty83Z8sFqxG2KugdxSp0alrzyMnlhDHCNzQOIM1-suPeLe4b4XfFyh2vh_IC-8TNGd0B8Re9OaS8IaCe","type":"","width":"","height":""}],"twitter_card":"summary_large_image","twitter_misc":{"Dur\u00e9e de lecture estim\u00e9e":"5 minutes"},"schema":{"@context":"https:\/\/schema.org","@graph":[{"@type":"WebPage","@id":"https:\/\/www.echoppe-francaise.fr\/blog\/quelle-couleur-de-lumiere-utilisee-dans-une-cuisine\/","url":"https:\/\/www.echoppe-francaise.fr\/blog\/quelle-couleur-de-lumiere-utilisee-dans-une-cuisine\/","name":"Choisissez la bonne lumi\u00e8re utilis\u00e9e dans une cuisine","isPartOf":{"@id":"https:\/\/www.echoppe-francaise.fr\/blog\/#website"},"primaryImageOfPage":{"@id":"https:\/\/www.echoppe-francaise.fr\/blog\/quelle-couleur-de-lumiere-utilisee-dans-une-cuisine\/#primaryimage"},"image":{"@id":"https:\/\/www.echoppe-francaise.fr\/blog\/quelle-couleur-de-lumiere-utilisee-dans-une-cuisine\/#primaryimage"},"thumbnailUrl":"https:\/\/lh7-us.googleusercontent.com\/h9TEfgPpQaEzHpbeBcxEXSTjHYjjMJZD6P-ytFBYM35wEL359aVFVhcAscYoty83Z8sFqxG2KugdxSp0alrzyMnlhDHCNzQOIM1-suPeLe4b4XfFyh2vh_IC-8TNGd0B8Re9OaS8IaCe","datePublished":"2023-12-01T12:07:02+00:00","dateModified":"2023-12-06T10:02:59+00:00","description":"D\u00e9couvrez les diff\u00e9rents choix et les meilleures astuces de d\u00e9co pour trouver la lumi\u00e8re utilis\u00e9e dans une cuisine dans notre article.","breadcrumb":{"@id":"https:\/\/www.echoppe-francaise.fr\/blog\/quelle-couleur-de-lumiere-utilisee-dans-une-cuisine\/#breadcrumb"},"inLanguage":"fr-FR","potentialAction":[{"@type":"ReadAction","target":["https:\/\/www.echoppe-francaise.fr\/blog\/quelle-couleur-de-lumiere-utilisee-dans-une-cuisine\/"]}]},{"@type":"ImageObject","inLanguage":"fr-FR","@id":"https:\/\/www.echoppe-francaise.fr\/blog\/quelle-couleur-de-lumiere-utilisee-dans-une-cuisine\/#primaryimage","url":"https:\/\/lh7-us.googleusercontent.com\/h9TEfgPpQaEzHpbeBcxEXSTjHYjjMJZD6P-ytFBYM35wEL359aVFVhcAscYoty83Z8sFqxG2KugdxSp0alrzyMnlhDHCNzQOIM1-suPeLe4b4XfFyh2vh_IC-8TNGd0B8Re9OaS8IaCe","contentUrl":"https:\/\/lh7-us.googleusercontent.com\/h9TEfgPpQaEzHpbeBcxEXSTjHYjjMJZD6P-ytFBYM35wEL359aVFVhcAscYoty83Z8sFqxG2KugdxSp0alrzyMnlhDHCNzQOIM1-suPeLe4b4XfFyh2vh_IC-8TNGd0B8Re9OaS8IaCe"},{"@type":"BreadcrumbList","@id":"https:\/\/www.echoppe-francaise.fr\/blog\/quelle-couleur-de-lumiere-utilisee-dans-une-cuisine\/#breadcrumb","itemListElement":[{"@type":"ListItem","position":1,"name":"Accueil","item":"https:\/\/www.echoppe-francaise.fr\/blog\/"},{"@type":"ListItem","position":2,"name":"Comment choisir le bon luminaire pour votre int\u00e9rieur ?","item":"https:\/\/www.echoppe-francaise.fr\/blog\/comment-choisir-le-bon-luminaire\/"},{"@type":"ListItem","position":3,"name":"Quelle couleur de lumi\u00e8re utilis\u00e9e dans une cuisine\u00a0?"}]},{"@type":"WebSite","@id":"https:\/\/www.echoppe-francaise.fr\/blog\/#website","url":"https:\/\/www.echoppe-francaise.fr\/blog\/","name":"\u00c9choppe Fran\u00e7aise, le Blog","description":"Le blog des Cr\u00e9atrices et Cr\u00e9ateurs fran\u00e7ais","publisher":{"@id":"https:\/\/www.echoppe-francaise.fr\/blog\/#organization"},"potentialAction":[{"@type":"SearchAction","target":{"@type":"EntryPoint","urlTemplate":"https:\/\/www.echoppe-francaise.fr\/blog\/?s={search_term_string}"},"query-input":{"@type":"PropertyValueSpecification","valueRequired":true,"valueName":"search_term_string"}}],"inLanguage":"fr-FR"},{"@type":"Organization","@id":"https:\/\/www.echoppe-francaise.fr\/blog\/#organization","name":"L'\u00e9choppe Fran\u00e7aise","url":"https:\/\/www.echoppe-francaise.fr\/blog\/","logo":{"@type":"ImageObject","inLanguage":"fr-FR","@id":"https:\/\/www.echoppe-francaise.fr\/blog\/#\/schema\/logo\/image\/","url":"https:\/\/www.echoppe-francaise.fr\/blog\/wp-content\/uploads\/2017\/04\/echoppe-francaise-logo-1489412704.png","contentUrl":"https:\/\/www.echoppe-francaise.fr\/blog\/wp-content\/uploads\/2017\/04\/echoppe-francaise-logo-1489412704.png","width":492,"height":270,"caption":"L'\u00e9choppe Fran\u00e7aise"},"image":{"@id":"https:\/\/www.echoppe-francaise.fr\/blog\/#\/schema\/logo\/image\/"}}]}},"_links":{"self":[{"href":"https:\/\/www.echoppe-francaise.fr\/blog\/wp-json\/wp\/v2\/pages\/1559","targetHints":{"allow":["GET"]}}],"collection":[{"href":"https:\/\/www.echoppe-francaise.fr\/blog\/wp-json\/wp\/v2\/pages"}],"about":[{"href":"https:\/\/www.echoppe-francaise.fr\/blog\/wp-json\/wp\/v2\/types\/page"}],"author":[{"embeddable":true,"href":"https:\/\/www.echoppe-francaise.fr\/blog\/wp-json\/wp\/v2\/users\/6"}],"replies":[{"embeddable":true,"href":"https:\/\/www.echoppe-francaise.fr\/blog\/wp-json\/wp\/v2\/comments?post=1559"}],"version-history":[{"count":7,"href":"https:\/\/www.echoppe-francaise.fr\/blog\/wp-json\/wp\/v2\/pages\/1559\/revisions"}],"predecessor-version":[{"id":1743,"href":"https:\/\/www.echoppe-francaise.fr\/blog\/wp-json\/wp\/v2\/pages\/1559\/revisions\/1743"}],"up":[{"embeddable":true,"href":"https:\/\/www.echoppe-francaise.fr\/blog\/wp-json\/wp\/v2\/pages\/1541"}],"wp:attachment":[{"href":"https:\/\/www.echoppe-francaise.fr\/blog\/wp-json\/wp\/v2\/media?parent=1559"}],"curies":[{"name":"wp","href":"https:\/\/api.w.org\/{rel}","templated":true}]}}