{"id":1557,"date":"2023-12-01T13:07:00","date_gmt":"2023-12-01T12:07:00","guid":{"rendered":"https:\/\/www.echoppe-francaise.fr\/blog\/?page_id=1557"},"modified":"2026-02-19T11:53:08","modified_gmt":"2026-02-19T10:53:08","slug":"comment-choisir-entre-une-lumiere-chaude-ou-froide","status":"publish","type":"page","link":"https:\/\/www.echoppe-francaise.fr\/blog\/comment-choisir-entre-une-lumiere-chaude-ou-froide\/","title":{"rendered":"Comment choisir entre une lumi\u00e8re chaude ou froide\u00a0?"},"content":{"rendered":"\n<figure class=\"wp-block-image\"><img decoding=\"async\" src=\"https:\/\/lh7-us.googleusercontent.com\/bGH31awfSFQKpkEyKXKG5YWkMQiWXVdGF7tLuB4udtODUzhZ8iThl_nqQnHQRBuuleXJ5Jy64duoO1qKhYwYMBDlE1OkSAqlx5AUJEq2UIY7mb7TbrID9LIJYj721gDvTbmskHa5qBR8\" alt=\"Un luminaire led avec des ampoules rondes dans un salon.\"\/><\/figure>\n\n\n\n<p class=\"wp-block-paragraph\">La couleur de votre lumi\u00e8re impacte sur l\u2019ambiance de la pi\u00e8ce. Il y a de quoi changer le rendu de votre am\u00e9nagement. Donc, faites la diff\u00e9rence entre une <strong>lumi\u00e8re chaude ou froide<\/strong>. Choisissez le bon endroit pour les installer. Voici des conseils pour vous aider.&nbsp;<\/p>\n\n\n\n<h2 class=\"wp-block-heading\">Comment distinguer une lumi\u00e8re chaude ou froide&nbsp;?&nbsp;<\/h2>\n\n\n\n<figure class=\"wp-block-image\"><img decoding=\"async\" src=\"https:\/\/lh7-us.googleusercontent.com\/HhKck790_z41UbYuYTTMPJNkaiil0Ve_n9qrW1481LllhtJOmHyv16OrXNW0cxIarpKGHBkPi7zT0OLRZlyA_LYVsX4Nob5JgkQ14ERN7kezqVY3EhOT-yFyEj2GnVSMcfJ2q_MD-7ni\" alt=\"Une suspension en led avec une lumi\u00e8re blanc et bleue. \"\/><\/figure>\n\n\n\n<p class=\"wp-block-paragraph\">Une lumi\u00e8re chaude imite la couleur du soleil. Elle est l\u00e9g\u00e8rement jaune. C\u2019est le choix parfait pour une ambiance chaleureuse dans la pi\u00e8ce. La puissance sera en moyenne de <strong>3 000 K<\/strong>.&nbsp;<\/p>\n\n\n\n<p class=\"wp-block-paragraph\">Une lumi\u00e8re froide est neutre. Vous aurez un \u00e9clairage blanc. C\u2019est propice \u00e0 un am\u00e9nagement fonctionnel. On l\u2019utilise dans les zones de concentration. Par exemple&nbsp;: bureau, etc. Vous aurez besoin d\u2019un Led de <strong>4 000 K<\/strong>.&nbsp;&nbsp;<\/p>\n\n\n\n<p class=\"wp-block-paragraph\">Une lumi\u00e8re froide peut aussi <strong>tirer vers le bleu<\/strong>. Vous obtiendrez un \u00e9clairage intense. C\u2019est id\u00e9al dans les pi\u00e8ces avec des \u00e9crans. Vous \u00e9vitez ainsi les reflets.&nbsp;<\/p>\n\n\n\n<p class=\"wp-block-paragraph\">Plus de d\u00e9tail sur le choix de votre luminaire sur notre article : <a href=\"https:\/\/www.echoppe-francaise.fr\/blog\/quelle-couleur-de-luminaire-choisir\/\" target=\"_blank\" rel=\"noreferrer noopener\">Quelle couleur de luminaire choisir&nbsp;?<\/a><\/p>\n\n\n\n<h2 class=\"wp-block-heading\">Une lumi\u00e8re chaude dans des pi\u00e8ces conviviales&nbsp;?&nbsp;<\/h2>\n\n\n\n<figure class=\"wp-block-image\"><img decoding=\"async\" src=\"https:\/\/lh7-us.googleusercontent.com\/KSfAkLkOOXREjh64UWrpgygcCsrt0I3BgXe2ZkQFD_j8NWF-DReafr4KmmgBC4mWz6Di_-2YhTgI1yQ-xd6l7k8TYpLg5M2WT8j012cQXOJU1KMXDsqw2XWMN9w0Nu9z63cD8Hu0YRi7\" alt=\"Une suspension avec des ampoules led en forme de globe dans le salon.\"\/><\/figure>\n\n\n\n<p class=\"wp-block-paragraph\">Pr\u00e9f\u00e9rez la <strong>lumi\u00e8re chaude <\/strong>dans les zones de d\u00e9tente. Tel est le cas de la chambre, du salon, etc. L\u2019\u00e9clairage l\u00e9g\u00e8rement jaune ajoutera de la convivialit\u00e9. De quoi vous aider \u00e0 vous d\u00e9tendre. Idem pour vos convives.&nbsp;<\/p>\n\n\n\n<p class=\"wp-block-paragraph\">Comptez <strong>200 lumens par m2<\/strong> pour un bon \u00e9clairage d\u2019ambiance dans votre pi\u00e8ce. Faites le calcul en fonction de la superficie de votre salon ou chambre. Exemple&nbsp;: Votre espace fait 15 m\u00b2&nbsp;? Choisissez un \u00e9clairage central de 5 000 lumens.&nbsp;&nbsp;<\/p>\n\n\n\n<p class=\"wp-block-paragraph\">On vous conseille du LED E27 ou E14. Ils sont d\u2019une puissance de <strong>2 700 Kelvins<\/strong>. La luminosit\u00e9 sera optimale. Vous assurerez aussi la fonctionnalit\u00e9 de la pi\u00e8ce.&nbsp;&nbsp;<\/p>\n\n\n\n<h2 class=\"wp-block-heading\">O\u00f9 utiliser une lumi\u00e8re froide&nbsp;?&nbsp;<\/h2>\n\n\n\n<figure class=\"wp-block-image\"><img decoding=\"async\" src=\"https:\/\/lh7-us.googleusercontent.com\/9ZnvomOpFkk8SHkt1rGi3Ku_IIg0OjaaxYk-xvuIQcsjIoLGLnR0VOYHWzBgnmCxh43VhbPE4qsM8Tke3ICnONbfZuju1vyGjZ9wJMeN9zCa7uVWfPviijr4WPTOnG77HBQotZ3RMYYg\" alt=\"Une salle de bain \u00e9clair\u00e9 par un ruban led autour du miroir.\"\/><\/figure>\n\n\n\n<p class=\"wp-block-paragraph\">La <strong>lumi\u00e8re froide<\/strong> est id\u00e9ale dans les endroits de r\u00e9flexions. On peut citer&nbsp;: les bureaux, les coins lectures, la cuisine, la salle de bain. C\u2019est aussi conseill\u00e9 sur les terrasses ou les balcons.&nbsp;<\/p>\n\n\n\n<p class=\"wp-block-paragraph\">Vous aurez besoin d\u2019une ampoule de <strong>5 000 \u00e0 6 000 kelvins<\/strong>. La r\u00e8gle&nbsp;? 400 lumens par m2. Dans une pi\u00e8ce de 15 m\u00b2, vous aurez besoin de 10 000 lumens.&nbsp; M\u00e9langez plusieurs sources d\u2019\u00e9clairage. Vous \u00e9viterez de surcharger la pi\u00e8ce avec un luminaire imposant au plafond. Lampadaire d\u2019int\u00e9rieur, applique ou spot sont disponibles en rayon de boutiques d\u2019am\u00e9nagement.&nbsp;<\/p>\n\n\n\n<h2 class=\"wp-block-heading\">Pourquoi ne pas m\u00e9langer les deux&nbsp;?&nbsp;<\/h2>\n\n\n\n<figure class=\"wp-block-image\"><img decoding=\"async\" src=\"https:\/\/lh7-us.googleusercontent.com\/Da-txhzEijWtJhIa1lH5Zgnbiq0DhJXqTo38ggcnvQ2QBPEfJsCuRZnphVbq7xosUfM3gSdq8LRUuu0ApWQ8JKHDZ4zB6Mo6YOxYrSPQ5zbifeFQ-osU8vJxFWrNUAwP51hqlQyrxf50\" alt=\"Un plafonnier en forme d'arbre avec une lumi\u00e8re blanche.\"\/><\/figure>\n\n\n\n<p class=\"wp-block-paragraph\">Oui. Pour ce faire, utilisez des syst\u00e8mes d\u2019\u00e9clairage diff\u00e9rents. Dans le salon par exemple&nbsp;:&nbsp;<\/p>\n\n\n\n<ul class=\"wp-block-list\">\n<li>Ajoutez un luminaire avec un \u00e9clairage chaud pour l\u2019<strong>ambiance<\/strong>.&nbsp;<\/li>\n\n\n\n<li>Mettez un lampadaire ou une lampe de table de couleur blanc neutre sur les coins lectures<\/li>\n\n\n\n<li>Ajoutez des spots ou des suspensions avec des <strong>ampoules jaunes<\/strong> pr\u00e8s du canap\u00e9<\/li>\n<\/ul>\n\n\n\n<p class=\"wp-block-paragraph\">Dans la chambre&nbsp;:&nbsp;<\/p>\n\n\n\n<ul class=\"wp-block-list\">\n<li>Installez une <strong>suspension centrale<\/strong> avec une couleur blanche et bleue pour la fonctionnalit\u00e9.&nbsp;<\/li>\n\n\n\n<li>Sur les tables de chevet, ajoutez des lampes de couleur blanche pour les s\u00e9ances de lectures.&nbsp;<\/li>\n\n\n\n<li>Sur les murs, fixez des appliques de couleur jaune pour une <strong>ambiance cocooning<\/strong>.&nbsp;<\/li>\n<\/ul>\n\n\n\n<p class=\"wp-block-paragraph\">Cette astuce est aussi une bonne id\u00e9e dans le hall d\u2019entr\u00e9e&nbsp;:&nbsp;<\/p>\n\n\n\n<ul class=\"wp-block-list\">\n<li>Un <strong>luminaire \u00e0 suspension<\/strong> au centre de la pi\u00e8ce pour le style et la fonctionnalit\u00e9<\/li>\n\n\n\n<li>Des lampes de table de couleur jaune pour une ambiance agr\u00e9able d\u00e8s l\u2019entr\u00e9e<\/li>\n<\/ul>\n\n\n\n<p class=\"wp-block-paragraph\">Il vous reste \u00e0 trouver l\u2019\u00e9clairage id\u00e9al pour vos pi\u00e8ces. Vous avez tous les conseils utiles pour parfaire l\u2019am\u00e9nagement de votre appartement ou maison. Visitez notre boutique en ligne pour trouver des <a href=\"https:\/\/www.echoppe-francaise.fr\/lampes-et-luminaires-en-appliques\" target=\"_blank\" rel=\"noreferrer noopener\">luminaires ou des appliques designs<\/a>.&nbsp;&nbsp;<\/p>\n\n\n\n<h3 class=\"wp-block-heading\">D&rsquo;autres astuces pour le choix de la couleur de votre luminaire sur nos autres articles :<\/h3>\n\n\n\n<ul class=\"wp-block-list\">\n<li><a href=\"https:\/\/www.echoppe-francaise.fr\/blog\/quelle-est-la-couleur-ideale-pour-un-luminaire-de-salon\/\" target=\"_blank\" rel=\"noreferrer noopener\">Quelle est la couleur id\u00e9ale pour un luminaire de salon&nbsp;?<\/a><\/li>\n\n\n\n<li><a href=\"https:\/\/www.echoppe-francaise.fr\/blog\/quelle-couleur-de-lumiere-utilisee-dans-une-cuisine\/\" target=\"_blank\" rel=\"noreferrer noopener\">Quelle couleur de lumi\u00e8re utilis\u00e9e dans une cuisine&nbsp;?<\/a><\/li>\n<\/ul>\n","protected":false},"excerpt":{"rendered":"<p>La couleur de votre lumi\u00e8re impacte sur l\u2019ambiance de la pi\u00e8ce. Il y a de quoi changer le rendu de votre am\u00e9nagement. Donc, faites la diff\u00e9rence entre une lumi\u00e8re chaude ou froide. Choisissez le bon endroit pour les installer. Voici des conseils pour vous aider.&nbsp; Comment distinguer une lumi\u00e8re chaude ou froide&nbsp;?&nbsp; Une lumi\u00e8re chaude&hellip;&nbsp;<\/p>\n","protected":false},"author":6,"featured_media":0,"parent":1541,"menu_order":0,"comment_status":"closed","ping_status":"closed","template":"","meta":{"_crdt_document":"","neve_meta_sidebar":"","neve_meta_container":"","neve_meta_enable_content_width":"","neve_meta_content_width":0,"neve_meta_title_alignment":"","neve_meta_author_avatar":"","neve_post_elements_order":"","neve_meta_disable_header":"","neve_meta_disable_footer":"","neve_meta_disable_title":"","footnotes":""},"class_list":["post-1557","page","type-page","status-publish","hentry"],"yoast_head":"<!-- This site is optimized with the Yoast SEO plugin v27.5 - https:\/\/yoast.com\/product\/yoast-seo-wordpress\/ -->\n<title>Faites votre choix entre une lumi\u00e8re chaude ou froide<\/title>\n<meta name=\"description\" content=\"Voici les informations \u00e0 conna\u00eetre pour faire le choix entre une lumi\u00e8re chaude ou froide : nos astuces d\u00e9cos.\" \/>\n<meta name=\"robots\" content=\"index, follow, max-snippet:-1, max-image-preview:large, max-video-preview:-1\" \/>\n<link rel=\"canonical\" href=\"https:\/\/www.echoppe-francaise.fr\/blog\/comment-choisir-entre-une-lumiere-chaude-ou-froide\/\" \/>\n<meta property=\"og:locale\" content=\"fr_FR\" \/>\n<meta property=\"og:type\" content=\"article\" \/>\n<meta property=\"og:title\" content=\"Faites votre choix entre une lumi\u00e8re chaude ou froide\" \/>\n<meta property=\"og:description\" content=\"Voici les informations \u00e0 conna\u00eetre pour faire le choix entre une lumi\u00e8re chaude ou froide : nos astuces d\u00e9cos.\" \/>\n<meta property=\"og:url\" content=\"https:\/\/www.echoppe-francaise.fr\/blog\/comment-choisir-entre-une-lumiere-chaude-ou-froide\/\" \/>\n<meta property=\"og:site_name\" content=\"\u00c9choppe Fran\u00e7aise, le Blog\" \/>\n<meta property=\"article:modified_time\" content=\"2026-02-19T10:53:08+00:00\" \/>\n<meta property=\"og:image\" content=\"https:\/\/lh7-us.googleusercontent.com\/bGH31awfSFQKpkEyKXKG5YWkMQiWXVdGF7tLuB4udtODUzhZ8iThl_nqQnHQRBuuleXJ5Jy64duoO1qKhYwYMBDlE1OkSAqlx5AUJEq2UIY7mb7TbrID9LIJYj721gDvTbmskHa5qBR8\" \/>\n<meta name=\"twitter:card\" content=\"summary_large_image\" \/>\n<meta name=\"twitter:label1\" content=\"Dur\u00e9e de lecture estim\u00e9e\" \/>\n\t<meta name=\"twitter:data1\" content=\"5 minutes\" \/>\n<script type=\"application\/ld+json\" class=\"yoast-schema-graph\">{\"@context\":\"https:\\\/\\\/schema.org\",\"@graph\":[{\"@type\":\"WebPage\",\"@id\":\"https:\\\/\\\/www.echoppe-francaise.fr\\\/blog\\\/comment-choisir-entre-une-lumiere-chaude-ou-froide\\\/\",\"url\":\"https:\\\/\\\/www.echoppe-francaise.fr\\\/blog\\\/comment-choisir-entre-une-lumiere-chaude-ou-froide\\\/\",\"name\":\"Faites votre choix entre une lumi\u00e8re chaude ou froide\",\"isPartOf\":{\"@id\":\"https:\\\/\\\/www.echoppe-francaise.fr\\\/blog\\\/#website\"},\"primaryImageOfPage\":{\"@id\":\"https:\\\/\\\/www.echoppe-francaise.fr\\\/blog\\\/comment-choisir-entre-une-lumiere-chaude-ou-froide\\\/#primaryimage\"},\"image\":{\"@id\":\"https:\\\/\\\/www.echoppe-francaise.fr\\\/blog\\\/comment-choisir-entre-une-lumiere-chaude-ou-froide\\\/#primaryimage\"},\"thumbnailUrl\":\"https:\\\/\\\/lh7-us.googleusercontent.com\\\/bGH31awfSFQKpkEyKXKG5YWkMQiWXVdGF7tLuB4udtODUzhZ8iThl_nqQnHQRBuuleXJ5Jy64duoO1qKhYwYMBDlE1OkSAqlx5AUJEq2UIY7mb7TbrID9LIJYj721gDvTbmskHa5qBR8\",\"datePublished\":\"2023-12-01T12:07:00+00:00\",\"dateModified\":\"2026-02-19T10:53:08+00:00\",\"description\":\"Voici les informations \u00e0 conna\u00eetre pour faire le choix entre une lumi\u00e8re chaude ou froide : nos astuces d\u00e9cos.\",\"breadcrumb\":{\"@id\":\"https:\\\/\\\/www.echoppe-francaise.fr\\\/blog\\\/comment-choisir-entre-une-lumiere-chaude-ou-froide\\\/#breadcrumb\"},\"inLanguage\":\"fr-FR\",\"potentialAction\":[{\"@type\":\"ReadAction\",\"target\":[\"https:\\\/\\\/www.echoppe-francaise.fr\\\/blog\\\/comment-choisir-entre-une-lumiere-chaude-ou-froide\\\/\"]}]},{\"@type\":\"ImageObject\",\"inLanguage\":\"fr-FR\",\"@id\":\"https:\\\/\\\/www.echoppe-francaise.fr\\\/blog\\\/comment-choisir-entre-une-lumiere-chaude-ou-froide\\\/#primaryimage\",\"url\":\"https:\\\/\\\/lh7-us.googleusercontent.com\\\/bGH31awfSFQKpkEyKXKG5YWkMQiWXVdGF7tLuB4udtODUzhZ8iThl_nqQnHQRBuuleXJ5Jy64duoO1qKhYwYMBDlE1OkSAqlx5AUJEq2UIY7mb7TbrID9LIJYj721gDvTbmskHa5qBR8\",\"contentUrl\":\"https:\\\/\\\/lh7-us.googleusercontent.com\\\/bGH31awfSFQKpkEyKXKG5YWkMQiWXVdGF7tLuB4udtODUzhZ8iThl_nqQnHQRBuuleXJ5Jy64duoO1qKhYwYMBDlE1OkSAqlx5AUJEq2UIY7mb7TbrID9LIJYj721gDvTbmskHa5qBR8\"},{\"@type\":\"BreadcrumbList\",\"@id\":\"https:\\\/\\\/www.echoppe-francaise.fr\\\/blog\\\/comment-choisir-entre-une-lumiere-chaude-ou-froide\\\/#breadcrumb\",\"itemListElement\":[{\"@type\":\"ListItem\",\"position\":1,\"name\":\"Accueil\",\"item\":\"https:\\\/\\\/www.echoppe-francaise.fr\\\/blog\\\/\"},{\"@type\":\"ListItem\",\"position\":2,\"name\":\"Comment choisir le bon luminaire pour votre int\u00e9rieur ?\",\"item\":\"https:\\\/\\\/www.echoppe-francaise.fr\\\/blog\\\/comment-choisir-le-bon-luminaire\\\/\"},{\"@type\":\"ListItem\",\"position\":3,\"name\":\"Comment choisir entre une lumi\u00e8re chaude ou froide\u00a0?\"}]},{\"@type\":\"WebSite\",\"@id\":\"https:\\\/\\\/www.echoppe-francaise.fr\\\/blog\\\/#website\",\"url\":\"https:\\\/\\\/www.echoppe-francaise.fr\\\/blog\\\/\",\"name\":\"\u00c9choppe Fran\u00e7aise, le Blog\",\"description\":\"Le blog des Cr\u00e9atrices et Cr\u00e9ateurs fran\u00e7ais\",\"publisher\":{\"@id\":\"https:\\\/\\\/www.echoppe-francaise.fr\\\/blog\\\/#organization\"},\"potentialAction\":[{\"@type\":\"SearchAction\",\"target\":{\"@type\":\"EntryPoint\",\"urlTemplate\":\"https:\\\/\\\/www.echoppe-francaise.fr\\\/blog\\\/?s={search_term_string}\"},\"query-input\":{\"@type\":\"PropertyValueSpecification\",\"valueRequired\":true,\"valueName\":\"search_term_string\"}}],\"inLanguage\":\"fr-FR\"},{\"@type\":\"Organization\",\"@id\":\"https:\\\/\\\/www.echoppe-francaise.fr\\\/blog\\\/#organization\",\"name\":\"L'\u00e9choppe Fran\u00e7aise\",\"url\":\"https:\\\/\\\/www.echoppe-francaise.fr\\\/blog\\\/\",\"logo\":{\"@type\":\"ImageObject\",\"inLanguage\":\"fr-FR\",\"@id\":\"https:\\\/\\\/www.echoppe-francaise.fr\\\/blog\\\/#\\\/schema\\\/logo\\\/image\\\/\",\"url\":\"https:\\\/\\\/www.echoppe-francaise.fr\\\/blog\\\/wp-content\\\/uploads\\\/2017\\\/04\\\/echoppe-francaise-logo-1489412704.png\",\"contentUrl\":\"https:\\\/\\\/www.echoppe-francaise.fr\\\/blog\\\/wp-content\\\/uploads\\\/2017\\\/04\\\/echoppe-francaise-logo-1489412704.png\",\"width\":492,\"height\":270,\"caption\":\"L'\u00e9choppe Fran\u00e7aise\"},\"image\":{\"@id\":\"https:\\\/\\\/www.echoppe-francaise.fr\\\/blog\\\/#\\\/schema\\\/logo\\\/image\\\/\"}}]}<\/script>\n<!-- \/ Yoast SEO plugin. -->","yoast_head_json":{"title":"Faites votre choix entre une lumi\u00e8re chaude ou froide","description":"Voici les informations \u00e0 conna\u00eetre pour faire le choix entre une lumi\u00e8re chaude ou froide : nos astuces d\u00e9cos.","robots":{"index":"index","follow":"follow","max-snippet":"max-snippet:-1","max-image-preview":"max-image-preview:large","max-video-preview":"max-video-preview:-1"},"canonical":"https:\/\/www.echoppe-francaise.fr\/blog\/comment-choisir-entre-une-lumiere-chaude-ou-froide\/","og_locale":"fr_FR","og_type":"article","og_title":"Faites votre choix entre une lumi\u00e8re chaude ou froide","og_description":"Voici les informations \u00e0 conna\u00eetre pour faire le choix entre une lumi\u00e8re chaude ou froide : nos astuces d\u00e9cos.","og_url":"https:\/\/www.echoppe-francaise.fr\/blog\/comment-choisir-entre-une-lumiere-chaude-ou-froide\/","og_site_name":"\u00c9choppe Fran\u00e7aise, le Blog","article_modified_time":"2026-02-19T10:53:08+00:00","og_image":[{"url":"https:\/\/lh7-us.googleusercontent.com\/bGH31awfSFQKpkEyKXKG5YWkMQiWXVdGF7tLuB4udtODUzhZ8iThl_nqQnHQRBuuleXJ5Jy64duoO1qKhYwYMBDlE1OkSAqlx5AUJEq2UIY7mb7TbrID9LIJYj721gDvTbmskHa5qBR8","type":"","width":"","height":""}],"twitter_card":"summary_large_image","twitter_misc":{"Dur\u00e9e de lecture estim\u00e9e":"5 minutes"},"schema":{"@context":"https:\/\/schema.org","@graph":[{"@type":"WebPage","@id":"https:\/\/www.echoppe-francaise.fr\/blog\/comment-choisir-entre-une-lumiere-chaude-ou-froide\/","url":"https:\/\/www.echoppe-francaise.fr\/blog\/comment-choisir-entre-une-lumiere-chaude-ou-froide\/","name":"Faites votre choix entre une lumi\u00e8re chaude ou froide","isPartOf":{"@id":"https:\/\/www.echoppe-francaise.fr\/blog\/#website"},"primaryImageOfPage":{"@id":"https:\/\/www.echoppe-francaise.fr\/blog\/comment-choisir-entre-une-lumiere-chaude-ou-froide\/#primaryimage"},"image":{"@id":"https:\/\/www.echoppe-francaise.fr\/blog\/comment-choisir-entre-une-lumiere-chaude-ou-froide\/#primaryimage"},"thumbnailUrl":"https:\/\/lh7-us.googleusercontent.com\/bGH31awfSFQKpkEyKXKG5YWkMQiWXVdGF7tLuB4udtODUzhZ8iThl_nqQnHQRBuuleXJ5Jy64duoO1qKhYwYMBDlE1OkSAqlx5AUJEq2UIY7mb7TbrID9LIJYj721gDvTbmskHa5qBR8","datePublished":"2023-12-01T12:07:00+00:00","dateModified":"2026-02-19T10:53:08+00:00","description":"Voici les informations \u00e0 conna\u00eetre pour faire le choix entre une lumi\u00e8re chaude ou froide : nos astuces d\u00e9cos.","breadcrumb":{"@id":"https:\/\/www.echoppe-francaise.fr\/blog\/comment-choisir-entre-une-lumiere-chaude-ou-froide\/#breadcrumb"},"inLanguage":"fr-FR","potentialAction":[{"@type":"ReadAction","target":["https:\/\/www.echoppe-francaise.fr\/blog\/comment-choisir-entre-une-lumiere-chaude-ou-froide\/"]}]},{"@type":"ImageObject","inLanguage":"fr-FR","@id":"https:\/\/www.echoppe-francaise.fr\/blog\/comment-choisir-entre-une-lumiere-chaude-ou-froide\/#primaryimage","url":"https:\/\/lh7-us.googleusercontent.com\/bGH31awfSFQKpkEyKXKG5YWkMQiWXVdGF7tLuB4udtODUzhZ8iThl_nqQnHQRBuuleXJ5Jy64duoO1qKhYwYMBDlE1OkSAqlx5AUJEq2UIY7mb7TbrID9LIJYj721gDvTbmskHa5qBR8","contentUrl":"https:\/\/lh7-us.googleusercontent.com\/bGH31awfSFQKpkEyKXKG5YWkMQiWXVdGF7tLuB4udtODUzhZ8iThl_nqQnHQRBuuleXJ5Jy64duoO1qKhYwYMBDlE1OkSAqlx5AUJEq2UIY7mb7TbrID9LIJYj721gDvTbmskHa5qBR8"},{"@type":"BreadcrumbList","@id":"https:\/\/www.echoppe-francaise.fr\/blog\/comment-choisir-entre-une-lumiere-chaude-ou-froide\/#breadcrumb","itemListElement":[{"@type":"ListItem","position":1,"name":"Accueil","item":"https:\/\/www.echoppe-francaise.fr\/blog\/"},{"@type":"ListItem","position":2,"name":"Comment choisir le bon luminaire pour votre int\u00e9rieur ?","item":"https:\/\/www.echoppe-francaise.fr\/blog\/comment-choisir-le-bon-luminaire\/"},{"@type":"ListItem","position":3,"name":"Comment choisir entre une lumi\u00e8re chaude ou froide\u00a0?"}]},{"@type":"WebSite","@id":"https:\/\/www.echoppe-francaise.fr\/blog\/#website","url":"https:\/\/www.echoppe-francaise.fr\/blog\/","name":"\u00c9choppe Fran\u00e7aise, le Blog","description":"Le blog des Cr\u00e9atrices et Cr\u00e9ateurs fran\u00e7ais","publisher":{"@id":"https:\/\/www.echoppe-francaise.fr\/blog\/#organization"},"potentialAction":[{"@type":"SearchAction","target":{"@type":"EntryPoint","urlTemplate":"https:\/\/www.echoppe-francaise.fr\/blog\/?s={search_term_string}"},"query-input":{"@type":"PropertyValueSpecification","valueRequired":true,"valueName":"search_term_string"}}],"inLanguage":"fr-FR"},{"@type":"Organization","@id":"https:\/\/www.echoppe-francaise.fr\/blog\/#organization","name":"L'\u00e9choppe Fran\u00e7aise","url":"https:\/\/www.echoppe-francaise.fr\/blog\/","logo":{"@type":"ImageObject","inLanguage":"fr-FR","@id":"https:\/\/www.echoppe-francaise.fr\/blog\/#\/schema\/logo\/image\/","url":"https:\/\/www.echoppe-francaise.fr\/blog\/wp-content\/uploads\/2017\/04\/echoppe-francaise-logo-1489412704.png","contentUrl":"https:\/\/www.echoppe-francaise.fr\/blog\/wp-content\/uploads\/2017\/04\/echoppe-francaise-logo-1489412704.png","width":492,"height":270,"caption":"L'\u00e9choppe Fran\u00e7aise"},"image":{"@id":"https:\/\/www.echoppe-francaise.fr\/blog\/#\/schema\/logo\/image\/"}}]}},"_links":{"self":[{"href":"https:\/\/www.echoppe-francaise.fr\/blog\/wp-json\/wp\/v2\/pages\/1557","targetHints":{"allow":["GET"]}}],"collection":[{"href":"https:\/\/www.echoppe-francaise.fr\/blog\/wp-json\/wp\/v2\/pages"}],"about":[{"href":"https:\/\/www.echoppe-francaise.fr\/blog\/wp-json\/wp\/v2\/types\/page"}],"author":[{"embeddable":true,"href":"https:\/\/www.echoppe-francaise.fr\/blog\/wp-json\/wp\/v2\/users\/6"}],"replies":[{"embeddable":true,"href":"https:\/\/www.echoppe-francaise.fr\/blog\/wp-json\/wp\/v2\/comments?post=1557"}],"version-history":[{"count":8,"href":"https:\/\/www.echoppe-francaise.fr\/blog\/wp-json\/wp\/v2\/pages\/1557\/revisions"}],"predecessor-version":[{"id":2379,"href":"https:\/\/www.echoppe-francaise.fr\/blog\/wp-json\/wp\/v2\/pages\/1557\/revisions\/2379"}],"up":[{"embeddable":true,"href":"https:\/\/www.echoppe-francaise.fr\/blog\/wp-json\/wp\/v2\/pages\/1541"}],"wp:attachment":[{"href":"https:\/\/www.echoppe-francaise.fr\/blog\/wp-json\/wp\/v2\/media?parent=1557"}],"curies":[{"name":"wp","href":"https:\/\/api.w.org\/{rel}","templated":true}]}}