{"id":1554,"date":"2023-12-01T12:37:38","date_gmt":"2023-12-01T11:37:38","guid":{"rendered":"https:\/\/www.echoppe-francaise.fr\/blog\/?page_id=1554"},"modified":"2026-02-19T11:54:14","modified_gmt":"2026-02-19T10:54:14","slug":"quels-sont-les-differents-types-declairages","status":"publish","type":"page","link":"https:\/\/www.echoppe-francaise.fr\/blog\/quels-sont-les-differents-types-declairages\/","title":{"rendered":"Quels sont les diff\u00e9rents types d&rsquo;\u00e9clairages\u00a0?"},"content":{"rendered":"\n<figure class=\"wp-block-image\"><img decoding=\"async\" src=\"https:\/\/lh7-us.googleusercontent.com\/liF4zn7V2G-FsEM-9ZmvWsfRVLDTKTw6TSd3AqizUflaoSEPEFvQB2rgGs-1mexy2SZ-Av6mbnHphEwdPnldSJkm7xgeM7hPO8Eo_1icY6c8woSqcHBWW1ksrK9iSI_1mvxCiOGUMAjK\" alt=\"Un dessin de salon \u00e9clairer avec diff\u00e9rents types d'\u00e9clairage \"\/><\/figure>\n\n\n\n<p class=\"wp-block-paragraph\">L\u2019\u00e9clairage se d\u00e9cline en plusieurs sortes\u00a0: <strong><a href=\"https:\/\/www.echoppe-francaise.fr\/lampes-luminaires_64\" target=\"_blank\" rel=\"noreferrer noopener\">luminaire<\/a>, lampe de table, spot, lampadaire d\u2019int\u00e9rieur ou appliqu<\/strong>\u00e9, etc. Tout d\u00e9pend du rendu de votre d\u00e9coration. Prenez aussi en compte la fonction de la pi\u00e8ce. Voici les diff\u00e9rentes alternatives dont vous disposez.\u00a0<br><br>D\u00e9couvrez notre article <a href=\"https:\/\/www.echoppe-francaise.fr\/blog\/comment-choisir-le-bon-luminaire\/\" type=\"link\" id=\"https:\/\/www.echoppe-francaise.fr\/blog\/comment-choisir-le-bon-luminaire\/\">comment choisir le bon luminaire ?<\/a><\/p>\n\n\n\n<h2 class=\"wp-block-heading\">Comment bien choisir sa suspension ou son lustre&nbsp;?&nbsp;<\/h2>\n\n\n\n<figure class=\"wp-block-image\"><img decoding=\"async\" src=\"https:\/\/lh7-us.googleusercontent.com\/MiiW5XumvlGkYpS24pXuD2LdWGayOeYO_x_BoqTQoAFKTcDtYK7OFg3QcBm6eBQaV_CD3XCapDMx9bZqKq449JVAvjfi80WeHoi_cnWrG-zIQQdf-V0zTz0f-09_Bjvkqn9yQ41k5Qj3\" alt=\"Une suspension ronde tendance avec des ampoules led.\"\/><\/figure>\n\n\n\n<p class=\"wp-block-paragraph\">Le <strong>lustre ou la suspension <\/strong>est un classique ind\u00e9modable dans votre d\u00e9coration d\u2019int\u00e9rieur. Il s\u2019invite dans les halls d\u2019entr\u00e9e, les salons ou m\u00eame les chambres \u00e0 coucher. C\u2019est la solution id\u00e9ale pour un \u00e9clairage central. C\u2019est surtout le cas si vous avez une jolie hauteur sous plafond.&nbsp;<\/p>\n\n\n\n<p class=\"wp-block-paragraph\">Sur l\u2019\u00c9choppe Fran\u00e7aise, nous vous proposons des mod\u00e8les en bois. Ils sont cr\u00e9\u00e9s par des artisans fran\u00e7ais. Ils apportent une touche conviviale et originale \u00e0 votre am\u00e9nagement. Mais, vous cherchez une <strong>ambiance classique et \u00e9l\u00e9gante&nbsp;<\/strong>? Tournez-nous vers les luminaires en verre ou en m\u00e9tal. Diff\u00e9rentes finitions sont disponibles aupr\u00e8s des magasins de d\u00e9coration&nbsp;: couleur, polissage, design, etc. Il suffit de rester coh\u00e9rent avec la th\u00e9matique g\u00e9n\u00e9rale de l\u2019am\u00e9nagement.&nbsp;<\/p>\n\n\n\n<p class=\"wp-block-paragraph\">La taille de votre suspension doit s\u2019adapter \u00e0 la superficie de l\u2019espace. Dans la salle \u00e0 manger, par exemple, elle fera la moiti\u00e9 du diam\u00e8tre de la table. Vous avez une table rectangulaire&nbsp;? Le lustre fera <strong>30 cm <\/strong>de moins que sa largeur.&nbsp;<\/p>\n\n\n\n<p class=\"wp-block-paragraph\">Vous avez un salon de 10 m\u00b2&nbsp;? Choisissez un syst\u00e8me d\u2019\u00e9clairage de 30 \u00e0 40 cm. Augmentez de <strong>5 cm pour chaque 5 m\u00b2 <\/strong>suppl\u00e9mentaire. C\u2019est-\u00e0-dire, dans une pi\u00e8ce de 10 \u00e0 15 m\u00b2, il faudra une suspension de 40 \u00e0 45 cm.&nbsp;<\/p>\n\n\n\n<p class=\"wp-block-paragraph\">Servez-vous de cet accessoire pour \u00e9clairer et souligner la hauteur sous plafond. En moyenne, la suspension sera \u00e0 30 cm de votre rosace. Mais, tout d\u00e9pend de l\u2019espace. C\u2019est une solution pratique dans la salle \u00e0 manger. Mais, vous pouvez en faire plus pour les luminaires \u00e0 c\u00f4t\u00e9 du salon. Les <strong>LED<\/strong> plus proches de la zone \u00e0 \u00e9clairer&nbsp;: c\u2019est tendance.&nbsp;<\/p>\n\n\n\n<p class=\"wp-block-paragraph\">Trouvez plus de d\u00e9tails sur le choix d&rsquo;une suspension sur : <a href=\"https:\/\/www.echoppe-francaise.fr\/blog\/comment-bien-choisir-sa-suspension-ou-lustre\/\" target=\"_blank\" rel=\"noreferrer noopener\">Comment bien choisir sa suspension ou lustre&nbsp;?<\/a><\/p>\n\n\n\n<h2 class=\"wp-block-heading\">Comment choisir une lampe&nbsp;?&nbsp;<\/h2>\n\n\n\n<figure class=\"wp-block-image\"><img decoding=\"async\" src=\"https:\/\/lh7-us.googleusercontent.com\/cnU_euTJ3jHAheGS1THoa1pxZxWYMKnXHF64zZhpNZsiiGl7HSc3eCVaK9bug2LspnvQlABCyU7xRexgz4cjYp12aDmGGXiKwu7CLm4MdscfH8dPz7FQWbHMqWGoeysK1Oc_BGuDvVaL\" alt=\"Une lampe de chevet dans une chambre \u00e0 coucher. \"\/><\/figure>\n\n\n\n<p class=\"wp-block-paragraph\">La <strong>lampe <\/strong>est une solution d\u2019\u00e9clairage d\u2019appoint. Vous la posez simplement sur la table pour profiter de son efficacit\u00e9. Mais attention, sa lumi\u00e8re est limit\u00e9e. C\u2019est donc aussi une bonne id\u00e9e pour un \u00e9clairage d\u2019ambiance. Elle s\u2019invite d\u2019ailleurs dans la chambre ou le salon et les bureaux.&nbsp;<\/p>\n\n\n\n<p class=\"wp-block-paragraph\">Voici les crit\u00e8res pour choisir une bonne lampe&nbsp;:&nbsp;<\/p>\n\n\n\n<ul class=\"wp-block-list\">\n<li>Le type de culot&nbsp;: vous trouverez une <strong>ampoule LED<\/strong> plus facilement avec un mod\u00e8le standard.&nbsp;<\/li>\n\n\n\n<li>La puissance&nbsp;: <strong>2 \u00e0 9 W Led<\/strong><\/li>\n\n\n\n<li>L\u2019intensit\u00e9 de l\u2019\u00e9clairage&nbsp;: <strong>200 \u00e0 950 lumen<\/strong>s&nbsp;<\/li>\n<\/ul>\n\n\n\n<p class=\"wp-block-paragraph\">On vous conseille un <strong>culot \u00e0 vis -E14<\/strong>. Et, adaptez la puissance de la lampe selon la superficie. Vous aurez besoin de 2 W LED par m2. Donc, ce sera de 10 W pour 10 m\u00b2. L\u2019intensit\u00e9 change selon l\u2019ambiance recherch\u00e9e. Moins de lumens est \u00e9gal \u00e0 plus de chaleur dans la pi\u00e8ce. C\u2019est conseill\u00e9 dans la chambre ou le salon. Pour le bureau, allez jusqu\u2019\u00e0 950 Lumens. On pr\u00e9conise aussi les lumi\u00e8res blanches bleut\u00e9es dans les espaces ext\u00e9rieurs.&nbsp;<\/p>\n\n\n\n<h2 class=\"wp-block-heading\">Comment choisir la bonne applique&nbsp;?&nbsp;<\/h2>\n\n\n\n<figure class=\"wp-block-image\"><img decoding=\"async\" src=\"https:\/\/lh7-us.googleusercontent.com\/OW2Yt_ajZdLWnSW9EoonxvgKmwqBfJHqoVdqL35sY6Jfcm6Nvzm-XaQRaxT8cHbL3o0V8QMoqCThlj4Yq80tTu2jzST82PxWCSlHs4xeRbHb6aew64ARdxMBjYvfjbH2VBSfrj0E5EId\" alt=\"Une applique en bois en forme de fleur. \"\/><\/figure>\n\n\n\n<p class=\"wp-block-paragraph\">Vous avez de petits espaces \u00e0 \u00e9clairer&nbsp;? Les <strong>appliques <\/strong>s\u2019av\u00e9reront pratiques. Ce syst\u00e8me d\u2019\u00e9clairage se fixe directement sur les murs. Il vous propose d\u2019\u00e9clairer une zone bien pr\u00e9cise. De quoi vous assurer un \u00e9clairage d\u2019ambiance tendance.&nbsp;<\/p>\n\n\n\n<p class=\"wp-block-paragraph\">Diff\u00e9rents mod\u00e8les sont disponibles sur l\u2019\u00c9choppe Fran\u00e7aise. Nos cr\u00e9ateurs fran\u00e7ais travaillent le bois pour vous donner des formes originales. Profitez-en pour habiller vos murs.&nbsp; Avec ces mod\u00e8les en <strong>forme de fleurs<\/strong>, sortez des sentiers battus dans votre d\u00e9co.&nbsp;<\/p>\n\n\n\n<p class=\"wp-block-paragraph\">Adaptez aussi le niveau de s\u00e9curit\u00e9 de l\u2019applique \u00e0 la pi\u00e8ce&nbsp;:&nbsp;<\/p>\n\n\n\n<ul class=\"wp-block-list\">\n<li>Un <strong>mod\u00e8le IP 20<\/strong> dans une chambre, un salon ou un bureau<\/li>\n\n\n\n<li>Une <strong>applique IP 44 <\/strong>dans les endroits humides comme la salle de bain ou la cuisine.&nbsp;<\/li>\n<\/ul>\n\n\n\n<p class=\"wp-block-paragraph\">La couleur de l\u2019ampoule varie selon l\u2019ambiance. Envie d\u2019un endroit propice \u00e0 la d\u00e9tente&nbsp;? Penche-vous toujours vers le jaune. C\u2019est aussi plus naturel, et donc, plus convivial. Vous souhaitez un espace plus fonctionnel&nbsp;? Tournez-vous vers les <strong>lumi\u00e8res blanches ou bleues&nbsp;<\/strong>: bureau, terrasse, etc.&nbsp;<\/p>\n\n\n\n<p class=\"wp-block-paragraph\">La puissance&nbsp;? Tout d\u00e9pend de la superficie disponible. Vous aurez besoin de <strong>1 500 lumens pour 15 m2<\/strong>. C\u2019est l\u2019\u00e9quivalent de 15 W. Et, ne minimisez pas l\u2019aspect pratique. Tel est le cas avec un syst\u00e8me de d\u00e9tection de mouvement. Ainsi, votre \u00e9clairage se mettra en marche et s\u2019\u00e9teindra automatiquement selon les va-et-vient.&nbsp;<\/p>\n\n\n\n<h2 class=\"wp-block-heading\">Comment trouver le lampadaire id\u00e9al&nbsp;?&nbsp;<\/h2>\n\n\n\n<figure class=\"wp-block-image\"><img decoding=\"async\" src=\"https:\/\/lh7-us.googleusercontent.com\/wsUOaooOJISQc110pk2QQXKvXIslCnBC8OZ3O-bcJ8WsSpthMfgsRO2WbpVkWumopMBaQtIiwuDtptJHkoiA8IDJR72oU0Hwq2M57ny2KQL9C13gB-cJ6qjTUnnReir5-K0XqswlkgX-\" alt=\"Un lampadaire int\u00e9rieur qui penche au-dessus du canap\u00e9 du salon.\"\/><\/figure>\n\n\n\n<p class=\"wp-block-paragraph\">Envie d\u2019un \u00e9clairage tendance et pratique&nbsp;? Sans aucune installation \u00e9lectrique complexe&nbsp;? Le <strong>lampadaire d\u2019int\u00e9rieur<\/strong> est votre meilleur alli\u00e9. Il s\u2019installera sur les coins lectures, dans le salon ou le hall d\u2019entr\u00e9e. Choisissez un mod\u00e8le qui se mariera avec la couleur et la th\u00e9matique de votre d\u00e9co.&nbsp;<\/p>\n\n\n\n<p class=\"wp-block-paragraph\">En rayon des magasins d\u2019am\u00e9nagement, vous avez le choix&nbsp;: <strong>en forme d\u2019arc<\/strong>, droit, \u00e0 3 pieds, etc. Dans une pi\u00e8ce moderne, on recommande le m\u00e9tal. En qu\u00eate d\u2019une ambiance conviviale&nbsp;? Le bois reste un incontournable.&nbsp;&nbsp;<\/p>\n\n\n\n<p class=\"wp-block-paragraph\">Faites surtout attention \u00e0 la puissance de votre lampadaire. <strong>4 et 7 W, soit de 400 \u00e0 700 Lumen<\/strong>s&nbsp;: C\u2019est le mod\u00e8le standard et passe-partout.&nbsp; Mais, tout d\u00e9pend toujours de la superficie \u00e0 \u00e9clairer. Comptez au moins 200 Lumens par m2 dans les chambres ou les salons. Cela \u00e9quivaut \u00e0 peu pr\u00e8s \u00e0 10 W.&nbsp;<\/p>\n\n\n\n<p class=\"wp-block-paragraph\">Il reste \u00e0 bien placer le lampadaire&nbsp;:&nbsp;<\/p>\n\n\n\n<ul class=\"wp-block-list\">\n<li>Le socle dans un coin et le bout de l\u2019arc sur la zone \u00e0 \u00e9clairer<\/li>\n\n\n\n<li>Dans un coin de la pi\u00e8ce pour un \u00e9clairage d\u2019ambiance avec un lampadaire droit<\/li>\n\n\n\n<li><strong>\u00c0 c\u00f4t\u00e9 du canap<\/strong>\u00e9 pour bien \u00e9clairer le salon&nbsp;<\/li>\n\n\n\n<li>\u00c0 c\u00f4t\u00e9 du lit pour avoir une lumi\u00e8re optimale pendant la lecture<\/li>\n\n\n\n<li>\u00c0 c\u00f4t\u00e9 du bureau pour un maximum de productivit\u00e9 et de confort dans la pi\u00e8ce<\/li>\n<\/ul>\n\n\n\n<p class=\"wp-block-paragraph\">Vous avez le choix selon l\u2019espace.&nbsp;Plus d&rsquo;astuces sur notre articles : <a href=\"https:\/\/www.echoppe-francaise.fr\/blog\/comment-trouver-le-lampadaire-ideal\/\" target=\"_blank\" rel=\"noreferrer noopener\">Comment trouver le lampadaire id\u00e9al&nbsp;?<\/a><\/p>\n\n\n\n<h2 class=\"wp-block-heading\">Quel plafonnier choisir&nbsp;?<\/h2>\n\n\n\n<figure class=\"wp-block-image size-large\"><img loading=\"lazy\" decoding=\"async\" width=\"1024\" height=\"1024\" src=\"https:\/\/www.echoppe-francaise.fr\/blog\/wp-content\/uploads\/2023\/11\/Un-plafonnier-de-salon-1024x1024.jpg\" alt=\"Un plafonnier en forme de fleur en verre avec une lumi\u00e8re de couleur blanche.\" class=\"wp-image-1555\" srcset=\"https:\/\/www.echoppe-francaise.fr\/blog\/wp-content\/uploads\/2023\/11\/Un-plafonnier-de-salon.jpg 1024w, https:\/\/www.echoppe-francaise.fr\/blog\/wp-content\/uploads\/2023\/11\/Un-plafonnier-de-salon-300x300.jpg 300w, https:\/\/www.echoppe-francaise.fr\/blog\/wp-content\/uploads\/2023\/11\/Un-plafonnier-de-salon-150x150.jpg 150w, https:\/\/www.echoppe-francaise.fr\/blog\/wp-content\/uploads\/2023\/11\/Un-plafonnier-de-salon-768x768.jpg 768w\" sizes=\"auto, (max-width: 1024px) 100vw, 1024px\" \/><\/figure>\n\n\n\n<h2 class=\"wp-block-heading\">&nbsp;<\/h2>\n\n\n\n<p class=\"wp-block-paragraph\">Dans une petite pi\u00e8ce, le <strong>plafonnier<\/strong> est un syst\u00e8me d\u2019\u00e9clairage adapt\u00e9. Il se fixe directement sur le plafond. C\u2019est parfait dans la chambre d\u2019ami, celle des enfants, les couloirs ou la salle de bain, etc. On recommande les formes classiques. Elles passent partout, peu importe les pi\u00e8ces de la maison. Ce sont des valeurs s\u00fbres de la d\u00e9coration. Cependant, les marques vous proposent aussi des plafonniers avec des motifs. Ils ajoutent de l\u2019originalit\u00e9 dans les chambres d\u2019enfants par exemple.&nbsp;<\/p>\n\n\n\n<p class=\"wp-block-paragraph\">Un bon plafonnier doit avoir une taille de <strong>40 \u00e0 50 cm<\/strong> environ&nbsp;:&nbsp;<\/p>\n\n\n\n<ul class=\"wp-block-list\">\n<li>40 \u00e0 45 cm pour une pi\u00e8ce de 10 \u00e0 15 m2<\/li>\n\n\n\n<li>45 \u00e0 502 cm pour un espace de plus de 15 m2<\/li>\n<\/ul>\n\n\n\n<p class=\"wp-block-paragraph\">La puissance&nbsp;? <strong>40 W LED<\/strong> seront suffisants. Ceci \u00e9quivaut \u00e0 300 Lumens minimum. De quoi vous faire profiter de 3 000 kelvins. Vous aurez une couleur l\u00e9g\u00e8rement jaune. Votre pi\u00e8ce sera donc plus conviviale.&nbsp;<\/p>\n","protected":false},"excerpt":{"rendered":"<p>L\u2019\u00e9clairage se d\u00e9cline en plusieurs sortes\u00a0: luminaire, lampe de table, spot, lampadaire d\u2019int\u00e9rieur ou appliqu\u00e9, etc. Tout d\u00e9pend du rendu de votre d\u00e9coration. Prenez aussi en compte la fonction de la pi\u00e8ce. Voici les diff\u00e9rentes alternatives dont vous disposez.\u00a0 D\u00e9couvrez notre article comment choisir le bon luminaire ? Comment bien choisir sa suspension ou son&hellip;&nbsp;<\/p>\n","protected":false},"author":6,"featured_media":0,"parent":0,"menu_order":0,"comment_status":"closed","ping_status":"closed","template":"","meta":{"_crdt_document":"","neve_meta_sidebar":"","neve_meta_container":"","neve_meta_enable_content_width":"","neve_meta_content_width":0,"neve_meta_title_alignment":"","neve_meta_author_avatar":"","neve_post_elements_order":"","neve_meta_disable_header":"","neve_meta_disable_footer":"","neve_meta_disable_title":"","footnotes":""},"class_list":["post-1554","page","type-page","status-publish","hentry"],"yoast_head":"<!-- This site is optimized with the Yoast SEO plugin v27.5 - https:\/\/yoast.com\/product\/yoast-seo-wordpress\/ -->\n<title>Quels Types d&#039;\u00c9clairages Choisir ?<\/title>\n<meta name=\"description\" content=\"D\u00e9couvrez les diff\u00e9rents types d&#039;\u00e9clairages et nos conseils pour faire le meilleur choix de luminaires sur cet article.\" \/>\n<meta name=\"robots\" content=\"index, follow, max-snippet:-1, max-image-preview:large, max-video-preview:-1\" \/>\n<link rel=\"canonical\" href=\"https:\/\/www.echoppe-francaise.fr\/blog\/quels-sont-les-differents-types-declairages\/\" \/>\n<meta property=\"og:locale\" content=\"fr_FR\" \/>\n<meta property=\"og:type\" content=\"article\" \/>\n<meta property=\"og:title\" content=\"Quels Types d&#039;\u00c9clairages Choisir ?\" \/>\n<meta property=\"og:description\" content=\"D\u00e9couvrez les diff\u00e9rents types d&#039;\u00e9clairages et nos conseils pour faire le meilleur choix de luminaires sur cet article.\" \/>\n<meta property=\"og:url\" content=\"https:\/\/www.echoppe-francaise.fr\/blog\/quels-sont-les-differents-types-declairages\/\" \/>\n<meta property=\"og:site_name\" content=\"\u00c9choppe Fran\u00e7aise, le Blog\" \/>\n<meta property=\"article:modified_time\" content=\"2026-02-19T10:54:14+00:00\" \/>\n<meta property=\"og:image\" content=\"https:\/\/lh7-us.googleusercontent.com\/liF4zn7V2G-FsEM-9ZmvWsfRVLDTKTw6TSd3AqizUflaoSEPEFvQB2rgGs-1mexy2SZ-Av6mbnHphEwdPnldSJkm7xgeM7hPO8Eo_1icY6c8woSqcHBWW1ksrK9iSI_1mvxCiOGUMAjK\" \/>\n<meta name=\"twitter:card\" content=\"summary_large_image\" \/>\n<meta name=\"twitter:label1\" content=\"Dur\u00e9e de lecture estim\u00e9e\" \/>\n\t<meta name=\"twitter:data1\" content=\"7 minutes\" \/>\n<script type=\"application\/ld+json\" class=\"yoast-schema-graph\">{\"@context\":\"https:\\\/\\\/schema.org\",\"@graph\":[{\"@type\":\"WebPage\",\"@id\":\"https:\\\/\\\/www.echoppe-francaise.fr\\\/blog\\\/quels-sont-les-differents-types-declairages\\\/\",\"url\":\"https:\\\/\\\/www.echoppe-francaise.fr\\\/blog\\\/quels-sont-les-differents-types-declairages\\\/\",\"name\":\"Quels Types d'\u00c9clairages Choisir ?\",\"isPartOf\":{\"@id\":\"https:\\\/\\\/www.echoppe-francaise.fr\\\/blog\\\/#website\"},\"primaryImageOfPage\":{\"@id\":\"https:\\\/\\\/www.echoppe-francaise.fr\\\/blog\\\/quels-sont-les-differents-types-declairages\\\/#primaryimage\"},\"image\":{\"@id\":\"https:\\\/\\\/www.echoppe-francaise.fr\\\/blog\\\/quels-sont-les-differents-types-declairages\\\/#primaryimage\"},\"thumbnailUrl\":\"https:\\\/\\\/lh7-us.googleusercontent.com\\\/liF4zn7V2G-FsEM-9ZmvWsfRVLDTKTw6TSd3AqizUflaoSEPEFvQB2rgGs-1mexy2SZ-Av6mbnHphEwdPnldSJkm7xgeM7hPO8Eo_1icY6c8woSqcHBWW1ksrK9iSI_1mvxCiOGUMAjK\",\"datePublished\":\"2023-12-01T11:37:38+00:00\",\"dateModified\":\"2026-02-19T10:54:14+00:00\",\"description\":\"D\u00e9couvrez les diff\u00e9rents types d'\u00e9clairages et nos conseils pour faire le meilleur choix de luminaires sur cet article.\",\"breadcrumb\":{\"@id\":\"https:\\\/\\\/www.echoppe-francaise.fr\\\/blog\\\/quels-sont-les-differents-types-declairages\\\/#breadcrumb\"},\"inLanguage\":\"fr-FR\",\"potentialAction\":[{\"@type\":\"ReadAction\",\"target\":[\"https:\\\/\\\/www.echoppe-francaise.fr\\\/blog\\\/quels-sont-les-differents-types-declairages\\\/\"]}]},{\"@type\":\"ImageObject\",\"inLanguage\":\"fr-FR\",\"@id\":\"https:\\\/\\\/www.echoppe-francaise.fr\\\/blog\\\/quels-sont-les-differents-types-declairages\\\/#primaryimage\",\"url\":\"https:\\\/\\\/lh7-us.googleusercontent.com\\\/liF4zn7V2G-FsEM-9ZmvWsfRVLDTKTw6TSd3AqizUflaoSEPEFvQB2rgGs-1mexy2SZ-Av6mbnHphEwdPnldSJkm7xgeM7hPO8Eo_1icY6c8woSqcHBWW1ksrK9iSI_1mvxCiOGUMAjK\",\"contentUrl\":\"https:\\\/\\\/lh7-us.googleusercontent.com\\\/liF4zn7V2G-FsEM-9ZmvWsfRVLDTKTw6TSd3AqizUflaoSEPEFvQB2rgGs-1mexy2SZ-Av6mbnHphEwdPnldSJkm7xgeM7hPO8Eo_1icY6c8woSqcHBWW1ksrK9iSI_1mvxCiOGUMAjK\"},{\"@type\":\"BreadcrumbList\",\"@id\":\"https:\\\/\\\/www.echoppe-francaise.fr\\\/blog\\\/quels-sont-les-differents-types-declairages\\\/#breadcrumb\",\"itemListElement\":[{\"@type\":\"ListItem\",\"position\":1,\"name\":\"Accueil\",\"item\":\"https:\\\/\\\/www.echoppe-francaise.fr\\\/blog\\\/\"},{\"@type\":\"ListItem\",\"position\":2,\"name\":\"Quels sont les diff\u00e9rents types d&rsquo;\u00e9clairages\u00a0?\"}]},{\"@type\":\"WebSite\",\"@id\":\"https:\\\/\\\/www.echoppe-francaise.fr\\\/blog\\\/#website\",\"url\":\"https:\\\/\\\/www.echoppe-francaise.fr\\\/blog\\\/\",\"name\":\"\u00c9choppe Fran\u00e7aise, le Blog\",\"description\":\"Le blog des Cr\u00e9atrices et Cr\u00e9ateurs fran\u00e7ais\",\"publisher\":{\"@id\":\"https:\\\/\\\/www.echoppe-francaise.fr\\\/blog\\\/#organization\"},\"potentialAction\":[{\"@type\":\"SearchAction\",\"target\":{\"@type\":\"EntryPoint\",\"urlTemplate\":\"https:\\\/\\\/www.echoppe-francaise.fr\\\/blog\\\/?s={search_term_string}\"},\"query-input\":{\"@type\":\"PropertyValueSpecification\",\"valueRequired\":true,\"valueName\":\"search_term_string\"}}],\"inLanguage\":\"fr-FR\"},{\"@type\":\"Organization\",\"@id\":\"https:\\\/\\\/www.echoppe-francaise.fr\\\/blog\\\/#organization\",\"name\":\"L'\u00e9choppe Fran\u00e7aise\",\"url\":\"https:\\\/\\\/www.echoppe-francaise.fr\\\/blog\\\/\",\"logo\":{\"@type\":\"ImageObject\",\"inLanguage\":\"fr-FR\",\"@id\":\"https:\\\/\\\/www.echoppe-francaise.fr\\\/blog\\\/#\\\/schema\\\/logo\\\/image\\\/\",\"url\":\"https:\\\/\\\/www.echoppe-francaise.fr\\\/blog\\\/wp-content\\\/uploads\\\/2017\\\/04\\\/echoppe-francaise-logo-1489412704.png\",\"contentUrl\":\"https:\\\/\\\/www.echoppe-francaise.fr\\\/blog\\\/wp-content\\\/uploads\\\/2017\\\/04\\\/echoppe-francaise-logo-1489412704.png\",\"width\":492,\"height\":270,\"caption\":\"L'\u00e9choppe Fran\u00e7aise\"},\"image\":{\"@id\":\"https:\\\/\\\/www.echoppe-francaise.fr\\\/blog\\\/#\\\/schema\\\/logo\\\/image\\\/\"}}]}<\/script>\n<!-- \/ Yoast SEO plugin. -->","yoast_head_json":{"title":"Quels Types d'\u00c9clairages Choisir ?","description":"D\u00e9couvrez les diff\u00e9rents types d'\u00e9clairages et nos conseils pour faire le meilleur choix de luminaires sur cet article.","robots":{"index":"index","follow":"follow","max-snippet":"max-snippet:-1","max-image-preview":"max-image-preview:large","max-video-preview":"max-video-preview:-1"},"canonical":"https:\/\/www.echoppe-francaise.fr\/blog\/quels-sont-les-differents-types-declairages\/","og_locale":"fr_FR","og_type":"article","og_title":"Quels Types d'\u00c9clairages Choisir ?","og_description":"D\u00e9couvrez les diff\u00e9rents types d'\u00e9clairages et nos conseils pour faire le meilleur choix de luminaires sur cet article.","og_url":"https:\/\/www.echoppe-francaise.fr\/blog\/quels-sont-les-differents-types-declairages\/","og_site_name":"\u00c9choppe Fran\u00e7aise, le Blog","article_modified_time":"2026-02-19T10:54:14+00:00","og_image":[{"url":"https:\/\/lh7-us.googleusercontent.com\/liF4zn7V2G-FsEM-9ZmvWsfRVLDTKTw6TSd3AqizUflaoSEPEFvQB2rgGs-1mexy2SZ-Av6mbnHphEwdPnldSJkm7xgeM7hPO8Eo_1icY6c8woSqcHBWW1ksrK9iSI_1mvxCiOGUMAjK","type":"","width":"","height":""}],"twitter_card":"summary_large_image","twitter_misc":{"Dur\u00e9e de lecture estim\u00e9e":"7 minutes"},"schema":{"@context":"https:\/\/schema.org","@graph":[{"@type":"WebPage","@id":"https:\/\/www.echoppe-francaise.fr\/blog\/quels-sont-les-differents-types-declairages\/","url":"https:\/\/www.echoppe-francaise.fr\/blog\/quels-sont-les-differents-types-declairages\/","name":"Quels Types d'\u00c9clairages Choisir ?","isPartOf":{"@id":"https:\/\/www.echoppe-francaise.fr\/blog\/#website"},"primaryImageOfPage":{"@id":"https:\/\/www.echoppe-francaise.fr\/blog\/quels-sont-les-differents-types-declairages\/#primaryimage"},"image":{"@id":"https:\/\/www.echoppe-francaise.fr\/blog\/quels-sont-les-differents-types-declairages\/#primaryimage"},"thumbnailUrl":"https:\/\/lh7-us.googleusercontent.com\/liF4zn7V2G-FsEM-9ZmvWsfRVLDTKTw6TSd3AqizUflaoSEPEFvQB2rgGs-1mexy2SZ-Av6mbnHphEwdPnldSJkm7xgeM7hPO8Eo_1icY6c8woSqcHBWW1ksrK9iSI_1mvxCiOGUMAjK","datePublished":"2023-12-01T11:37:38+00:00","dateModified":"2026-02-19T10:54:14+00:00","description":"D\u00e9couvrez les diff\u00e9rents types d'\u00e9clairages et nos conseils pour faire le meilleur choix de luminaires sur cet article.","breadcrumb":{"@id":"https:\/\/www.echoppe-francaise.fr\/blog\/quels-sont-les-differents-types-declairages\/#breadcrumb"},"inLanguage":"fr-FR","potentialAction":[{"@type":"ReadAction","target":["https:\/\/www.echoppe-francaise.fr\/blog\/quels-sont-les-differents-types-declairages\/"]}]},{"@type":"ImageObject","inLanguage":"fr-FR","@id":"https:\/\/www.echoppe-francaise.fr\/blog\/quels-sont-les-differents-types-declairages\/#primaryimage","url":"https:\/\/lh7-us.googleusercontent.com\/liF4zn7V2G-FsEM-9ZmvWsfRVLDTKTw6TSd3AqizUflaoSEPEFvQB2rgGs-1mexy2SZ-Av6mbnHphEwdPnldSJkm7xgeM7hPO8Eo_1icY6c8woSqcHBWW1ksrK9iSI_1mvxCiOGUMAjK","contentUrl":"https:\/\/lh7-us.googleusercontent.com\/liF4zn7V2G-FsEM-9ZmvWsfRVLDTKTw6TSd3AqizUflaoSEPEFvQB2rgGs-1mexy2SZ-Av6mbnHphEwdPnldSJkm7xgeM7hPO8Eo_1icY6c8woSqcHBWW1ksrK9iSI_1mvxCiOGUMAjK"},{"@type":"BreadcrumbList","@id":"https:\/\/www.echoppe-francaise.fr\/blog\/quels-sont-les-differents-types-declairages\/#breadcrumb","itemListElement":[{"@type":"ListItem","position":1,"name":"Accueil","item":"https:\/\/www.echoppe-francaise.fr\/blog\/"},{"@type":"ListItem","position":2,"name":"Quels sont les diff\u00e9rents types d&rsquo;\u00e9clairages\u00a0?"}]},{"@type":"WebSite","@id":"https:\/\/www.echoppe-francaise.fr\/blog\/#website","url":"https:\/\/www.echoppe-francaise.fr\/blog\/","name":"\u00c9choppe Fran\u00e7aise, le Blog","description":"Le blog des Cr\u00e9atrices et Cr\u00e9ateurs fran\u00e7ais","publisher":{"@id":"https:\/\/www.echoppe-francaise.fr\/blog\/#organization"},"potentialAction":[{"@type":"SearchAction","target":{"@type":"EntryPoint","urlTemplate":"https:\/\/www.echoppe-francaise.fr\/blog\/?s={search_term_string}"},"query-input":{"@type":"PropertyValueSpecification","valueRequired":true,"valueName":"search_term_string"}}],"inLanguage":"fr-FR"},{"@type":"Organization","@id":"https:\/\/www.echoppe-francaise.fr\/blog\/#organization","name":"L'\u00e9choppe Fran\u00e7aise","url":"https:\/\/www.echoppe-francaise.fr\/blog\/","logo":{"@type":"ImageObject","inLanguage":"fr-FR","@id":"https:\/\/www.echoppe-francaise.fr\/blog\/#\/schema\/logo\/image\/","url":"https:\/\/www.echoppe-francaise.fr\/blog\/wp-content\/uploads\/2017\/04\/echoppe-francaise-logo-1489412704.png","contentUrl":"https:\/\/www.echoppe-francaise.fr\/blog\/wp-content\/uploads\/2017\/04\/echoppe-francaise-logo-1489412704.png","width":492,"height":270,"caption":"L'\u00e9choppe Fran\u00e7aise"},"image":{"@id":"https:\/\/www.echoppe-francaise.fr\/blog\/#\/schema\/logo\/image\/"}}]}},"_links":{"self":[{"href":"https:\/\/www.echoppe-francaise.fr\/blog\/wp-json\/wp\/v2\/pages\/1554","targetHints":{"allow":["GET"]}}],"collection":[{"href":"https:\/\/www.echoppe-francaise.fr\/blog\/wp-json\/wp\/v2\/pages"}],"about":[{"href":"https:\/\/www.echoppe-francaise.fr\/blog\/wp-json\/wp\/v2\/types\/page"}],"author":[{"embeddable":true,"href":"https:\/\/www.echoppe-francaise.fr\/blog\/wp-json\/wp\/v2\/users\/6"}],"replies":[{"embeddable":true,"href":"https:\/\/www.echoppe-francaise.fr\/blog\/wp-json\/wp\/v2\/comments?post=1554"}],"version-history":[{"count":16,"href":"https:\/\/www.echoppe-francaise.fr\/blog\/wp-json\/wp\/v2\/pages\/1554\/revisions"}],"predecessor-version":[{"id":2380,"href":"https:\/\/www.echoppe-francaise.fr\/blog\/wp-json\/wp\/v2\/pages\/1554\/revisions\/2380"}],"wp:attachment":[{"href":"https:\/\/www.echoppe-francaise.fr\/blog\/wp-json\/wp\/v2\/media?parent=1554"}],"curies":[{"name":"wp","href":"https:\/\/api.w.org\/{rel}","templated":true}]}}