{"id":1547,"date":"2023-12-01T12:35:37","date_gmt":"2023-12-01T11:35:37","guid":{"rendered":"https:\/\/www.echoppe-francaise.fr\/blog\/?page_id=1547"},"modified":"2026-02-19T11:51:10","modified_gmt":"2026-02-19T10:51:10","slug":"comment-choisir-la-taille-dun-luminaire","status":"publish","type":"page","link":"https:\/\/www.echoppe-francaise.fr\/blog\/comment-choisir-la-taille-dun-luminaire\/","title":{"rendered":"Comment choisir la taille d&rsquo;un luminaire\u00a0?"},"content":{"rendered":"\n<figure class=\"wp-block-image\"><img decoding=\"async\" src=\"https:\/\/lh7-us.googleusercontent.com\/jLjEL2u9-TU2avUitJh_xK9JnVw5yPKgCJeKC0pb4C1vXZPy1eYoigS9d6ZNYeLhcqB06gySAHigDiHhPZeODHTSNOzL-yEzxEhKHvs8HaTAEKUPsVWhnqyds7MmHSX9se3QochpnAoL\" alt=\"Une suspension avec des ampoule Led de couleur jaune dans un salon design.\"\/><\/figure>\n\n\n\n<p class=\"wp-block-paragraph\">Choisissez le luminaire pour l\u2019\u00e9clairage interne de votre maison ou appartement. C\u2019est chic et pratique. Avec ce genre d\u2019accessoire, vous aurez un <strong>\u00e9clairage g\u00e9n\u00e9ral en LED<\/strong>. Les cr\u00e9ateurs vous en proposent de diff\u00e9rents styles et taille. De quoi adapter votre luminaire \u00e0 votre espace. Voici nos conseils pour choisir la bonne taille.\u00a0<\/p>\n\n\n\n<h2 class=\"wp-block-heading\">Un luminaire en fonction de la superficie de votre pi\u00e8ce<\/h2>\n\n\n\n<figure class=\"wp-block-image\"><img decoding=\"async\" src=\"https:\/\/lh7-us.googleusercontent.com\/4ISsIxB8vIzMvmBnj58n4v5OZbOB8Fe3a8yZI9VbbMd27SEMN6LXB-RwHhPiax6G4n3u5J8eTgh3hwLtYH9dJlAfi6WU3HG5Q-2CzN0herQbJWUddtzXdvN8gY1DV8OZUdPyTY-C2AGb\" alt=\"Un plafonnier en led dans un salon moderne avec des rubans led autour sur le plafond.\"\/><\/figure>\n\n\n\n<p class=\"wp-block-paragraph\">\u00c9vitez de surcharger votre salon ou votre chambre avec un luminaire trop grand. Dans une pi\u00e8ce de 10 \u00e0 15 m\u00b2, choisissez une suspension de <strong>40 \u00e0 45 cm de diam\u00e8tre<\/strong>. Augmentez de 5 cm \u00e0 chaque fois. Donc, votre espace est de 15 \u00e0 20 m\u00b2&nbsp;? Votre \u00e9clairage devra \u00eatre de 45 \u00e0 50 cm.&nbsp;<\/p>\n\n\n\n<p class=\"wp-block-paragraph\">Placez-le ensuite \u00e0 la bonne hauteur. Pour ce faire, prenez des mesures. Divisez votre hauteur sous plafond par 5.5. Exemple&nbsp;: dans une pi\u00e8ce \u00e0 vivre de 2.5 m de hauteur, votre luminaire sera <strong>\u00e0 45 cm du plafond<\/strong>. Vous \u00e9viterez ainsi de surcharger l\u2019espace.<\/p>\n\n\n\n<p class=\"wp-block-paragraph\">Trouvez d&rsquo;autres conseils sur le choix de votre luminaire sur notre article : <a href=\"https:\/\/www.echoppe-francaise.fr\/blog\/comment-choisir-le-bon-luminaire\/\" target=\"_blank\" rel=\"noreferrer noopener\">Comment choisir le bon luminaire&nbsp;?<\/a>&nbsp;<\/p>\n\n\n\n<h2 class=\"wp-block-heading\">La bonne taille de luminaire dans la salle \u00e0 manger<\/h2>\n\n\n\n<figure class=\"wp-block-image\"><img decoding=\"async\" src=\"https:\/\/lh7-us.googleusercontent.com\/h8tUoI-UD-0bteSt_8lmECzjVlsLafa4ZvldbwMUXW1VP5v5GBJ7T0EDL93rK8wBhp3FDTXFA_It8p2-WLhapxigMgtjOzVtcY5sysbCVQYiAKzhf2dtnPeKQlbA1jBY1cn-USDhrngN\" alt=\"Un luminaire suspension avec des verres dans une salle \u00e0 manger au style vintage moderne.\"\/><\/figure>\n\n\n\n<p class=\"wp-block-paragraph\">Autorisez-vous un luminaire plus grand dans le salon. Mais, dans la salle \u00e0 manger, adaptez sa dimension <strong>en fonction de la table<\/strong>. Vous avez une table ronde&nbsp;? Fiez-vous \u00e0 son rayon. Exemple&nbsp;: elle fait 100 cm de diam\u00e8tre&nbsp;? Votre suspension sera de 50 cm.&nbsp;<\/p>\n\n\n\n<p class=\"wp-block-paragraph\">Mettez votre syst\u00e8me d\u2019\u00e9clairage directement au-dessus de la table. Attention \u00e0 ne pas trop g\u00eaner la vue. Une lumi\u00e8re trop proche ou trop intense ne sera pas flatteuse. Et, cela impactera la <strong>fonctionnalit\u00e9 de la pi\u00e8ce<\/strong>.&nbsp;&nbsp;<\/p>\n\n\n\n<h2 class=\"wp-block-heading\">Quel luminaire utilis\u00e9 dans la chambre&nbsp;?&nbsp;<\/h2>\n\n\n\n<figure class=\"wp-block-image\"><img decoding=\"async\" src=\"https:\/\/lh7-us.googleusercontent.com\/kE7QT8ZDPHUNiM4oHKZL5HV8E2hPW0whNb55eFRCxyGT2wd9rWrOH-gU8NgiI8qDtqVEztb6KaUpOW2C9XZeXUraVh9ZxDyaVERWSGkt_Ny-WQf7Z_xVB4shH0NNu3vrbMtV565GLVgW\" alt=\"Un luminaire avec in abat-jour rond dans une chambre \u00e0 coucher.\"\/><\/figure>\n\n\n\n<p class=\"wp-block-paragraph\">Votre chambre fait entre <strong>15 et 20 m\u00b2<\/strong>&nbsp;? Le diam\u00e8tre de votre luminaire sera de 45 \u00e0 50 cm. Dans une chambre d\u2019enfant, optez pour un accessoire plus petit&nbsp;: une dizaine de centim\u00e8tres environ. En plus de la taille, faites attention au style. Il y a des mod\u00e8les ludiques pour les chambres d\u2019enfants.&nbsp;<\/p>\n\n\n\n<p class=\"wp-block-paragraph\">Pr\u00e9f\u00e9rez les \u00e9clairages qui se fixent sur le plafond. Cela vous aidera \u00e0 mieux circuler dans la pi\u00e8ce. On vous recommande un \u00e9clairage g\u00e9n\u00e9ral. Aussi, installez votre accessoire au <strong>centre de la pi\u00e8ce<\/strong>.&nbsp;<\/p>\n\n\n\n<h2 class=\"wp-block-heading\">Un luminaire plus imposant dans les halls d\u2019entr\u00e9e&nbsp;<\/h2>\n\n\n\n<figure class=\"wp-block-image\"><img decoding=\"async\" src=\"https:\/\/lh7-us.googleusercontent.com\/rIFXeLvCc-BWSHFr_NazmwPHzSid2t4pB4EzYxV06p8XBr3tg9q2wwTKKRWvpC0r6FcyiYIXsw9zP0UGjHy3KfULw5vOkerG5TKNRCVDL41pVwKXM6xL6QcENUKIWiZmnWaqwNZ4HV_M\" alt=\"Un luminaire XXL en forme de globe dans un grand hall d'entr\u00e9e.\"\/><\/figure>\n\n\n\n<p class=\"wp-block-paragraph\">Suivez une r\u00e8gle simple pour votre am\u00e9nagement int\u00e9rieur&nbsp;: adaptez la taille du luminaire \u00e0 la <strong>hauteur sous-plafond<\/strong>. Faites-en de m\u00eame pour la d\u00e9coration de votre hall d\u2019entr\u00e9e. Vous valorisez ainsi l\u2019espace. Et, vous le faites para\u00eetre plus grand.&nbsp;<\/p>\n\n\n\n<p class=\"wp-block-paragraph\">Choisissez entre un plafonnier ou un semi-plafonnier. La taille&nbsp;? <strong>15 pouces<\/strong> en moyenne. Votre hauteur sous plafond fait 8 \u00e0 10 pieds&nbsp;? Ce sera parfait. Trouvez un design qui se mariera avec le style g\u00e9n\u00e9ral de votre am\u00e9nagement.&nbsp;<\/p>\n\n\n\n<h2 class=\"wp-block-heading\">Qu\u2019en est-il de la salle de bain&nbsp;?&nbsp;<\/h2>\n\n\n\n<figure class=\"wp-block-image\"><img decoding=\"async\" src=\"https:\/\/lh7-us.googleusercontent.com\/u1GgwxUpFVspkEfBRwDAT6kqGW3NQkYawtkj8n5cbnbaRaBRIoxbsMQaOvtpbTzWf04VK2MK6SH5bluLvr0BN4clhlRTMknWXxOjp9wrzMQ_wlP5gRn5TVxdBIMkOhmdLwOk7LPfz-D6\" alt=\"Un plafonnier rond dans une petite salle de bain \u00e9pur\u00e9e.\"\/><\/figure>\n\n\n\n<p class=\"wp-block-paragraph\">Prenez plus de <strong>mesures<\/strong> pour trouver la taille id\u00e9ale de luminaire dans cette pi\u00e8ce. Pour ce faire&nbsp;: utilisez la longueur et la largeur. Additionnez le tout. Puis, multipliez par 8. Vous obtiendrez un chiffre \u00e0 traduire en centim\u00e8tre. Ce sera le diam\u00e8tre parfait de votre suspension de la salle de bain.<\/p>\n\n\n\n<p class=\"wp-block-paragraph\">Un \u00e9clairage g\u00e9n\u00e9ral est la meilleure solution dans cette pi\u00e8ce. Fixez votre \u00e9clairage au centre du plafond. Vous obtiendrez une <strong>luminosit\u00e9 optimale<\/strong>. De quoi faciliter vos s\u00e9ances de make up.&nbsp;<\/p>\n\n\n\n<p class=\"wp-block-paragraph\">Sur \u00c9choppe Fran\u00e7aise, nous proposons des mod\u00e8les de <a href=\"https:\/\/www.echoppe-francaise.fr\/lampes-et-luminaires-en-bois\" target=\"_blank\" rel=\"noreferrer noopener\">luminaires de cr\u00e9ateurs en bois<\/a>. Ajoutez un peu de convivialit\u00e9 \u00e0 votre espace.&nbsp;<\/p>\n\n\n\n<p class=\"wp-block-paragraph\">Pour en savoir plus sur le choix de votre \u00e9clairage, consultez nos autres articles : <\/p>\n\n\n\n<ul class=\"wp-block-list\">\n<li><a href=\"https:\/\/www.echoppe-francaise.fr\/blog\/comment-choisir-le-bon-luminaire\/quelle-couleur-de-luminaire-choisir\/\" target=\"_blank\" rel=\"noreferrer noopener\">Quelle couleur de luminaire choisir&nbsp;?<\/a><\/li>\n\n\n\n<li><a href=\"https:\/\/www.echoppe-francaise.fr\/blog\/comment-choisir-le-bon-luminaire\/trouver-votre-luminaire-comment-choisir-le-nombre-de-lumen\/\" target=\"_blank\" rel=\"noreferrer noopener\">Trouver votre luminaire&nbsp;: comment choisir le nombre de lumen&nbsp;?<\/a><\/li>\n\n\n\n<li><a href=\"https:\/\/www.echoppe-francaise.fr\/blog\/comment-choisir-le-bon-luminaire\/quel-eclairage-pour-quelle-piece\/\" target=\"_blank\" rel=\"noreferrer noopener\">Quel \u00e9clairage pour quelle pi\u00e8ce&nbsp;?<\/a><\/li>\n<\/ul>\n","protected":false},"excerpt":{"rendered":"<p>Choisissez le luminaire pour l\u2019\u00e9clairage interne de votre maison ou appartement. C\u2019est chic et pratique. Avec ce genre d\u2019accessoire, vous aurez un \u00e9clairage g\u00e9n\u00e9ral en LED. Les cr\u00e9ateurs vous en proposent de diff\u00e9rents styles et taille. De quoi adapter votre luminaire \u00e0 votre espace. Voici nos conseils pour choisir la bonne taille.\u00a0 Un luminaire en&hellip;&nbsp;<\/p>\n","protected":false},"author":6,"featured_media":0,"parent":1541,"menu_order":0,"comment_status":"closed","ping_status":"closed","template":"","meta":{"_crdt_document":"","neve_meta_sidebar":"","neve_meta_container":"","neve_meta_enable_content_width":"","neve_meta_content_width":0,"neve_meta_title_alignment":"","neve_meta_author_avatar":"","neve_post_elements_order":"","neve_meta_disable_header":"","neve_meta_disable_footer":"","neve_meta_disable_title":"","footnotes":""},"class_list":["post-1547","page","type-page","status-publish","hentry"],"yoast_head":"<!-- This site is optimized with the Yoast SEO plugin v27.5 - https:\/\/yoast.com\/product\/yoast-seo-wordpress\/ -->\n<title>Quelle Taille de Luminaire Choisir ?<\/title>\n<meta name=\"description\" content=\"Trouvez la bonne taille d&#039;un luminaire \u00e0 mettre dans votre appartement ou maison. Suivez nos recommandations.\" \/>\n<meta name=\"robots\" content=\"index, follow, max-snippet:-1, max-image-preview:large, max-video-preview:-1\" \/>\n<link rel=\"canonical\" href=\"https:\/\/www.echoppe-francaise.fr\/blog\/comment-choisir-la-taille-dun-luminaire\/\" \/>\n<meta property=\"og:locale\" content=\"fr_FR\" \/>\n<meta property=\"og:type\" content=\"article\" \/>\n<meta property=\"og:title\" content=\"Quelle Taille de Luminaire Choisir ?\" \/>\n<meta property=\"og:description\" content=\"Trouvez la bonne taille d&#039;un luminaire \u00e0 mettre dans votre appartement ou maison. Suivez nos recommandations.\" \/>\n<meta property=\"og:url\" content=\"https:\/\/www.echoppe-francaise.fr\/blog\/comment-choisir-la-taille-dun-luminaire\/\" \/>\n<meta property=\"og:site_name\" content=\"\u00c9choppe Fran\u00e7aise, le Blog\" \/>\n<meta property=\"article:modified_time\" content=\"2026-02-19T10:51:10+00:00\" \/>\n<meta property=\"og:image\" content=\"https:\/\/lh7-us.googleusercontent.com\/jLjEL2u9-TU2avUitJh_xK9JnVw5yPKgCJeKC0pb4C1vXZPy1eYoigS9d6ZNYeLhcqB06gySAHigDiHhPZeODHTSNOzL-yEzxEhKHvs8HaTAEKUPsVWhnqyds7MmHSX9se3QochpnAoL\" \/>\n<meta name=\"twitter:card\" content=\"summary_large_image\" \/>\n<meta name=\"twitter:label1\" content=\"Dur\u00e9e de lecture estim\u00e9e\" \/>\n\t<meta name=\"twitter:data1\" content=\"5 minutes\" \/>\n<script type=\"application\/ld+json\" class=\"yoast-schema-graph\">{\"@context\":\"https:\\\/\\\/schema.org\",\"@graph\":[{\"@type\":\"WebPage\",\"@id\":\"https:\\\/\\\/www.echoppe-francaise.fr\\\/blog\\\/comment-choisir-la-taille-dun-luminaire\\\/\",\"url\":\"https:\\\/\\\/www.echoppe-francaise.fr\\\/blog\\\/comment-choisir-la-taille-dun-luminaire\\\/\",\"name\":\"Quelle Taille de Luminaire Choisir ?\",\"isPartOf\":{\"@id\":\"https:\\\/\\\/www.echoppe-francaise.fr\\\/blog\\\/#website\"},\"primaryImageOfPage\":{\"@id\":\"https:\\\/\\\/www.echoppe-francaise.fr\\\/blog\\\/comment-choisir-la-taille-dun-luminaire\\\/#primaryimage\"},\"image\":{\"@id\":\"https:\\\/\\\/www.echoppe-francaise.fr\\\/blog\\\/comment-choisir-la-taille-dun-luminaire\\\/#primaryimage\"},\"thumbnailUrl\":\"https:\\\/\\\/lh7-us.googleusercontent.com\\\/jLjEL2u9-TU2avUitJh_xK9JnVw5yPKgCJeKC0pb4C1vXZPy1eYoigS9d6ZNYeLhcqB06gySAHigDiHhPZeODHTSNOzL-yEzxEhKHvs8HaTAEKUPsVWhnqyds7MmHSX9se3QochpnAoL\",\"datePublished\":\"2023-12-01T11:35:37+00:00\",\"dateModified\":\"2026-02-19T10:51:10+00:00\",\"description\":\"Trouvez la bonne taille d'un luminaire \u00e0 mettre dans votre appartement ou maison. Suivez nos recommandations.\",\"breadcrumb\":{\"@id\":\"https:\\\/\\\/www.echoppe-francaise.fr\\\/blog\\\/comment-choisir-la-taille-dun-luminaire\\\/#breadcrumb\"},\"inLanguage\":\"fr-FR\",\"potentialAction\":[{\"@type\":\"ReadAction\",\"target\":[\"https:\\\/\\\/www.echoppe-francaise.fr\\\/blog\\\/comment-choisir-la-taille-dun-luminaire\\\/\"]}]},{\"@type\":\"ImageObject\",\"inLanguage\":\"fr-FR\",\"@id\":\"https:\\\/\\\/www.echoppe-francaise.fr\\\/blog\\\/comment-choisir-la-taille-dun-luminaire\\\/#primaryimage\",\"url\":\"https:\\\/\\\/lh7-us.googleusercontent.com\\\/jLjEL2u9-TU2avUitJh_xK9JnVw5yPKgCJeKC0pb4C1vXZPy1eYoigS9d6ZNYeLhcqB06gySAHigDiHhPZeODHTSNOzL-yEzxEhKHvs8HaTAEKUPsVWhnqyds7MmHSX9se3QochpnAoL\",\"contentUrl\":\"https:\\\/\\\/lh7-us.googleusercontent.com\\\/jLjEL2u9-TU2avUitJh_xK9JnVw5yPKgCJeKC0pb4C1vXZPy1eYoigS9d6ZNYeLhcqB06gySAHigDiHhPZeODHTSNOzL-yEzxEhKHvs8HaTAEKUPsVWhnqyds7MmHSX9se3QochpnAoL\"},{\"@type\":\"BreadcrumbList\",\"@id\":\"https:\\\/\\\/www.echoppe-francaise.fr\\\/blog\\\/comment-choisir-la-taille-dun-luminaire\\\/#breadcrumb\",\"itemListElement\":[{\"@type\":\"ListItem\",\"position\":1,\"name\":\"Accueil\",\"item\":\"https:\\\/\\\/www.echoppe-francaise.fr\\\/blog\\\/\"},{\"@type\":\"ListItem\",\"position\":2,\"name\":\"Comment choisir le bon luminaire pour votre int\u00e9rieur ?\",\"item\":\"https:\\\/\\\/www.echoppe-francaise.fr\\\/blog\\\/comment-choisir-le-bon-luminaire\\\/\"},{\"@type\":\"ListItem\",\"position\":3,\"name\":\"Comment choisir la taille d&rsquo;un luminaire\u00a0?\"}]},{\"@type\":\"WebSite\",\"@id\":\"https:\\\/\\\/www.echoppe-francaise.fr\\\/blog\\\/#website\",\"url\":\"https:\\\/\\\/www.echoppe-francaise.fr\\\/blog\\\/\",\"name\":\"\u00c9choppe Fran\u00e7aise, le Blog\",\"description\":\"Le blog des Cr\u00e9atrices et Cr\u00e9ateurs fran\u00e7ais\",\"publisher\":{\"@id\":\"https:\\\/\\\/www.echoppe-francaise.fr\\\/blog\\\/#organization\"},\"potentialAction\":[{\"@type\":\"SearchAction\",\"target\":{\"@type\":\"EntryPoint\",\"urlTemplate\":\"https:\\\/\\\/www.echoppe-francaise.fr\\\/blog\\\/?s={search_term_string}\"},\"query-input\":{\"@type\":\"PropertyValueSpecification\",\"valueRequired\":true,\"valueName\":\"search_term_string\"}}],\"inLanguage\":\"fr-FR\"},{\"@type\":\"Organization\",\"@id\":\"https:\\\/\\\/www.echoppe-francaise.fr\\\/blog\\\/#organization\",\"name\":\"L'\u00e9choppe Fran\u00e7aise\",\"url\":\"https:\\\/\\\/www.echoppe-francaise.fr\\\/blog\\\/\",\"logo\":{\"@type\":\"ImageObject\",\"inLanguage\":\"fr-FR\",\"@id\":\"https:\\\/\\\/www.echoppe-francaise.fr\\\/blog\\\/#\\\/schema\\\/logo\\\/image\\\/\",\"url\":\"https:\\\/\\\/www.echoppe-francaise.fr\\\/blog\\\/wp-content\\\/uploads\\\/2017\\\/04\\\/echoppe-francaise-logo-1489412704.png\",\"contentUrl\":\"https:\\\/\\\/www.echoppe-francaise.fr\\\/blog\\\/wp-content\\\/uploads\\\/2017\\\/04\\\/echoppe-francaise-logo-1489412704.png\",\"width\":492,\"height\":270,\"caption\":\"L'\u00e9choppe Fran\u00e7aise\"},\"image\":{\"@id\":\"https:\\\/\\\/www.echoppe-francaise.fr\\\/blog\\\/#\\\/schema\\\/logo\\\/image\\\/\"}}]}<\/script>\n<!-- \/ Yoast SEO plugin. -->","yoast_head_json":{"title":"Quelle Taille de Luminaire Choisir ?","description":"Trouvez la bonne taille d'un luminaire \u00e0 mettre dans votre appartement ou maison. Suivez nos recommandations.","robots":{"index":"index","follow":"follow","max-snippet":"max-snippet:-1","max-image-preview":"max-image-preview:large","max-video-preview":"max-video-preview:-1"},"canonical":"https:\/\/www.echoppe-francaise.fr\/blog\/comment-choisir-la-taille-dun-luminaire\/","og_locale":"fr_FR","og_type":"article","og_title":"Quelle Taille de Luminaire Choisir ?","og_description":"Trouvez la bonne taille d'un luminaire \u00e0 mettre dans votre appartement ou maison. Suivez nos recommandations.","og_url":"https:\/\/www.echoppe-francaise.fr\/blog\/comment-choisir-la-taille-dun-luminaire\/","og_site_name":"\u00c9choppe Fran\u00e7aise, le Blog","article_modified_time":"2026-02-19T10:51:10+00:00","og_image":[{"url":"https:\/\/lh7-us.googleusercontent.com\/jLjEL2u9-TU2avUitJh_xK9JnVw5yPKgCJeKC0pb4C1vXZPy1eYoigS9d6ZNYeLhcqB06gySAHigDiHhPZeODHTSNOzL-yEzxEhKHvs8HaTAEKUPsVWhnqyds7MmHSX9se3QochpnAoL","type":"","width":"","height":""}],"twitter_card":"summary_large_image","twitter_misc":{"Dur\u00e9e de lecture estim\u00e9e":"5 minutes"},"schema":{"@context":"https:\/\/schema.org","@graph":[{"@type":"WebPage","@id":"https:\/\/www.echoppe-francaise.fr\/blog\/comment-choisir-la-taille-dun-luminaire\/","url":"https:\/\/www.echoppe-francaise.fr\/blog\/comment-choisir-la-taille-dun-luminaire\/","name":"Quelle Taille de Luminaire Choisir ?","isPartOf":{"@id":"https:\/\/www.echoppe-francaise.fr\/blog\/#website"},"primaryImageOfPage":{"@id":"https:\/\/www.echoppe-francaise.fr\/blog\/comment-choisir-la-taille-dun-luminaire\/#primaryimage"},"image":{"@id":"https:\/\/www.echoppe-francaise.fr\/blog\/comment-choisir-la-taille-dun-luminaire\/#primaryimage"},"thumbnailUrl":"https:\/\/lh7-us.googleusercontent.com\/jLjEL2u9-TU2avUitJh_xK9JnVw5yPKgCJeKC0pb4C1vXZPy1eYoigS9d6ZNYeLhcqB06gySAHigDiHhPZeODHTSNOzL-yEzxEhKHvs8HaTAEKUPsVWhnqyds7MmHSX9se3QochpnAoL","datePublished":"2023-12-01T11:35:37+00:00","dateModified":"2026-02-19T10:51:10+00:00","description":"Trouvez la bonne taille d'un luminaire \u00e0 mettre dans votre appartement ou maison. Suivez nos recommandations.","breadcrumb":{"@id":"https:\/\/www.echoppe-francaise.fr\/blog\/comment-choisir-la-taille-dun-luminaire\/#breadcrumb"},"inLanguage":"fr-FR","potentialAction":[{"@type":"ReadAction","target":["https:\/\/www.echoppe-francaise.fr\/blog\/comment-choisir-la-taille-dun-luminaire\/"]}]},{"@type":"ImageObject","inLanguage":"fr-FR","@id":"https:\/\/www.echoppe-francaise.fr\/blog\/comment-choisir-la-taille-dun-luminaire\/#primaryimage","url":"https:\/\/lh7-us.googleusercontent.com\/jLjEL2u9-TU2avUitJh_xK9JnVw5yPKgCJeKC0pb4C1vXZPy1eYoigS9d6ZNYeLhcqB06gySAHigDiHhPZeODHTSNOzL-yEzxEhKHvs8HaTAEKUPsVWhnqyds7MmHSX9se3QochpnAoL","contentUrl":"https:\/\/lh7-us.googleusercontent.com\/jLjEL2u9-TU2avUitJh_xK9JnVw5yPKgCJeKC0pb4C1vXZPy1eYoigS9d6ZNYeLhcqB06gySAHigDiHhPZeODHTSNOzL-yEzxEhKHvs8HaTAEKUPsVWhnqyds7MmHSX9se3QochpnAoL"},{"@type":"BreadcrumbList","@id":"https:\/\/www.echoppe-francaise.fr\/blog\/comment-choisir-la-taille-dun-luminaire\/#breadcrumb","itemListElement":[{"@type":"ListItem","position":1,"name":"Accueil","item":"https:\/\/www.echoppe-francaise.fr\/blog\/"},{"@type":"ListItem","position":2,"name":"Comment choisir le bon luminaire pour votre int\u00e9rieur ?","item":"https:\/\/www.echoppe-francaise.fr\/blog\/comment-choisir-le-bon-luminaire\/"},{"@type":"ListItem","position":3,"name":"Comment choisir la taille d&rsquo;un luminaire\u00a0?"}]},{"@type":"WebSite","@id":"https:\/\/www.echoppe-francaise.fr\/blog\/#website","url":"https:\/\/www.echoppe-francaise.fr\/blog\/","name":"\u00c9choppe Fran\u00e7aise, le Blog","description":"Le blog des Cr\u00e9atrices et Cr\u00e9ateurs fran\u00e7ais","publisher":{"@id":"https:\/\/www.echoppe-francaise.fr\/blog\/#organization"},"potentialAction":[{"@type":"SearchAction","target":{"@type":"EntryPoint","urlTemplate":"https:\/\/www.echoppe-francaise.fr\/blog\/?s={search_term_string}"},"query-input":{"@type":"PropertyValueSpecification","valueRequired":true,"valueName":"search_term_string"}}],"inLanguage":"fr-FR"},{"@type":"Organization","@id":"https:\/\/www.echoppe-francaise.fr\/blog\/#organization","name":"L'\u00e9choppe Fran\u00e7aise","url":"https:\/\/www.echoppe-francaise.fr\/blog\/","logo":{"@type":"ImageObject","inLanguage":"fr-FR","@id":"https:\/\/www.echoppe-francaise.fr\/blog\/#\/schema\/logo\/image\/","url":"https:\/\/www.echoppe-francaise.fr\/blog\/wp-content\/uploads\/2017\/04\/echoppe-francaise-logo-1489412704.png","contentUrl":"https:\/\/www.echoppe-francaise.fr\/blog\/wp-content\/uploads\/2017\/04\/echoppe-francaise-logo-1489412704.png","width":492,"height":270,"caption":"L'\u00e9choppe Fran\u00e7aise"},"image":{"@id":"https:\/\/www.echoppe-francaise.fr\/blog\/#\/schema\/logo\/image\/"}}]}},"_links":{"self":[{"href":"https:\/\/www.echoppe-francaise.fr\/blog\/wp-json\/wp\/v2\/pages\/1547","targetHints":{"allow":["GET"]}}],"collection":[{"href":"https:\/\/www.echoppe-francaise.fr\/blog\/wp-json\/wp\/v2\/pages"}],"about":[{"href":"https:\/\/www.echoppe-francaise.fr\/blog\/wp-json\/wp\/v2\/types\/page"}],"author":[{"embeddable":true,"href":"https:\/\/www.echoppe-francaise.fr\/blog\/wp-json\/wp\/v2\/users\/6"}],"replies":[{"embeddable":true,"href":"https:\/\/www.echoppe-francaise.fr\/blog\/wp-json\/wp\/v2\/comments?post=1547"}],"version-history":[{"count":10,"href":"https:\/\/www.echoppe-francaise.fr\/blog\/wp-json\/wp\/v2\/pages\/1547\/revisions"}],"predecessor-version":[{"id":2388,"href":"https:\/\/www.echoppe-francaise.fr\/blog\/wp-json\/wp\/v2\/pages\/1547\/revisions\/2388"}],"up":[{"embeddable":true,"href":"https:\/\/www.echoppe-francaise.fr\/blog\/wp-json\/wp\/v2\/pages\/1541"}],"wp:attachment":[{"href":"https:\/\/www.echoppe-francaise.fr\/blog\/wp-json\/wp\/v2\/media?parent=1547"}],"curies":[{"name":"wp","href":"https:\/\/api.w.org\/{rel}","templated":true}]}}