{"id":1243,"date":"2023-11-17T13:16:34","date_gmt":"2023-11-17T12:16:34","guid":{"rendered":"https:\/\/www.echoppe-francaise.fr\/blog\/?page_id=1243"},"modified":"2023-11-17T13:50:05","modified_gmt":"2023-11-17T12:50:05","slug":"les-4-choses-a-offrir-a-noel-pour-continuer-de-defoncer-la-planete","status":"publish","type":"page","link":"https:\/\/www.echoppe-francaise.fr\/blog\/les-4-choses-a-offrir-a-noel-pour-continuer-de-defoncer-la-planete\/","title":{"rendered":"Les 4 choses \u00e0 offrir \u00e0 No\u00ebl pour continuer de d\u00e9foncer la plan\u00e8te"},"content":{"rendered":"\n<figure class=\"wp-block-image\"><img decoding=\"async\" src=\"https:\/\/lh7-us.googleusercontent.com\/FU0SBYIkFuM91yhbeKBZss_GC0YcPsqNGXaz2c2cndzDTopL1e-8oLOxkgx7A6U3yKh0KbgSbVHpV3Yki05zcNMIawccgyS3p9FKdeZ0pGGGQ5yAohrkRJhDEEw6foJTPcsOl7TOKfTM\" alt=\"\"\/><\/figure>\n\n\n\n<p class=\"wp-block-paragraph\">Cadeaux et No\u00ebl sont des ins\u00e9parables. Chaque ann\u00e9e, les marques et les enseignes sp\u00e9cialis\u00e9es en jouets et appareils \u00e9lectroniques proposent des offres all\u00e9chantes pour faire plaisir \u00e0 vos proches. Et si continuer de d\u00e9foncer la plan\u00e8te ne vous fait pas peur, voici quelques tendances pour faciliter le choix des pr\u00e9sents et garnir le pied de votre sapin.&nbsp;<\/p>\n\n\n\n<h2 class=\"wp-block-heading\">1)Un \u00e9ni\u00e8me bidule connect\u00e9 inutile avec batterie<\/h2>\n\n\n\n<figure class=\"wp-block-image\"><img decoding=\"async\" src=\"https:\/\/lh7-us.googleusercontent.com\/wSgNVJMZ06i2QAmSf_JXgtVH_8ywieG6jFAXXZyhhXNKfzYrFZ-3L_hrT82v9tvqLdafxWM8r4_HLsZJ_IfmSbYgSpB9GWsm8SL3Y_ZTA0ornDPm3bwlvwYy45qkhPSywaNWzzQpidzS\" alt=\"\"\/><\/figure>\n\n\n\n<p class=\"wp-block-paragraph\">Allez en d\u00e9pit du bien-\u00eatre de notre plan\u00e8te, choisissez une valeur s\u00fbre en mati\u00e8re de cadeau de No\u00ebl triste&nbsp;: un appareil connect\u00e9. Les grandes enseignes ne manquent pas d\u2019id\u00e9es pour vous pousser toujours \u00e0 consommer davantage d\u2019accessoires inutiles de ce genre&nbsp;: casques connect\u00e9s, assistant digital connect\u00e9, un \u00e9ni\u00e8me Smartphone soi-disant plus puissant avec davantage d\u2019options, des montres connect\u00e9es, des \u00e9couteurs sur batterie, etc. Certains r\u00e9ussissent m\u00eame le tour de force de vous faire payer plus pour un bouton qu\u2019ils ont enlev\u00e9 sur la derni\u00e8re version en date de leur Smartphone.&nbsp;<\/p>\n\n\n\n<p class=\"wp-block-paragraph\">Pour vous pousser encore plus \u00e0 la consommation, les marques ont trouv\u00e9 une autre id\u00e9e&nbsp;: l\u2019obsolescence programm\u00e9e. En effet, ces appareils, aussi puissants soient-ils, sont destin\u00e9s \u00e0 durer un temps donn\u00e9. Apr\u00e8s quoi, ils vont tomber en panne pour vous inciter \u00e0 acheter un autre appareil plus cher. Il n\u2019y a donc aucune consid\u00e9ration pour la plan\u00e8te et le nombre de d\u00e9chets \u00e9lectroniques que vous pouvez g\u00e9n\u00e9rer.&nbsp; Avec les batteries, les risques que ces derniers repr\u00e9sentent pour vous et pour l\u2019environnement ne sont pas des moindres.&nbsp;<\/p>\n\n\n\n<h2 class=\"wp-block-heading\">2)Des v\u00eatements polluants fabriqu\u00e9s \u00e0 l&rsquo;autre bout du monde par des enfants<\/h2>\n\n\n\n<figure class=\"wp-block-image\"><img decoding=\"async\" src=\"https:\/\/lh7-us.googleusercontent.com\/2JQZzuAOOpyH_HyYRYxmx2dmGhkLwbp1i4Sc2Q6IHdQdBl7-JSROeLUoG33aPccB-Ux-wu0r8SW0Cxm1CtsBUROa5QL91c8ZbbxzmQutIJeRbKFoEHwfPKuE7RcI_u6Uv3mwMWYiiJsi\" alt=\"\"\/><\/figure>\n\n\n\n<p class=\"wp-block-paragraph\">Les v\u00eatements sont aussi des cadeaux classiques au moment des f\u00eates. Du moins, c\u2019est le cas si les questions d&rsquo;\u00e9thique ne vous parlent pas. Les v\u00eatements cheap ne vous co\u00fbteront que quelques euros \u00e0 condition de les importer de l\u2019autre bout du monde et qu\u2019ils soient fabriqu\u00e9s par des enfants mineurs. Ajoutons \u00e0 cela la pi\u00e8tre qualit\u00e9 des mati\u00e8res utilis\u00e9es. Une meilleure solution plus \u00e9thique et plus responsable si vous souhaitez offrir des v\u00eatements : fabriquez-les ou acheter des articles fabriqu\u00e9s localement en France et sinon en Europe. Ce sera toujours mieux que la Chine ou le Bangladesh.<\/p>\n\n\n\n<p class=\"wp-block-paragraph\">Malgr\u00e9 leur esth\u00e9tisme et leur c\u00f4t\u00e9 tendance, ils ne sont pas faits pour durer des ann\u00e9es. Apr\u00e8s quelques cycles de lavage, ils perdent leur couleur, voire se d\u00e9chirent. Ainsi, vous allez augmenter le taux de d\u00e9chets de vos proches de mani\u00e8re exponentielle.<\/p>\n\n\n\n<p class=\"wp-block-paragraph\">Pour des cadeaux plus \u00e9thiques et plus durables, d\u00e9couvrez nos <a href=\"https:\/\/www.echoppe-francaise.fr\/blog\/quels-cadeaux-de-noel-offrir-pour-soutenir-les-petits-createurs-creatrices-francais\/\">id\u00e9es de cadeaux pour soutenir les cr\u00e9ateurs et les cr\u00e9atrices fran\u00e7ais<\/a>.<\/p>\n\n\n\n<h2 class=\"wp-block-heading\">3)Des babioles \u00ab\u00a0pas cher\u00a0\u00bb qui ont travers\u00e9 le monde en cargo pour finir sous le sapin<\/h2>\n\n\n\n<p class=\"wp-block-paragraph\">Les accessoires de modes ne sont pas les seuls que vous pouvez mettre sous le sapin. Pour un No\u00ebl pas cher, cette ann\u00e9e, place aux magasins de d\u00e9stockage. En rayon, en cette p\u00e9riode des f\u00eates, les babioles ne manquent pas&nbsp;: bougies, coussins cheap, plaid, chaise en plastique, les petits personnages mignons, etc. Les cargos qui les transportent de l\u2019autre bout du monde sont normalement d\u00e9j\u00e0 arriv\u00e9s au port.&nbsp;<\/p>\n\n\n\n<p class=\"wp-block-paragraph\">\u00c9videmment, les normes \u00ab&nbsp;\u00e9co responsables&nbsp;\u00bb ne sont pas la priorit\u00e9. Les soci\u00e9t\u00e9s qui fabriquent ces accessoires choisissent des mat\u00e9riaux souvent bas de gamme qui ne respectent pas les r\u00e9glementations environnementales ou pire, dangereux pour vos proches.&nbsp;<\/p>\n\n\n\n<p class=\"wp-block-paragraph\">\u00c0 cela s\u2019ajoute leur importation de l\u2019\u00e9tranger qui ne fera qu\u2019augmenter votre empreinte carbone. Mais le r\u00e9chauffement climatique et les cons\u00e9quences que cela peut avoir sur le monde vous importent peu tant que No\u00ebl est \u00e0 moindre frais.&nbsp;<\/p>\n\n\n\n<h2 class=\"wp-block-heading\">4)Un jouet en plastique jetable pour achever la plan\u00e8te<\/h2>\n\n\n\n<figure class=\"wp-block-image\"><img decoding=\"async\" src=\"https:\/\/lh7-us.googleusercontent.com\/wkuFanPe2dBcgtxAus1zSkyAGQ7ZksZ4KKkeU3YXinRlHn2YmjnCYBPoHs6nmcmJTPXQME3kdNvV45qCSl0dzPT5ZYqk3KV5mbb3SqNjS06V8LnJNpjn8ZZGP8iDPZ58gN7qo-bNjMXu\" alt=\"\"\/><\/figure>\n\n\n\n<p class=\"wp-block-paragraph\">Enfin, pour les enfants, choisissez les jouets en plastique. Ils joueront avec leurs petites voitures, leurs poup\u00e9es ou leur kit de bricolage pendant quelques semaines avant de les jeter. Ils ne r\u00e9sistent pas longtemps. De quoi bien achever notre plan\u00e8te, mais en faisant plaisir \u00e0 vos neveux et ni\u00e8ces ou \u00e0 nos enfants au passage.&nbsp;<\/p>\n\n\n\n<p class=\"wp-block-paragraph\">Les accessoires en plastique jetable sont l\u00e9gers et moins chers. Ils sont aussi plus ludiques avec diff\u00e9rentes couleurs qui attiseront la curiosit\u00e9 de vos enfants. On est loin de la qualit\u00e9 que nos enfants m\u00e9ritent. Mais, cela importe peu pour les grandes enseignes.&nbsp;<\/p>\n\n\n\n<p class=\"wp-block-paragraph\">Pourtant, il y a d\u2019autres solutions pour vous assurer avoir cette expression satisfaite sur leur visage, tout en agissant pour la plan\u00e8te. Par exemple, choisissez les jouets en bois ou fabriqu\u00e9s avec des mati\u00e8res naturelles. Ils sont aussi tendance cette saison&nbsp;: les jeux d\u2019imitation, les kits bricolages, les cubes de construction, les petites voitures, etc. Sur l\u2019\u00c9choppe Fran\u00e7aise, Claire, une cr\u00e9atrice fran\u00e7aise, propose m\u00eame un jeu pour les petits et les grands&nbsp;: Pilto. C\u2019est une version plus sympathique et plus simple que les boules avec des accessoires en bois.&nbsp;<\/p>\n\n\n\n<p class=\"wp-block-paragraph\">\u00c9videmment, m\u00eame si le bois dure plus longtemps, il ne s\u00e9duit pas tout le monde \u00e0 cause du prix. Comptez quelques dizaines d\u2019euros pour des jouets en bois modernes et esth\u00e9tiques. Les questions de budget ne se posent pas avec les accessoires en plastique, mais les risques sanitaires sont bien r\u00e9els.&nbsp;<\/p>\n\n\n\n<p class=\"wp-block-paragraph\">En tous les cas, le concept de No\u00ebl \u00e9thique a beau \u00eatre tendance, il ne s\u00e9duit pas \u00e0 tous les coups. Il faut avoir le budget et l\u2019envie de chercher des cadeaux loin des sentiers battus. Si cela ne vous g\u00eane pas que toutes ces babioles d\u00e9truisent la plan\u00e8te ou que vous estimez que les efforts faits pendant l\u2019ann\u00e9e sont suffisants, choisissez l\u2019un de ces cadeaux pour achever notre Terre.\u00a0<\/p>\n\n\n\n<p class=\"wp-block-paragraph\">Par contre, si vous souhaitez passer des f\u00eates dans le respect de l&rsquo;environnement, voici nos id\u00e9es de <a href=\"https:\/\/www.echoppe-francaise.fr\/blog\/comment-faire-plaisir-de-facon-ethique-a-noel\/\">cadeaux de No\u00ebl \u00e9thiques<\/a>.<\/p>\n","protected":false},"excerpt":{"rendered":"<p>Cadeaux et No\u00ebl sont des ins\u00e9parables. Chaque ann\u00e9e, les marques et les enseignes sp\u00e9cialis\u00e9es en jouets et appareils \u00e9lectroniques proposent des offres all\u00e9chantes pour faire plaisir \u00e0 vos proches. Et si continuer de d\u00e9foncer la plan\u00e8te ne vous fait pas peur, voici quelques tendances pour faciliter le choix des pr\u00e9sents et garnir le pied de&hellip;&nbsp;<\/p>\n","protected":false},"author":6,"featured_media":0,"parent":0,"menu_order":0,"comment_status":"closed","ping_status":"closed","template":"","meta":{"_crdt_document":"","neve_meta_sidebar":"","neve_meta_container":"","neve_meta_enable_content_width":"","neve_meta_content_width":0,"neve_meta_title_alignment":"","neve_meta_author_avatar":"","neve_post_elements_order":"","neve_meta_disable_header":"","neve_meta_disable_footer":"","neve_meta_disable_title":"","footnotes":""},"class_list":["post-1243","page","type-page","status-publish","hentry"],"yoast_head":"<!-- This site is optimized with the Yoast SEO plugin v27.5 - https:\/\/yoast.com\/product\/yoast-seo-wordpress\/ -->\n<title>4 cadeaux de No\u00ebl Pour Continuer de Massacrer la Plan\u00e8te<\/title>\n<meta name=\"description\" content=\"Voici quelques id\u00e9es de cadeaux \u00e0 offrir \u00e0 No\u00ebl si vous ne pensez pas du tout au bien-\u00eatre de la plan\u00e8te et \u00e0 son avenir.\" \/>\n<meta name=\"robots\" content=\"index, follow, max-snippet:-1, max-image-preview:large, max-video-preview:-1\" \/>\n<link rel=\"canonical\" href=\"https:\/\/www.echoppe-francaise.fr\/blog\/les-4-choses-a-offrir-a-noel-pour-continuer-de-defoncer-la-planete\/\" \/>\n<meta property=\"og:locale\" content=\"fr_FR\" \/>\n<meta property=\"og:type\" content=\"article\" \/>\n<meta property=\"og:title\" content=\"4 cadeaux de No\u00ebl Pour Continuer de Massacrer la Plan\u00e8te\" \/>\n<meta property=\"og:description\" content=\"Voici quelques id\u00e9es de cadeaux \u00e0 offrir \u00e0 No\u00ebl si vous ne pensez pas du tout au bien-\u00eatre de la plan\u00e8te et \u00e0 son avenir.\" \/>\n<meta property=\"og:url\" content=\"https:\/\/www.echoppe-francaise.fr\/blog\/les-4-choses-a-offrir-a-noel-pour-continuer-de-defoncer-la-planete\/\" \/>\n<meta property=\"og:site_name\" content=\"\u00c9choppe Fran\u00e7aise, le Blog\" \/>\n<meta property=\"article:modified_time\" content=\"2023-11-17T12:50:05+00:00\" \/>\n<meta property=\"og:image\" content=\"https:\/\/lh7-us.googleusercontent.com\/FU0SBYIkFuM91yhbeKBZss_GC0YcPsqNGXaz2c2cndzDTopL1e-8oLOxkgx7A6U3yKh0KbgSbVHpV3Yki05zcNMIawccgyS3p9FKdeZ0pGGGQ5yAohrkRJhDEEw6foJTPcsOl7TOKfTM\" \/>\n<meta name=\"twitter:card\" content=\"summary_large_image\" \/>\n<meta name=\"twitter:label1\" content=\"Dur\u00e9e de lecture estim\u00e9e\" \/>\n\t<meta name=\"twitter:data1\" content=\"6 minutes\" \/>\n<script type=\"application\/ld+json\" class=\"yoast-schema-graph\">{\"@context\":\"https:\\\/\\\/schema.org\",\"@graph\":[{\"@type\":\"WebPage\",\"@id\":\"https:\\\/\\\/www.echoppe-francaise.fr\\\/blog\\\/les-4-choses-a-offrir-a-noel-pour-continuer-de-defoncer-la-planete\\\/\",\"url\":\"https:\\\/\\\/www.echoppe-francaise.fr\\\/blog\\\/les-4-choses-a-offrir-a-noel-pour-continuer-de-defoncer-la-planete\\\/\",\"name\":\"4 cadeaux de No\u00ebl Pour Continuer de Massacrer la Plan\u00e8te\",\"isPartOf\":{\"@id\":\"https:\\\/\\\/www.echoppe-francaise.fr\\\/blog\\\/#website\"},\"primaryImageOfPage\":{\"@id\":\"https:\\\/\\\/www.echoppe-francaise.fr\\\/blog\\\/les-4-choses-a-offrir-a-noel-pour-continuer-de-defoncer-la-planete\\\/#primaryimage\"},\"image\":{\"@id\":\"https:\\\/\\\/www.echoppe-francaise.fr\\\/blog\\\/les-4-choses-a-offrir-a-noel-pour-continuer-de-defoncer-la-planete\\\/#primaryimage\"},\"thumbnailUrl\":\"https:\\\/\\\/lh7-us.googleusercontent.com\\\/FU0SBYIkFuM91yhbeKBZss_GC0YcPsqNGXaz2c2cndzDTopL1e-8oLOxkgx7A6U3yKh0KbgSbVHpV3Yki05zcNMIawccgyS3p9FKdeZ0pGGGQ5yAohrkRJhDEEw6foJTPcsOl7TOKfTM\",\"datePublished\":\"2023-11-17T12:16:34+00:00\",\"dateModified\":\"2023-11-17T12:50:05+00:00\",\"description\":\"Voici quelques id\u00e9es de cadeaux \u00e0 offrir \u00e0 No\u00ebl si vous ne pensez pas du tout au bien-\u00eatre de la plan\u00e8te et \u00e0 son avenir.\",\"breadcrumb\":{\"@id\":\"https:\\\/\\\/www.echoppe-francaise.fr\\\/blog\\\/les-4-choses-a-offrir-a-noel-pour-continuer-de-defoncer-la-planete\\\/#breadcrumb\"},\"inLanguage\":\"fr-FR\",\"potentialAction\":[{\"@type\":\"ReadAction\",\"target\":[\"https:\\\/\\\/www.echoppe-francaise.fr\\\/blog\\\/les-4-choses-a-offrir-a-noel-pour-continuer-de-defoncer-la-planete\\\/\"]}]},{\"@type\":\"ImageObject\",\"inLanguage\":\"fr-FR\",\"@id\":\"https:\\\/\\\/www.echoppe-francaise.fr\\\/blog\\\/les-4-choses-a-offrir-a-noel-pour-continuer-de-defoncer-la-planete\\\/#primaryimage\",\"url\":\"https:\\\/\\\/lh7-us.googleusercontent.com\\\/FU0SBYIkFuM91yhbeKBZss_GC0YcPsqNGXaz2c2cndzDTopL1e-8oLOxkgx7A6U3yKh0KbgSbVHpV3Yki05zcNMIawccgyS3p9FKdeZ0pGGGQ5yAohrkRJhDEEw6foJTPcsOl7TOKfTM\",\"contentUrl\":\"https:\\\/\\\/lh7-us.googleusercontent.com\\\/FU0SBYIkFuM91yhbeKBZss_GC0YcPsqNGXaz2c2cndzDTopL1e-8oLOxkgx7A6U3yKh0KbgSbVHpV3Yki05zcNMIawccgyS3p9FKdeZ0pGGGQ5yAohrkRJhDEEw6foJTPcsOl7TOKfTM\"},{\"@type\":\"BreadcrumbList\",\"@id\":\"https:\\\/\\\/www.echoppe-francaise.fr\\\/blog\\\/les-4-choses-a-offrir-a-noel-pour-continuer-de-defoncer-la-planete\\\/#breadcrumb\",\"itemListElement\":[{\"@type\":\"ListItem\",\"position\":1,\"name\":\"Accueil\",\"item\":\"https:\\\/\\\/www.echoppe-francaise.fr\\\/blog\\\/\"},{\"@type\":\"ListItem\",\"position\":2,\"name\":\"Les 4 choses \u00e0 offrir \u00e0 No\u00ebl pour continuer de d\u00e9foncer la plan\u00e8te\"}]},{\"@type\":\"WebSite\",\"@id\":\"https:\\\/\\\/www.echoppe-francaise.fr\\\/blog\\\/#website\",\"url\":\"https:\\\/\\\/www.echoppe-francaise.fr\\\/blog\\\/\",\"name\":\"\u00c9choppe Fran\u00e7aise, le Blog\",\"description\":\"Le blog des Cr\u00e9atrices et Cr\u00e9ateurs fran\u00e7ais\",\"publisher\":{\"@id\":\"https:\\\/\\\/www.echoppe-francaise.fr\\\/blog\\\/#organization\"},\"potentialAction\":[{\"@type\":\"SearchAction\",\"target\":{\"@type\":\"EntryPoint\",\"urlTemplate\":\"https:\\\/\\\/www.echoppe-francaise.fr\\\/blog\\\/?s={search_term_string}\"},\"query-input\":{\"@type\":\"PropertyValueSpecification\",\"valueRequired\":true,\"valueName\":\"search_term_string\"}}],\"inLanguage\":\"fr-FR\"},{\"@type\":\"Organization\",\"@id\":\"https:\\\/\\\/www.echoppe-francaise.fr\\\/blog\\\/#organization\",\"name\":\"L'\u00e9choppe Fran\u00e7aise\",\"url\":\"https:\\\/\\\/www.echoppe-francaise.fr\\\/blog\\\/\",\"logo\":{\"@type\":\"ImageObject\",\"inLanguage\":\"fr-FR\",\"@id\":\"https:\\\/\\\/www.echoppe-francaise.fr\\\/blog\\\/#\\\/schema\\\/logo\\\/image\\\/\",\"url\":\"https:\\\/\\\/www.echoppe-francaise.fr\\\/blog\\\/wp-content\\\/uploads\\\/2017\\\/04\\\/echoppe-francaise-logo-1489412704.png\",\"contentUrl\":\"https:\\\/\\\/www.echoppe-francaise.fr\\\/blog\\\/wp-content\\\/uploads\\\/2017\\\/04\\\/echoppe-francaise-logo-1489412704.png\",\"width\":492,\"height\":270,\"caption\":\"L'\u00e9choppe Fran\u00e7aise\"},\"image\":{\"@id\":\"https:\\\/\\\/www.echoppe-francaise.fr\\\/blog\\\/#\\\/schema\\\/logo\\\/image\\\/\"}}]}<\/script>\n<!-- \/ Yoast SEO plugin. -->","yoast_head_json":{"title":"4 cadeaux de No\u00ebl Pour Continuer de Massacrer la Plan\u00e8te","description":"Voici quelques id\u00e9es de cadeaux \u00e0 offrir \u00e0 No\u00ebl si vous ne pensez pas du tout au bien-\u00eatre de la plan\u00e8te et \u00e0 son avenir.","robots":{"index":"index","follow":"follow","max-snippet":"max-snippet:-1","max-image-preview":"max-image-preview:large","max-video-preview":"max-video-preview:-1"},"canonical":"https:\/\/www.echoppe-francaise.fr\/blog\/les-4-choses-a-offrir-a-noel-pour-continuer-de-defoncer-la-planete\/","og_locale":"fr_FR","og_type":"article","og_title":"4 cadeaux de No\u00ebl Pour Continuer de Massacrer la Plan\u00e8te","og_description":"Voici quelques id\u00e9es de cadeaux \u00e0 offrir \u00e0 No\u00ebl si vous ne pensez pas du tout au bien-\u00eatre de la plan\u00e8te et \u00e0 son avenir.","og_url":"https:\/\/www.echoppe-francaise.fr\/blog\/les-4-choses-a-offrir-a-noel-pour-continuer-de-defoncer-la-planete\/","og_site_name":"\u00c9choppe Fran\u00e7aise, le Blog","article_modified_time":"2023-11-17T12:50:05+00:00","og_image":[{"url":"https:\/\/lh7-us.googleusercontent.com\/FU0SBYIkFuM91yhbeKBZss_GC0YcPsqNGXaz2c2cndzDTopL1e-8oLOxkgx7A6U3yKh0KbgSbVHpV3Yki05zcNMIawccgyS3p9FKdeZ0pGGGQ5yAohrkRJhDEEw6foJTPcsOl7TOKfTM","type":"","width":"","height":""}],"twitter_card":"summary_large_image","twitter_misc":{"Dur\u00e9e de lecture estim\u00e9e":"6 minutes"},"schema":{"@context":"https:\/\/schema.org","@graph":[{"@type":"WebPage","@id":"https:\/\/www.echoppe-francaise.fr\/blog\/les-4-choses-a-offrir-a-noel-pour-continuer-de-defoncer-la-planete\/","url":"https:\/\/www.echoppe-francaise.fr\/blog\/les-4-choses-a-offrir-a-noel-pour-continuer-de-defoncer-la-planete\/","name":"4 cadeaux de No\u00ebl Pour Continuer de Massacrer la Plan\u00e8te","isPartOf":{"@id":"https:\/\/www.echoppe-francaise.fr\/blog\/#website"},"primaryImageOfPage":{"@id":"https:\/\/www.echoppe-francaise.fr\/blog\/les-4-choses-a-offrir-a-noel-pour-continuer-de-defoncer-la-planete\/#primaryimage"},"image":{"@id":"https:\/\/www.echoppe-francaise.fr\/blog\/les-4-choses-a-offrir-a-noel-pour-continuer-de-defoncer-la-planete\/#primaryimage"},"thumbnailUrl":"https:\/\/lh7-us.googleusercontent.com\/FU0SBYIkFuM91yhbeKBZss_GC0YcPsqNGXaz2c2cndzDTopL1e-8oLOxkgx7A6U3yKh0KbgSbVHpV3Yki05zcNMIawccgyS3p9FKdeZ0pGGGQ5yAohrkRJhDEEw6foJTPcsOl7TOKfTM","datePublished":"2023-11-17T12:16:34+00:00","dateModified":"2023-11-17T12:50:05+00:00","description":"Voici quelques id\u00e9es de cadeaux \u00e0 offrir \u00e0 No\u00ebl si vous ne pensez pas du tout au bien-\u00eatre de la plan\u00e8te et \u00e0 son avenir.","breadcrumb":{"@id":"https:\/\/www.echoppe-francaise.fr\/blog\/les-4-choses-a-offrir-a-noel-pour-continuer-de-defoncer-la-planete\/#breadcrumb"},"inLanguage":"fr-FR","potentialAction":[{"@type":"ReadAction","target":["https:\/\/www.echoppe-francaise.fr\/blog\/les-4-choses-a-offrir-a-noel-pour-continuer-de-defoncer-la-planete\/"]}]},{"@type":"ImageObject","inLanguage":"fr-FR","@id":"https:\/\/www.echoppe-francaise.fr\/blog\/les-4-choses-a-offrir-a-noel-pour-continuer-de-defoncer-la-planete\/#primaryimage","url":"https:\/\/lh7-us.googleusercontent.com\/FU0SBYIkFuM91yhbeKBZss_GC0YcPsqNGXaz2c2cndzDTopL1e-8oLOxkgx7A6U3yKh0KbgSbVHpV3Yki05zcNMIawccgyS3p9FKdeZ0pGGGQ5yAohrkRJhDEEw6foJTPcsOl7TOKfTM","contentUrl":"https:\/\/lh7-us.googleusercontent.com\/FU0SBYIkFuM91yhbeKBZss_GC0YcPsqNGXaz2c2cndzDTopL1e-8oLOxkgx7A6U3yKh0KbgSbVHpV3Yki05zcNMIawccgyS3p9FKdeZ0pGGGQ5yAohrkRJhDEEw6foJTPcsOl7TOKfTM"},{"@type":"BreadcrumbList","@id":"https:\/\/www.echoppe-francaise.fr\/blog\/les-4-choses-a-offrir-a-noel-pour-continuer-de-defoncer-la-planete\/#breadcrumb","itemListElement":[{"@type":"ListItem","position":1,"name":"Accueil","item":"https:\/\/www.echoppe-francaise.fr\/blog\/"},{"@type":"ListItem","position":2,"name":"Les 4 choses \u00e0 offrir \u00e0 No\u00ebl pour continuer de d\u00e9foncer la plan\u00e8te"}]},{"@type":"WebSite","@id":"https:\/\/www.echoppe-francaise.fr\/blog\/#website","url":"https:\/\/www.echoppe-francaise.fr\/blog\/","name":"\u00c9choppe Fran\u00e7aise, le Blog","description":"Le blog des Cr\u00e9atrices et Cr\u00e9ateurs fran\u00e7ais","publisher":{"@id":"https:\/\/www.echoppe-francaise.fr\/blog\/#organization"},"potentialAction":[{"@type":"SearchAction","target":{"@type":"EntryPoint","urlTemplate":"https:\/\/www.echoppe-francaise.fr\/blog\/?s={search_term_string}"},"query-input":{"@type":"PropertyValueSpecification","valueRequired":true,"valueName":"search_term_string"}}],"inLanguage":"fr-FR"},{"@type":"Organization","@id":"https:\/\/www.echoppe-francaise.fr\/blog\/#organization","name":"L'\u00e9choppe Fran\u00e7aise","url":"https:\/\/www.echoppe-francaise.fr\/blog\/","logo":{"@type":"ImageObject","inLanguage":"fr-FR","@id":"https:\/\/www.echoppe-francaise.fr\/blog\/#\/schema\/logo\/image\/","url":"https:\/\/www.echoppe-francaise.fr\/blog\/wp-content\/uploads\/2017\/04\/echoppe-francaise-logo-1489412704.png","contentUrl":"https:\/\/www.echoppe-francaise.fr\/blog\/wp-content\/uploads\/2017\/04\/echoppe-francaise-logo-1489412704.png","width":492,"height":270,"caption":"L'\u00e9choppe Fran\u00e7aise"},"image":{"@id":"https:\/\/www.echoppe-francaise.fr\/blog\/#\/schema\/logo\/image\/"}}]}},"_links":{"self":[{"href":"https:\/\/www.echoppe-francaise.fr\/blog\/wp-json\/wp\/v2\/pages\/1243","targetHints":{"allow":["GET"]}}],"collection":[{"href":"https:\/\/www.echoppe-francaise.fr\/blog\/wp-json\/wp\/v2\/pages"}],"about":[{"href":"https:\/\/www.echoppe-francaise.fr\/blog\/wp-json\/wp\/v2\/types\/page"}],"author":[{"embeddable":true,"href":"https:\/\/www.echoppe-francaise.fr\/blog\/wp-json\/wp\/v2\/users\/6"}],"replies":[{"embeddable":true,"href":"https:\/\/www.echoppe-francaise.fr\/blog\/wp-json\/wp\/v2\/comments?post=1243"}],"version-history":[{"count":3,"href":"https:\/\/www.echoppe-francaise.fr\/blog\/wp-json\/wp\/v2\/pages\/1243\/revisions"}],"predecessor-version":[{"id":1267,"href":"https:\/\/www.echoppe-francaise.fr\/blog\/wp-json\/wp\/v2\/pages\/1243\/revisions\/1267"}],"wp:attachment":[{"href":"https:\/\/www.echoppe-francaise.fr\/blog\/wp-json\/wp\/v2\/media?parent=1243"}],"curies":[{"name":"wp","href":"https:\/\/api.w.org\/{rel}","templated":true}]}}