{"id":1240,"date":"2023-11-17T13:17:50","date_gmt":"2023-11-17T12:17:50","guid":{"rendered":"https:\/\/www.echoppe-francaise.fr\/blog\/?page_id=1240"},"modified":"2025-12-15T17:33:23","modified_gmt":"2025-12-15T16:33:23","slug":"comment-faire-plaisir-de-facon-ethique-a-noel","status":"publish","type":"page","link":"https:\/\/www.echoppe-francaise.fr\/blog\/comment-faire-plaisir-de-facon-ethique-a-noel\/","title":{"rendered":"Comment faire plaisir de fa\u00e7on \u00e9thique \u00e0 No\u00ebl\u00a0?"},"content":{"rendered":"\n<figure class=\"wp-block-image\"><img decoding=\"async\" src=\"https:\/\/lh7-us.googleusercontent.com\/8W3bYrIOyyhH-ZrrwTPMVCLIPnufsWBof0ucMwluXAgitCc6-UxtDdUqNG4tMB6r1EwxWjX6E5ju52pqaUKVpTlUiqJJB3aU7cCX_O5Z9PMHqEwznfwejNay6CTX2Yw2r1kjFLkebR9D\" alt=\"\"\/><\/figure>\n\n\n\n<p class=\"wp-block-paragraph\">Pourquoi ne pas changer votre conception des f\u00eates de No\u00ebl&nbsp;? Au lieu d\u2019\u00eatre tent\u00e9 par la surconsommation, choisissez des <a href=\"https:\/\/www.echoppe-francaise.fr\/cadeaux-de-noel-fabrique-en-france\">cadeaux de No\u00ebl \u00e9thiques et responsables<\/a> qui seront r\u00e9ellement utiles \u00e0 qui vous les offrez. Voici quelques id\u00e9es pour vous aider dans ce choix.&nbsp;<\/p>\n\n\n\n<h2 class=\"wp-block-heading\">Choisir des cadeaux de No\u00ebl venant de cr\u00e9ateurs locaux<\/h2>\n\n\n\n<figure class=\"wp-block-image\"><img decoding=\"async\" src=\"https:\/\/lh7-us.googleusercontent.com\/K8DmL3Zu65f0J6KSK__pI_mAncbB2J-p_FSBVMnj0r2sMosPOSfFLUT9mxXk1AfXwrT96HiumBgpj4Myo6AiG14FV3XlzsW3eMTzbgU8CN4MD_XrCla0ECc51pFIs-EreiNKYJrfQdfH\" alt=\"\"\/><\/figure>\n\n\n\n<p class=\"wp-block-paragraph\">En premier lieu, choisissez de <strong>soutenir les cr\u00e9atrices et cr\u00e9ateurs locaux<\/strong>. Ce sera aussi l\u2019occasion pour vous de tester les produits <strong>fabriqu\u00e9s en France<\/strong>. Sur des sites sp\u00e9cialis\u00e9s comme l&rsquo;\u00c9choppe Fran\u00e7aise, vous avez diff\u00e9rents artisans qui proposent des accessoires de d\u00e9coration pour la maison, des articles de mode pour les femmes et les hommes, des produits de maroquinerie, etc.&nbsp;<\/p>\n\n\n\n<p class=\"wp-block-paragraph\">Le savoir-faire fran\u00e7ais n\u2019a pas perdu de son esth\u00e9tisme et de sa qualit\u00e9 ces derni\u00e8res ann\u00e9es. Les artisans choisissent des mat\u00e9riaux durables pour la fabrication de leur produit. Tel est le cas par exemple des <a href=\"https:\/\/www.echoppe-francaise.fr\/sangle_35\">Sangles pour transporter votre casque de moto ou votre appareil photo<\/a> de <a href=\"https:\/\/www.echoppe-francaise.fr\/parenthese-storegmail-com\">Parenth\u00e8se<\/a>. Elles sont faites avec du cuir et du coton haut de gamme. Idem pour les luminaires et les lampes de <a href=\"https:\/\/www.echoppe-francaise.fr\/30_leewalia\">Leewalia<\/a> ou <a href=\"https:\/\/www.echoppe-francaise.fr\/50_superlipopette\">Superlipopette<\/a>. Ils sont fabriqu\u00e9s avec du bois certifi\u00e9 PEFC.&nbsp; Il y a m\u00eame des accessoires de mode \u00e9thique, fabriqu\u00e9s localement avec de jolies mati\u00e8res pour satisfaire les fashionistas.&nbsp;<\/p>\n\n\n\n<p class=\"wp-block-paragraph\">En plus de choisir des cadeaux de No\u00ebl responsables, vous soutenez l\u2019\u00e9conomie locale. Vous r\u00e9duisez votre empreinte carbone en \u00e9vitant d\u2019importer des produits ayant fait le tour du monde. Et, le plus important, vous faites plaisir \u00e0 vos proches.&nbsp;<\/p>\n\n\n\n<h2 class=\"wp-block-heading\">Des cadeaux faits pour durer<\/h2>\n\n\n\n<figure class=\"wp-block-image\"><img decoding=\"async\" src=\"https:\/\/lh7-us.googleusercontent.com\/v_ubTFqZQF5Ly-3w8-PZtdHnuyewh1VTin0dzEwSCJ0Yz8ipAFcTpTg9rjOuH5T2c4id9M1reSH3QKAArEcEN8R-cdCz1cbu4QObdR_ZD7A_OAFkzSpPTlJDIsFnK1aGb4LF2m4Pms6c\" alt=\"\"\/><\/figure>\n\n\n\n<p class=\"wp-block-paragraph\">Revenez aux crit\u00e8res de s\u00e9lection traditionnelle d\u2019un cadeau. C\u2019est un souvenir qui doit durer toute la vie \u00e0 celui ou celle qui le re\u00e7oit. C\u2019est pourquoi, pour les enfants, on d\u00e9conseille les jouets en plastique. Ils ont tendance \u00e0 se casser rapidement. Pr\u00e9f\u00e9rez les accessoires en bois. Ils sont d\u2019ailleurs aussi plus agr\u00e9ables au toucher. Quand vos enfants ne seront plus en \u00e2ge de s\u2019amuser avec leur cadeau de No\u00ebl, il reste la possibilit\u00e9 de leur donner une seconde vie&nbsp;: la vente, la donation ou la transformation en articles de d\u00e9coration.&nbsp;<\/p>\n\n\n\n<p class=\"wp-block-paragraph\">Dans le concept d\u2019un No\u00ebl \u00e9thique et responsable, exit donc les objets connect\u00e9s avec leur obsolescence programm\u00e9e, ou les accessoires cheaps propos\u00e9s par les grandes enseignes de discount qui poussent \u00e0 la surconsommation. En gros, \u00e9vitez les les cadeaux de <a href=\"https:\/\/www.echoppe-francaise.fr\/blog\/les-4-choses-a-offrir-a-noel-pour-continuer-de-defoncer-la-planete\/\">No\u00ebl qui continuent de faire du mal \u00e0 la plan\u00e8te<\/a>. Choisissez des cadeaux authentiques qui plairont r\u00e9ellement \u00e0 la personne. \u00c0 ce titre, inspirez-vous de ce que vous connaissez de lui&nbsp;: ses passions, sa personnalit\u00e9, sa morphologie, etc. Vous avez affaire \u00e0 un amoureux de la photographie&nbsp;? Une sangle pour transporter son appareil photo lui sera utile. Vous voulez faire plaisir \u00e0 un jeune couple qui vient d\u2019emm\u00e9nager ensemble&nbsp;? Pr\u00e9f\u00e9rez les articles de d\u00e9co comme les lampes ou les photophores.&nbsp;<\/p>\n\n\n\n<h2 class=\"wp-block-heading\">Fabriquez vous-m\u00eame vos cadeaux No\u00ebl<\/h2>\n\n\n\n<figure class=\"wp-block-image\"><img decoding=\"async\" src=\"https:\/\/lh7-us.googleusercontent.com\/7zJVUxmtdwabTYqhEc239jU5rsHH2zie8zkPGW4qXhdFYwcyvPK13bn2CjNKOXk8TWxfi-n1970rd4pcLu2fzRqenjgVWYcOLDnLADbdsNxOoixCUdUNos3kl9qahObMJcVHeoLwV0tu\" alt=\"\"\/><\/figure>\n\n\n\n<p class=\"wp-block-paragraph\">Pour un No\u00ebl \u00e9thique et responsable, tout en ayant un pied de sapin bien garni, vous n\u2019avez pas forc\u00e9ment besoin de d\u00e9penser dans les grands magasins. Mettez la main \u00e0 la p\u00e2te et <strong>fabriquez vous-m\u00eame les pr\u00e9sents<\/strong> que vous allez offrir \u00e0 vos proches. Sur le Net, les conseils pullulent pour celles et ceux qui manquent d&rsquo;id\u00e9es &nbsp;:&nbsp;<\/p>\n\n\n\n<ul class=\"wp-block-list\">\n<li>Les <strong>accessoires de d\u00e9co faits \u00e0 la main<\/strong>&nbsp;: des guirlandes en papier, des cadres en macaroni ou avec des feuilles naturelles, des coussins, un mug peint, etc.&nbsp;<\/li>\n\n\n\n<li>Des <strong>articles pratiques<\/strong> pour faire plaisir \u00e0 vos proches&nbsp;: les <strong>housses d\u2019ordinateurs<\/strong>, les <strong>coussins brod\u00e9<\/strong>, les <strong>marque-pages personnalis\u00e9<\/strong>, etc.&nbsp;<\/li>\n\n\n\n<li>Les <strong>jeux de carte personnalis\u00e9es<\/strong>, les <strong>coupons love<\/strong>, et bien d\u2019autres<\/li>\n\n\n\n<li>Les bijoux comme <strong>les boucles d\u2019oreilles<\/strong>, <strong>les bracelets<\/strong> ou <strong>les colliers d\u2019amiti\u00e9<\/strong><\/li>\n<\/ul>\n\n\n\n<p class=\"wp-block-paragraph\">Vous \u00eates un peu plus dou\u00e9 en cuisine&nbsp;? <strong>Les paniers gourmands<\/strong> sont aussi les bienvenus sur la table de No\u00ebl. C\u2019est une mani\u00e8re pour vous de participer au repas des f\u00eates et de d\u00e9charger un peu votre h\u00f4te de <strong>la pr\u00e9paration du dessert<\/strong> ou de <strong>l\u2019ap\u00e9ro<\/strong> par exemple. Ce sera un pr\u00e9sent tout en convivialit\u00e9 qui s\u2019adaptera parfaitement \u00e0 l\u2019ambiance des f\u00eates.&nbsp;&nbsp;<\/p>\n\n\n\n<p class=\"wp-block-paragraph\">Le fait de <strong>fabriquer vous-m\u00eame vos cadeaux<\/strong> leur donne un c\u00f4t\u00e9 plus sentimental. Votre implication dans la pr\u00e9paration des f\u00eates prouve votre affection. De quoi inciter celles et ceux \u00e0 qui vous offrez l\u2019envie de conserver vos pr\u00e9sents. En outre, cela peut \u00eatre plus \u00e9thique si vous transformez des objets que vous avez d\u00e9j\u00e0 afin de leur donner une seconde vie.&nbsp;<\/p>\n\n\n\n<p class=\"wp-block-paragraph\">D\u00e9couvrez aussi ici d&rsquo;autres id\u00e9es de cadeaux pour r\u00e9ellement <a href=\"https:\/\/www.echoppe-francaise.fr\/blog\/que-pourrait-on-offrir-a-noel-pour-vraiment-rendre-heureux-nos-proches\/\">faire plaisir \u00e0 vos proches pour No\u00ebl<\/a>.<\/p>\n\n\n\n<h2 class=\"wp-block-heading\">Bouturer une plante pour offrir un morceau de votre jardin<\/h2>\n\n\n\n<figure class=\"wp-block-image\"><img decoding=\"async\" src=\"https:\/\/lh7-us.googleusercontent.com\/5zHSdNuuoXuMdlKw1RcYTsjsEsT1PawQdex6uJLxYTISjygc1Ofo1j8BxInM1F3qFL2L31KbRVCutFnWHeHX4fCAAYjJ3azqzPR6mLGzOQeILPztePWNjdV7rDhDKsS4rmhtIOBdHQJ4\" alt=\"\"\/><\/figure>\n\n\n\n<p class=\"wp-block-paragraph\">Enfin, pourquoi pas un peu de verdure et de nature pour No\u00ebl&nbsp;? <strong>Les plantes vertes<\/strong> sont aussi des <strong>cadeaux parfaits pour durer<\/strong>. C\u2019est d\u2019autant plus le cas que les tendances en mati\u00e8re de d\u00e9coration d\u2019int\u00e9rieur les mettent en avant.&nbsp;<\/p>\n\n\n\n<p class=\"wp-block-paragraph\">Ce sera l\u2019occasion d\u2019enseigner \u00e0 vos proches d\u2019avoir la main verte. Toutefois, <strong>commencez par des \u00ab&nbsp;increvables&nbsp;\u00bb<\/strong> plut\u00f4t que par les plantes qui n\u00e9cessitent \u00e9norm\u00e9ment de soins. Cela donnera \u00e0 celui ou celle qui le recevra l\u2019envie de continuer et de pousser un peu plus les limites de sa <strong>curiosit\u00e9 en mati\u00e8re de jardinage<\/strong>. Pour autant, pensez \u00e0 <strong>livrer votre cadeau avec une fiche d\u2019entretien<\/strong>. Ce sera d\u2019une grande aide pour les novices.<\/p>\n\n\n\n<p class=\"wp-block-paragraph\">Vous offrez bien plus qu\u2019une plante verte en pot. C\u2019est un nouveau centre d\u2019int\u00e9r\u00eat pour vos proches. Et, <strong>les bienfaits du jardinage sont nombreux<\/strong>&nbsp;: antistress, antid\u00e9presseur, etc. C\u2019est une activit\u00e9 id\u00e9ale pour se maintenir en forme et booster la cr\u00e9ativit\u00e9. G\u00e9n\u00e9ralement, on commence par une plante d\u2019int\u00e9rieur pour finir par entretenir un espace botanique dans le jardin. Il s\u2019agit donc d\u2019une v\u00e9ritable initiation \u00e0 une vie plus saine et moins ch\u00e8re pour vos proches.&nbsp;<\/p>\n\n\n\n<p class=\"wp-block-paragraph\">Passez un No\u00ebl \u00e9thique n\u2019enl\u00e8ve en rien la convivialit\u00e9, l\u2019authenticit\u00e9 et <strong>le plaisir des f\u00eates<\/strong>. Il suffit de bien choisir les cadeaux \u00e0 mettre sous le sapin en tenant compte de sa provenance, de sa qualit\u00e9 et de sa durabilit\u00e9. Vous avez d\u00e9sormais toutes les cartes en main pour bien organiser vos f\u00eates de famille tout en faisant plaisir \u00e0 tout le monde.&nbsp;<\/p>\n\n\n\n<p class=\"wp-block-paragraph\">D\u00e9couvrez aussi notre <a href=\"https:\/\/www.echoppe-francaise.fr\/blog\/guide-pour-trouver-des-cadeaux-de-noel-reellement-fabriques-en-france\/\">guide pour trouver de super cadeaux de No\u00ebl fabriqu\u00e9s en France<\/a> et <a href=\"https:\/\/www.echoppe-francaise.fr\/blog\/pourquoi-offrir-un-cadeau-fabrique-en-france-a-noel\/\">Pourquoi offrir un cadeau de No\u00ebl fabriqu\u00e9 en France ?<\/a><\/p>\n","protected":false},"excerpt":{"rendered":"<p>Pourquoi ne pas changer votre conception des f\u00eates de No\u00ebl&nbsp;? Au lieu d\u2019\u00eatre tent\u00e9 par la surconsommation, choisissez des cadeaux de No\u00ebl \u00e9thiques et responsables qui seront r\u00e9ellement utiles \u00e0 qui vous les offrez. Voici quelques id\u00e9es pour vous aider dans ce choix.&nbsp; Choisir des cadeaux de No\u00ebl venant de cr\u00e9ateurs locaux En premier lieu,&hellip;&nbsp;<\/p>\n","protected":false},"author":6,"featured_media":0,"parent":0,"menu_order":0,"comment_status":"closed","ping_status":"closed","template":"","meta":{"_crdt_document":"","neve_meta_sidebar":"","neve_meta_container":"","neve_meta_enable_content_width":"","neve_meta_content_width":0,"neve_meta_title_alignment":"","neve_meta_author_avatar":"","neve_post_elements_order":"","neve_meta_disable_header":"","neve_meta_disable_footer":"","neve_meta_disable_title":"","footnotes":""},"class_list":["post-1240","page","type-page","status-publish","hentry"],"yoast_head":"<!-- This site is optimized with the Yoast SEO plugin v27.5 - https:\/\/yoast.com\/product\/yoast-seo-wordpress\/ -->\n<title>Comment faire Plaisir \u00e0 No\u00ebl en Respectant ses Convictions ?<\/title>\n<meta name=\"description\" content=\"Choisissez des cadeaux \u00e9thiques pour ce No\u00ebl pour partager de bons moments avec votre famille de mani\u00e8re responsable. Nos conseils\" \/>\n<meta name=\"robots\" content=\"index, follow, max-snippet:-1, max-image-preview:large, max-video-preview:-1\" \/>\n<link rel=\"canonical\" href=\"https:\/\/www.echoppe-francaise.fr\/blog\/comment-faire-plaisir-de-facon-ethique-a-noel\/\" \/>\n<meta property=\"og:locale\" content=\"fr_FR\" \/>\n<meta property=\"og:type\" content=\"article\" \/>\n<meta property=\"og:title\" content=\"Comment faire Plaisir \u00e0 No\u00ebl en Respectant ses Convictions ?\" \/>\n<meta property=\"og:description\" content=\"Choisissez des cadeaux \u00e9thiques pour ce No\u00ebl pour partager de bons moments avec votre famille de mani\u00e8re responsable. Nos conseils\" \/>\n<meta property=\"og:url\" content=\"https:\/\/www.echoppe-francaise.fr\/blog\/comment-faire-plaisir-de-facon-ethique-a-noel\/\" \/>\n<meta property=\"og:site_name\" content=\"\u00c9choppe Fran\u00e7aise, le Blog\" \/>\n<meta property=\"article:modified_time\" content=\"2025-12-15T16:33:23+00:00\" \/>\n<meta property=\"og:image\" content=\"https:\/\/lh7-us.googleusercontent.com\/8W3bYrIOyyhH-ZrrwTPMVCLIPnufsWBof0ucMwluXAgitCc6-UxtDdUqNG4tMB6r1EwxWjX6E5ju52pqaUKVpTlUiqJJB3aU7cCX_O5Z9PMHqEwznfwejNay6CTX2Yw2r1kjFLkebR9D\" \/>\n<meta name=\"twitter:card\" content=\"summary_large_image\" \/>\n<meta name=\"twitter:label1\" content=\"Dur\u00e9e de lecture estim\u00e9e\" \/>\n\t<meta name=\"twitter:data1\" content=\"7 minutes\" \/>\n<script type=\"application\/ld+json\" class=\"yoast-schema-graph\">{\"@context\":\"https:\\\/\\\/schema.org\",\"@graph\":[{\"@type\":\"WebPage\",\"@id\":\"https:\\\/\\\/www.echoppe-francaise.fr\\\/blog\\\/comment-faire-plaisir-de-facon-ethique-a-noel\\\/\",\"url\":\"https:\\\/\\\/www.echoppe-francaise.fr\\\/blog\\\/comment-faire-plaisir-de-facon-ethique-a-noel\\\/\",\"name\":\"Comment faire Plaisir \u00e0 No\u00ebl en Respectant ses Convictions ?\",\"isPartOf\":{\"@id\":\"https:\\\/\\\/www.echoppe-francaise.fr\\\/blog\\\/#website\"},\"primaryImageOfPage\":{\"@id\":\"https:\\\/\\\/www.echoppe-francaise.fr\\\/blog\\\/comment-faire-plaisir-de-facon-ethique-a-noel\\\/#primaryimage\"},\"image\":{\"@id\":\"https:\\\/\\\/www.echoppe-francaise.fr\\\/blog\\\/comment-faire-plaisir-de-facon-ethique-a-noel\\\/#primaryimage\"},\"thumbnailUrl\":\"https:\\\/\\\/lh7-us.googleusercontent.com\\\/8W3bYrIOyyhH-ZrrwTPMVCLIPnufsWBof0ucMwluXAgitCc6-UxtDdUqNG4tMB6r1EwxWjX6E5ju52pqaUKVpTlUiqJJB3aU7cCX_O5Z9PMHqEwznfwejNay6CTX2Yw2r1kjFLkebR9D\",\"datePublished\":\"2023-11-17T12:17:50+00:00\",\"dateModified\":\"2025-12-15T16:33:23+00:00\",\"description\":\"Choisissez des cadeaux \u00e9thiques pour ce No\u00ebl pour partager de bons moments avec votre famille de mani\u00e8re responsable. Nos conseils\",\"breadcrumb\":{\"@id\":\"https:\\\/\\\/www.echoppe-francaise.fr\\\/blog\\\/comment-faire-plaisir-de-facon-ethique-a-noel\\\/#breadcrumb\"},\"inLanguage\":\"fr-FR\",\"potentialAction\":[{\"@type\":\"ReadAction\",\"target\":[\"https:\\\/\\\/www.echoppe-francaise.fr\\\/blog\\\/comment-faire-plaisir-de-facon-ethique-a-noel\\\/\"]}]},{\"@type\":\"ImageObject\",\"inLanguage\":\"fr-FR\",\"@id\":\"https:\\\/\\\/www.echoppe-francaise.fr\\\/blog\\\/comment-faire-plaisir-de-facon-ethique-a-noel\\\/#primaryimage\",\"url\":\"https:\\\/\\\/lh7-us.googleusercontent.com\\\/8W3bYrIOyyhH-ZrrwTPMVCLIPnufsWBof0ucMwluXAgitCc6-UxtDdUqNG4tMB6r1EwxWjX6E5ju52pqaUKVpTlUiqJJB3aU7cCX_O5Z9PMHqEwznfwejNay6CTX2Yw2r1kjFLkebR9D\",\"contentUrl\":\"https:\\\/\\\/lh7-us.googleusercontent.com\\\/8W3bYrIOyyhH-ZrrwTPMVCLIPnufsWBof0ucMwluXAgitCc6-UxtDdUqNG4tMB6r1EwxWjX6E5ju52pqaUKVpTlUiqJJB3aU7cCX_O5Z9PMHqEwznfwejNay6CTX2Yw2r1kjFLkebR9D\"},{\"@type\":\"BreadcrumbList\",\"@id\":\"https:\\\/\\\/www.echoppe-francaise.fr\\\/blog\\\/comment-faire-plaisir-de-facon-ethique-a-noel\\\/#breadcrumb\",\"itemListElement\":[{\"@type\":\"ListItem\",\"position\":1,\"name\":\"Accueil\",\"item\":\"https:\\\/\\\/www.echoppe-francaise.fr\\\/blog\\\/\"},{\"@type\":\"ListItem\",\"position\":2,\"name\":\"Comment faire plaisir de fa\u00e7on \u00e9thique \u00e0 No\u00ebl\u00a0?\"}]},{\"@type\":\"WebSite\",\"@id\":\"https:\\\/\\\/www.echoppe-francaise.fr\\\/blog\\\/#website\",\"url\":\"https:\\\/\\\/www.echoppe-francaise.fr\\\/blog\\\/\",\"name\":\"\u00c9choppe Fran\u00e7aise, le Blog\",\"description\":\"Le blog des Cr\u00e9atrices et Cr\u00e9ateurs fran\u00e7ais\",\"publisher\":{\"@id\":\"https:\\\/\\\/www.echoppe-francaise.fr\\\/blog\\\/#organization\"},\"potentialAction\":[{\"@type\":\"SearchAction\",\"target\":{\"@type\":\"EntryPoint\",\"urlTemplate\":\"https:\\\/\\\/www.echoppe-francaise.fr\\\/blog\\\/?s={search_term_string}\"},\"query-input\":{\"@type\":\"PropertyValueSpecification\",\"valueRequired\":true,\"valueName\":\"search_term_string\"}}],\"inLanguage\":\"fr-FR\"},{\"@type\":\"Organization\",\"@id\":\"https:\\\/\\\/www.echoppe-francaise.fr\\\/blog\\\/#organization\",\"name\":\"L'\u00e9choppe Fran\u00e7aise\",\"url\":\"https:\\\/\\\/www.echoppe-francaise.fr\\\/blog\\\/\",\"logo\":{\"@type\":\"ImageObject\",\"inLanguage\":\"fr-FR\",\"@id\":\"https:\\\/\\\/www.echoppe-francaise.fr\\\/blog\\\/#\\\/schema\\\/logo\\\/image\\\/\",\"url\":\"https:\\\/\\\/www.echoppe-francaise.fr\\\/blog\\\/wp-content\\\/uploads\\\/2017\\\/04\\\/echoppe-francaise-logo-1489412704.png\",\"contentUrl\":\"https:\\\/\\\/www.echoppe-francaise.fr\\\/blog\\\/wp-content\\\/uploads\\\/2017\\\/04\\\/echoppe-francaise-logo-1489412704.png\",\"width\":492,\"height\":270,\"caption\":\"L'\u00e9choppe Fran\u00e7aise\"},\"image\":{\"@id\":\"https:\\\/\\\/www.echoppe-francaise.fr\\\/blog\\\/#\\\/schema\\\/logo\\\/image\\\/\"}}]}<\/script>\n<!-- \/ Yoast SEO plugin. -->","yoast_head_json":{"title":"Comment faire Plaisir \u00e0 No\u00ebl en Respectant ses Convictions ?","description":"Choisissez des cadeaux \u00e9thiques pour ce No\u00ebl pour partager de bons moments avec votre famille de mani\u00e8re responsable. Nos conseils","robots":{"index":"index","follow":"follow","max-snippet":"max-snippet:-1","max-image-preview":"max-image-preview:large","max-video-preview":"max-video-preview:-1"},"canonical":"https:\/\/www.echoppe-francaise.fr\/blog\/comment-faire-plaisir-de-facon-ethique-a-noel\/","og_locale":"fr_FR","og_type":"article","og_title":"Comment faire Plaisir \u00e0 No\u00ebl en Respectant ses Convictions ?","og_description":"Choisissez des cadeaux \u00e9thiques pour ce No\u00ebl pour partager de bons moments avec votre famille de mani\u00e8re responsable. Nos conseils","og_url":"https:\/\/www.echoppe-francaise.fr\/blog\/comment-faire-plaisir-de-facon-ethique-a-noel\/","og_site_name":"\u00c9choppe Fran\u00e7aise, le Blog","article_modified_time":"2025-12-15T16:33:23+00:00","og_image":[{"url":"https:\/\/lh7-us.googleusercontent.com\/8W3bYrIOyyhH-ZrrwTPMVCLIPnufsWBof0ucMwluXAgitCc6-UxtDdUqNG4tMB6r1EwxWjX6E5ju52pqaUKVpTlUiqJJB3aU7cCX_O5Z9PMHqEwznfwejNay6CTX2Yw2r1kjFLkebR9D","type":"","width":"","height":""}],"twitter_card":"summary_large_image","twitter_misc":{"Dur\u00e9e de lecture estim\u00e9e":"7 minutes"},"schema":{"@context":"https:\/\/schema.org","@graph":[{"@type":"WebPage","@id":"https:\/\/www.echoppe-francaise.fr\/blog\/comment-faire-plaisir-de-facon-ethique-a-noel\/","url":"https:\/\/www.echoppe-francaise.fr\/blog\/comment-faire-plaisir-de-facon-ethique-a-noel\/","name":"Comment faire Plaisir \u00e0 No\u00ebl en Respectant ses Convictions ?","isPartOf":{"@id":"https:\/\/www.echoppe-francaise.fr\/blog\/#website"},"primaryImageOfPage":{"@id":"https:\/\/www.echoppe-francaise.fr\/blog\/comment-faire-plaisir-de-facon-ethique-a-noel\/#primaryimage"},"image":{"@id":"https:\/\/www.echoppe-francaise.fr\/blog\/comment-faire-plaisir-de-facon-ethique-a-noel\/#primaryimage"},"thumbnailUrl":"https:\/\/lh7-us.googleusercontent.com\/8W3bYrIOyyhH-ZrrwTPMVCLIPnufsWBof0ucMwluXAgitCc6-UxtDdUqNG4tMB6r1EwxWjX6E5ju52pqaUKVpTlUiqJJB3aU7cCX_O5Z9PMHqEwznfwejNay6CTX2Yw2r1kjFLkebR9D","datePublished":"2023-11-17T12:17:50+00:00","dateModified":"2025-12-15T16:33:23+00:00","description":"Choisissez des cadeaux \u00e9thiques pour ce No\u00ebl pour partager de bons moments avec votre famille de mani\u00e8re responsable. Nos conseils","breadcrumb":{"@id":"https:\/\/www.echoppe-francaise.fr\/blog\/comment-faire-plaisir-de-facon-ethique-a-noel\/#breadcrumb"},"inLanguage":"fr-FR","potentialAction":[{"@type":"ReadAction","target":["https:\/\/www.echoppe-francaise.fr\/blog\/comment-faire-plaisir-de-facon-ethique-a-noel\/"]}]},{"@type":"ImageObject","inLanguage":"fr-FR","@id":"https:\/\/www.echoppe-francaise.fr\/blog\/comment-faire-plaisir-de-facon-ethique-a-noel\/#primaryimage","url":"https:\/\/lh7-us.googleusercontent.com\/8W3bYrIOyyhH-ZrrwTPMVCLIPnufsWBof0ucMwluXAgitCc6-UxtDdUqNG4tMB6r1EwxWjX6E5ju52pqaUKVpTlUiqJJB3aU7cCX_O5Z9PMHqEwznfwejNay6CTX2Yw2r1kjFLkebR9D","contentUrl":"https:\/\/lh7-us.googleusercontent.com\/8W3bYrIOyyhH-ZrrwTPMVCLIPnufsWBof0ucMwluXAgitCc6-UxtDdUqNG4tMB6r1EwxWjX6E5ju52pqaUKVpTlUiqJJB3aU7cCX_O5Z9PMHqEwznfwejNay6CTX2Yw2r1kjFLkebR9D"},{"@type":"BreadcrumbList","@id":"https:\/\/www.echoppe-francaise.fr\/blog\/comment-faire-plaisir-de-facon-ethique-a-noel\/#breadcrumb","itemListElement":[{"@type":"ListItem","position":1,"name":"Accueil","item":"https:\/\/www.echoppe-francaise.fr\/blog\/"},{"@type":"ListItem","position":2,"name":"Comment faire plaisir de fa\u00e7on \u00e9thique \u00e0 No\u00ebl\u00a0?"}]},{"@type":"WebSite","@id":"https:\/\/www.echoppe-francaise.fr\/blog\/#website","url":"https:\/\/www.echoppe-francaise.fr\/blog\/","name":"\u00c9choppe Fran\u00e7aise, le Blog","description":"Le blog des Cr\u00e9atrices et Cr\u00e9ateurs fran\u00e7ais","publisher":{"@id":"https:\/\/www.echoppe-francaise.fr\/blog\/#organization"},"potentialAction":[{"@type":"SearchAction","target":{"@type":"EntryPoint","urlTemplate":"https:\/\/www.echoppe-francaise.fr\/blog\/?s={search_term_string}"},"query-input":{"@type":"PropertyValueSpecification","valueRequired":true,"valueName":"search_term_string"}}],"inLanguage":"fr-FR"},{"@type":"Organization","@id":"https:\/\/www.echoppe-francaise.fr\/blog\/#organization","name":"L'\u00e9choppe Fran\u00e7aise","url":"https:\/\/www.echoppe-francaise.fr\/blog\/","logo":{"@type":"ImageObject","inLanguage":"fr-FR","@id":"https:\/\/www.echoppe-francaise.fr\/blog\/#\/schema\/logo\/image\/","url":"https:\/\/www.echoppe-francaise.fr\/blog\/wp-content\/uploads\/2017\/04\/echoppe-francaise-logo-1489412704.png","contentUrl":"https:\/\/www.echoppe-francaise.fr\/blog\/wp-content\/uploads\/2017\/04\/echoppe-francaise-logo-1489412704.png","width":492,"height":270,"caption":"L'\u00e9choppe Fran\u00e7aise"},"image":{"@id":"https:\/\/www.echoppe-francaise.fr\/blog\/#\/schema\/logo\/image\/"}}]}},"_links":{"self":[{"href":"https:\/\/www.echoppe-francaise.fr\/blog\/wp-json\/wp\/v2\/pages\/1240","targetHints":{"allow":["GET"]}}],"collection":[{"href":"https:\/\/www.echoppe-francaise.fr\/blog\/wp-json\/wp\/v2\/pages"}],"about":[{"href":"https:\/\/www.echoppe-francaise.fr\/blog\/wp-json\/wp\/v2\/types\/page"}],"author":[{"embeddable":true,"href":"https:\/\/www.echoppe-francaise.fr\/blog\/wp-json\/wp\/v2\/users\/6"}],"replies":[{"embeddable":true,"href":"https:\/\/www.echoppe-francaise.fr\/blog\/wp-json\/wp\/v2\/comments?post=1240"}],"version-history":[{"count":6,"href":"https:\/\/www.echoppe-francaise.fr\/blog\/wp-json\/wp\/v2\/pages\/1240\/revisions"}],"predecessor-version":[{"id":2279,"href":"https:\/\/www.echoppe-francaise.fr\/blog\/wp-json\/wp\/v2\/pages\/1240\/revisions\/2279"}],"wp:attachment":[{"href":"https:\/\/www.echoppe-francaise.fr\/blog\/wp-json\/wp\/v2\/media?parent=1240"}],"curies":[{"name":"wp","href":"https:\/\/api.w.org\/{rel}","templated":true}]}}