{"id":1237,"date":"2023-11-17T13:14:05","date_gmt":"2023-11-17T12:14:05","guid":{"rendered":"https:\/\/www.echoppe-francaise.fr\/blog\/?page_id=1237"},"modified":"2025-12-03T19:30:26","modified_gmt":"2025-12-03T18:30:26","slug":"que-pourrait-on-offrir-a-noel-pour-vraiment-rendre-heureux-nos-proches","status":"publish","type":"page","link":"https:\/\/www.echoppe-francaise.fr\/blog\/que-pourrait-on-offrir-a-noel-pour-vraiment-rendre-heureux-nos-proches\/","title":{"rendered":"Que pourrait-on offrir \u00e0 No\u00ebl pour vraiment rendre heureux nos proches\u00a0?"},"content":{"rendered":"\n<figure class=\"wp-block-image\"><img decoding=\"async\" src=\"https:\/\/lh7-us.googleusercontent.com\/LG3wXy_XRpj81VQVFw14w0eAsxRZnyJpqKS8ArSpEkNgwxvL_rl8zVLbPJ17mOYSAEwHwSTPzK4IuKfudykkbUnNYxtIvzOQEGsXNDlSE8JhwIDEYttWDq6nG8aTZb3ffb-ufTWf1bqF\" alt=\"\"\/><\/figure>\n\n\n\n<p class=\"wp-block-paragraph\">No\u00ebl est un moment de partage, la f\u00eate de famille par excellence. Certains font des centaines de kilom\u00e8tres pour passer et partager un bon moment avec leurs proches. Et, si pour les enfants, les festivit\u00e9s tournent surtout autour de ce qu\u2019il y a sous le sapin, pour les adultes, il y a diff\u00e9rentes mani\u00e8res de faire plaisir sans offrir des pr\u00e9sents commerciaux. La tendance est aujourd\u2019hui aux cadeaux d\u00e9mat\u00e9rialis\u00e9s pour avoir des souvenirs ind\u00e9l\u00e9biles et merveilleux en famille en guise de pr\u00e9sent de No\u00ebl. Voici quelques id\u00e9es pour rendre vos proches heureux.&nbsp;<\/p>\n\n\n\n<h2 class=\"wp-block-heading\">1)Partager un repas de f\u00eates<\/h2>\n\n\n\n<figure class=\"wp-block-image\"><img decoding=\"async\" src=\"https:\/\/lh7-us.googleusercontent.com\/OpvVO__p4DvJvqDd4oQ5FwTM9p1Zd7hYUK6oGQGvhi0R7VLxTIkEv4kqb9BhQuFsfwOW-21LX7ru8PjkNg1Bc6E6i8v-OLa2ePp9tH5_4N2BTP4YX9HzNn3bYsNRCl8bGIhrjN9OYdjk\" alt=\"\"\/><\/figure>\n\n\n\n<p class=\"wp-block-paragraph\">Le repas de&nbsp;No\u00ebl est une tradition incontournable dans les familles fran\u00e7aises. Le d\u00eener est un moment convivial pour partager des souvenirs et les aventures de l\u2019ann\u00e9e qui vient de s\u2019\u00e9couler.&nbsp;<\/p>\n\n\n\n<p class=\"wp-block-paragraph\">Le repas de No\u00ebl est g\u00e9n\u00e9ralement du ressort de celui ou celle qui re\u00e7oit en cette soir\u00e9e du 24 d\u00e9cembre. Il n\u2019emp\u00eache que vous pouvez vous pr\u00e9senter avec une petite bouteille de vin ou quelques gourmandises pour l\u2019ap\u00e9ro ou la b\u00fbche pour le dessert. L\u2019objectif est de cr\u00e9er les meilleures conditions pour que les f\u00eates de famille se passent bien. C\u2019est le genre de tradition que les g\u00e9n\u00e9rations \u00e0 venir auront envie de faire durer.&nbsp;<\/p>\n\n\n\n<p class=\"wp-block-paragraph\">Les f\u00eates de No\u00ebl autour de la table sont parfaites pour renforcer les liens entre les membres de la famille. Passez un bon moment ensemble, ne serait-ce qu\u2019une fois par an, est une bonne id\u00e9e pour continuer d\u2019entretenir la relation, et ce, dans les deux sens.&nbsp;&nbsp;<\/p>\n\n\n\n<h2 class=\"wp-block-heading\">2)Passer du temps avec ses proches en cette fin d&rsquo;ann\u00e9e<\/h2>\n\n\n\n<figure class=\"wp-block-image\"><img decoding=\"async\" src=\"https:\/\/lh7-us.googleusercontent.com\/xXQblGQhcPzIoEUC8KHX-52CQuvc5bvXJGoc7NZDqx65sJFbcdG5XlCZ880TG7tAMdGiNf1w0BBG-RG1ROtWQJN3Z41drQ3W4ueHJsD3MJ1mfOT4_oGa3XunH676SA8Csyj4IRwQ7BlL\" alt=\"\"\/><\/figure>\n\n\n\n<p class=\"wp-block-paragraph\">Les f\u00eates de fin d\u2019ann\u00e9e ne se passent pas seulement sur une soir\u00e9e&nbsp;: la veille de No\u00ebl. G\u00e9n\u00e9ralement, la majorit\u00e9 des salari\u00e9s ont droit \u00e0 une semaine de cong\u00e9 pour passer les derniers jours de l\u2019ann\u00e9e en famille. C\u2019est l\u2019occasion de partir en vacances \u00e0 la montagne pour des journ\u00e9es au ski, partager les raclettes pendant les d\u00eeners, etc.&nbsp;<\/p>\n\n\n\n<p class=\"wp-block-paragraph\">Offrez votre temps \u00e0 votre famille. Concentrez-vous sur les activit\u00e9s \u00e0 faire. Ne perdez pas une seule minute \u00e0 v\u00e9rifier des mails ou \u00e0 r\u00e9pondre \u00e0 votre patron. Vous avez le droit de vous d\u00e9connecter compl\u00e8tement durant vos vacances.&nbsp; C\u2019est un bien meilleur pr\u00e9sent que les objets connect\u00e9s ou des gadgets technologiques.&nbsp;<\/p>\n\n\n\n<p class=\"wp-block-paragraph\">Vous n\u2019avez pas besoin de les emmener en vacances pour leur faire plaisir pendant les f\u00eates. Il y a certainement des activit\u00e9s \u00e0 faire chez vous pour passer du bon temps ensemble&nbsp;: les ateliers de fabrication des maisons en pain d\u2019\u00e9pices, les comp\u00e9titions de sports dans le jardin, les courses de No\u00ebl pour l\u2019achat du sapin, la d\u00e9coration de la maison et de ses ext\u00e9rieurs, et bien d\u2019autres encore. Le but consiste \u00e0 s\u2019amuser ensemble.&nbsp;<\/p>\n\n\n\n<h2 class=\"wp-block-heading\">3)Cr\u00e9er des souvenirs en famille \u00e0 l\u2019occasion des f\u00eates de No\u00ebl<\/h2>\n\n\n\n<figure class=\"wp-block-image\"><img decoding=\"async\" src=\"https:\/\/lh7-us.googleusercontent.com\/LJbflfyEKip1fo5O0fUHzJqPjKJAcT4wDOYhSxd4XU2dLuORXldNGUCEL4bNs03L2XYJVXCyWQKfyYEHMt95LYJTrgDL7WWGJI5eUcQZOnOIduASXChGnY3RVCcVxTWLKU-682gbajGL\" alt=\"\"\/><\/figure>\n\n\n\n<p class=\"wp-block-paragraph\">Les souvenirs en famille sont de bonnes id\u00e9es de cadeaux. C\u2019est pourquoi offrir votre temps ou partager des activit\u00e9s fera plaisir \u00e0 vos proches. Prenez le temps de faire la pose avec vos neveux, ni\u00e8ces, parents, grands-parents, fr\u00e8res et s\u0153urs, etc. Cela vous donnera de nouvelles id\u00e9es de cadeaux pour les prochaines f\u00eates. Les impressions sur calendrier des moments de partage sont de plus en plus tendance de nos jours.&nbsp;<\/p>\n\n\n\n<p class=\"wp-block-paragraph\">Les souvenirs r\u00e9pondent parfaitement \u00e0 la d\u00e9finition m\u00eame d\u2019un cadeau. Celui-ci est consid\u00e9r\u00e9 comme parfait quand il peut durer pour toujours et qu\u2019il fait plaisir \u00e0 celui ou celle \u00e0 qui vous l\u2019offrez.<\/p>\n\n\n\n<p class=\"wp-block-paragraph\">De plus, vous y trouverez votre compte. Vous prenez du plaisir \u00e0 les faire et \u00e0 passer ces moments avec les membres de votre famille.&nbsp; Et, vous n\u2019avez pas \u00e0 d\u00e9penser des centaines d\u2019euros pour ce genre de pr\u00e9sent. Outre les frais pour les activit\u00e9s, tout est gratuit.&nbsp;<\/p>\n\n\n\n<p class=\"wp-block-paragraph\">Afin de cr\u00e9er de bons souvenirs ensemble pour No\u00ebl, d\u00e9couvrez aussi <a href=\"https:\/\/www.echoppe-francaise.fr\/blog\/comment-faire-plaisir-de-facon-ethique-a-noel\/\">comment faire plaisir de fa\u00e7on \u00e9thique \u00e0 No\u00ebl<\/a> ?<\/p>\n\n\n\n<h2 class=\"wp-block-heading\">4)Le respect des traditions familiales pour faire plaisir aux a\u00een\u00e9s<\/h2>\n\n\n\n<figure class=\"wp-block-image\"><img decoding=\"async\" src=\"https:\/\/lh7-us.googleusercontent.com\/BJ4ds_jPeom6Fa1l6g3He6PUbp5deFQ97IH1nxHl9I20MzwGY8iyFTGfkjb-irCo6_Kb8GWaGUjPehrsS1_cemgOA1NC0cweF_0xE5i5Dc0cBGyYL7Zkj2q_-wcxtIU0r7TSc-5A-2_n\" alt=\"\"\/><\/figure>\n\n\n\n<p class=\"wp-block-paragraph\">Enfin, il n\u2019y a rien de tel pour faire plaisir aux a\u00een\u00e9s de la famille que de respecter les traditions de No\u00ebl dans la famille. Cela va de la d\u00e9coration de la maison au d\u00e9coupage de la fameuse dinde de No\u00ebl en passant par les cadeaux qui se transmettent d\u2019une g\u00e9n\u00e9ration \u00e0 une autre. Il y a \u00e9galement la mani\u00e8re dont il faut d\u00e9corer le sapin ou de passer la veille de&nbsp;No\u00ebl \u00e0 l\u2019\u00e9glise chez certains. Les traditions peuvent aussi compter des chants de No\u00ebl qui apportent une dimension conviviale \u00e0 ces \u00e9v\u00e8nements.&nbsp;<\/p>\n\n\n\n<p class=\"wp-block-paragraph\">Les \u00e9changes de cadeaux de No\u00ebl font aussi partie des traditions importantes au sein des familles fran\u00e7aises. Trouvez des id\u00e9es pour garnir votre sapin sur notre article : <a href=\"https:\/\/www.echoppe-francaise.fr\/blog\/7-idees-de-cadeau-de-noel-vraiment-fabrique-en-france\/\">7 id\u00e9es de cadeaux de No\u00ebl r\u00e9ellement fabriqu\u00e9 en France<\/a>. <\/p>\n\n\n\n<p class=\"wp-block-paragraph\">Pr\u00e9parez les f\u00eates avec soin en discutant d\u2019embl\u00e9e avec les grands-parents. Vous en saurez davantage sur les traditions de la famille. Elles changent selon les confessions, la culture, l\u2019histoire et les habitudes de la famille. Chacune a son importance pour maintenir le lien entre le pass\u00e9 et le pr\u00e9sent. En outre, donner de la place aux traditions familiales est une fa\u00e7on d\u2019honorer celles et ceux qui ne sont plus l\u00e0 pour passer les f\u00eates avec vous.<\/p>\n\n\n\n<p class=\"wp-block-paragraph\">D\u00e9couvrez aussi notre <a href=\"https:\/\/www.echoppe-francaise.fr\/blog\/guide-pour-trouver-des-cadeaux-de-noel-reellement-fabriques-en-france\/\">Guide pour trouver de super cadeaux de No\u00ebl fabriqu\u00e9s en France<\/a><\/p>\n","protected":false},"excerpt":{"rendered":"<p>No\u00ebl est un moment de partage, la f\u00eate de famille par excellence. Certains font des centaines de kilom\u00e8tres pour passer et partager un bon moment avec leurs proches. Et, si pour les enfants, les festivit\u00e9s tournent surtout autour de ce qu\u2019il y a sous le sapin, pour les adultes, il y a diff\u00e9rentes mani\u00e8res de&hellip;&nbsp;<\/p>\n","protected":false},"author":6,"featured_media":0,"parent":0,"menu_order":0,"comment_status":"closed","ping_status":"closed","template":"","meta":{"_crdt_document":"","neve_meta_sidebar":"","neve_meta_container":"","neve_meta_enable_content_width":"","neve_meta_content_width":0,"neve_meta_title_alignment":"","neve_meta_author_avatar":"","neve_post_elements_order":"","neve_meta_disable_header":"","neve_meta_disable_footer":"","neve_meta_disable_title":"","footnotes":""},"class_list":["post-1237","page","type-page","status-publish","hentry"],"yoast_head":"<!-- This site is optimized with the Yoast SEO plugin v27.5 - https:\/\/yoast.com\/product\/yoast-seo-wordpress\/ -->\n<title>Quels Cadeaux de No\u00ebl Choisir pour faire Plaisir \u00e0 nos Proches ?<\/title>\n<meta name=\"description\" content=\"Des bons moments et de bons souvenirs : voici d&#039;autres id\u00e9es de cadeaux \u00e0 offrir \u00e0 No\u00ebl pour faire plaisir \u00e0 votre famille.\" \/>\n<meta name=\"robots\" content=\"index, follow, max-snippet:-1, max-image-preview:large, max-video-preview:-1\" \/>\n<link rel=\"canonical\" href=\"https:\/\/www.echoppe-francaise.fr\/blog\/que-pourrait-on-offrir-a-noel-pour-vraiment-rendre-heureux-nos-proches\/\" \/>\n<meta property=\"og:locale\" content=\"fr_FR\" \/>\n<meta property=\"og:type\" content=\"article\" \/>\n<meta property=\"og:title\" content=\"Quels Cadeaux de No\u00ebl Choisir pour faire Plaisir \u00e0 nos Proches ?\" \/>\n<meta property=\"og:description\" content=\"Des bons moments et de bons souvenirs : voici d&#039;autres id\u00e9es de cadeaux \u00e0 offrir \u00e0 No\u00ebl pour faire plaisir \u00e0 votre famille.\" \/>\n<meta property=\"og:url\" content=\"https:\/\/www.echoppe-francaise.fr\/blog\/que-pourrait-on-offrir-a-noel-pour-vraiment-rendre-heureux-nos-proches\/\" \/>\n<meta property=\"og:site_name\" content=\"\u00c9choppe Fran\u00e7aise, le Blog\" \/>\n<meta property=\"article:modified_time\" content=\"2025-12-03T18:30:26+00:00\" \/>\n<meta property=\"og:image\" content=\"https:\/\/lh7-us.googleusercontent.com\/LG3wXy_XRpj81VQVFw14w0eAsxRZnyJpqKS8ArSpEkNgwxvL_rl8zVLbPJ17mOYSAEwHwSTPzK4IuKfudykkbUnNYxtIvzOQEGsXNDlSE8JhwIDEYttWDq6nG8aTZb3ffb-ufTWf1bqF\" \/>\n<meta name=\"twitter:card\" content=\"summary_large_image\" \/>\n<meta name=\"twitter:label1\" content=\"Dur\u00e9e de lecture estim\u00e9e\" \/>\n\t<meta name=\"twitter:data1\" content=\"6 minutes\" \/>\n<script type=\"application\/ld+json\" class=\"yoast-schema-graph\">{\"@context\":\"https:\\\/\\\/schema.org\",\"@graph\":[{\"@type\":\"WebPage\",\"@id\":\"https:\\\/\\\/www.echoppe-francaise.fr\\\/blog\\\/que-pourrait-on-offrir-a-noel-pour-vraiment-rendre-heureux-nos-proches\\\/\",\"url\":\"https:\\\/\\\/www.echoppe-francaise.fr\\\/blog\\\/que-pourrait-on-offrir-a-noel-pour-vraiment-rendre-heureux-nos-proches\\\/\",\"name\":\"Quels Cadeaux de No\u00ebl Choisir pour faire Plaisir \u00e0 nos Proches ?\",\"isPartOf\":{\"@id\":\"https:\\\/\\\/www.echoppe-francaise.fr\\\/blog\\\/#website\"},\"primaryImageOfPage\":{\"@id\":\"https:\\\/\\\/www.echoppe-francaise.fr\\\/blog\\\/que-pourrait-on-offrir-a-noel-pour-vraiment-rendre-heureux-nos-proches\\\/#primaryimage\"},\"image\":{\"@id\":\"https:\\\/\\\/www.echoppe-francaise.fr\\\/blog\\\/que-pourrait-on-offrir-a-noel-pour-vraiment-rendre-heureux-nos-proches\\\/#primaryimage\"},\"thumbnailUrl\":\"https:\\\/\\\/lh7-us.googleusercontent.com\\\/LG3wXy_XRpj81VQVFw14w0eAsxRZnyJpqKS8ArSpEkNgwxvL_rl8zVLbPJ17mOYSAEwHwSTPzK4IuKfudykkbUnNYxtIvzOQEGsXNDlSE8JhwIDEYttWDq6nG8aTZb3ffb-ufTWf1bqF\",\"datePublished\":\"2023-11-17T12:14:05+00:00\",\"dateModified\":\"2025-12-03T18:30:26+00:00\",\"description\":\"Des bons moments et de bons souvenirs : voici d'autres id\u00e9es de cadeaux \u00e0 offrir \u00e0 No\u00ebl pour faire plaisir \u00e0 votre famille.\",\"breadcrumb\":{\"@id\":\"https:\\\/\\\/www.echoppe-francaise.fr\\\/blog\\\/que-pourrait-on-offrir-a-noel-pour-vraiment-rendre-heureux-nos-proches\\\/#breadcrumb\"},\"inLanguage\":\"fr-FR\",\"potentialAction\":[{\"@type\":\"ReadAction\",\"target\":[\"https:\\\/\\\/www.echoppe-francaise.fr\\\/blog\\\/que-pourrait-on-offrir-a-noel-pour-vraiment-rendre-heureux-nos-proches\\\/\"]}]},{\"@type\":\"ImageObject\",\"inLanguage\":\"fr-FR\",\"@id\":\"https:\\\/\\\/www.echoppe-francaise.fr\\\/blog\\\/que-pourrait-on-offrir-a-noel-pour-vraiment-rendre-heureux-nos-proches\\\/#primaryimage\",\"url\":\"https:\\\/\\\/lh7-us.googleusercontent.com\\\/LG3wXy_XRpj81VQVFw14w0eAsxRZnyJpqKS8ArSpEkNgwxvL_rl8zVLbPJ17mOYSAEwHwSTPzK4IuKfudykkbUnNYxtIvzOQEGsXNDlSE8JhwIDEYttWDq6nG8aTZb3ffb-ufTWf1bqF\",\"contentUrl\":\"https:\\\/\\\/lh7-us.googleusercontent.com\\\/LG3wXy_XRpj81VQVFw14w0eAsxRZnyJpqKS8ArSpEkNgwxvL_rl8zVLbPJ17mOYSAEwHwSTPzK4IuKfudykkbUnNYxtIvzOQEGsXNDlSE8JhwIDEYttWDq6nG8aTZb3ffb-ufTWf1bqF\"},{\"@type\":\"BreadcrumbList\",\"@id\":\"https:\\\/\\\/www.echoppe-francaise.fr\\\/blog\\\/que-pourrait-on-offrir-a-noel-pour-vraiment-rendre-heureux-nos-proches\\\/#breadcrumb\",\"itemListElement\":[{\"@type\":\"ListItem\",\"position\":1,\"name\":\"Accueil\",\"item\":\"https:\\\/\\\/www.echoppe-francaise.fr\\\/blog\\\/\"},{\"@type\":\"ListItem\",\"position\":2,\"name\":\"Que pourrait-on offrir \u00e0 No\u00ebl pour vraiment rendre heureux nos proches\u00a0?\"}]},{\"@type\":\"WebSite\",\"@id\":\"https:\\\/\\\/www.echoppe-francaise.fr\\\/blog\\\/#website\",\"url\":\"https:\\\/\\\/www.echoppe-francaise.fr\\\/blog\\\/\",\"name\":\"\u00c9choppe Fran\u00e7aise, le Blog\",\"description\":\"Le blog des Cr\u00e9atrices et Cr\u00e9ateurs fran\u00e7ais\",\"publisher\":{\"@id\":\"https:\\\/\\\/www.echoppe-francaise.fr\\\/blog\\\/#organization\"},\"potentialAction\":[{\"@type\":\"SearchAction\",\"target\":{\"@type\":\"EntryPoint\",\"urlTemplate\":\"https:\\\/\\\/www.echoppe-francaise.fr\\\/blog\\\/?s={search_term_string}\"},\"query-input\":{\"@type\":\"PropertyValueSpecification\",\"valueRequired\":true,\"valueName\":\"search_term_string\"}}],\"inLanguage\":\"fr-FR\"},{\"@type\":\"Organization\",\"@id\":\"https:\\\/\\\/www.echoppe-francaise.fr\\\/blog\\\/#organization\",\"name\":\"L'\u00e9choppe Fran\u00e7aise\",\"url\":\"https:\\\/\\\/www.echoppe-francaise.fr\\\/blog\\\/\",\"logo\":{\"@type\":\"ImageObject\",\"inLanguage\":\"fr-FR\",\"@id\":\"https:\\\/\\\/www.echoppe-francaise.fr\\\/blog\\\/#\\\/schema\\\/logo\\\/image\\\/\",\"url\":\"https:\\\/\\\/www.echoppe-francaise.fr\\\/blog\\\/wp-content\\\/uploads\\\/2017\\\/04\\\/echoppe-francaise-logo-1489412704.png\",\"contentUrl\":\"https:\\\/\\\/www.echoppe-francaise.fr\\\/blog\\\/wp-content\\\/uploads\\\/2017\\\/04\\\/echoppe-francaise-logo-1489412704.png\",\"width\":492,\"height\":270,\"caption\":\"L'\u00e9choppe Fran\u00e7aise\"},\"image\":{\"@id\":\"https:\\\/\\\/www.echoppe-francaise.fr\\\/blog\\\/#\\\/schema\\\/logo\\\/image\\\/\"}}]}<\/script>\n<!-- \/ Yoast SEO plugin. -->","yoast_head_json":{"title":"Quels Cadeaux de No\u00ebl Choisir pour faire Plaisir \u00e0 nos Proches ?","description":"Des bons moments et de bons souvenirs : voici d'autres id\u00e9es de cadeaux \u00e0 offrir \u00e0 No\u00ebl pour faire plaisir \u00e0 votre famille.","robots":{"index":"index","follow":"follow","max-snippet":"max-snippet:-1","max-image-preview":"max-image-preview:large","max-video-preview":"max-video-preview:-1"},"canonical":"https:\/\/www.echoppe-francaise.fr\/blog\/que-pourrait-on-offrir-a-noel-pour-vraiment-rendre-heureux-nos-proches\/","og_locale":"fr_FR","og_type":"article","og_title":"Quels Cadeaux de No\u00ebl Choisir pour faire Plaisir \u00e0 nos Proches ?","og_description":"Des bons moments et de bons souvenirs : voici d'autres id\u00e9es de cadeaux \u00e0 offrir \u00e0 No\u00ebl pour faire plaisir \u00e0 votre famille.","og_url":"https:\/\/www.echoppe-francaise.fr\/blog\/que-pourrait-on-offrir-a-noel-pour-vraiment-rendre-heureux-nos-proches\/","og_site_name":"\u00c9choppe Fran\u00e7aise, le Blog","article_modified_time":"2025-12-03T18:30:26+00:00","og_image":[{"url":"https:\/\/lh7-us.googleusercontent.com\/LG3wXy_XRpj81VQVFw14w0eAsxRZnyJpqKS8ArSpEkNgwxvL_rl8zVLbPJ17mOYSAEwHwSTPzK4IuKfudykkbUnNYxtIvzOQEGsXNDlSE8JhwIDEYttWDq6nG8aTZb3ffb-ufTWf1bqF","type":"","width":"","height":""}],"twitter_card":"summary_large_image","twitter_misc":{"Dur\u00e9e de lecture estim\u00e9e":"6 minutes"},"schema":{"@context":"https:\/\/schema.org","@graph":[{"@type":"WebPage","@id":"https:\/\/www.echoppe-francaise.fr\/blog\/que-pourrait-on-offrir-a-noel-pour-vraiment-rendre-heureux-nos-proches\/","url":"https:\/\/www.echoppe-francaise.fr\/blog\/que-pourrait-on-offrir-a-noel-pour-vraiment-rendre-heureux-nos-proches\/","name":"Quels Cadeaux de No\u00ebl Choisir pour faire Plaisir \u00e0 nos Proches ?","isPartOf":{"@id":"https:\/\/www.echoppe-francaise.fr\/blog\/#website"},"primaryImageOfPage":{"@id":"https:\/\/www.echoppe-francaise.fr\/blog\/que-pourrait-on-offrir-a-noel-pour-vraiment-rendre-heureux-nos-proches\/#primaryimage"},"image":{"@id":"https:\/\/www.echoppe-francaise.fr\/blog\/que-pourrait-on-offrir-a-noel-pour-vraiment-rendre-heureux-nos-proches\/#primaryimage"},"thumbnailUrl":"https:\/\/lh7-us.googleusercontent.com\/LG3wXy_XRpj81VQVFw14w0eAsxRZnyJpqKS8ArSpEkNgwxvL_rl8zVLbPJ17mOYSAEwHwSTPzK4IuKfudykkbUnNYxtIvzOQEGsXNDlSE8JhwIDEYttWDq6nG8aTZb3ffb-ufTWf1bqF","datePublished":"2023-11-17T12:14:05+00:00","dateModified":"2025-12-03T18:30:26+00:00","description":"Des bons moments et de bons souvenirs : voici d'autres id\u00e9es de cadeaux \u00e0 offrir \u00e0 No\u00ebl pour faire plaisir \u00e0 votre famille.","breadcrumb":{"@id":"https:\/\/www.echoppe-francaise.fr\/blog\/que-pourrait-on-offrir-a-noel-pour-vraiment-rendre-heureux-nos-proches\/#breadcrumb"},"inLanguage":"fr-FR","potentialAction":[{"@type":"ReadAction","target":["https:\/\/www.echoppe-francaise.fr\/blog\/que-pourrait-on-offrir-a-noel-pour-vraiment-rendre-heureux-nos-proches\/"]}]},{"@type":"ImageObject","inLanguage":"fr-FR","@id":"https:\/\/www.echoppe-francaise.fr\/blog\/que-pourrait-on-offrir-a-noel-pour-vraiment-rendre-heureux-nos-proches\/#primaryimage","url":"https:\/\/lh7-us.googleusercontent.com\/LG3wXy_XRpj81VQVFw14w0eAsxRZnyJpqKS8ArSpEkNgwxvL_rl8zVLbPJ17mOYSAEwHwSTPzK4IuKfudykkbUnNYxtIvzOQEGsXNDlSE8JhwIDEYttWDq6nG8aTZb3ffb-ufTWf1bqF","contentUrl":"https:\/\/lh7-us.googleusercontent.com\/LG3wXy_XRpj81VQVFw14w0eAsxRZnyJpqKS8ArSpEkNgwxvL_rl8zVLbPJ17mOYSAEwHwSTPzK4IuKfudykkbUnNYxtIvzOQEGsXNDlSE8JhwIDEYttWDq6nG8aTZb3ffb-ufTWf1bqF"},{"@type":"BreadcrumbList","@id":"https:\/\/www.echoppe-francaise.fr\/blog\/que-pourrait-on-offrir-a-noel-pour-vraiment-rendre-heureux-nos-proches\/#breadcrumb","itemListElement":[{"@type":"ListItem","position":1,"name":"Accueil","item":"https:\/\/www.echoppe-francaise.fr\/blog\/"},{"@type":"ListItem","position":2,"name":"Que pourrait-on offrir \u00e0 No\u00ebl pour vraiment rendre heureux nos proches\u00a0?"}]},{"@type":"WebSite","@id":"https:\/\/www.echoppe-francaise.fr\/blog\/#website","url":"https:\/\/www.echoppe-francaise.fr\/blog\/","name":"\u00c9choppe Fran\u00e7aise, le Blog","description":"Le blog des Cr\u00e9atrices et Cr\u00e9ateurs fran\u00e7ais","publisher":{"@id":"https:\/\/www.echoppe-francaise.fr\/blog\/#organization"},"potentialAction":[{"@type":"SearchAction","target":{"@type":"EntryPoint","urlTemplate":"https:\/\/www.echoppe-francaise.fr\/blog\/?s={search_term_string}"},"query-input":{"@type":"PropertyValueSpecification","valueRequired":true,"valueName":"search_term_string"}}],"inLanguage":"fr-FR"},{"@type":"Organization","@id":"https:\/\/www.echoppe-francaise.fr\/blog\/#organization","name":"L'\u00e9choppe Fran\u00e7aise","url":"https:\/\/www.echoppe-francaise.fr\/blog\/","logo":{"@type":"ImageObject","inLanguage":"fr-FR","@id":"https:\/\/www.echoppe-francaise.fr\/blog\/#\/schema\/logo\/image\/","url":"https:\/\/www.echoppe-francaise.fr\/blog\/wp-content\/uploads\/2017\/04\/echoppe-francaise-logo-1489412704.png","contentUrl":"https:\/\/www.echoppe-francaise.fr\/blog\/wp-content\/uploads\/2017\/04\/echoppe-francaise-logo-1489412704.png","width":492,"height":270,"caption":"L'\u00e9choppe Fran\u00e7aise"},"image":{"@id":"https:\/\/www.echoppe-francaise.fr\/blog\/#\/schema\/logo\/image\/"}}]}},"_links":{"self":[{"href":"https:\/\/www.echoppe-francaise.fr\/blog\/wp-json\/wp\/v2\/pages\/1237","targetHints":{"allow":["GET"]}}],"collection":[{"href":"https:\/\/www.echoppe-francaise.fr\/blog\/wp-json\/wp\/v2\/pages"}],"about":[{"href":"https:\/\/www.echoppe-francaise.fr\/blog\/wp-json\/wp\/v2\/types\/page"}],"author":[{"embeddable":true,"href":"https:\/\/www.echoppe-francaise.fr\/blog\/wp-json\/wp\/v2\/users\/6"}],"replies":[{"embeddable":true,"href":"https:\/\/www.echoppe-francaise.fr\/blog\/wp-json\/wp\/v2\/comments?post=1237"}],"version-history":[{"count":4,"href":"https:\/\/www.echoppe-francaise.fr\/blog\/wp-json\/wp\/v2\/pages\/1237\/revisions"}],"predecessor-version":[{"id":2249,"href":"https:\/\/www.echoppe-francaise.fr\/blog\/wp-json\/wp\/v2\/pages\/1237\/revisions\/2249"}],"wp:attachment":[{"href":"https:\/\/www.echoppe-francaise.fr\/blog\/wp-json\/wp\/v2\/media?parent=1237"}],"curies":[{"name":"wp","href":"https:\/\/api.w.org\/{rel}","templated":true}]}}