{"id":1231,"date":"2023-11-17T13:04:53","date_gmt":"2023-11-17T12:04:53","guid":{"rendered":"https:\/\/www.echoppe-francaise.fr\/blog\/?page_id=1231"},"modified":"2025-12-15T17:33:07","modified_gmt":"2025-12-15T16:33:07","slug":"7-idees-de-cadeau-de-noel-vraiment-fabrique-en-france","status":"publish","type":"page","link":"https:\/\/www.echoppe-francaise.fr\/blog\/7-idees-de-cadeau-de-noel-vraiment-fabrique-en-france\/","title":{"rendered":"7 id\u00e9es de cadeau de No\u00ebl vraiment fabriqu\u00e9 en France"},"content":{"rendered":"\n<figure class=\"wp-block-image\"><img decoding=\"async\" src=\"https:\/\/lh7-us.googleusercontent.com\/AgBhHGjtJnypvhutbGvER3XdchqG3u3ph8YvAaCS7ahj_BCVOKXUMg6tV38kPmgkN-uAGkC-cjhKh6Ctbr0Q6Rf01Deol99Jpo1GZbGGfigyKBU3GLaqWREgcwNsBvKTOsULzVp5GtUv\" alt=\"\"\/><\/figure>\n\n\n\n<p class=\"wp-block-paragraph\">Pour cette ann\u00e9e, optez pour un No\u00ebl \u00e9thique, responsable, mais tout aussi convivial. Choisissez des <a href=\"https:\/\/www.echoppe-francaise.fr\/cadeaux-de-noel-fabrique-en-france\">cadeaux r\u00e9ellement fabriqu\u00e9s en France<\/a> pour faire plaisir \u00e0 vos proches. Voici 7 id\u00e9es pour vous donner de l\u2019inspiration.&nbsp;&nbsp;<\/p>\n\n\n\n<h2 class=\"wp-block-heading\">1)Une d\u00e9coration fabriqu\u00e9e par de jeunes cr\u00e9ateurs&nbsp;<\/h2>\n\n\n\n<figure class=\"wp-block-image\"><img decoding=\"async\" src=\"https:\/\/lh7-us.googleusercontent.com\/6rMKU8ahw4yLfkypqWXtWxrmDECWwfszDZEFoXKn4WUo5JU0mYgVqHOo1PscE7sEPAwfOywa6NigWbmhU84BS1YydMXl3y5Qpf8uzhT29VV2BDgcnAxCbQG0ol0wCne0uK6Mr8-ah9g8\" alt=\"\"\/><\/figure>\n\n\n\n<p class=\"wp-block-paragraph\">Les <a href=\"https:\/\/www.echoppe-francaise.fr\/deco_27\">accessoires de d\u00e9coration<\/a> font toujours l\u2019unanimit\u00e9. Les Fran\u00e7ais sont \u00e0 l\u2019aff\u00fbt des derni\u00e8res nouveaut\u00e9s pour am\u00e9liorer leur confort et le style de leur int\u00e9rieur. Sur l\u2019\u00c9choppe Fran\u00e7aise, de jeunes cr\u00e9ateurs vous proposent des <a href=\"https:\/\/www.echoppe-francaise.fr\/lampes-luminaires_64\">lampes et luminaires styl\u00e9s<\/a> et pratiques, de l\u2019organisateur de courrier, des tablettes suspendues ou les photophores pour bougies, etc. Tous sont faits d\u2019un bois certifi\u00e9 PEFC pour respecter les normes d\u2019un No\u00ebl \u00e9thique. En faisant appel \u00e0 des artisans locaux avec des petits ateliers, vous \u00eates s\u00fbr que toutes les phases de fabrication se feront en France.&nbsp;<\/p>\n\n\n\n<p class=\"wp-block-paragraph\">Exit les accessoires de d\u00e9coration passe-partout. Les mod\u00e8les propos\u00e9s par les artisans fran\u00e7ais sont plus travaill\u00e9s, polis avec soin et de forme originale. De quoi en faire des points d\u2019ancrage dans la pi\u00e8ce&nbsp;: le salon, le bureau, la chambre, etc.&nbsp;<\/p>\n\n\n\n<h2 class=\"wp-block-heading\">2)Des bijoux Made in France pour faire plaisir \u00e0 vos belles&nbsp;<\/h2>\n\n\n\n<figure class=\"wp-block-image\"><img decoding=\"async\" src=\"https:\/\/lh7-us.googleusercontent.com\/mtNMjIJ-joD5aHJC44OBVKmXIA0UnNBvtdA8uu_lvWOpSPR2zlmTY4K_SgaUQpHtMfICD00Wk6658PXfvZOnIWs7sHbH8_QyNVkdXnw5TiPLfnhVBiVpe_jyRwmXAdsc01TCmyi1UNAt\" alt=\"\"\/><\/figure>\n\n\n\n<p class=\"wp-block-paragraph\">Faites plaisir aux fashionistas en leur proposant des <a href=\"https:\/\/www.echoppe-francaise.fr\/bijoux_17\">bijoux fabriqu\u00e9s en France<\/a> pour le prochain No\u00ebl. En plus des boucles d\u2019oreilles, des bagues et des colliers, les cr\u00e9ateurs fran\u00e7ais vous proposent des cam\u00e9s ou <a href=\"https:\/\/www.echoppe-francaise.fr\/pins-fabriques-en-france\">des pins f\u00e9ministes<\/a>. Ce sont les nouveaux must have pour un style glamour et authentique.&nbsp;<\/p>\n\n\n\n<p class=\"wp-block-paragraph\">\u00c9vitez n\u00e9anmoins les parures. C\u2019est plut\u00f4t has been. Et, choisissez vos accessoires en fonction de la morphologie de la personne \u00e0 qui vous l\u2019offrez.&nbsp; Pour les boucles d\u2019oreilles, par exemple, les pins sont plus discrets. Ils sont recommand\u00e9s pour celles qui ont un visage ovale. Pr\u00e9f\u00e9rez les accessoires plus imposants si votre belle a une morphologie carr\u00e9e et plus anguleuse. Vous la mettrez davantage en valeur.&nbsp;<\/p>\n\n\n\n<h2 class=\"wp-block-heading\">3)Des accessoires de mode pour briller en cette fin d\u2019ann\u00e9e&nbsp;<\/h2>\n\n\n\n<figure class=\"wp-block-image\"><img decoding=\"async\" src=\"https:\/\/lh7-us.googleusercontent.com\/J3Zu-u1twZ_xTiJiR3DEzvTtCwH_QbedPmwxqm1-uIkGJvG7SWaklOnqFjoC3JuaXwKWcHnDjvl33OnfzMK-GXPElwI1JrJX2vms7rlAgULx9oM-ViqK_EqEYQA3kaLqGZyruL-gaPv3\" alt=\"\"\/><\/figure>\n\n\n\n<p class=\"wp-block-paragraph\">La gente f\u00e9minine n\u2019est pas la seule \u00e0 avoir droit \u00e0 des <strong>accessoires de mode Made in France<\/strong> en cette p\u00e9riode de f\u00eate. Les cr\u00e9ateurs ont aussi pens\u00e9 au look de ces messieurs. C\u2019est le cas, par exemple, avec les <a href=\"https:\/\/www.echoppe-francaise.fr\/noeud-papillon_49\">n\u0153uds papillon<\/a> nouvelles g\u00e9n\u00e9rations. Ils sont faits avec du bois et ont des formes plus originales pour apporter un peu de modernit\u00e9 aux tenues de f\u00eates de vos hommes.&nbsp;<\/p>\n\n\n\n<p class=\"wp-block-paragraph\">Les chaussettes se r\u00e9inventent aussi avec l\u2019aide des artisans fran\u00e7ais. Elles sont plus color\u00e9es, stylis\u00e9es et originales pour un look plus assum\u00e9 et moderne. De quoi faire plaisir aux v\u00e9ritables fashionistos. Les incontournables sous le sapin de No\u00ebl reviennent plus tendance que jamais.&nbsp;<\/p>\n\n\n\n<h2 class=\"wp-block-heading\">4)Des sangles d\u2019appareils photo personnalis\u00e9s par les cr\u00e9ateurs locaux pour No\u00ebl<\/h2>\n\n\n\n<figure class=\"wp-block-image\"><img decoding=\"async\" src=\"https:\/\/lh7-us.googleusercontent.com\/XN-EFvBy4XYEnoeUj5tP7CIX50keaB0L3UuO0WvXqaSoPAQv5MKuELz0qJtqmDqANoitF5bSJP6oMqbk56bdsDxcrkX2Wk-LEd3JNMPUNPjQVrWAGDsKMRii1ZxXkh5OWyiNOLaaFS3F\" alt=\"\"\/><\/figure>\n\n\n\n<p class=\"wp-block-paragraph\">Pour un <strong>cadeau de No\u00ebl<\/strong> utile et \u00e9thique, accordez vos pr\u00e9sents \u00e0 la personnalit\u00e9 et aux passions de celui ou celle \u00e0 qui vous l\u2019offrez. Pour les amateurs de prise de vue, par exemple, rien de tel que les accessoires pour balader leur mat\u00e9riel avec style. C\u2019est le cas des <a href=\"https:\/\/www.echoppe-francaise.fr\/sangle_35\">sangles et lani\u00e8res de transport pour appareils photo<\/a>. Les cordons rev\u00eatent non seulement un c\u00f4t\u00e9 sympathique, mais aussi tr\u00e8s pratique.&nbsp;<\/p>\n\n\n\n<p class=\"wp-block-paragraph\">\u00c0 mettre autour du cou ou du poignet, ces accessoires facilitent le transport des appareils. Ils minimisent les risques de vol \u00e0 la tire ou encore de chute de celui-ci. Ils permettent aux photographes d\u2019avoir les mains libres pendant la s\u00e9ance photo pour des mises en place ou des directives. Mais, ils conservent tout de m\u00eame leur \u00e9quipement \u00e0 port\u00e9e de main pour ne pas manquer un bon fond ou une belle pose.&nbsp;<br>Pour plus d&rsquo;id\u00e9es, d\u00e9couvrez notre article <a href=\"https:\/\/www.echoppe-francaise.fr\/blog\/comment-offrir-un-cadeau-de-noel-fabrique-en-france\/\">comment offrir un cadeau de No\u00ebl r\u00e9ellement fabriqu\u00e9 en France<\/a>.<\/p>\n\n\n\n<h2 class=\"wp-block-heading\">5)Des paniers garnis pour les gourmands du r\u00e9veillon&nbsp;<\/h2>\n\n\n\n<figure class=\"wp-block-image\"><img decoding=\"async\" src=\"https:\/\/lh7-us.googleusercontent.com\/QsI8dEMyZwpabdiEW_e_I_Yph8Jj48frb414zm-vvt0frn8Vxx7RdiVf_TPiwW349kN47EKaM2QYLvGrhiasCw4v1GajXbKyB105RnajF17gfkwjjOKd84xspCZk9KVPPdAIbRgQOwev\" alt=\"\"\/><\/figure>\n\n\n\n<p class=\"wp-block-paragraph\">Et, pourquoi ne pas mettre en valeur les produits des terroirs fran\u00e7ais&nbsp;? Ce serait une belle id\u00e9e de cadeau de No\u00ebl pour les gourmands. Les paniers garnis et les box d\u00e9couvertes se d\u00e9clinent en toute sorte sur les sites et les boutiques sp\u00e9cialis\u00e9s&nbsp;: les vins, les fromages, les confitures, les sucreries, etc. Vous pouvez m\u00eame m\u00e9langer le tout.&nbsp;<\/p>\n\n\n\n<p class=\"wp-block-paragraph\">Les paniers garnis sont d\u2019excellentes solutions si vous \u00eates invit\u00e9s pour la premi\u00e8re fois chez les beaux-parents pour ce No\u00ebl. Vous ne connaissez pas leur go\u00fbt&nbsp;? Ce sera un pr\u00e9sent original et convivial. De plus, cela ouvre la porte \u00e0 une s\u00e9ance de d\u00e9gustation int\u00e9ressante qui vous aidera \u00e0 faire baisser la pression de la rencontre.&nbsp;<br>D\u00e9couvrez notre article sur <a href=\"https:\/\/www.echoppe-francaise.fr\/blog\/que-pourrait-on-offrir-a-noel-pour-vraiment-rendre-heureux-nos-proches\/\">quel cadeau faire \u00e0 No\u00ebl pour rendre heureux vos proches ?<\/a><\/p>\n\n\n\n<h2 class=\"wp-block-heading\">6)Les jouets en bois fabriqu\u00e9s en France sous le sapin&nbsp;<\/h2>\n\n\n\n<figure class=\"wp-block-image\"><img decoding=\"async\" src=\"https:\/\/lh7-us.googleusercontent.com\/3paC2FYtoGlXyv4eh2zaFEpT1hX06ipRlhlnJLVVlCqnUq-tJBWa1w3QAP7Gkh4MY6elxSPYstybcOIwlpbnFc06Of5iPhATdlvp-PXOH4N7K7LQRjfTrXIyABUUCg2MANYJaJTKGhN1\" alt=\"\"\/><\/figure>\n\n\n\n<p class=\"wp-block-paragraph\">Les jouets ne doivent pas manquer sous le sapin si vous avez des enfants. Cependant, au lieu de vous tourner vers les babioles en plastique qui ne durent pas longtemps, pr\u00e9f\u00e9rez les accessoires en bois. Ils sont d\u2019ailleurs plus tendance et s\u2019inscrivent davantage dans un projet de No\u00ebl \u00e9thique.&nbsp;<\/p>\n\n\n\n<ul class=\"wp-block-list\">\n<li>Les jeux d\u2019imitations&nbsp;: kit bricolage ou kit m\u00e9nag\u00e8re, etc.&nbsp;<\/li>\n\n\n\n<li>Les jeux Montessori qui participent au d\u00e9veloppement des enfants&nbsp;<\/li>\n\n\n\n<li>Les cubes de constructions en bois plus agr\u00e9ables \u00e0 prendre en main<\/li>\n\n\n\n<li>Les petites voitures en bois qui sont aussi maniables que celles en plastique, mais qui durent plus longtemps<\/li>\n\n\n\n<li>Ou encore le jeu Pilto de la cr\u00e9atrice Claire que vous trouverez sur l\u2019Echoppe Fran\u00e7aise. C\u2019est une activit\u00e9 id\u00e9ale pour tous les \u00e2ges. Les r\u00e8gles sont simples. C\u2019est ludique. Il s\u2019agit d\u2019une version plus maniable de la p\u00e9tanque.&nbsp;<\/li>\n<\/ul>\n\n\n\n<h2 class=\"wp-block-heading\">7)Une petite douceur de grand chef.fe<\/h2>\n\n\n\n<figure class=\"wp-block-image\"><img decoding=\"async\" src=\"https:\/\/lh7-us.googleusercontent.com\/WlrKc-UFgmZnEXOoUpw6-PMxRew1LeCnnZe5WVBU3XSB91ywIwbjoH-pnapy7-64YNW9VL0yDLRa708Ykq-BA3aLELyxoKLROZ1ZZyEUE-loPFF1eLvN9ZTRDDl3poypTu9UChPFAeZc\" alt=\"\"\/><\/figure>\n\n\n\n<p class=\"wp-block-paragraph\">Enfin, pour celles et ceux qui ont quelques bases en cuisine, osez aussi les recettes et les gourmandises faites maison. Avec les tutos propos\u00e9s par les grands chefs en ligne, vous n\u2019avez pas besoin d\u2019\u00e9norm\u00e9ment de connaissances en cuisine pour vous en sortir.&nbsp;<\/p>\n\n\n\n<p class=\"wp-block-paragraph\">Un cadeau de No\u00ebl fait maison est toujours une belle marque d\u2019attention. C\u2019est la preuve que vous vous \u00eates investi dans la pr\u00e9paration de ce cadeau. Sans compter qu\u2019avec les ingr\u00e9dients sains et bios propos\u00e9s en rayon des magasins, vous vous en sortirez avec seulement quelques dizaines d\u2019euros de d\u00e9penses.&nbsp;<\/p>\n\n\n\n<p class=\"wp-block-paragraph\">Cookies, constructions en pain d\u2019\u00e9pices, g\u00e2teaux ou b\u00fbches de No\u00ebl, bonbons et confiseries fabriqu\u00e9es \u00e0 la maison&nbsp;: les id\u00e9es ne manquent pas pour les jeunes chef.fes en herbe.&nbsp;<\/p>\n\n\n\n<p class=\"wp-block-paragraph\">D\u00e9couvrez aussi notre <a href=\"https:\/\/www.echoppe-francaise.fr\/blog\/guide-pour-trouver-des-cadeaux-de-noel-reellement-fabriques-en-france\/\">guide pour trouver de super cadeaux de No\u00ebl fabriqu\u00e9s en France<\/a><\/p>\n\n\n\n<h3 class=\"wp-block-heading\">D&rsquo;autres articles pour vos cadeaux de No\u00ebl fabriqu\u00e9s en France :<\/h3>\n\n\n\n<p class=\"wp-block-paragraph\"><a href=\"https:\/\/www.echoppe-francaise.fr\/blog\/comment-faire-plaisir-de-facon-ethique-a-noel\/\">Comment faire des cadeaux de No\u00ebl \u00e9thiques ?<\/a><br><a href=\"https:\/\/www.echoppe-francaise.fr\/blog\/quel-est-le-meilleur-cadeau-de-noel\/\" target=\"_blank\" rel=\"noreferrer noopener\">Quel est le meilleur cadeau de No\u00ebl\u00a0?<\/a><br><a href=\"https:\/\/www.echoppe-francaise.fr\/blog\/quel-cadeau-de-createurs-faire-a-un-homme-pour-noel\/\" target=\"_blank\" rel=\"noreferrer noopener\">Quel cadeau de cr\u00e9ateur faire \u00e0 un homme pour No\u00ebl\u00a0?<\/a><br><a href=\"https:\/\/www.echoppe-francaise.fr\/blog\/quel-cadeau-de-createur-offrir-pour-noel\/\" target=\"_blank\" rel=\"noreferrer noopener\">Quel cadeau de cr\u00e9ateurs offrir pour No\u00ebl\u00a0?\u00a0<\/a><br><a href=\"https:\/\/www.echoppe-francaise.fr\/blog\/quel-est-le-meilleur-cadeau-de-noel-pour-une-femme\/\" target=\"_blank\" rel=\"noreferrer noopener\">Quel est le meilleur cadeau de No\u00ebl pour une femme\u00a0?\u00a0<\/a><br><a href=\"https:\/\/www.echoppe-francaise.fr\/blog\/pourquoi-offrir-un-cadeau-fabrique-en-france-a-noel\/\">Pourquoi offrir un cadeau de No\u00ebl fabriqu\u00e9 en France ?<\/a><\/p>\n\n\n\n<p class=\"wp-block-paragraph\"><br><\/p>\n","protected":false},"excerpt":{"rendered":"<p>Pour cette ann\u00e9e, optez pour un No\u00ebl \u00e9thique, responsable, mais tout aussi convivial. Choisissez des cadeaux r\u00e9ellement fabriqu\u00e9s en France pour faire plaisir \u00e0 vos proches. Voici 7 id\u00e9es pour vous donner de l\u2019inspiration.&nbsp;&nbsp; 1)Une d\u00e9coration fabriqu\u00e9e par de jeunes cr\u00e9ateurs&nbsp; Les accessoires de d\u00e9coration font toujours l\u2019unanimit\u00e9. Les Fran\u00e7ais sont \u00e0 l\u2019aff\u00fbt des derni\u00e8res&hellip;&nbsp;<\/p>\n","protected":false},"author":6,"featured_media":0,"parent":0,"menu_order":0,"comment_status":"closed","ping_status":"closed","template":"","meta":{"_crdt_document":"","neve_meta_sidebar":"","neve_meta_container":"","neve_meta_enable_content_width":"","neve_meta_content_width":0,"neve_meta_title_alignment":"","neve_meta_author_avatar":"","neve_post_elements_order":"","neve_meta_disable_header":"","neve_meta_disable_footer":"","neve_meta_disable_title":"","footnotes":""},"class_list":["post-1231","page","type-page","status-publish","hentry"],"yoast_head":"<!-- This site is optimized with the Yoast SEO plugin v27.5 - https:\/\/yoast.com\/product\/yoast-seo-wordpress\/ -->\n<title>7 Id\u00e9es de Cadeaux de No\u00ebl Vraiment Fabriqu\u00e9s en France<\/title>\n<meta name=\"description\" content=\"Cliquez ici pour d\u00e9couvrir nos suggestions de cadeaux de No\u00ebl fabriqu\u00e9s en France pour des f\u00eates \u00e9thiques et conviviales !\" \/>\n<meta name=\"robots\" content=\"index, follow, max-snippet:-1, max-image-preview:large, max-video-preview:-1\" \/>\n<link rel=\"canonical\" href=\"https:\/\/www.echoppe-francaise.fr\/blog\/7-idees-de-cadeau-de-noel-vraiment-fabrique-en-france\/\" \/>\n<meta property=\"og:locale\" content=\"fr_FR\" \/>\n<meta property=\"og:type\" content=\"article\" \/>\n<meta property=\"og:title\" content=\"7 Id\u00e9es de Cadeaux de No\u00ebl Vraiment Fabriqu\u00e9s en France\" \/>\n<meta property=\"og:description\" content=\"Cliquez ici pour d\u00e9couvrir nos suggestions de cadeaux de No\u00ebl fabriqu\u00e9s en France pour des f\u00eates \u00e9thiques et conviviales !\" \/>\n<meta property=\"og:url\" content=\"https:\/\/www.echoppe-francaise.fr\/blog\/7-idees-de-cadeau-de-noel-vraiment-fabrique-en-france\/\" \/>\n<meta property=\"og:site_name\" content=\"\u00c9choppe Fran\u00e7aise, le Blog\" \/>\n<meta property=\"article:modified_time\" content=\"2025-12-15T16:33:07+00:00\" \/>\n<meta property=\"og:image\" content=\"https:\/\/lh7-us.googleusercontent.com\/AgBhHGjtJnypvhutbGvER3XdchqG3u3ph8YvAaCS7ahj_BCVOKXUMg6tV38kPmgkN-uAGkC-cjhKh6Ctbr0Q6Rf01Deol99Jpo1GZbGGfigyKBU3GLaqWREgcwNsBvKTOsULzVp5GtUv\" \/>\n<meta name=\"twitter:card\" content=\"summary_large_image\" \/>\n<meta name=\"twitter:label1\" content=\"Dur\u00e9e de lecture estim\u00e9e\" \/>\n\t<meta name=\"twitter:data1\" content=\"8 minutes\" \/>\n<script type=\"application\/ld+json\" class=\"yoast-schema-graph\">{\"@context\":\"https:\\\/\\\/schema.org\",\"@graph\":[{\"@type\":\"WebPage\",\"@id\":\"https:\\\/\\\/www.echoppe-francaise.fr\\\/blog\\\/7-idees-de-cadeau-de-noel-vraiment-fabrique-en-france\\\/\",\"url\":\"https:\\\/\\\/www.echoppe-francaise.fr\\\/blog\\\/7-idees-de-cadeau-de-noel-vraiment-fabrique-en-france\\\/\",\"name\":\"7 Id\u00e9es de Cadeaux de No\u00ebl Vraiment Fabriqu\u00e9s en France\",\"isPartOf\":{\"@id\":\"https:\\\/\\\/www.echoppe-francaise.fr\\\/blog\\\/#website\"},\"primaryImageOfPage\":{\"@id\":\"https:\\\/\\\/www.echoppe-francaise.fr\\\/blog\\\/7-idees-de-cadeau-de-noel-vraiment-fabrique-en-france\\\/#primaryimage\"},\"image\":{\"@id\":\"https:\\\/\\\/www.echoppe-francaise.fr\\\/blog\\\/7-idees-de-cadeau-de-noel-vraiment-fabrique-en-france\\\/#primaryimage\"},\"thumbnailUrl\":\"https:\\\/\\\/lh7-us.googleusercontent.com\\\/AgBhHGjtJnypvhutbGvER3XdchqG3u3ph8YvAaCS7ahj_BCVOKXUMg6tV38kPmgkN-uAGkC-cjhKh6Ctbr0Q6Rf01Deol99Jpo1GZbGGfigyKBU3GLaqWREgcwNsBvKTOsULzVp5GtUv\",\"datePublished\":\"2023-11-17T12:04:53+00:00\",\"dateModified\":\"2025-12-15T16:33:07+00:00\",\"description\":\"Cliquez ici pour d\u00e9couvrir nos suggestions de cadeaux de No\u00ebl fabriqu\u00e9s en France pour des f\u00eates \u00e9thiques et conviviales !\",\"breadcrumb\":{\"@id\":\"https:\\\/\\\/www.echoppe-francaise.fr\\\/blog\\\/7-idees-de-cadeau-de-noel-vraiment-fabrique-en-france\\\/#breadcrumb\"},\"inLanguage\":\"fr-FR\",\"potentialAction\":[{\"@type\":\"ReadAction\",\"target\":[\"https:\\\/\\\/www.echoppe-francaise.fr\\\/blog\\\/7-idees-de-cadeau-de-noel-vraiment-fabrique-en-france\\\/\"]}]},{\"@type\":\"ImageObject\",\"inLanguage\":\"fr-FR\",\"@id\":\"https:\\\/\\\/www.echoppe-francaise.fr\\\/blog\\\/7-idees-de-cadeau-de-noel-vraiment-fabrique-en-france\\\/#primaryimage\",\"url\":\"https:\\\/\\\/lh7-us.googleusercontent.com\\\/AgBhHGjtJnypvhutbGvER3XdchqG3u3ph8YvAaCS7ahj_BCVOKXUMg6tV38kPmgkN-uAGkC-cjhKh6Ctbr0Q6Rf01Deol99Jpo1GZbGGfigyKBU3GLaqWREgcwNsBvKTOsULzVp5GtUv\",\"contentUrl\":\"https:\\\/\\\/lh7-us.googleusercontent.com\\\/AgBhHGjtJnypvhutbGvER3XdchqG3u3ph8YvAaCS7ahj_BCVOKXUMg6tV38kPmgkN-uAGkC-cjhKh6Ctbr0Q6Rf01Deol99Jpo1GZbGGfigyKBU3GLaqWREgcwNsBvKTOsULzVp5GtUv\"},{\"@type\":\"BreadcrumbList\",\"@id\":\"https:\\\/\\\/www.echoppe-francaise.fr\\\/blog\\\/7-idees-de-cadeau-de-noel-vraiment-fabrique-en-france\\\/#breadcrumb\",\"itemListElement\":[{\"@type\":\"ListItem\",\"position\":1,\"name\":\"Accueil\",\"item\":\"https:\\\/\\\/www.echoppe-francaise.fr\\\/blog\\\/\"},{\"@type\":\"ListItem\",\"position\":2,\"name\":\"7 id\u00e9es de cadeau de No\u00ebl vraiment fabriqu\u00e9 en France\"}]},{\"@type\":\"WebSite\",\"@id\":\"https:\\\/\\\/www.echoppe-francaise.fr\\\/blog\\\/#website\",\"url\":\"https:\\\/\\\/www.echoppe-francaise.fr\\\/blog\\\/\",\"name\":\"\u00c9choppe Fran\u00e7aise, le Blog\",\"description\":\"Le blog des Cr\u00e9atrices et Cr\u00e9ateurs fran\u00e7ais\",\"publisher\":{\"@id\":\"https:\\\/\\\/www.echoppe-francaise.fr\\\/blog\\\/#organization\"},\"potentialAction\":[{\"@type\":\"SearchAction\",\"target\":{\"@type\":\"EntryPoint\",\"urlTemplate\":\"https:\\\/\\\/www.echoppe-francaise.fr\\\/blog\\\/?s={search_term_string}\"},\"query-input\":{\"@type\":\"PropertyValueSpecification\",\"valueRequired\":true,\"valueName\":\"search_term_string\"}}],\"inLanguage\":\"fr-FR\"},{\"@type\":\"Organization\",\"@id\":\"https:\\\/\\\/www.echoppe-francaise.fr\\\/blog\\\/#organization\",\"name\":\"L'\u00e9choppe Fran\u00e7aise\",\"url\":\"https:\\\/\\\/www.echoppe-francaise.fr\\\/blog\\\/\",\"logo\":{\"@type\":\"ImageObject\",\"inLanguage\":\"fr-FR\",\"@id\":\"https:\\\/\\\/www.echoppe-francaise.fr\\\/blog\\\/#\\\/schema\\\/logo\\\/image\\\/\",\"url\":\"https:\\\/\\\/www.echoppe-francaise.fr\\\/blog\\\/wp-content\\\/uploads\\\/2017\\\/04\\\/echoppe-francaise-logo-1489412704.png\",\"contentUrl\":\"https:\\\/\\\/www.echoppe-francaise.fr\\\/blog\\\/wp-content\\\/uploads\\\/2017\\\/04\\\/echoppe-francaise-logo-1489412704.png\",\"width\":492,\"height\":270,\"caption\":\"L'\u00e9choppe Fran\u00e7aise\"},\"image\":{\"@id\":\"https:\\\/\\\/www.echoppe-francaise.fr\\\/blog\\\/#\\\/schema\\\/logo\\\/image\\\/\"}}]}<\/script>\n<!-- \/ Yoast SEO plugin. -->","yoast_head_json":{"title":"7 Id\u00e9es de Cadeaux de No\u00ebl Vraiment Fabriqu\u00e9s en France","description":"Cliquez ici pour d\u00e9couvrir nos suggestions de cadeaux de No\u00ebl fabriqu\u00e9s en France pour des f\u00eates \u00e9thiques et conviviales !","robots":{"index":"index","follow":"follow","max-snippet":"max-snippet:-1","max-image-preview":"max-image-preview:large","max-video-preview":"max-video-preview:-1"},"canonical":"https:\/\/www.echoppe-francaise.fr\/blog\/7-idees-de-cadeau-de-noel-vraiment-fabrique-en-france\/","og_locale":"fr_FR","og_type":"article","og_title":"7 Id\u00e9es de Cadeaux de No\u00ebl Vraiment Fabriqu\u00e9s en France","og_description":"Cliquez ici pour d\u00e9couvrir nos suggestions de cadeaux de No\u00ebl fabriqu\u00e9s en France pour des f\u00eates \u00e9thiques et conviviales !","og_url":"https:\/\/www.echoppe-francaise.fr\/blog\/7-idees-de-cadeau-de-noel-vraiment-fabrique-en-france\/","og_site_name":"\u00c9choppe Fran\u00e7aise, le Blog","article_modified_time":"2025-12-15T16:33:07+00:00","og_image":[{"url":"https:\/\/lh7-us.googleusercontent.com\/AgBhHGjtJnypvhutbGvER3XdchqG3u3ph8YvAaCS7ahj_BCVOKXUMg6tV38kPmgkN-uAGkC-cjhKh6Ctbr0Q6Rf01Deol99Jpo1GZbGGfigyKBU3GLaqWREgcwNsBvKTOsULzVp5GtUv","type":"","width":"","height":""}],"twitter_card":"summary_large_image","twitter_misc":{"Dur\u00e9e de lecture estim\u00e9e":"8 minutes"},"schema":{"@context":"https:\/\/schema.org","@graph":[{"@type":"WebPage","@id":"https:\/\/www.echoppe-francaise.fr\/blog\/7-idees-de-cadeau-de-noel-vraiment-fabrique-en-france\/","url":"https:\/\/www.echoppe-francaise.fr\/blog\/7-idees-de-cadeau-de-noel-vraiment-fabrique-en-france\/","name":"7 Id\u00e9es de Cadeaux de No\u00ebl Vraiment Fabriqu\u00e9s en France","isPartOf":{"@id":"https:\/\/www.echoppe-francaise.fr\/blog\/#website"},"primaryImageOfPage":{"@id":"https:\/\/www.echoppe-francaise.fr\/blog\/7-idees-de-cadeau-de-noel-vraiment-fabrique-en-france\/#primaryimage"},"image":{"@id":"https:\/\/www.echoppe-francaise.fr\/blog\/7-idees-de-cadeau-de-noel-vraiment-fabrique-en-france\/#primaryimage"},"thumbnailUrl":"https:\/\/lh7-us.googleusercontent.com\/AgBhHGjtJnypvhutbGvER3XdchqG3u3ph8YvAaCS7ahj_BCVOKXUMg6tV38kPmgkN-uAGkC-cjhKh6Ctbr0Q6Rf01Deol99Jpo1GZbGGfigyKBU3GLaqWREgcwNsBvKTOsULzVp5GtUv","datePublished":"2023-11-17T12:04:53+00:00","dateModified":"2025-12-15T16:33:07+00:00","description":"Cliquez ici pour d\u00e9couvrir nos suggestions de cadeaux de No\u00ebl fabriqu\u00e9s en France pour des f\u00eates \u00e9thiques et conviviales !","breadcrumb":{"@id":"https:\/\/www.echoppe-francaise.fr\/blog\/7-idees-de-cadeau-de-noel-vraiment-fabrique-en-france\/#breadcrumb"},"inLanguage":"fr-FR","potentialAction":[{"@type":"ReadAction","target":["https:\/\/www.echoppe-francaise.fr\/blog\/7-idees-de-cadeau-de-noel-vraiment-fabrique-en-france\/"]}]},{"@type":"ImageObject","inLanguage":"fr-FR","@id":"https:\/\/www.echoppe-francaise.fr\/blog\/7-idees-de-cadeau-de-noel-vraiment-fabrique-en-france\/#primaryimage","url":"https:\/\/lh7-us.googleusercontent.com\/AgBhHGjtJnypvhutbGvER3XdchqG3u3ph8YvAaCS7ahj_BCVOKXUMg6tV38kPmgkN-uAGkC-cjhKh6Ctbr0Q6Rf01Deol99Jpo1GZbGGfigyKBU3GLaqWREgcwNsBvKTOsULzVp5GtUv","contentUrl":"https:\/\/lh7-us.googleusercontent.com\/AgBhHGjtJnypvhutbGvER3XdchqG3u3ph8YvAaCS7ahj_BCVOKXUMg6tV38kPmgkN-uAGkC-cjhKh6Ctbr0Q6Rf01Deol99Jpo1GZbGGfigyKBU3GLaqWREgcwNsBvKTOsULzVp5GtUv"},{"@type":"BreadcrumbList","@id":"https:\/\/www.echoppe-francaise.fr\/blog\/7-idees-de-cadeau-de-noel-vraiment-fabrique-en-france\/#breadcrumb","itemListElement":[{"@type":"ListItem","position":1,"name":"Accueil","item":"https:\/\/www.echoppe-francaise.fr\/blog\/"},{"@type":"ListItem","position":2,"name":"7 id\u00e9es de cadeau de No\u00ebl vraiment fabriqu\u00e9 en France"}]},{"@type":"WebSite","@id":"https:\/\/www.echoppe-francaise.fr\/blog\/#website","url":"https:\/\/www.echoppe-francaise.fr\/blog\/","name":"\u00c9choppe Fran\u00e7aise, le Blog","description":"Le blog des Cr\u00e9atrices et Cr\u00e9ateurs fran\u00e7ais","publisher":{"@id":"https:\/\/www.echoppe-francaise.fr\/blog\/#organization"},"potentialAction":[{"@type":"SearchAction","target":{"@type":"EntryPoint","urlTemplate":"https:\/\/www.echoppe-francaise.fr\/blog\/?s={search_term_string}"},"query-input":{"@type":"PropertyValueSpecification","valueRequired":true,"valueName":"search_term_string"}}],"inLanguage":"fr-FR"},{"@type":"Organization","@id":"https:\/\/www.echoppe-francaise.fr\/blog\/#organization","name":"L'\u00e9choppe Fran\u00e7aise","url":"https:\/\/www.echoppe-francaise.fr\/blog\/","logo":{"@type":"ImageObject","inLanguage":"fr-FR","@id":"https:\/\/www.echoppe-francaise.fr\/blog\/#\/schema\/logo\/image\/","url":"https:\/\/www.echoppe-francaise.fr\/blog\/wp-content\/uploads\/2017\/04\/echoppe-francaise-logo-1489412704.png","contentUrl":"https:\/\/www.echoppe-francaise.fr\/blog\/wp-content\/uploads\/2017\/04\/echoppe-francaise-logo-1489412704.png","width":492,"height":270,"caption":"L'\u00e9choppe Fran\u00e7aise"},"image":{"@id":"https:\/\/www.echoppe-francaise.fr\/blog\/#\/schema\/logo\/image\/"}}]}},"_links":{"self":[{"href":"https:\/\/www.echoppe-francaise.fr\/blog\/wp-json\/wp\/v2\/pages\/1231","targetHints":{"allow":["GET"]}}],"collection":[{"href":"https:\/\/www.echoppe-francaise.fr\/blog\/wp-json\/wp\/v2\/pages"}],"about":[{"href":"https:\/\/www.echoppe-francaise.fr\/blog\/wp-json\/wp\/v2\/types\/page"}],"author":[{"embeddable":true,"href":"https:\/\/www.echoppe-francaise.fr\/blog\/wp-json\/wp\/v2\/users\/6"}],"replies":[{"embeddable":true,"href":"https:\/\/www.echoppe-francaise.fr\/blog\/wp-json\/wp\/v2\/comments?post=1231"}],"version-history":[{"count":11,"href":"https:\/\/www.echoppe-francaise.fr\/blog\/wp-json\/wp\/v2\/pages\/1231\/revisions"}],"predecessor-version":[{"id":2277,"href":"https:\/\/www.echoppe-francaise.fr\/blog\/wp-json\/wp\/v2\/pages\/1231\/revisions\/2277"}],"wp:attachment":[{"href":"https:\/\/www.echoppe-francaise.fr\/blog\/wp-json\/wp\/v2\/media?parent=1231"}],"curies":[{"name":"wp","href":"https:\/\/api.w.org\/{rel}","templated":true}]}}