{"id":1200,"date":"2023-03-06T11:04:39","date_gmt":"2023-03-06T10:04:39","guid":{"rendered":"https:\/\/www.echoppe-francaise.fr\/blog\/?page_id=1200"},"modified":"2023-03-06T16:18:30","modified_gmt":"2023-03-06T15:18:30","slug":"donnez-du-style-grace-au-bandeau","status":"publish","type":"page","link":"https:\/\/www.echoppe-francaise.fr\/blog\/donnez-du-style-grace-au-bandeau\/","title":{"rendered":"Chic et tendance : exploitez le pouvoir des bandeaux pour donner du style \u00e0 vos tenues."},"content":{"rendered":"\n<p class=\"has-medium-font-size wp-block-paragraph\">Le <a href=\"https:\/\/www.echoppe-francaise.fr\/headband-bandeau-cheveux_46\">bandeau<\/a> est l\u2019accessoire id\u00e9al pour travailler votre style rapidement. Aujourd&rsquo;hui ils sont plus \u00e9l\u00e9gants que jamais. Que vous cherchiez un <strong>bandeau classique et chic<\/strong> pour compl\u00e9ter votre look ou que vous cherchiez quelque chose d&rsquo;un peu <strong>plus tendance<\/strong>, le headband vous aidera \u00e0 sortir du lot. Avec un large \u00e9ventail <strong>de styles, de couleurs et de tissus<\/strong>, les bandeaux donneront du chien \u00e0 tous vos ensembles. Des <strong>chouchous en velours aux bandeaux en perles<\/strong>, ces accessoires \u00e9l\u00e9gants rehausseront votre look. Si vous cherchez une fa\u00e7on \u00e9l\u00e9gante de renouveler votre garde-robe, pourquoi ne pas essayer les bandeaux pour cheveux ?<\/p>\n\n\n\n<h2 class=\"wp-block-heading\"><strong>Les diff\u00e9rents styles de bandeaux<\/strong><\/h2>\n\n\n\n<p class=\"has-medium-font-size wp-block-paragraph\">Les bandeaux se d\u00e9clinent en plusieurs styles, du <strong>classique et chic au plus moderne et tendance<\/strong> :&nbsp;<\/p>\n\n\n\n<ul class=\"wp-block-list\">\n<li class=\"has-medium-font-size\">Les <strong>bandeaux classiques<\/strong> sont g\u00e9n\u00e9ralement fabriqu\u00e9s dans un seul tissu, comme le cuir ou le velours, et sont souvent agr\u00e9ment\u00e9s d&rsquo;un n\u0153ud ou d&rsquo;un autre motif. Ces bandeaux sont parfaits pour ajouter une touche de sophistication \u00e0 votre tenue.&nbsp;<\/li>\n\n\n\n<li class=\"has-medium-font-size\">Pour un look plus tendance, les <strong>bandeaux en perles<\/strong> sont une excellente option. Ils existent dans une grande vari\u00e9t\u00e9 de couleurs et de styles, du simple bandeau \u00e0 un seul brin aux mod\u00e8les plus complexes avec plusieurs couleurs et perles.&nbsp;<\/li>\n\n\n\n<li class=\"has-medium-font-size\">Les <strong>bandeaux \u00e0 fleurs<\/strong> sont \u00e9galement un excellent moyen d&rsquo;ajouter une touche nature \u00e0 votre look.<\/li>\n\n\n\n<li class=\"has-medium-font-size\">Si vous recherchez quelque chose d&rsquo;un peu plus audacieux, pourquoi ne pas essayer un <strong>bandeau \u00e0 motifs<\/strong> ? Ces bandeaux sont audacieux et accrocheurs, avec des motifs et des couleurs uniques qui se d\u00e9marquent. Qu&rsquo;il s&rsquo;agisse de <strong>couleurs vives<\/strong> ou <strong>d&rsquo;imprim\u00e9s audacieux<\/strong>, ces bandeaux ne manqueront pas de faire tourner les t\u00eates.<\/li>\n<\/ul>\n\n\n\n<p class=\"has-medium-font-size wp-block-paragraph\">Quel que soit le style de bandeau que vous choisissez, il est important de suivre l\u2019adage \u00ab\u00a0moins c&rsquo;est mieux\u00a0\u00bb &#8211; n&rsquo;en faites pas trop avec vos headbands et accessoires.<\/p>\n\n\n<div class=\"wp-block-image\">\n<figure class=\"aligncenter size-full\"><img loading=\"lazy\" decoding=\"async\" width=\"640\" height=\"359\" src=\"https:\/\/www.echoppe-francaise.fr\/blog\/wp-content\/uploads\/2023\/03\/Choisir-le-style-qui-vous-convient-le-mieux.jpeg\" alt=\"\" class=\"wp-image-1190\" srcset=\"https:\/\/www.echoppe-francaise.fr\/blog\/wp-content\/uploads\/2023\/03\/Choisir-le-style-qui-vous-convient-le-mieux.jpeg 640w, https:\/\/www.echoppe-francaise.fr\/blog\/wp-content\/uploads\/2023\/03\/Choisir-le-style-qui-vous-convient-le-mieux-300x168.jpeg 300w\" sizes=\"auto, (max-width: 640px) 100vw, 640px\" \/><\/figure>\n<\/div>\n\n\n<h2 class=\"wp-block-heading\"><strong>Conseils sur la fa\u00e7on d&rsquo;accessoiriser les bandeaux<\/strong><\/h2>\n\n\n\n<p class=\"has-medium-font-size wp-block-paragraph\">Les bandeaux sont un excellent moyen d&rsquo;accessoiriser n&rsquo;importe quelle tenue. Pour tirer le meilleur parti de vos bandeaux, essayez de <strong>les associer \u00e0 d&rsquo;autres accessoires<\/strong>. Pour un style classique, <strong>associez votre bandeau \u00e0 une paire de boucles d&rsquo;oreilles ou \u00e0 un collier<\/strong>.&nbsp;<\/p>\n\n\n\n<p class=\"has-medium-font-size wp-block-paragraph\">Pour un look plus tendance, <strong>associez votre bandeau \u00e0 un bracelet ou \u00e0 une grosse bague<\/strong>.<\/p>\n\n\n\n<p class=\"has-medium-font-size wp-block-paragraph\">Si vous portez un bandeau pour une touche plus \u00e9l\u00e9gante, essayez de l&rsquo;associer <strong>\u00e0 une paire de boucles d&rsquo;oreilles ou \u00e0 un bracelet de couleur compl\u00e9mentaire<\/strong>. Si vous portez un bandeau avec un style plus d\u00e9contract\u00e9, essayez de <strong>l&rsquo;associer \u00e0 une paire de lunettes de soleil ou \u00e0 une \u00e9charpe funky<\/strong>.<\/p>\n\n\n\n<h2 class=\"wp-block-heading\"><strong>Avantages du port du bandeau<\/strong><\/h2>\n\n\n\n<p class=\"has-medium-font-size wp-block-paragraph\">Les <a href=\"https:\/\/www.echoppe-francaise.fr\/blog\/guide-pour-coiffer-vos-cheveux-avec-un-bandeau\/\">bandeaux sont un excellent <strong>moyen de se coiffer rapidement<\/strong><\/a> et d\u2019\u00e9viter d\u2019\u00eatre g\u00ean\u00e9 par vos cheveux. Ils sont \u00e9galement un excellent moyen d&rsquo;ajouter un peu de style et de personnalit\u00e9 \u00e0 n&rsquo;importe quelle tenue. Les bandeaux sont \u00e9galement polyvalents : vous pouvez les porter avec n&rsquo;importe quel type de tenue, qu&rsquo;elle soit <strong>d\u00e9contract\u00e9e ou habill\u00e9e<\/strong>.<br><br>Les bandeaux peuvent \u00e9galement \u00eatre utilis\u00e9s pour maintenir <strong>votre coiffure en place<\/strong>.\u00a0<\/p>\n\n\n\n<h3 class=\"wp-block-heading\"><strong>Comment adapter les bandeaux \u00e0 diff\u00e9rentes occasions ?<\/strong><\/h3>\n\n\n\n<p class=\"has-medium-font-size wp-block-paragraph\">Les bandeaux peuvent \u00eatre port\u00e9s pour diverses occasions :&nbsp;&nbsp;<\/p>\n\n\n\n<ul class=\"wp-block-list\">\n<li class=\"has-medium-font-size\">Mariage<\/li>\n\n\n\n<li class=\"has-medium-font-size\">C\u00e9r\u00e9monies<\/li>\n\n\n\n<li class=\"has-medium-font-size\">Remise de dipl\u00f4me<\/li>\n\n\n\n<li class=\"has-medium-font-size\">Sorties<\/li>\n\n\n\n<li class=\"has-medium-font-size\">Sport<\/li>\n\n\n\n<li class=\"has-medium-font-size\">Et bien d\u2019autres \u00e9v\u00e9nements<\/li>\n<\/ul>\n\n\n\n<p class=\"has-medium-font-size wp-block-paragraph\">Pour un <strong>style habill\u00e9<\/strong>, essayez d&rsquo;associer votre bandeau \u00e0 <strong>une robe, un costume ou un tailleur<\/strong>.&nbsp;<\/p>\n\n\n\n<p class=\"has-medium-font-size wp-block-paragraph\">Pour une <strong>attitude plus d\u00e9tendue<\/strong>, associez-le \u00e0 <strong>un jean et un t-shirt<\/strong>.<\/p>\n\n\n\n<p class=\"has-medium-font-size wp-block-paragraph\">Si vous assistez \u00e0 un mariage ou \u00e0 un autre \u00e9v\u00e9nement sp\u00e9cial, <strong>un bandeau \u00e0 fleurs<\/strong> est un excellent moyen d&rsquo;ajouter une touche d&rsquo;\u00e9l\u00e9gance \u00e0 votre look. Pour un \u00e9v\u00e9nement plus d\u00e9contract\u00e9, tel qu&rsquo;un pique-nique ou une f\u00eate en plein air, <strong>un bandeau perl\u00e9<\/strong> ou <strong>\u00e0 motifs<\/strong> est un excellent moyen d&rsquo;ajouter un peu de fun et de personnalit\u00e9 \u00e0 votre tenue.<\/p>\n\n\n\n<h2 class=\"wp-block-heading\"><strong>Conseils pour l&rsquo;achat de bandeaux<\/strong><\/h2>\n\n\n\n<p class=\"has-medium-font-size wp-block-paragraph\">Lorsque vous achetez des bandeaux, choisissez des mati\u00e8res que vous aimez porter. Les headbands existent dans une grande vari\u00e9t\u00e9 de mat\u00e9riaux :&nbsp;<\/p>\n\n\n\n<ul class=\"wp-block-list\">\n<li class=\"has-medium-font-size\">velours<\/li>\n\n\n\n<li class=\"has-medium-font-size\">cotton<\/li>\n\n\n\n<li class=\"has-medium-font-size\">lin<\/li>\n\n\n\n<li class=\"has-medium-font-size\">polyester<\/li>\n\n\n\n<li class=\"has-medium-font-size\">et d\u2019autres\u2026<\/li>\n<\/ul>\n\n\n\n<p class=\"has-medium-font-size wp-block-paragraph\">Ensuite, faites attention \u00e0 la taille. Souvent les bandeaux sont en taille unique mais attention si vous \u00eates en dehors de la moyenne ou si vous avez beaucoup de cheveux.&nbsp;<\/p>\n\n\n\n<p class=\"has-medium-font-size wp-block-paragraph\">Essayez de trouver un bandeau qui compl\u00e8te votre tenue et qui ne la domine pas. <a href=\"https:\/\/www.echoppe-francaise.fr\/blog\/comment-choisir-la-bonne-couleur-pour-votre-bandeau\/\">Choisissez une couleur et\/ou des motifs que vous aimez<\/a> et qui se marieront avec un maximum de tenues.<\/p>\n\n\n<div class=\"wp-block-image\">\n<figure class=\"aligncenter size-full\"><img loading=\"lazy\" decoding=\"async\" width=\"640\" height=\"359\" src=\"https:\/\/www.echoppe-francaise.fr\/blog\/wp-content\/uploads\/2023\/03\/Conseils-pour-lachat-dun-bandeau.jpeg\" alt=\"\" class=\"wp-image-1201\" srcset=\"https:\/\/www.echoppe-francaise.fr\/blog\/wp-content\/uploads\/2023\/03\/Conseils-pour-lachat-dun-bandeau.jpeg 640w, https:\/\/www.echoppe-francaise.fr\/blog\/wp-content\/uploads\/2023\/03\/Conseils-pour-lachat-dun-bandeau-300x168.jpeg 300w\" sizes=\"auto, (max-width: 640px) 100vw, 640px\" \/><\/figure>\n<\/div>\n\n\n<h2 class=\"wp-block-heading\"><strong>Entretien du bandeau<\/strong><\/h2>\n\n\n\n<p class=\"has-medium-font-size wp-block-paragraph\">Les bandeaux peuvent <strong>\u00eatre d\u00e9licats<\/strong> et n\u00e9cessitent un certain entretien. Pour que votre bandeau conserve son aspect optimal, veillez \u00e0 le ranger dans un endroit frais et sec, <strong>\u00e0 l&rsquo;abri de la lumi\u00e8re directe du soleil<\/strong>. Veillez \u00e9galement \u00e0 nettoyer r\u00e9guli\u00e8rement vos bandeaux \u00e0 l&rsquo;aide d&rsquo;un chiffon doux et d&rsquo;un d\u00e9tergent doux. Selon la mati\u00e8re de votre headband l\u2019entretien ne sera pas le m\u00eame. Reportez-vous aux indications d\u2019entretien du cr\u00e9ateur ou de la cr\u00e9atrice du bandeau.<\/p>\n\n\n\n<h2 class=\"wp-block-heading\"><strong>O\u00f9 trouver les meilleurs bandeaux ?<\/strong><\/h2>\n\n\n\n<p class=\"has-medium-font-size wp-block-paragraph\">Les <strong>boutiques locales<\/strong>, les <strong>magasins en ligne<\/strong> et les <strong>magasins d&rsquo;artisanat<\/strong> sont tous d&rsquo;excellents endroits pour trouver des bandeaux. Vous pouvez \u00e9galement trouver des bandeaux faits main en France sur l\u2019\u00c9choppe Fran\u00e7aise. Lorsque vous achetez en ligne, assurez-vous de lire les avis des clients pour \u00eatre s\u00fbr d&rsquo;obtenir un produit de qualit\u00e9. De plus, v\u00e9rifiez toujours la taille et le mat\u00e9riau du bandeau pour vous assurer qu&rsquo;il sera bien adapt\u00e9 et qu&rsquo;il durera longtemps.<\/p>\n\n\n<div class=\"wp-block-image\">\n<figure class=\"aligncenter size-full\"><img loading=\"lazy\" decoding=\"async\" width=\"640\" height=\"359\" src=\"https:\/\/www.echoppe-francaise.fr\/blog\/wp-content\/uploads\/2023\/03\/Headband-made-in-France-sur-l-Echoppe-Francaise.jpeg\" alt=\"\" class=\"wp-image-1189\" srcset=\"https:\/\/www.echoppe-francaise.fr\/blog\/wp-content\/uploads\/2023\/03\/Headband-made-in-France-sur-l-Echoppe-Francaise.jpeg 640w, https:\/\/www.echoppe-francaise.fr\/blog\/wp-content\/uploads\/2023\/03\/Headband-made-in-France-sur-l-Echoppe-Francaise-300x168.jpeg 300w\" sizes=\"auto, (max-width: 640px) 100vw, 640px\" \/><\/figure>\n<\/div>\n\n\n<h2 class=\"wp-block-heading\"><strong>Un bandeau pour plus de style<\/strong><\/h2>\n\n\n\n<p class=\"has-medium-font-size wp-block-paragraph\">Les bandeaux sont un excellent moyen de <strong>cr\u00e9er un style \u00e0 vous rapidement<\/strong>. Des plus classiques et chics aux plus modernes et branch\u00e9s, il existe une grande vari\u00e9t\u00e9 de headbands parmi lesquels choisir. Que vous recherchiez une pi\u00e8ce originale ou quelque chose de plus subtil, un bandeau vous mettra en valeur et fera tourner les t\u00eates sur votre passage. Avec le bon bandeau, vous \u00eates s\u00fbre de faire sensation !<\/p>\n","protected":false},"excerpt":{"rendered":"<p>Le bandeau est l\u2019accessoire id\u00e9al pour travailler votre style rapidement. Aujourd&rsquo;hui ils sont plus \u00e9l\u00e9gants que jamais. Que vous cherchiez un bandeau classique et chic pour compl\u00e9ter votre look ou que vous cherchiez quelque chose d&rsquo;un peu plus tendance, le headband vous aidera \u00e0 sortir du lot. Avec un large \u00e9ventail de styles, de couleurs&hellip;&nbsp;<\/p>\n","protected":false},"author":6,"featured_media":0,"parent":0,"menu_order":0,"comment_status":"closed","ping_status":"closed","template":"","meta":{"_crdt_document":"","neve_meta_sidebar":"","neve_meta_container":"","neve_meta_enable_content_width":"","neve_meta_content_width":0,"neve_meta_title_alignment":"","neve_meta_author_avatar":"","neve_post_elements_order":"","neve_meta_disable_header":"","neve_meta_disable_footer":"","neve_meta_disable_title":"","footnotes":""},"class_list":["post-1200","page","type-page","status-publish","hentry"],"yoast_head":"<!-- This site is optimized with the Yoast SEO plugin v27.5 - https:\/\/yoast.com\/product\/yoast-seo-wordpress\/ -->\n<title>Comment donner du style \u00e0 une tenue gr\u00e2ce aux bandeaux ?<\/title>\n<meta name=\"description\" content=\"Envie de donner du pep&#039;s \u00e0 votre look ? D\u00e9couvrez nos conseils pour choisir le bandeau qui fera tourner les t\u00eates !\" \/>\n<meta name=\"robots\" content=\"index, follow, max-snippet:-1, max-image-preview:large, max-video-preview:-1\" \/>\n<link rel=\"canonical\" href=\"https:\/\/www.echoppe-francaise.fr\/blog\/donnez-du-style-grace-au-bandeau\/\" \/>\n<meta property=\"og:locale\" content=\"fr_FR\" \/>\n<meta property=\"og:type\" content=\"article\" \/>\n<meta property=\"og:title\" content=\"Comment donner du style \u00e0 une tenue gr\u00e2ce aux bandeaux ?\" \/>\n<meta property=\"og:description\" content=\"Envie de donner du pep&#039;s \u00e0 votre look ? D\u00e9couvrez nos conseils pour choisir le bandeau qui fera tourner les t\u00eates !\" \/>\n<meta property=\"og:url\" content=\"https:\/\/www.echoppe-francaise.fr\/blog\/donnez-du-style-grace-au-bandeau\/\" \/>\n<meta property=\"og:site_name\" content=\"\u00c9choppe Fran\u00e7aise, le Blog\" \/>\n<meta property=\"article:modified_time\" content=\"2023-03-06T15:18:30+00:00\" \/>\n<meta property=\"og:image\" content=\"https:\/\/www.echoppe-francaise.fr\/blog\/wp-content\/uploads\/2023\/03\/Choisir-le-style-qui-vous-convient-le-mieux.jpeg\" \/>\n<meta name=\"twitter:card\" content=\"summary_large_image\" \/>\n<meta name=\"twitter:label1\" content=\"Dur\u00e9e de lecture estim\u00e9e\" \/>\n\t<meta name=\"twitter:data1\" content=\"6 minutes\" \/>\n<script type=\"application\/ld+json\" class=\"yoast-schema-graph\">{\"@context\":\"https:\\\/\\\/schema.org\",\"@graph\":[{\"@type\":\"WebPage\",\"@id\":\"https:\\\/\\\/www.echoppe-francaise.fr\\\/blog\\\/donnez-du-style-grace-au-bandeau\\\/\",\"url\":\"https:\\\/\\\/www.echoppe-francaise.fr\\\/blog\\\/donnez-du-style-grace-au-bandeau\\\/\",\"name\":\"Comment donner du style \u00e0 une tenue gr\u00e2ce aux bandeaux ?\",\"isPartOf\":{\"@id\":\"https:\\\/\\\/www.echoppe-francaise.fr\\\/blog\\\/#website\"},\"primaryImageOfPage\":{\"@id\":\"https:\\\/\\\/www.echoppe-francaise.fr\\\/blog\\\/donnez-du-style-grace-au-bandeau\\\/#primaryimage\"},\"image\":{\"@id\":\"https:\\\/\\\/www.echoppe-francaise.fr\\\/blog\\\/donnez-du-style-grace-au-bandeau\\\/#primaryimage\"},\"thumbnailUrl\":\"https:\\\/\\\/www.echoppe-francaise.fr\\\/blog\\\/wp-content\\\/uploads\\\/2023\\\/03\\\/Choisir-le-style-qui-vous-convient-le-mieux.jpeg\",\"datePublished\":\"2023-03-06T10:04:39+00:00\",\"dateModified\":\"2023-03-06T15:18:30+00:00\",\"description\":\"Envie de donner du pep's \u00e0 votre look ? D\u00e9couvrez nos conseils pour choisir le bandeau qui fera tourner les t\u00eates !\",\"breadcrumb\":{\"@id\":\"https:\\\/\\\/www.echoppe-francaise.fr\\\/blog\\\/donnez-du-style-grace-au-bandeau\\\/#breadcrumb\"},\"inLanguage\":\"fr-FR\",\"potentialAction\":[{\"@type\":\"ReadAction\",\"target\":[\"https:\\\/\\\/www.echoppe-francaise.fr\\\/blog\\\/donnez-du-style-grace-au-bandeau\\\/\"]}]},{\"@type\":\"ImageObject\",\"inLanguage\":\"fr-FR\",\"@id\":\"https:\\\/\\\/www.echoppe-francaise.fr\\\/blog\\\/donnez-du-style-grace-au-bandeau\\\/#primaryimage\",\"url\":\"https:\\\/\\\/www.echoppe-francaise.fr\\\/blog\\\/wp-content\\\/uploads\\\/2023\\\/03\\\/Choisir-le-style-qui-vous-convient-le-mieux.jpeg\",\"contentUrl\":\"https:\\\/\\\/www.echoppe-francaise.fr\\\/blog\\\/wp-content\\\/uploads\\\/2023\\\/03\\\/Choisir-le-style-qui-vous-convient-le-mieux.jpeg\",\"width\":640,\"height\":359},{\"@type\":\"BreadcrumbList\",\"@id\":\"https:\\\/\\\/www.echoppe-francaise.fr\\\/blog\\\/donnez-du-style-grace-au-bandeau\\\/#breadcrumb\",\"itemListElement\":[{\"@type\":\"ListItem\",\"position\":1,\"name\":\"Accueil\",\"item\":\"https:\\\/\\\/www.echoppe-francaise.fr\\\/blog\\\/\"},{\"@type\":\"ListItem\",\"position\":2,\"name\":\"Chic et tendance : exploitez le pouvoir des bandeaux pour donner du style \u00e0 vos tenues.\"}]},{\"@type\":\"WebSite\",\"@id\":\"https:\\\/\\\/www.echoppe-francaise.fr\\\/blog\\\/#website\",\"url\":\"https:\\\/\\\/www.echoppe-francaise.fr\\\/blog\\\/\",\"name\":\"\u00c9choppe Fran\u00e7aise, le Blog\",\"description\":\"Le blog des Cr\u00e9atrices et Cr\u00e9ateurs fran\u00e7ais\",\"publisher\":{\"@id\":\"https:\\\/\\\/www.echoppe-francaise.fr\\\/blog\\\/#organization\"},\"potentialAction\":[{\"@type\":\"SearchAction\",\"target\":{\"@type\":\"EntryPoint\",\"urlTemplate\":\"https:\\\/\\\/www.echoppe-francaise.fr\\\/blog\\\/?s={search_term_string}\"},\"query-input\":{\"@type\":\"PropertyValueSpecification\",\"valueRequired\":true,\"valueName\":\"search_term_string\"}}],\"inLanguage\":\"fr-FR\"},{\"@type\":\"Organization\",\"@id\":\"https:\\\/\\\/www.echoppe-francaise.fr\\\/blog\\\/#organization\",\"name\":\"L'\u00e9choppe Fran\u00e7aise\",\"url\":\"https:\\\/\\\/www.echoppe-francaise.fr\\\/blog\\\/\",\"logo\":{\"@type\":\"ImageObject\",\"inLanguage\":\"fr-FR\",\"@id\":\"https:\\\/\\\/www.echoppe-francaise.fr\\\/blog\\\/#\\\/schema\\\/logo\\\/image\\\/\",\"url\":\"https:\\\/\\\/www.echoppe-francaise.fr\\\/blog\\\/wp-content\\\/uploads\\\/2017\\\/04\\\/echoppe-francaise-logo-1489412704.png\",\"contentUrl\":\"https:\\\/\\\/www.echoppe-francaise.fr\\\/blog\\\/wp-content\\\/uploads\\\/2017\\\/04\\\/echoppe-francaise-logo-1489412704.png\",\"width\":492,\"height\":270,\"caption\":\"L'\u00e9choppe Fran\u00e7aise\"},\"image\":{\"@id\":\"https:\\\/\\\/www.echoppe-francaise.fr\\\/blog\\\/#\\\/schema\\\/logo\\\/image\\\/\"}}]}<\/script>\n<!-- \/ Yoast SEO plugin. -->","yoast_head_json":{"title":"Comment donner du style \u00e0 une tenue gr\u00e2ce aux bandeaux ?","description":"Envie de donner du pep's \u00e0 votre look ? D\u00e9couvrez nos conseils pour choisir le bandeau qui fera tourner les t\u00eates !","robots":{"index":"index","follow":"follow","max-snippet":"max-snippet:-1","max-image-preview":"max-image-preview:large","max-video-preview":"max-video-preview:-1"},"canonical":"https:\/\/www.echoppe-francaise.fr\/blog\/donnez-du-style-grace-au-bandeau\/","og_locale":"fr_FR","og_type":"article","og_title":"Comment donner du style \u00e0 une tenue gr\u00e2ce aux bandeaux ?","og_description":"Envie de donner du pep's \u00e0 votre look ? D\u00e9couvrez nos conseils pour choisir le bandeau qui fera tourner les t\u00eates !","og_url":"https:\/\/www.echoppe-francaise.fr\/blog\/donnez-du-style-grace-au-bandeau\/","og_site_name":"\u00c9choppe Fran\u00e7aise, le Blog","article_modified_time":"2023-03-06T15:18:30+00:00","og_image":[{"url":"https:\/\/www.echoppe-francaise.fr\/blog\/wp-content\/uploads\/2023\/03\/Choisir-le-style-qui-vous-convient-le-mieux.jpeg","type":"","width":"","height":""}],"twitter_card":"summary_large_image","twitter_misc":{"Dur\u00e9e de lecture estim\u00e9e":"6 minutes"},"schema":{"@context":"https:\/\/schema.org","@graph":[{"@type":"WebPage","@id":"https:\/\/www.echoppe-francaise.fr\/blog\/donnez-du-style-grace-au-bandeau\/","url":"https:\/\/www.echoppe-francaise.fr\/blog\/donnez-du-style-grace-au-bandeau\/","name":"Comment donner du style \u00e0 une tenue gr\u00e2ce aux bandeaux ?","isPartOf":{"@id":"https:\/\/www.echoppe-francaise.fr\/blog\/#website"},"primaryImageOfPage":{"@id":"https:\/\/www.echoppe-francaise.fr\/blog\/donnez-du-style-grace-au-bandeau\/#primaryimage"},"image":{"@id":"https:\/\/www.echoppe-francaise.fr\/blog\/donnez-du-style-grace-au-bandeau\/#primaryimage"},"thumbnailUrl":"https:\/\/www.echoppe-francaise.fr\/blog\/wp-content\/uploads\/2023\/03\/Choisir-le-style-qui-vous-convient-le-mieux.jpeg","datePublished":"2023-03-06T10:04:39+00:00","dateModified":"2023-03-06T15:18:30+00:00","description":"Envie de donner du pep's \u00e0 votre look ? D\u00e9couvrez nos conseils pour choisir le bandeau qui fera tourner les t\u00eates !","breadcrumb":{"@id":"https:\/\/www.echoppe-francaise.fr\/blog\/donnez-du-style-grace-au-bandeau\/#breadcrumb"},"inLanguage":"fr-FR","potentialAction":[{"@type":"ReadAction","target":["https:\/\/www.echoppe-francaise.fr\/blog\/donnez-du-style-grace-au-bandeau\/"]}]},{"@type":"ImageObject","inLanguage":"fr-FR","@id":"https:\/\/www.echoppe-francaise.fr\/blog\/donnez-du-style-grace-au-bandeau\/#primaryimage","url":"https:\/\/www.echoppe-francaise.fr\/blog\/wp-content\/uploads\/2023\/03\/Choisir-le-style-qui-vous-convient-le-mieux.jpeg","contentUrl":"https:\/\/www.echoppe-francaise.fr\/blog\/wp-content\/uploads\/2023\/03\/Choisir-le-style-qui-vous-convient-le-mieux.jpeg","width":640,"height":359},{"@type":"BreadcrumbList","@id":"https:\/\/www.echoppe-francaise.fr\/blog\/donnez-du-style-grace-au-bandeau\/#breadcrumb","itemListElement":[{"@type":"ListItem","position":1,"name":"Accueil","item":"https:\/\/www.echoppe-francaise.fr\/blog\/"},{"@type":"ListItem","position":2,"name":"Chic et tendance : exploitez le pouvoir des bandeaux pour donner du style \u00e0 vos tenues."}]},{"@type":"WebSite","@id":"https:\/\/www.echoppe-francaise.fr\/blog\/#website","url":"https:\/\/www.echoppe-francaise.fr\/blog\/","name":"\u00c9choppe Fran\u00e7aise, le Blog","description":"Le blog des Cr\u00e9atrices et Cr\u00e9ateurs fran\u00e7ais","publisher":{"@id":"https:\/\/www.echoppe-francaise.fr\/blog\/#organization"},"potentialAction":[{"@type":"SearchAction","target":{"@type":"EntryPoint","urlTemplate":"https:\/\/www.echoppe-francaise.fr\/blog\/?s={search_term_string}"},"query-input":{"@type":"PropertyValueSpecification","valueRequired":true,"valueName":"search_term_string"}}],"inLanguage":"fr-FR"},{"@type":"Organization","@id":"https:\/\/www.echoppe-francaise.fr\/blog\/#organization","name":"L'\u00e9choppe Fran\u00e7aise","url":"https:\/\/www.echoppe-francaise.fr\/blog\/","logo":{"@type":"ImageObject","inLanguage":"fr-FR","@id":"https:\/\/www.echoppe-francaise.fr\/blog\/#\/schema\/logo\/image\/","url":"https:\/\/www.echoppe-francaise.fr\/blog\/wp-content\/uploads\/2017\/04\/echoppe-francaise-logo-1489412704.png","contentUrl":"https:\/\/www.echoppe-francaise.fr\/blog\/wp-content\/uploads\/2017\/04\/echoppe-francaise-logo-1489412704.png","width":492,"height":270,"caption":"L'\u00e9choppe Fran\u00e7aise"},"image":{"@id":"https:\/\/www.echoppe-francaise.fr\/blog\/#\/schema\/logo\/image\/"}}]}},"_links":{"self":[{"href":"https:\/\/www.echoppe-francaise.fr\/blog\/wp-json\/wp\/v2\/pages\/1200","targetHints":{"allow":["GET"]}}],"collection":[{"href":"https:\/\/www.echoppe-francaise.fr\/blog\/wp-json\/wp\/v2\/pages"}],"about":[{"href":"https:\/\/www.echoppe-francaise.fr\/blog\/wp-json\/wp\/v2\/types\/page"}],"author":[{"embeddable":true,"href":"https:\/\/www.echoppe-francaise.fr\/blog\/wp-json\/wp\/v2\/users\/6"}],"replies":[{"embeddable":true,"href":"https:\/\/www.echoppe-francaise.fr\/blog\/wp-json\/wp\/v2\/comments?post=1200"}],"version-history":[{"count":4,"href":"https:\/\/www.echoppe-francaise.fr\/blog\/wp-json\/wp\/v2\/pages\/1200\/revisions"}],"predecessor-version":[{"id":1214,"href":"https:\/\/www.echoppe-francaise.fr\/blog\/wp-json\/wp\/v2\/pages\/1200\/revisions\/1214"}],"wp:attachment":[{"href":"https:\/\/www.echoppe-francaise.fr\/blog\/wp-json\/wp\/v2\/media?parent=1200"}],"curies":[{"name":"wp","href":"https:\/\/api.w.org\/{rel}","templated":true}]}}