{"id":1144,"date":"2022-11-16T18:30:35","date_gmt":"2022-11-16T17:30:35","guid":{"rendered":"https:\/\/www.echoppe-francaise.fr\/blog\/?page_id=1144"},"modified":"2022-11-16T18:39:27","modified_gmt":"2022-11-16T17:39:27","slug":"comment-transporter-son-appareil-photo-avec-une-sangle-made-in-france","status":"publish","type":"page","link":"https:\/\/www.echoppe-francaise.fr\/blog\/comment-transporter-son-appareil-photo-avec-une-sangle-made-in-france\/","title":{"rendered":"Comment transporter son appareil photo avec une sangle made in France ?"},"content":{"rendered":"\n<p class=\"has-medium-font-size wp-block-paragraph\">Amateur de belles photos, vous ne vous promenez jamais sans votre appareil photo sous le bras ? Il est grand temps de vous offrir une <strong>sangle pour appareil photo de qualit\u00e9<\/strong>. Cette courroie tr\u00e8s pratique permet de transporter votre reflex ou votre compact num\u00e9rique tout en gardant les mains libres.<br>Des cr\u00e9ateurs fran\u00e7ais se lancent dans la fabrication de ces accessoires, avec des sangles originales et tendance. En cuir ou en tissu, en format bandouli\u00e8re, \u00e0 porter autour du cou ou en dragonne, elles sont de grande qualit\u00e9. D\u00e9couvrez comment <strong>transporter votre appareil photo avec une sangle<\/strong> <a href=\"https:\/\/www.echoppe-francaise.fr\/blog\/quest-ce-que-le-made-in-france\/\">made in France<\/a>.<\/p>\n\n\n\n<h2 class=\"wp-block-heading\">Transporter son appareil photo avec une sangle pratique et confortable<\/h2>\n\n\n\n<p class=\"has-medium-font-size wp-block-paragraph\">Il existe de <strong>nombreuses fa\u00e7ons de transporter son appareil photo<\/strong> et ses accessoires. La plupart des photographes utilisent un sac muni d&rsquo;une courroie qui permet de transporter l&rsquo;appareil. Il contient \u00e9galement tout le mat\u00e9riel : le tr\u00e9pied, les objectifs et les batteries de rechange. Cependant, tout photographe amateur ou professionnel le sait, l&rsquo;appareil photo doit toujours \u00eatre \u00e0 port\u00e9e de main. Le sortir du sac de transport constamment n&rsquo;est pas toujours pratique.<br>C&rsquo;est l\u00e0 qu&rsquo;interviennent les sangles. Pour <strong>transporter un mod\u00e8le d&rsquo;appareil photo l\u00e9ger<\/strong>, tel qu&rsquo;un compact, la dragonne est tout indiqu\u00e9e. Elle permet de garder son appareil photo au poignet pour le d\u00e9gainer \u00e0 tout moment. Votre appareil est un reflex muni d&rsquo;un objectif lourd ? Optez alors pour la sangle en bandouli\u00e8re ou \u00e0 porter autour du cou. Celle-ci, tr\u00e8s confortable, vous laisse les mains libres. Votre appareil photo est ainsi <strong>toujours pr\u00eat \u00e0 l&rsquo;utilisation<\/strong>, en toute s\u00e9curit\u00e9.<\/p>\n\n\n\n<h2 class=\"wp-block-heading\">Choisir une sangle d&rsquo;appareil photo made in France pour une consommation responsable<\/h2>\n\n\n\n<p class=\"has-medium-font-size wp-block-paragraph\">Vous trouverez facilement de multiples mod\u00e8les de sangles sur le web. Toutefois, <strong>choisir une courroie pour appareil photo<\/strong> fabriqu\u00e9e en France pr\u00e9sente de nombreux avantages, tant \u00e9cologiques que sociaux. En effet, en commandant du made in France, vous avez l&rsquo;assurance d&rsquo;un produit con\u00e7u dans les r\u00e8gles de l&rsquo;art. Le savoir-faire de nos artisans vous promet des accessoires de grande qualit\u00e9 qui b\u00e9n\u00e9ficient d&rsquo;<strong>un design cr\u00e9atif et original<\/strong>.<br>De plus, les cr\u00e9ateurs fran\u00e7ais s&rsquo;efforcent de <strong>ne pas trop impacter la nature<\/strong>. Ils utilisent des mat\u00e9riaux d&rsquo;Union europ\u00e9enne et du cuir v\u00e9gan. Ils fabriquent \u00e0 la main en petite quantit\u00e9 pour \u00e9viter le gaspillage, recyclent des chutes de tissus, etc. En outre, acheter un accessoire dont la production a lieu enti\u00e8rement en France offre la certitude de <strong>conditions de travail respectueuses de l&rsquo;humain<\/strong>. Vous savez que vous ne participerez pas \u00e0 l&rsquo;exploitation de travailleurs.<\/p>\n\n\n\n<figure class=\"wp-block-image size-full\"><img loading=\"lazy\" decoding=\"async\" width=\"640\" height=\"359\" src=\"https:\/\/www.echoppe-francaise.fr\/blog\/wp-content\/uploads\/2022\/11\/sangles-appareil-photo-fabriquees-en-france.jpeg\" alt=\"\" class=\"wp-image-1160\" srcset=\"https:\/\/www.echoppe-francaise.fr\/blog\/wp-content\/uploads\/2022\/11\/sangles-appareil-photo-fabriquees-en-france.jpeg 640w, https:\/\/www.echoppe-francaise.fr\/blog\/wp-content\/uploads\/2022\/11\/sangles-appareil-photo-fabriquees-en-france-300x168.jpeg 300w\" sizes=\"auto, (max-width: 640px) 100vw, 640px\" \/><\/figure>\n\n\n\n<h2 class=\"wp-block-heading\">D\u00e9couvrir Parenth\u00e8se, une marque de sangles pour appareil photo made in Paris<\/h2>\n\n\n\n<p class=\"has-medium-font-size wp-block-paragraph\">Parenth\u00e8se est une <strong>marque parisienne d&rsquo;accessoires<\/strong>, fond\u00e9e en 2016. Son histoire d\u00e9bute avec les sangles pour appareil photo, que la cr\u00e9atrice fait \u00e9voluer sans cesse depuis sa premi\u00e8re collection.<\/p>\n\n\n\n<h3 class=\"wp-block-heading\">Alejandra, cr\u00e9atrice d&rsquo;accessoires de voyage designs et pratiques<\/h3>\n\n\n\n<p class=\"has-medium-font-size wp-block-paragraph\">Espagnole expatri\u00e9e en France, Alejandra cr\u00e9e son entreprise \u00e0 Paris apr\u00e8s une exp\u00e9rience professionnelle dans la mode et la d\u00e9coration. Elle souhaite <strong>proposer un produit de qualit\u00e9<\/strong>, original, pratique et tendance. C&rsquo;est l\u00e0 que lui vient l&rsquo;id\u00e9e de sa premi\u00e8re sangle d&rsquo;appareil photo.<br>Alejandra <strong>confectionne enti\u00e8rement ses accessoires \u00e0 la main<\/strong> dans son atelier parisien. Elle assemble m\u00eame les emballages sans plastique de ses produits ! Elle d\u00e9cline toute une collection d&rsquo;accessoires designs : sangles pour les casques de moto, lani\u00e8res pour portables ou cordons \u00e0 lunettes. Elle propose \u00e9galement des adaptateurs pour que la fixation de ses sangles puisse convenir \u00e0 chaque appareil photo.<\/p>\n\n\n\n<h3 class=\"wp-block-heading\">Cuir v\u00e9gan et tissu fran\u00e7ais pour des sangles d&rsquo;appareil photo de qualit\u00e9<\/h3>\n\n\n\n<p class=\"has-medium-font-size wp-block-paragraph\">Les sangles pour appareil photo <a href=\"https:\/\/www.echoppe-francaise.fr\/11_parenthese\">Parenth\u00e8se<\/a> sont con\u00e7ues dans des <strong>mat\u00e9riaux \u00e9thiques et responsables<\/strong>. La cr\u00e9atrice d\u00e9niche des chutes de tissus en coton pour la cr\u00e9ation de ses courroies. Elle y associe du cuir v\u00e9gan. Celui-ci, fabriqu\u00e9 sans aucune cruaut\u00e9 animale, provient de pelures de pommes. Les sangles sont rembourr\u00e9es pour plus de confort. Toutes les coutures sont assembl\u00e9es \u00e0 la main pour une grande r\u00e9sistance.<br>Les bandouli\u00e8res de la marque s&rsquo;adaptent \u00e0 presque toutes les marques du march\u00e9, telles que Nikon, Sony et beaucoup d&rsquo;autres appareils reflex. Le mod\u00e8le de dragonne convient parfaitement \u00e0 la plupart des appareils compacts. Dragonne, bandouli\u00e8re ou courroie autour du cou, vous n&rsquo;avez plus qu&rsquo;\u00e0 faire votre choix parmi les <strong>dizaines de motifs et couleurs disponibles<\/strong> dans la collection.<\/p>\n\n\n\n<h2 class=\"wp-block-heading\">Acheter une sangle pour appareil photo sur notre boutique d&rsquo;accessoires made in France<\/h2>\n\n\n\n<p class=\"has-medium-font-size wp-block-paragraph\">Que vous recherchiez une <a href=\"https:\/\/www.echoppe-francaise.fr\/sangle_35\">sangle pour appareil photo<\/a>, ou un autre produit made in France, l&rsquo;\u00c9choppe fran\u00e7aise saura vous satisfaire. Commander sur notre boutique, c&rsquo;est partager nos valeurs. Nous collaborons exclusivement avec <strong>des cr\u00e9ateurs locaux bas\u00e9s en France<\/strong>. Nous privil\u00e9gions les circuits courts et sommes oppos\u00e9s au travail des enfants mineurs. Notre d\u00e9marche <em>slow fashion<\/em> consiste \u00e0 acheter moins, mais mieux. En choisissant des produits disponibles sur notre boutique, vous b\u00e9n\u00e9ficiez d&rsquo;accessoires de grande qualit\u00e9, fabriqu\u00e9s sur le territoire fran\u00e7ais.<br>Les cr\u00e9ateurs pr\u00e9sents sur l&rsquo;\u00c9choppe fran\u00e7aise adh\u00e8rent tous \u00e0 <strong>notre charte d&rsquo;engagement<\/strong>. Celle-ci r\u00e9pond \u00e0 plusieurs crit\u00e8res \u00e9thiques, responsables et \u00e9cologiques :<\/p>\n\n\n\n<ul class=\"wp-block-list\">\n<li class=\"has-medium-font-size\">une s\u00e9lection rigoureuse des artisans pr\u00e9sents sur notre boutique ;<\/li>\n\n\n\n<li class=\"has-medium-font-size\">des produits imagin\u00e9s, confectionn\u00e9s et assembl\u00e9s, \u00e0 la main, en France ;<\/li>\n\n\n\n<li class=\"has-medium-font-size\">l&rsquo;utilisation de mat\u00e9riaux qui r\u00e9pondent \u00e0 des crit\u00e8res de qualit\u00e9 et de d\u00e9veloppement durable.<\/li>\n<\/ul>\n\n\n\n<p class=\"has-medium-font-size wp-block-paragraph\">Nous regroupons sur notre boutique une multitude de cr\u00e9ateurs venant des quatre coins de France pour vous offrir une <strong>vaste s\u00e9lection d&rsquo;accessoires<\/strong>. Nous proposons \u00e9galement une e-carte-cadeau pour offrir un pr\u00e9sent qui fera plaisir \u00e0 coup s\u00fbr. Autour du cou, en bandouli\u00e8re ou encore au poignet, il existe de multiples mani\u00e8res de transporter son appareil photo avec une <strong>sangle made in France<\/strong>. Nous proposons un large choix de couleurs et de motifs pour que vous trouviez l&rsquo;accessoire qui correspond parfaitement \u00e0 vos envies.<br>Consultez \u00e9galement nos cat\u00e9gories de bijoux, de <a href=\"https:\/\/www.echoppe-francaise.fr\/maroquinerie_20\">maroquinerie<\/a> ou d&rsquo;\u00e9quipement de la maison. Vous pourriez y d\u00e9nicher de superbes p\u00e9pites made in France. <strong>Devenez acteur d&rsquo;une consommation responsable<\/strong> et durable en vous offrant des articles sur l&rsquo;\u00c9choppe fran\u00e7aise.<\/p>\n\n\n\n<h3 class=\"wp-block-heading\">D&rsquo;autres articles sur le made in France :<\/h3>\n\n\n\n<p class=\"has-medium-font-size wp-block-paragraph\"><a href=\"https:\/\/www.echoppe-francaise.fr\/blog\/comment-trouver-un-luminaire-made-in-france\/\">Comment trouver un luminaire fabriqu\u00e9 en France ?<\/a><br><a href=\"https:\/\/www.echoppe-francaise.fr\/blog\/comment-choisir-un-noeud-papillon-made-in-france\/\">Comment choisir un noeud papillon fran\u00e7ais ?<\/a><\/p>\n","protected":false},"excerpt":{"rendered":"<p>Amateur de belles photos, vous ne vous promenez jamais sans votre appareil photo sous le bras ? Il est grand temps de vous offrir une sangle pour appareil photo de qualit\u00e9. Cette courroie tr\u00e8s pratique permet de transporter votre reflex ou votre compact num\u00e9rique tout en gardant les mains libres.Des cr\u00e9ateurs fran\u00e7ais se lancent dans&hellip;&nbsp;<\/p>\n","protected":false},"author":6,"featured_media":1156,"parent":1118,"menu_order":0,"comment_status":"closed","ping_status":"closed","template":"","meta":{"_crdt_document":"","neve_meta_sidebar":"","neve_meta_container":"","neve_meta_enable_content_width":"","neve_meta_content_width":0,"neve_meta_title_alignment":"","neve_meta_author_avatar":"","neve_post_elements_order":"","neve_meta_disable_header":"","neve_meta_disable_footer":"","neve_meta_disable_title":"","footnotes":""},"class_list":["post-1144","page","type-page","status-publish","has-post-thumbnail","hentry"],"yoast_head":"<!-- This site is optimized with the Yoast SEO plugin v27.5 - https:\/\/yoast.com\/product\/yoast-seo-wordpress\/ -->\n<title>Quelle Sangle pour Transporter mon Appareil Photo ?<\/title>\n<meta name=\"description\" content=\"Besoin de balader votre appareil photo avec style ? D\u00e9couvrez comment choisir votre sangle de transport !\" \/>\n<meta name=\"robots\" content=\"index, follow, max-snippet:-1, max-image-preview:large, max-video-preview:-1\" \/>\n<link rel=\"canonical\" href=\"https:\/\/www.echoppe-francaise.fr\/blog\/comment-transporter-son-appareil-photo-avec-une-sangle-made-in-france\/\" \/>\n<meta property=\"og:locale\" content=\"fr_FR\" \/>\n<meta property=\"og:type\" content=\"article\" \/>\n<meta property=\"og:title\" content=\"Quelle Sangle pour Transporter mon Appareil Photo ?\" \/>\n<meta property=\"og:description\" content=\"Besoin de balader votre appareil photo avec style ? D\u00e9couvrez comment choisir votre sangle de transport !\" \/>\n<meta property=\"og:url\" content=\"https:\/\/www.echoppe-francaise.fr\/blog\/comment-transporter-son-appareil-photo-avec-une-sangle-made-in-france\/\" \/>\n<meta property=\"og:site_name\" content=\"\u00c9choppe Fran\u00e7aise, le Blog\" \/>\n<meta property=\"article:modified_time\" content=\"2022-11-16T17:39:27+00:00\" \/>\n<meta property=\"og:image\" content=\"https:\/\/www.echoppe-francaise.fr\/blog\/wp-content\/uploads\/2022\/11\/quelle-sangle-fabriquee-en-france-pour-transporter-mon-appareil-photo.jpeg\" \/>\n\t<meta property=\"og:image:width\" content=\"640\" \/>\n\t<meta property=\"og:image:height\" content=\"359\" \/>\n\t<meta property=\"og:image:type\" content=\"image\/jpeg\" \/>\n<meta name=\"twitter:card\" content=\"summary_large_image\" \/>\n<meta name=\"twitter:label1\" content=\"Dur\u00e9e de lecture estim\u00e9e\" \/>\n\t<meta name=\"twitter:data1\" content=\"6 minutes\" \/>\n<script type=\"application\/ld+json\" class=\"yoast-schema-graph\">{\"@context\":\"https:\\\/\\\/schema.org\",\"@graph\":[{\"@type\":\"WebPage\",\"@id\":\"https:\\\/\\\/www.echoppe-francaise.fr\\\/blog\\\/comment-transporter-son-appareil-photo-avec-une-sangle-made-in-france\\\/\",\"url\":\"https:\\\/\\\/www.echoppe-francaise.fr\\\/blog\\\/comment-transporter-son-appareil-photo-avec-une-sangle-made-in-france\\\/\",\"name\":\"Quelle Sangle pour Transporter mon Appareil Photo ?\",\"isPartOf\":{\"@id\":\"https:\\\/\\\/www.echoppe-francaise.fr\\\/blog\\\/#website\"},\"primaryImageOfPage\":{\"@id\":\"https:\\\/\\\/www.echoppe-francaise.fr\\\/blog\\\/comment-transporter-son-appareil-photo-avec-une-sangle-made-in-france\\\/#primaryimage\"},\"image\":{\"@id\":\"https:\\\/\\\/www.echoppe-francaise.fr\\\/blog\\\/comment-transporter-son-appareil-photo-avec-une-sangle-made-in-france\\\/#primaryimage\"},\"thumbnailUrl\":\"https:\\\/\\\/www.echoppe-francaise.fr\\\/blog\\\/wp-content\\\/uploads\\\/2022\\\/11\\\/quelle-sangle-fabriquee-en-france-pour-transporter-mon-appareil-photo.jpeg\",\"datePublished\":\"2022-11-16T17:30:35+00:00\",\"dateModified\":\"2022-11-16T17:39:27+00:00\",\"description\":\"Besoin de balader votre appareil photo avec style ? D\u00e9couvrez comment choisir votre sangle de transport !\",\"breadcrumb\":{\"@id\":\"https:\\\/\\\/www.echoppe-francaise.fr\\\/blog\\\/comment-transporter-son-appareil-photo-avec-une-sangle-made-in-france\\\/#breadcrumb\"},\"inLanguage\":\"fr-FR\",\"potentialAction\":[{\"@type\":\"ReadAction\",\"target\":[\"https:\\\/\\\/www.echoppe-francaise.fr\\\/blog\\\/comment-transporter-son-appareil-photo-avec-une-sangle-made-in-france\\\/\"]}]},{\"@type\":\"ImageObject\",\"inLanguage\":\"fr-FR\",\"@id\":\"https:\\\/\\\/www.echoppe-francaise.fr\\\/blog\\\/comment-transporter-son-appareil-photo-avec-une-sangle-made-in-france\\\/#primaryimage\",\"url\":\"https:\\\/\\\/www.echoppe-francaise.fr\\\/blog\\\/wp-content\\\/uploads\\\/2022\\\/11\\\/quelle-sangle-fabriquee-en-france-pour-transporter-mon-appareil-photo.jpeg\",\"contentUrl\":\"https:\\\/\\\/www.echoppe-francaise.fr\\\/blog\\\/wp-content\\\/uploads\\\/2022\\\/11\\\/quelle-sangle-fabriquee-en-france-pour-transporter-mon-appareil-photo.jpeg\",\"width\":640,\"height\":359,\"caption\":\"Comment choisir une sangle d'appareil photo fabriqu\u00e9e en France ?\"},{\"@type\":\"BreadcrumbList\",\"@id\":\"https:\\\/\\\/www.echoppe-francaise.fr\\\/blog\\\/comment-transporter-son-appareil-photo-avec-une-sangle-made-in-france\\\/#breadcrumb\",\"itemListElement\":[{\"@type\":\"ListItem\",\"position\":1,\"name\":\"Accueil\",\"item\":\"https:\\\/\\\/www.echoppe-francaise.fr\\\/blog\\\/\"},{\"@type\":\"ListItem\",\"position\":2,\"name\":\"Qu&rsquo;est ce qui se cache derri\u00e8re l&rsquo;appellation Made in France ?\",\"item\":\"https:\\\/\\\/www.echoppe-francaise.fr\\\/blog\\\/quest-ce-que-le-made-in-france\\\/\"},{\"@type\":\"ListItem\",\"position\":3,\"name\":\"Comment transporter son appareil photo avec une sangle made in France ?\"}]},{\"@type\":\"WebSite\",\"@id\":\"https:\\\/\\\/www.echoppe-francaise.fr\\\/blog\\\/#website\",\"url\":\"https:\\\/\\\/www.echoppe-francaise.fr\\\/blog\\\/\",\"name\":\"\u00c9choppe Fran\u00e7aise, le Blog\",\"description\":\"Le blog des Cr\u00e9atrices et Cr\u00e9ateurs fran\u00e7ais\",\"publisher\":{\"@id\":\"https:\\\/\\\/www.echoppe-francaise.fr\\\/blog\\\/#organization\"},\"potentialAction\":[{\"@type\":\"SearchAction\",\"target\":{\"@type\":\"EntryPoint\",\"urlTemplate\":\"https:\\\/\\\/www.echoppe-francaise.fr\\\/blog\\\/?s={search_term_string}\"},\"query-input\":{\"@type\":\"PropertyValueSpecification\",\"valueRequired\":true,\"valueName\":\"search_term_string\"}}],\"inLanguage\":\"fr-FR\"},{\"@type\":\"Organization\",\"@id\":\"https:\\\/\\\/www.echoppe-francaise.fr\\\/blog\\\/#organization\",\"name\":\"L'\u00e9choppe Fran\u00e7aise\",\"url\":\"https:\\\/\\\/www.echoppe-francaise.fr\\\/blog\\\/\",\"logo\":{\"@type\":\"ImageObject\",\"inLanguage\":\"fr-FR\",\"@id\":\"https:\\\/\\\/www.echoppe-francaise.fr\\\/blog\\\/#\\\/schema\\\/logo\\\/image\\\/\",\"url\":\"https:\\\/\\\/www.echoppe-francaise.fr\\\/blog\\\/wp-content\\\/uploads\\\/2017\\\/04\\\/echoppe-francaise-logo-1489412704.png\",\"contentUrl\":\"https:\\\/\\\/www.echoppe-francaise.fr\\\/blog\\\/wp-content\\\/uploads\\\/2017\\\/04\\\/echoppe-francaise-logo-1489412704.png\",\"width\":492,\"height\":270,\"caption\":\"L'\u00e9choppe Fran\u00e7aise\"},\"image\":{\"@id\":\"https:\\\/\\\/www.echoppe-francaise.fr\\\/blog\\\/#\\\/schema\\\/logo\\\/image\\\/\"}}]}<\/script>\n<!-- \/ Yoast SEO plugin. -->","yoast_head_json":{"title":"Quelle Sangle pour Transporter mon Appareil Photo ?","description":"Besoin de balader votre appareil photo avec style ? D\u00e9couvrez comment choisir votre sangle de transport !","robots":{"index":"index","follow":"follow","max-snippet":"max-snippet:-1","max-image-preview":"max-image-preview:large","max-video-preview":"max-video-preview:-1"},"canonical":"https:\/\/www.echoppe-francaise.fr\/blog\/comment-transporter-son-appareil-photo-avec-une-sangle-made-in-france\/","og_locale":"fr_FR","og_type":"article","og_title":"Quelle Sangle pour Transporter mon Appareil Photo ?","og_description":"Besoin de balader votre appareil photo avec style ? D\u00e9couvrez comment choisir votre sangle de transport !","og_url":"https:\/\/www.echoppe-francaise.fr\/blog\/comment-transporter-son-appareil-photo-avec-une-sangle-made-in-france\/","og_site_name":"\u00c9choppe Fran\u00e7aise, le Blog","article_modified_time":"2022-11-16T17:39:27+00:00","og_image":[{"width":640,"height":359,"url":"https:\/\/www.echoppe-francaise.fr\/blog\/wp-content\/uploads\/2022\/11\/quelle-sangle-fabriquee-en-france-pour-transporter-mon-appareil-photo.jpeg","type":"image\/jpeg"}],"twitter_card":"summary_large_image","twitter_misc":{"Dur\u00e9e de lecture estim\u00e9e":"6 minutes"},"schema":{"@context":"https:\/\/schema.org","@graph":[{"@type":"WebPage","@id":"https:\/\/www.echoppe-francaise.fr\/blog\/comment-transporter-son-appareil-photo-avec-une-sangle-made-in-france\/","url":"https:\/\/www.echoppe-francaise.fr\/blog\/comment-transporter-son-appareil-photo-avec-une-sangle-made-in-france\/","name":"Quelle Sangle pour Transporter mon Appareil Photo ?","isPartOf":{"@id":"https:\/\/www.echoppe-francaise.fr\/blog\/#website"},"primaryImageOfPage":{"@id":"https:\/\/www.echoppe-francaise.fr\/blog\/comment-transporter-son-appareil-photo-avec-une-sangle-made-in-france\/#primaryimage"},"image":{"@id":"https:\/\/www.echoppe-francaise.fr\/blog\/comment-transporter-son-appareil-photo-avec-une-sangle-made-in-france\/#primaryimage"},"thumbnailUrl":"https:\/\/www.echoppe-francaise.fr\/blog\/wp-content\/uploads\/2022\/11\/quelle-sangle-fabriquee-en-france-pour-transporter-mon-appareil-photo.jpeg","datePublished":"2022-11-16T17:30:35+00:00","dateModified":"2022-11-16T17:39:27+00:00","description":"Besoin de balader votre appareil photo avec style ? D\u00e9couvrez comment choisir votre sangle de transport !","breadcrumb":{"@id":"https:\/\/www.echoppe-francaise.fr\/blog\/comment-transporter-son-appareil-photo-avec-une-sangle-made-in-france\/#breadcrumb"},"inLanguage":"fr-FR","potentialAction":[{"@type":"ReadAction","target":["https:\/\/www.echoppe-francaise.fr\/blog\/comment-transporter-son-appareil-photo-avec-une-sangle-made-in-france\/"]}]},{"@type":"ImageObject","inLanguage":"fr-FR","@id":"https:\/\/www.echoppe-francaise.fr\/blog\/comment-transporter-son-appareil-photo-avec-une-sangle-made-in-france\/#primaryimage","url":"https:\/\/www.echoppe-francaise.fr\/blog\/wp-content\/uploads\/2022\/11\/quelle-sangle-fabriquee-en-france-pour-transporter-mon-appareil-photo.jpeg","contentUrl":"https:\/\/www.echoppe-francaise.fr\/blog\/wp-content\/uploads\/2022\/11\/quelle-sangle-fabriquee-en-france-pour-transporter-mon-appareil-photo.jpeg","width":640,"height":359,"caption":"Comment choisir une sangle d'appareil photo fabriqu\u00e9e en France ?"},{"@type":"BreadcrumbList","@id":"https:\/\/www.echoppe-francaise.fr\/blog\/comment-transporter-son-appareil-photo-avec-une-sangle-made-in-france\/#breadcrumb","itemListElement":[{"@type":"ListItem","position":1,"name":"Accueil","item":"https:\/\/www.echoppe-francaise.fr\/blog\/"},{"@type":"ListItem","position":2,"name":"Qu&rsquo;est ce qui se cache derri\u00e8re l&rsquo;appellation Made in France ?","item":"https:\/\/www.echoppe-francaise.fr\/blog\/quest-ce-que-le-made-in-france\/"},{"@type":"ListItem","position":3,"name":"Comment transporter son appareil photo avec une sangle made in France ?"}]},{"@type":"WebSite","@id":"https:\/\/www.echoppe-francaise.fr\/blog\/#website","url":"https:\/\/www.echoppe-francaise.fr\/blog\/","name":"\u00c9choppe Fran\u00e7aise, le Blog","description":"Le blog des Cr\u00e9atrices et Cr\u00e9ateurs fran\u00e7ais","publisher":{"@id":"https:\/\/www.echoppe-francaise.fr\/blog\/#organization"},"potentialAction":[{"@type":"SearchAction","target":{"@type":"EntryPoint","urlTemplate":"https:\/\/www.echoppe-francaise.fr\/blog\/?s={search_term_string}"},"query-input":{"@type":"PropertyValueSpecification","valueRequired":true,"valueName":"search_term_string"}}],"inLanguage":"fr-FR"},{"@type":"Organization","@id":"https:\/\/www.echoppe-francaise.fr\/blog\/#organization","name":"L'\u00e9choppe Fran\u00e7aise","url":"https:\/\/www.echoppe-francaise.fr\/blog\/","logo":{"@type":"ImageObject","inLanguage":"fr-FR","@id":"https:\/\/www.echoppe-francaise.fr\/blog\/#\/schema\/logo\/image\/","url":"https:\/\/www.echoppe-francaise.fr\/blog\/wp-content\/uploads\/2017\/04\/echoppe-francaise-logo-1489412704.png","contentUrl":"https:\/\/www.echoppe-francaise.fr\/blog\/wp-content\/uploads\/2017\/04\/echoppe-francaise-logo-1489412704.png","width":492,"height":270,"caption":"L'\u00e9choppe Fran\u00e7aise"},"image":{"@id":"https:\/\/www.echoppe-francaise.fr\/blog\/#\/schema\/logo\/image\/"}}]}},"_links":{"self":[{"href":"https:\/\/www.echoppe-francaise.fr\/blog\/wp-json\/wp\/v2\/pages\/1144","targetHints":{"allow":["GET"]}}],"collection":[{"href":"https:\/\/www.echoppe-francaise.fr\/blog\/wp-json\/wp\/v2\/pages"}],"about":[{"href":"https:\/\/www.echoppe-francaise.fr\/blog\/wp-json\/wp\/v2\/types\/page"}],"author":[{"embeddable":true,"href":"https:\/\/www.echoppe-francaise.fr\/blog\/wp-json\/wp\/v2\/users\/6"}],"replies":[{"embeddable":true,"href":"https:\/\/www.echoppe-francaise.fr\/blog\/wp-json\/wp\/v2\/comments?post=1144"}],"version-history":[{"count":7,"href":"https:\/\/www.echoppe-francaise.fr\/blog\/wp-json\/wp\/v2\/pages\/1144\/revisions"}],"predecessor-version":[{"id":1177,"href":"https:\/\/www.echoppe-francaise.fr\/blog\/wp-json\/wp\/v2\/pages\/1144\/revisions\/1177"}],"up":[{"embeddable":true,"href":"https:\/\/www.echoppe-francaise.fr\/blog\/wp-json\/wp\/v2\/pages\/1118"}],"wp:featuredmedia":[{"embeddable":true,"href":"https:\/\/www.echoppe-francaise.fr\/blog\/wp-json\/wp\/v2\/media\/1156"}],"wp:attachment":[{"href":"https:\/\/www.echoppe-francaise.fr\/blog\/wp-json\/wp\/v2\/media?parent=1144"}],"curies":[{"name":"wp","href":"https:\/\/api.w.org\/{rel}","templated":true}]}}