{"id":1142,"date":"2022-11-16T18:33:09","date_gmt":"2022-11-16T17:33:09","guid":{"rendered":"https:\/\/www.echoppe-francaise.fr\/blog\/?page_id=1142"},"modified":"2022-11-16T18:40:26","modified_gmt":"2022-11-16T17:40:26","slug":"comment-choisir-un-noeud-papillon-made-in-france","status":"publish","type":"page","link":"https:\/\/www.echoppe-francaise.fr\/blog\/comment-choisir-un-noeud-papillon-made-in-france\/","title":{"rendered":"Comment choisir un n\u0153ud papillon made in France ?"},"content":{"rendered":"\n<p class=\"has-medium-font-size wp-block-paragraph\">Le n\u0153ud papillon, accessoire de mode intemporel, insuffle \u00e0 votre style une touche audacieuse et tendance. Vous participez prochainement \u00e0 une c\u00e9r\u00e9monie, telle qu&rsquo;un bapt\u00eame, un mariage, ou vous souhaitez simplement accessoiriser votre look ? Nos cr\u00e9ateurs fran\u00e7ais proposent de multiples mod\u00e8les pour s&rsquo;accorder \u00e0 toutes vos tenues. Le fameux n\u0153ud \u00ab\u00a0pap\u00a0\u00bb de diverses mati\u00e8res vous assure un look moderne et styl\u00e9. D\u00e9couvrez comment choisir votre <strong>n\u0153ud papillon made in France<\/strong>.<\/p>\n\n\n\n<h2 class=\"wp-block-heading\">Le n\u0153ud papillon, un accessoire de mode intemporel<\/h2>\n\n\n\n<p class=\"has-medium-font-size wp-block-paragraph\">Plusieurs pays revendiquent l&rsquo;origine du n\u0153ud papillon. Certains affirment qu&rsquo;il serait anglais, d&rsquo;autres assurent qu&rsquo;il a \u00e9t\u00e9 invent\u00e9 aux \u00c9tats-Unis. La plupart s&rsquo;accordent \u00e0 dire qu&rsquo;il est une d\u00e9clinaison du Jabot, accessoire de mode fran\u00e7ais du XVIIe si\u00e8cle. Une chose est s\u00fbre, le n\u0153ud papillon reste <strong>le symbole d&rsquo;une \u00e9l\u00e9gance raffin\u00e9e<\/strong> \u00e0 travers les si\u00e8cles.<br>D&rsquo;abord arbor\u00e9 par les aristocrates et certains corps de m\u00e9tier, il a su trouver sa place dans chaque c\u00e9r\u00e9monie, mariage et soir\u00e9e distingu\u00e9e. De nos jours, il est devenu un <strong>accessoire de mode incontournable<\/strong> du vestiaire de l&rsquo;homme. Il n&rsquo;accompagne plus seulement le costume noir, mais accompagne r\u00e9guli\u00e8rement des looks <em>casual<\/em> chic \u00e0 l&rsquo;esprit dandy.<br>\u00c0 l&rsquo;origine, le n\u0153ud papillon est une bande de tissu \u00e0 nouer autour du cou. Cependant, pour plus de praticit\u00e9, les cr\u00e9ateurs imaginent aujourd&rsquo;hui des <strong>n\u0153uds papillon pr\u00eats \u00e0 l&#8217;emploi<\/strong>. Cet accessoire de mode, traditionnellement fait de tissu, s&rsquo;affiche maintenant dans des mati\u00e8res plus \u00e9tonnantes, comme le bois, le cuir ou encore l&rsquo;ac\u00e9tate de cellulose.<\/p>\n\n\n\n<h2 class=\"wp-block-heading\">Choisir son n\u0153ud papillon fabriqu\u00e9 en France<\/h2>\n\n\n\n<p class=\"has-medium-font-size wp-block-paragraph\">Acheter des <strong>articles de mode made in France<\/strong> est plus qu&rsquo;une mani\u00e8re de consommer, c&rsquo;est \u00e9galement une prise de position forte. En effet, consommer fran\u00e7ais valorise le savoir-faire de nos artisans. De plus, les accessoires fabriqu\u00e9s en France impactent l&rsquo;environnement et l&rsquo;\u00e9conomie locale de fa\u00e7on positive.<br>Les articles estampill\u00e9s <a href=\"https:\/\/www.echoppe-francaise.fr\/blog\/quest-ce-que-le-made-in-france\/\">made in France<\/a> sont \u00e0 la mode ces derni\u00e8res ann\u00e9es. Il est donc primordial de v\u00e9rifier ce qui se cache derri\u00e8re l&rsquo;\u00e9tiquette avant l&rsquo;achat. Pour bien choisir votre <strong>n\u0153ud papillon fabriqu\u00e9 en France<\/strong>, quelques crit\u00e8res sont \u00e0 prendre en compte. Int\u00e9ressez-vous \u00e0 la provenance des mat\u00e9riaux et mati\u00e8res, \u00e0 la situation g\u00e9ographique des ateliers de production et \u00e0 la fa\u00e7on d&rsquo;acheminer les produits.<\/p>\n\n\n\n<figure class=\"wp-block-image size-full\"><img loading=\"lazy\" decoding=\"async\" width=\"640\" height=\"359\" src=\"https:\/\/www.echoppe-francaise.fr\/blog\/wp-content\/uploads\/2022\/11\/noeuds-papillon-fabriques-en-france.jpeg\" alt=\"\" class=\"wp-image-1162\" srcset=\"https:\/\/www.echoppe-francaise.fr\/blog\/wp-content\/uploads\/2022\/11\/noeuds-papillon-fabriques-en-france.jpeg 640w, https:\/\/www.echoppe-francaise.fr\/blog\/wp-content\/uploads\/2022\/11\/noeuds-papillon-fabriques-en-france-300x168.jpeg 300w\" sizes=\"auto, (max-width: 640px) 100vw, 640px\" \/><\/figure>\n\n\n\n<h2 class=\"wp-block-heading\">Des tissus et des mat\u00e9riaux originaux pour un n\u0153ud papillon de qualit\u00e9<\/h2>\n\n\n\n<p class=\"has-medium-font-size wp-block-paragraph\">G\u00e9n\u00e9ralement en soie ou en coton, les n\u0153uds papillon de notre s\u00e9lection arborent des <strong>mati\u00e8res plus inattendues<\/strong>, comme le bois ou la r\u00e9sine. Nous proposons \u00e9galement un n\u0153ud papillon traditionnel, fabriqu\u00e9 dans un tissu de grande qualit\u00e9. Il ne vous reste plus qu&rsquo;\u00e0 faire votre choix parmi notre superbe collection d&rsquo;accessoires pour homme.<\/p>\n\n\n\n<h3 class=\"wp-block-heading\">\u00c9caille au col pr\u00e9sente sa collection de n\u0153uds papillon en ac\u00e9tate de cellulose<\/h3>\n\n\n\n<p class=\"has-medium-font-size wp-block-paragraph\">Elsa d\u00e9couvre l&rsquo;<strong>ac\u00e9tate de cellulose<\/strong> au cours de ces ann\u00e9es d&rsquo;exp\u00e9rience dans la lunetterie. Ayant un coup de c\u0153ur pour cette mati\u00e8re, elle fonde sa marque : <a href=\"https:\/\/www.echoppe-francaise.fr\/32_ecaille-au-col\">\u00c9caille au col<\/a>. Elle utilise l&rsquo;ac\u00e9tate sur ses n\u0153uds papillon et ses accessoires de mode.<br>L&rsquo;ac\u00e9tate de cellulose est une <strong>mati\u00e8re l\u00e9g\u00e8re et r\u00e9sistante<\/strong> compos\u00e9e \u00e0 70 % de fibres de coton. Les produits de la marque sont r\u00e9alis\u00e9s en France, \u00e0 la main, gr\u00e2ce \u00e0 un savoir-faire historique. \u00c9caille au col dispose d&rsquo;un large choix de mod\u00e8les, tels que l&rsquo;intemporel n\u0153ud papillon noir ou \u00e0 motif \u00e9caille noir et blanc.<\/p>\n\n\n\n<h3 class=\"wp-block-heading\">Le n\u0153ud \u00ab\u00a0pap\u00a0\u00bb en bois du Studio Martho, accessoire pour homme tendance<\/h3>\n\n\n\n<p class=\"has-medium-font-size wp-block-paragraph\">Le bois est \u00e0 l&rsquo;honneur chez <a href=\"https:\/\/www.echoppe-francaise.fr\/35_studio-martho\">Studio Martho<\/a>. La marque imagine des n\u0153uds papillon en <strong>bois de cerisier<\/strong>. Le bois est d\u00e9coup\u00e9 au laser dans des formes g\u00e9om\u00e9triques \u00e9pur\u00e9es et modernes. Dans une d\u00e9marche responsable, les ornements de cuir pr\u00e9sents sur les accessoires proviennent de chutes d&rsquo;ateliers de maroquinerie.<br>La production est <strong>r\u00e9alis\u00e9e enti\u00e8rement en France<\/strong>, \u00e0 la main. Studio Martho propose \u00e9galement des bijoux pour femme en bois. \u00c0 chaque n\u0153ud papillon est associ\u00e9 un mod\u00e8le de boucles d&rsquo;oreilles. De quoi \u00eatre parfaitement accord\u00e9 \u00e0 votre partenaire lors d&rsquo;une prochaine c\u00e9r\u00e9monie importante.<\/p>\n\n\n\n<h3 class=\"wp-block-heading\">Les luxueux tissus de couleurs \u00e0 nouer autour du cou de NeLoLa<\/h3>\n\n\n\n<p class=\"has-medium-font-size wp-block-paragraph\"><a href=\"https:\/\/www.echoppe-francaise.fr\/nelola\">NeLoLa<\/a> est fond\u00e9e par Nelly, au c\u0153ur du Lub\u00e9ron. C&rsquo;est dans son atelier, situ\u00e9 dans le village de Cabri\u00e8res d&rsquo;Aigues, qu&rsquo;elle fabrique ses accessoires de mode. Elle imagine le <strong>n\u0153ud papillon traditionnel<\/strong> dans des tissus de grande qualit\u00e9.<br>Nelly propose une multitude de couleurs : noir, rouge, blanc, bordeaux et un n\u0153ud papillon \u00e0 motifs. Chacun de ses <strong>accessoires en lin<\/strong> est enti\u00e8rement fabriqu\u00e9 \u00e0 la main en quantit\u00e9 limit\u00e9e. La cr\u00e9atrice propose des n\u0153uds papillon au tour de cou ajustable pour convenir \u00e0 l&rsquo;homme, \u00e0 la femme, ainsi qu&rsquo;\u00e0 l&rsquo;enfant.<\/p>\n\n\n\n<h2 class=\"wp-block-heading\">Pourquoi acheter votre n\u0153ud papillon made in France sur l&rsquo;\u00c9choppe fran\u00e7aise ?<\/h2>\n\n\n\n<p class=\"has-medium-font-size wp-block-paragraph\">Acheter votre n\u0153ud papillon, ou tout autre <strong>accessoire made in France<\/strong>, sur l&rsquo;\u00c9choppe fran\u00e7aise vous assure des pi\u00e8ces 100 % locales. En effet, tous les artisans pr\u00e9sents sur la boutique respectent notre charte d&rsquo;engagement. Celle-ci r\u00e9pond \u00e0 de nombreux crit\u00e8res, tels que la production des cr\u00e9ations en France et \u00e0 la main. Nous effectuons \u00e9galement un contr\u00f4le rigoureux des mat\u00e9riaux utilis\u00e9s.<br>Nous proposons de nombreux produits pour homme, femme, enfant et m\u00eame pour la maison. \u00c0 la recherche d&rsquo;une id\u00e9e cadeau made in France ? <a href=\"https:\/\/www.echoppe-francaise.fr\/accueil\/482-e-carte-cadeau-echoppe-francaise.html\">Faites le choix d&rsquo;une e-carte-cadeau<\/a> pour faire plaisir \u00e0 vos proches. Sur l&rsquo;\u00c9choppe fran\u00e7aise, <strong>la livraison est gratuite<\/strong> \u00e0 partir de 99 euros d&rsquo;achat. Les produits disponibles en stock sont exp\u00e9di\u00e9s en 72 heures ouvr\u00e9es.<\/p>\n\n\n\n<p class=\"has-medium-font-size wp-block-paragraph\"><br>Affichez d\u00e8s \u00e0 pr\u00e9sent un look d\u00e9cal\u00e9, chic et tendance en arborant un n\u0153ud papillon made in France. Et pourquoi ne pas vous constituer une petite <strong>collection de n\u0153uds papillon<\/strong> qui s&rsquo;accordera \u00e0 chacune de vos tenues ? N\u0153ud \u00ab\u00a0pap\u00a0\u00bb en tissu rouge, \u00e0 motifs <em>liberty<\/em>, \u00e0 fleurs ou m\u00eame en bois noir, vous n&rsquo;avez plus qu&rsquo;\u00e0 faire votre choix parmi notre riche <a href=\"https:\/\/www.echoppe-francaise.fr\/noeud-papillon_49\">collection de n\u0153uds papillon<\/a>.<br>Consultez \u00e9galement nos autres cat\u00e9gories d&rsquo;<a href=\"https:\/\/www.echoppe-francaise.fr\/homme_14\">accessoires pour l&rsquo;homme<\/a>, tels que les montres et les chaussettes. Faites le choix d&rsquo;une qualit\u00e9 et d&rsquo;un savoir-faire in\u00e9gal\u00e9s en commandant un <strong>n\u0153ud papillon r\u00e9alis\u00e9 par nos artisans fran\u00e7ais<\/strong>.<\/p>\n\n\n\n<h3 class=\"wp-block-heading\">D&rsquo;autres articles sur la fabrication fran\u00e7aise :<\/h3>\n\n\n\n<p class=\"has-medium-font-size wp-block-paragraph\"><a href=\"https:\/\/www.echoppe-francaise.fr\/blog\/comment-transporter-son-appareil-photo-avec-une-sangle-made-in-france\/\">Comment transporter son appareil photo \u00e0 la fran\u00e7aise ?<\/a><br><a href=\"https:\/\/www.echoppe-francaise.fr\/blog\/pourquoi-acheter-un-headband-made-in-france-et-ou-le-trouver\/\">O\u00f9 trouver des headbands made in France ?<\/a><\/p>\n","protected":false},"excerpt":{"rendered":"<p>Le n\u0153ud papillon, accessoire de mode intemporel, insuffle \u00e0 votre style une touche audacieuse et tendance. Vous participez prochainement \u00e0 une c\u00e9r\u00e9monie, telle qu&rsquo;un bapt\u00eame, un mariage, ou vous souhaitez simplement accessoiriser votre look ? Nos cr\u00e9ateurs fran\u00e7ais proposent de multiples mod\u00e8les pour s&rsquo;accorder \u00e0 toutes vos tenues. Le fameux n\u0153ud \u00ab\u00a0pap\u00a0\u00bb de diverses mati\u00e8res&hellip;&nbsp;<\/p>\n","protected":false},"author":6,"featured_media":1153,"parent":1118,"menu_order":0,"comment_status":"closed","ping_status":"closed","template":"","meta":{"_crdt_document":"","neve_meta_sidebar":"","neve_meta_container":"","neve_meta_enable_content_width":"","neve_meta_content_width":0,"neve_meta_title_alignment":"","neve_meta_author_avatar":"","neve_post_elements_order":"","neve_meta_disable_header":"","neve_meta_disable_footer":"","neve_meta_disable_title":"","footnotes":""},"class_list":["post-1142","page","type-page","status-publish","has-post-thumbnail","hentry"],"yoast_head":"<!-- This site is optimized with the Yoast SEO plugin v27.5 - https:\/\/yoast.com\/product\/yoast-seo-wordpress\/ -->\n<title>Quel Noeud Papillon Fabriqu\u00e9 en France Choisir ?<\/title>\n<meta name=\"description\" content=\"Envie d&#039;un joli noeud papillon ? D\u00e9couvrez comment choisir cet accessoire intemporel et trouver des mod\u00e8les fabriqu\u00e9s en France.\" \/>\n<meta name=\"robots\" content=\"index, follow, max-snippet:-1, max-image-preview:large, max-video-preview:-1\" \/>\n<link rel=\"canonical\" href=\"https:\/\/www.echoppe-francaise.fr\/blog\/comment-choisir-un-noeud-papillon-made-in-france\/\" \/>\n<meta property=\"og:locale\" content=\"fr_FR\" \/>\n<meta property=\"og:type\" content=\"article\" \/>\n<meta property=\"og:title\" content=\"Quel Noeud Papillon Fabriqu\u00e9 en France Choisir ?\" \/>\n<meta property=\"og:description\" content=\"Envie d&#039;un joli noeud papillon ? D\u00e9couvrez comment choisir cet accessoire intemporel et trouver des mod\u00e8les fabriqu\u00e9s en France.\" \/>\n<meta property=\"og:url\" content=\"https:\/\/www.echoppe-francaise.fr\/blog\/comment-choisir-un-noeud-papillon-made-in-france\/\" \/>\n<meta property=\"og:site_name\" content=\"\u00c9choppe Fran\u00e7aise, le Blog\" \/>\n<meta property=\"article:modified_time\" content=\"2022-11-16T17:40:26+00:00\" \/>\n<meta property=\"og:image\" content=\"https:\/\/www.echoppe-francaise.fr\/blog\/wp-content\/uploads\/2022\/11\/Comment-choisir-un-noeud-papillon-made-in-France.jpeg\" \/>\n\t<meta property=\"og:image:width\" content=\"640\" \/>\n\t<meta property=\"og:image:height\" content=\"359\" \/>\n\t<meta property=\"og:image:type\" content=\"image\/jpeg\" \/>\n<meta name=\"twitter:card\" content=\"summary_large_image\" \/>\n<meta name=\"twitter:label1\" content=\"Dur\u00e9e de lecture estim\u00e9e\" \/>\n\t<meta name=\"twitter:data1\" content=\"6 minutes\" \/>\n<script type=\"application\/ld+json\" class=\"yoast-schema-graph\">{\"@context\":\"https:\\\/\\\/schema.org\",\"@graph\":[{\"@type\":\"WebPage\",\"@id\":\"https:\\\/\\\/www.echoppe-francaise.fr\\\/blog\\\/comment-choisir-un-noeud-papillon-made-in-france\\\/\",\"url\":\"https:\\\/\\\/www.echoppe-francaise.fr\\\/blog\\\/comment-choisir-un-noeud-papillon-made-in-france\\\/\",\"name\":\"Quel Noeud Papillon Fabriqu\u00e9 en France Choisir ?\",\"isPartOf\":{\"@id\":\"https:\\\/\\\/www.echoppe-francaise.fr\\\/blog\\\/#website\"},\"primaryImageOfPage\":{\"@id\":\"https:\\\/\\\/www.echoppe-francaise.fr\\\/blog\\\/comment-choisir-un-noeud-papillon-made-in-france\\\/#primaryimage\"},\"image\":{\"@id\":\"https:\\\/\\\/www.echoppe-francaise.fr\\\/blog\\\/comment-choisir-un-noeud-papillon-made-in-france\\\/#primaryimage\"},\"thumbnailUrl\":\"https:\\\/\\\/www.echoppe-francaise.fr\\\/blog\\\/wp-content\\\/uploads\\\/2022\\\/11\\\/Comment-choisir-un-noeud-papillon-made-in-France.jpeg\",\"datePublished\":\"2022-11-16T17:33:09+00:00\",\"dateModified\":\"2022-11-16T17:40:26+00:00\",\"description\":\"Envie d'un joli noeud papillon ? D\u00e9couvrez comment choisir cet accessoire intemporel et trouver des mod\u00e8les fabriqu\u00e9s en France.\",\"breadcrumb\":{\"@id\":\"https:\\\/\\\/www.echoppe-francaise.fr\\\/blog\\\/comment-choisir-un-noeud-papillon-made-in-france\\\/#breadcrumb\"},\"inLanguage\":\"fr-FR\",\"potentialAction\":[{\"@type\":\"ReadAction\",\"target\":[\"https:\\\/\\\/www.echoppe-francaise.fr\\\/blog\\\/comment-choisir-un-noeud-papillon-made-in-france\\\/\"]}]},{\"@type\":\"ImageObject\",\"inLanguage\":\"fr-FR\",\"@id\":\"https:\\\/\\\/www.echoppe-francaise.fr\\\/blog\\\/comment-choisir-un-noeud-papillon-made-in-france\\\/#primaryimage\",\"url\":\"https:\\\/\\\/www.echoppe-francaise.fr\\\/blog\\\/wp-content\\\/uploads\\\/2022\\\/11\\\/Comment-choisir-un-noeud-papillon-made-in-France.jpeg\",\"contentUrl\":\"https:\\\/\\\/www.echoppe-francaise.fr\\\/blog\\\/wp-content\\\/uploads\\\/2022\\\/11\\\/Comment-choisir-un-noeud-papillon-made-in-France.jpeg\",\"width\":640,\"height\":359,\"caption\":\"Comment choisir un noeud papillon fabriqu\u00e9 en France ?\"},{\"@type\":\"BreadcrumbList\",\"@id\":\"https:\\\/\\\/www.echoppe-francaise.fr\\\/blog\\\/comment-choisir-un-noeud-papillon-made-in-france\\\/#breadcrumb\",\"itemListElement\":[{\"@type\":\"ListItem\",\"position\":1,\"name\":\"Accueil\",\"item\":\"https:\\\/\\\/www.echoppe-francaise.fr\\\/blog\\\/\"},{\"@type\":\"ListItem\",\"position\":2,\"name\":\"Qu&rsquo;est ce qui se cache derri\u00e8re l&rsquo;appellation Made in France ?\",\"item\":\"https:\\\/\\\/www.echoppe-francaise.fr\\\/blog\\\/quest-ce-que-le-made-in-france\\\/\"},{\"@type\":\"ListItem\",\"position\":3,\"name\":\"Comment choisir un n\u0153ud papillon made in France ?\"}]},{\"@type\":\"WebSite\",\"@id\":\"https:\\\/\\\/www.echoppe-francaise.fr\\\/blog\\\/#website\",\"url\":\"https:\\\/\\\/www.echoppe-francaise.fr\\\/blog\\\/\",\"name\":\"\u00c9choppe Fran\u00e7aise, le Blog\",\"description\":\"Le blog des Cr\u00e9atrices et Cr\u00e9ateurs fran\u00e7ais\",\"publisher\":{\"@id\":\"https:\\\/\\\/www.echoppe-francaise.fr\\\/blog\\\/#organization\"},\"potentialAction\":[{\"@type\":\"SearchAction\",\"target\":{\"@type\":\"EntryPoint\",\"urlTemplate\":\"https:\\\/\\\/www.echoppe-francaise.fr\\\/blog\\\/?s={search_term_string}\"},\"query-input\":{\"@type\":\"PropertyValueSpecification\",\"valueRequired\":true,\"valueName\":\"search_term_string\"}}],\"inLanguage\":\"fr-FR\"},{\"@type\":\"Organization\",\"@id\":\"https:\\\/\\\/www.echoppe-francaise.fr\\\/blog\\\/#organization\",\"name\":\"L'\u00e9choppe Fran\u00e7aise\",\"url\":\"https:\\\/\\\/www.echoppe-francaise.fr\\\/blog\\\/\",\"logo\":{\"@type\":\"ImageObject\",\"inLanguage\":\"fr-FR\",\"@id\":\"https:\\\/\\\/www.echoppe-francaise.fr\\\/blog\\\/#\\\/schema\\\/logo\\\/image\\\/\",\"url\":\"https:\\\/\\\/www.echoppe-francaise.fr\\\/blog\\\/wp-content\\\/uploads\\\/2017\\\/04\\\/echoppe-francaise-logo-1489412704.png\",\"contentUrl\":\"https:\\\/\\\/www.echoppe-francaise.fr\\\/blog\\\/wp-content\\\/uploads\\\/2017\\\/04\\\/echoppe-francaise-logo-1489412704.png\",\"width\":492,\"height\":270,\"caption\":\"L'\u00e9choppe Fran\u00e7aise\"},\"image\":{\"@id\":\"https:\\\/\\\/www.echoppe-francaise.fr\\\/blog\\\/#\\\/schema\\\/logo\\\/image\\\/\"}}]}<\/script>\n<!-- \/ Yoast SEO plugin. -->","yoast_head_json":{"title":"Quel Noeud Papillon Fabriqu\u00e9 en France Choisir ?","description":"Envie d'un joli noeud papillon ? D\u00e9couvrez comment choisir cet accessoire intemporel et trouver des mod\u00e8les fabriqu\u00e9s en France.","robots":{"index":"index","follow":"follow","max-snippet":"max-snippet:-1","max-image-preview":"max-image-preview:large","max-video-preview":"max-video-preview:-1"},"canonical":"https:\/\/www.echoppe-francaise.fr\/blog\/comment-choisir-un-noeud-papillon-made-in-france\/","og_locale":"fr_FR","og_type":"article","og_title":"Quel Noeud Papillon Fabriqu\u00e9 en France Choisir ?","og_description":"Envie d'un joli noeud papillon ? D\u00e9couvrez comment choisir cet accessoire intemporel et trouver des mod\u00e8les fabriqu\u00e9s en France.","og_url":"https:\/\/www.echoppe-francaise.fr\/blog\/comment-choisir-un-noeud-papillon-made-in-france\/","og_site_name":"\u00c9choppe Fran\u00e7aise, le Blog","article_modified_time":"2022-11-16T17:40:26+00:00","og_image":[{"width":640,"height":359,"url":"https:\/\/www.echoppe-francaise.fr\/blog\/wp-content\/uploads\/2022\/11\/Comment-choisir-un-noeud-papillon-made-in-France.jpeg","type":"image\/jpeg"}],"twitter_card":"summary_large_image","twitter_misc":{"Dur\u00e9e de lecture estim\u00e9e":"6 minutes"},"schema":{"@context":"https:\/\/schema.org","@graph":[{"@type":"WebPage","@id":"https:\/\/www.echoppe-francaise.fr\/blog\/comment-choisir-un-noeud-papillon-made-in-france\/","url":"https:\/\/www.echoppe-francaise.fr\/blog\/comment-choisir-un-noeud-papillon-made-in-france\/","name":"Quel Noeud Papillon Fabriqu\u00e9 en France Choisir ?","isPartOf":{"@id":"https:\/\/www.echoppe-francaise.fr\/blog\/#website"},"primaryImageOfPage":{"@id":"https:\/\/www.echoppe-francaise.fr\/blog\/comment-choisir-un-noeud-papillon-made-in-france\/#primaryimage"},"image":{"@id":"https:\/\/www.echoppe-francaise.fr\/blog\/comment-choisir-un-noeud-papillon-made-in-france\/#primaryimage"},"thumbnailUrl":"https:\/\/www.echoppe-francaise.fr\/blog\/wp-content\/uploads\/2022\/11\/Comment-choisir-un-noeud-papillon-made-in-France.jpeg","datePublished":"2022-11-16T17:33:09+00:00","dateModified":"2022-11-16T17:40:26+00:00","description":"Envie d'un joli noeud papillon ? D\u00e9couvrez comment choisir cet accessoire intemporel et trouver des mod\u00e8les fabriqu\u00e9s en France.","breadcrumb":{"@id":"https:\/\/www.echoppe-francaise.fr\/blog\/comment-choisir-un-noeud-papillon-made-in-france\/#breadcrumb"},"inLanguage":"fr-FR","potentialAction":[{"@type":"ReadAction","target":["https:\/\/www.echoppe-francaise.fr\/blog\/comment-choisir-un-noeud-papillon-made-in-france\/"]}]},{"@type":"ImageObject","inLanguage":"fr-FR","@id":"https:\/\/www.echoppe-francaise.fr\/blog\/comment-choisir-un-noeud-papillon-made-in-france\/#primaryimage","url":"https:\/\/www.echoppe-francaise.fr\/blog\/wp-content\/uploads\/2022\/11\/Comment-choisir-un-noeud-papillon-made-in-France.jpeg","contentUrl":"https:\/\/www.echoppe-francaise.fr\/blog\/wp-content\/uploads\/2022\/11\/Comment-choisir-un-noeud-papillon-made-in-France.jpeg","width":640,"height":359,"caption":"Comment choisir un noeud papillon fabriqu\u00e9 en France ?"},{"@type":"BreadcrumbList","@id":"https:\/\/www.echoppe-francaise.fr\/blog\/comment-choisir-un-noeud-papillon-made-in-france\/#breadcrumb","itemListElement":[{"@type":"ListItem","position":1,"name":"Accueil","item":"https:\/\/www.echoppe-francaise.fr\/blog\/"},{"@type":"ListItem","position":2,"name":"Qu&rsquo;est ce qui se cache derri\u00e8re l&rsquo;appellation Made in France ?","item":"https:\/\/www.echoppe-francaise.fr\/blog\/quest-ce-que-le-made-in-france\/"},{"@type":"ListItem","position":3,"name":"Comment choisir un n\u0153ud papillon made in France ?"}]},{"@type":"WebSite","@id":"https:\/\/www.echoppe-francaise.fr\/blog\/#website","url":"https:\/\/www.echoppe-francaise.fr\/blog\/","name":"\u00c9choppe Fran\u00e7aise, le Blog","description":"Le blog des Cr\u00e9atrices et Cr\u00e9ateurs fran\u00e7ais","publisher":{"@id":"https:\/\/www.echoppe-francaise.fr\/blog\/#organization"},"potentialAction":[{"@type":"SearchAction","target":{"@type":"EntryPoint","urlTemplate":"https:\/\/www.echoppe-francaise.fr\/blog\/?s={search_term_string}"},"query-input":{"@type":"PropertyValueSpecification","valueRequired":true,"valueName":"search_term_string"}}],"inLanguage":"fr-FR"},{"@type":"Organization","@id":"https:\/\/www.echoppe-francaise.fr\/blog\/#organization","name":"L'\u00e9choppe Fran\u00e7aise","url":"https:\/\/www.echoppe-francaise.fr\/blog\/","logo":{"@type":"ImageObject","inLanguage":"fr-FR","@id":"https:\/\/www.echoppe-francaise.fr\/blog\/#\/schema\/logo\/image\/","url":"https:\/\/www.echoppe-francaise.fr\/blog\/wp-content\/uploads\/2017\/04\/echoppe-francaise-logo-1489412704.png","contentUrl":"https:\/\/www.echoppe-francaise.fr\/blog\/wp-content\/uploads\/2017\/04\/echoppe-francaise-logo-1489412704.png","width":492,"height":270,"caption":"L'\u00e9choppe Fran\u00e7aise"},"image":{"@id":"https:\/\/www.echoppe-francaise.fr\/blog\/#\/schema\/logo\/image\/"}}]}},"_links":{"self":[{"href":"https:\/\/www.echoppe-francaise.fr\/blog\/wp-json\/wp\/v2\/pages\/1142","targetHints":{"allow":["GET"]}}],"collection":[{"href":"https:\/\/www.echoppe-francaise.fr\/blog\/wp-json\/wp\/v2\/pages"}],"about":[{"href":"https:\/\/www.echoppe-francaise.fr\/blog\/wp-json\/wp\/v2\/types\/page"}],"author":[{"embeddable":true,"href":"https:\/\/www.echoppe-francaise.fr\/blog\/wp-json\/wp\/v2\/users\/6"}],"replies":[{"embeddable":true,"href":"https:\/\/www.echoppe-francaise.fr\/blog\/wp-json\/wp\/v2\/comments?post=1142"}],"version-history":[{"count":5,"href":"https:\/\/www.echoppe-francaise.fr\/blog\/wp-json\/wp\/v2\/pages\/1142\/revisions"}],"predecessor-version":[{"id":1178,"href":"https:\/\/www.echoppe-francaise.fr\/blog\/wp-json\/wp\/v2\/pages\/1142\/revisions\/1178"}],"up":[{"embeddable":true,"href":"https:\/\/www.echoppe-francaise.fr\/blog\/wp-json\/wp\/v2\/pages\/1118"}],"wp:featuredmedia":[{"embeddable":true,"href":"https:\/\/www.echoppe-francaise.fr\/blog\/wp-json\/wp\/v2\/media\/1153"}],"wp:attachment":[{"href":"https:\/\/www.echoppe-francaise.fr\/blog\/wp-json\/wp\/v2\/media?parent=1142"}],"curies":[{"name":"wp","href":"https:\/\/api.w.org\/{rel}","templated":true}]}}