{"id":1135,"date":"2022-11-16T18:36:06","date_gmt":"2022-11-16T17:36:06","guid":{"rendered":"https:\/\/www.echoppe-francaise.fr\/blog\/?page_id=1135"},"modified":"2022-11-16T18:40:58","modified_gmt":"2022-11-16T17:40:58","slug":"pourquoi-acheter-un-headband-made-in-france-et-ou-le-trouver","status":"publish","type":"page","link":"https:\/\/www.echoppe-francaise.fr\/blog\/pourquoi-acheter-un-headband-made-in-france-et-ou-le-trouver\/","title":{"rendered":"Pourquoi acheter un headband made in France et o\u00f9 le trouver ?"},"content":{"rendered":"\n<p class=\"has-medium-font-size wp-block-paragraph\">Il existe de nombreux <strong>produits de fabrication fran\u00e7aise<\/strong>. Les accessoires pour femme ne sont pas en reste. D\u00e9tenteurs d&rsquo;un savoir-faire mondialement reconnu, des cr\u00e9ateurs fran\u00e7ais se lancent dans la fabrication d&rsquo;articles estampill\u00e9s 100% <i>frenchy<\/i>. Ces artisans mettent un point d&rsquo;honneur \u00e0 concevoir des produits refl\u00e9tant des <strong>valeurs \u00e9thiques et responsables<\/strong>.<\/p>\n\n\n\n<p class=\"has-medium-font-size wp-block-paragraph\">Circuit de production court, mati\u00e8res premi\u00e8res fran\u00e7aises, r\u00e9alisation par un atelier de r\u00e9insertion, ces cr\u00e9ateurs offrent plus que de belles pi\u00e8ces : ils s&rsquo;engagent \u00e0 concevoir des collections solidaires et plus respectueuses de la nature. D\u00e9couvrez des stylistes sp\u00e9cialis\u00e9s dans les accessoires pour cheveux. Ils proposent, entre autres, de superbes <strong>headbands made in France<\/strong>.<\/p>\n\n\n\n<h2 class=\"wp-block-heading\">Des bandeaux pour les cheveux et des chouchous de fabrication fran\u00e7aise<\/h2>\n\n\n\n<p class=\"has-medium-font-size wp-block-paragraph\">Les bandeaux et chouchous, fabriqu\u00e9s par nos cr\u00e9ateurs en France, s&rsquo;inscrivent dans une d\u00e9marche <strong>\u00e9thique et \u00e9cologique<\/strong>. Nos artisans proposent des articles \u00e9co-con\u00e7us, upcycl\u00e9s ou encore produits de fa\u00e7on responsable.<\/p>\n\n\n\n<h3 class=\"wp-block-heading\">Des accessoires made in France \u00e0 l&rsquo;impact \u00e9cologique positif<\/h3>\n\n\n\n<p class=\"has-medium-font-size wp-block-paragraph\">Il est essentiel de revoir notre mani\u00e8re de consommer les v\u00eatements et les accessoires de mode. Les grandes enseignes de <i>fast fashion<\/i> offrent un acc\u00e8s imm\u00e9diat \u00e0 des milliers d&rsquo;articles \u00e0 bas prix. Les clients ach\u00e8tent pour quelques euros, accumulent et oublient ces articles au fond d&rsquo;un tiroir. Rappelons que l&rsquo;habillement est l&rsquo;une des industries les plus polluantes au monde. Consommer fran\u00e7ais est un <strong>geste fort en faveur de l&rsquo;environnement<\/strong>.<\/p>\n\n\n\n<p class=\"has-medium-font-size wp-block-paragraph\">Les cr\u00e9ateurs fran\u00e7ais s&rsquo;engagent \u00e0 fabriquer de mani\u00e8re plus durable, mais \u00e9galement \u00e0 jouer un r\u00f4le dans le recyclage. Ils r\u00e9utilisent, par exemple, des chutes de tissus de grandes maisons de couture. En achetant un <strong>headband fabriqu\u00e9 localement<\/strong>, en plus de profiter d&rsquo;un article original, produit en petite quantit\u00e9, vous devenez acteur d&rsquo;une <strong>consommation plus raisonn\u00e9e<\/strong> et respectueuse de l&rsquo;environnement.<\/p>\n\n\n\n<h3 class=\"wp-block-heading\">Une mode fran\u00e7aise qui fait le choix de l&rsquo;\u00e9thique et de l&rsquo;insertion sociale<\/h3>\n\n\n\n<p class=\"has-medium-font-size wp-block-paragraph\">Nos artisans fran\u00e7ais s&rsquo;efforcent de fabriquer des produits plus \u00e9cologiques, mais ils sont \u00e9galement attentifs au bien-\u00eatre de leurs collaborateurs. La marque Eunoia Paris travaille avec l&rsquo;<strong>association d&rsquo;insertion sociale<\/strong> \u00ab\u00a0Coup De Pouce\u00a0\u00bb. Leur atelier de confection est situ\u00e9 \u00e0 \u00c9vry, en r\u00e9gion parisienne.<\/p>\n\n\n\n<p class=\"has-medium-font-size wp-block-paragraph\">L&rsquo;association forme au m\u00e9tier de la couture des personnes isol\u00e9es et sortant de longues p\u00e9riodes d&rsquo;inactivit\u00e9. <strong>Acheter des produits de fabrication fran\u00e7aise<\/strong>, c&rsquo;est donc participer activement \u00e0 l&rsquo;\u00e9conomie de notre pays et partager des valeurs \u00e9thiques avec nos artisans locaux.<\/p>\n\n\n\n<figure class=\"wp-block-image size-full\"><img loading=\"lazy\" decoding=\"async\" width=\"640\" height=\"359\" src=\"https:\/\/www.echoppe-francaise.fr\/blog\/wp-content\/uploads\/2022\/11\/headbands-fabriques-en-france.jpeg\" alt=\"\" class=\"wp-image-1164\" srcset=\"https:\/\/www.echoppe-francaise.fr\/blog\/wp-content\/uploads\/2022\/11\/headbands-fabriques-en-france.jpeg 640w, https:\/\/www.echoppe-francaise.fr\/blog\/wp-content\/uploads\/2022\/11\/headbands-fabriques-en-france-300x168.jpeg 300w\" sizes=\"auto, (max-width: 640px) 100vw, 640px\" \/><\/figure>\n\n\n\n<h2 class=\"wp-block-heading\">Des collections de headbands et accessoires haut de gamme tendance<\/h2>\n\n\n\n<p class=\"has-medium-font-size wp-block-paragraph\">Choisir un accessoire pour femme <a href=\"https:\/\/www.echoppe-francaise.fr\/blog\/quest-ce-que-le-made-in-france\/\">made in France<\/a>, c&rsquo;est l&rsquo;occasion de porter des headbands et des chouchous pour les cheveux <strong>tendance et originaux<\/strong>. En effet, les artisans fran\u00e7ais produisent en quantit\u00e9s tr\u00e8s limit\u00e9es. Personne n&rsquo;affichera le m\u00eame headband fran\u00e7ais que vous !<\/p>\n\n\n\n<h3 class=\"wp-block-heading\">Laure Derrey, cr\u00e9atrice made in France adepte de l&rsquo;upcycling<\/h3>\n\n\n\n<p class=\"has-medium-font-size wp-block-paragraph\">Apr\u00e8s quelques ann\u00e9es en tant que styliste pour de grandes marques, <a href=\"https:\/\/www.echoppe-francaise.fr\/21_laure-derrey\">Laure Derrey<\/a> se lance \u00e0 son tour dans l&rsquo;univers de l&rsquo;entrepreneuriat. Elle r\u00e9alise son r\u00eave en cr\u00e9ant sa marque de pr\u00eat-\u00e0-porter. Elle imagine des v\u00eatements \u00e0 base de mati\u00e8res upcycl\u00e9es. Laure Derrey d\u00e9cline sa passion dans une<strong> collection de headbands<\/strong>.<\/p>\n\n\n\n<p class=\"has-medium-font-size wp-block-paragraph\">Ces bandeaux pour les cheveux arborent des couleurs et des imprim\u00e9s tr\u00e8s tendance. La cr\u00e9atrice utilise <strong>des mati\u00e8res luxueuses<\/strong> telles que le satin ou le velours. Dans une d\u00e9marche \u00ab\u00a0z\u00e9ro d\u00e9chet\u00a0\u00bb, Laure Derrey confectionne toutes ces pi\u00e8ces \u00e0 partir de mati\u00e8res recycl\u00e9es ou de chutes de tissus issues de grandes maisons de couture.<\/p>\n\n\n\n<h3 class=\"wp-block-heading\">Claire Cenreaud et sa collection de headbands \u00e9thiques et durables<\/h3>\n\n\n\n<p class=\"has-medium-font-size wp-block-paragraph\">Claire Cenraud fonde <a href=\"https:\/\/www.echoppe-francaise.fr\/52_eunoia-paris\">Eunoia Paris<\/a>, sa marque made in France, en mars 2020. Elle cr\u00e9e une collection de pr\u00eat-\u00e0-porter et d&rsquo;accessoires \u00e9thique et responsable. Adepte de <i>slow fashion<\/i>, Eunoia Paris produit ses pi\u00e8ces en quantit\u00e9s limit\u00e9es. La marque privil\u00e9gie les <strong>mat\u00e9riaux recycl\u00e9s<\/strong>. Elle d\u00e9niche le velours \u00e0 Montmartre et le lin ou la soie \u00e0 Bobigny.<\/p>\n\n\n\n<p class=\"has-medium-font-size wp-block-paragraph\">Cette <strong>fabrication 100 % locale<\/strong> a permis \u00e0 la marque d&rsquo;obtenir le label \u00ab\u00a0fabriqu\u00e9 \u00e0 Paris\u00a0\u00bb. Claire Cenraud imagine des bandeaux pour les cheveux, mais \u00e9galement des chouchous confectionn\u00e9s dans des tissus aux multiples couleurs. Eunoia Paris propose un <strong>vaste choix d&rsquo;articles<\/strong> pour les cheveux, tous plus tendance les uns que les autres.<\/p>\n\n\n\n<h2 class=\"wp-block-heading\">Pourquoi acheter votre headband made in France sur l&rsquo;\u00c9choppe fran\u00e7aise ?<\/h2>\n\n\n\n<p class=\"has-medium-font-size wp-block-paragraph\">Sur notre boutique en ligne, nous proposons une belle <strong>s\u00e9lection d&rsquo;articles made in France<\/strong>. D\u00e9couvrez notre collection de <a href=\"https:\/\/www.echoppe-francaise.fr\/bijoux_17\">bijoux<\/a>, de <a href=\"https:\/\/www.echoppe-francaise.fr\/lampes-luminaires_64\">luminaires<\/a>, de <a href=\"https:\/\/www.echoppe-francaise.fr\/maroquinerie_20\">maroquinerie<\/a> et de headbands.<\/p>\n\n\n\n<h3 class=\"wp-block-heading\">La charte d&rsquo;engagement de notre boutique pour des cr\u00e9ations made in France de qualit\u00e9<\/h3>\n\n\n\n<p class=\"has-medium-font-size wp-block-paragraph\">Tous nos artisans produisent leurs cr\u00e9ations en France et utilisent des mat\u00e9riaux provenant d&rsquo;Union europ\u00e9enne. En achetant sur notre boutique, vous vous assurez de v\u00e9ritables produits faits \u00e0 la main en France. Tous <strong>nos cr\u00e9ateurs respectent notre charte d&rsquo;engagement<\/strong>. Celle-ci r\u00e9pond \u00e0 de nombreux crit\u00e8res, tels que des ateliers de cr\u00e9ations en France, une fabrication \u00e0 la main, des mat\u00e9riaux aux origines contr\u00f4l\u00e9es, etc.<\/p>\n\n\n\n<h3 class=\"wp-block-heading\">Tous les avantages propos\u00e9s par la boutique l&rsquo;\u00c9choppe fran\u00e7aise<\/h3>\n\n\n\n<p class=\"has-medium-font-size wp-block-paragraph\">Sur notre boutique <strong>la livraison est gratuite<\/strong> d\u00e8s 99 euros d&rsquo;achat. En dessous de ce montant, profitez d&rsquo;une livraison \u00e0 partir de 7,35 euros. Vous avez 14 jours pour retourner un article qui ne vous conviendrait pas. Nous exp\u00e9dions tous les produits en stock en 72 heures maximum. Pour toutes informations compl\u00e9mentaires, <strong>n&rsquo;h\u00e9sitez pas \u00e0 nous contacter<\/strong>. Nous nous ferons un plaisir de r\u00e9pondre \u00e0 toutes vos interrogations sur notre boutique, ainsi que sur nos cr\u00e9ateurs et artisans fran\u00e7ais.<\/p>\n\n\n\n<p class=\"has-medium-font-size wp-block-paragraph\">Pr\u00eat \u00e0 vous lancer dans l&rsquo;achat d&rsquo;un produit de mode fabriqu\u00e9 en France ? Consultez <a href=\"https:\/\/www.echoppe-francaise.fr\/headband-bandeau-cheveux_46\">notre superbe cat\u00e9gorie de headbands made in France<\/a>. Sur cette page, vous trouverez la magnifique collection de Laure Derrey, ainsi que celle d&rsquo;Eunoia Paris. Les cr\u00e9atrices imaginent pour vous des <strong>headbands aux couleurs chatoyantes et aux motifs chamarr\u00e9s<\/strong>.<\/p>\n\n\n\n<p class=\"has-medium-font-size wp-block-paragraph\">Les mati\u00e8res comme la laine, la soie ou le jersey entrent dans la confection de ces bandeaux pour cheveux. Ces pi\u00e8ces illuminent votre visage et accessoirisent toutes vos tenues. Il existe de nombreuses <a href=\"https:\/\/www.echoppe-francaise.fr\/blog\/coiffures-avec-un-headband\/\">coiffures \u00e0 r\u00e9aliser<\/a> avec cet accessoire pour les cheveux. Alors, craquez pour la superbe s\u00e9lection pr\u00e9sente sur notre boutique. Arborez ainsi une <strong>coiffure originale et tendance<\/strong>.<\/p>\n\n\n\n<h3 class=\"wp-block-heading\">D&rsquo;autres articles sur le made in France :<\/h3>\n\n\n\n<p class=\"has-medium-font-size wp-block-paragraph\"><a href=\"https:\/\/www.echoppe-francaise.fr\/blog\/comment-trouver-un-luminaire-made-in-france\/\">Comment trouver un luminaire fabriqu\u00e9 en France ?<\/a><br><a href=\"https:\/\/www.echoppe-francaise.fr\/blog\/comment-choisir-un-noeud-papillon-made-in-france\/\">Comment choisir un noeud papillon fabriqu\u00e9 en France ?<\/a><\/p>\n","protected":false},"excerpt":{"rendered":"<p>Il existe de nombreux produits de fabrication fran\u00e7aise. Les accessoires pour femme ne sont pas en reste. D\u00e9tenteurs d&rsquo;un savoir-faire mondialement reconnu, des cr\u00e9ateurs fran\u00e7ais se lancent dans la fabrication d&rsquo;articles estampill\u00e9s 100% frenchy. Ces artisans mettent un point d&rsquo;honneur \u00e0 concevoir des produits refl\u00e9tant des valeurs \u00e9thiques et responsables. Circuit de production court, mati\u00e8res&hellip;&nbsp;<\/p>\n","protected":false},"author":6,"featured_media":1155,"parent":1118,"menu_order":0,"comment_status":"closed","ping_status":"closed","template":"","meta":{"_crdt_document":"","neve_meta_sidebar":"","neve_meta_container":"","neve_meta_enable_content_width":"","neve_meta_content_width":0,"neve_meta_title_alignment":"","neve_meta_author_avatar":"","neve_post_elements_order":"","neve_meta_disable_header":"","neve_meta_disable_footer":"","neve_meta_disable_title":"","footnotes":""},"class_list":["post-1135","page","type-page","status-publish","has-post-thumbnail","hentry"],"yoast_head":"<!-- This site is optimized with the Yoast SEO plugin v27.5 - https:\/\/yoast.com\/product\/yoast-seo-wordpress\/ -->\n<title>O\u00f9 acheter un Bandeau Fait en France ?<\/title>\n<meta name=\"description\" content=\"Envie d&#039;un joli headband fabriqu\u00e9 en France \u00e0 la main ? D\u00e9couvrez notre article pour vous aider \u00e0 trouver.\" \/>\n<meta name=\"robots\" content=\"index, follow, max-snippet:-1, max-image-preview:large, max-video-preview:-1\" \/>\n<link rel=\"canonical\" href=\"https:\/\/www.echoppe-francaise.fr\/blog\/pourquoi-acheter-un-headband-made-in-france-et-ou-le-trouver\/\" \/>\n<meta property=\"og:locale\" content=\"fr_FR\" \/>\n<meta property=\"og:type\" content=\"article\" \/>\n<meta property=\"og:title\" content=\"O\u00f9 acheter un Bandeau Fait en France ?\" \/>\n<meta property=\"og:description\" content=\"Envie d&#039;un joli headband fabriqu\u00e9 en France \u00e0 la main ? D\u00e9couvrez notre article pour vous aider \u00e0 trouver.\" \/>\n<meta property=\"og:url\" content=\"https:\/\/www.echoppe-francaise.fr\/blog\/pourquoi-acheter-un-headband-made-in-france-et-ou-le-trouver\/\" \/>\n<meta property=\"og:site_name\" content=\"\u00c9choppe Fran\u00e7aise, le Blog\" \/>\n<meta property=\"article:modified_time\" content=\"2022-11-16T17:40:58+00:00\" \/>\n<meta property=\"og:image\" content=\"https:\/\/www.echoppe-francaise.fr\/blog\/wp-content\/uploads\/2022\/11\/Pourquoi-acheter-un-headband-made-in-France-et-ou-le-trouver.jpeg\" \/>\n\t<meta property=\"og:image:width\" content=\"640\" \/>\n\t<meta property=\"og:image:height\" content=\"359\" \/>\n\t<meta property=\"og:image:type\" content=\"image\/jpeg\" \/>\n<meta name=\"twitter:card\" content=\"summary_large_image\" \/>\n<meta name=\"twitter:label1\" content=\"Dur\u00e9e de lecture estim\u00e9e\" \/>\n\t<meta name=\"twitter:data1\" content=\"6 minutes\" \/>\n<script type=\"application\/ld+json\" class=\"yoast-schema-graph\">{\"@context\":\"https:\\\/\\\/schema.org\",\"@graph\":[{\"@type\":\"WebPage\",\"@id\":\"https:\\\/\\\/www.echoppe-francaise.fr\\\/blog\\\/pourquoi-acheter-un-headband-made-in-france-et-ou-le-trouver\\\/\",\"url\":\"https:\\\/\\\/www.echoppe-francaise.fr\\\/blog\\\/pourquoi-acheter-un-headband-made-in-france-et-ou-le-trouver\\\/\",\"name\":\"O\u00f9 acheter un Bandeau Fait en France ?\",\"isPartOf\":{\"@id\":\"https:\\\/\\\/www.echoppe-francaise.fr\\\/blog\\\/#website\"},\"primaryImageOfPage\":{\"@id\":\"https:\\\/\\\/www.echoppe-francaise.fr\\\/blog\\\/pourquoi-acheter-un-headband-made-in-france-et-ou-le-trouver\\\/#primaryimage\"},\"image\":{\"@id\":\"https:\\\/\\\/www.echoppe-francaise.fr\\\/blog\\\/pourquoi-acheter-un-headband-made-in-france-et-ou-le-trouver\\\/#primaryimage\"},\"thumbnailUrl\":\"https:\\\/\\\/www.echoppe-francaise.fr\\\/blog\\\/wp-content\\\/uploads\\\/2022\\\/11\\\/Pourquoi-acheter-un-headband-made-in-France-et-ou-le-trouver.jpeg\",\"datePublished\":\"2022-11-16T17:36:06+00:00\",\"dateModified\":\"2022-11-16T17:40:58+00:00\",\"description\":\"Envie d'un joli headband fabriqu\u00e9 en France \u00e0 la main ? D\u00e9couvrez notre article pour vous aider \u00e0 trouver.\",\"breadcrumb\":{\"@id\":\"https:\\\/\\\/www.echoppe-francaise.fr\\\/blog\\\/pourquoi-acheter-un-headband-made-in-france-et-ou-le-trouver\\\/#breadcrumb\"},\"inLanguage\":\"fr-FR\",\"potentialAction\":[{\"@type\":\"ReadAction\",\"target\":[\"https:\\\/\\\/www.echoppe-francaise.fr\\\/blog\\\/pourquoi-acheter-un-headband-made-in-france-et-ou-le-trouver\\\/\"]}]},{\"@type\":\"ImageObject\",\"inLanguage\":\"fr-FR\",\"@id\":\"https:\\\/\\\/www.echoppe-francaise.fr\\\/blog\\\/pourquoi-acheter-un-headband-made-in-france-et-ou-le-trouver\\\/#primaryimage\",\"url\":\"https:\\\/\\\/www.echoppe-francaise.fr\\\/blog\\\/wp-content\\\/uploads\\\/2022\\\/11\\\/Pourquoi-acheter-un-headband-made-in-France-et-ou-le-trouver.jpeg\",\"contentUrl\":\"https:\\\/\\\/www.echoppe-francaise.fr\\\/blog\\\/wp-content\\\/uploads\\\/2022\\\/11\\\/Pourquoi-acheter-un-headband-made-in-France-et-ou-le-trouver.jpeg\",\"width\":640,\"height\":359,\"caption\":\"Comment trouver un bandeau fabriqu\u00e9 en France ?\"},{\"@type\":\"BreadcrumbList\",\"@id\":\"https:\\\/\\\/www.echoppe-francaise.fr\\\/blog\\\/pourquoi-acheter-un-headband-made-in-france-et-ou-le-trouver\\\/#breadcrumb\",\"itemListElement\":[{\"@type\":\"ListItem\",\"position\":1,\"name\":\"Accueil\",\"item\":\"https:\\\/\\\/www.echoppe-francaise.fr\\\/blog\\\/\"},{\"@type\":\"ListItem\",\"position\":2,\"name\":\"Qu&rsquo;est ce qui se cache derri\u00e8re l&rsquo;appellation Made in France ?\",\"item\":\"https:\\\/\\\/www.echoppe-francaise.fr\\\/blog\\\/quest-ce-que-le-made-in-france\\\/\"},{\"@type\":\"ListItem\",\"position\":3,\"name\":\"Pourquoi acheter un headband made in France et o\u00f9 le trouver ?\"}]},{\"@type\":\"WebSite\",\"@id\":\"https:\\\/\\\/www.echoppe-francaise.fr\\\/blog\\\/#website\",\"url\":\"https:\\\/\\\/www.echoppe-francaise.fr\\\/blog\\\/\",\"name\":\"\u00c9choppe Fran\u00e7aise, le Blog\",\"description\":\"Le blog des Cr\u00e9atrices et Cr\u00e9ateurs fran\u00e7ais\",\"publisher\":{\"@id\":\"https:\\\/\\\/www.echoppe-francaise.fr\\\/blog\\\/#organization\"},\"potentialAction\":[{\"@type\":\"SearchAction\",\"target\":{\"@type\":\"EntryPoint\",\"urlTemplate\":\"https:\\\/\\\/www.echoppe-francaise.fr\\\/blog\\\/?s={search_term_string}\"},\"query-input\":{\"@type\":\"PropertyValueSpecification\",\"valueRequired\":true,\"valueName\":\"search_term_string\"}}],\"inLanguage\":\"fr-FR\"},{\"@type\":\"Organization\",\"@id\":\"https:\\\/\\\/www.echoppe-francaise.fr\\\/blog\\\/#organization\",\"name\":\"L'\u00e9choppe Fran\u00e7aise\",\"url\":\"https:\\\/\\\/www.echoppe-francaise.fr\\\/blog\\\/\",\"logo\":{\"@type\":\"ImageObject\",\"inLanguage\":\"fr-FR\",\"@id\":\"https:\\\/\\\/www.echoppe-francaise.fr\\\/blog\\\/#\\\/schema\\\/logo\\\/image\\\/\",\"url\":\"https:\\\/\\\/www.echoppe-francaise.fr\\\/blog\\\/wp-content\\\/uploads\\\/2017\\\/04\\\/echoppe-francaise-logo-1489412704.png\",\"contentUrl\":\"https:\\\/\\\/www.echoppe-francaise.fr\\\/blog\\\/wp-content\\\/uploads\\\/2017\\\/04\\\/echoppe-francaise-logo-1489412704.png\",\"width\":492,\"height\":270,\"caption\":\"L'\u00e9choppe Fran\u00e7aise\"},\"image\":{\"@id\":\"https:\\\/\\\/www.echoppe-francaise.fr\\\/blog\\\/#\\\/schema\\\/logo\\\/image\\\/\"}}]}<\/script>\n<!-- \/ Yoast SEO plugin. -->","yoast_head_json":{"title":"O\u00f9 acheter un Bandeau Fait en France ?","description":"Envie d'un joli headband fabriqu\u00e9 en France \u00e0 la main ? D\u00e9couvrez notre article pour vous aider \u00e0 trouver.","robots":{"index":"index","follow":"follow","max-snippet":"max-snippet:-1","max-image-preview":"max-image-preview:large","max-video-preview":"max-video-preview:-1"},"canonical":"https:\/\/www.echoppe-francaise.fr\/blog\/pourquoi-acheter-un-headband-made-in-france-et-ou-le-trouver\/","og_locale":"fr_FR","og_type":"article","og_title":"O\u00f9 acheter un Bandeau Fait en France ?","og_description":"Envie d'un joli headband fabriqu\u00e9 en France \u00e0 la main ? D\u00e9couvrez notre article pour vous aider \u00e0 trouver.","og_url":"https:\/\/www.echoppe-francaise.fr\/blog\/pourquoi-acheter-un-headband-made-in-france-et-ou-le-trouver\/","og_site_name":"\u00c9choppe Fran\u00e7aise, le Blog","article_modified_time":"2022-11-16T17:40:58+00:00","og_image":[{"width":640,"height":359,"url":"https:\/\/www.echoppe-francaise.fr\/blog\/wp-content\/uploads\/2022\/11\/Pourquoi-acheter-un-headband-made-in-France-et-ou-le-trouver.jpeg","type":"image\/jpeg"}],"twitter_card":"summary_large_image","twitter_misc":{"Dur\u00e9e de lecture estim\u00e9e":"6 minutes"},"schema":{"@context":"https:\/\/schema.org","@graph":[{"@type":"WebPage","@id":"https:\/\/www.echoppe-francaise.fr\/blog\/pourquoi-acheter-un-headband-made-in-france-et-ou-le-trouver\/","url":"https:\/\/www.echoppe-francaise.fr\/blog\/pourquoi-acheter-un-headband-made-in-france-et-ou-le-trouver\/","name":"O\u00f9 acheter un Bandeau Fait en France ?","isPartOf":{"@id":"https:\/\/www.echoppe-francaise.fr\/blog\/#website"},"primaryImageOfPage":{"@id":"https:\/\/www.echoppe-francaise.fr\/blog\/pourquoi-acheter-un-headband-made-in-france-et-ou-le-trouver\/#primaryimage"},"image":{"@id":"https:\/\/www.echoppe-francaise.fr\/blog\/pourquoi-acheter-un-headband-made-in-france-et-ou-le-trouver\/#primaryimage"},"thumbnailUrl":"https:\/\/www.echoppe-francaise.fr\/blog\/wp-content\/uploads\/2022\/11\/Pourquoi-acheter-un-headband-made-in-France-et-ou-le-trouver.jpeg","datePublished":"2022-11-16T17:36:06+00:00","dateModified":"2022-11-16T17:40:58+00:00","description":"Envie d'un joli headband fabriqu\u00e9 en France \u00e0 la main ? D\u00e9couvrez notre article pour vous aider \u00e0 trouver.","breadcrumb":{"@id":"https:\/\/www.echoppe-francaise.fr\/blog\/pourquoi-acheter-un-headband-made-in-france-et-ou-le-trouver\/#breadcrumb"},"inLanguage":"fr-FR","potentialAction":[{"@type":"ReadAction","target":["https:\/\/www.echoppe-francaise.fr\/blog\/pourquoi-acheter-un-headband-made-in-france-et-ou-le-trouver\/"]}]},{"@type":"ImageObject","inLanguage":"fr-FR","@id":"https:\/\/www.echoppe-francaise.fr\/blog\/pourquoi-acheter-un-headband-made-in-france-et-ou-le-trouver\/#primaryimage","url":"https:\/\/www.echoppe-francaise.fr\/blog\/wp-content\/uploads\/2022\/11\/Pourquoi-acheter-un-headband-made-in-France-et-ou-le-trouver.jpeg","contentUrl":"https:\/\/www.echoppe-francaise.fr\/blog\/wp-content\/uploads\/2022\/11\/Pourquoi-acheter-un-headband-made-in-France-et-ou-le-trouver.jpeg","width":640,"height":359,"caption":"Comment trouver un bandeau fabriqu\u00e9 en France ?"},{"@type":"BreadcrumbList","@id":"https:\/\/www.echoppe-francaise.fr\/blog\/pourquoi-acheter-un-headband-made-in-france-et-ou-le-trouver\/#breadcrumb","itemListElement":[{"@type":"ListItem","position":1,"name":"Accueil","item":"https:\/\/www.echoppe-francaise.fr\/blog\/"},{"@type":"ListItem","position":2,"name":"Qu&rsquo;est ce qui se cache derri\u00e8re l&rsquo;appellation Made in France ?","item":"https:\/\/www.echoppe-francaise.fr\/blog\/quest-ce-que-le-made-in-france\/"},{"@type":"ListItem","position":3,"name":"Pourquoi acheter un headband made in France et o\u00f9 le trouver ?"}]},{"@type":"WebSite","@id":"https:\/\/www.echoppe-francaise.fr\/blog\/#website","url":"https:\/\/www.echoppe-francaise.fr\/blog\/","name":"\u00c9choppe Fran\u00e7aise, le Blog","description":"Le blog des Cr\u00e9atrices et Cr\u00e9ateurs fran\u00e7ais","publisher":{"@id":"https:\/\/www.echoppe-francaise.fr\/blog\/#organization"},"potentialAction":[{"@type":"SearchAction","target":{"@type":"EntryPoint","urlTemplate":"https:\/\/www.echoppe-francaise.fr\/blog\/?s={search_term_string}"},"query-input":{"@type":"PropertyValueSpecification","valueRequired":true,"valueName":"search_term_string"}}],"inLanguage":"fr-FR"},{"@type":"Organization","@id":"https:\/\/www.echoppe-francaise.fr\/blog\/#organization","name":"L'\u00e9choppe Fran\u00e7aise","url":"https:\/\/www.echoppe-francaise.fr\/blog\/","logo":{"@type":"ImageObject","inLanguage":"fr-FR","@id":"https:\/\/www.echoppe-francaise.fr\/blog\/#\/schema\/logo\/image\/","url":"https:\/\/www.echoppe-francaise.fr\/blog\/wp-content\/uploads\/2017\/04\/echoppe-francaise-logo-1489412704.png","contentUrl":"https:\/\/www.echoppe-francaise.fr\/blog\/wp-content\/uploads\/2017\/04\/echoppe-francaise-logo-1489412704.png","width":492,"height":270,"caption":"L'\u00e9choppe Fran\u00e7aise"},"image":{"@id":"https:\/\/www.echoppe-francaise.fr\/blog\/#\/schema\/logo\/image\/"}}]}},"_links":{"self":[{"href":"https:\/\/www.echoppe-francaise.fr\/blog\/wp-json\/wp\/v2\/pages\/1135","targetHints":{"allow":["GET"]}}],"collection":[{"href":"https:\/\/www.echoppe-francaise.fr\/blog\/wp-json\/wp\/v2\/pages"}],"about":[{"href":"https:\/\/www.echoppe-francaise.fr\/blog\/wp-json\/wp\/v2\/types\/page"}],"author":[{"embeddable":true,"href":"https:\/\/www.echoppe-francaise.fr\/blog\/wp-json\/wp\/v2\/users\/6"}],"replies":[{"embeddable":true,"href":"https:\/\/www.echoppe-francaise.fr\/blog\/wp-json\/wp\/v2\/comments?post=1135"}],"version-history":[{"count":9,"href":"https:\/\/www.echoppe-francaise.fr\/blog\/wp-json\/wp\/v2\/pages\/1135\/revisions"}],"predecessor-version":[{"id":1179,"href":"https:\/\/www.echoppe-francaise.fr\/blog\/wp-json\/wp\/v2\/pages\/1135\/revisions\/1179"}],"up":[{"embeddable":true,"href":"https:\/\/www.echoppe-francaise.fr\/blog\/wp-json\/wp\/v2\/pages\/1118"}],"wp:featuredmedia":[{"embeddable":true,"href":"https:\/\/www.echoppe-francaise.fr\/blog\/wp-json\/wp\/v2\/media\/1155"}],"wp:attachment":[{"href":"https:\/\/www.echoppe-francaise.fr\/blog\/wp-json\/wp\/v2\/media?parent=1135"}],"curies":[{"name":"wp","href":"https:\/\/api.w.org\/{rel}","templated":true}]}}